{"id":5104,"date":"2025-12-04T17:25:36","date_gmt":"2025-12-04T16:25:36","guid":{"rendered":"https:\/\/lifesupportdistribution.fr\/produits\/basic-atemwegsmanagement-mannequin-bt-csie-t\/"},"modified":"2025-12-04T17:25:36","modified_gmt":"2025-12-04T16:25:36","slug":"basic-atemwegsmanagement-mannequin-bt-csie-t","status":"publish","type":"product","link":"https:\/\/lifesupportdistribution.fr\/de\/produkt\/basic-atemwegsmanagement-mannequin-bt-csie-t\/","title":{"rendered":"Basic Atemwegsmanagement-Mannequin \u2013 BT-CSIE-T"},"content":{"rendered":"<p>Das BT-CSIE-T Mannequin von BT Inc. ist f\u00fcr das praktische Training von medizinischem Fachpersonal und Studenten der An\u00e4sthesie, Reanimation oder Notfallmedizin bestimmt.<br \/>\nEs reproduziert die Struktur der menschlichen Atemwege mit hoher Pr\u00e4zision und bietet dank langlebiger und flexibler Materialien ein realistisches taktiles Erlebnis. Benutzer k\u00f6nnen alle Man\u00f6ver zur Atemwegser\u00f6ffnung \u00fcben, insbesondere den Kinnzug, das Unterkiefer-Subluxationsman\u00f6ver und die Sniffing-Position.<br \/>\nDer Simulator erm\u00f6glicht die BAVU-Beatmung, das Einf\u00fchren von OPA und NPA sowie die Verwendung von ETT-Tuben, LMA\/I-gel oder Combitube. Die sichtbare Thoraxhebung und Magenbl\u00e4hung w\u00e4hrend der Beatmung erm\u00f6glichen ein sofortiges Feedback, was ein besseres Verst\u00e4ndnis der Handgriffe f\u00f6rdert.<br \/>\nKompakt, robust und einfach zu warten, ist dieses Mannequin ideal f\u00fcr Krankenpflegeschulen, paramedizinische Ausbildungsinstitute, Krankenhausabteilungen und Simulationszentren, die eine zuverl\u00e4ssige und zug\u00e4ngliche L\u00f6sung f\u00fcr das Training grundlegender Intubationsfertigkeiten suchen.   <\/p>\n","protected":false},"excerpt":{"rendered":"<p>Der BT-CSIE-T ist ein realistisches Trainingsmannequin, das entwickelt wurde, um Intubations- und Atemwegsmanagementtechniken zu lehren und zu perfektionieren. Seine anatomisch getreue Struktur erm\u00f6glicht es Lernenden, die Schl\u00fcsselhandgriffe \u2013 Kopfneigung, Kinnzug, Tubuseinf\u00fchrung und Beatmung \u2013 in einem sicheren und praktischen Umfeld zu \u00fcben. <\/p>\n","protected":false},"featured_media":2864,"template":"","meta":[],"product_brand":[189],"product_cat":[218],"product_tag":[237,238,252,245,251,236],"class_list":{"0":"post-5104","1":"product","2":"type-product","3":"status-publish","4":"has-post-thumbnail","6":"product_brand-bt-inc","7":"product_cat-simulationspuppen","8":"product_tag-anasthesie","9":"product_tag-erste-hilfe","10":"product_tag-intensivmedizin","11":"product_tag-intensivpflege","12":"product_tag-krankenpflege","13":"product_tag-notfallmedizin","15":"first","16":"instock","17":"shipping-taxable","18":"purchasable","19":"product-type-simple"},"yoast_head":"<!-- This site is optimized with the Yoast SEO plugin v26.8 - https:\/\/yoast.com\/product\/yoast-seo-wordpress\/ -->\n<title>BT-CSIE-T \u2013 Basic Mannequin f\u00fcr Intubation und Beatmung<\/title>\n<meta name=\"description\" content=\"Realistisches Mannequin zum Erlernen von Intubation und Beatmung, mit sichtbarer Thoraxbewegung und essenziellen Handgriffen f\u00fcr das Atemwegstraining.\" \/>\n<meta name=\"robots\" content=\"index, follow, max-snippet:-1, max-image-preview:large, max-video-preview:-1\" \/>\n<link rel=\"canonical\" href=\"https:\/\/lifesupportdistribution.fr\/de\/produkt\/basic-atemwegsmanagement-mannequin-bt-csie-t\/\" \/>\n<meta property=\"og:locale\" content=\"de_DE\" \/>\n<meta property=\"og:type\" content=\"article\" \/>\n<meta property=\"og:title\" content=\"BT-CSIE-T \u2013 Basic Mannequin f\u00fcr Intubation und Beatmung\" \/>\n<meta property=\"og:description\" content=\"Realistisches Mannequin zum Erlernen von Intubation und Beatmung, mit sichtbarer Thoraxbewegung und essenziellen Handgriffen f\u00fcr das Atemwegstraining.\" \/>\n<meta property=\"og:url\" content=\"https:\/\/lifesupportdistribution.fr\/de\/produkt\/basic-atemwegsmanagement-mannequin-bt-csie-t\/\" \/>\n<meta property=\"og:site_name\" content=\"Life Support Distribution\" \/>\n<meta property=\"og:image\" content=\"https:\/\/lifesupportdistribution.fr\/wp-content\/uploads\/2025\/12\/Mannequin-de-gestion-des-voies-aeriennes-basic-\u2013-BT-CSIE-T.jpg\" \/>\n\t<meta property=\"og:image:width\" content=\"787\" \/>\n\t<meta property=\"og:image:height\" content=\"433\" \/>\n\t<meta property=\"og:image:type\" content=\"image\/jpeg\" \/>\n<meta name=\"twitter:card\" content=\"summary_large_image\" \/>\n<meta name=\"twitter:label1\" content=\"Gesch\u00e4tzte Lesezeit\" \/>\n\t<meta name=\"twitter:data1\" content=\"1\u00a0Minute\" \/>\n<script type=\"application\/ld+json\" class=\"yoast-schema-graph\">{\"@context\":\"https:\/\/schema.org\",\"@graph\":[{\"@type\":\"WebPage\",\"@id\":\"https:\/\/lifesupportdistribution.fr\/de\/produkt\/basic-atemwegsmanagement-mannequin-bt-csie-t\/\",\"url\":\"https:\/\/lifesupportdistribution.fr\/de\/produkt\/basic-atemwegsmanagement-mannequin-bt-csie-t\/\",\"name\":\"BT-CSIE-T \u2013 Basic Mannequin f\u00fcr Intubation und Beatmung\",\"isPartOf\":{\"@id\":\"https:\/\/lifesupportdistribution.fr\/de\/#website\"},\"primaryImageOfPage\":{\"@id\":\"https:\/\/lifesupportdistribution.fr\/de\/produkt\/basic-atemwegsmanagement-mannequin-bt-csie-t\/#primaryimage\"},\"image\":{\"@id\":\"https:\/\/lifesupportdistribution.fr\/de\/produkt\/basic-atemwegsmanagement-mannequin-bt-csie-t\/#primaryimage\"},\"thumbnailUrl\":\"https:\/\/lifesupportdistribution.fr\/wp-content\/uploads\/2025\/12\/Mannequin-de-gestion-des-voies-aeriennes-basic-\u2013-BT-CSIE-T.jpg\",\"datePublished\":\"2025-12-04T16:25:36+00:00\",\"description\":\"Realistisches Mannequin zum Erlernen von Intubation und Beatmung, mit sichtbarer Thoraxbewegung und essenziellen Handgriffen f\u00fcr das Atemwegstraining.\",\"breadcrumb\":{\"@id\":\"https:\/\/lifesupportdistribution.fr\/de\/produkt\/basic-atemwegsmanagement-mannequin-bt-csie-t\/#breadcrumb\"},\"inLanguage\":\"de\",\"potentialAction\":[{\"@type\":\"ReadAction\",\"target\":[\"https:\/\/lifesupportdistribution.fr\/de\/produkt\/basic-atemwegsmanagement-mannequin-bt-csie-t\/\"]}]},{\"@type\":\"ImageObject\",\"inLanguage\":\"de\",\"@id\":\"https:\/\/lifesupportdistribution.fr\/de\/produkt\/basic-atemwegsmanagement-mannequin-bt-csie-t\/#primaryimage\",\"url\":\"https:\/\/lifesupportdistribution.fr\/wp-content\/uploads\/2025\/12\/Mannequin-de-gestion-des-voies-aeriennes-basic-\u2013-BT-CSIE-T.jpg\",\"contentUrl\":\"https:\/\/lifesupportdistribution.fr\/wp-content\/uploads\/2025\/12\/Mannequin-de-gestion-des-voies-aeriennes-basic-\u2013-BT-CSIE-T.jpg\",\"width\":787,\"height\":433},{\"@type\":\"BreadcrumbList\",\"@id\":\"https:\/\/lifesupportdistribution.fr\/de\/produkt\/basic-atemwegsmanagement-mannequin-bt-csie-t\/#breadcrumb\",\"itemListElement\":[{\"@type\":\"ListItem\",\"position\":1,\"name\":\"Accueil\",\"item\":\"https:\/\/lifesupportdistribution.fr\/de\/startseite\/\"},{\"@type\":\"ListItem\",\"position\":2,\"name\":\"Shop\",\"item\":\"https:\/\/lifesupportdistribution.fr\/de\/shop\/\"},{\"@type\":\"ListItem\",\"position\":3,\"name\":\"Basic Atemwegsmanagement-Mannequin \u2013 BT-CSIE-T\"}]},{\"@type\":\"WebSite\",\"@id\":\"https:\/\/lifesupportdistribution.fr\/de\/#website\",\"url\":\"https:\/\/lifesupportdistribution.fr\/de\/\",\"name\":\"Life Support Distribution\",\"description\":\"Solutions en simulation m\u00e9dicale\",\"publisher\":{\"@id\":\"https:\/\/lifesupportdistribution.fr\/de\/#organization\"},\"potentialAction\":[{\"@type\":\"SearchAction\",\"target\":{\"@type\":\"EntryPoint\",\"urlTemplate\":\"https:\/\/lifesupportdistribution.fr\/de\/?s={search_term_string}\"},\"query-input\":{\"@type\":\"PropertyValueSpecification\",\"valueRequired\":true,\"valueName\":\"search_term_string\"}}],\"inLanguage\":\"de\"},{\"@type\":\"Organization\",\"@id\":\"https:\/\/lifesupportdistribution.fr\/de\/#organization\",\"name\":\"Life Support Distribution\",\"url\":\"https:\/\/lifesupportdistribution.fr\/de\/\",\"logo\":{\"@type\":\"ImageObject\",\"inLanguage\":\"de\",\"@id\":\"https:\/\/lifesupportdistribution.fr\/de\/#\/schema\/logo\/image\/\",\"url\":\"https:\/\/lifesupportdistribution.fr\/wp-content\/uploads\/2025\/10\/logo-life-support-distribution.svg\",\"contentUrl\":\"https:\/\/lifesupportdistribution.fr\/wp-content\/uploads\/2025\/10\/logo-life-support-distribution.svg\",\"width\":698,\"height\":223,\"caption\":\"Life Support Distribution\"},\"image\":{\"@id\":\"https:\/\/lifesupportdistribution.fr\/de\/#\/schema\/logo\/image\/\"},\"sameAs\":[\"https:\/\/www.linkedin.com\/company\/life-support-distribution\/\"]}]}<\/script>\n<!-- \/ Yoast SEO plugin. -->","yoast_head_json":{"title":"BT-CSIE-T \u2013 Basic Mannequin f\u00fcr Intubation und Beatmung","description":"Realistisches Mannequin zum Erlernen von Intubation und Beatmung, mit sichtbarer Thoraxbewegung und essenziellen Handgriffen f\u00fcr das Atemwegstraining.","robots":{"index":"index","follow":"follow","max-snippet":"max-snippet:-1","max-image-preview":"max-image-preview:large","max-video-preview":"max-video-preview:-1"},"canonical":"https:\/\/lifesupportdistribution.fr\/de\/produkt\/basic-atemwegsmanagement-mannequin-bt-csie-t\/","og_locale":"de_DE","og_type":"article","og_title":"BT-CSIE-T \u2013 Basic Mannequin f\u00fcr Intubation und Beatmung","og_description":"Realistisches Mannequin zum Erlernen von Intubation und Beatmung, mit sichtbarer Thoraxbewegung und essenziellen Handgriffen f\u00fcr das Atemwegstraining.","og_url":"https:\/\/lifesupportdistribution.fr\/de\/produkt\/basic-atemwegsmanagement-mannequin-bt-csie-t\/","og_site_name":"Life Support Distribution","og_image":[{"width":787,"height":433,"url":"https:\/\/lifesupportdistribution.fr\/wp-content\/uploads\/2025\/12\/Mannequin-de-gestion-des-voies-aeriennes-basic-\u2013-BT-CSIE-T.jpg","type":"image\/jpeg"}],"twitter_card":"summary_large_image","twitter_misc":{"Gesch\u00e4tzte Lesezeit":"1\u00a0Minute"},"schema":{"@context":"https:\/\/schema.org","@graph":[{"@type":"WebPage","@id":"https:\/\/lifesupportdistribution.fr\/de\/produkt\/basic-atemwegsmanagement-mannequin-bt-csie-t\/","url":"https:\/\/lifesupportdistribution.fr\/de\/produkt\/basic-atemwegsmanagement-mannequin-bt-csie-t\/","name":"BT-CSIE-T \u2013 Basic Mannequin f\u00fcr Intubation und Beatmung","isPartOf":{"@id":"https:\/\/lifesupportdistribution.fr\/de\/#website"},"primaryImageOfPage":{"@id":"https:\/\/lifesupportdistribution.fr\/de\/produkt\/basic-atemwegsmanagement-mannequin-bt-csie-t\/#primaryimage"},"image":{"@id":"https:\/\/lifesupportdistribution.fr\/de\/produkt\/basic-atemwegsmanagement-mannequin-bt-csie-t\/#primaryimage"},"thumbnailUrl":"https:\/\/lifesupportdistribution.fr\/wp-content\/uploads\/2025\/12\/Mannequin-de-gestion-des-voies-aeriennes-basic-\u2013-BT-CSIE-T.jpg","datePublished":"2025-12-04T16:25:36+00:00","description":"Realistisches Mannequin zum Erlernen von Intubation und Beatmung, mit sichtbarer Thoraxbewegung und essenziellen Handgriffen f\u00fcr das Atemwegstraining.","breadcrumb":{"@id":"https:\/\/lifesupportdistribution.fr\/de\/produkt\/basic-atemwegsmanagement-mannequin-bt-csie-t\/#breadcrumb"},"inLanguage":"de","potentialAction":[{"@type":"ReadAction","target":["https:\/\/lifesupportdistribution.fr\/de\/produkt\/basic-atemwegsmanagement-mannequin-bt-csie-t\/"]}]},{"@type":"ImageObject","inLanguage":"de","@id":"https:\/\/lifesupportdistribution.fr\/de\/produkt\/basic-atemwegsmanagement-mannequin-bt-csie-t\/#primaryimage","url":"https:\/\/lifesupportdistribution.fr\/wp-content\/uploads\/2025\/12\/Mannequin-de-gestion-des-voies-aeriennes-basic-\u2013-BT-CSIE-T.jpg","contentUrl":"https:\/\/lifesupportdistribution.fr\/wp-content\/uploads\/2025\/12\/Mannequin-de-gestion-des-voies-aeriennes-basic-\u2013-BT-CSIE-T.jpg","width":787,"height":433},{"@type":"BreadcrumbList","@id":"https:\/\/lifesupportdistribution.fr\/de\/produkt\/basic-atemwegsmanagement-mannequin-bt-csie-t\/#breadcrumb","itemListElement":[{"@type":"ListItem","position":1,"name":"Accueil","item":"https:\/\/lifesupportdistribution.fr\/de\/startseite\/"},{"@type":"ListItem","position":2,"name":"Shop","item":"https:\/\/lifesupportdistribution.fr\/de\/shop\/"},{"@type":"ListItem","position":3,"name":"Basic Atemwegsmanagement-Mannequin \u2013 BT-CSIE-T"}]},{"@type":"WebSite","@id":"https:\/\/lifesupportdistribution.fr\/de\/#website","url":"https:\/\/lifesupportdistribution.fr\/de\/","name":"Life Support Distribution","description":"Solutions en simulation m\u00e9dicale","publisher":{"@id":"https:\/\/lifesupportdistribution.fr\/de\/#organization"},"potentialAction":[{"@type":"SearchAction","target":{"@type":"EntryPoint","urlTemplate":"https:\/\/lifesupportdistribution.fr\/de\/?s={search_term_string}"},"query-input":{"@type":"PropertyValueSpecification","valueRequired":true,"valueName":"search_term_string"}}],"inLanguage":"de"},{"@type":"Organization","@id":"https:\/\/lifesupportdistribution.fr\/de\/#organization","name":"Life Support Distribution","url":"https:\/\/lifesupportdistribution.fr\/de\/","logo":{"@type":"ImageObject","inLanguage":"de","@id":"https:\/\/lifesupportdistribution.fr\/de\/#\/schema\/logo\/image\/","url":"https:\/\/lifesupportdistribution.fr\/wp-content\/uploads\/2025\/10\/logo-life-support-distribution.svg","contentUrl":"https:\/\/lifesupportdistribution.fr\/wp-content\/uploads\/2025\/10\/logo-life-support-distribution.svg","width":698,"height":223,"caption":"Life Support Distribution"},"image":{"@id":"https:\/\/lifesupportdistribution.fr\/de\/#\/schema\/logo\/image\/"},"sameAs":["https:\/\/www.linkedin.com\/company\/life-support-distribution\/"]}]}},"_links":{"self":[{"href":"https:\/\/lifesupportdistribution.fr\/de\/wp-json\/wp\/v2\/product\/5104","targetHints":{"allow":["GET"]}}],"collection":[{"href":"https:\/\/lifesupportdistribution.fr\/de\/wp-json\/wp\/v2\/product"}],"about":[{"href":"https:\/\/lifesupportdistribution.fr\/de\/wp-json\/wp\/v2\/types\/product"}],"wp:featuredmedia":[{"embeddable":true,"href":"https:\/\/lifesupportdistribution.fr\/de\/wp-json\/wp\/v2\/media\/2864"}],"wp:attachment":[{"href":"https:\/\/lifesupportdistribution.fr\/de\/wp-json\/wp\/v2\/media?parent=5104"}],"wp:term":[{"taxonomy":"product_brand","embeddable":true,"href":"https:\/\/lifesupportdistribution.fr\/de\/wp-json\/wp\/v2\/product_brand?post=5104"},{"taxonomy":"product_cat","embeddable":true,"href":"https:\/\/lifesupportdistribution.fr\/de\/wp-json\/wp\/v2\/product_cat?post=5104"},{"taxonomy":"product_tag","embeddable":true,"href":"https:\/\/lifesupportdistribution.fr\/de\/wp-json\/wp\/v2\/product_tag?post=5104"}],"curies":[{"name":"wp","href":"https:\/\/api.w.org\/{rel}","templated":true}]}}