{"id":5109,"date":"2025-12-05T10:26:47","date_gmt":"2025-12-05T09:26:47","guid":{"rendered":"https:\/\/lifesupportdistribution.fr\/produits\/airsim-advance-x-hochfidelitaets-intubationssimulator\/"},"modified":"2025-12-05T10:26:47","modified_gmt":"2025-12-05T09:26:47","slug":"airsim-advance-x-hochfidelitaets-intubationssimulator","status":"publish","type":"product","link":"https:\/\/lifesupportdistribution.fr\/de\/produkt\/airsim-advance-x-hochfidelitaets-intubationssimulator\/","title":{"rendered":"AirSim Advance X \u2013 Hochfidelit\u00e4ts-Intubationssimulator"},"content":{"rendered":"<p>Das Modell AirSim Advance X bietet einen au\u00dfergew\u00f6hnlichen anatomischen Realismus und eine umfassende Lernerfahrung. Seine interne Struktur bildet die oberen Atemwege originalgetreu ab und erm\u00f6glicht das \u00dcben vielf\u00e4ltiger Intubations-, Atemwegsmanagement- und Beatmungstechniken. Dank seiner aufblasbaren Zunge kann der Ausbilder verschiedene Schwierigkeitsgrade simulieren, was die Entwicklung von Entscheidungsf\u00e4higkeiten in unterschiedlichen Notfallszenarien f\u00f6rdert. Dieser vielseitige Simulator richtet sich sowohl an Anf\u00e4nger als auch an erfahrene Praktiker, die ihre Handlungsabl\u00e4ufe unter sicheren Bedingungen festigen m\u00f6chten.   <\/p>\n","protected":false},"excerpt":{"rendered":"<p>Der AirSim Advance X ist ein Simulator f\u00fcr Studierende und medizinisches Fachpersonal, die ihre F\u00e4higkeiten im Atemwegsmanagement perfektionieren m\u00f6chten. Er verf\u00fcgt \u00fcber eine anatomisch getreue Nasenh\u00f6hle und eine aufblasbare Zunge, die es erm\u00f6glichen, komplexe Intubations- und Beatmungssituationen zu reproduzieren. Dieses Modell erlaubt das \u00dcben der endotrachealen Intubation, der Beatmungsbeutel-Beatmung, der Platzierung einer nasogastrischen Sonde oder der Laryngoskopie in einer immersiven und realistischen Lernumgebung.  <\/p>\n","protected":false},"featured_media":2884,"template":"","meta":[],"product_brand":[212],"product_cat":[222],"product_tag":[237,239,252,236],"class_list":{"0":"post-5109","1":"product","2":"type-product","3":"status-publish","4":"has-post-thumbnail","6":"product_brand-trucorp","7":"product_cat-simulatoren-fur-medizinische-versorgung","8":"product_tag-anasthesie","9":"product_tag-herz-lungen","10":"product_tag-intensivmedizin","11":"product_tag-notfallmedizin","13":"first","14":"instock","15":"shipping-taxable","16":"purchasable","17":"product-type-simple"},"yoast_head":"<!-- This site is optimized with the Yoast SEO plugin v26.8 - https:\/\/yoast.com\/product\/yoast-seo-wordpress\/ -->\n<title>AirSim Advance X \u2013 Hochfidelit\u00e4ts-Intubation<\/title>\n<meta name=\"description\" content=\"TruCorps AirSim Advance X, ein hochfidelit\u00e4ts Intubationssimulator. Ideal zum \u00dcben des komplexen Atemwegsmanagements in der Praxis.\" \/>\n<meta name=\"robots\" content=\"index, follow, max-snippet:-1, max-image-preview:large, max-video-preview:-1\" \/>\n<link rel=\"canonical\" href=\"https:\/\/lifesupportdistribution.fr\/de\/produkt\/airsim-advance-x-hochfidelitaets-intubationssimulator\/\" \/>\n<meta property=\"og:locale\" content=\"de_DE\" \/>\n<meta property=\"og:type\" content=\"article\" \/>\n<meta property=\"og:title\" content=\"AirSim Advance X \u2013 Hochfidelit\u00e4ts-Intubation\" \/>\n<meta property=\"og:description\" content=\"TruCorps AirSim Advance X, ein hochfidelit\u00e4ts Intubationssimulator. Ideal zum \u00dcben des komplexen Atemwegsmanagements in der Praxis.\" \/>\n<meta property=\"og:url\" content=\"https:\/\/lifesupportdistribution.fr\/de\/produkt\/airsim-advance-x-hochfidelitaets-intubationssimulator\/\" \/>\n<meta property=\"og:site_name\" content=\"Life Support Distribution\" \/>\n<meta property=\"og:image\" content=\"https:\/\/lifesupportdistribution.fr\/wp-content\/uploads\/2025\/12\/Photo-AirSim\u00ae-Advance-X-1.png\" \/>\n\t<meta property=\"og:image:width\" content=\"1356\" \/>\n\t<meta property=\"og:image:height\" content=\"748\" \/>\n\t<meta property=\"og:image:type\" content=\"image\/png\" \/>\n<meta name=\"twitter:card\" content=\"summary_large_image\" \/>\n<script type=\"application\/ld+json\" class=\"yoast-schema-graph\">{\"@context\":\"https:\/\/schema.org\",\"@graph\":[{\"@type\":\"WebPage\",\"@id\":\"https:\/\/lifesupportdistribution.fr\/de\/produkt\/airsim-advance-x-hochfidelitaets-intubationssimulator\/\",\"url\":\"https:\/\/lifesupportdistribution.fr\/de\/produkt\/airsim-advance-x-hochfidelitaets-intubationssimulator\/\",\"name\":\"AirSim Advance X \u2013 Hochfidelit\u00e4ts-Intubation\",\"isPartOf\":{\"@id\":\"https:\/\/lifesupportdistribution.fr\/de\/#website\"},\"primaryImageOfPage\":{\"@id\":\"https:\/\/lifesupportdistribution.fr\/de\/produkt\/airsim-advance-x-hochfidelitaets-intubationssimulator\/#primaryimage\"},\"image\":{\"@id\":\"https:\/\/lifesupportdistribution.fr\/de\/produkt\/airsim-advance-x-hochfidelitaets-intubationssimulator\/#primaryimage\"},\"thumbnailUrl\":\"https:\/\/lifesupportdistribution.fr\/wp-content\/uploads\/2025\/12\/Photo-AirSim\u00ae-Advance-X-1.png\",\"datePublished\":\"2025-12-05T09:26:47+00:00\",\"description\":\"TruCorps AirSim Advance X, ein hochfidelit\u00e4ts Intubationssimulator. Ideal zum \u00dcben des komplexen Atemwegsmanagements in der Praxis.\",\"breadcrumb\":{\"@id\":\"https:\/\/lifesupportdistribution.fr\/de\/produkt\/airsim-advance-x-hochfidelitaets-intubationssimulator\/#breadcrumb\"},\"inLanguage\":\"de\",\"potentialAction\":[{\"@type\":\"ReadAction\",\"target\":[\"https:\/\/lifesupportdistribution.fr\/de\/produkt\/airsim-advance-x-hochfidelitaets-intubationssimulator\/\"]}]},{\"@type\":\"ImageObject\",\"inLanguage\":\"de\",\"@id\":\"https:\/\/lifesupportdistribution.fr\/de\/produkt\/airsim-advance-x-hochfidelitaets-intubationssimulator\/#primaryimage\",\"url\":\"https:\/\/lifesupportdistribution.fr\/wp-content\/uploads\/2025\/12\/Photo-AirSim\u00ae-Advance-X-1.png\",\"contentUrl\":\"https:\/\/lifesupportdistribution.fr\/wp-content\/uploads\/2025\/12\/Photo-AirSim\u00ae-Advance-X-1.png\",\"width\":1356,\"height\":748},{\"@type\":\"BreadcrumbList\",\"@id\":\"https:\/\/lifesupportdistribution.fr\/de\/produkt\/airsim-advance-x-hochfidelitaets-intubationssimulator\/#breadcrumb\",\"itemListElement\":[{\"@type\":\"ListItem\",\"position\":1,\"name\":\"Accueil\",\"item\":\"https:\/\/lifesupportdistribution.fr\/de\/startseite\/\"},{\"@type\":\"ListItem\",\"position\":2,\"name\":\"Shop\",\"item\":\"https:\/\/lifesupportdistribution.fr\/de\/shop\/\"},{\"@type\":\"ListItem\",\"position\":3,\"name\":\"AirSim Advance X \u2013 Hochfidelit\u00e4ts-Intubationssimulator\"}]},{\"@type\":\"WebSite\",\"@id\":\"https:\/\/lifesupportdistribution.fr\/de\/#website\",\"url\":\"https:\/\/lifesupportdistribution.fr\/de\/\",\"name\":\"Life Support Distribution\",\"description\":\"Solutions en simulation m\u00e9dicale\",\"publisher\":{\"@id\":\"https:\/\/lifesupportdistribution.fr\/de\/#organization\"},\"potentialAction\":[{\"@type\":\"SearchAction\",\"target\":{\"@type\":\"EntryPoint\",\"urlTemplate\":\"https:\/\/lifesupportdistribution.fr\/de\/?s={search_term_string}\"},\"query-input\":{\"@type\":\"PropertyValueSpecification\",\"valueRequired\":true,\"valueName\":\"search_term_string\"}}],\"inLanguage\":\"de\"},{\"@type\":\"Organization\",\"@id\":\"https:\/\/lifesupportdistribution.fr\/de\/#organization\",\"name\":\"Life Support Distribution\",\"url\":\"https:\/\/lifesupportdistribution.fr\/de\/\",\"logo\":{\"@type\":\"ImageObject\",\"inLanguage\":\"de\",\"@id\":\"https:\/\/lifesupportdistribution.fr\/de\/#\/schema\/logo\/image\/\",\"url\":\"https:\/\/lifesupportdistribution.fr\/wp-content\/uploads\/2025\/10\/logo-life-support-distribution.svg\",\"contentUrl\":\"https:\/\/lifesupportdistribution.fr\/wp-content\/uploads\/2025\/10\/logo-life-support-distribution.svg\",\"width\":698,\"height\":223,\"caption\":\"Life Support Distribution\"},\"image\":{\"@id\":\"https:\/\/lifesupportdistribution.fr\/de\/#\/schema\/logo\/image\/\"},\"sameAs\":[\"https:\/\/www.linkedin.com\/company\/life-support-distribution\/\"]}]}<\/script>\n<!-- \/ Yoast SEO plugin. -->","yoast_head_json":{"title":"AirSim Advance X \u2013 Hochfidelit\u00e4ts-Intubation","description":"TruCorps AirSim Advance X, ein hochfidelit\u00e4ts Intubationssimulator. Ideal zum \u00dcben des komplexen Atemwegsmanagements in der Praxis.","robots":{"index":"index","follow":"follow","max-snippet":"max-snippet:-1","max-image-preview":"max-image-preview:large","max-video-preview":"max-video-preview:-1"},"canonical":"https:\/\/lifesupportdistribution.fr\/de\/produkt\/airsim-advance-x-hochfidelitaets-intubationssimulator\/","og_locale":"de_DE","og_type":"article","og_title":"AirSim Advance X \u2013 Hochfidelit\u00e4ts-Intubation","og_description":"TruCorps AirSim Advance X, ein hochfidelit\u00e4ts Intubationssimulator. Ideal zum \u00dcben des komplexen Atemwegsmanagements in der Praxis.","og_url":"https:\/\/lifesupportdistribution.fr\/de\/produkt\/airsim-advance-x-hochfidelitaets-intubationssimulator\/","og_site_name":"Life Support Distribution","og_image":[{"width":1356,"height":748,"url":"https:\/\/lifesupportdistribution.fr\/wp-content\/uploads\/2025\/12\/Photo-AirSim\u00ae-Advance-X-1.png","type":"image\/png"}],"twitter_card":"summary_large_image","schema":{"@context":"https:\/\/schema.org","@graph":[{"@type":"WebPage","@id":"https:\/\/lifesupportdistribution.fr\/de\/produkt\/airsim-advance-x-hochfidelitaets-intubationssimulator\/","url":"https:\/\/lifesupportdistribution.fr\/de\/produkt\/airsim-advance-x-hochfidelitaets-intubationssimulator\/","name":"AirSim Advance X \u2013 Hochfidelit\u00e4ts-Intubation","isPartOf":{"@id":"https:\/\/lifesupportdistribution.fr\/de\/#website"},"primaryImageOfPage":{"@id":"https:\/\/lifesupportdistribution.fr\/de\/produkt\/airsim-advance-x-hochfidelitaets-intubationssimulator\/#primaryimage"},"image":{"@id":"https:\/\/lifesupportdistribution.fr\/de\/produkt\/airsim-advance-x-hochfidelitaets-intubationssimulator\/#primaryimage"},"thumbnailUrl":"https:\/\/lifesupportdistribution.fr\/wp-content\/uploads\/2025\/12\/Photo-AirSim\u00ae-Advance-X-1.png","datePublished":"2025-12-05T09:26:47+00:00","description":"TruCorps AirSim Advance X, ein hochfidelit\u00e4ts Intubationssimulator. Ideal zum \u00dcben des komplexen Atemwegsmanagements in der Praxis.","breadcrumb":{"@id":"https:\/\/lifesupportdistribution.fr\/de\/produkt\/airsim-advance-x-hochfidelitaets-intubationssimulator\/#breadcrumb"},"inLanguage":"de","potentialAction":[{"@type":"ReadAction","target":["https:\/\/lifesupportdistribution.fr\/de\/produkt\/airsim-advance-x-hochfidelitaets-intubationssimulator\/"]}]},{"@type":"ImageObject","inLanguage":"de","@id":"https:\/\/lifesupportdistribution.fr\/de\/produkt\/airsim-advance-x-hochfidelitaets-intubationssimulator\/#primaryimage","url":"https:\/\/lifesupportdistribution.fr\/wp-content\/uploads\/2025\/12\/Photo-AirSim\u00ae-Advance-X-1.png","contentUrl":"https:\/\/lifesupportdistribution.fr\/wp-content\/uploads\/2025\/12\/Photo-AirSim\u00ae-Advance-X-1.png","width":1356,"height":748},{"@type":"BreadcrumbList","@id":"https:\/\/lifesupportdistribution.fr\/de\/produkt\/airsim-advance-x-hochfidelitaets-intubationssimulator\/#breadcrumb","itemListElement":[{"@type":"ListItem","position":1,"name":"Accueil","item":"https:\/\/lifesupportdistribution.fr\/de\/startseite\/"},{"@type":"ListItem","position":2,"name":"Shop","item":"https:\/\/lifesupportdistribution.fr\/de\/shop\/"},{"@type":"ListItem","position":3,"name":"AirSim Advance X \u2013 Hochfidelit\u00e4ts-Intubationssimulator"}]},{"@type":"WebSite","@id":"https:\/\/lifesupportdistribution.fr\/de\/#website","url":"https:\/\/lifesupportdistribution.fr\/de\/","name":"Life Support Distribution","description":"Solutions en simulation m\u00e9dicale","publisher":{"@id":"https:\/\/lifesupportdistribution.fr\/de\/#organization"},"potentialAction":[{"@type":"SearchAction","target":{"@type":"EntryPoint","urlTemplate":"https:\/\/lifesupportdistribution.fr\/de\/?s={search_term_string}"},"query-input":{"@type":"PropertyValueSpecification","valueRequired":true,"valueName":"search_term_string"}}],"inLanguage":"de"},{"@type":"Organization","@id":"https:\/\/lifesupportdistribution.fr\/de\/#organization","name":"Life Support Distribution","url":"https:\/\/lifesupportdistribution.fr\/de\/","logo":{"@type":"ImageObject","inLanguage":"de","@id":"https:\/\/lifesupportdistribution.fr\/de\/#\/schema\/logo\/image\/","url":"https:\/\/lifesupportdistribution.fr\/wp-content\/uploads\/2025\/10\/logo-life-support-distribution.svg","contentUrl":"https:\/\/lifesupportdistribution.fr\/wp-content\/uploads\/2025\/10\/logo-life-support-distribution.svg","width":698,"height":223,"caption":"Life Support Distribution"},"image":{"@id":"https:\/\/lifesupportdistribution.fr\/de\/#\/schema\/logo\/image\/"},"sameAs":["https:\/\/www.linkedin.com\/company\/life-support-distribution\/"]}]}},"_links":{"self":[{"href":"https:\/\/lifesupportdistribution.fr\/de\/wp-json\/wp\/v2\/product\/5109","targetHints":{"allow":["GET"]}}],"collection":[{"href":"https:\/\/lifesupportdistribution.fr\/de\/wp-json\/wp\/v2\/product"}],"about":[{"href":"https:\/\/lifesupportdistribution.fr\/de\/wp-json\/wp\/v2\/types\/product"}],"wp:featuredmedia":[{"embeddable":true,"href":"https:\/\/lifesupportdistribution.fr\/de\/wp-json\/wp\/v2\/media\/2884"}],"wp:attachment":[{"href":"https:\/\/lifesupportdistribution.fr\/de\/wp-json\/wp\/v2\/media?parent=5109"}],"wp:term":[{"taxonomy":"product_brand","embeddable":true,"href":"https:\/\/lifesupportdistribution.fr\/de\/wp-json\/wp\/v2\/product_brand?post=5109"},{"taxonomy":"product_cat","embeddable":true,"href":"https:\/\/lifesupportdistribution.fr\/de\/wp-json\/wp\/v2\/product_cat?post=5109"},{"taxonomy":"product_tag","embeddable":true,"href":"https:\/\/lifesupportdistribution.fr\/de\/wp-json\/wp\/v2\/product_tag?post=5109"}],"curies":[{"name":"wp","href":"https:\/\/api.w.org\/{rel}","templated":true}]}}