{"id":5115,"date":"2025-12-04T17:16:40","date_gmt":"2025-12-04T16:16:40","guid":{"rendered":"https:\/\/lifesupportdistribution.fr\/produits\/smart-hlw-trainingsmodell-sherpa-x\/"},"modified":"2025-12-04T17:16:40","modified_gmt":"2025-12-04T16:16:40","slug":"smart-hlw-trainingsmodell-sherpa-x","status":"publish","type":"product","link":"https:\/\/lifesupportdistribution.fr\/de\/produkt\/smart-hlw-trainingsmodell-sherpa-x\/","title":{"rendered":"SMART HLW-Trainingsmodell \u2013 Sherpa X"},"content":{"rendered":"<p>Das SMART HLW-Trainingsmodell \u2013 Sherpa X von BT Inc. bietet ein umfassendes und intuitives Lernerlebnis f\u00fcr das HLW-Training. Dank seines LED-Feedback-Systems k\u00f6nnen Studierende sofort die Tiefe, Frequenz und Qualit\u00e4t ihrer Thoraxkompressionen sowie die Effektivit\u00e4t ihrer Beatmungen visualisieren.<br \/>\nAngepasst an die Modi Spiel, Training und Bewertung, verwandelt der Sherpa X das Training in ein spielerisches und interaktives Werkzeug, ideal f\u00fcr Schulen, Universit\u00e4ten und Simulationszentren. Die Ergebnisse k\u00f6nnen zwischen Gruppen verglichen werden, was den Wettbewerb und den kollektiven Fortschritt f\u00f6rdert. Es ist auch m\u00f6glich, bis zu sechs Trainingsmodelle gleichzeitig zu verbinden und die Leistungen f\u00fcr eine detaillierte Analyse nach Excel zu exportieren.<br \/>\nRobust und pflegeleicht ist der Sherpa X eine bevorzugte Wahl f\u00fcr Ausbilder, die Zuverl\u00e4ssigkeit, Pr\u00e4zision und Benutzerfreundlichkeit vereinen m\u00f6chten.    <\/p>\n","protected":false},"excerpt":{"rendered":"<p>Der Sherpa X ist ein fortschrittliches Trainingsmodell, das f\u00fcr ein realistisches und effektives Herz-Lungen-Wiederbelebungs-Training (HLW) entwickelt wurde. Ausgestattet mit einer integrierten LED-Anzeige liefert es pr\u00e4zises und visuelles Feedback zur Qualit\u00e4t der Kompressionen und Beatmungen. Dieser Simulator erm\u00f6glicht es Lernenden, ihre Fortschritte in Echtzeit zu verfolgen und ihre Leistungen eigenst\u00e4ndig zu verbessern.  <\/p>\n","protected":false},"featured_media":2857,"template":"","meta":[],"product_brand":[189],"product_cat":[218],"product_tag":[237,238,252,251,236],"class_list":{"0":"post-5115","1":"product","2":"type-product","3":"status-publish","4":"has-post-thumbnail","6":"product_brand-bt-inc","7":"product_cat-simulationspuppen","8":"product_tag-anasthesie","9":"product_tag-erste-hilfe","10":"product_tag-intensivmedizin","11":"product_tag-krankenpflege","12":"product_tag-notfallmedizin","14":"first","15":"instock","16":"shipping-taxable","17":"purchasable","18":"product-type-simple"},"yoast_head":"<!-- This site is optimized with the Yoast SEO plugin v26.8 - https:\/\/yoast.com\/product\/yoast-seo-wordpress\/ -->\n<title>Sherpa X \u2013 Intelligentes HLW-Trainingsmodell mit LED-Feedback<\/title>\n<meta name=\"description\" content=\"Fortgeschrittenes HLW-Trainingsmodell mit LED-Feedback, drei Trainingsmodi, Multi-User-Verbindung und Leistungsexport f\u00fcr ein umfassendes Training.\" \/>\n<meta name=\"robots\" content=\"index, follow, max-snippet:-1, max-image-preview:large, max-video-preview:-1\" \/>\n<link rel=\"canonical\" href=\"https:\/\/lifesupportdistribution.fr\/de\/produkt\/smart-hlw-trainingsmodell-sherpa-x\/\" \/>\n<meta property=\"og:locale\" content=\"de_DE\" \/>\n<meta property=\"og:type\" content=\"article\" \/>\n<meta property=\"og:title\" content=\"Sherpa X \u2013 Intelligentes HLW-Trainingsmodell mit LED-Feedback\" \/>\n<meta property=\"og:description\" content=\"Fortgeschrittenes HLW-Trainingsmodell mit LED-Feedback, drei Trainingsmodi, Multi-User-Verbindung und Leistungsexport f\u00fcr ein umfassendes Training.\" \/>\n<meta property=\"og:url\" content=\"https:\/\/lifesupportdistribution.fr\/de\/produkt\/smart-hlw-trainingsmodell-sherpa-x\/\" \/>\n<meta property=\"og:site_name\" content=\"Life Support Distribution\" \/>\n<meta property=\"og:image\" content=\"https:\/\/lifesupportdistribution.fr\/wp-content\/uploads\/2025\/12\/SMART-CPR-Training-Model-Sherpa-X.jpg\" \/>\n\t<meta property=\"og:image:width\" content=\"1000\" \/>\n\t<meta property=\"og:image:height\" content=\"1000\" \/>\n\t<meta property=\"og:image:type\" content=\"image\/jpeg\" \/>\n<meta name=\"twitter:card\" content=\"summary_large_image\" \/>\n<meta name=\"twitter:label1\" content=\"Gesch\u00e4tzte Lesezeit\" \/>\n\t<meta name=\"twitter:data1\" content=\"1\u00a0Minute\" \/>\n<script type=\"application\/ld+json\" class=\"yoast-schema-graph\">{\"@context\":\"https:\/\/schema.org\",\"@graph\":[{\"@type\":\"WebPage\",\"@id\":\"https:\/\/lifesupportdistribution.fr\/de\/produkt\/smart-hlw-trainingsmodell-sherpa-x\/\",\"url\":\"https:\/\/lifesupportdistribution.fr\/de\/produkt\/smart-hlw-trainingsmodell-sherpa-x\/\",\"name\":\"Sherpa X \u2013 Intelligentes HLW-Trainingsmodell mit LED-Feedback\",\"isPartOf\":{\"@id\":\"https:\/\/lifesupportdistribution.fr\/de\/#website\"},\"primaryImageOfPage\":{\"@id\":\"https:\/\/lifesupportdistribution.fr\/de\/produkt\/smart-hlw-trainingsmodell-sherpa-x\/#primaryimage\"},\"image\":{\"@id\":\"https:\/\/lifesupportdistribution.fr\/de\/produkt\/smart-hlw-trainingsmodell-sherpa-x\/#primaryimage\"},\"thumbnailUrl\":\"https:\/\/lifesupportdistribution.fr\/wp-content\/uploads\/2025\/12\/SMART-CPR-Training-Model-Sherpa-X.jpg\",\"datePublished\":\"2025-12-04T16:16:40+00:00\",\"description\":\"Fortgeschrittenes HLW-Trainingsmodell mit LED-Feedback, drei Trainingsmodi, Multi-User-Verbindung und Leistungsexport f\u00fcr ein umfassendes Training.\",\"breadcrumb\":{\"@id\":\"https:\/\/lifesupportdistribution.fr\/de\/produkt\/smart-hlw-trainingsmodell-sherpa-x\/#breadcrumb\"},\"inLanguage\":\"de\",\"potentialAction\":[{\"@type\":\"ReadAction\",\"target\":[\"https:\/\/lifesupportdistribution.fr\/de\/produkt\/smart-hlw-trainingsmodell-sherpa-x\/\"]}]},{\"@type\":\"ImageObject\",\"inLanguage\":\"de\",\"@id\":\"https:\/\/lifesupportdistribution.fr\/de\/produkt\/smart-hlw-trainingsmodell-sherpa-x\/#primaryimage\",\"url\":\"https:\/\/lifesupportdistribution.fr\/wp-content\/uploads\/2025\/12\/SMART-CPR-Training-Model-Sherpa-X.jpg\",\"contentUrl\":\"https:\/\/lifesupportdistribution.fr\/wp-content\/uploads\/2025\/12\/SMART-CPR-Training-Model-Sherpa-X.jpg\",\"width\":1000,\"height\":1000},{\"@type\":\"BreadcrumbList\",\"@id\":\"https:\/\/lifesupportdistribution.fr\/de\/produkt\/smart-hlw-trainingsmodell-sherpa-x\/#breadcrumb\",\"itemListElement\":[{\"@type\":\"ListItem\",\"position\":1,\"name\":\"Accueil\",\"item\":\"https:\/\/lifesupportdistribution.fr\/de\/startseite\/\"},{\"@type\":\"ListItem\",\"position\":2,\"name\":\"Shop\",\"item\":\"https:\/\/lifesupportdistribution.fr\/de\/shop\/\"},{\"@type\":\"ListItem\",\"position\":3,\"name\":\"SMART HLW-Trainingsmodell \u2013 Sherpa X\"}]},{\"@type\":\"WebSite\",\"@id\":\"https:\/\/lifesupportdistribution.fr\/de\/#website\",\"url\":\"https:\/\/lifesupportdistribution.fr\/de\/\",\"name\":\"Life Support Distribution\",\"description\":\"Solutions en simulation m\u00e9dicale\",\"publisher\":{\"@id\":\"https:\/\/lifesupportdistribution.fr\/de\/#organization\"},\"potentialAction\":[{\"@type\":\"SearchAction\",\"target\":{\"@type\":\"EntryPoint\",\"urlTemplate\":\"https:\/\/lifesupportdistribution.fr\/de\/?s={search_term_string}\"},\"query-input\":{\"@type\":\"PropertyValueSpecification\",\"valueRequired\":true,\"valueName\":\"search_term_string\"}}],\"inLanguage\":\"de\"},{\"@type\":\"Organization\",\"@id\":\"https:\/\/lifesupportdistribution.fr\/de\/#organization\",\"name\":\"Life Support Distribution\",\"url\":\"https:\/\/lifesupportdistribution.fr\/de\/\",\"logo\":{\"@type\":\"ImageObject\",\"inLanguage\":\"de\",\"@id\":\"https:\/\/lifesupportdistribution.fr\/de\/#\/schema\/logo\/image\/\",\"url\":\"https:\/\/lifesupportdistribution.fr\/wp-content\/uploads\/2025\/10\/logo-life-support-distribution.svg\",\"contentUrl\":\"https:\/\/lifesupportdistribution.fr\/wp-content\/uploads\/2025\/10\/logo-life-support-distribution.svg\",\"width\":698,\"height\":223,\"caption\":\"Life Support Distribution\"},\"image\":{\"@id\":\"https:\/\/lifesupportdistribution.fr\/de\/#\/schema\/logo\/image\/\"},\"sameAs\":[\"https:\/\/www.linkedin.com\/company\/life-support-distribution\/\"]}]}<\/script>\n<!-- \/ Yoast SEO plugin. -->","yoast_head_json":{"title":"Sherpa X \u2013 Intelligentes HLW-Trainingsmodell mit LED-Feedback","description":"Fortgeschrittenes HLW-Trainingsmodell mit LED-Feedback, drei Trainingsmodi, Multi-User-Verbindung und Leistungsexport f\u00fcr ein umfassendes Training.","robots":{"index":"index","follow":"follow","max-snippet":"max-snippet:-1","max-image-preview":"max-image-preview:large","max-video-preview":"max-video-preview:-1"},"canonical":"https:\/\/lifesupportdistribution.fr\/de\/produkt\/smart-hlw-trainingsmodell-sherpa-x\/","og_locale":"de_DE","og_type":"article","og_title":"Sherpa X \u2013 Intelligentes HLW-Trainingsmodell mit LED-Feedback","og_description":"Fortgeschrittenes HLW-Trainingsmodell mit LED-Feedback, drei Trainingsmodi, Multi-User-Verbindung und Leistungsexport f\u00fcr ein umfassendes Training.","og_url":"https:\/\/lifesupportdistribution.fr\/de\/produkt\/smart-hlw-trainingsmodell-sherpa-x\/","og_site_name":"Life Support Distribution","og_image":[{"width":1000,"height":1000,"url":"https:\/\/lifesupportdistribution.fr\/wp-content\/uploads\/2025\/12\/SMART-CPR-Training-Model-Sherpa-X.jpg","type":"image\/jpeg"}],"twitter_card":"summary_large_image","twitter_misc":{"Gesch\u00e4tzte Lesezeit":"1\u00a0Minute"},"schema":{"@context":"https:\/\/schema.org","@graph":[{"@type":"WebPage","@id":"https:\/\/lifesupportdistribution.fr\/de\/produkt\/smart-hlw-trainingsmodell-sherpa-x\/","url":"https:\/\/lifesupportdistribution.fr\/de\/produkt\/smart-hlw-trainingsmodell-sherpa-x\/","name":"Sherpa X \u2013 Intelligentes HLW-Trainingsmodell mit LED-Feedback","isPartOf":{"@id":"https:\/\/lifesupportdistribution.fr\/de\/#website"},"primaryImageOfPage":{"@id":"https:\/\/lifesupportdistribution.fr\/de\/produkt\/smart-hlw-trainingsmodell-sherpa-x\/#primaryimage"},"image":{"@id":"https:\/\/lifesupportdistribution.fr\/de\/produkt\/smart-hlw-trainingsmodell-sherpa-x\/#primaryimage"},"thumbnailUrl":"https:\/\/lifesupportdistribution.fr\/wp-content\/uploads\/2025\/12\/SMART-CPR-Training-Model-Sherpa-X.jpg","datePublished":"2025-12-04T16:16:40+00:00","description":"Fortgeschrittenes HLW-Trainingsmodell mit LED-Feedback, drei Trainingsmodi, Multi-User-Verbindung und Leistungsexport f\u00fcr ein umfassendes Training.","breadcrumb":{"@id":"https:\/\/lifesupportdistribution.fr\/de\/produkt\/smart-hlw-trainingsmodell-sherpa-x\/#breadcrumb"},"inLanguage":"de","potentialAction":[{"@type":"ReadAction","target":["https:\/\/lifesupportdistribution.fr\/de\/produkt\/smart-hlw-trainingsmodell-sherpa-x\/"]}]},{"@type":"ImageObject","inLanguage":"de","@id":"https:\/\/lifesupportdistribution.fr\/de\/produkt\/smart-hlw-trainingsmodell-sherpa-x\/#primaryimage","url":"https:\/\/lifesupportdistribution.fr\/wp-content\/uploads\/2025\/12\/SMART-CPR-Training-Model-Sherpa-X.jpg","contentUrl":"https:\/\/lifesupportdistribution.fr\/wp-content\/uploads\/2025\/12\/SMART-CPR-Training-Model-Sherpa-X.jpg","width":1000,"height":1000},{"@type":"BreadcrumbList","@id":"https:\/\/lifesupportdistribution.fr\/de\/produkt\/smart-hlw-trainingsmodell-sherpa-x\/#breadcrumb","itemListElement":[{"@type":"ListItem","position":1,"name":"Accueil","item":"https:\/\/lifesupportdistribution.fr\/de\/startseite\/"},{"@type":"ListItem","position":2,"name":"Shop","item":"https:\/\/lifesupportdistribution.fr\/de\/shop\/"},{"@type":"ListItem","position":3,"name":"SMART HLW-Trainingsmodell \u2013 Sherpa X"}]},{"@type":"WebSite","@id":"https:\/\/lifesupportdistribution.fr\/de\/#website","url":"https:\/\/lifesupportdistribution.fr\/de\/","name":"Life Support Distribution","description":"Solutions en simulation m\u00e9dicale","publisher":{"@id":"https:\/\/lifesupportdistribution.fr\/de\/#organization"},"potentialAction":[{"@type":"SearchAction","target":{"@type":"EntryPoint","urlTemplate":"https:\/\/lifesupportdistribution.fr\/de\/?s={search_term_string}"},"query-input":{"@type":"PropertyValueSpecification","valueRequired":true,"valueName":"search_term_string"}}],"inLanguage":"de"},{"@type":"Organization","@id":"https:\/\/lifesupportdistribution.fr\/de\/#organization","name":"Life Support Distribution","url":"https:\/\/lifesupportdistribution.fr\/de\/","logo":{"@type":"ImageObject","inLanguage":"de","@id":"https:\/\/lifesupportdistribution.fr\/de\/#\/schema\/logo\/image\/","url":"https:\/\/lifesupportdistribution.fr\/wp-content\/uploads\/2025\/10\/logo-life-support-distribution.svg","contentUrl":"https:\/\/lifesupportdistribution.fr\/wp-content\/uploads\/2025\/10\/logo-life-support-distribution.svg","width":698,"height":223,"caption":"Life Support Distribution"},"image":{"@id":"https:\/\/lifesupportdistribution.fr\/de\/#\/schema\/logo\/image\/"},"sameAs":["https:\/\/www.linkedin.com\/company\/life-support-distribution\/"]}]}},"_links":{"self":[{"href":"https:\/\/lifesupportdistribution.fr\/de\/wp-json\/wp\/v2\/product\/5115","targetHints":{"allow":["GET"]}}],"collection":[{"href":"https:\/\/lifesupportdistribution.fr\/de\/wp-json\/wp\/v2\/product"}],"about":[{"href":"https:\/\/lifesupportdistribution.fr\/de\/wp-json\/wp\/v2\/types\/product"}],"wp:featuredmedia":[{"embeddable":true,"href":"https:\/\/lifesupportdistribution.fr\/de\/wp-json\/wp\/v2\/media\/2857"}],"wp:attachment":[{"href":"https:\/\/lifesupportdistribution.fr\/de\/wp-json\/wp\/v2\/media?parent=5115"}],"wp:term":[{"taxonomy":"product_brand","embeddable":true,"href":"https:\/\/lifesupportdistribution.fr\/de\/wp-json\/wp\/v2\/product_brand?post=5115"},{"taxonomy":"product_cat","embeddable":true,"href":"https:\/\/lifesupportdistribution.fr\/de\/wp-json\/wp\/v2\/product_cat?post=5115"},{"taxonomy":"product_tag","embeddable":true,"href":"https:\/\/lifesupportdistribution.fr\/de\/wp-json\/wp\/v2\/product_tag?post=5115"}],"curies":[{"name":"wp","href":"https:\/\/api.w.org\/{rel}","templated":true}]}}