{"id":5122,"date":"2025-12-04T14:06:03","date_gmt":"2025-12-04T13:06:03","guid":{"rendered":"https:\/\/lifesupportdistribution.fr\/produits\/simscope-trainingsstethoskop\/"},"modified":"2025-12-04T14:06:03","modified_gmt":"2025-12-04T13:06:03","slug":"simscope-trainingsstethoskop","status":"publish","type":"product","link":"https:\/\/lifesupportdistribution.fr\/de\/produkt\/simscope-trainingsstethoskop\/","title":{"rendered":"SimScope \u2013 Trainingsstethoskop"},"content":{"rendered":"<p>Das SimScope von Cardionics ist ein innovatives Trainingsstethoskop, das dem Lehren der klinischen Auskultation gewidmet ist.<br \/>\nIn Verbindung mit Auskultationspuppen oder standardisierten Patienten, die mit Soundmodulen ausgestattet sind, reproduziert es originalgetreu Herz-, Lungen- und Bauchger\u00e4usche und erm\u00f6glicht gleichzeitig das \u00dcben der Erkennung von Auskultationspunkten und der Lokalisierung pathologischer Ger\u00e4usche.<br \/>\nDank seines automatischen Erkennungssystems f\u00fcr anatomische Zonen l\u00f6st es den entsprechenden Ton aus, sobald der Trichter richtig positioniert ist.<br \/>\nDer Ausbilder kann die Szenarien fernsteuern, um Kurse und praktische Pr\u00fcfungen (OSCE-Typ) zu standardisieren.<br \/>\nZuverl\u00e4ssig, leicht und ergonomisch ist das SimScope eine ideale L\u00f6sung f\u00fcr Simulationszentren, Krankenpflegeschulen und medizinische Universit\u00e4ten.<\/p>\n","protected":false},"excerpt":{"rendered":"<p>Das SimScope ist ein elektronisches Stethoskop, das speziell f\u00fcr Simulationspuppen und Standardpatienten entwickelt wurde.<br \/>\nEs erm\u00f6glicht das Ausl\u00f6sen von Herz-, Lungen- und Bauchger\u00e4uschen an pr\u00e4zisen anatomischen Stellen und bietet so eine realistische und interaktive Auskultationserfahrung f\u00fcr Studierende und Ausbilder gleicherma\u00dfen.<\/p>\n","protected":false},"featured_media":2839,"template":"","meta":[],"product_brand":[190],"product_cat":[222],"product_tag":[230,237,239,249,252,236],"class_list":{"0":"post-5122","1":"product","2":"type-product","3":"status-publish","4":"has-post-thumbnail","6":"product_brand-cardionics","7":"product_cat-simulatoren-fur-medizinische-versorgung","8":"product_tag-allgemeinmedizin","9":"product_tag-anasthesie","10":"product_tag-herz-lungen","11":"product_tag-innere-medizin","12":"product_tag-intensivmedizin","13":"product_tag-notfallmedizin","15":"first","16":"instock","17":"shipping-taxable","18":"purchasable","19":"product-type-simple"},"yoast_head":"<!-- This site is optimized with the Yoast SEO plugin v26.8 - https:\/\/yoast.com\/product\/yoast-seo-wordpress\/ -->\n<title>SimScope \u2013 Elektronisches Trainingsstethoskop<\/title>\n<meta name=\"description\" content=\"Elektronisches Stethoskop f\u00fcr Simulationspuppen und Standardpatienten. Herz-, Lungen- und Bauchger\u00e4usche, automatische Erkennung und didaktische Steuerung.\" \/>\n<meta name=\"robots\" content=\"index, follow, max-snippet:-1, max-image-preview:large, max-video-preview:-1\" \/>\n<link rel=\"canonical\" href=\"https:\/\/lifesupportdistribution.fr\/de\/produkt\/simscope-trainingsstethoskop\/\" \/>\n<meta property=\"og:locale\" content=\"de_DE\" \/>\n<meta property=\"og:type\" content=\"article\" \/>\n<meta property=\"og:title\" content=\"SimScope \u2013 Elektronisches Trainingsstethoskop\" \/>\n<meta property=\"og:description\" content=\"Elektronisches Stethoskop f\u00fcr Simulationspuppen und Standardpatienten. Herz-, Lungen- und Bauchger\u00e4usche, automatische Erkennung und didaktische Steuerung.\" \/>\n<meta property=\"og:url\" content=\"https:\/\/lifesupportdistribution.fr\/de\/produkt\/simscope-trainingsstethoskop\/\" \/>\n<meta property=\"og:site_name\" content=\"Life Support Distribution\" \/>\n<meta property=\"og:image\" content=\"https:\/\/lifesupportdistribution.fr\/wp-content\/uploads\/2025\/12\/SimScope-Stethoscope-de-formation.jpg\" \/>\n\t<meta property=\"og:image:width\" content=\"500\" \/>\n\t<meta property=\"og:image:height\" content=\"500\" \/>\n\t<meta property=\"og:image:type\" content=\"image\/jpeg\" \/>\n<meta name=\"twitter:card\" content=\"summary_large_image\" \/>\n<meta name=\"twitter:label1\" content=\"Gesch\u00e4tzte Lesezeit\" \/>\n\t<meta name=\"twitter:data1\" content=\"1\u00a0Minute\" \/>\n<script type=\"application\/ld+json\" class=\"yoast-schema-graph\">{\"@context\":\"https:\/\/schema.org\",\"@graph\":[{\"@type\":\"WebPage\",\"@id\":\"https:\/\/lifesupportdistribution.fr\/de\/produkt\/simscope-trainingsstethoskop\/\",\"url\":\"https:\/\/lifesupportdistribution.fr\/de\/produkt\/simscope-trainingsstethoskop\/\",\"name\":\"SimScope \u2013 Elektronisches Trainingsstethoskop\",\"isPartOf\":{\"@id\":\"https:\/\/lifesupportdistribution.fr\/de\/#website\"},\"primaryImageOfPage\":{\"@id\":\"https:\/\/lifesupportdistribution.fr\/de\/produkt\/simscope-trainingsstethoskop\/#primaryimage\"},\"image\":{\"@id\":\"https:\/\/lifesupportdistribution.fr\/de\/produkt\/simscope-trainingsstethoskop\/#primaryimage\"},\"thumbnailUrl\":\"https:\/\/lifesupportdistribution.fr\/wp-content\/uploads\/2025\/12\/SimScope-Stethoscope-de-formation.jpg\",\"datePublished\":\"2025-12-04T13:06:03+00:00\",\"description\":\"Elektronisches Stethoskop f\u00fcr Simulationspuppen und Standardpatienten. Herz-, Lungen- und Bauchger\u00e4usche, automatische Erkennung und didaktische Steuerung.\",\"breadcrumb\":{\"@id\":\"https:\/\/lifesupportdistribution.fr\/de\/produkt\/simscope-trainingsstethoskop\/#breadcrumb\"},\"inLanguage\":\"de\",\"potentialAction\":[{\"@type\":\"ReadAction\",\"target\":[\"https:\/\/lifesupportdistribution.fr\/de\/produkt\/simscope-trainingsstethoskop\/\"]}]},{\"@type\":\"ImageObject\",\"inLanguage\":\"de\",\"@id\":\"https:\/\/lifesupportdistribution.fr\/de\/produkt\/simscope-trainingsstethoskop\/#primaryimage\",\"url\":\"https:\/\/lifesupportdistribution.fr\/wp-content\/uploads\/2025\/12\/SimScope-Stethoscope-de-formation.jpg\",\"contentUrl\":\"https:\/\/lifesupportdistribution.fr\/wp-content\/uploads\/2025\/12\/SimScope-Stethoscope-de-formation.jpg\",\"width\":500,\"height\":500},{\"@type\":\"BreadcrumbList\",\"@id\":\"https:\/\/lifesupportdistribution.fr\/de\/produkt\/simscope-trainingsstethoskop\/#breadcrumb\",\"itemListElement\":[{\"@type\":\"ListItem\",\"position\":1,\"name\":\"Accueil\",\"item\":\"https:\/\/lifesupportdistribution.fr\/de\/startseite\/\"},{\"@type\":\"ListItem\",\"position\":2,\"name\":\"Shop\",\"item\":\"https:\/\/lifesupportdistribution.fr\/de\/shop\/\"},{\"@type\":\"ListItem\",\"position\":3,\"name\":\"SimScope \u2013 Trainingsstethoskop\"}]},{\"@type\":\"WebSite\",\"@id\":\"https:\/\/lifesupportdistribution.fr\/de\/#website\",\"url\":\"https:\/\/lifesupportdistribution.fr\/de\/\",\"name\":\"Life Support Distribution\",\"description\":\"Solutions en simulation m\u00e9dicale\",\"publisher\":{\"@id\":\"https:\/\/lifesupportdistribution.fr\/de\/#organization\"},\"potentialAction\":[{\"@type\":\"SearchAction\",\"target\":{\"@type\":\"EntryPoint\",\"urlTemplate\":\"https:\/\/lifesupportdistribution.fr\/de\/?s={search_term_string}\"},\"query-input\":{\"@type\":\"PropertyValueSpecification\",\"valueRequired\":true,\"valueName\":\"search_term_string\"}}],\"inLanguage\":\"de\"},{\"@type\":\"Organization\",\"@id\":\"https:\/\/lifesupportdistribution.fr\/de\/#organization\",\"name\":\"Life Support Distribution\",\"url\":\"https:\/\/lifesupportdistribution.fr\/de\/\",\"logo\":{\"@type\":\"ImageObject\",\"inLanguage\":\"de\",\"@id\":\"https:\/\/lifesupportdistribution.fr\/de\/#\/schema\/logo\/image\/\",\"url\":\"https:\/\/lifesupportdistribution.fr\/wp-content\/uploads\/2025\/10\/logo-life-support-distribution.svg\",\"contentUrl\":\"https:\/\/lifesupportdistribution.fr\/wp-content\/uploads\/2025\/10\/logo-life-support-distribution.svg\",\"width\":698,\"height\":223,\"caption\":\"Life Support Distribution\"},\"image\":{\"@id\":\"https:\/\/lifesupportdistribution.fr\/de\/#\/schema\/logo\/image\/\"},\"sameAs\":[\"https:\/\/www.linkedin.com\/company\/life-support-distribution\/\"]}]}<\/script>\n<!-- \/ Yoast SEO plugin. -->","yoast_head_json":{"title":"SimScope \u2013 Elektronisches Trainingsstethoskop","description":"Elektronisches Stethoskop f\u00fcr Simulationspuppen und Standardpatienten. Herz-, Lungen- und Bauchger\u00e4usche, automatische Erkennung und didaktische Steuerung.","robots":{"index":"index","follow":"follow","max-snippet":"max-snippet:-1","max-image-preview":"max-image-preview:large","max-video-preview":"max-video-preview:-1"},"canonical":"https:\/\/lifesupportdistribution.fr\/de\/produkt\/simscope-trainingsstethoskop\/","og_locale":"de_DE","og_type":"article","og_title":"SimScope \u2013 Elektronisches Trainingsstethoskop","og_description":"Elektronisches Stethoskop f\u00fcr Simulationspuppen und Standardpatienten. Herz-, Lungen- und Bauchger\u00e4usche, automatische Erkennung und didaktische Steuerung.","og_url":"https:\/\/lifesupportdistribution.fr\/de\/produkt\/simscope-trainingsstethoskop\/","og_site_name":"Life Support Distribution","og_image":[{"width":500,"height":500,"url":"https:\/\/lifesupportdistribution.fr\/wp-content\/uploads\/2025\/12\/SimScope-Stethoscope-de-formation.jpg","type":"image\/jpeg"}],"twitter_card":"summary_large_image","twitter_misc":{"Gesch\u00e4tzte Lesezeit":"1\u00a0Minute"},"schema":{"@context":"https:\/\/schema.org","@graph":[{"@type":"WebPage","@id":"https:\/\/lifesupportdistribution.fr\/de\/produkt\/simscope-trainingsstethoskop\/","url":"https:\/\/lifesupportdistribution.fr\/de\/produkt\/simscope-trainingsstethoskop\/","name":"SimScope \u2013 Elektronisches Trainingsstethoskop","isPartOf":{"@id":"https:\/\/lifesupportdistribution.fr\/de\/#website"},"primaryImageOfPage":{"@id":"https:\/\/lifesupportdistribution.fr\/de\/produkt\/simscope-trainingsstethoskop\/#primaryimage"},"image":{"@id":"https:\/\/lifesupportdistribution.fr\/de\/produkt\/simscope-trainingsstethoskop\/#primaryimage"},"thumbnailUrl":"https:\/\/lifesupportdistribution.fr\/wp-content\/uploads\/2025\/12\/SimScope-Stethoscope-de-formation.jpg","datePublished":"2025-12-04T13:06:03+00:00","description":"Elektronisches Stethoskop f\u00fcr Simulationspuppen und Standardpatienten. Herz-, Lungen- und Bauchger\u00e4usche, automatische Erkennung und didaktische Steuerung.","breadcrumb":{"@id":"https:\/\/lifesupportdistribution.fr\/de\/produkt\/simscope-trainingsstethoskop\/#breadcrumb"},"inLanguage":"de","potentialAction":[{"@type":"ReadAction","target":["https:\/\/lifesupportdistribution.fr\/de\/produkt\/simscope-trainingsstethoskop\/"]}]},{"@type":"ImageObject","inLanguage":"de","@id":"https:\/\/lifesupportdistribution.fr\/de\/produkt\/simscope-trainingsstethoskop\/#primaryimage","url":"https:\/\/lifesupportdistribution.fr\/wp-content\/uploads\/2025\/12\/SimScope-Stethoscope-de-formation.jpg","contentUrl":"https:\/\/lifesupportdistribution.fr\/wp-content\/uploads\/2025\/12\/SimScope-Stethoscope-de-formation.jpg","width":500,"height":500},{"@type":"BreadcrumbList","@id":"https:\/\/lifesupportdistribution.fr\/de\/produkt\/simscope-trainingsstethoskop\/#breadcrumb","itemListElement":[{"@type":"ListItem","position":1,"name":"Accueil","item":"https:\/\/lifesupportdistribution.fr\/de\/startseite\/"},{"@type":"ListItem","position":2,"name":"Shop","item":"https:\/\/lifesupportdistribution.fr\/de\/shop\/"},{"@type":"ListItem","position":3,"name":"SimScope \u2013 Trainingsstethoskop"}]},{"@type":"WebSite","@id":"https:\/\/lifesupportdistribution.fr\/de\/#website","url":"https:\/\/lifesupportdistribution.fr\/de\/","name":"Life Support Distribution","description":"Solutions en simulation m\u00e9dicale","publisher":{"@id":"https:\/\/lifesupportdistribution.fr\/de\/#organization"},"potentialAction":[{"@type":"SearchAction","target":{"@type":"EntryPoint","urlTemplate":"https:\/\/lifesupportdistribution.fr\/de\/?s={search_term_string}"},"query-input":{"@type":"PropertyValueSpecification","valueRequired":true,"valueName":"search_term_string"}}],"inLanguage":"de"},{"@type":"Organization","@id":"https:\/\/lifesupportdistribution.fr\/de\/#organization","name":"Life Support Distribution","url":"https:\/\/lifesupportdistribution.fr\/de\/","logo":{"@type":"ImageObject","inLanguage":"de","@id":"https:\/\/lifesupportdistribution.fr\/de\/#\/schema\/logo\/image\/","url":"https:\/\/lifesupportdistribution.fr\/wp-content\/uploads\/2025\/10\/logo-life-support-distribution.svg","contentUrl":"https:\/\/lifesupportdistribution.fr\/wp-content\/uploads\/2025\/10\/logo-life-support-distribution.svg","width":698,"height":223,"caption":"Life Support Distribution"},"image":{"@id":"https:\/\/lifesupportdistribution.fr\/de\/#\/schema\/logo\/image\/"},"sameAs":["https:\/\/www.linkedin.com\/company\/life-support-distribution\/"]}]}},"_links":{"self":[{"href":"https:\/\/lifesupportdistribution.fr\/de\/wp-json\/wp\/v2\/product\/5122","targetHints":{"allow":["GET"]}}],"collection":[{"href":"https:\/\/lifesupportdistribution.fr\/de\/wp-json\/wp\/v2\/product"}],"about":[{"href":"https:\/\/lifesupportdistribution.fr\/de\/wp-json\/wp\/v2\/types\/product"}],"wp:featuredmedia":[{"embeddable":true,"href":"https:\/\/lifesupportdistribution.fr\/de\/wp-json\/wp\/v2\/media\/2839"}],"wp:attachment":[{"href":"https:\/\/lifesupportdistribution.fr\/de\/wp-json\/wp\/v2\/media?parent=5122"}],"wp:term":[{"taxonomy":"product_brand","embeddable":true,"href":"https:\/\/lifesupportdistribution.fr\/de\/wp-json\/wp\/v2\/product_brand?post=5122"},{"taxonomy":"product_cat","embeddable":true,"href":"https:\/\/lifesupportdistribution.fr\/de\/wp-json\/wp\/v2\/product_cat?post=5122"},{"taxonomy":"product_tag","embeddable":true,"href":"https:\/\/lifesupportdistribution.fr\/de\/wp-json\/wp\/v2\/product_tag?post=5122"}],"curies":[{"name":"wp","href":"https:\/\/api.w.org\/{rel}","templated":true}]}}