{"id":5134,"date":"2025-12-04T13:59:23","date_gmt":"2025-12-04T12:59:23","guid":{"rendered":"https:\/\/lifesupportdistribution.fr\/produits\/simshirt-auskultationssystem\/"},"modified":"2025-12-04T13:59:23","modified_gmt":"2025-12-04T12:59:23","slug":"simshirt-auskultationssystem","status":"publish","type":"product","link":"https:\/\/lifesupportdistribution.fr\/de\/produkt\/simshirt-auskultationssystem\/","title":{"rendered":"SimShirt\u00ae Auskultationssystem"},"content":{"rendered":"<p>Das SimShirt\u00ae von Cardionics wurde entwickelt, um ein authentisches Auskultationserlebnis in klinischen Schulungen zu bieten.<br \/>\nEs erm\u00f6glicht den Lernenden, normale und pathologische Herz-, Lungen- und Bauchger\u00e4usche in einem realistischen Untersuchungsumfeld mit einem standardisierten Patienten zu erkennen.<br \/>\nDas System besteht aus einer d\u00fcnnen Weste oder einem T-Shirt, das unter der Kleidung getragen wird und Ger\u00e4usche an pr\u00e4zisen anatomischen Stellen abgibt.<br \/>\nDie Fernsteuerung von einem Computer oder Tablet aus erm\u00f6glicht die Verwaltung von Szenarien, die Zeitmessung von Pr\u00fcfungen und die Standardisierung von OSCE-Sitzungen.<br \/>\nKompatibel mit dem elektronischen Stethoskop von Cardionics (SimScope) bietet es individuelles Abh\u00f6ren und die M\u00f6glichkeit einer kollektiven \u00dcbertragung f\u00fcr Gruppendemonstrationen.<br \/>\nDiskret, robust und ergonomisch passt sich das SimShirt\u00ae verschiedenen K\u00f6rperformen an und erleichtert die Umsetzung vielf\u00e4ltiger p\u00e4dagogischer Situationen.<\/p>\n","protected":false},"excerpt":{"rendered":"<p>Das SimShirt\u00ae verwandelt einen standardisierten Patienten (Schauspieler) in eine realistische Auskultationsplattform. Eine diskrete \u201ezweite Haut\u201c, die unter der Kleidung getragen wird, gibt Herz-, Lungen- und Bauchger\u00e4usche an pr\u00e4zisen anatomischen Stellen, vorne und hinten am K\u00f6rper, ab.<br \/>\nDer Ausbilder kann die Auskultationsszenarien f\u00fcr reproduzierbare und strukturierte Sitzungen fernsteuern, wobei Interaktion, Kommunikation und klinischer Realismus mit dem lebenden Patienten erhalten bleiben. <\/p>\n","protected":false},"featured_media":2834,"template":"","meta":[],"product_brand":[190],"product_cat":[220],"product_tag":[239],"class_list":{"0":"post-5134","1":"product","2":"type-product","3":"status-publish","4":"has-post-thumbnail","6":"product_brand-cardionics","7":"product_cat-simulierte-patienten","8":"product_tag-herz-lungen","10":"first","11":"instock","12":"shipping-taxable","13":"purchasable","14":"product-type-simple"},"yoast_head":"<!-- This site is optimized with the Yoast SEO plugin v26.8 - https:\/\/yoast.com\/product\/yoast-seo-wordpress\/ -->\n<title>SimShirt\u00ae \u2013 Auskultationssystem f\u00fcr standardisierte Patienten<\/title>\n<meta name=\"description\" content=\"SimShirt: Realistische Auskultationsweste f\u00fcr standardisierte Patienten, Herz-, Lungen- und Bauchger\u00e4usche mit Fernsteuerung.\" \/>\n<meta name=\"robots\" content=\"index, follow, max-snippet:-1, max-image-preview:large, max-video-preview:-1\" \/>\n<link rel=\"canonical\" href=\"https:\/\/lifesupportdistribution.fr\/de\/produkt\/simshirt-auskultationssystem\/\" \/>\n<meta property=\"og:locale\" content=\"de_DE\" \/>\n<meta property=\"og:type\" content=\"article\" \/>\n<meta property=\"og:title\" content=\"SimShirt\u00ae \u2013 Auskultationssystem f\u00fcr standardisierte Patienten\" \/>\n<meta property=\"og:description\" content=\"SimShirt: Realistische Auskultationsweste f\u00fcr standardisierte Patienten, Herz-, Lungen- und Bauchger\u00e4usche mit Fernsteuerung.\" \/>\n<meta property=\"og:url\" content=\"https:\/\/lifesupportdistribution.fr\/de\/produkt\/simshirt-auskultationssystem\/\" \/>\n<meta property=\"og:site_name\" content=\"Life Support Distribution\" \/>\n<meta property=\"og:image\" content=\"https:\/\/lifesupportdistribution.fr\/wp-content\/uploads\/2025\/12\/Systeme-dauscultation-SimShirt\u00ae.jpg\" \/>\n\t<meta property=\"og:image:width\" content=\"1200\" \/>\n\t<meta property=\"og:image:height\" content=\"1200\" \/>\n\t<meta property=\"og:image:type\" content=\"image\/jpeg\" \/>\n<meta name=\"twitter:card\" content=\"summary_large_image\" \/>\n<meta name=\"twitter:label1\" content=\"Gesch\u00e4tzte Lesezeit\" \/>\n\t<meta name=\"twitter:data1\" content=\"1\u00a0Minute\" \/>\n<script type=\"application\/ld+json\" class=\"yoast-schema-graph\">{\"@context\":\"https:\/\/schema.org\",\"@graph\":[{\"@type\":\"WebPage\",\"@id\":\"https:\/\/lifesupportdistribution.fr\/de\/produkt\/simshirt-auskultationssystem\/\",\"url\":\"https:\/\/lifesupportdistribution.fr\/de\/produkt\/simshirt-auskultationssystem\/\",\"name\":\"SimShirt\u00ae \u2013 Auskultationssystem f\u00fcr standardisierte Patienten\",\"isPartOf\":{\"@id\":\"https:\/\/lifesupportdistribution.fr\/de\/#website\"},\"primaryImageOfPage\":{\"@id\":\"https:\/\/lifesupportdistribution.fr\/de\/produkt\/simshirt-auskultationssystem\/#primaryimage\"},\"image\":{\"@id\":\"https:\/\/lifesupportdistribution.fr\/de\/produkt\/simshirt-auskultationssystem\/#primaryimage\"},\"thumbnailUrl\":\"https:\/\/lifesupportdistribution.fr\/wp-content\/uploads\/2025\/12\/Systeme-dauscultation-SimShirt\u00ae.jpg\",\"datePublished\":\"2025-12-04T12:59:23+00:00\",\"description\":\"SimShirt: Realistische Auskultationsweste f\u00fcr standardisierte Patienten, Herz-, Lungen- und Bauchger\u00e4usche mit Fernsteuerung.\",\"breadcrumb\":{\"@id\":\"https:\/\/lifesupportdistribution.fr\/de\/produkt\/simshirt-auskultationssystem\/#breadcrumb\"},\"inLanguage\":\"de\",\"potentialAction\":[{\"@type\":\"ReadAction\",\"target\":[\"https:\/\/lifesupportdistribution.fr\/de\/produkt\/simshirt-auskultationssystem\/\"]}]},{\"@type\":\"ImageObject\",\"inLanguage\":\"de\",\"@id\":\"https:\/\/lifesupportdistribution.fr\/de\/produkt\/simshirt-auskultationssystem\/#primaryimage\",\"url\":\"https:\/\/lifesupportdistribution.fr\/wp-content\/uploads\/2025\/12\/Systeme-dauscultation-SimShirt\u00ae.jpg\",\"contentUrl\":\"https:\/\/lifesupportdistribution.fr\/wp-content\/uploads\/2025\/12\/Systeme-dauscultation-SimShirt\u00ae.jpg\",\"width\":1200,\"height\":1200},{\"@type\":\"BreadcrumbList\",\"@id\":\"https:\/\/lifesupportdistribution.fr\/de\/produkt\/simshirt-auskultationssystem\/#breadcrumb\",\"itemListElement\":[{\"@type\":\"ListItem\",\"position\":1,\"name\":\"Accueil\",\"item\":\"https:\/\/lifesupportdistribution.fr\/de\/startseite\/\"},{\"@type\":\"ListItem\",\"position\":2,\"name\":\"Shop\",\"item\":\"https:\/\/lifesupportdistribution.fr\/de\/shop\/\"},{\"@type\":\"ListItem\",\"position\":3,\"name\":\"SimShirt\u00ae Auskultationssystem\"}]},{\"@type\":\"WebSite\",\"@id\":\"https:\/\/lifesupportdistribution.fr\/de\/#website\",\"url\":\"https:\/\/lifesupportdistribution.fr\/de\/\",\"name\":\"Life Support Distribution\",\"description\":\"Solutions en simulation m\u00e9dicale\",\"publisher\":{\"@id\":\"https:\/\/lifesupportdistribution.fr\/de\/#organization\"},\"potentialAction\":[{\"@type\":\"SearchAction\",\"target\":{\"@type\":\"EntryPoint\",\"urlTemplate\":\"https:\/\/lifesupportdistribution.fr\/de\/?s={search_term_string}\"},\"query-input\":{\"@type\":\"PropertyValueSpecification\",\"valueRequired\":true,\"valueName\":\"search_term_string\"}}],\"inLanguage\":\"de\"},{\"@type\":\"Organization\",\"@id\":\"https:\/\/lifesupportdistribution.fr\/de\/#organization\",\"name\":\"Life Support Distribution\",\"url\":\"https:\/\/lifesupportdistribution.fr\/de\/\",\"logo\":{\"@type\":\"ImageObject\",\"inLanguage\":\"de\",\"@id\":\"https:\/\/lifesupportdistribution.fr\/de\/#\/schema\/logo\/image\/\",\"url\":\"https:\/\/lifesupportdistribution.fr\/wp-content\/uploads\/2025\/10\/logo-life-support-distribution.svg\",\"contentUrl\":\"https:\/\/lifesupportdistribution.fr\/wp-content\/uploads\/2025\/10\/logo-life-support-distribution.svg\",\"width\":698,\"height\":223,\"caption\":\"Life Support Distribution\"},\"image\":{\"@id\":\"https:\/\/lifesupportdistribution.fr\/de\/#\/schema\/logo\/image\/\"},\"sameAs\":[\"https:\/\/www.linkedin.com\/company\/life-support-distribution\/\"]}]}<\/script>\n<!-- \/ Yoast SEO plugin. -->","yoast_head_json":{"title":"SimShirt\u00ae \u2013 Auskultationssystem f\u00fcr standardisierte Patienten","description":"SimShirt: Realistische Auskultationsweste f\u00fcr standardisierte Patienten, Herz-, Lungen- und Bauchger\u00e4usche mit Fernsteuerung.","robots":{"index":"index","follow":"follow","max-snippet":"max-snippet:-1","max-image-preview":"max-image-preview:large","max-video-preview":"max-video-preview:-1"},"canonical":"https:\/\/lifesupportdistribution.fr\/de\/produkt\/simshirt-auskultationssystem\/","og_locale":"de_DE","og_type":"article","og_title":"SimShirt\u00ae \u2013 Auskultationssystem f\u00fcr standardisierte Patienten","og_description":"SimShirt: Realistische Auskultationsweste f\u00fcr standardisierte Patienten, Herz-, Lungen- und Bauchger\u00e4usche mit Fernsteuerung.","og_url":"https:\/\/lifesupportdistribution.fr\/de\/produkt\/simshirt-auskultationssystem\/","og_site_name":"Life Support Distribution","og_image":[{"width":1200,"height":1200,"url":"https:\/\/lifesupportdistribution.fr\/wp-content\/uploads\/2025\/12\/Systeme-dauscultation-SimShirt\u00ae.jpg","type":"image\/jpeg"}],"twitter_card":"summary_large_image","twitter_misc":{"Gesch\u00e4tzte Lesezeit":"1\u00a0Minute"},"schema":{"@context":"https:\/\/schema.org","@graph":[{"@type":"WebPage","@id":"https:\/\/lifesupportdistribution.fr\/de\/produkt\/simshirt-auskultationssystem\/","url":"https:\/\/lifesupportdistribution.fr\/de\/produkt\/simshirt-auskultationssystem\/","name":"SimShirt\u00ae \u2013 Auskultationssystem f\u00fcr standardisierte Patienten","isPartOf":{"@id":"https:\/\/lifesupportdistribution.fr\/de\/#website"},"primaryImageOfPage":{"@id":"https:\/\/lifesupportdistribution.fr\/de\/produkt\/simshirt-auskultationssystem\/#primaryimage"},"image":{"@id":"https:\/\/lifesupportdistribution.fr\/de\/produkt\/simshirt-auskultationssystem\/#primaryimage"},"thumbnailUrl":"https:\/\/lifesupportdistribution.fr\/wp-content\/uploads\/2025\/12\/Systeme-dauscultation-SimShirt\u00ae.jpg","datePublished":"2025-12-04T12:59:23+00:00","description":"SimShirt: Realistische Auskultationsweste f\u00fcr standardisierte Patienten, Herz-, Lungen- und Bauchger\u00e4usche mit Fernsteuerung.","breadcrumb":{"@id":"https:\/\/lifesupportdistribution.fr\/de\/produkt\/simshirt-auskultationssystem\/#breadcrumb"},"inLanguage":"de","potentialAction":[{"@type":"ReadAction","target":["https:\/\/lifesupportdistribution.fr\/de\/produkt\/simshirt-auskultationssystem\/"]}]},{"@type":"ImageObject","inLanguage":"de","@id":"https:\/\/lifesupportdistribution.fr\/de\/produkt\/simshirt-auskultationssystem\/#primaryimage","url":"https:\/\/lifesupportdistribution.fr\/wp-content\/uploads\/2025\/12\/Systeme-dauscultation-SimShirt\u00ae.jpg","contentUrl":"https:\/\/lifesupportdistribution.fr\/wp-content\/uploads\/2025\/12\/Systeme-dauscultation-SimShirt\u00ae.jpg","width":1200,"height":1200},{"@type":"BreadcrumbList","@id":"https:\/\/lifesupportdistribution.fr\/de\/produkt\/simshirt-auskultationssystem\/#breadcrumb","itemListElement":[{"@type":"ListItem","position":1,"name":"Accueil","item":"https:\/\/lifesupportdistribution.fr\/de\/startseite\/"},{"@type":"ListItem","position":2,"name":"Shop","item":"https:\/\/lifesupportdistribution.fr\/de\/shop\/"},{"@type":"ListItem","position":3,"name":"SimShirt\u00ae Auskultationssystem"}]},{"@type":"WebSite","@id":"https:\/\/lifesupportdistribution.fr\/de\/#website","url":"https:\/\/lifesupportdistribution.fr\/de\/","name":"Life Support Distribution","description":"Solutions en simulation m\u00e9dicale","publisher":{"@id":"https:\/\/lifesupportdistribution.fr\/de\/#organization"},"potentialAction":[{"@type":"SearchAction","target":{"@type":"EntryPoint","urlTemplate":"https:\/\/lifesupportdistribution.fr\/de\/?s={search_term_string}"},"query-input":{"@type":"PropertyValueSpecification","valueRequired":true,"valueName":"search_term_string"}}],"inLanguage":"de"},{"@type":"Organization","@id":"https:\/\/lifesupportdistribution.fr\/de\/#organization","name":"Life Support Distribution","url":"https:\/\/lifesupportdistribution.fr\/de\/","logo":{"@type":"ImageObject","inLanguage":"de","@id":"https:\/\/lifesupportdistribution.fr\/de\/#\/schema\/logo\/image\/","url":"https:\/\/lifesupportdistribution.fr\/wp-content\/uploads\/2025\/10\/logo-life-support-distribution.svg","contentUrl":"https:\/\/lifesupportdistribution.fr\/wp-content\/uploads\/2025\/10\/logo-life-support-distribution.svg","width":698,"height":223,"caption":"Life Support Distribution"},"image":{"@id":"https:\/\/lifesupportdistribution.fr\/de\/#\/schema\/logo\/image\/"},"sameAs":["https:\/\/www.linkedin.com\/company\/life-support-distribution\/"]}]}},"_links":{"self":[{"href":"https:\/\/lifesupportdistribution.fr\/de\/wp-json\/wp\/v2\/product\/5134","targetHints":{"allow":["GET"]}}],"collection":[{"href":"https:\/\/lifesupportdistribution.fr\/de\/wp-json\/wp\/v2\/product"}],"about":[{"href":"https:\/\/lifesupportdistribution.fr\/de\/wp-json\/wp\/v2\/types\/product"}],"wp:featuredmedia":[{"embeddable":true,"href":"https:\/\/lifesupportdistribution.fr\/de\/wp-json\/wp\/v2\/media\/2834"}],"wp:attachment":[{"href":"https:\/\/lifesupportdistribution.fr\/de\/wp-json\/wp\/v2\/media?parent=5134"}],"wp:term":[{"taxonomy":"product_brand","embeddable":true,"href":"https:\/\/lifesupportdistribution.fr\/de\/wp-json\/wp\/v2\/product_brand?post=5134"},{"taxonomy":"product_cat","embeddable":true,"href":"https:\/\/lifesupportdistribution.fr\/de\/wp-json\/wp\/v2\/product_cat?post=5134"},{"taxonomy":"product_tag","embeddable":true,"href":"https:\/\/lifesupportdistribution.fr\/de\/wp-json\/wp\/v2\/product_tag?post=5134"}],"curies":[{"name":"wp","href":"https:\/\/api.w.org\/{rel}","templated":true}]}}