{"id":5136,"date":"2025-12-04T14:01:02","date_gmt":"2025-12-04T13:01:02","guid":{"rendered":"https:\/\/lifesupportdistribution.fr\/produits\/blutdrucksimulator-simbp\/"},"modified":"2025-12-04T14:01:02","modified_gmt":"2025-12-04T13:01:02","slug":"blutdrucksimulator-simbp","status":"publish","type":"product","link":"https:\/\/lifesupportdistribution.fr\/de\/produkt\/blutdrucksimulator-simbp\/","title":{"rendered":"Blutdrucksimulator SimBP"},"content":{"rendered":"<p>Der SimBP&#x2122; von Cardionics erm\u00f6glicht das standardisierte und realistische Lehren und Bewerten der Blutdruckmessung.<br \/>\nEntwickelt zur Reproduktion der Korotkow-Ger\u00e4usche (K1 bis K5), hilft er, systolische (SYS) und diastolische (DIA) Werte pr\u00e4zise zu identifizieren.<br \/>\nDer Ausbilder kann Trainingsszenarien konfigurieren, die Herzfrequenz und den Rhythmus \u00e4ndern oder eine auskultatorische L\u00fccke simulieren, um die Fehlerp\u00e4dagogik zu st\u00e4rken.<br \/>\nDank seiner einfachen und schnellen Steuerung k\u00f6nnen die Sitzungen nahtlos aneinandergereiht oder in Schleife wiederholt werden.<br \/>\nDie Lernenden k\u00f6nnen die palpatorische und auskultatorische Methode unter Einhaltung klinischer Haltungen und technischer Handgriffe \u00fcben.<br \/>\nKompakt, robust und einfach zu bedienen, ist der SimBP&#x2122; ein Referenzwerkzeug f\u00fcr die Krankenpflege- und medizinische Ausbildung, in \u00dcbungsr\u00e4umen oder Simulationszentren.<\/p>\n","protected":false},"excerpt":{"rendered":"<p>Der SimBP&#x2122; ist ein Simulator, der dem umfassenden Erlernen der Blutdruckmessung mittels auskultatorischer Methode gewidmet ist.<br \/>\nEr reproduziert originalgetreu die Korotkow-Ger\u00e4usche und erm\u00f6glicht die Erstellung personalisierter Lehr-Szenarien basierend auf systolischen, diastolischen, Rhythmus- und Unregelm\u00e4\u00dfigkeitsparametern.<br \/>\nAls ideales Werkzeug f\u00fcr \u00dcbungen, praktisches Training und OSCE-Bewertungen gew\u00e4hrleistet er ein realistisches und reproduzierbares Training der Blutdruckmesstechnik.<\/p>\n<p>&nbsp;<\/p>\n","protected":false},"featured_media":2836,"template":"","meta":[],"product_brand":[190],"product_cat":[222],"product_tag":[230,232,239,249,251,236],"class_list":{"0":"post-5136","1":"product","2":"type-product","3":"status-publish","4":"has-post-thumbnail","6":"product_brand-cardionics","7":"product_cat-simulatoren-fur-medizinische-versorgung","8":"product_tag-allgemeinmedizin","9":"product_tag-geriatrische-medizin","10":"product_tag-herz-lungen","11":"product_tag-innere-medizin","12":"product_tag-krankenpflege","13":"product_tag-notfallmedizin","15":"first","16":"instock","17":"shipping-taxable","18":"purchasable","19":"product-type-simple"},"yoast_head":"<!-- This site is optimized with the Yoast SEO plugin v26.8 - https:\/\/yoast.com\/product\/yoast-seo-wordpress\/ -->\n<title>SimBP\u2122 \u2013 Simulator zur Blutdruckmessung<\/title>\n<meta name=\"description\" content=\"SimBP: Realistischer Korotkow-Ger\u00e4usch-Simulator zum Erlernen der Blutdruckmessung, mit anpassbaren Szenarien und standardisiertem Training.\" \/>\n<meta name=\"robots\" content=\"index, follow, max-snippet:-1, max-image-preview:large, max-video-preview:-1\" \/>\n<link rel=\"canonical\" href=\"https:\/\/lifesupportdistribution.fr\/de\/produkt\/blutdrucksimulator-simbp\/\" \/>\n<meta property=\"og:locale\" content=\"de_DE\" \/>\n<meta property=\"og:type\" content=\"article\" \/>\n<meta property=\"og:title\" content=\"SimBP\u2122 \u2013 Simulator zur Blutdruckmessung\" \/>\n<meta property=\"og:description\" content=\"SimBP: Realistischer Korotkow-Ger\u00e4usch-Simulator zum Erlernen der Blutdruckmessung, mit anpassbaren Szenarien und standardisiertem Training.\" \/>\n<meta property=\"og:url\" content=\"https:\/\/lifesupportdistribution.fr\/de\/produkt\/blutdrucksimulator-simbp\/\" \/>\n<meta property=\"og:site_name\" content=\"Life Support Distribution\" \/>\n<meta property=\"og:image\" content=\"https:\/\/lifesupportdistribution.fr\/wp-content\/uploads\/2025\/12\/Simulateur-de-pression-arterielle-SimBP.jpg\" \/>\n\t<meta property=\"og:image:width\" content=\"2000\" \/>\n\t<meta property=\"og:image:height\" content=\"2000\" \/>\n\t<meta property=\"og:image:type\" content=\"image\/jpeg\" \/>\n<meta name=\"twitter:card\" content=\"summary_large_image\" \/>\n<meta name=\"twitter:label1\" content=\"Gesch\u00e4tzte Lesezeit\" \/>\n\t<meta name=\"twitter:data1\" content=\"1\u00a0Minute\" \/>\n<script type=\"application\/ld+json\" class=\"yoast-schema-graph\">{\"@context\":\"https:\/\/schema.org\",\"@graph\":[{\"@type\":\"WebPage\",\"@id\":\"https:\/\/lifesupportdistribution.fr\/de\/produkt\/blutdrucksimulator-simbp\/\",\"url\":\"https:\/\/lifesupportdistribution.fr\/de\/produkt\/blutdrucksimulator-simbp\/\",\"name\":\"SimBP\u2122 \u2013 Simulator zur Blutdruckmessung\",\"isPartOf\":{\"@id\":\"https:\/\/lifesupportdistribution.fr\/de\/#website\"},\"primaryImageOfPage\":{\"@id\":\"https:\/\/lifesupportdistribution.fr\/de\/produkt\/blutdrucksimulator-simbp\/#primaryimage\"},\"image\":{\"@id\":\"https:\/\/lifesupportdistribution.fr\/de\/produkt\/blutdrucksimulator-simbp\/#primaryimage\"},\"thumbnailUrl\":\"https:\/\/lifesupportdistribution.fr\/wp-content\/uploads\/2025\/12\/Simulateur-de-pression-arterielle-SimBP.jpg\",\"datePublished\":\"2025-12-04T13:01:02+00:00\",\"description\":\"SimBP: Realistischer Korotkow-Ger\u00e4usch-Simulator zum Erlernen der Blutdruckmessung, mit anpassbaren Szenarien und standardisiertem Training.\",\"breadcrumb\":{\"@id\":\"https:\/\/lifesupportdistribution.fr\/de\/produkt\/blutdrucksimulator-simbp\/#breadcrumb\"},\"inLanguage\":\"de\",\"potentialAction\":[{\"@type\":\"ReadAction\",\"target\":[\"https:\/\/lifesupportdistribution.fr\/de\/produkt\/blutdrucksimulator-simbp\/\"]}]},{\"@type\":\"ImageObject\",\"inLanguage\":\"de\",\"@id\":\"https:\/\/lifesupportdistribution.fr\/de\/produkt\/blutdrucksimulator-simbp\/#primaryimage\",\"url\":\"https:\/\/lifesupportdistribution.fr\/wp-content\/uploads\/2025\/12\/Simulateur-de-pression-arterielle-SimBP.jpg\",\"contentUrl\":\"https:\/\/lifesupportdistribution.fr\/wp-content\/uploads\/2025\/12\/Simulateur-de-pression-arterielle-SimBP.jpg\",\"width\":2000,\"height\":2000},{\"@type\":\"BreadcrumbList\",\"@id\":\"https:\/\/lifesupportdistribution.fr\/de\/produkt\/blutdrucksimulator-simbp\/#breadcrumb\",\"itemListElement\":[{\"@type\":\"ListItem\",\"position\":1,\"name\":\"Accueil\",\"item\":\"https:\/\/lifesupportdistribution.fr\/de\/startseite\/\"},{\"@type\":\"ListItem\",\"position\":2,\"name\":\"Shop\",\"item\":\"https:\/\/lifesupportdistribution.fr\/de\/shop\/\"},{\"@type\":\"ListItem\",\"position\":3,\"name\":\"Blutdrucksimulator SimBP\"}]},{\"@type\":\"WebSite\",\"@id\":\"https:\/\/lifesupportdistribution.fr\/de\/#website\",\"url\":\"https:\/\/lifesupportdistribution.fr\/de\/\",\"name\":\"Life Support Distribution\",\"description\":\"Solutions en simulation m\u00e9dicale\",\"publisher\":{\"@id\":\"https:\/\/lifesupportdistribution.fr\/de\/#organization\"},\"potentialAction\":[{\"@type\":\"SearchAction\",\"target\":{\"@type\":\"EntryPoint\",\"urlTemplate\":\"https:\/\/lifesupportdistribution.fr\/de\/?s={search_term_string}\"},\"query-input\":{\"@type\":\"PropertyValueSpecification\",\"valueRequired\":true,\"valueName\":\"search_term_string\"}}],\"inLanguage\":\"de\"},{\"@type\":\"Organization\",\"@id\":\"https:\/\/lifesupportdistribution.fr\/de\/#organization\",\"name\":\"Life Support Distribution\",\"url\":\"https:\/\/lifesupportdistribution.fr\/de\/\",\"logo\":{\"@type\":\"ImageObject\",\"inLanguage\":\"de\",\"@id\":\"https:\/\/lifesupportdistribution.fr\/de\/#\/schema\/logo\/image\/\",\"url\":\"https:\/\/lifesupportdistribution.fr\/wp-content\/uploads\/2025\/10\/logo-life-support-distribution.svg\",\"contentUrl\":\"https:\/\/lifesupportdistribution.fr\/wp-content\/uploads\/2025\/10\/logo-life-support-distribution.svg\",\"width\":698,\"height\":223,\"caption\":\"Life Support Distribution\"},\"image\":{\"@id\":\"https:\/\/lifesupportdistribution.fr\/de\/#\/schema\/logo\/image\/\"},\"sameAs\":[\"https:\/\/www.linkedin.com\/company\/life-support-distribution\/\"]}]}<\/script>\n<!-- \/ Yoast SEO plugin. -->","yoast_head_json":{"title":"SimBP\u2122 \u2013 Simulator zur Blutdruckmessung","description":"SimBP: Realistischer Korotkow-Ger\u00e4usch-Simulator zum Erlernen der Blutdruckmessung, mit anpassbaren Szenarien und standardisiertem Training.","robots":{"index":"index","follow":"follow","max-snippet":"max-snippet:-1","max-image-preview":"max-image-preview:large","max-video-preview":"max-video-preview:-1"},"canonical":"https:\/\/lifesupportdistribution.fr\/de\/produkt\/blutdrucksimulator-simbp\/","og_locale":"de_DE","og_type":"article","og_title":"SimBP\u2122 \u2013 Simulator zur Blutdruckmessung","og_description":"SimBP: Realistischer Korotkow-Ger\u00e4usch-Simulator zum Erlernen der Blutdruckmessung, mit anpassbaren Szenarien und standardisiertem Training.","og_url":"https:\/\/lifesupportdistribution.fr\/de\/produkt\/blutdrucksimulator-simbp\/","og_site_name":"Life Support Distribution","og_image":[{"width":2000,"height":2000,"url":"https:\/\/lifesupportdistribution.fr\/wp-content\/uploads\/2025\/12\/Simulateur-de-pression-arterielle-SimBP.jpg","type":"image\/jpeg"}],"twitter_card":"summary_large_image","twitter_misc":{"Gesch\u00e4tzte Lesezeit":"1\u00a0Minute"},"schema":{"@context":"https:\/\/schema.org","@graph":[{"@type":"WebPage","@id":"https:\/\/lifesupportdistribution.fr\/de\/produkt\/blutdrucksimulator-simbp\/","url":"https:\/\/lifesupportdistribution.fr\/de\/produkt\/blutdrucksimulator-simbp\/","name":"SimBP\u2122 \u2013 Simulator zur Blutdruckmessung","isPartOf":{"@id":"https:\/\/lifesupportdistribution.fr\/de\/#website"},"primaryImageOfPage":{"@id":"https:\/\/lifesupportdistribution.fr\/de\/produkt\/blutdrucksimulator-simbp\/#primaryimage"},"image":{"@id":"https:\/\/lifesupportdistribution.fr\/de\/produkt\/blutdrucksimulator-simbp\/#primaryimage"},"thumbnailUrl":"https:\/\/lifesupportdistribution.fr\/wp-content\/uploads\/2025\/12\/Simulateur-de-pression-arterielle-SimBP.jpg","datePublished":"2025-12-04T13:01:02+00:00","description":"SimBP: Realistischer Korotkow-Ger\u00e4usch-Simulator zum Erlernen der Blutdruckmessung, mit anpassbaren Szenarien und standardisiertem Training.","breadcrumb":{"@id":"https:\/\/lifesupportdistribution.fr\/de\/produkt\/blutdrucksimulator-simbp\/#breadcrumb"},"inLanguage":"de","potentialAction":[{"@type":"ReadAction","target":["https:\/\/lifesupportdistribution.fr\/de\/produkt\/blutdrucksimulator-simbp\/"]}]},{"@type":"ImageObject","inLanguage":"de","@id":"https:\/\/lifesupportdistribution.fr\/de\/produkt\/blutdrucksimulator-simbp\/#primaryimage","url":"https:\/\/lifesupportdistribution.fr\/wp-content\/uploads\/2025\/12\/Simulateur-de-pression-arterielle-SimBP.jpg","contentUrl":"https:\/\/lifesupportdistribution.fr\/wp-content\/uploads\/2025\/12\/Simulateur-de-pression-arterielle-SimBP.jpg","width":2000,"height":2000},{"@type":"BreadcrumbList","@id":"https:\/\/lifesupportdistribution.fr\/de\/produkt\/blutdrucksimulator-simbp\/#breadcrumb","itemListElement":[{"@type":"ListItem","position":1,"name":"Accueil","item":"https:\/\/lifesupportdistribution.fr\/de\/startseite\/"},{"@type":"ListItem","position":2,"name":"Shop","item":"https:\/\/lifesupportdistribution.fr\/de\/shop\/"},{"@type":"ListItem","position":3,"name":"Blutdrucksimulator SimBP"}]},{"@type":"WebSite","@id":"https:\/\/lifesupportdistribution.fr\/de\/#website","url":"https:\/\/lifesupportdistribution.fr\/de\/","name":"Life Support Distribution","description":"Solutions en simulation m\u00e9dicale","publisher":{"@id":"https:\/\/lifesupportdistribution.fr\/de\/#organization"},"potentialAction":[{"@type":"SearchAction","target":{"@type":"EntryPoint","urlTemplate":"https:\/\/lifesupportdistribution.fr\/de\/?s={search_term_string}"},"query-input":{"@type":"PropertyValueSpecification","valueRequired":true,"valueName":"search_term_string"}}],"inLanguage":"de"},{"@type":"Organization","@id":"https:\/\/lifesupportdistribution.fr\/de\/#organization","name":"Life Support Distribution","url":"https:\/\/lifesupportdistribution.fr\/de\/","logo":{"@type":"ImageObject","inLanguage":"de","@id":"https:\/\/lifesupportdistribution.fr\/de\/#\/schema\/logo\/image\/","url":"https:\/\/lifesupportdistribution.fr\/wp-content\/uploads\/2025\/10\/logo-life-support-distribution.svg","contentUrl":"https:\/\/lifesupportdistribution.fr\/wp-content\/uploads\/2025\/10\/logo-life-support-distribution.svg","width":698,"height":223,"caption":"Life Support Distribution"},"image":{"@id":"https:\/\/lifesupportdistribution.fr\/de\/#\/schema\/logo\/image\/"},"sameAs":["https:\/\/www.linkedin.com\/company\/life-support-distribution\/"]}]}},"_links":{"self":[{"href":"https:\/\/lifesupportdistribution.fr\/de\/wp-json\/wp\/v2\/product\/5136","targetHints":{"allow":["GET"]}}],"collection":[{"href":"https:\/\/lifesupportdistribution.fr\/de\/wp-json\/wp\/v2\/product"}],"about":[{"href":"https:\/\/lifesupportdistribution.fr\/de\/wp-json\/wp\/v2\/types\/product"}],"wp:featuredmedia":[{"embeddable":true,"href":"https:\/\/lifesupportdistribution.fr\/de\/wp-json\/wp\/v2\/media\/2836"}],"wp:attachment":[{"href":"https:\/\/lifesupportdistribution.fr\/de\/wp-json\/wp\/v2\/media?parent=5136"}],"wp:term":[{"taxonomy":"product_brand","embeddable":true,"href":"https:\/\/lifesupportdistribution.fr\/de\/wp-json\/wp\/v2\/product_brand?post=5136"},{"taxonomy":"product_cat","embeddable":true,"href":"https:\/\/lifesupportdistribution.fr\/de\/wp-json\/wp\/v2\/product_cat?post=5136"},{"taxonomy":"product_tag","embeddable":true,"href":"https:\/\/lifesupportdistribution.fr\/de\/wp-json\/wp\/v2\/product_tag?post=5136"}],"curies":[{"name":"wp","href":"https:\/\/api.w.org\/{rel}","templated":true}]}}