{"id":5140,"date":"2025-12-04T13:55:37","date_gmt":"2025-12-04T12:55:37","guid":{"rendered":"https:\/\/lifesupportdistribution.fr\/produits\/sam-basic-system-auskultationssimulator-fuer-erwachsene\/"},"modified":"2025-12-04T13:55:37","modified_gmt":"2025-12-04T12:55:37","slug":"sam-basic-system-auskultationssimulator-fuer-erwachsene","status":"publish","type":"product","link":"https:\/\/lifesupportdistribution.fr\/de\/produkt\/sam-basic-system-auskultationssimulator-fuer-erwachsene\/","title":{"rendered":"SAM Basic System \u2013 Auskultationssimulator f\u00fcr Erwachsene"},"content":{"rendered":"<p>Das Cardionics SAM Basic System ist ideal f\u00fcr die Vermittlung der Grundlagen der klinischen Auskultation.<br \/>\nEs erm\u00f6glicht das Erlernen des Erkennens und Unterscheidens der wichtigsten Herz-, Lungen- und Bauchger\u00e4usche bei Erwachsenen.<br \/>\nDie Auskultationsbereiche sind gem\u00e4\u00df den standardm\u00e4\u00dfigen klinischen Orientierungspunkten positioniert, was das Einpr\u00e4gen realer Handgriffe f\u00f6rdert.<br \/>\nSeine Soundbibliothek umfasst wesentliche normale und pathologische Ger\u00e4usche, die \u00fcber eine einfache und schnell zu bedienende Oberfl\u00e4che gesteuert werden.<br \/>\nDer Simulator bietet die M\u00f6glichkeit des individuellen H\u00f6rens mittels eines elektronischen Cardionics-Stethoskops oder einer kollektiven Wiedergabe bei Demonstrationen.<br \/>\nLeicht, robust und einfach zu transportieren, f\u00fcgt sich der SAM Basic perfekt in die Programme von Tutorien, Erstausbildungen oder Simulationen in Gesundheitszentren ein.<\/p>\n","protected":false},"excerpt":{"rendered":"<p>Der SAM Basic ist ein einfacher und kosteng\u00fcnstiger Auskultationssimulator f\u00fcr Erwachsene, entwickelt f\u00fcr das Erlernen von Herz-, Lungen- und Bauchger\u00e4uschen. Er erm\u00f6glicht es, Studierende in die Praxis der klinischen Auskultation einzuf\u00fchren und grundlegende Bewertungen zu standardisieren. Dank seiner pr\u00e4zisen anatomischen Orientierungspunkte und einer Bibliothek grundlegender Ger\u00e4usche bietet er eine realistische und intuitive Lernerfahrung.  <\/p>\n<p>&nbsp;<\/p>\n","protected":false},"featured_media":2832,"template":"","meta":[],"product_brand":[190],"product_cat":[222],"product_tag":[230,239,249,251,236],"class_list":{"0":"post-5140","1":"product","2":"type-product","3":"status-publish","4":"has-post-thumbnail","6":"product_brand-cardionics","7":"product_cat-simulatoren-fur-medizinische-versorgung","8":"product_tag-allgemeinmedizin","9":"product_tag-herz-lungen","10":"product_tag-innere-medizin","11":"product_tag-krankenpflege","12":"product_tag-notfallmedizin","14":"first","15":"instock","16":"shipping-taxable","17":"purchasable","18":"product-type-simple"},"yoast_head":"<!-- This site is optimized with the Yoast SEO plugin v26.8 - https:\/\/yoast.com\/product\/yoast-seo-wordpress\/ -->\n<title>SAM Basic \u2013 Auskultationssimulator f\u00fcr Erwachsene<\/title>\n<meta name=\"description\" content=\"Einfacher und effektiver Auskultationssimulator f\u00fcr Erwachsene zum Erlernen von Herz-, Lungen- und Bauchger\u00e4uschen in einer realistischen klinischen Ausbildung.\" \/>\n<meta name=\"robots\" content=\"index, follow, max-snippet:-1, max-image-preview:large, max-video-preview:-1\" \/>\n<link rel=\"canonical\" href=\"https:\/\/lifesupportdistribution.fr\/de\/produkt\/sam-basic-system-auskultationssimulator-fuer-erwachsene\/\" \/>\n<meta property=\"og:locale\" content=\"de_DE\" \/>\n<meta property=\"og:type\" content=\"article\" \/>\n<meta property=\"og:title\" content=\"SAM Basic \u2013 Auskultationssimulator f\u00fcr Erwachsene\" \/>\n<meta property=\"og:description\" content=\"Einfacher und effektiver Auskultationssimulator f\u00fcr Erwachsene zum Erlernen von Herz-, Lungen- und Bauchger\u00e4uschen in einer realistischen klinischen Ausbildung.\" \/>\n<meta property=\"og:url\" content=\"https:\/\/lifesupportdistribution.fr\/de\/produkt\/sam-basic-system-auskultationssimulator-fuer-erwachsene\/\" \/>\n<meta property=\"og:site_name\" content=\"Life Support Distribution\" \/>\n<meta property=\"og:image\" content=\"https:\/\/lifesupportdistribution.fr\/wp-content\/uploads\/2025\/12\/Systeme-SAM-Basic-Simulateur-dauscultation-adulte.jpg\" \/>\n\t<meta property=\"og:image:width\" content=\"1200\" \/>\n\t<meta property=\"og:image:height\" content=\"1200\" \/>\n\t<meta property=\"og:image:type\" content=\"image\/jpeg\" \/>\n<meta name=\"twitter:card\" content=\"summary_large_image\" \/>\n<meta name=\"twitter:label1\" content=\"Gesch\u00e4tzte Lesezeit\" \/>\n\t<meta name=\"twitter:data1\" content=\"1\u00a0Minute\" \/>\n<script type=\"application\/ld+json\" class=\"yoast-schema-graph\">{\"@context\":\"https:\/\/schema.org\",\"@graph\":[{\"@type\":\"WebPage\",\"@id\":\"https:\/\/lifesupportdistribution.fr\/de\/produkt\/sam-basic-system-auskultationssimulator-fuer-erwachsene\/\",\"url\":\"https:\/\/lifesupportdistribution.fr\/de\/produkt\/sam-basic-system-auskultationssimulator-fuer-erwachsene\/\",\"name\":\"SAM Basic \u2013 Auskultationssimulator f\u00fcr Erwachsene\",\"isPartOf\":{\"@id\":\"https:\/\/lifesupportdistribution.fr\/de\/#website\"},\"primaryImageOfPage\":{\"@id\":\"https:\/\/lifesupportdistribution.fr\/de\/produkt\/sam-basic-system-auskultationssimulator-fuer-erwachsene\/#primaryimage\"},\"image\":{\"@id\":\"https:\/\/lifesupportdistribution.fr\/de\/produkt\/sam-basic-system-auskultationssimulator-fuer-erwachsene\/#primaryimage\"},\"thumbnailUrl\":\"https:\/\/lifesupportdistribution.fr\/wp-content\/uploads\/2025\/12\/Systeme-SAM-Basic-Simulateur-dauscultation-adulte.jpg\",\"datePublished\":\"2025-12-04T12:55:37+00:00\",\"description\":\"Einfacher und effektiver Auskultationssimulator f\u00fcr Erwachsene zum Erlernen von Herz-, Lungen- und Bauchger\u00e4uschen in einer realistischen klinischen Ausbildung.\",\"breadcrumb\":{\"@id\":\"https:\/\/lifesupportdistribution.fr\/de\/produkt\/sam-basic-system-auskultationssimulator-fuer-erwachsene\/#breadcrumb\"},\"inLanguage\":\"de\",\"potentialAction\":[{\"@type\":\"ReadAction\",\"target\":[\"https:\/\/lifesupportdistribution.fr\/de\/produkt\/sam-basic-system-auskultationssimulator-fuer-erwachsene\/\"]}]},{\"@type\":\"ImageObject\",\"inLanguage\":\"de\",\"@id\":\"https:\/\/lifesupportdistribution.fr\/de\/produkt\/sam-basic-system-auskultationssimulator-fuer-erwachsene\/#primaryimage\",\"url\":\"https:\/\/lifesupportdistribution.fr\/wp-content\/uploads\/2025\/12\/Systeme-SAM-Basic-Simulateur-dauscultation-adulte.jpg\",\"contentUrl\":\"https:\/\/lifesupportdistribution.fr\/wp-content\/uploads\/2025\/12\/Systeme-SAM-Basic-Simulateur-dauscultation-adulte.jpg\",\"width\":1200,\"height\":1200},{\"@type\":\"BreadcrumbList\",\"@id\":\"https:\/\/lifesupportdistribution.fr\/de\/produkt\/sam-basic-system-auskultationssimulator-fuer-erwachsene\/#breadcrumb\",\"itemListElement\":[{\"@type\":\"ListItem\",\"position\":1,\"name\":\"Accueil\",\"item\":\"https:\/\/lifesupportdistribution.fr\/de\/startseite\/\"},{\"@type\":\"ListItem\",\"position\":2,\"name\":\"Shop\",\"item\":\"https:\/\/lifesupportdistribution.fr\/de\/shop\/\"},{\"@type\":\"ListItem\",\"position\":3,\"name\":\"SAM Basic System \u2013 Auskultationssimulator f\u00fcr Erwachsene\"}]},{\"@type\":\"WebSite\",\"@id\":\"https:\/\/lifesupportdistribution.fr\/de\/#website\",\"url\":\"https:\/\/lifesupportdistribution.fr\/de\/\",\"name\":\"Life Support Distribution\",\"description\":\"Solutions en simulation m\u00e9dicale\",\"publisher\":{\"@id\":\"https:\/\/lifesupportdistribution.fr\/de\/#organization\"},\"potentialAction\":[{\"@type\":\"SearchAction\",\"target\":{\"@type\":\"EntryPoint\",\"urlTemplate\":\"https:\/\/lifesupportdistribution.fr\/de\/?s={search_term_string}\"},\"query-input\":{\"@type\":\"PropertyValueSpecification\",\"valueRequired\":true,\"valueName\":\"search_term_string\"}}],\"inLanguage\":\"de\"},{\"@type\":\"Organization\",\"@id\":\"https:\/\/lifesupportdistribution.fr\/de\/#organization\",\"name\":\"Life Support Distribution\",\"url\":\"https:\/\/lifesupportdistribution.fr\/de\/\",\"logo\":{\"@type\":\"ImageObject\",\"inLanguage\":\"de\",\"@id\":\"https:\/\/lifesupportdistribution.fr\/de\/#\/schema\/logo\/image\/\",\"url\":\"https:\/\/lifesupportdistribution.fr\/wp-content\/uploads\/2025\/10\/logo-life-support-distribution.svg\",\"contentUrl\":\"https:\/\/lifesupportdistribution.fr\/wp-content\/uploads\/2025\/10\/logo-life-support-distribution.svg\",\"width\":698,\"height\":223,\"caption\":\"Life Support Distribution\"},\"image\":{\"@id\":\"https:\/\/lifesupportdistribution.fr\/de\/#\/schema\/logo\/image\/\"},\"sameAs\":[\"https:\/\/www.linkedin.com\/company\/life-support-distribution\/\"]}]}<\/script>\n<!-- \/ Yoast SEO plugin. -->","yoast_head_json":{"title":"SAM Basic \u2013 Auskultationssimulator f\u00fcr Erwachsene","description":"Einfacher und effektiver Auskultationssimulator f\u00fcr Erwachsene zum Erlernen von Herz-, Lungen- und Bauchger\u00e4uschen in einer realistischen klinischen Ausbildung.","robots":{"index":"index","follow":"follow","max-snippet":"max-snippet:-1","max-image-preview":"max-image-preview:large","max-video-preview":"max-video-preview:-1"},"canonical":"https:\/\/lifesupportdistribution.fr\/de\/produkt\/sam-basic-system-auskultationssimulator-fuer-erwachsene\/","og_locale":"de_DE","og_type":"article","og_title":"SAM Basic \u2013 Auskultationssimulator f\u00fcr Erwachsene","og_description":"Einfacher und effektiver Auskultationssimulator f\u00fcr Erwachsene zum Erlernen von Herz-, Lungen- und Bauchger\u00e4uschen in einer realistischen klinischen Ausbildung.","og_url":"https:\/\/lifesupportdistribution.fr\/de\/produkt\/sam-basic-system-auskultationssimulator-fuer-erwachsene\/","og_site_name":"Life Support Distribution","og_image":[{"width":1200,"height":1200,"url":"https:\/\/lifesupportdistribution.fr\/wp-content\/uploads\/2025\/12\/Systeme-SAM-Basic-Simulateur-dauscultation-adulte.jpg","type":"image\/jpeg"}],"twitter_card":"summary_large_image","twitter_misc":{"Gesch\u00e4tzte Lesezeit":"1\u00a0Minute"},"schema":{"@context":"https:\/\/schema.org","@graph":[{"@type":"WebPage","@id":"https:\/\/lifesupportdistribution.fr\/de\/produkt\/sam-basic-system-auskultationssimulator-fuer-erwachsene\/","url":"https:\/\/lifesupportdistribution.fr\/de\/produkt\/sam-basic-system-auskultationssimulator-fuer-erwachsene\/","name":"SAM Basic \u2013 Auskultationssimulator f\u00fcr Erwachsene","isPartOf":{"@id":"https:\/\/lifesupportdistribution.fr\/de\/#website"},"primaryImageOfPage":{"@id":"https:\/\/lifesupportdistribution.fr\/de\/produkt\/sam-basic-system-auskultationssimulator-fuer-erwachsene\/#primaryimage"},"image":{"@id":"https:\/\/lifesupportdistribution.fr\/de\/produkt\/sam-basic-system-auskultationssimulator-fuer-erwachsene\/#primaryimage"},"thumbnailUrl":"https:\/\/lifesupportdistribution.fr\/wp-content\/uploads\/2025\/12\/Systeme-SAM-Basic-Simulateur-dauscultation-adulte.jpg","datePublished":"2025-12-04T12:55:37+00:00","description":"Einfacher und effektiver Auskultationssimulator f\u00fcr Erwachsene zum Erlernen von Herz-, Lungen- und Bauchger\u00e4uschen in einer realistischen klinischen Ausbildung.","breadcrumb":{"@id":"https:\/\/lifesupportdistribution.fr\/de\/produkt\/sam-basic-system-auskultationssimulator-fuer-erwachsene\/#breadcrumb"},"inLanguage":"de","potentialAction":[{"@type":"ReadAction","target":["https:\/\/lifesupportdistribution.fr\/de\/produkt\/sam-basic-system-auskultationssimulator-fuer-erwachsene\/"]}]},{"@type":"ImageObject","inLanguage":"de","@id":"https:\/\/lifesupportdistribution.fr\/de\/produkt\/sam-basic-system-auskultationssimulator-fuer-erwachsene\/#primaryimage","url":"https:\/\/lifesupportdistribution.fr\/wp-content\/uploads\/2025\/12\/Systeme-SAM-Basic-Simulateur-dauscultation-adulte.jpg","contentUrl":"https:\/\/lifesupportdistribution.fr\/wp-content\/uploads\/2025\/12\/Systeme-SAM-Basic-Simulateur-dauscultation-adulte.jpg","width":1200,"height":1200},{"@type":"BreadcrumbList","@id":"https:\/\/lifesupportdistribution.fr\/de\/produkt\/sam-basic-system-auskultationssimulator-fuer-erwachsene\/#breadcrumb","itemListElement":[{"@type":"ListItem","position":1,"name":"Accueil","item":"https:\/\/lifesupportdistribution.fr\/de\/startseite\/"},{"@type":"ListItem","position":2,"name":"Shop","item":"https:\/\/lifesupportdistribution.fr\/de\/shop\/"},{"@type":"ListItem","position":3,"name":"SAM Basic System \u2013 Auskultationssimulator f\u00fcr Erwachsene"}]},{"@type":"WebSite","@id":"https:\/\/lifesupportdistribution.fr\/de\/#website","url":"https:\/\/lifesupportdistribution.fr\/de\/","name":"Life Support Distribution","description":"Solutions en simulation m\u00e9dicale","publisher":{"@id":"https:\/\/lifesupportdistribution.fr\/de\/#organization"},"potentialAction":[{"@type":"SearchAction","target":{"@type":"EntryPoint","urlTemplate":"https:\/\/lifesupportdistribution.fr\/de\/?s={search_term_string}"},"query-input":{"@type":"PropertyValueSpecification","valueRequired":true,"valueName":"search_term_string"}}],"inLanguage":"de"},{"@type":"Organization","@id":"https:\/\/lifesupportdistribution.fr\/de\/#organization","name":"Life Support Distribution","url":"https:\/\/lifesupportdistribution.fr\/de\/","logo":{"@type":"ImageObject","inLanguage":"de","@id":"https:\/\/lifesupportdistribution.fr\/de\/#\/schema\/logo\/image\/","url":"https:\/\/lifesupportdistribution.fr\/wp-content\/uploads\/2025\/10\/logo-life-support-distribution.svg","contentUrl":"https:\/\/lifesupportdistribution.fr\/wp-content\/uploads\/2025\/10\/logo-life-support-distribution.svg","width":698,"height":223,"caption":"Life Support Distribution"},"image":{"@id":"https:\/\/lifesupportdistribution.fr\/de\/#\/schema\/logo\/image\/"},"sameAs":["https:\/\/www.linkedin.com\/company\/life-support-distribution\/"]}]}},"_links":{"self":[{"href":"https:\/\/lifesupportdistribution.fr\/de\/wp-json\/wp\/v2\/product\/5140","targetHints":{"allow":["GET"]}}],"collection":[{"href":"https:\/\/lifesupportdistribution.fr\/de\/wp-json\/wp\/v2\/product"}],"about":[{"href":"https:\/\/lifesupportdistribution.fr\/de\/wp-json\/wp\/v2\/types\/product"}],"wp:featuredmedia":[{"embeddable":true,"href":"https:\/\/lifesupportdistribution.fr\/de\/wp-json\/wp\/v2\/media\/2832"}],"wp:attachment":[{"href":"https:\/\/lifesupportdistribution.fr\/de\/wp-json\/wp\/v2\/media?parent=5140"}],"wp:term":[{"taxonomy":"product_brand","embeddable":true,"href":"https:\/\/lifesupportdistribution.fr\/de\/wp-json\/wp\/v2\/product_brand?post=5140"},{"taxonomy":"product_cat","embeddable":true,"href":"https:\/\/lifesupportdistribution.fr\/de\/wp-json\/wp\/v2\/product_cat?post=5140"},{"taxonomy":"product_tag","embeddable":true,"href":"https:\/\/lifesupportdistribution.fr\/de\/wp-json\/wp\/v2\/product_tag?post=5140"}],"curies":[{"name":"wp","href":"https:\/\/api.w.org\/{rel}","templated":true}]}}