{"id":5146,"date":"2025-12-05T10:14:20","date_gmt":"2025-12-05T09:14:20","guid":{"rendered":"https:\/\/lifesupportdistribution.fr\/produits\/airsim-bronchi-bronchoskopie-simulator\/"},"modified":"2025-12-05T10:14:20","modified_gmt":"2025-12-05T09:14:20","slug":"airsim-bronchi-bronchoskopie-simulator","status":"publish","type":"product","link":"https:\/\/lifesupportdistribution.fr\/de\/produkt\/airsim-bronchi-bronchoskopie-simulator\/","title":{"rendered":"AirSim Bronchi \u2013 Bronchoskopie-Simulator"},"content":{"rendered":"<p>Das AirSim Bronchi Modell erm\u00f6glicht es Studierenden und medizinischem Fachpersonal, die Handhabung von Bronchoskopen unter realit\u00e4tsnahen Bedingungen zu \u00fcben. Dank seiner detaillierten internen Struktur bildet es die oberen Atemwege, die Luftr\u00f6hre und die Hauptbronchien naturgetreu ab. Sein anatomischer Realismus erm\u00f6glicht es, die Bronchialverzweigungen zu erkunden, Navigationsman\u00f6ver zu perfektionieren und eine bessere Augen-Hand-Koordination zu erlangen. Vielseitig und langlebig passt sich dieser Simulator allen Lernphasen an, von der anatomischen Orientierung bis zu komplexeren endoskopischen Untersuchungen.   <\/p>\n","protected":false},"excerpt":{"rendered":"<p>Der AirSim Bronchi ist ein Simulator, der f\u00fcr das Erlernen von Atemwegsmanagement-Techniken, insbesondere der Bronchoskopie, entwickelt wurde. Er bildet eine naturgetreue Anatomie der oberen Atemwege ab und umfasst eine Nasenh\u00f6hle sowie einen realistischen Bronchialbaum bis zur vierten Generation. Somit bietet er eine umfassende Trainingsumgebung f\u00fcr die Entwicklung von F\u00e4higkeiten in der diagnostischen und interventionellen Endoskopie.  <\/p>\n","protected":false},"featured_media":2882,"template":"","meta":[],"product_brand":[212],"product_cat":[222],"product_tag":[237,239,252,236],"class_list":{"0":"post-5146","1":"product","2":"type-product","3":"status-publish","4":"has-post-thumbnail","6":"product_brand-trucorp","7":"product_cat-simulatoren-fur-medizinische-versorgung","8":"product_tag-anasthesie","9":"product_tag-herz-lungen","10":"product_tag-intensivmedizin","11":"product_tag-notfallmedizin","13":"first","14":"instock","15":"shipping-taxable","16":"purchasable","17":"product-type-simple"},"yoast_head":"<!-- This site is optimized with the Yoast SEO plugin v26.8 - https:\/\/yoast.com\/product\/yoast-seo-wordpress\/ -->\n<title>AirSim Bronchi \u2013 Bronchoskopie<\/title>\n<meta name=\"description\" content=\"TruCorp AirSim Bronchi zum \u00dcben der Bronchoskopie. Realistisches Modell zur Entwicklung wesentlicher Orientierungs- und klinischer F\u00e4higkeiten.\" \/>\n<meta name=\"robots\" content=\"index, follow, max-snippet:-1, max-image-preview:large, max-video-preview:-1\" \/>\n<link rel=\"canonical\" href=\"https:\/\/lifesupportdistribution.fr\/de\/produkt\/airsim-bronchi-bronchoskopie-simulator\/\" \/>\n<meta property=\"og:locale\" content=\"de_DE\" \/>\n<meta property=\"og:type\" content=\"article\" \/>\n<meta property=\"og:title\" content=\"AirSim Bronchi \u2013 Bronchoskopie\" \/>\n<meta property=\"og:description\" content=\"TruCorp AirSim Bronchi zum \u00dcben der Bronchoskopie. Realistisches Modell zur Entwicklung wesentlicher Orientierungs- und klinischer F\u00e4higkeiten.\" \/>\n<meta property=\"og:url\" content=\"https:\/\/lifesupportdistribution.fr\/de\/produkt\/airsim-bronchi-bronchoskopie-simulator\/\" \/>\n<meta property=\"og:site_name\" content=\"Life Support Distribution\" \/>\n<meta property=\"og:image\" content=\"https:\/\/lifesupportdistribution.fr\/wp-content\/uploads\/2025\/12\/Photo-AirSim\u00ae-Bronchi.png\" \/>\n\t<meta property=\"og:image:width\" content=\"1418\" \/>\n\t<meta property=\"og:image:height\" content=\"702\" \/>\n\t<meta property=\"og:image:type\" content=\"image\/png\" \/>\n<meta name=\"twitter:card\" content=\"summary_large_image\" \/>\n<script type=\"application\/ld+json\" class=\"yoast-schema-graph\">{\"@context\":\"https:\/\/schema.org\",\"@graph\":[{\"@type\":\"WebPage\",\"@id\":\"https:\/\/lifesupportdistribution.fr\/de\/produkt\/airsim-bronchi-bronchoskopie-simulator\/\",\"url\":\"https:\/\/lifesupportdistribution.fr\/de\/produkt\/airsim-bronchi-bronchoskopie-simulator\/\",\"name\":\"AirSim Bronchi \u2013 Bronchoskopie\",\"isPartOf\":{\"@id\":\"https:\/\/lifesupportdistribution.fr\/de\/#website\"},\"primaryImageOfPage\":{\"@id\":\"https:\/\/lifesupportdistribution.fr\/de\/produkt\/airsim-bronchi-bronchoskopie-simulator\/#primaryimage\"},\"image\":{\"@id\":\"https:\/\/lifesupportdistribution.fr\/de\/produkt\/airsim-bronchi-bronchoskopie-simulator\/#primaryimage\"},\"thumbnailUrl\":\"https:\/\/lifesupportdistribution.fr\/wp-content\/uploads\/2025\/12\/Photo-AirSim\u00ae-Bronchi.png\",\"datePublished\":\"2025-12-05T09:14:20+00:00\",\"description\":\"TruCorp AirSim Bronchi zum \u00dcben der Bronchoskopie. Realistisches Modell zur Entwicklung wesentlicher Orientierungs- und klinischer F\u00e4higkeiten.\",\"breadcrumb\":{\"@id\":\"https:\/\/lifesupportdistribution.fr\/de\/produkt\/airsim-bronchi-bronchoskopie-simulator\/#breadcrumb\"},\"inLanguage\":\"de\",\"potentialAction\":[{\"@type\":\"ReadAction\",\"target\":[\"https:\/\/lifesupportdistribution.fr\/de\/produkt\/airsim-bronchi-bronchoskopie-simulator\/\"]}]},{\"@type\":\"ImageObject\",\"inLanguage\":\"de\",\"@id\":\"https:\/\/lifesupportdistribution.fr\/de\/produkt\/airsim-bronchi-bronchoskopie-simulator\/#primaryimage\",\"url\":\"https:\/\/lifesupportdistribution.fr\/wp-content\/uploads\/2025\/12\/Photo-AirSim\u00ae-Bronchi.png\",\"contentUrl\":\"https:\/\/lifesupportdistribution.fr\/wp-content\/uploads\/2025\/12\/Photo-AirSim\u00ae-Bronchi.png\",\"width\":1418,\"height\":702},{\"@type\":\"BreadcrumbList\",\"@id\":\"https:\/\/lifesupportdistribution.fr\/de\/produkt\/airsim-bronchi-bronchoskopie-simulator\/#breadcrumb\",\"itemListElement\":[{\"@type\":\"ListItem\",\"position\":1,\"name\":\"Accueil\",\"item\":\"https:\/\/lifesupportdistribution.fr\/de\/startseite\/\"},{\"@type\":\"ListItem\",\"position\":2,\"name\":\"Shop\",\"item\":\"https:\/\/lifesupportdistribution.fr\/de\/shop\/\"},{\"@type\":\"ListItem\",\"position\":3,\"name\":\"AirSim Bronchi \u2013 Bronchoskopie-Simulator\"}]},{\"@type\":\"WebSite\",\"@id\":\"https:\/\/lifesupportdistribution.fr\/de\/#website\",\"url\":\"https:\/\/lifesupportdistribution.fr\/de\/\",\"name\":\"Life Support Distribution\",\"description\":\"Solutions en simulation m\u00e9dicale\",\"publisher\":{\"@id\":\"https:\/\/lifesupportdistribution.fr\/de\/#organization\"},\"potentialAction\":[{\"@type\":\"SearchAction\",\"target\":{\"@type\":\"EntryPoint\",\"urlTemplate\":\"https:\/\/lifesupportdistribution.fr\/de\/?s={search_term_string}\"},\"query-input\":{\"@type\":\"PropertyValueSpecification\",\"valueRequired\":true,\"valueName\":\"search_term_string\"}}],\"inLanguage\":\"de\"},{\"@type\":\"Organization\",\"@id\":\"https:\/\/lifesupportdistribution.fr\/de\/#organization\",\"name\":\"Life Support Distribution\",\"url\":\"https:\/\/lifesupportdistribution.fr\/de\/\",\"logo\":{\"@type\":\"ImageObject\",\"inLanguage\":\"de\",\"@id\":\"https:\/\/lifesupportdistribution.fr\/de\/#\/schema\/logo\/image\/\",\"url\":\"https:\/\/lifesupportdistribution.fr\/wp-content\/uploads\/2025\/10\/logo-life-support-distribution.svg\",\"contentUrl\":\"https:\/\/lifesupportdistribution.fr\/wp-content\/uploads\/2025\/10\/logo-life-support-distribution.svg\",\"width\":698,\"height\":223,\"caption\":\"Life Support Distribution\"},\"image\":{\"@id\":\"https:\/\/lifesupportdistribution.fr\/de\/#\/schema\/logo\/image\/\"},\"sameAs\":[\"https:\/\/www.linkedin.com\/company\/life-support-distribution\/\"]}]}<\/script>\n<!-- \/ Yoast SEO plugin. -->","yoast_head_json":{"title":"AirSim Bronchi \u2013 Bronchoskopie","description":"TruCorp AirSim Bronchi zum \u00dcben der Bronchoskopie. Realistisches Modell zur Entwicklung wesentlicher Orientierungs- und klinischer F\u00e4higkeiten.","robots":{"index":"index","follow":"follow","max-snippet":"max-snippet:-1","max-image-preview":"max-image-preview:large","max-video-preview":"max-video-preview:-1"},"canonical":"https:\/\/lifesupportdistribution.fr\/de\/produkt\/airsim-bronchi-bronchoskopie-simulator\/","og_locale":"de_DE","og_type":"article","og_title":"AirSim Bronchi \u2013 Bronchoskopie","og_description":"TruCorp AirSim Bronchi zum \u00dcben der Bronchoskopie. Realistisches Modell zur Entwicklung wesentlicher Orientierungs- und klinischer F\u00e4higkeiten.","og_url":"https:\/\/lifesupportdistribution.fr\/de\/produkt\/airsim-bronchi-bronchoskopie-simulator\/","og_site_name":"Life Support Distribution","og_image":[{"width":1418,"height":702,"url":"https:\/\/lifesupportdistribution.fr\/wp-content\/uploads\/2025\/12\/Photo-AirSim\u00ae-Bronchi.png","type":"image\/png"}],"twitter_card":"summary_large_image","schema":{"@context":"https:\/\/schema.org","@graph":[{"@type":"WebPage","@id":"https:\/\/lifesupportdistribution.fr\/de\/produkt\/airsim-bronchi-bronchoskopie-simulator\/","url":"https:\/\/lifesupportdistribution.fr\/de\/produkt\/airsim-bronchi-bronchoskopie-simulator\/","name":"AirSim Bronchi \u2013 Bronchoskopie","isPartOf":{"@id":"https:\/\/lifesupportdistribution.fr\/de\/#website"},"primaryImageOfPage":{"@id":"https:\/\/lifesupportdistribution.fr\/de\/produkt\/airsim-bronchi-bronchoskopie-simulator\/#primaryimage"},"image":{"@id":"https:\/\/lifesupportdistribution.fr\/de\/produkt\/airsim-bronchi-bronchoskopie-simulator\/#primaryimage"},"thumbnailUrl":"https:\/\/lifesupportdistribution.fr\/wp-content\/uploads\/2025\/12\/Photo-AirSim\u00ae-Bronchi.png","datePublished":"2025-12-05T09:14:20+00:00","description":"TruCorp AirSim Bronchi zum \u00dcben der Bronchoskopie. Realistisches Modell zur Entwicklung wesentlicher Orientierungs- und klinischer F\u00e4higkeiten.","breadcrumb":{"@id":"https:\/\/lifesupportdistribution.fr\/de\/produkt\/airsim-bronchi-bronchoskopie-simulator\/#breadcrumb"},"inLanguage":"de","potentialAction":[{"@type":"ReadAction","target":["https:\/\/lifesupportdistribution.fr\/de\/produkt\/airsim-bronchi-bronchoskopie-simulator\/"]}]},{"@type":"ImageObject","inLanguage":"de","@id":"https:\/\/lifesupportdistribution.fr\/de\/produkt\/airsim-bronchi-bronchoskopie-simulator\/#primaryimage","url":"https:\/\/lifesupportdistribution.fr\/wp-content\/uploads\/2025\/12\/Photo-AirSim\u00ae-Bronchi.png","contentUrl":"https:\/\/lifesupportdistribution.fr\/wp-content\/uploads\/2025\/12\/Photo-AirSim\u00ae-Bronchi.png","width":1418,"height":702},{"@type":"BreadcrumbList","@id":"https:\/\/lifesupportdistribution.fr\/de\/produkt\/airsim-bronchi-bronchoskopie-simulator\/#breadcrumb","itemListElement":[{"@type":"ListItem","position":1,"name":"Accueil","item":"https:\/\/lifesupportdistribution.fr\/de\/startseite\/"},{"@type":"ListItem","position":2,"name":"Shop","item":"https:\/\/lifesupportdistribution.fr\/de\/shop\/"},{"@type":"ListItem","position":3,"name":"AirSim Bronchi \u2013 Bronchoskopie-Simulator"}]},{"@type":"WebSite","@id":"https:\/\/lifesupportdistribution.fr\/de\/#website","url":"https:\/\/lifesupportdistribution.fr\/de\/","name":"Life Support Distribution","description":"Solutions en simulation m\u00e9dicale","publisher":{"@id":"https:\/\/lifesupportdistribution.fr\/de\/#organization"},"potentialAction":[{"@type":"SearchAction","target":{"@type":"EntryPoint","urlTemplate":"https:\/\/lifesupportdistribution.fr\/de\/?s={search_term_string}"},"query-input":{"@type":"PropertyValueSpecification","valueRequired":true,"valueName":"search_term_string"}}],"inLanguage":"de"},{"@type":"Organization","@id":"https:\/\/lifesupportdistribution.fr\/de\/#organization","name":"Life Support Distribution","url":"https:\/\/lifesupportdistribution.fr\/de\/","logo":{"@type":"ImageObject","inLanguage":"de","@id":"https:\/\/lifesupportdistribution.fr\/de\/#\/schema\/logo\/image\/","url":"https:\/\/lifesupportdistribution.fr\/wp-content\/uploads\/2025\/10\/logo-life-support-distribution.svg","contentUrl":"https:\/\/lifesupportdistribution.fr\/wp-content\/uploads\/2025\/10\/logo-life-support-distribution.svg","width":698,"height":223,"caption":"Life Support Distribution"},"image":{"@id":"https:\/\/lifesupportdistribution.fr\/de\/#\/schema\/logo\/image\/"},"sameAs":["https:\/\/www.linkedin.com\/company\/life-support-distribution\/"]}]}},"_links":{"self":[{"href":"https:\/\/lifesupportdistribution.fr\/de\/wp-json\/wp\/v2\/product\/5146","targetHints":{"allow":["GET"]}}],"collection":[{"href":"https:\/\/lifesupportdistribution.fr\/de\/wp-json\/wp\/v2\/product"}],"about":[{"href":"https:\/\/lifesupportdistribution.fr\/de\/wp-json\/wp\/v2\/types\/product"}],"wp:featuredmedia":[{"embeddable":true,"href":"https:\/\/lifesupportdistribution.fr\/de\/wp-json\/wp\/v2\/media\/2882"}],"wp:attachment":[{"href":"https:\/\/lifesupportdistribution.fr\/de\/wp-json\/wp\/v2\/media?parent=5146"}],"wp:term":[{"taxonomy":"product_brand","embeddable":true,"href":"https:\/\/lifesupportdistribution.fr\/de\/wp-json\/wp\/v2\/product_brand?post=5146"},{"taxonomy":"product_cat","embeddable":true,"href":"https:\/\/lifesupportdistribution.fr\/de\/wp-json\/wp\/v2\/product_cat?post=5146"},{"taxonomy":"product_tag","embeddable":true,"href":"https:\/\/lifesupportdistribution.fr\/de\/wp-json\/wp\/v2\/product_tag?post=5146"}],"curies":[{"name":"wp","href":"https:\/\/api.w.org\/{rel}","templated":true}]}}