{"id":5148,"date":"2025-12-04T14:04:26","date_gmt":"2025-12-04T13:04:26","guid":{"rendered":"https:\/\/lifesupportdistribution.fr\/produits\/iv-injection-arm-simbp-system-simulationskit\/"},"modified":"2026-01-02T14:06:52","modified_gmt":"2026-01-02T13:06:52","slug":"iv-injection-arm-simbp-system-simulationskit","status":"publish","type":"product","link":"https:\/\/lifesupportdistribution.fr\/de\/produkt\/iv-injection-arm-simbp-system-simulationskit\/","title":{"rendered":"IV Injection Arm + SimBP System \u2013 Simulationskit"},"content":{"rendered":"<p>Das IV Injection Arm + SimBP System von Cardionics vereint zwei erg\u00e4nzende Ger\u00e4te f\u00fcr die praktische Ausbildung in der Krankenpflege.<br \/>\nDer IV-Injektionsarm erm\u00f6glicht das \u00dcben von Infusionen, Blutentnahmen und Katheterplatzierungen. Er bildet das Venennetz originalgetreu ab, mit realistischem Blutr\u00fcckfluss (Flashback) und austauschbarer Haut\/Venen.<br \/>\nDer SimBP simuliert die Blutdruckmessung mittels auskultatorischer Methode, mit originalgetreuen und parametrierbaren Korotkow-Ger\u00e4uschen (K1\u2013K5) je nach Herzfrequenz, Systole\/Diastole und Unregelm\u00e4\u00dfigkeiten.<br \/>\nDieses Kit f\u00f6rdert die Fehlerp\u00e4dagogik, indem es die Reproduktion h\u00e4ufiger Fehler (falsche Manschettenpositionierung, falsche Entleerungsgeschwindigkeit, ged\u00e4mpfte Ger\u00e4usche) erm\u00f6glicht.<br \/>\nKompakt, robust und pflegeleicht, ist dieses System ideal f\u00fcr Krankenpflegeschulen, Simulationszentren und OSCE-Bewertungen. <\/p>\n","protected":false},"excerpt":{"rendered":"<p>Das IV Injection Arm + SimBP System ist ein Kombi-Kit zum Erlernen und zur Standardisierung von Techniken der peripheren intraven\u00f6sen Infusion (Punktion, Katheterisierung, Infusionsanlage) und der auskultatorischen Blutdruckmessung.<br \/>\nEntwickelt f\u00fcr praktische \u00dcbungen in der Krankenpflege und OSCE-Bewertungen, kombiniert es einen realistischen Injektionsarm mit simuliertem Blutr\u00fcckfluss und einen SimBP Blutdrucksimulator, der parametrierbare Korotkow-Ger\u00e4usche f\u00fcr ein umfassendes und realistisches Training erzeugt.<\/p>\n","protected":false},"featured_media":5149,"template":"","meta":[],"product_brand":[190],"product_cat":[222],"product_tag":[237,239,249,252,251,236],"class_list":{"0":"post-5148","1":"product","2":"type-product","3":"status-publish","4":"has-post-thumbnail","6":"product_brand-cardionics","7":"product_cat-simulatoren-fur-medizinische-versorgung","8":"product_tag-anasthesie","9":"product_tag-herz-lungen","10":"product_tag-innere-medizin","11":"product_tag-intensivmedizin","12":"product_tag-krankenpflege","13":"product_tag-notfallmedizin","15":"first","16":"instock","17":"shipping-taxable","18":"purchasable","19":"product-type-simple"},"yoast_head":"<!-- This site is optimized with the Yoast SEO plugin v26.8 - https:\/\/yoast.com\/product\/yoast-seo-wordpress\/ -->\n<title>IV Injection Arm + SimBP \u2013 Infusions- &amp; Blutdruck-Kit<\/title>\n<meta name=\"description\" content=\"IV Injection Arm + SimBP Kit: Infusion, Punktion, Katheter und auskultatorische Blutdruckmessung. Realistische Korotkow-Ger\u00e4usche, ideal f\u00fcr Praktika und OSCE.\" \/>\n<meta name=\"robots\" content=\"index, follow, max-snippet:-1, max-image-preview:large, max-video-preview:-1\" \/>\n<link rel=\"canonical\" href=\"https:\/\/lifesupportdistribution.fr\/de\/produkt\/iv-injection-arm-simbp-system-simulationskit\/\" \/>\n<meta property=\"og:locale\" content=\"de_DE\" \/>\n<meta property=\"og:type\" content=\"article\" \/>\n<meta property=\"og:title\" content=\"IV Injection Arm + SimBP \u2013 Infusions- &amp; Blutdruck-Kit\" \/>\n<meta property=\"og:description\" content=\"IV Injection Arm + SimBP Kit: Infusion, Punktion, Katheter und auskultatorische Blutdruckmessung. Realistische Korotkow-Ger\u00e4usche, ideal f\u00fcr Praktika und OSCE.\" \/>\n<meta property=\"og:url\" content=\"https:\/\/lifesupportdistribution.fr\/de\/produkt\/iv-injection-arm-simbp-system-simulationskit\/\" \/>\n<meta property=\"og:site_name\" content=\"Life Support Distribution\" \/>\n<meta property=\"article:modified_time\" content=\"2026-01-02T13:06:52+00:00\" \/>\n<meta property=\"og:image\" content=\"https:\/\/lifesupportdistribution.fr\/wp-content\/uploads\/2025\/12\/Systeme-IV-Injection-Arm-SimBP-Kit-de-simulation.jpg\" \/>\n\t<meta property=\"og:image:width\" content=\"750\" \/>\n\t<meta property=\"og:image:height\" content=\"750\" \/>\n\t<meta property=\"og:image:type\" content=\"image\/jpeg\" \/>\n<meta name=\"twitter:card\" content=\"summary_large_image\" \/>\n<meta name=\"twitter:label1\" content=\"Gesch\u00e4tzte Lesezeit\" \/>\n\t<meta name=\"twitter:data1\" content=\"1\u00a0Minute\" \/>\n<script type=\"application\/ld+json\" class=\"yoast-schema-graph\">{\"@context\":\"https:\/\/schema.org\",\"@graph\":[{\"@type\":\"WebPage\",\"@id\":\"https:\/\/lifesupportdistribution.fr\/de\/produkt\/iv-injection-arm-simbp-system-simulationskit\/\",\"url\":\"https:\/\/lifesupportdistribution.fr\/de\/produkt\/iv-injection-arm-simbp-system-simulationskit\/\",\"name\":\"IV Injection Arm + SimBP \u2013 Infusions- & Blutdruck-Kit\",\"isPartOf\":{\"@id\":\"https:\/\/lifesupportdistribution.fr\/de\/#website\"},\"primaryImageOfPage\":{\"@id\":\"https:\/\/lifesupportdistribution.fr\/de\/produkt\/iv-injection-arm-simbp-system-simulationskit\/#primaryimage\"},\"image\":{\"@id\":\"https:\/\/lifesupportdistribution.fr\/de\/produkt\/iv-injection-arm-simbp-system-simulationskit\/#primaryimage\"},\"thumbnailUrl\":\"https:\/\/lifesupportdistribution.fr\/wp-content\/uploads\/2025\/12\/Systeme-IV-Injection-Arm-SimBP-Kit-de-simulation.jpg\",\"datePublished\":\"2025-12-04T13:04:26+00:00\",\"dateModified\":\"2026-01-02T13:06:52+00:00\",\"description\":\"IV Injection Arm + SimBP Kit: Infusion, Punktion, Katheter und auskultatorische Blutdruckmessung. Realistische Korotkow-Ger\u00e4usche, ideal f\u00fcr Praktika und OSCE.\",\"breadcrumb\":{\"@id\":\"https:\/\/lifesupportdistribution.fr\/de\/produkt\/iv-injection-arm-simbp-system-simulationskit\/#breadcrumb\"},\"inLanguage\":\"de\",\"potentialAction\":[{\"@type\":\"ReadAction\",\"target\":[\"https:\/\/lifesupportdistribution.fr\/de\/produkt\/iv-injection-arm-simbp-system-simulationskit\/\"]}]},{\"@type\":\"ImageObject\",\"inLanguage\":\"de\",\"@id\":\"https:\/\/lifesupportdistribution.fr\/de\/produkt\/iv-injection-arm-simbp-system-simulationskit\/#primaryimage\",\"url\":\"https:\/\/lifesupportdistribution.fr\/wp-content\/uploads\/2025\/12\/Systeme-IV-Injection-Arm-SimBP-Kit-de-simulation.jpg\",\"contentUrl\":\"https:\/\/lifesupportdistribution.fr\/wp-content\/uploads\/2025\/12\/Systeme-IV-Injection-Arm-SimBP-Kit-de-simulation.jpg\",\"width\":750,\"height\":750},{\"@type\":\"BreadcrumbList\",\"@id\":\"https:\/\/lifesupportdistribution.fr\/de\/produkt\/iv-injection-arm-simbp-system-simulationskit\/#breadcrumb\",\"itemListElement\":[{\"@type\":\"ListItem\",\"position\":1,\"name\":\"Accueil\",\"item\":\"https:\/\/lifesupportdistribution.fr\/de\/startseite\/\"},{\"@type\":\"ListItem\",\"position\":2,\"name\":\"Shop\",\"item\":\"https:\/\/lifesupportdistribution.fr\/de\/shop\/\"},{\"@type\":\"ListItem\",\"position\":3,\"name\":\"IV Injection Arm + SimBP System \u2013 Simulationskit\"}]},{\"@type\":\"WebSite\",\"@id\":\"https:\/\/lifesupportdistribution.fr\/de\/#website\",\"url\":\"https:\/\/lifesupportdistribution.fr\/de\/\",\"name\":\"Life Support Distribution\",\"description\":\"Solutions en simulation m\u00e9dicale\",\"publisher\":{\"@id\":\"https:\/\/lifesupportdistribution.fr\/de\/#organization\"},\"potentialAction\":[{\"@type\":\"SearchAction\",\"target\":{\"@type\":\"EntryPoint\",\"urlTemplate\":\"https:\/\/lifesupportdistribution.fr\/de\/?s={search_term_string}\"},\"query-input\":{\"@type\":\"PropertyValueSpecification\",\"valueRequired\":true,\"valueName\":\"search_term_string\"}}],\"inLanguage\":\"de\"},{\"@type\":\"Organization\",\"@id\":\"https:\/\/lifesupportdistribution.fr\/de\/#organization\",\"name\":\"Life Support Distribution\",\"url\":\"https:\/\/lifesupportdistribution.fr\/de\/\",\"logo\":{\"@type\":\"ImageObject\",\"inLanguage\":\"de\",\"@id\":\"https:\/\/lifesupportdistribution.fr\/de\/#\/schema\/logo\/image\/\",\"url\":\"https:\/\/lifesupportdistribution.fr\/wp-content\/uploads\/2025\/10\/logo-life-support-distribution.svg\",\"contentUrl\":\"https:\/\/lifesupportdistribution.fr\/wp-content\/uploads\/2025\/10\/logo-life-support-distribution.svg\",\"width\":698,\"height\":223,\"caption\":\"Life Support Distribution\"},\"image\":{\"@id\":\"https:\/\/lifesupportdistribution.fr\/de\/#\/schema\/logo\/image\/\"},\"sameAs\":[\"https:\/\/www.linkedin.com\/company\/life-support-distribution\/\"]}]}<\/script>\n<!-- \/ Yoast SEO plugin. -->","yoast_head_json":{"title":"IV Injection Arm + SimBP \u2013 Infusions- & Blutdruck-Kit","description":"IV Injection Arm + SimBP Kit: Infusion, Punktion, Katheter und auskultatorische Blutdruckmessung. Realistische Korotkow-Ger\u00e4usche, ideal f\u00fcr Praktika und OSCE.","robots":{"index":"index","follow":"follow","max-snippet":"max-snippet:-1","max-image-preview":"max-image-preview:large","max-video-preview":"max-video-preview:-1"},"canonical":"https:\/\/lifesupportdistribution.fr\/de\/produkt\/iv-injection-arm-simbp-system-simulationskit\/","og_locale":"de_DE","og_type":"article","og_title":"IV Injection Arm + SimBP \u2013 Infusions- & Blutdruck-Kit","og_description":"IV Injection Arm + SimBP Kit: Infusion, Punktion, Katheter und auskultatorische Blutdruckmessung. Realistische Korotkow-Ger\u00e4usche, ideal f\u00fcr Praktika und OSCE.","og_url":"https:\/\/lifesupportdistribution.fr\/de\/produkt\/iv-injection-arm-simbp-system-simulationskit\/","og_site_name":"Life Support Distribution","article_modified_time":"2026-01-02T13:06:52+00:00","og_image":[{"width":750,"height":750,"url":"https:\/\/lifesupportdistribution.fr\/wp-content\/uploads\/2025\/12\/Systeme-IV-Injection-Arm-SimBP-Kit-de-simulation.jpg","type":"image\/jpeg"}],"twitter_card":"summary_large_image","twitter_misc":{"Gesch\u00e4tzte Lesezeit":"1\u00a0Minute"},"schema":{"@context":"https:\/\/schema.org","@graph":[{"@type":"WebPage","@id":"https:\/\/lifesupportdistribution.fr\/de\/produkt\/iv-injection-arm-simbp-system-simulationskit\/","url":"https:\/\/lifesupportdistribution.fr\/de\/produkt\/iv-injection-arm-simbp-system-simulationskit\/","name":"IV Injection Arm + SimBP \u2013 Infusions- & Blutdruck-Kit","isPartOf":{"@id":"https:\/\/lifesupportdistribution.fr\/de\/#website"},"primaryImageOfPage":{"@id":"https:\/\/lifesupportdistribution.fr\/de\/produkt\/iv-injection-arm-simbp-system-simulationskit\/#primaryimage"},"image":{"@id":"https:\/\/lifesupportdistribution.fr\/de\/produkt\/iv-injection-arm-simbp-system-simulationskit\/#primaryimage"},"thumbnailUrl":"https:\/\/lifesupportdistribution.fr\/wp-content\/uploads\/2025\/12\/Systeme-IV-Injection-Arm-SimBP-Kit-de-simulation.jpg","datePublished":"2025-12-04T13:04:26+00:00","dateModified":"2026-01-02T13:06:52+00:00","description":"IV Injection Arm + SimBP Kit: Infusion, Punktion, Katheter und auskultatorische Blutdruckmessung. Realistische Korotkow-Ger\u00e4usche, ideal f\u00fcr Praktika und OSCE.","breadcrumb":{"@id":"https:\/\/lifesupportdistribution.fr\/de\/produkt\/iv-injection-arm-simbp-system-simulationskit\/#breadcrumb"},"inLanguage":"de","potentialAction":[{"@type":"ReadAction","target":["https:\/\/lifesupportdistribution.fr\/de\/produkt\/iv-injection-arm-simbp-system-simulationskit\/"]}]},{"@type":"ImageObject","inLanguage":"de","@id":"https:\/\/lifesupportdistribution.fr\/de\/produkt\/iv-injection-arm-simbp-system-simulationskit\/#primaryimage","url":"https:\/\/lifesupportdistribution.fr\/wp-content\/uploads\/2025\/12\/Systeme-IV-Injection-Arm-SimBP-Kit-de-simulation.jpg","contentUrl":"https:\/\/lifesupportdistribution.fr\/wp-content\/uploads\/2025\/12\/Systeme-IV-Injection-Arm-SimBP-Kit-de-simulation.jpg","width":750,"height":750},{"@type":"BreadcrumbList","@id":"https:\/\/lifesupportdistribution.fr\/de\/produkt\/iv-injection-arm-simbp-system-simulationskit\/#breadcrumb","itemListElement":[{"@type":"ListItem","position":1,"name":"Accueil","item":"https:\/\/lifesupportdistribution.fr\/de\/startseite\/"},{"@type":"ListItem","position":2,"name":"Shop","item":"https:\/\/lifesupportdistribution.fr\/de\/shop\/"},{"@type":"ListItem","position":3,"name":"IV Injection Arm + SimBP System \u2013 Simulationskit"}]},{"@type":"WebSite","@id":"https:\/\/lifesupportdistribution.fr\/de\/#website","url":"https:\/\/lifesupportdistribution.fr\/de\/","name":"Life Support Distribution","description":"Solutions en simulation m\u00e9dicale","publisher":{"@id":"https:\/\/lifesupportdistribution.fr\/de\/#organization"},"potentialAction":[{"@type":"SearchAction","target":{"@type":"EntryPoint","urlTemplate":"https:\/\/lifesupportdistribution.fr\/de\/?s={search_term_string}"},"query-input":{"@type":"PropertyValueSpecification","valueRequired":true,"valueName":"search_term_string"}}],"inLanguage":"de"},{"@type":"Organization","@id":"https:\/\/lifesupportdistribution.fr\/de\/#organization","name":"Life Support Distribution","url":"https:\/\/lifesupportdistribution.fr\/de\/","logo":{"@type":"ImageObject","inLanguage":"de","@id":"https:\/\/lifesupportdistribution.fr\/de\/#\/schema\/logo\/image\/","url":"https:\/\/lifesupportdistribution.fr\/wp-content\/uploads\/2025\/10\/logo-life-support-distribution.svg","contentUrl":"https:\/\/lifesupportdistribution.fr\/wp-content\/uploads\/2025\/10\/logo-life-support-distribution.svg","width":698,"height":223,"caption":"Life Support Distribution"},"image":{"@id":"https:\/\/lifesupportdistribution.fr\/de\/#\/schema\/logo\/image\/"},"sameAs":["https:\/\/www.linkedin.com\/company\/life-support-distribution\/"]}]}},"_links":{"self":[{"href":"https:\/\/lifesupportdistribution.fr\/de\/wp-json\/wp\/v2\/product\/5148","targetHints":{"allow":["GET"]}}],"collection":[{"href":"https:\/\/lifesupportdistribution.fr\/de\/wp-json\/wp\/v2\/product"}],"about":[{"href":"https:\/\/lifesupportdistribution.fr\/de\/wp-json\/wp\/v2\/types\/product"}],"wp:featuredmedia":[{"embeddable":true,"href":"https:\/\/lifesupportdistribution.fr\/de\/wp-json\/wp\/v2\/media\/5149"}],"wp:attachment":[{"href":"https:\/\/lifesupportdistribution.fr\/de\/wp-json\/wp\/v2\/media?parent=5148"}],"wp:term":[{"taxonomy":"product_brand","embeddable":true,"href":"https:\/\/lifesupportdistribution.fr\/de\/wp-json\/wp\/v2\/product_brand?post=5148"},{"taxonomy":"product_cat","embeddable":true,"href":"https:\/\/lifesupportdistribution.fr\/de\/wp-json\/wp\/v2\/product_cat?post=5148"},{"taxonomy":"product_tag","embeddable":true,"href":"https:\/\/lifesupportdistribution.fr\/de\/wp-json\/wp\/v2\/product_tag?post=5148"}],"curies":[{"name":"wp","href":"https:\/\/api.w.org\/{rel}","templated":true}]}}