{"id":5152,"date":"2025-12-12T14:57:40","date_gmt":"2025-12-12T13:57:40","guid":{"rendered":"https:\/\/lifesupportdistribution.fr\/produits\/cathetrainer-echogener-arm-fuer-tiefe-venenpunktion\/"},"modified":"2025-12-12T14:57:40","modified_gmt":"2025-12-12T13:57:40","slug":"cathetrainer-echogener-arm-fuer-tiefe-venenpunktion","status":"publish","type":"product","link":"https:\/\/lifesupportdistribution.fr\/de\/produkt\/cathetrainer-echogener-arm-fuer-tiefe-venenpunktion\/","title":{"rendered":"CatheTrainer \u2013 Echogener Arm f\u00fcr tiefe Venenpunktion"},"content":{"rendered":"<p>Der in Frankreich entwickelte und hergestellte CatheTrainer bietet eine getreue Nachbildung eines menschlichen Arms mit tiefem Venennetz, das f\u00fcr die Praxis der Echof\u00fchrung geeignet ist.<br \/>\nSein hochwertiges echogenes Material erm\u00f6glicht eine klare Visualisierung von Gef\u00e4\u00dfen, deren W\u00e4nden und der Gewebetiefe f\u00fcr ein realistisches und reproduzierbares Lernen.<br \/>\nDas Modell erm\u00f6glicht das \u00dcben von Lokalisierungs-, Kompressions-, Punktionstechniken in Kurz- und L\u00e4ngsachse sowie die kontrollierte Insertion von Nadeln und Kathetern.<br \/>\nSeine Langlebigkeit und die M\u00f6glichkeit, bestimmte Elemente zu ersetzen, machen ihn zu einem unverzichtbaren Werkzeug f\u00fcr Simulationszentren, Krankenpflegeschulen und spezialisierte Krankenhausausbildungen.<\/p>\n","protected":false},"excerpt":{"rendered":"<p>Der Creaplast CatheTrainer ist ein hochpr\u00e4ziser echogener Arm, der f\u00fcr das Erlernen der tiefen Venenpunktion, der Nadelmanipulation und der Ultraschallf\u00fchrung entwickelt wurde. Dank seiner optimierten anatomischen Struktur und leistungsstarken Bildgebungsmaterialien erm\u00f6glicht er den Erwerb der notwendigen F\u00e4higkeiten f\u00fcr die sichere Praxis tiefer Gef\u00e4\u00dfzug\u00e4nge. <\/p>\n","protected":false},"featured_media":3528,"template":"","meta":[],"product_brand":[191],"product_cat":[222],"product_tag":[237,252,245,251,236,248],"class_list":{"0":"post-5152","1":"product","2":"type-product","3":"status-publish","4":"has-post-thumbnail","6":"product_brand-creaplast","7":"product_cat-simulatoren-fur-medizinische-versorgung","8":"product_tag-anasthesie","9":"product_tag-intensivmedizin","10":"product_tag-intensivpflege","11":"product_tag-krankenpflege","12":"product_tag-notfallmedizin","13":"product_tag-radiologie","15":"first","16":"instock","17":"shipping-taxable","18":"purchasable","19":"product-type-simple"},"yoast_head":"<!-- This site is optimized with the Yoast SEO plugin v26.8 - https:\/\/yoast.com\/product\/yoast-seo-wordpress\/ -->\n<title>CatheTrainer \u2013 Echogener Arm f\u00fcr Venenpunktion<\/title>\n<meta name=\"description\" content=\"Echogener Arm f\u00fcr das Training der ultraschallgesteuerten tiefen Venenpunktion. Anatomischer Realismus und pr\u00e4zise F\u00fchrung.\" \/>\n<meta name=\"robots\" content=\"index, follow, max-snippet:-1, max-image-preview:large, max-video-preview:-1\" \/>\n<link rel=\"canonical\" href=\"https:\/\/lifesupportdistribution.fr\/de\/produkt\/cathetrainer-echogener-arm-fuer-tiefe-venenpunktion\/\" \/>\n<meta property=\"og:locale\" content=\"de_DE\" \/>\n<meta property=\"og:type\" content=\"article\" \/>\n<meta property=\"og:title\" content=\"CatheTrainer \u2013 Echogener Arm f\u00fcr Venenpunktion\" \/>\n<meta property=\"og:description\" content=\"Echogener Arm f\u00fcr das Training der ultraschallgesteuerten tiefen Venenpunktion. Anatomischer Realismus und pr\u00e4zise F\u00fchrung.\" \/>\n<meta property=\"og:url\" content=\"https:\/\/lifesupportdistribution.fr\/de\/produkt\/cathetrainer-echogener-arm-fuer-tiefe-venenpunktion\/\" \/>\n<meta property=\"og:site_name\" content=\"Life Support Distribution\" \/>\n<meta property=\"og:image\" content=\"https:\/\/lifesupportdistribution.fr\/wp-content\/uploads\/2025\/12\/cathetrainer-bras-echogene-pour-ponction-veine-profonde.jpg\" \/>\n\t<meta property=\"og:image:width\" content=\"600\" \/>\n\t<meta property=\"og:image:height\" content=\"400\" \/>\n\t<meta property=\"og:image:type\" content=\"image\/jpeg\" \/>\n<meta name=\"twitter:card\" content=\"summary_large_image\" \/>\n<script type=\"application\/ld+json\" class=\"yoast-schema-graph\">{\"@context\":\"https:\/\/schema.org\",\"@graph\":[{\"@type\":\"WebPage\",\"@id\":\"https:\/\/lifesupportdistribution.fr\/de\/produkt\/cathetrainer-echogener-arm-fuer-tiefe-venenpunktion\/\",\"url\":\"https:\/\/lifesupportdistribution.fr\/de\/produkt\/cathetrainer-echogener-arm-fuer-tiefe-venenpunktion\/\",\"name\":\"CatheTrainer \u2013 Echogener Arm f\u00fcr Venenpunktion\",\"isPartOf\":{\"@id\":\"https:\/\/lifesupportdistribution.fr\/de\/#website\"},\"primaryImageOfPage\":{\"@id\":\"https:\/\/lifesupportdistribution.fr\/de\/produkt\/cathetrainer-echogener-arm-fuer-tiefe-venenpunktion\/#primaryimage\"},\"image\":{\"@id\":\"https:\/\/lifesupportdistribution.fr\/de\/produkt\/cathetrainer-echogener-arm-fuer-tiefe-venenpunktion\/#primaryimage\"},\"thumbnailUrl\":\"https:\/\/lifesupportdistribution.fr\/wp-content\/uploads\/2025\/12\/cathetrainer-bras-echogene-pour-ponction-veine-profonde.jpg\",\"datePublished\":\"2025-12-12T13:57:40+00:00\",\"description\":\"Echogener Arm f\u00fcr das Training der ultraschallgesteuerten tiefen Venenpunktion. Anatomischer Realismus und pr\u00e4zise F\u00fchrung.\",\"breadcrumb\":{\"@id\":\"https:\/\/lifesupportdistribution.fr\/de\/produkt\/cathetrainer-echogener-arm-fuer-tiefe-venenpunktion\/#breadcrumb\"},\"inLanguage\":\"de\",\"potentialAction\":[{\"@type\":\"ReadAction\",\"target\":[\"https:\/\/lifesupportdistribution.fr\/de\/produkt\/cathetrainer-echogener-arm-fuer-tiefe-venenpunktion\/\"]}]},{\"@type\":\"ImageObject\",\"inLanguage\":\"de\",\"@id\":\"https:\/\/lifesupportdistribution.fr\/de\/produkt\/cathetrainer-echogener-arm-fuer-tiefe-venenpunktion\/#primaryimage\",\"url\":\"https:\/\/lifesupportdistribution.fr\/wp-content\/uploads\/2025\/12\/cathetrainer-bras-echogene-pour-ponction-veine-profonde.jpg\",\"contentUrl\":\"https:\/\/lifesupportdistribution.fr\/wp-content\/uploads\/2025\/12\/cathetrainer-bras-echogene-pour-ponction-veine-profonde.jpg\",\"width\":600,\"height\":400},{\"@type\":\"BreadcrumbList\",\"@id\":\"https:\/\/lifesupportdistribution.fr\/de\/produkt\/cathetrainer-echogener-arm-fuer-tiefe-venenpunktion\/#breadcrumb\",\"itemListElement\":[{\"@type\":\"ListItem\",\"position\":1,\"name\":\"Accueil\",\"item\":\"https:\/\/lifesupportdistribution.fr\/de\/startseite\/\"},{\"@type\":\"ListItem\",\"position\":2,\"name\":\"Shop\",\"item\":\"https:\/\/lifesupportdistribution.fr\/de\/shop\/\"},{\"@type\":\"ListItem\",\"position\":3,\"name\":\"CatheTrainer \u2013 Echogener Arm f\u00fcr tiefe Venenpunktion\"}]},{\"@type\":\"WebSite\",\"@id\":\"https:\/\/lifesupportdistribution.fr\/de\/#website\",\"url\":\"https:\/\/lifesupportdistribution.fr\/de\/\",\"name\":\"Life Support Distribution\",\"description\":\"Solutions en simulation m\u00e9dicale\",\"publisher\":{\"@id\":\"https:\/\/lifesupportdistribution.fr\/de\/#organization\"},\"potentialAction\":[{\"@type\":\"SearchAction\",\"target\":{\"@type\":\"EntryPoint\",\"urlTemplate\":\"https:\/\/lifesupportdistribution.fr\/de\/?s={search_term_string}\"},\"query-input\":{\"@type\":\"PropertyValueSpecification\",\"valueRequired\":true,\"valueName\":\"search_term_string\"}}],\"inLanguage\":\"de\"},{\"@type\":\"Organization\",\"@id\":\"https:\/\/lifesupportdistribution.fr\/de\/#organization\",\"name\":\"Life Support Distribution\",\"url\":\"https:\/\/lifesupportdistribution.fr\/de\/\",\"logo\":{\"@type\":\"ImageObject\",\"inLanguage\":\"de\",\"@id\":\"https:\/\/lifesupportdistribution.fr\/de\/#\/schema\/logo\/image\/\",\"url\":\"https:\/\/lifesupportdistribution.fr\/wp-content\/uploads\/2025\/10\/logo-life-support-distribution.svg\",\"contentUrl\":\"https:\/\/lifesupportdistribution.fr\/wp-content\/uploads\/2025\/10\/logo-life-support-distribution.svg\",\"width\":698,\"height\":223,\"caption\":\"Life Support Distribution\"},\"image\":{\"@id\":\"https:\/\/lifesupportdistribution.fr\/de\/#\/schema\/logo\/image\/\"},\"sameAs\":[\"https:\/\/www.linkedin.com\/company\/life-support-distribution\/\"]}]}<\/script>\n<!-- \/ Yoast SEO plugin. -->","yoast_head_json":{"title":"CatheTrainer \u2013 Echogener Arm f\u00fcr Venenpunktion","description":"Echogener Arm f\u00fcr das Training der ultraschallgesteuerten tiefen Venenpunktion. Anatomischer Realismus und pr\u00e4zise F\u00fchrung.","robots":{"index":"index","follow":"follow","max-snippet":"max-snippet:-1","max-image-preview":"max-image-preview:large","max-video-preview":"max-video-preview:-1"},"canonical":"https:\/\/lifesupportdistribution.fr\/de\/produkt\/cathetrainer-echogener-arm-fuer-tiefe-venenpunktion\/","og_locale":"de_DE","og_type":"article","og_title":"CatheTrainer \u2013 Echogener Arm f\u00fcr Venenpunktion","og_description":"Echogener Arm f\u00fcr das Training der ultraschallgesteuerten tiefen Venenpunktion. Anatomischer Realismus und pr\u00e4zise F\u00fchrung.","og_url":"https:\/\/lifesupportdistribution.fr\/de\/produkt\/cathetrainer-echogener-arm-fuer-tiefe-venenpunktion\/","og_site_name":"Life Support Distribution","og_image":[{"width":600,"height":400,"url":"https:\/\/lifesupportdistribution.fr\/wp-content\/uploads\/2025\/12\/cathetrainer-bras-echogene-pour-ponction-veine-profonde.jpg","type":"image\/jpeg"}],"twitter_card":"summary_large_image","schema":{"@context":"https:\/\/schema.org","@graph":[{"@type":"WebPage","@id":"https:\/\/lifesupportdistribution.fr\/de\/produkt\/cathetrainer-echogener-arm-fuer-tiefe-venenpunktion\/","url":"https:\/\/lifesupportdistribution.fr\/de\/produkt\/cathetrainer-echogener-arm-fuer-tiefe-venenpunktion\/","name":"CatheTrainer \u2013 Echogener Arm f\u00fcr Venenpunktion","isPartOf":{"@id":"https:\/\/lifesupportdistribution.fr\/de\/#website"},"primaryImageOfPage":{"@id":"https:\/\/lifesupportdistribution.fr\/de\/produkt\/cathetrainer-echogener-arm-fuer-tiefe-venenpunktion\/#primaryimage"},"image":{"@id":"https:\/\/lifesupportdistribution.fr\/de\/produkt\/cathetrainer-echogener-arm-fuer-tiefe-venenpunktion\/#primaryimage"},"thumbnailUrl":"https:\/\/lifesupportdistribution.fr\/wp-content\/uploads\/2025\/12\/cathetrainer-bras-echogene-pour-ponction-veine-profonde.jpg","datePublished":"2025-12-12T13:57:40+00:00","description":"Echogener Arm f\u00fcr das Training der ultraschallgesteuerten tiefen Venenpunktion. Anatomischer Realismus und pr\u00e4zise F\u00fchrung.","breadcrumb":{"@id":"https:\/\/lifesupportdistribution.fr\/de\/produkt\/cathetrainer-echogener-arm-fuer-tiefe-venenpunktion\/#breadcrumb"},"inLanguage":"de","potentialAction":[{"@type":"ReadAction","target":["https:\/\/lifesupportdistribution.fr\/de\/produkt\/cathetrainer-echogener-arm-fuer-tiefe-venenpunktion\/"]}]},{"@type":"ImageObject","inLanguage":"de","@id":"https:\/\/lifesupportdistribution.fr\/de\/produkt\/cathetrainer-echogener-arm-fuer-tiefe-venenpunktion\/#primaryimage","url":"https:\/\/lifesupportdistribution.fr\/wp-content\/uploads\/2025\/12\/cathetrainer-bras-echogene-pour-ponction-veine-profonde.jpg","contentUrl":"https:\/\/lifesupportdistribution.fr\/wp-content\/uploads\/2025\/12\/cathetrainer-bras-echogene-pour-ponction-veine-profonde.jpg","width":600,"height":400},{"@type":"BreadcrumbList","@id":"https:\/\/lifesupportdistribution.fr\/de\/produkt\/cathetrainer-echogener-arm-fuer-tiefe-venenpunktion\/#breadcrumb","itemListElement":[{"@type":"ListItem","position":1,"name":"Accueil","item":"https:\/\/lifesupportdistribution.fr\/de\/startseite\/"},{"@type":"ListItem","position":2,"name":"Shop","item":"https:\/\/lifesupportdistribution.fr\/de\/shop\/"},{"@type":"ListItem","position":3,"name":"CatheTrainer \u2013 Echogener Arm f\u00fcr tiefe Venenpunktion"}]},{"@type":"WebSite","@id":"https:\/\/lifesupportdistribution.fr\/de\/#website","url":"https:\/\/lifesupportdistribution.fr\/de\/","name":"Life Support Distribution","description":"Solutions en simulation m\u00e9dicale","publisher":{"@id":"https:\/\/lifesupportdistribution.fr\/de\/#organization"},"potentialAction":[{"@type":"SearchAction","target":{"@type":"EntryPoint","urlTemplate":"https:\/\/lifesupportdistribution.fr\/de\/?s={search_term_string}"},"query-input":{"@type":"PropertyValueSpecification","valueRequired":true,"valueName":"search_term_string"}}],"inLanguage":"de"},{"@type":"Organization","@id":"https:\/\/lifesupportdistribution.fr\/de\/#organization","name":"Life Support Distribution","url":"https:\/\/lifesupportdistribution.fr\/de\/","logo":{"@type":"ImageObject","inLanguage":"de","@id":"https:\/\/lifesupportdistribution.fr\/de\/#\/schema\/logo\/image\/","url":"https:\/\/lifesupportdistribution.fr\/wp-content\/uploads\/2025\/10\/logo-life-support-distribution.svg","contentUrl":"https:\/\/lifesupportdistribution.fr\/wp-content\/uploads\/2025\/10\/logo-life-support-distribution.svg","width":698,"height":223,"caption":"Life Support Distribution"},"image":{"@id":"https:\/\/lifesupportdistribution.fr\/de\/#\/schema\/logo\/image\/"},"sameAs":["https:\/\/www.linkedin.com\/company\/life-support-distribution\/"]}]}},"_links":{"self":[{"href":"https:\/\/lifesupportdistribution.fr\/de\/wp-json\/wp\/v2\/product\/5152","targetHints":{"allow":["GET"]}}],"collection":[{"href":"https:\/\/lifesupportdistribution.fr\/de\/wp-json\/wp\/v2\/product"}],"about":[{"href":"https:\/\/lifesupportdistribution.fr\/de\/wp-json\/wp\/v2\/types\/product"}],"wp:featuredmedia":[{"embeddable":true,"href":"https:\/\/lifesupportdistribution.fr\/de\/wp-json\/wp\/v2\/media\/3528"}],"wp:attachment":[{"href":"https:\/\/lifesupportdistribution.fr\/de\/wp-json\/wp\/v2\/media?parent=5152"}],"wp:term":[{"taxonomy":"product_brand","embeddable":true,"href":"https:\/\/lifesupportdistribution.fr\/de\/wp-json\/wp\/v2\/product_brand?post=5152"},{"taxonomy":"product_cat","embeddable":true,"href":"https:\/\/lifesupportdistribution.fr\/de\/wp-json\/wp\/v2\/product_cat?post=5152"},{"taxonomy":"product_tag","embeddable":true,"href":"https:\/\/lifesupportdistribution.fr\/de\/wp-json\/wp\/v2\/product_tag?post=5152"}],"curies":[{"name":"wp","href":"https:\/\/api.w.org\/{rel}","templated":true}]}}