{"id":5154,"date":"2025-12-12T15:00:02","date_gmt":"2025-12-12T14:00:02","guid":{"rendered":"https:\/\/lifesupportdistribution.fr\/produits\/echogenes-verbrauchsmaterial-fuer-cathetrainer-arm-creaplast\/"},"modified":"2025-12-30T20:27:53","modified_gmt":"2025-12-30T19:27:53","slug":"echogenes-verbrauchsmaterial-fuer-cathetrainer-arm-creaplast","status":"publish","type":"product","link":"https:\/\/lifesupportdistribution.fr\/de\/produkt\/echogenes-verbrauchsmaterial-fuer-cathetrainer-arm-creaplast\/","title":{"rendered":"Echogenes Verbrauchsmaterial f\u00fcr CatheTrainer-Arm \u2013 Creaplast"},"content":{"rendered":"<p>Das in Frankreich von Creaplast entwickelte echogene Verbrauchsmaterial f\u00fcr den CatheTrainer reproduziert originalgetreu die Gewebestruktur, die f\u00fcr die Ultraschallidentifikation tiefer Venen erforderlich ist.<br \/>\nEs erm\u00f6glicht die Wiederherstellung der Simulatorleistung nach zahlreichen Anwendungen und gew\u00e4hrleistet dabei:<\/p>\n<ul>\n<li>eine klare Ultraschallvisualisierung,<\/li>\n<li>einen mechanischen Widerstand, der den Punktionsbewegungen entspricht,<\/li>\n<li>eine an intensives Training angepasste Haltbarkeit,<\/li>\n<li>ein realistisches Tastgef\u00fchl f\u00fcr die Lernenden.<\/li>\n<\/ul>\n<p>&nbsp;<\/p>\n<p>Dank dieses Verbrauchsmaterials bietet jede ultraschallgesteuerte Sitzung ein visuelles und taktiles Feedback, das den Bedingungen der klinischen Praxis \u00e4hnelt.<\/p>\n","protected":false},"excerpt":{"rendered":"<p>Das echogene Verbrauchsmaterial CEBA von Creaplast ist ein Ersatzeinsatz f\u00fcr den CatheTrainer-Arm, der den Realismus und die Bildqualit\u00e4t aufrechterh\u00e4lt, die f\u00fcr das Training der ultraschallgesteuerten tiefen Venenpunktion erforderlich sind. Entwickelt, um wiederholten Punktionen standzuhalten und gleichzeitig eine optimale Ultraschallvisualisierung zu gew\u00e4hrleisten, sichert er die p\u00e4dagogische Kontinuit\u00e4t des Simulators. <\/p>\n","protected":false},"featured_media":5155,"template":"","meta":[],"product_brand":[191],"product_cat":[222],"product_tag":[237,252,245,251,236,248],"class_list":{"0":"post-5154","1":"product","2":"type-product","3":"status-publish","4":"has-post-thumbnail","6":"product_brand-creaplast","7":"product_cat-simulatoren-fur-medizinische-versorgung","8":"product_tag-anasthesie","9":"product_tag-intensivmedizin","10":"product_tag-intensivpflege","11":"product_tag-krankenpflege","12":"product_tag-notfallmedizin","13":"product_tag-radiologie","15":"first","16":"instock","17":"shipping-taxable","18":"purchasable","19":"product-type-simple"},"yoast_head":"<!-- This site is optimized with the Yoast SEO plugin v26.8 - https:\/\/yoast.com\/product\/yoast-seo-wordpress\/ -->\n<title>CatheTrainer Verbrauchsmaterial \u2013 echogener Einsatz Creaplast<\/title>\n<meta name=\"description\" content=\"Echogener Ersatzeinsatz f\u00fcr CatheTrainer-Arm. Klare Ultraschallbilder und realistischer Widerstand f\u00fcr tiefe Punktionen.\" \/>\n<meta name=\"robots\" content=\"index, follow, max-snippet:-1, max-image-preview:large, max-video-preview:-1\" \/>\n<link rel=\"canonical\" href=\"https:\/\/lifesupportdistribution.fr\/de\/produkt\/echogenes-verbrauchsmaterial-fuer-cathetrainer-arm-creaplast\/\" \/>\n<meta property=\"og:locale\" content=\"de_DE\" \/>\n<meta property=\"og:type\" content=\"article\" \/>\n<meta property=\"og:title\" content=\"CatheTrainer Verbrauchsmaterial \u2013 echogener Einsatz Creaplast\" \/>\n<meta property=\"og:description\" content=\"Echogener Ersatzeinsatz f\u00fcr CatheTrainer-Arm. Klare Ultraschallbilder und realistischer Widerstand f\u00fcr tiefe Punktionen.\" \/>\n<meta property=\"og:url\" content=\"https:\/\/lifesupportdistribution.fr\/de\/produkt\/echogenes-verbrauchsmaterial-fuer-cathetrainer-arm-creaplast\/\" \/>\n<meta property=\"og:site_name\" content=\"Life Support Distribution\" \/>\n<meta property=\"article:modified_time\" content=\"2025-12-30T19:27:53+00:00\" \/>\n<meta property=\"og:image\" content=\"https:\/\/lifesupportdistribution.fr\/wp-content\/uploads\/2025\/12\/consommable-echogene-pour-bras-cathetrainer.jpg\" \/>\n\t<meta property=\"og:image:width\" content=\"600\" \/>\n\t<meta property=\"og:image:height\" content=\"400\" \/>\n\t<meta property=\"og:image:type\" content=\"image\/jpeg\" \/>\n<meta name=\"twitter:card\" content=\"summary_large_image\" \/>\n<script type=\"application\/ld+json\" class=\"yoast-schema-graph\">{\"@context\":\"https:\/\/schema.org\",\"@graph\":[{\"@type\":\"WebPage\",\"@id\":\"https:\/\/lifesupportdistribution.fr\/de\/produkt\/echogenes-verbrauchsmaterial-fuer-cathetrainer-arm-creaplast\/\",\"url\":\"https:\/\/lifesupportdistribution.fr\/de\/produkt\/echogenes-verbrauchsmaterial-fuer-cathetrainer-arm-creaplast\/\",\"name\":\"CatheTrainer Verbrauchsmaterial \u2013 echogener Einsatz Creaplast\",\"isPartOf\":{\"@id\":\"https:\/\/lifesupportdistribution.fr\/de\/#website\"},\"primaryImageOfPage\":{\"@id\":\"https:\/\/lifesupportdistribution.fr\/de\/produkt\/echogenes-verbrauchsmaterial-fuer-cathetrainer-arm-creaplast\/#primaryimage\"},\"image\":{\"@id\":\"https:\/\/lifesupportdistribution.fr\/de\/produkt\/echogenes-verbrauchsmaterial-fuer-cathetrainer-arm-creaplast\/#primaryimage\"},\"thumbnailUrl\":\"https:\/\/lifesupportdistribution.fr\/wp-content\/uploads\/2025\/12\/consommable-echogene-pour-bras-cathetrainer.jpg\",\"datePublished\":\"2025-12-12T14:00:02+00:00\",\"dateModified\":\"2025-12-30T19:27:53+00:00\",\"description\":\"Echogener Ersatzeinsatz f\u00fcr CatheTrainer-Arm. Klare Ultraschallbilder und realistischer Widerstand f\u00fcr tiefe Punktionen.\",\"breadcrumb\":{\"@id\":\"https:\/\/lifesupportdistribution.fr\/de\/produkt\/echogenes-verbrauchsmaterial-fuer-cathetrainer-arm-creaplast\/#breadcrumb\"},\"inLanguage\":\"de\",\"potentialAction\":[{\"@type\":\"ReadAction\",\"target\":[\"https:\/\/lifesupportdistribution.fr\/de\/produkt\/echogenes-verbrauchsmaterial-fuer-cathetrainer-arm-creaplast\/\"]}]},{\"@type\":\"ImageObject\",\"inLanguage\":\"de\",\"@id\":\"https:\/\/lifesupportdistribution.fr\/de\/produkt\/echogenes-verbrauchsmaterial-fuer-cathetrainer-arm-creaplast\/#primaryimage\",\"url\":\"https:\/\/lifesupportdistribution.fr\/wp-content\/uploads\/2025\/12\/consommable-echogene-pour-bras-cathetrainer.jpg\",\"contentUrl\":\"https:\/\/lifesupportdistribution.fr\/wp-content\/uploads\/2025\/12\/consommable-echogene-pour-bras-cathetrainer.jpg\",\"width\":600,\"height\":400},{\"@type\":\"BreadcrumbList\",\"@id\":\"https:\/\/lifesupportdistribution.fr\/de\/produkt\/echogenes-verbrauchsmaterial-fuer-cathetrainer-arm-creaplast\/#breadcrumb\",\"itemListElement\":[{\"@type\":\"ListItem\",\"position\":1,\"name\":\"Accueil\",\"item\":\"https:\/\/lifesupportdistribution.fr\/de\/startseite\/\"},{\"@type\":\"ListItem\",\"position\":2,\"name\":\"Shop\",\"item\":\"https:\/\/lifesupportdistribution.fr\/de\/shop\/\"},{\"@type\":\"ListItem\",\"position\":3,\"name\":\"Echogenes Verbrauchsmaterial f\u00fcr CatheTrainer-Arm \u2013 Creaplast\"}]},{\"@type\":\"WebSite\",\"@id\":\"https:\/\/lifesupportdistribution.fr\/de\/#website\",\"url\":\"https:\/\/lifesupportdistribution.fr\/de\/\",\"name\":\"Life Support Distribution\",\"description\":\"Solutions en simulation m\u00e9dicale\",\"publisher\":{\"@id\":\"https:\/\/lifesupportdistribution.fr\/de\/#organization\"},\"potentialAction\":[{\"@type\":\"SearchAction\",\"target\":{\"@type\":\"EntryPoint\",\"urlTemplate\":\"https:\/\/lifesupportdistribution.fr\/de\/?s={search_term_string}\"},\"query-input\":{\"@type\":\"PropertyValueSpecification\",\"valueRequired\":true,\"valueName\":\"search_term_string\"}}],\"inLanguage\":\"de\"},{\"@type\":\"Organization\",\"@id\":\"https:\/\/lifesupportdistribution.fr\/de\/#organization\",\"name\":\"Life Support Distribution\",\"url\":\"https:\/\/lifesupportdistribution.fr\/de\/\",\"logo\":{\"@type\":\"ImageObject\",\"inLanguage\":\"de\",\"@id\":\"https:\/\/lifesupportdistribution.fr\/de\/#\/schema\/logo\/image\/\",\"url\":\"https:\/\/lifesupportdistribution.fr\/wp-content\/uploads\/2025\/10\/logo-life-support-distribution.svg\",\"contentUrl\":\"https:\/\/lifesupportdistribution.fr\/wp-content\/uploads\/2025\/10\/logo-life-support-distribution.svg\",\"width\":698,\"height\":223,\"caption\":\"Life Support Distribution\"},\"image\":{\"@id\":\"https:\/\/lifesupportdistribution.fr\/de\/#\/schema\/logo\/image\/\"},\"sameAs\":[\"https:\/\/www.linkedin.com\/company\/life-support-distribution\/\"]}]}<\/script>\n<!-- \/ Yoast SEO plugin. -->","yoast_head_json":{"title":"CatheTrainer Verbrauchsmaterial \u2013 echogener Einsatz Creaplast","description":"Echogener Ersatzeinsatz f\u00fcr CatheTrainer-Arm. Klare Ultraschallbilder und realistischer Widerstand f\u00fcr tiefe Punktionen.","robots":{"index":"index","follow":"follow","max-snippet":"max-snippet:-1","max-image-preview":"max-image-preview:large","max-video-preview":"max-video-preview:-1"},"canonical":"https:\/\/lifesupportdistribution.fr\/de\/produkt\/echogenes-verbrauchsmaterial-fuer-cathetrainer-arm-creaplast\/","og_locale":"de_DE","og_type":"article","og_title":"CatheTrainer Verbrauchsmaterial \u2013 echogener Einsatz Creaplast","og_description":"Echogener Ersatzeinsatz f\u00fcr CatheTrainer-Arm. Klare Ultraschallbilder und realistischer Widerstand f\u00fcr tiefe Punktionen.","og_url":"https:\/\/lifesupportdistribution.fr\/de\/produkt\/echogenes-verbrauchsmaterial-fuer-cathetrainer-arm-creaplast\/","og_site_name":"Life Support Distribution","article_modified_time":"2025-12-30T19:27:53+00:00","og_image":[{"width":600,"height":400,"url":"https:\/\/lifesupportdistribution.fr\/wp-content\/uploads\/2025\/12\/consommable-echogene-pour-bras-cathetrainer.jpg","type":"image\/jpeg"}],"twitter_card":"summary_large_image","schema":{"@context":"https:\/\/schema.org","@graph":[{"@type":"WebPage","@id":"https:\/\/lifesupportdistribution.fr\/de\/produkt\/echogenes-verbrauchsmaterial-fuer-cathetrainer-arm-creaplast\/","url":"https:\/\/lifesupportdistribution.fr\/de\/produkt\/echogenes-verbrauchsmaterial-fuer-cathetrainer-arm-creaplast\/","name":"CatheTrainer Verbrauchsmaterial \u2013 echogener Einsatz Creaplast","isPartOf":{"@id":"https:\/\/lifesupportdistribution.fr\/de\/#website"},"primaryImageOfPage":{"@id":"https:\/\/lifesupportdistribution.fr\/de\/produkt\/echogenes-verbrauchsmaterial-fuer-cathetrainer-arm-creaplast\/#primaryimage"},"image":{"@id":"https:\/\/lifesupportdistribution.fr\/de\/produkt\/echogenes-verbrauchsmaterial-fuer-cathetrainer-arm-creaplast\/#primaryimage"},"thumbnailUrl":"https:\/\/lifesupportdistribution.fr\/wp-content\/uploads\/2025\/12\/consommable-echogene-pour-bras-cathetrainer.jpg","datePublished":"2025-12-12T14:00:02+00:00","dateModified":"2025-12-30T19:27:53+00:00","description":"Echogener Ersatzeinsatz f\u00fcr CatheTrainer-Arm. Klare Ultraschallbilder und realistischer Widerstand f\u00fcr tiefe Punktionen.","breadcrumb":{"@id":"https:\/\/lifesupportdistribution.fr\/de\/produkt\/echogenes-verbrauchsmaterial-fuer-cathetrainer-arm-creaplast\/#breadcrumb"},"inLanguage":"de","potentialAction":[{"@type":"ReadAction","target":["https:\/\/lifesupportdistribution.fr\/de\/produkt\/echogenes-verbrauchsmaterial-fuer-cathetrainer-arm-creaplast\/"]}]},{"@type":"ImageObject","inLanguage":"de","@id":"https:\/\/lifesupportdistribution.fr\/de\/produkt\/echogenes-verbrauchsmaterial-fuer-cathetrainer-arm-creaplast\/#primaryimage","url":"https:\/\/lifesupportdistribution.fr\/wp-content\/uploads\/2025\/12\/consommable-echogene-pour-bras-cathetrainer.jpg","contentUrl":"https:\/\/lifesupportdistribution.fr\/wp-content\/uploads\/2025\/12\/consommable-echogene-pour-bras-cathetrainer.jpg","width":600,"height":400},{"@type":"BreadcrumbList","@id":"https:\/\/lifesupportdistribution.fr\/de\/produkt\/echogenes-verbrauchsmaterial-fuer-cathetrainer-arm-creaplast\/#breadcrumb","itemListElement":[{"@type":"ListItem","position":1,"name":"Accueil","item":"https:\/\/lifesupportdistribution.fr\/de\/startseite\/"},{"@type":"ListItem","position":2,"name":"Shop","item":"https:\/\/lifesupportdistribution.fr\/de\/shop\/"},{"@type":"ListItem","position":3,"name":"Echogenes Verbrauchsmaterial f\u00fcr CatheTrainer-Arm \u2013 Creaplast"}]},{"@type":"WebSite","@id":"https:\/\/lifesupportdistribution.fr\/de\/#website","url":"https:\/\/lifesupportdistribution.fr\/de\/","name":"Life Support Distribution","description":"Solutions en simulation m\u00e9dicale","publisher":{"@id":"https:\/\/lifesupportdistribution.fr\/de\/#organization"},"potentialAction":[{"@type":"SearchAction","target":{"@type":"EntryPoint","urlTemplate":"https:\/\/lifesupportdistribution.fr\/de\/?s={search_term_string}"},"query-input":{"@type":"PropertyValueSpecification","valueRequired":true,"valueName":"search_term_string"}}],"inLanguage":"de"},{"@type":"Organization","@id":"https:\/\/lifesupportdistribution.fr\/de\/#organization","name":"Life Support Distribution","url":"https:\/\/lifesupportdistribution.fr\/de\/","logo":{"@type":"ImageObject","inLanguage":"de","@id":"https:\/\/lifesupportdistribution.fr\/de\/#\/schema\/logo\/image\/","url":"https:\/\/lifesupportdistribution.fr\/wp-content\/uploads\/2025\/10\/logo-life-support-distribution.svg","contentUrl":"https:\/\/lifesupportdistribution.fr\/wp-content\/uploads\/2025\/10\/logo-life-support-distribution.svg","width":698,"height":223,"caption":"Life Support Distribution"},"image":{"@id":"https:\/\/lifesupportdistribution.fr\/de\/#\/schema\/logo\/image\/"},"sameAs":["https:\/\/www.linkedin.com\/company\/life-support-distribution\/"]}]}},"_links":{"self":[{"href":"https:\/\/lifesupportdistribution.fr\/de\/wp-json\/wp\/v2\/product\/5154","targetHints":{"allow":["GET"]}}],"collection":[{"href":"https:\/\/lifesupportdistribution.fr\/de\/wp-json\/wp\/v2\/product"}],"about":[{"href":"https:\/\/lifesupportdistribution.fr\/de\/wp-json\/wp\/v2\/types\/product"}],"wp:featuredmedia":[{"embeddable":true,"href":"https:\/\/lifesupportdistribution.fr\/de\/wp-json\/wp\/v2\/media\/5155"}],"wp:attachment":[{"href":"https:\/\/lifesupportdistribution.fr\/de\/wp-json\/wp\/v2\/media?parent=5154"}],"wp:term":[{"taxonomy":"product_brand","embeddable":true,"href":"https:\/\/lifesupportdistribution.fr\/de\/wp-json\/wp\/v2\/product_brand?post=5154"},{"taxonomy":"product_cat","embeddable":true,"href":"https:\/\/lifesupportdistribution.fr\/de\/wp-json\/wp\/v2\/product_cat?post=5154"},{"taxonomy":"product_tag","embeddable":true,"href":"https:\/\/lifesupportdistribution.fr\/de\/wp-json\/wp\/v2\/product_tag?post=5154"}],"curies":[{"name":"wp","href":"https:\/\/api.w.org\/{rel}","templated":true}]}}