{"id":5158,"date":"2025-12-12T14:48:38","date_gmt":"2025-12-12T13:48:38","guid":{"rendered":"https:\/\/lifesupportdistribution.fr\/produits\/jugulaeres-ecmo-verbrauchsmaterial\/"},"modified":"2025-12-12T14:48:38","modified_gmt":"2025-12-12T13:48:38","slug":"jugulaeres-ecmo-verbrauchsmaterial","status":"publish","type":"product","link":"https:\/\/lifesupportdistribution.fr\/de\/produkt\/jugulaeres-ecmo-verbrauchsmaterial\/","title":{"rendered":"Jugul\u00e4res ECMO-Verbrauchsmaterial"},"content":{"rendered":"<p>Das von Creaplast in Frankreich hergestellte jugul\u00e4re ECMO-Verbrauchsmaterial tr\u00e4gt dazu bei, das hohe Ma\u00df an Realismus und die p\u00e4dagogische Leistung der ECMOtrainer-Simulatoren aufrechtzuerhalten.<br \/>\nDieser Einsatz bildet die Jugularregion pr\u00e4zise ab, einschlie\u00dflich Haut, Unterhautgewebe und simulierter Vene, um ein naturgetreues taktiles Feedback bei der Punktion und Kan\u00fclenplatzierung zu bieten.<br \/>\nDie verwendeten Mehrschichtmaterialien bilden die verschiedenen Widerst\u00e4nde der klinischen Praxis nach, sodass Lernende unter realit\u00e4tsnahen Bedingungen \u00fcben k\u00f6nnen.<br \/>\nDank seines modularen Designs kann er nach mehrfachem Gebrauch schnell ausgetauscht werden, was die Langlebigkeit des Simulators und die Wiederholbarkeit der Schulungen gew\u00e4hrleistet.<\/p>\n","protected":false},"excerpt":{"rendered":"<p>Das jugul\u00e4re ECMO-Verbrauchsmaterial von Creaplast ist ein anatomischer Ersatzeinsatz f\u00fcr die ECMOtrainer-Simulatoren I, II und Evolution III. Entwickelt, um die Jugularregion und ihre vaskul\u00e4ren Strukturen naturgetreu nachzubilden, gew\u00e4hrleistet es optimalen Realismus beim Training der ven\u00f6sen ECMO-Kan\u00fclierung. <\/p>\n","protected":false},"featured_media":3531,"template":"","meta":[],"product_brand":[191],"product_cat":[222],"product_tag":[237,239,251,236],"class_list":{"0":"post-5158","1":"product","2":"type-product","3":"status-publish","4":"has-post-thumbnail","6":"product_brand-creaplast","7":"product_cat-simulatoren-fur-medizinische-versorgung","8":"product_tag-anasthesie","9":"product_tag-herz-lungen","10":"product_tag-krankenpflege","11":"product_tag-notfallmedizin","13":"first","14":"instock","15":"shipping-taxable","16":"purchasable","17":"product-type-simple"},"yoast_head":"<!-- This site is optimized with the Yoast SEO plugin v26.8 - https:\/\/yoast.com\/product\/yoast-seo-wordpress\/ -->\n<title>Jugul\u00e4res ECMO-Verbrauchsmaterial \u2013 Creaplast-Einsatz<\/title>\n<meta name=\"description\" content=\"Jugul\u00e4rer Ersatzeinsatz f\u00fcr ECMOtrainer-Simulatoren. Anatomischer und taktiler Realismus f\u00fcr die ven\u00f6se ECMO-Kan\u00fclierung.\" \/>\n<meta name=\"robots\" content=\"index, follow, max-snippet:-1, max-image-preview:large, max-video-preview:-1\" \/>\n<link rel=\"canonical\" href=\"https:\/\/lifesupportdistribution.fr\/de\/produkt\/jugulaeres-ecmo-verbrauchsmaterial\/\" \/>\n<meta property=\"og:locale\" content=\"de_DE\" \/>\n<meta property=\"og:type\" content=\"article\" \/>\n<meta property=\"og:title\" content=\"Jugul\u00e4res ECMO-Verbrauchsmaterial \u2013 Creaplast-Einsatz\" \/>\n<meta property=\"og:description\" content=\"Jugul\u00e4rer Ersatzeinsatz f\u00fcr ECMOtrainer-Simulatoren. Anatomischer und taktiler Realismus f\u00fcr die ven\u00f6se ECMO-Kan\u00fclierung.\" \/>\n<meta property=\"og:url\" content=\"https:\/\/lifesupportdistribution.fr\/de\/produkt\/jugulaeres-ecmo-verbrauchsmaterial\/\" \/>\n<meta property=\"og:site_name\" content=\"Life Support Distribution\" \/>\n<meta property=\"og:image\" content=\"https:\/\/lifesupportdistribution.fr\/wp-content\/uploads\/2025\/12\/consommable-ecmo-jugulaire.jpg\" \/>\n\t<meta property=\"og:image:width\" content=\"600\" \/>\n\t<meta property=\"og:image:height\" content=\"400\" \/>\n\t<meta property=\"og:image:type\" content=\"image\/jpeg\" \/>\n<meta name=\"twitter:card\" content=\"summary_large_image\" \/>\n<script type=\"application\/ld+json\" class=\"yoast-schema-graph\">{\"@context\":\"https:\/\/schema.org\",\"@graph\":[{\"@type\":\"WebPage\",\"@id\":\"https:\/\/lifesupportdistribution.fr\/de\/produkt\/jugulaeres-ecmo-verbrauchsmaterial\/\",\"url\":\"https:\/\/lifesupportdistribution.fr\/de\/produkt\/jugulaeres-ecmo-verbrauchsmaterial\/\",\"name\":\"Jugul\u00e4res ECMO-Verbrauchsmaterial \u2013 Creaplast-Einsatz\",\"isPartOf\":{\"@id\":\"https:\/\/lifesupportdistribution.fr\/de\/#website\"},\"primaryImageOfPage\":{\"@id\":\"https:\/\/lifesupportdistribution.fr\/de\/produkt\/jugulaeres-ecmo-verbrauchsmaterial\/#primaryimage\"},\"image\":{\"@id\":\"https:\/\/lifesupportdistribution.fr\/de\/produkt\/jugulaeres-ecmo-verbrauchsmaterial\/#primaryimage\"},\"thumbnailUrl\":\"https:\/\/lifesupportdistribution.fr\/wp-content\/uploads\/2025\/12\/consommable-ecmo-jugulaire.jpg\",\"datePublished\":\"2025-12-12T13:48:38+00:00\",\"description\":\"Jugul\u00e4rer Ersatzeinsatz f\u00fcr ECMOtrainer-Simulatoren. Anatomischer und taktiler Realismus f\u00fcr die ven\u00f6se ECMO-Kan\u00fclierung.\",\"breadcrumb\":{\"@id\":\"https:\/\/lifesupportdistribution.fr\/de\/produkt\/jugulaeres-ecmo-verbrauchsmaterial\/#breadcrumb\"},\"inLanguage\":\"de\",\"potentialAction\":[{\"@type\":\"ReadAction\",\"target\":[\"https:\/\/lifesupportdistribution.fr\/de\/produkt\/jugulaeres-ecmo-verbrauchsmaterial\/\"]}]},{\"@type\":\"ImageObject\",\"inLanguage\":\"de\",\"@id\":\"https:\/\/lifesupportdistribution.fr\/de\/produkt\/jugulaeres-ecmo-verbrauchsmaterial\/#primaryimage\",\"url\":\"https:\/\/lifesupportdistribution.fr\/wp-content\/uploads\/2025\/12\/consommable-ecmo-jugulaire.jpg\",\"contentUrl\":\"https:\/\/lifesupportdistribution.fr\/wp-content\/uploads\/2025\/12\/consommable-ecmo-jugulaire.jpg\",\"width\":600,\"height\":400},{\"@type\":\"BreadcrumbList\",\"@id\":\"https:\/\/lifesupportdistribution.fr\/de\/produkt\/jugulaeres-ecmo-verbrauchsmaterial\/#breadcrumb\",\"itemListElement\":[{\"@type\":\"ListItem\",\"position\":1,\"name\":\"Accueil\",\"item\":\"https:\/\/lifesupportdistribution.fr\/de\/startseite\/\"},{\"@type\":\"ListItem\",\"position\":2,\"name\":\"Shop\",\"item\":\"https:\/\/lifesupportdistribution.fr\/de\/shop\/\"},{\"@type\":\"ListItem\",\"position\":3,\"name\":\"Jugul\u00e4res ECMO-Verbrauchsmaterial\"}]},{\"@type\":\"WebSite\",\"@id\":\"https:\/\/lifesupportdistribution.fr\/de\/#website\",\"url\":\"https:\/\/lifesupportdistribution.fr\/de\/\",\"name\":\"Life Support Distribution\",\"description\":\"Solutions en simulation m\u00e9dicale\",\"publisher\":{\"@id\":\"https:\/\/lifesupportdistribution.fr\/de\/#organization\"},\"potentialAction\":[{\"@type\":\"SearchAction\",\"target\":{\"@type\":\"EntryPoint\",\"urlTemplate\":\"https:\/\/lifesupportdistribution.fr\/de\/?s={search_term_string}\"},\"query-input\":{\"@type\":\"PropertyValueSpecification\",\"valueRequired\":true,\"valueName\":\"search_term_string\"}}],\"inLanguage\":\"de\"},{\"@type\":\"Organization\",\"@id\":\"https:\/\/lifesupportdistribution.fr\/de\/#organization\",\"name\":\"Life Support Distribution\",\"url\":\"https:\/\/lifesupportdistribution.fr\/de\/\",\"logo\":{\"@type\":\"ImageObject\",\"inLanguage\":\"de\",\"@id\":\"https:\/\/lifesupportdistribution.fr\/de\/#\/schema\/logo\/image\/\",\"url\":\"https:\/\/lifesupportdistribution.fr\/wp-content\/uploads\/2025\/10\/logo-life-support-distribution.svg\",\"contentUrl\":\"https:\/\/lifesupportdistribution.fr\/wp-content\/uploads\/2025\/10\/logo-life-support-distribution.svg\",\"width\":698,\"height\":223,\"caption\":\"Life Support Distribution\"},\"image\":{\"@id\":\"https:\/\/lifesupportdistribution.fr\/de\/#\/schema\/logo\/image\/\"},\"sameAs\":[\"https:\/\/www.linkedin.com\/company\/life-support-distribution\/\"]}]}<\/script>\n<!-- \/ Yoast SEO plugin. -->","yoast_head_json":{"title":"Jugul\u00e4res ECMO-Verbrauchsmaterial \u2013 Creaplast-Einsatz","description":"Jugul\u00e4rer Ersatzeinsatz f\u00fcr ECMOtrainer-Simulatoren. Anatomischer und taktiler Realismus f\u00fcr die ven\u00f6se ECMO-Kan\u00fclierung.","robots":{"index":"index","follow":"follow","max-snippet":"max-snippet:-1","max-image-preview":"max-image-preview:large","max-video-preview":"max-video-preview:-1"},"canonical":"https:\/\/lifesupportdistribution.fr\/de\/produkt\/jugulaeres-ecmo-verbrauchsmaterial\/","og_locale":"de_DE","og_type":"article","og_title":"Jugul\u00e4res ECMO-Verbrauchsmaterial \u2013 Creaplast-Einsatz","og_description":"Jugul\u00e4rer Ersatzeinsatz f\u00fcr ECMOtrainer-Simulatoren. Anatomischer und taktiler Realismus f\u00fcr die ven\u00f6se ECMO-Kan\u00fclierung.","og_url":"https:\/\/lifesupportdistribution.fr\/de\/produkt\/jugulaeres-ecmo-verbrauchsmaterial\/","og_site_name":"Life Support Distribution","og_image":[{"width":600,"height":400,"url":"https:\/\/lifesupportdistribution.fr\/wp-content\/uploads\/2025\/12\/consommable-ecmo-jugulaire.jpg","type":"image\/jpeg"}],"twitter_card":"summary_large_image","schema":{"@context":"https:\/\/schema.org","@graph":[{"@type":"WebPage","@id":"https:\/\/lifesupportdistribution.fr\/de\/produkt\/jugulaeres-ecmo-verbrauchsmaterial\/","url":"https:\/\/lifesupportdistribution.fr\/de\/produkt\/jugulaeres-ecmo-verbrauchsmaterial\/","name":"Jugul\u00e4res ECMO-Verbrauchsmaterial \u2013 Creaplast-Einsatz","isPartOf":{"@id":"https:\/\/lifesupportdistribution.fr\/de\/#website"},"primaryImageOfPage":{"@id":"https:\/\/lifesupportdistribution.fr\/de\/produkt\/jugulaeres-ecmo-verbrauchsmaterial\/#primaryimage"},"image":{"@id":"https:\/\/lifesupportdistribution.fr\/de\/produkt\/jugulaeres-ecmo-verbrauchsmaterial\/#primaryimage"},"thumbnailUrl":"https:\/\/lifesupportdistribution.fr\/wp-content\/uploads\/2025\/12\/consommable-ecmo-jugulaire.jpg","datePublished":"2025-12-12T13:48:38+00:00","description":"Jugul\u00e4rer Ersatzeinsatz f\u00fcr ECMOtrainer-Simulatoren. Anatomischer und taktiler Realismus f\u00fcr die ven\u00f6se ECMO-Kan\u00fclierung.","breadcrumb":{"@id":"https:\/\/lifesupportdistribution.fr\/de\/produkt\/jugulaeres-ecmo-verbrauchsmaterial\/#breadcrumb"},"inLanguage":"de","potentialAction":[{"@type":"ReadAction","target":["https:\/\/lifesupportdistribution.fr\/de\/produkt\/jugulaeres-ecmo-verbrauchsmaterial\/"]}]},{"@type":"ImageObject","inLanguage":"de","@id":"https:\/\/lifesupportdistribution.fr\/de\/produkt\/jugulaeres-ecmo-verbrauchsmaterial\/#primaryimage","url":"https:\/\/lifesupportdistribution.fr\/wp-content\/uploads\/2025\/12\/consommable-ecmo-jugulaire.jpg","contentUrl":"https:\/\/lifesupportdistribution.fr\/wp-content\/uploads\/2025\/12\/consommable-ecmo-jugulaire.jpg","width":600,"height":400},{"@type":"BreadcrumbList","@id":"https:\/\/lifesupportdistribution.fr\/de\/produkt\/jugulaeres-ecmo-verbrauchsmaterial\/#breadcrumb","itemListElement":[{"@type":"ListItem","position":1,"name":"Accueil","item":"https:\/\/lifesupportdistribution.fr\/de\/startseite\/"},{"@type":"ListItem","position":2,"name":"Shop","item":"https:\/\/lifesupportdistribution.fr\/de\/shop\/"},{"@type":"ListItem","position":3,"name":"Jugul\u00e4res ECMO-Verbrauchsmaterial"}]},{"@type":"WebSite","@id":"https:\/\/lifesupportdistribution.fr\/de\/#website","url":"https:\/\/lifesupportdistribution.fr\/de\/","name":"Life Support Distribution","description":"Solutions en simulation m\u00e9dicale","publisher":{"@id":"https:\/\/lifesupportdistribution.fr\/de\/#organization"},"potentialAction":[{"@type":"SearchAction","target":{"@type":"EntryPoint","urlTemplate":"https:\/\/lifesupportdistribution.fr\/de\/?s={search_term_string}"},"query-input":{"@type":"PropertyValueSpecification","valueRequired":true,"valueName":"search_term_string"}}],"inLanguage":"de"},{"@type":"Organization","@id":"https:\/\/lifesupportdistribution.fr\/de\/#organization","name":"Life Support Distribution","url":"https:\/\/lifesupportdistribution.fr\/de\/","logo":{"@type":"ImageObject","inLanguage":"de","@id":"https:\/\/lifesupportdistribution.fr\/de\/#\/schema\/logo\/image\/","url":"https:\/\/lifesupportdistribution.fr\/wp-content\/uploads\/2025\/10\/logo-life-support-distribution.svg","contentUrl":"https:\/\/lifesupportdistribution.fr\/wp-content\/uploads\/2025\/10\/logo-life-support-distribution.svg","width":698,"height":223,"caption":"Life Support Distribution"},"image":{"@id":"https:\/\/lifesupportdistribution.fr\/de\/#\/schema\/logo\/image\/"},"sameAs":["https:\/\/www.linkedin.com\/company\/life-support-distribution\/"]}]}},"_links":{"self":[{"href":"https:\/\/lifesupportdistribution.fr\/de\/wp-json\/wp\/v2\/product\/5158","targetHints":{"allow":["GET"]}}],"collection":[{"href":"https:\/\/lifesupportdistribution.fr\/de\/wp-json\/wp\/v2\/product"}],"about":[{"href":"https:\/\/lifesupportdistribution.fr\/de\/wp-json\/wp\/v2\/types\/product"}],"wp:featuredmedia":[{"embeddable":true,"href":"https:\/\/lifesupportdistribution.fr\/de\/wp-json\/wp\/v2\/media\/3531"}],"wp:attachment":[{"href":"https:\/\/lifesupportdistribution.fr\/de\/wp-json\/wp\/v2\/media?parent=5158"}],"wp:term":[{"taxonomy":"product_brand","embeddable":true,"href":"https:\/\/lifesupportdistribution.fr\/de\/wp-json\/wp\/v2\/product_brand?post=5158"},{"taxonomy":"product_cat","embeddable":true,"href":"https:\/\/lifesupportdistribution.fr\/de\/wp-json\/wp\/v2\/product_cat?post=5158"},{"taxonomy":"product_tag","embeddable":true,"href":"https:\/\/lifesupportdistribution.fr\/de\/wp-json\/wp\/v2\/product_tag?post=5158"}],"curies":[{"name":"wp","href":"https:\/\/api.w.org\/{rel}","templated":true}]}}