{"id":5162,"date":"2025-12-12T14:40:50","date_gmt":"2025-12-12T13:40:50","guid":{"rendered":"https:\/\/lifesupportdistribution.fr\/produits\/ecmotrainer-i\/"},"modified":"2026-01-02T14:06:37","modified_gmt":"2026-01-02T13:06:37","slug":"ecmotrainer-i","status":"publish","type":"product","link":"https:\/\/lifesupportdistribution.fr\/de\/produkt\/ecmotrainer-i\/","title":{"rendered":"ECMOtrainer I"},"content":{"rendered":"<p>Der ECMOtrainer I Simulator, entwickelt von Creaplast, einem franz\u00f6sischen Hersteller anatomischer Modelle und medizinischer Simulatoren, ist ein umfassendes Werkzeug f\u00fcr die Schulung von Krankenhauspersonal in der ECMO-Anwendung.<br \/>\nEntwickelt, um die anatomischen und physiologischen Bedingungen des Patienten getreu zu reproduzieren, erm\u00f6glicht er das \u00dcben der Kan\u00fclierung femoraler und jugul\u00e4rer Gef\u00e4\u00dfe, des Anschlusses des extrakorporalen Kreislaufs sowie der \u00dcberpr\u00fcfung der korrekten Kan\u00fclenpositionierung.<br \/>\nDas System integriert simulierte vaskul\u00e4re Zug\u00e4nge aus Silikon, die beim Einf\u00fchren einen realistischen Widerstand und ein realistisches taktiles Feedback bieten.<br \/>\nDank seines modularen Aufbaus kann er f\u00fcr technische Schulungen, multidisziplin\u00e4re Workshops oder klinische Simulationssitzungen eingesetzt werden.<\/p>\n","protected":false},"excerpt":{"rendered":"<p>Der ECMOtrainer I von Creaplast ist ein High-Fidelity-Simulator, konzipiert f\u00fcr das Training der ECMO-Kan\u00fclierung (Extrakorporale Membranoxygenierung). Er erm\u00f6glicht es Lernenden, veno-ven\u00f6se (VV) und veno-arterielle (VA) Verfahren unter realistischen Bedingungen zu \u00fcben, was die Beherrschung technischer Handgriffe und das Verst\u00e4ndnis des extrakorporalen Kreislaufs f\u00f6rdert. <\/p>\n","protected":false},"featured_media":5163,"template":"","meta":[],"product_brand":[191],"product_cat":[222],"product_tag":[237,239,252,245,236],"class_list":{"0":"post-5162","1":"product","2":"type-product","3":"status-publish","4":"has-post-thumbnail","6":"product_brand-creaplast","7":"product_cat-simulatoren-fur-medizinische-versorgung","8":"product_tag-anasthesie","9":"product_tag-herz-lungen","10":"product_tag-intensivmedizin","11":"product_tag-intensivpflege","12":"product_tag-notfallmedizin","14":"first","15":"instock","16":"shipping-taxable","17":"purchasable","18":"product-type-simple"},"yoast_head":"<!-- This site is optimized with the Yoast SEO plugin v26.8 - https:\/\/yoast.com\/product\/yoast-seo-wordpress\/ -->\n<title>ECMOtrainer I \u2013 ECMO-Kan\u00fclierungssimulator<\/title>\n<meta name=\"description\" content=\"Fortschrittlicher Simulator f\u00fcr das Training der VV- und VA-ECMO-Kan\u00fclierung. Anatomischer Realismus und sicheres Training.\" \/>\n<meta name=\"robots\" content=\"index, follow, max-snippet:-1, max-image-preview:large, max-video-preview:-1\" \/>\n<link rel=\"canonical\" href=\"https:\/\/lifesupportdistribution.fr\/de\/produkt\/ecmotrainer-i\/\" \/>\n<meta property=\"og:locale\" content=\"de_DE\" \/>\n<meta property=\"og:type\" content=\"article\" \/>\n<meta property=\"og:title\" content=\"ECMOtrainer I \u2013 ECMO-Kan\u00fclierungssimulator\" \/>\n<meta property=\"og:description\" content=\"Fortschrittlicher Simulator f\u00fcr das Training der VV- und VA-ECMO-Kan\u00fclierung. Anatomischer Realismus und sicheres Training.\" \/>\n<meta property=\"og:url\" content=\"https:\/\/lifesupportdistribution.fr\/de\/produkt\/ecmotrainer-i\/\" \/>\n<meta property=\"og:site_name\" content=\"Life Support Distribution\" \/>\n<meta property=\"article:modified_time\" content=\"2026-01-02T13:06:37+00:00\" \/>\n<meta property=\"og:image\" content=\"https:\/\/lifesupportdistribution.fr\/wp-content\/uploads\/2025\/12\/ecmotrainer-i.jpg\" \/>\n\t<meta property=\"og:image:width\" content=\"600\" \/>\n\t<meta property=\"og:image:height\" content=\"400\" \/>\n\t<meta property=\"og:image:type\" content=\"image\/jpeg\" \/>\n<meta name=\"twitter:card\" content=\"summary_large_image\" \/>\n<meta name=\"twitter:label1\" content=\"Gesch\u00e4tzte Lesezeit\" \/>\n\t<meta name=\"twitter:data1\" content=\"1\u00a0Minute\" \/>\n<script type=\"application\/ld+json\" class=\"yoast-schema-graph\">{\"@context\":\"https:\/\/schema.org\",\"@graph\":[{\"@type\":\"WebPage\",\"@id\":\"https:\/\/lifesupportdistribution.fr\/de\/produkt\/ecmotrainer-i\/\",\"url\":\"https:\/\/lifesupportdistribution.fr\/de\/produkt\/ecmotrainer-i\/\",\"name\":\"ECMOtrainer I \u2013 ECMO-Kan\u00fclierungssimulator\",\"isPartOf\":{\"@id\":\"https:\/\/lifesupportdistribution.fr\/de\/#website\"},\"primaryImageOfPage\":{\"@id\":\"https:\/\/lifesupportdistribution.fr\/de\/produkt\/ecmotrainer-i\/#primaryimage\"},\"image\":{\"@id\":\"https:\/\/lifesupportdistribution.fr\/de\/produkt\/ecmotrainer-i\/#primaryimage\"},\"thumbnailUrl\":\"https:\/\/lifesupportdistribution.fr\/wp-content\/uploads\/2025\/12\/ecmotrainer-i.jpg\",\"datePublished\":\"2025-12-12T13:40:50+00:00\",\"dateModified\":\"2026-01-02T13:06:37+00:00\",\"description\":\"Fortschrittlicher Simulator f\u00fcr das Training der VV- und VA-ECMO-Kan\u00fclierung. Anatomischer Realismus und sicheres Training.\",\"breadcrumb\":{\"@id\":\"https:\/\/lifesupportdistribution.fr\/de\/produkt\/ecmotrainer-i\/#breadcrumb\"},\"inLanguage\":\"de\",\"potentialAction\":[{\"@type\":\"ReadAction\",\"target\":[\"https:\/\/lifesupportdistribution.fr\/de\/produkt\/ecmotrainer-i\/\"]}]},{\"@type\":\"ImageObject\",\"inLanguage\":\"de\",\"@id\":\"https:\/\/lifesupportdistribution.fr\/de\/produkt\/ecmotrainer-i\/#primaryimage\",\"url\":\"https:\/\/lifesupportdistribution.fr\/wp-content\/uploads\/2025\/12\/ecmotrainer-i.jpg\",\"contentUrl\":\"https:\/\/lifesupportdistribution.fr\/wp-content\/uploads\/2025\/12\/ecmotrainer-i.jpg\",\"width\":600,\"height\":400},{\"@type\":\"BreadcrumbList\",\"@id\":\"https:\/\/lifesupportdistribution.fr\/de\/produkt\/ecmotrainer-i\/#breadcrumb\",\"itemListElement\":[{\"@type\":\"ListItem\",\"position\":1,\"name\":\"Accueil\",\"item\":\"https:\/\/lifesupportdistribution.fr\/de\/startseite\/\"},{\"@type\":\"ListItem\",\"position\":2,\"name\":\"Shop\",\"item\":\"https:\/\/lifesupportdistribution.fr\/de\/shop\/\"},{\"@type\":\"ListItem\",\"position\":3,\"name\":\"ECMOtrainer I\"}]},{\"@type\":\"WebSite\",\"@id\":\"https:\/\/lifesupportdistribution.fr\/de\/#website\",\"url\":\"https:\/\/lifesupportdistribution.fr\/de\/\",\"name\":\"Life Support Distribution\",\"description\":\"Solutions en simulation m\u00e9dicale\",\"publisher\":{\"@id\":\"https:\/\/lifesupportdistribution.fr\/de\/#organization\"},\"potentialAction\":[{\"@type\":\"SearchAction\",\"target\":{\"@type\":\"EntryPoint\",\"urlTemplate\":\"https:\/\/lifesupportdistribution.fr\/de\/?s={search_term_string}\"},\"query-input\":{\"@type\":\"PropertyValueSpecification\",\"valueRequired\":true,\"valueName\":\"search_term_string\"}}],\"inLanguage\":\"de\"},{\"@type\":\"Organization\",\"@id\":\"https:\/\/lifesupportdistribution.fr\/de\/#organization\",\"name\":\"Life Support Distribution\",\"url\":\"https:\/\/lifesupportdistribution.fr\/de\/\",\"logo\":{\"@type\":\"ImageObject\",\"inLanguage\":\"de\",\"@id\":\"https:\/\/lifesupportdistribution.fr\/de\/#\/schema\/logo\/image\/\",\"url\":\"https:\/\/lifesupportdistribution.fr\/wp-content\/uploads\/2025\/10\/logo-life-support-distribution.svg\",\"contentUrl\":\"https:\/\/lifesupportdistribution.fr\/wp-content\/uploads\/2025\/10\/logo-life-support-distribution.svg\",\"width\":698,\"height\":223,\"caption\":\"Life Support Distribution\"},\"image\":{\"@id\":\"https:\/\/lifesupportdistribution.fr\/de\/#\/schema\/logo\/image\/\"},\"sameAs\":[\"https:\/\/www.linkedin.com\/company\/life-support-distribution\/\"]}]}<\/script>\n<!-- \/ Yoast SEO plugin. -->","yoast_head_json":{"title":"ECMOtrainer I \u2013 ECMO-Kan\u00fclierungssimulator","description":"Fortschrittlicher Simulator f\u00fcr das Training der VV- und VA-ECMO-Kan\u00fclierung. Anatomischer Realismus und sicheres Training.","robots":{"index":"index","follow":"follow","max-snippet":"max-snippet:-1","max-image-preview":"max-image-preview:large","max-video-preview":"max-video-preview:-1"},"canonical":"https:\/\/lifesupportdistribution.fr\/de\/produkt\/ecmotrainer-i\/","og_locale":"de_DE","og_type":"article","og_title":"ECMOtrainer I \u2013 ECMO-Kan\u00fclierungssimulator","og_description":"Fortschrittlicher Simulator f\u00fcr das Training der VV- und VA-ECMO-Kan\u00fclierung. Anatomischer Realismus und sicheres Training.","og_url":"https:\/\/lifesupportdistribution.fr\/de\/produkt\/ecmotrainer-i\/","og_site_name":"Life Support Distribution","article_modified_time":"2026-01-02T13:06:37+00:00","og_image":[{"width":600,"height":400,"url":"https:\/\/lifesupportdistribution.fr\/wp-content\/uploads\/2025\/12\/ecmotrainer-i.jpg","type":"image\/jpeg"}],"twitter_card":"summary_large_image","twitter_misc":{"Gesch\u00e4tzte Lesezeit":"1\u00a0Minute"},"schema":{"@context":"https:\/\/schema.org","@graph":[{"@type":"WebPage","@id":"https:\/\/lifesupportdistribution.fr\/de\/produkt\/ecmotrainer-i\/","url":"https:\/\/lifesupportdistribution.fr\/de\/produkt\/ecmotrainer-i\/","name":"ECMOtrainer I \u2013 ECMO-Kan\u00fclierungssimulator","isPartOf":{"@id":"https:\/\/lifesupportdistribution.fr\/de\/#website"},"primaryImageOfPage":{"@id":"https:\/\/lifesupportdistribution.fr\/de\/produkt\/ecmotrainer-i\/#primaryimage"},"image":{"@id":"https:\/\/lifesupportdistribution.fr\/de\/produkt\/ecmotrainer-i\/#primaryimage"},"thumbnailUrl":"https:\/\/lifesupportdistribution.fr\/wp-content\/uploads\/2025\/12\/ecmotrainer-i.jpg","datePublished":"2025-12-12T13:40:50+00:00","dateModified":"2026-01-02T13:06:37+00:00","description":"Fortschrittlicher Simulator f\u00fcr das Training der VV- und VA-ECMO-Kan\u00fclierung. Anatomischer Realismus und sicheres Training.","breadcrumb":{"@id":"https:\/\/lifesupportdistribution.fr\/de\/produkt\/ecmotrainer-i\/#breadcrumb"},"inLanguage":"de","potentialAction":[{"@type":"ReadAction","target":["https:\/\/lifesupportdistribution.fr\/de\/produkt\/ecmotrainer-i\/"]}]},{"@type":"ImageObject","inLanguage":"de","@id":"https:\/\/lifesupportdistribution.fr\/de\/produkt\/ecmotrainer-i\/#primaryimage","url":"https:\/\/lifesupportdistribution.fr\/wp-content\/uploads\/2025\/12\/ecmotrainer-i.jpg","contentUrl":"https:\/\/lifesupportdistribution.fr\/wp-content\/uploads\/2025\/12\/ecmotrainer-i.jpg","width":600,"height":400},{"@type":"BreadcrumbList","@id":"https:\/\/lifesupportdistribution.fr\/de\/produkt\/ecmotrainer-i\/#breadcrumb","itemListElement":[{"@type":"ListItem","position":1,"name":"Accueil","item":"https:\/\/lifesupportdistribution.fr\/de\/startseite\/"},{"@type":"ListItem","position":2,"name":"Shop","item":"https:\/\/lifesupportdistribution.fr\/de\/shop\/"},{"@type":"ListItem","position":3,"name":"ECMOtrainer I"}]},{"@type":"WebSite","@id":"https:\/\/lifesupportdistribution.fr\/de\/#website","url":"https:\/\/lifesupportdistribution.fr\/de\/","name":"Life Support Distribution","description":"Solutions en simulation m\u00e9dicale","publisher":{"@id":"https:\/\/lifesupportdistribution.fr\/de\/#organization"},"potentialAction":[{"@type":"SearchAction","target":{"@type":"EntryPoint","urlTemplate":"https:\/\/lifesupportdistribution.fr\/de\/?s={search_term_string}"},"query-input":{"@type":"PropertyValueSpecification","valueRequired":true,"valueName":"search_term_string"}}],"inLanguage":"de"},{"@type":"Organization","@id":"https:\/\/lifesupportdistribution.fr\/de\/#organization","name":"Life Support Distribution","url":"https:\/\/lifesupportdistribution.fr\/de\/","logo":{"@type":"ImageObject","inLanguage":"de","@id":"https:\/\/lifesupportdistribution.fr\/de\/#\/schema\/logo\/image\/","url":"https:\/\/lifesupportdistribution.fr\/wp-content\/uploads\/2025\/10\/logo-life-support-distribution.svg","contentUrl":"https:\/\/lifesupportdistribution.fr\/wp-content\/uploads\/2025\/10\/logo-life-support-distribution.svg","width":698,"height":223,"caption":"Life Support Distribution"},"image":{"@id":"https:\/\/lifesupportdistribution.fr\/de\/#\/schema\/logo\/image\/"},"sameAs":["https:\/\/www.linkedin.com\/company\/life-support-distribution\/"]}]}},"_links":{"self":[{"href":"https:\/\/lifesupportdistribution.fr\/de\/wp-json\/wp\/v2\/product\/5162","targetHints":{"allow":["GET"]}}],"collection":[{"href":"https:\/\/lifesupportdistribution.fr\/de\/wp-json\/wp\/v2\/product"}],"about":[{"href":"https:\/\/lifesupportdistribution.fr\/de\/wp-json\/wp\/v2\/types\/product"}],"wp:featuredmedia":[{"embeddable":true,"href":"https:\/\/lifesupportdistribution.fr\/de\/wp-json\/wp\/v2\/media\/5163"}],"wp:attachment":[{"href":"https:\/\/lifesupportdistribution.fr\/de\/wp-json\/wp\/v2\/media?parent=5162"}],"wp:term":[{"taxonomy":"product_brand","embeddable":true,"href":"https:\/\/lifesupportdistribution.fr\/de\/wp-json\/wp\/v2\/product_brand?post=5162"},{"taxonomy":"product_cat","embeddable":true,"href":"https:\/\/lifesupportdistribution.fr\/de\/wp-json\/wp\/v2\/product_cat?post=5162"},{"taxonomy":"product_tag","embeddable":true,"href":"https:\/\/lifesupportdistribution.fr\/de\/wp-json\/wp\/v2\/product_tag?post=5162"}],"curies":[{"name":"wp","href":"https:\/\/api.w.org\/{rel}","templated":true}]}}