{"id":5164,"date":"2025-12-12T14:42:38","date_gmt":"2025-12-12T13:42:38","guid":{"rendered":"https:\/\/lifesupportdistribution.fr\/produits\/ecmotrainer-ii\/"},"modified":"2025-12-12T14:42:38","modified_gmt":"2025-12-12T13:42:38","slug":"ecmotrainer-ii","status":"publish","type":"product","link":"https:\/\/lifesupportdistribution.fr\/de\/produkt\/ecmotrainer-ii\/","title":{"rendered":"ECMOtrainer II"},"content":{"rendered":"<p>Der ECMOtrainer II Simulator, in Frankreich von Creaplast entwickelt und hergestellt, ist die verbesserte Version des Modells ECMOtrainer I.<br \/>\nEr erm\u00f6glicht die vollst\u00e4ndige Simulation des Aufbaus eines ECMO-Kreislaufs \u2013 von der Kan\u00fclierung bis zum Blutflussmanagement \u2013 durch die Integration hochpr\u00e4ziser anatomischer und technischer Komponenten.<br \/>\nDas Modell umfasst realistische anatomische Bereiche (femoral, jugul\u00e4r und thorakal), die das Training von veno-ven\u00f6sen (VV) und veno-arteriellen (VA) Verfahren erm\u00f6glichen.<br \/>\nDie simulierten Gef\u00e4\u00dfwege aus Multi-Density-Silikon bieten einen originalgetreuen Widerstand beim Punktieren und Einf\u00fchren der Kan\u00fclen, w\u00e4hrend das interne System die Visualisierung und Kontrolle des simulierten Flusses erm\u00f6glicht und so das Verst\u00e4ndnis der gesamten ECMO-Funktionsweise f\u00f6rdert.<br \/>\nDer ECMOtrainer II ist f\u00fcr multidisziplin\u00e4re Schulungen konzipiert, die technische Praxis und Teamkommunikation in einem realistischen Simulationsumfeld verbinden.<\/p>\n","protected":false},"excerpt":{"rendered":"<p>Der ECMOtrainer II von Creaplast ist ein fortschrittlicher Trainingssimulator f\u00fcr ECMO (Extrakorporale Membranoxygenierung), entwickelt, um Kan\u00fclierungshandgriffe, Kreislaufmanagement und interdisziplin\u00e4re Koordination realistisch nachzubilden. Er bietet eine immersive und praktische Erfahrung, ideal f\u00fcr Intensiv-, Chirurgie- und Perfusionsteams. <\/p>\n","protected":false},"featured_media":3534,"template":"","meta":[],"product_brand":[191],"product_cat":[222],"product_tag":[237,239,252,245,236],"class_list":{"0":"post-5164","1":"product","2":"type-product","3":"status-publish","4":"has-post-thumbnail","6":"product_brand-creaplast","7":"product_cat-simulatoren-fur-medizinische-versorgung","8":"product_tag-anasthesie","9":"product_tag-herz-lungen","10":"product_tag-intensivmedizin","11":"product_tag-intensivpflege","12":"product_tag-notfallmedizin","14":"first","15":"instock","16":"shipping-taxable","17":"purchasable","18":"product-type-simple"},"yoast_head":"<!-- This site is optimized with the Yoast SEO plugin v26.8 - https:\/\/yoast.com\/product\/yoast-seo-wordpress\/ -->\n<title>ECMOtrainer II \u2013 fortgeschrittener ECMO-Trainingssimulator<\/title>\n<meta name=\"description\" content=\"High-Fidelity-Simulator f\u00fcr umfassendes VA- und VV-ECMO-Training. Kan\u00fclierung, Flussmanagement und realistische Szenarien.\" \/>\n<meta name=\"robots\" content=\"index, follow, max-snippet:-1, max-image-preview:large, max-video-preview:-1\" \/>\n<link rel=\"canonical\" href=\"https:\/\/lifesupportdistribution.fr\/de\/produkt\/ecmotrainer-ii\/\" \/>\n<meta property=\"og:locale\" content=\"de_DE\" \/>\n<meta property=\"og:type\" content=\"article\" \/>\n<meta property=\"og:title\" content=\"ECMOtrainer II \u2013 fortgeschrittener ECMO-Trainingssimulator\" \/>\n<meta property=\"og:description\" content=\"High-Fidelity-Simulator f\u00fcr umfassendes VA- und VV-ECMO-Training. Kan\u00fclierung, Flussmanagement und realistische Szenarien.\" \/>\n<meta property=\"og:url\" content=\"https:\/\/lifesupportdistribution.fr\/de\/produkt\/ecmotrainer-ii\/\" \/>\n<meta property=\"og:site_name\" content=\"Life Support Distribution\" \/>\n<meta property=\"og:image\" content=\"https:\/\/lifesupportdistribution.fr\/wp-content\/uploads\/2025\/12\/ecmotrainer-ii.jpg\" \/>\n\t<meta property=\"og:image:width\" content=\"600\" \/>\n\t<meta property=\"og:image:height\" content=\"400\" \/>\n\t<meta property=\"og:image:type\" content=\"image\/jpeg\" \/>\n<meta name=\"twitter:card\" content=\"summary_large_image\" \/>\n<meta name=\"twitter:label1\" content=\"Gesch\u00e4tzte Lesezeit\" \/>\n\t<meta name=\"twitter:data1\" content=\"1\u00a0Minute\" \/>\n<script type=\"application\/ld+json\" class=\"yoast-schema-graph\">{\"@context\":\"https:\/\/schema.org\",\"@graph\":[{\"@type\":\"WebPage\",\"@id\":\"https:\/\/lifesupportdistribution.fr\/de\/produkt\/ecmotrainer-ii\/\",\"url\":\"https:\/\/lifesupportdistribution.fr\/de\/produkt\/ecmotrainer-ii\/\",\"name\":\"ECMOtrainer II \u2013 fortgeschrittener ECMO-Trainingssimulator\",\"isPartOf\":{\"@id\":\"https:\/\/lifesupportdistribution.fr\/de\/#website\"},\"primaryImageOfPage\":{\"@id\":\"https:\/\/lifesupportdistribution.fr\/de\/produkt\/ecmotrainer-ii\/#primaryimage\"},\"image\":{\"@id\":\"https:\/\/lifesupportdistribution.fr\/de\/produkt\/ecmotrainer-ii\/#primaryimage\"},\"thumbnailUrl\":\"https:\/\/lifesupportdistribution.fr\/wp-content\/uploads\/2025\/12\/ecmotrainer-ii.jpg\",\"datePublished\":\"2025-12-12T13:42:38+00:00\",\"description\":\"High-Fidelity-Simulator f\u00fcr umfassendes VA- und VV-ECMO-Training. Kan\u00fclierung, Flussmanagement und realistische Szenarien.\",\"breadcrumb\":{\"@id\":\"https:\/\/lifesupportdistribution.fr\/de\/produkt\/ecmotrainer-ii\/#breadcrumb\"},\"inLanguage\":\"de\",\"potentialAction\":[{\"@type\":\"ReadAction\",\"target\":[\"https:\/\/lifesupportdistribution.fr\/de\/produkt\/ecmotrainer-ii\/\"]}]},{\"@type\":\"ImageObject\",\"inLanguage\":\"de\",\"@id\":\"https:\/\/lifesupportdistribution.fr\/de\/produkt\/ecmotrainer-ii\/#primaryimage\",\"url\":\"https:\/\/lifesupportdistribution.fr\/wp-content\/uploads\/2025\/12\/ecmotrainer-ii.jpg\",\"contentUrl\":\"https:\/\/lifesupportdistribution.fr\/wp-content\/uploads\/2025\/12\/ecmotrainer-ii.jpg\",\"width\":600,\"height\":400},{\"@type\":\"BreadcrumbList\",\"@id\":\"https:\/\/lifesupportdistribution.fr\/de\/produkt\/ecmotrainer-ii\/#breadcrumb\",\"itemListElement\":[{\"@type\":\"ListItem\",\"position\":1,\"name\":\"Accueil\",\"item\":\"https:\/\/lifesupportdistribution.fr\/de\/startseite\/\"},{\"@type\":\"ListItem\",\"position\":2,\"name\":\"Shop\",\"item\":\"https:\/\/lifesupportdistribution.fr\/de\/shop\/\"},{\"@type\":\"ListItem\",\"position\":3,\"name\":\"ECMOtrainer II\"}]},{\"@type\":\"WebSite\",\"@id\":\"https:\/\/lifesupportdistribution.fr\/de\/#website\",\"url\":\"https:\/\/lifesupportdistribution.fr\/de\/\",\"name\":\"Life Support Distribution\",\"description\":\"Solutions en simulation m\u00e9dicale\",\"publisher\":{\"@id\":\"https:\/\/lifesupportdistribution.fr\/de\/#organization\"},\"potentialAction\":[{\"@type\":\"SearchAction\",\"target\":{\"@type\":\"EntryPoint\",\"urlTemplate\":\"https:\/\/lifesupportdistribution.fr\/de\/?s={search_term_string}\"},\"query-input\":{\"@type\":\"PropertyValueSpecification\",\"valueRequired\":true,\"valueName\":\"search_term_string\"}}],\"inLanguage\":\"de\"},{\"@type\":\"Organization\",\"@id\":\"https:\/\/lifesupportdistribution.fr\/de\/#organization\",\"name\":\"Life Support Distribution\",\"url\":\"https:\/\/lifesupportdistribution.fr\/de\/\",\"logo\":{\"@type\":\"ImageObject\",\"inLanguage\":\"de\",\"@id\":\"https:\/\/lifesupportdistribution.fr\/de\/#\/schema\/logo\/image\/\",\"url\":\"https:\/\/lifesupportdistribution.fr\/wp-content\/uploads\/2025\/10\/logo-life-support-distribution.svg\",\"contentUrl\":\"https:\/\/lifesupportdistribution.fr\/wp-content\/uploads\/2025\/10\/logo-life-support-distribution.svg\",\"width\":698,\"height\":223,\"caption\":\"Life Support Distribution\"},\"image\":{\"@id\":\"https:\/\/lifesupportdistribution.fr\/de\/#\/schema\/logo\/image\/\"},\"sameAs\":[\"https:\/\/www.linkedin.com\/company\/life-support-distribution\/\"]}]}<\/script>\n<!-- \/ Yoast SEO plugin. -->","yoast_head_json":{"title":"ECMOtrainer II \u2013 fortgeschrittener ECMO-Trainingssimulator","description":"High-Fidelity-Simulator f\u00fcr umfassendes VA- und VV-ECMO-Training. Kan\u00fclierung, Flussmanagement und realistische Szenarien.","robots":{"index":"index","follow":"follow","max-snippet":"max-snippet:-1","max-image-preview":"max-image-preview:large","max-video-preview":"max-video-preview:-1"},"canonical":"https:\/\/lifesupportdistribution.fr\/de\/produkt\/ecmotrainer-ii\/","og_locale":"de_DE","og_type":"article","og_title":"ECMOtrainer II \u2013 fortgeschrittener ECMO-Trainingssimulator","og_description":"High-Fidelity-Simulator f\u00fcr umfassendes VA- und VV-ECMO-Training. Kan\u00fclierung, Flussmanagement und realistische Szenarien.","og_url":"https:\/\/lifesupportdistribution.fr\/de\/produkt\/ecmotrainer-ii\/","og_site_name":"Life Support Distribution","og_image":[{"width":600,"height":400,"url":"https:\/\/lifesupportdistribution.fr\/wp-content\/uploads\/2025\/12\/ecmotrainer-ii.jpg","type":"image\/jpeg"}],"twitter_card":"summary_large_image","twitter_misc":{"Gesch\u00e4tzte Lesezeit":"1\u00a0Minute"},"schema":{"@context":"https:\/\/schema.org","@graph":[{"@type":"WebPage","@id":"https:\/\/lifesupportdistribution.fr\/de\/produkt\/ecmotrainer-ii\/","url":"https:\/\/lifesupportdistribution.fr\/de\/produkt\/ecmotrainer-ii\/","name":"ECMOtrainer II \u2013 fortgeschrittener ECMO-Trainingssimulator","isPartOf":{"@id":"https:\/\/lifesupportdistribution.fr\/de\/#website"},"primaryImageOfPage":{"@id":"https:\/\/lifesupportdistribution.fr\/de\/produkt\/ecmotrainer-ii\/#primaryimage"},"image":{"@id":"https:\/\/lifesupportdistribution.fr\/de\/produkt\/ecmotrainer-ii\/#primaryimage"},"thumbnailUrl":"https:\/\/lifesupportdistribution.fr\/wp-content\/uploads\/2025\/12\/ecmotrainer-ii.jpg","datePublished":"2025-12-12T13:42:38+00:00","description":"High-Fidelity-Simulator f\u00fcr umfassendes VA- und VV-ECMO-Training. Kan\u00fclierung, Flussmanagement und realistische Szenarien.","breadcrumb":{"@id":"https:\/\/lifesupportdistribution.fr\/de\/produkt\/ecmotrainer-ii\/#breadcrumb"},"inLanguage":"de","potentialAction":[{"@type":"ReadAction","target":["https:\/\/lifesupportdistribution.fr\/de\/produkt\/ecmotrainer-ii\/"]}]},{"@type":"ImageObject","inLanguage":"de","@id":"https:\/\/lifesupportdistribution.fr\/de\/produkt\/ecmotrainer-ii\/#primaryimage","url":"https:\/\/lifesupportdistribution.fr\/wp-content\/uploads\/2025\/12\/ecmotrainer-ii.jpg","contentUrl":"https:\/\/lifesupportdistribution.fr\/wp-content\/uploads\/2025\/12\/ecmotrainer-ii.jpg","width":600,"height":400},{"@type":"BreadcrumbList","@id":"https:\/\/lifesupportdistribution.fr\/de\/produkt\/ecmotrainer-ii\/#breadcrumb","itemListElement":[{"@type":"ListItem","position":1,"name":"Accueil","item":"https:\/\/lifesupportdistribution.fr\/de\/startseite\/"},{"@type":"ListItem","position":2,"name":"Shop","item":"https:\/\/lifesupportdistribution.fr\/de\/shop\/"},{"@type":"ListItem","position":3,"name":"ECMOtrainer II"}]},{"@type":"WebSite","@id":"https:\/\/lifesupportdistribution.fr\/de\/#website","url":"https:\/\/lifesupportdistribution.fr\/de\/","name":"Life Support Distribution","description":"Solutions en simulation m\u00e9dicale","publisher":{"@id":"https:\/\/lifesupportdistribution.fr\/de\/#organization"},"potentialAction":[{"@type":"SearchAction","target":{"@type":"EntryPoint","urlTemplate":"https:\/\/lifesupportdistribution.fr\/de\/?s={search_term_string}"},"query-input":{"@type":"PropertyValueSpecification","valueRequired":true,"valueName":"search_term_string"}}],"inLanguage":"de"},{"@type":"Organization","@id":"https:\/\/lifesupportdistribution.fr\/de\/#organization","name":"Life Support Distribution","url":"https:\/\/lifesupportdistribution.fr\/de\/","logo":{"@type":"ImageObject","inLanguage":"de","@id":"https:\/\/lifesupportdistribution.fr\/de\/#\/schema\/logo\/image\/","url":"https:\/\/lifesupportdistribution.fr\/wp-content\/uploads\/2025\/10\/logo-life-support-distribution.svg","contentUrl":"https:\/\/lifesupportdistribution.fr\/wp-content\/uploads\/2025\/10\/logo-life-support-distribution.svg","width":698,"height":223,"caption":"Life Support Distribution"},"image":{"@id":"https:\/\/lifesupportdistribution.fr\/de\/#\/schema\/logo\/image\/"},"sameAs":["https:\/\/www.linkedin.com\/company\/life-support-distribution\/"]}]}},"_links":{"self":[{"href":"https:\/\/lifesupportdistribution.fr\/de\/wp-json\/wp\/v2\/product\/5164","targetHints":{"allow":["GET"]}}],"collection":[{"href":"https:\/\/lifesupportdistribution.fr\/de\/wp-json\/wp\/v2\/product"}],"about":[{"href":"https:\/\/lifesupportdistribution.fr\/de\/wp-json\/wp\/v2\/types\/product"}],"wp:featuredmedia":[{"embeddable":true,"href":"https:\/\/lifesupportdistribution.fr\/de\/wp-json\/wp\/v2\/media\/3534"}],"wp:attachment":[{"href":"https:\/\/lifesupportdistribution.fr\/de\/wp-json\/wp\/v2\/media?parent=5164"}],"wp:term":[{"taxonomy":"product_brand","embeddable":true,"href":"https:\/\/lifesupportdistribution.fr\/de\/wp-json\/wp\/v2\/product_brand?post=5164"},{"taxonomy":"product_cat","embeddable":true,"href":"https:\/\/lifesupportdistribution.fr\/de\/wp-json\/wp\/v2\/product_cat?post=5164"},{"taxonomy":"product_tag","embeddable":true,"href":"https:\/\/lifesupportdistribution.fr\/de\/wp-json\/wp\/v2\/product_tag?post=5164"}],"curies":[{"name":"wp","href":"https:\/\/api.w.org\/{rel}","templated":true}]}}