{"id":5180,"date":"2025-12-12T12:38:47","date_gmt":"2025-12-12T11:38:47","guid":{"rendered":"https:\/\/lifesupportdistribution.fr\/produits\/lendenwirbelsaeule-l1-l5-mit-verkruemmung\/"},"modified":"2025-12-12T12:38:47","modified_gmt":"2025-12-12T11:38:47","slug":"lendenwirbelsaeule-l1-l5-mit-verkruemmung","status":"publish","type":"product","link":"https:\/\/lifesupportdistribution.fr\/de\/produkt\/lendenwirbelsaeule-l1-l5-mit-verkruemmung\/","title":{"rendered":"Lendenwirbels\u00e4ule L1\u2013L5 mit Verkr\u00fcmmung"},"content":{"rendered":"<p>Das Modell Lendenwirbels\u00e4ule L1\u2013L5 mit Verkr\u00fcmmung wurde entwickelt, um eine realistische Darstellung eines pathologischen Lendenwirbels\u00e4ulensegments zu bieten, das die dreidimensionalen Bewegungen von Rotation, Neigung und Translation veranschaulicht, die bei Verformungen der unteren Wirbels\u00e4ule beobachtet werden.Hergestellt von Creaplast, einem franz\u00f6sischen Hersteller, der f\u00fcr die Qualit\u00e4t seiner anatomischen Modelle bekannt ist, erm\u00f6glicht dieses Ger\u00e4t eine klare Visualisierung der Wirbelverformung unter Beibehaltung der Pr\u00e4zision anatomischer Details.<br \/>\nAus hochdichtem Hartschaum (Solid Foam) gefertigt, reproduziert es getreu die Knochenmorphologie und -textur des menschlichen Knochens und gew\u00e4hrleistet Robustheit und Langlebigkeit.<br \/>\nDieses Modell ist ideal f\u00fcr medizinische und paramedizinische Ausbildungen, klinische Demonstrations-Workshops und biomechanische Forschungen, die darauf abzielen, den Einfluss lumbaler Verformungen auf die Haltung und Wirbels\u00e4ulenstabilit\u00e4t zu verstehen.<\/p>\n","protected":false},"excerpt":{"rendered":"<p>Die Lendenwirbels\u00e4ule L1\u2013L5 mit Verkr\u00fcmmung von Creaplast ist ein pr\u00e4zises anatomisches Modell, das eine lokalisierte lumbale Verformung darstellt, ideal f\u00fcr medizinische Ausbildung, biomechanische Forschung und p\u00e4dagogische Demonstrationen. Dieses Modell hebt die f\u00fcr Skoliose oder eine moderate lumbale Verformung charakteristische Abweichung und Wirbelrotation hervor. <\/p>\n","protected":false},"featured_media":3475,"template":"","meta":[],"product_brand":[191],"product_cat":[221],"product_tag":[241],"class_list":{"0":"post-5180","1":"product","2":"type-product","3":"status-publish","4":"has-post-thumbnail","6":"product_brand-creaplast","7":"product_cat-anatomische-tafeln-und-modelle","8":"product_tag-anatomietraining","10":"first","11":"instock","12":"shipping-taxable","13":"purchasable","14":"product-type-simple"},"yoast_head":"<!-- This site is optimized with the Yoast SEO plugin v27.5 - https:\/\/yoast.com\/product\/yoast-seo-wordpress\/ -->\n<title>Lendenwirbels\u00e4ule L1\u2013L5 mit Verkr\u00fcmmung \u2013 P\u00e4dagogisches Lendenwirbels\u00e4ulenmodell<\/title>\n<meta name=\"description\" content=\"Anatomisches Modell der deformierten Lendenwirbels\u00e4ule L1\u2013L5. Ideal f\u00fcr Lehre, Biomechanik und klinische Demonstrationen.\" \/>\n<meta name=\"robots\" content=\"index, follow, max-snippet:-1, max-image-preview:large, max-video-preview:-1\" \/>\n<link rel=\"canonical\" href=\"https:\/\/lifesupportdistribution.fr\/de\/produkt\/lendenwirbelsaeule-l1-l5-mit-verkruemmung\/\" \/>\n<meta property=\"og:locale\" content=\"de_DE\" \/>\n<meta property=\"og:type\" content=\"article\" \/>\n<meta property=\"og:title\" content=\"Lendenwirbels\u00e4ule L1\u2013L5 mit Verkr\u00fcmmung \u2013 P\u00e4dagogisches Lendenwirbels\u00e4ulenmodell\" \/>\n<meta property=\"og:description\" content=\"Anatomisches Modell der deformierten Lendenwirbels\u00e4ule L1\u2013L5. Ideal f\u00fcr Lehre, Biomechanik und klinische Demonstrationen.\" \/>\n<meta property=\"og:url\" content=\"https:\/\/lifesupportdistribution.fr\/de\/produkt\/lendenwirbelsaeule-l1-l5-mit-verkruemmung\/\" \/>\n<meta property=\"og:site_name\" content=\"Life Support Distribution\" \/>\n<meta property=\"og:image\" content=\"https:\/\/lifesupportdistribution.fr\/wp-content\/uploads\/2025\/12\/rachis-l1l5-avec-deviation.jpg\" \/>\n\t<meta property=\"og:image:width\" content=\"600\" \/>\n\t<meta property=\"og:image:height\" content=\"400\" \/>\n\t<meta property=\"og:image:type\" content=\"image\/jpeg\" \/>\n<meta name=\"twitter:card\" content=\"summary_large_image\" \/>\n<meta name=\"twitter:label1\" content=\"Gesch\u00e4tzte Lesezeit\" \/>\n\t<meta name=\"twitter:data1\" content=\"1\u00a0Minute\" \/>\n<script type=\"application\/ld+json\" class=\"yoast-schema-graph\">{\"@context\":\"https:\\\/\\\/schema.org\",\"@graph\":[{\"@type\":\"WebPage\",\"@id\":\"https:\\\/\\\/lifesupportdistribution.fr\\\/de\\\/produkt\\\/lendenwirbelsaeule-l1-l5-mit-verkruemmung\\\/\",\"url\":\"https:\\\/\\\/lifesupportdistribution.fr\\\/de\\\/produkt\\\/lendenwirbelsaeule-l1-l5-mit-verkruemmung\\\/\",\"name\":\"Lendenwirbels\u00e4ule L1\u2013L5 mit Verkr\u00fcmmung \u2013 P\u00e4dagogisches Lendenwirbels\u00e4ulenmodell\",\"isPartOf\":{\"@id\":\"https:\\\/\\\/lifesupportdistribution.fr\\\/de\\\/#website\"},\"primaryImageOfPage\":{\"@id\":\"https:\\\/\\\/lifesupportdistribution.fr\\\/de\\\/produkt\\\/lendenwirbelsaeule-l1-l5-mit-verkruemmung\\\/#primaryimage\"},\"image\":{\"@id\":\"https:\\\/\\\/lifesupportdistribution.fr\\\/de\\\/produkt\\\/lendenwirbelsaeule-l1-l5-mit-verkruemmung\\\/#primaryimage\"},\"thumbnailUrl\":\"https:\\\/\\\/lifesupportdistribution.fr\\\/wp-content\\\/uploads\\\/2025\\\/12\\\/rachis-l1l5-avec-deviation.jpg\",\"datePublished\":\"2025-12-12T11:38:47+00:00\",\"description\":\"Anatomisches Modell der deformierten Lendenwirbels\u00e4ule L1\u2013L5. Ideal f\u00fcr Lehre, Biomechanik und klinische Demonstrationen.\",\"breadcrumb\":{\"@id\":\"https:\\\/\\\/lifesupportdistribution.fr\\\/de\\\/produkt\\\/lendenwirbelsaeule-l1-l5-mit-verkruemmung\\\/#breadcrumb\"},\"inLanguage\":\"de\",\"potentialAction\":[{\"@type\":\"ReadAction\",\"target\":[\"https:\\\/\\\/lifesupportdistribution.fr\\\/de\\\/produkt\\\/lendenwirbelsaeule-l1-l5-mit-verkruemmung\\\/\"]}]},{\"@type\":\"ImageObject\",\"inLanguage\":\"de\",\"@id\":\"https:\\\/\\\/lifesupportdistribution.fr\\\/de\\\/produkt\\\/lendenwirbelsaeule-l1-l5-mit-verkruemmung\\\/#primaryimage\",\"url\":\"https:\\\/\\\/lifesupportdistribution.fr\\\/wp-content\\\/uploads\\\/2025\\\/12\\\/rachis-l1l5-avec-deviation.jpg\",\"contentUrl\":\"https:\\\/\\\/lifesupportdistribution.fr\\\/wp-content\\\/uploads\\\/2025\\\/12\\\/rachis-l1l5-avec-deviation.jpg\",\"width\":600,\"height\":400},{\"@type\":\"BreadcrumbList\",\"@id\":\"https:\\\/\\\/lifesupportdistribution.fr\\\/de\\\/produkt\\\/lendenwirbelsaeule-l1-l5-mit-verkruemmung\\\/#breadcrumb\",\"itemListElement\":[{\"@type\":\"ListItem\",\"position\":1,\"name\":\"Accueil\",\"item\":\"https:\\\/\\\/lifesupportdistribution.fr\\\/de\\\/startseite\\\/\"},{\"@type\":\"ListItem\",\"position\":2,\"name\":\"Shop\",\"item\":\"https:\\\/\\\/lifesupportdistribution.fr\\\/de\\\/shop\\\/\"},{\"@type\":\"ListItem\",\"position\":3,\"name\":\"Lendenwirbels\u00e4ule L1\u2013L5 mit Verkr\u00fcmmung\"}]},{\"@type\":\"WebSite\",\"@id\":\"https:\\\/\\\/lifesupportdistribution.fr\\\/de\\\/#website\",\"url\":\"https:\\\/\\\/lifesupportdistribution.fr\\\/de\\\/\",\"name\":\"Life Support Distribution\",\"description\":\"Solutions en simulation m\u00e9dicale\",\"publisher\":{\"@id\":\"https:\\\/\\\/lifesupportdistribution.fr\\\/de\\\/#organization\"},\"potentialAction\":[{\"@type\":\"SearchAction\",\"target\":{\"@type\":\"EntryPoint\",\"urlTemplate\":\"https:\\\/\\\/lifesupportdistribution.fr\\\/de\\\/?s={search_term_string}\"},\"query-input\":{\"@type\":\"PropertyValueSpecification\",\"valueRequired\":true,\"valueName\":\"search_term_string\"}}],\"inLanguage\":\"de\"},{\"@type\":\"Organization\",\"@id\":\"https:\\\/\\\/lifesupportdistribution.fr\\\/de\\\/#organization\",\"name\":\"Life Support Distribution\",\"url\":\"https:\\\/\\\/lifesupportdistribution.fr\\\/de\\\/\",\"logo\":{\"@type\":\"ImageObject\",\"inLanguage\":\"de\",\"@id\":\"https:\\\/\\\/lifesupportdistribution.fr\\\/de\\\/#\\\/schema\\\/logo\\\/image\\\/\",\"url\":\"https:\\\/\\\/lifesupportdistribution.fr\\\/wp-content\\\/uploads\\\/2025\\\/10\\\/logo-life-support-distribution.svg\",\"contentUrl\":\"https:\\\/\\\/lifesupportdistribution.fr\\\/wp-content\\\/uploads\\\/2025\\\/10\\\/logo-life-support-distribution.svg\",\"width\":698,\"height\":223,\"caption\":\"Life Support Distribution\"},\"image\":{\"@id\":\"https:\\\/\\\/lifesupportdistribution.fr\\\/de\\\/#\\\/schema\\\/logo\\\/image\\\/\"},\"sameAs\":[\"https:\\\/\\\/www.linkedin.com\\\/company\\\/life-support-distribution\\\/\"]}]}<\/script>\n<!-- \/ Yoast SEO plugin. -->","yoast_head_json":{"title":"Lendenwirbels\u00e4ule L1\u2013L5 mit Verkr\u00fcmmung \u2013 P\u00e4dagogisches Lendenwirbels\u00e4ulenmodell","description":"Anatomisches Modell der deformierten Lendenwirbels\u00e4ule L1\u2013L5. Ideal f\u00fcr Lehre, Biomechanik und klinische Demonstrationen.","robots":{"index":"index","follow":"follow","max-snippet":"max-snippet:-1","max-image-preview":"max-image-preview:large","max-video-preview":"max-video-preview:-1"},"canonical":"https:\/\/lifesupportdistribution.fr\/de\/produkt\/lendenwirbelsaeule-l1-l5-mit-verkruemmung\/","og_locale":"de_DE","og_type":"article","og_title":"Lendenwirbels\u00e4ule L1\u2013L5 mit Verkr\u00fcmmung \u2013 P\u00e4dagogisches Lendenwirbels\u00e4ulenmodell","og_description":"Anatomisches Modell der deformierten Lendenwirbels\u00e4ule L1\u2013L5. Ideal f\u00fcr Lehre, Biomechanik und klinische Demonstrationen.","og_url":"https:\/\/lifesupportdistribution.fr\/de\/produkt\/lendenwirbelsaeule-l1-l5-mit-verkruemmung\/","og_site_name":"Life Support Distribution","og_image":[{"width":600,"height":400,"url":"https:\/\/lifesupportdistribution.fr\/wp-content\/uploads\/2025\/12\/rachis-l1l5-avec-deviation.jpg","type":"image\/jpeg"}],"twitter_card":"summary_large_image","twitter_misc":{"Gesch\u00e4tzte Lesezeit":"1\u00a0Minute"},"schema":{"@context":"https:\/\/schema.org","@graph":[{"@type":"WebPage","@id":"https:\/\/lifesupportdistribution.fr\/de\/produkt\/lendenwirbelsaeule-l1-l5-mit-verkruemmung\/","url":"https:\/\/lifesupportdistribution.fr\/de\/produkt\/lendenwirbelsaeule-l1-l5-mit-verkruemmung\/","name":"Lendenwirbels\u00e4ule L1\u2013L5 mit Verkr\u00fcmmung \u2013 P\u00e4dagogisches Lendenwirbels\u00e4ulenmodell","isPartOf":{"@id":"https:\/\/lifesupportdistribution.fr\/de\/#website"},"primaryImageOfPage":{"@id":"https:\/\/lifesupportdistribution.fr\/de\/produkt\/lendenwirbelsaeule-l1-l5-mit-verkruemmung\/#primaryimage"},"image":{"@id":"https:\/\/lifesupportdistribution.fr\/de\/produkt\/lendenwirbelsaeule-l1-l5-mit-verkruemmung\/#primaryimage"},"thumbnailUrl":"https:\/\/lifesupportdistribution.fr\/wp-content\/uploads\/2025\/12\/rachis-l1l5-avec-deviation.jpg","datePublished":"2025-12-12T11:38:47+00:00","description":"Anatomisches Modell der deformierten Lendenwirbels\u00e4ule L1\u2013L5. Ideal f\u00fcr Lehre, Biomechanik und klinische Demonstrationen.","breadcrumb":{"@id":"https:\/\/lifesupportdistribution.fr\/de\/produkt\/lendenwirbelsaeule-l1-l5-mit-verkruemmung\/#breadcrumb"},"inLanguage":"de","potentialAction":[{"@type":"ReadAction","target":["https:\/\/lifesupportdistribution.fr\/de\/produkt\/lendenwirbelsaeule-l1-l5-mit-verkruemmung\/"]}]},{"@type":"ImageObject","inLanguage":"de","@id":"https:\/\/lifesupportdistribution.fr\/de\/produkt\/lendenwirbelsaeule-l1-l5-mit-verkruemmung\/#primaryimage","url":"https:\/\/lifesupportdistribution.fr\/wp-content\/uploads\/2025\/12\/rachis-l1l5-avec-deviation.jpg","contentUrl":"https:\/\/lifesupportdistribution.fr\/wp-content\/uploads\/2025\/12\/rachis-l1l5-avec-deviation.jpg","width":600,"height":400},{"@type":"BreadcrumbList","@id":"https:\/\/lifesupportdistribution.fr\/de\/produkt\/lendenwirbelsaeule-l1-l5-mit-verkruemmung\/#breadcrumb","itemListElement":[{"@type":"ListItem","position":1,"name":"Accueil","item":"https:\/\/lifesupportdistribution.fr\/de\/startseite\/"},{"@type":"ListItem","position":2,"name":"Shop","item":"https:\/\/lifesupportdistribution.fr\/de\/shop\/"},{"@type":"ListItem","position":3,"name":"Lendenwirbels\u00e4ule L1\u2013L5 mit Verkr\u00fcmmung"}]},{"@type":"WebSite","@id":"https:\/\/lifesupportdistribution.fr\/de\/#website","url":"https:\/\/lifesupportdistribution.fr\/de\/","name":"Life Support Distribution","description":"Solutions en simulation m\u00e9dicale","publisher":{"@id":"https:\/\/lifesupportdistribution.fr\/de\/#organization"},"potentialAction":[{"@type":"SearchAction","target":{"@type":"EntryPoint","urlTemplate":"https:\/\/lifesupportdistribution.fr\/de\/?s={search_term_string}"},"query-input":{"@type":"PropertyValueSpecification","valueRequired":true,"valueName":"search_term_string"}}],"inLanguage":"de"},{"@type":"Organization","@id":"https:\/\/lifesupportdistribution.fr\/de\/#organization","name":"Life Support Distribution","url":"https:\/\/lifesupportdistribution.fr\/de\/","logo":{"@type":"ImageObject","inLanguage":"de","@id":"https:\/\/lifesupportdistribution.fr\/de\/#\/schema\/logo\/image\/","url":"https:\/\/lifesupportdistribution.fr\/wp-content\/uploads\/2025\/10\/logo-life-support-distribution.svg","contentUrl":"https:\/\/lifesupportdistribution.fr\/wp-content\/uploads\/2025\/10\/logo-life-support-distribution.svg","width":698,"height":223,"caption":"Life Support Distribution"},"image":{"@id":"https:\/\/lifesupportdistribution.fr\/de\/#\/schema\/logo\/image\/"},"sameAs":["https:\/\/www.linkedin.com\/company\/life-support-distribution\/"]}]}},"_links":{"self":[{"href":"https:\/\/lifesupportdistribution.fr\/de\/wp-json\/wp\/v2\/product\/5180","targetHints":{"allow":["GET"]}}],"collection":[{"href":"https:\/\/lifesupportdistribution.fr\/de\/wp-json\/wp\/v2\/product"}],"about":[{"href":"https:\/\/lifesupportdistribution.fr\/de\/wp-json\/wp\/v2\/types\/product"}],"wp:featuredmedia":[{"embeddable":true,"href":"https:\/\/lifesupportdistribution.fr\/de\/wp-json\/wp\/v2\/media\/3475"}],"wp:attachment":[{"href":"https:\/\/lifesupportdistribution.fr\/de\/wp-json\/wp\/v2\/media?parent=5180"}],"wp:term":[{"taxonomy":"product_brand","embeddable":true,"href":"https:\/\/lifesupportdistribution.fr\/de\/wp-json\/wp\/v2\/product_brand?post=5180"},{"taxonomy":"product_cat","embeddable":true,"href":"https:\/\/lifesupportdistribution.fr\/de\/wp-json\/wp\/v2\/product_cat?post=5180"},{"taxonomy":"product_tag","embeddable":true,"href":"https:\/\/lifesupportdistribution.fr\/de\/wp-json\/wp\/v2\/product_tag?post=5180"}],"curies":[{"name":"wp","href":"https:\/\/api.w.org\/{rel}","templated":true}]}}