{"id":5192,"date":"2025-12-01T01:16:37","date_gmt":"2025-12-01T00:16:37","guid":{"rendered":"https:\/\/lifesupportdistribution.fr\/produits\/truinfant-iv-arm\/"},"modified":"2025-12-01T01:16:37","modified_gmt":"2025-12-01T00:16:37","slug":"truinfant-iv-arm","status":"publish","type":"product","link":"https:\/\/lifesupportdistribution.fr\/de\/produkt\/truinfant-iv-arm\/","title":{"rendered":"TruInfant IV Arm"},"content":{"rendered":"<p>Der TruInfant IV Arm erm\u00f6glicht das \u00dcben peripherer Venenpunktionen in einem simulierten klinischen Umfeld. Sein realistisches anatomisches Design f\u00f6rdert die visuelle und taktile Erkennung der oberfl\u00e4chlichen Venen am Arm und an der Hand des S\u00e4uglings. Das Modell reproduziert das Gef\u00fchl des Katheterdurchtritts, den Gewebewiderstand und den Blutr\u00fcckfluss und bietet so ein realit\u00e4tsnahes Verfahrenserlebnis. Vielseitig und robust, verf\u00fcgt es \u00fcber mehrere Injektionspunkte und erm\u00f6glicht das wiederholte Anlegen von IV-Zug\u00e4ngen ohne Besch\u00e4digung. Sein Fl\u00fcssigkeitszirkulationssystem erm\u00f6glicht die Visualisierung der korrekten Nadelpositionierung und die Perfektionierung der Infusionsverfahren.    <\/p>\n","protected":false},"excerpt":{"rendered":"<p>Der TruInfant IV Arm ist ein ultra-realistischer p\u00e4diatrischer Simulator, der f\u00fcr das Erlernen der peripheren intraven\u00f6sen Infusion am Arm und an der Hand eines f\u00fcnf Monate alten S\u00e4uglings entwickelt wurde. Er reproduziert pr\u00e4zise den Gewebewiderstand und den Blutr\u00fcckfluss und erm\u00f6glicht so ein genaues, immersives und sicheres Training. Dank seiner vielf\u00e4ltigen Injektionsstellen bietet er ein umfassendes Simulationserlebnis, das auf die Bed\u00fcrfnisse von Ausbildern in der Krankenpflege, P\u00e4diatrie oder Neonatal-Notfallmedizin zugeschnitten ist.  <\/p>\n","protected":false},"featured_media":2604,"template":"","meta":[],"product_brand":[212],"product_cat":[222],"product_tag":[237,238,252,251,236,235],"class_list":{"0":"post-5192","1":"product","2":"type-product","3":"status-publish","4":"has-post-thumbnail","6":"product_brand-trucorp","7":"product_cat-simulatoren-fur-medizinische-versorgung","8":"product_tag-anasthesie","9":"product_tag-erste-hilfe","10":"product_tag-intensivmedizin","11":"product_tag-krankenpflege","12":"product_tag-notfallmedizin","13":"product_tag-padiatrie","15":"first","16":"instock","17":"shipping-taxable","18":"purchasable","19":"product-type-simple"},"yoast_head":"<!-- This site is optimized with the Yoast SEO plugin v26.8 - https:\/\/yoast.com\/product\/yoast-seo-wordpress\/ -->\n<title>TruInfant IV Arm \u2013 P\u00e4diatrischer Venenzugang<\/title>\n<meta name=\"description\" content=\"TruInfant IV Arm von TruCorp zum Erlernen des p\u00e4diatrischen Venenzugangs. Realistisches Modell zum sicheren \u00dcben von Punktionen und IV-Verfahren.\" \/>\n<meta name=\"robots\" content=\"index, follow, max-snippet:-1, max-image-preview:large, max-video-preview:-1\" \/>\n<link rel=\"canonical\" href=\"https:\/\/lifesupportdistribution.fr\/de\/produkt\/truinfant-iv-arm\/\" \/>\n<meta property=\"og:locale\" content=\"de_DE\" \/>\n<meta property=\"og:type\" content=\"article\" \/>\n<meta property=\"og:title\" content=\"TruInfant IV Arm \u2013 P\u00e4diatrischer Venenzugang\" \/>\n<meta property=\"og:description\" content=\"TruInfant IV Arm von TruCorp zum Erlernen des p\u00e4diatrischen Venenzugangs. Realistisches Modell zum sicheren \u00dcben von Punktionen und IV-Verfahren.\" \/>\n<meta property=\"og:url\" content=\"https:\/\/lifesupportdistribution.fr\/de\/produkt\/truinfant-iv-arm\/\" \/>\n<meta property=\"og:site_name\" content=\"Life Support Distribution\" \/>\n<meta property=\"og:image\" content=\"https:\/\/lifesupportdistribution.fr\/wp-content\/uploads\/2025\/12\/TruInfant-IV-Arm-1.png\" \/>\n\t<meta property=\"og:image:width\" content=\"1166\" \/>\n\t<meta property=\"og:image:height\" content=\"814\" \/>\n\t<meta property=\"og:image:type\" content=\"image\/png\" \/>\n<meta name=\"twitter:card\" content=\"summary_large_image\" \/>\n<script type=\"application\/ld+json\" class=\"yoast-schema-graph\">{\"@context\":\"https:\/\/schema.org\",\"@graph\":[{\"@type\":\"WebPage\",\"@id\":\"https:\/\/lifesupportdistribution.fr\/de\/produkt\/truinfant-iv-arm\/\",\"url\":\"https:\/\/lifesupportdistribution.fr\/de\/produkt\/truinfant-iv-arm\/\",\"name\":\"TruInfant IV Arm \u2013 P\u00e4diatrischer Venenzugang\",\"isPartOf\":{\"@id\":\"https:\/\/lifesupportdistribution.fr\/de\/#website\"},\"primaryImageOfPage\":{\"@id\":\"https:\/\/lifesupportdistribution.fr\/de\/produkt\/truinfant-iv-arm\/#primaryimage\"},\"image\":{\"@id\":\"https:\/\/lifesupportdistribution.fr\/de\/produkt\/truinfant-iv-arm\/#primaryimage\"},\"thumbnailUrl\":\"https:\/\/lifesupportdistribution.fr\/wp-content\/uploads\/2025\/12\/TruInfant-IV-Arm-1.png\",\"datePublished\":\"2025-12-01T00:16:37+00:00\",\"description\":\"TruInfant IV Arm von TruCorp zum Erlernen des p\u00e4diatrischen Venenzugangs. Realistisches Modell zum sicheren \u00dcben von Punktionen und IV-Verfahren.\",\"breadcrumb\":{\"@id\":\"https:\/\/lifesupportdistribution.fr\/de\/produkt\/truinfant-iv-arm\/#breadcrumb\"},\"inLanguage\":\"de\",\"potentialAction\":[{\"@type\":\"ReadAction\",\"target\":[\"https:\/\/lifesupportdistribution.fr\/de\/produkt\/truinfant-iv-arm\/\"]}]},{\"@type\":\"ImageObject\",\"inLanguage\":\"de\",\"@id\":\"https:\/\/lifesupportdistribution.fr\/de\/produkt\/truinfant-iv-arm\/#primaryimage\",\"url\":\"https:\/\/lifesupportdistribution.fr\/wp-content\/uploads\/2025\/12\/TruInfant-IV-Arm-1.png\",\"contentUrl\":\"https:\/\/lifesupportdistribution.fr\/wp-content\/uploads\/2025\/12\/TruInfant-IV-Arm-1.png\",\"width\":1166,\"height\":814},{\"@type\":\"BreadcrumbList\",\"@id\":\"https:\/\/lifesupportdistribution.fr\/de\/produkt\/truinfant-iv-arm\/#breadcrumb\",\"itemListElement\":[{\"@type\":\"ListItem\",\"position\":1,\"name\":\"Accueil\",\"item\":\"https:\/\/lifesupportdistribution.fr\/de\/startseite\/\"},{\"@type\":\"ListItem\",\"position\":2,\"name\":\"Shop\",\"item\":\"https:\/\/lifesupportdistribution.fr\/de\/shop\/\"},{\"@type\":\"ListItem\",\"position\":3,\"name\":\"TruInfant IV Arm\"}]},{\"@type\":\"WebSite\",\"@id\":\"https:\/\/lifesupportdistribution.fr\/de\/#website\",\"url\":\"https:\/\/lifesupportdistribution.fr\/de\/\",\"name\":\"Life Support Distribution\",\"description\":\"Solutions en simulation m\u00e9dicale\",\"publisher\":{\"@id\":\"https:\/\/lifesupportdistribution.fr\/de\/#organization\"},\"potentialAction\":[{\"@type\":\"SearchAction\",\"target\":{\"@type\":\"EntryPoint\",\"urlTemplate\":\"https:\/\/lifesupportdistribution.fr\/de\/?s={search_term_string}\"},\"query-input\":{\"@type\":\"PropertyValueSpecification\",\"valueRequired\":true,\"valueName\":\"search_term_string\"}}],\"inLanguage\":\"de\"},{\"@type\":\"Organization\",\"@id\":\"https:\/\/lifesupportdistribution.fr\/de\/#organization\",\"name\":\"Life Support Distribution\",\"url\":\"https:\/\/lifesupportdistribution.fr\/de\/\",\"logo\":{\"@type\":\"ImageObject\",\"inLanguage\":\"de\",\"@id\":\"https:\/\/lifesupportdistribution.fr\/de\/#\/schema\/logo\/image\/\",\"url\":\"https:\/\/lifesupportdistribution.fr\/wp-content\/uploads\/2025\/10\/logo-life-support-distribution.svg\",\"contentUrl\":\"https:\/\/lifesupportdistribution.fr\/wp-content\/uploads\/2025\/10\/logo-life-support-distribution.svg\",\"width\":698,\"height\":223,\"caption\":\"Life Support Distribution\"},\"image\":{\"@id\":\"https:\/\/lifesupportdistribution.fr\/de\/#\/schema\/logo\/image\/\"},\"sameAs\":[\"https:\/\/www.linkedin.com\/company\/life-support-distribution\/\"]}]}<\/script>\n<!-- \/ Yoast SEO plugin. -->","yoast_head_json":{"title":"TruInfant IV Arm \u2013 P\u00e4diatrischer Venenzugang","description":"TruInfant IV Arm von TruCorp zum Erlernen des p\u00e4diatrischen Venenzugangs. Realistisches Modell zum sicheren \u00dcben von Punktionen und IV-Verfahren.","robots":{"index":"index","follow":"follow","max-snippet":"max-snippet:-1","max-image-preview":"max-image-preview:large","max-video-preview":"max-video-preview:-1"},"canonical":"https:\/\/lifesupportdistribution.fr\/de\/produkt\/truinfant-iv-arm\/","og_locale":"de_DE","og_type":"article","og_title":"TruInfant IV Arm \u2013 P\u00e4diatrischer Venenzugang","og_description":"TruInfant IV Arm von TruCorp zum Erlernen des p\u00e4diatrischen Venenzugangs. Realistisches Modell zum sicheren \u00dcben von Punktionen und IV-Verfahren.","og_url":"https:\/\/lifesupportdistribution.fr\/de\/produkt\/truinfant-iv-arm\/","og_site_name":"Life Support Distribution","og_image":[{"width":1166,"height":814,"url":"https:\/\/lifesupportdistribution.fr\/wp-content\/uploads\/2025\/12\/TruInfant-IV-Arm-1.png","type":"image\/png"}],"twitter_card":"summary_large_image","schema":{"@context":"https:\/\/schema.org","@graph":[{"@type":"WebPage","@id":"https:\/\/lifesupportdistribution.fr\/de\/produkt\/truinfant-iv-arm\/","url":"https:\/\/lifesupportdistribution.fr\/de\/produkt\/truinfant-iv-arm\/","name":"TruInfant IV Arm \u2013 P\u00e4diatrischer Venenzugang","isPartOf":{"@id":"https:\/\/lifesupportdistribution.fr\/de\/#website"},"primaryImageOfPage":{"@id":"https:\/\/lifesupportdistribution.fr\/de\/produkt\/truinfant-iv-arm\/#primaryimage"},"image":{"@id":"https:\/\/lifesupportdistribution.fr\/de\/produkt\/truinfant-iv-arm\/#primaryimage"},"thumbnailUrl":"https:\/\/lifesupportdistribution.fr\/wp-content\/uploads\/2025\/12\/TruInfant-IV-Arm-1.png","datePublished":"2025-12-01T00:16:37+00:00","description":"TruInfant IV Arm von TruCorp zum Erlernen des p\u00e4diatrischen Venenzugangs. Realistisches Modell zum sicheren \u00dcben von Punktionen und IV-Verfahren.","breadcrumb":{"@id":"https:\/\/lifesupportdistribution.fr\/de\/produkt\/truinfant-iv-arm\/#breadcrumb"},"inLanguage":"de","potentialAction":[{"@type":"ReadAction","target":["https:\/\/lifesupportdistribution.fr\/de\/produkt\/truinfant-iv-arm\/"]}]},{"@type":"ImageObject","inLanguage":"de","@id":"https:\/\/lifesupportdistribution.fr\/de\/produkt\/truinfant-iv-arm\/#primaryimage","url":"https:\/\/lifesupportdistribution.fr\/wp-content\/uploads\/2025\/12\/TruInfant-IV-Arm-1.png","contentUrl":"https:\/\/lifesupportdistribution.fr\/wp-content\/uploads\/2025\/12\/TruInfant-IV-Arm-1.png","width":1166,"height":814},{"@type":"BreadcrumbList","@id":"https:\/\/lifesupportdistribution.fr\/de\/produkt\/truinfant-iv-arm\/#breadcrumb","itemListElement":[{"@type":"ListItem","position":1,"name":"Accueil","item":"https:\/\/lifesupportdistribution.fr\/de\/startseite\/"},{"@type":"ListItem","position":2,"name":"Shop","item":"https:\/\/lifesupportdistribution.fr\/de\/shop\/"},{"@type":"ListItem","position":3,"name":"TruInfant IV Arm"}]},{"@type":"WebSite","@id":"https:\/\/lifesupportdistribution.fr\/de\/#website","url":"https:\/\/lifesupportdistribution.fr\/de\/","name":"Life Support Distribution","description":"Solutions en simulation m\u00e9dicale","publisher":{"@id":"https:\/\/lifesupportdistribution.fr\/de\/#organization"},"potentialAction":[{"@type":"SearchAction","target":{"@type":"EntryPoint","urlTemplate":"https:\/\/lifesupportdistribution.fr\/de\/?s={search_term_string}"},"query-input":{"@type":"PropertyValueSpecification","valueRequired":true,"valueName":"search_term_string"}}],"inLanguage":"de"},{"@type":"Organization","@id":"https:\/\/lifesupportdistribution.fr\/de\/#organization","name":"Life Support Distribution","url":"https:\/\/lifesupportdistribution.fr\/de\/","logo":{"@type":"ImageObject","inLanguage":"de","@id":"https:\/\/lifesupportdistribution.fr\/de\/#\/schema\/logo\/image\/","url":"https:\/\/lifesupportdistribution.fr\/wp-content\/uploads\/2025\/10\/logo-life-support-distribution.svg","contentUrl":"https:\/\/lifesupportdistribution.fr\/wp-content\/uploads\/2025\/10\/logo-life-support-distribution.svg","width":698,"height":223,"caption":"Life Support Distribution"},"image":{"@id":"https:\/\/lifesupportdistribution.fr\/de\/#\/schema\/logo\/image\/"},"sameAs":["https:\/\/www.linkedin.com\/company\/life-support-distribution\/"]}]}},"_links":{"self":[{"href":"https:\/\/lifesupportdistribution.fr\/de\/wp-json\/wp\/v2\/product\/5192","targetHints":{"allow":["GET"]}}],"collection":[{"href":"https:\/\/lifesupportdistribution.fr\/de\/wp-json\/wp\/v2\/product"}],"about":[{"href":"https:\/\/lifesupportdistribution.fr\/de\/wp-json\/wp\/v2\/types\/product"}],"wp:featuredmedia":[{"embeddable":true,"href":"https:\/\/lifesupportdistribution.fr\/de\/wp-json\/wp\/v2\/media\/2604"}],"wp:attachment":[{"href":"https:\/\/lifesupportdistribution.fr\/de\/wp-json\/wp\/v2\/media?parent=5192"}],"wp:term":[{"taxonomy":"product_brand","embeddable":true,"href":"https:\/\/lifesupportdistribution.fr\/de\/wp-json\/wp\/v2\/product_brand?post=5192"},{"taxonomy":"product_cat","embeddable":true,"href":"https:\/\/lifesupportdistribution.fr\/de\/wp-json\/wp\/v2\/product_cat?post=5192"},{"taxonomy":"product_tag","embeddable":true,"href":"https:\/\/lifesupportdistribution.fr\/de\/wp-json\/wp\/v2\/product_tag?post=5192"}],"curies":[{"name":"wp","href":"https:\/\/api.w.org\/{rel}","templated":true}]}}