{"id":5200,"date":"2025-12-01T13:36:45","date_gmt":"2025-12-01T12:36:45","guid":{"rendered":"https:\/\/lifesupportdistribution.fr\/produits\/obere-und-untere-gliedmassen\/"},"modified":"2025-12-01T13:36:45","modified_gmt":"2025-12-01T12:36:45","slug":"obere-und-untere-gliedmassen","status":"publish","type":"product","link":"https:\/\/lifesupportdistribution.fr\/de\/produkt\/obere-und-untere-gliedmassen\/","title":{"rendered":"Obere und untere Gliedma\u00dfen"},"content":{"rendered":"<h3>Verf\u00fcgbare Modelle<\/h3>\n<h4>Untere Gliedma\u00dfen<\/h4>\n<ul>\n<li>Fu\u00dfskelett auf Draht<\/li>\n<li>Fu\u00dfskelett auf Nylonfaden<\/li>\n<li>Fu\u00dfskelett mit Schienbein- und Wadenbeinstumpf (Fibula), auf Draht<\/li>\n<li>Fu\u00dfskelett mit Schienbein- und Wadenbeinstumpf (Fibula), elastische Montage<\/li>\n<li>Beinskelett mit Fu\u00df<\/li>\n<li>Oberschenkelknochen<\/li>\n<li>Kniescheibe<\/li>\n<li>Schienbein<\/li>\n<li>Wadenbein<\/li>\n<li>Beckenknochen<\/li>\n<li>Skelett der unteren Gliedma\u00dfe mit Darmbein<\/li>\n<li>Modell der Plantarfasziitis (Fu\u00df\/Sprunggelenk)<\/li>\n<\/ul>\n<h4>Obere Gliedma\u00dfen<\/h4>\n<ul>\n<li>Handskelett auf Draht<\/li>\n<li>Handskelett auf Nylonfaden<\/li>\n<li>Handskelett mit Speiche und Elle (Ulna), gelenkig und elastisch montiert<\/li>\n<li>Handskelett mit Speiche und Elle (Ulna), auf Draht<\/li>\n<li>Skelett der oberen Gliedma\u00dfe<\/li>\n<li>Oberarmknochen<\/li>\n<li>Elle<\/li>\n<li>Speiche<\/li>\n<li>Schulterblatt<\/li>\n<li>Beckenknochen<\/li>\n<li>Skelett der oberen Gliedma\u00dfe mit Schulterblatt (Scapula) und Schl\u00fcsselbein<\/li>\n<li>Modell der Handstruktur, 3-teilig<\/li>\n<li>Modell der Fingerstruktur<\/li>\n<li>Vaskul\u00e4rer Arm (mit arteriellem und ven\u00f6sem Netzwerk)<\/li>\n<\/ul>\n","protected":false},"excerpt":{"rendered":"<p>Die 3B Scientific Kollektion \u2013 Obere und untere Gliedma\u00dfen umfasst eine Auswahl pr\u00e4ziser Knochen- und Gelenkmodelle, die f\u00fcr den Unterricht und die Demonstration in der menschlichen Anatomie konzipiert sind.<br \/>\nDiese Modelle erm\u00f6glichen es, die Knochen- und Gelenkstrukturen von Armen, Beinen, H\u00e4nden und F\u00fc\u00dfen zu beobachten, zu manipulieren und zu verstehen, mit verschiedenen Montagen je nach p\u00e4dagogischem Bedarf: starr, gelenkig oder elastisch.<\/p>\n","protected":false},"featured_media":2628,"template":"","meta":[],"product_brand":[187],"product_cat":[221],"product_tag":[241],"class_list":{"0":"post-5200","1":"product","2":"type-product","3":"status-publish","4":"has-post-thumbnail","6":"product_brand-3b-scientific","7":"product_cat-anatomische-tafeln-und-modelle","8":"product_tag-anatomietraining","10":"first","11":"instock","12":"shipping-taxable","13":"purchasable","14":"product-type-simple"},"yoast_head":"<!-- This site is optimized with the Yoast SEO plugin v26.8 - https:\/\/yoast.com\/product\/yoast-seo-wordpress\/ -->\n<title>Anatomische Modelle der oberen und unteren Gliedma\u00dfen<\/title>\n<meta name=\"description\" content=\"Gro\u00dfe Auswahl an 3B Scientific Modellen der oberen und unteren Gliedma\u00dfen: Knochen-, Gelenk- oder elastische Modelle f\u00fcr den Anatomieunterricht.\" \/>\n<meta name=\"robots\" content=\"index, follow, max-snippet:-1, max-image-preview:large, max-video-preview:-1\" \/>\n<link rel=\"canonical\" href=\"https:\/\/lifesupportdistribution.fr\/de\/produkt\/obere-und-untere-gliedmassen\/\" \/>\n<meta property=\"og:locale\" content=\"de_DE\" \/>\n<meta property=\"og:type\" content=\"article\" \/>\n<meta property=\"og:title\" content=\"Anatomische Modelle der oberen und unteren Gliedma\u00dfen\" \/>\n<meta property=\"og:description\" content=\"Gro\u00dfe Auswahl an 3B Scientific Modellen der oberen und unteren Gliedma\u00dfen: Knochen-, Gelenk- oder elastische Modelle f\u00fcr den Anatomieunterricht.\" \/>\n<meta property=\"og:url\" content=\"https:\/\/lifesupportdistribution.fr\/de\/produkt\/obere-und-untere-gliedmassen\/\" \/>\n<meta property=\"og:site_name\" content=\"Life Support Distribution\" \/>\n<meta property=\"og:image\" content=\"https:\/\/lifesupportdistribution.fr\/wp-content\/uploads\/2025\/12\/A45_01_1200_1200_Squelette-du-membre-superieur.jpg\" \/>\n\t<meta property=\"og:image:width\" content=\"1200\" \/>\n\t<meta property=\"og:image:height\" content=\"1200\" \/>\n\t<meta property=\"og:image:type\" content=\"image\/jpeg\" \/>\n<meta name=\"twitter:card\" content=\"summary_large_image\" \/>\n<meta name=\"twitter:label1\" content=\"Gesch\u00e4tzte Lesezeit\" \/>\n\t<meta name=\"twitter:data1\" content=\"1\u00a0Minute\" \/>\n<script type=\"application\/ld+json\" class=\"yoast-schema-graph\">{\"@context\":\"https:\/\/schema.org\",\"@graph\":[{\"@type\":\"WebPage\",\"@id\":\"https:\/\/lifesupportdistribution.fr\/de\/produkt\/obere-und-untere-gliedmassen\/\",\"url\":\"https:\/\/lifesupportdistribution.fr\/de\/produkt\/obere-und-untere-gliedmassen\/\",\"name\":\"Anatomische Modelle der oberen und unteren Gliedma\u00dfen\",\"isPartOf\":{\"@id\":\"https:\/\/lifesupportdistribution.fr\/de\/#website\"},\"primaryImageOfPage\":{\"@id\":\"https:\/\/lifesupportdistribution.fr\/de\/produkt\/obere-und-untere-gliedmassen\/#primaryimage\"},\"image\":{\"@id\":\"https:\/\/lifesupportdistribution.fr\/de\/produkt\/obere-und-untere-gliedmassen\/#primaryimage\"},\"thumbnailUrl\":\"https:\/\/lifesupportdistribution.fr\/wp-content\/uploads\/2025\/12\/A45_01_1200_1200_Squelette-du-membre-superieur.jpg\",\"datePublished\":\"2025-12-01T12:36:45+00:00\",\"description\":\"Gro\u00dfe Auswahl an 3B Scientific Modellen der oberen und unteren Gliedma\u00dfen: Knochen-, Gelenk- oder elastische Modelle f\u00fcr den Anatomieunterricht.\",\"breadcrumb\":{\"@id\":\"https:\/\/lifesupportdistribution.fr\/de\/produkt\/obere-und-untere-gliedmassen\/#breadcrumb\"},\"inLanguage\":\"de\",\"potentialAction\":[{\"@type\":\"ReadAction\",\"target\":[\"https:\/\/lifesupportdistribution.fr\/de\/produkt\/obere-und-untere-gliedmassen\/\"]}]},{\"@type\":\"ImageObject\",\"inLanguage\":\"de\",\"@id\":\"https:\/\/lifesupportdistribution.fr\/de\/produkt\/obere-und-untere-gliedmassen\/#primaryimage\",\"url\":\"https:\/\/lifesupportdistribution.fr\/wp-content\/uploads\/2025\/12\/A45_01_1200_1200_Squelette-du-membre-superieur.jpg\",\"contentUrl\":\"https:\/\/lifesupportdistribution.fr\/wp-content\/uploads\/2025\/12\/A45_01_1200_1200_Squelette-du-membre-superieur.jpg\",\"width\":1200,\"height\":1200},{\"@type\":\"BreadcrumbList\",\"@id\":\"https:\/\/lifesupportdistribution.fr\/de\/produkt\/obere-und-untere-gliedmassen\/#breadcrumb\",\"itemListElement\":[{\"@type\":\"ListItem\",\"position\":1,\"name\":\"Accueil\",\"item\":\"https:\/\/lifesupportdistribution.fr\/de\/startseite\/\"},{\"@type\":\"ListItem\",\"position\":2,\"name\":\"Shop\",\"item\":\"https:\/\/lifesupportdistribution.fr\/de\/shop\/\"},{\"@type\":\"ListItem\",\"position\":3,\"name\":\"Obere und untere Gliedma\u00dfen\"}]},{\"@type\":\"WebSite\",\"@id\":\"https:\/\/lifesupportdistribution.fr\/de\/#website\",\"url\":\"https:\/\/lifesupportdistribution.fr\/de\/\",\"name\":\"Life Support Distribution\",\"description\":\"Solutions en simulation m\u00e9dicale\",\"publisher\":{\"@id\":\"https:\/\/lifesupportdistribution.fr\/de\/#organization\"},\"potentialAction\":[{\"@type\":\"SearchAction\",\"target\":{\"@type\":\"EntryPoint\",\"urlTemplate\":\"https:\/\/lifesupportdistribution.fr\/de\/?s={search_term_string}\"},\"query-input\":{\"@type\":\"PropertyValueSpecification\",\"valueRequired\":true,\"valueName\":\"search_term_string\"}}],\"inLanguage\":\"de\"},{\"@type\":\"Organization\",\"@id\":\"https:\/\/lifesupportdistribution.fr\/de\/#organization\",\"name\":\"Life Support Distribution\",\"url\":\"https:\/\/lifesupportdistribution.fr\/de\/\",\"logo\":{\"@type\":\"ImageObject\",\"inLanguage\":\"de\",\"@id\":\"https:\/\/lifesupportdistribution.fr\/de\/#\/schema\/logo\/image\/\",\"url\":\"https:\/\/lifesupportdistribution.fr\/wp-content\/uploads\/2025\/10\/logo-life-support-distribution.svg\",\"contentUrl\":\"https:\/\/lifesupportdistribution.fr\/wp-content\/uploads\/2025\/10\/logo-life-support-distribution.svg\",\"width\":698,\"height\":223,\"caption\":\"Life Support Distribution\"},\"image\":{\"@id\":\"https:\/\/lifesupportdistribution.fr\/de\/#\/schema\/logo\/image\/\"},\"sameAs\":[\"https:\/\/www.linkedin.com\/company\/life-support-distribution\/\"]}]}<\/script>\n<!-- \/ Yoast SEO plugin. -->","yoast_head_json":{"title":"Anatomische Modelle der oberen und unteren Gliedma\u00dfen","description":"Gro\u00dfe Auswahl an 3B Scientific Modellen der oberen und unteren Gliedma\u00dfen: Knochen-, Gelenk- oder elastische Modelle f\u00fcr den Anatomieunterricht.","robots":{"index":"index","follow":"follow","max-snippet":"max-snippet:-1","max-image-preview":"max-image-preview:large","max-video-preview":"max-video-preview:-1"},"canonical":"https:\/\/lifesupportdistribution.fr\/de\/produkt\/obere-und-untere-gliedmassen\/","og_locale":"de_DE","og_type":"article","og_title":"Anatomische Modelle der oberen und unteren Gliedma\u00dfen","og_description":"Gro\u00dfe Auswahl an 3B Scientific Modellen der oberen und unteren Gliedma\u00dfen: Knochen-, Gelenk- oder elastische Modelle f\u00fcr den Anatomieunterricht.","og_url":"https:\/\/lifesupportdistribution.fr\/de\/produkt\/obere-und-untere-gliedmassen\/","og_site_name":"Life Support Distribution","og_image":[{"width":1200,"height":1200,"url":"https:\/\/lifesupportdistribution.fr\/wp-content\/uploads\/2025\/12\/A45_01_1200_1200_Squelette-du-membre-superieur.jpg","type":"image\/jpeg"}],"twitter_card":"summary_large_image","twitter_misc":{"Gesch\u00e4tzte Lesezeit":"1\u00a0Minute"},"schema":{"@context":"https:\/\/schema.org","@graph":[{"@type":"WebPage","@id":"https:\/\/lifesupportdistribution.fr\/de\/produkt\/obere-und-untere-gliedmassen\/","url":"https:\/\/lifesupportdistribution.fr\/de\/produkt\/obere-und-untere-gliedmassen\/","name":"Anatomische Modelle der oberen und unteren Gliedma\u00dfen","isPartOf":{"@id":"https:\/\/lifesupportdistribution.fr\/de\/#website"},"primaryImageOfPage":{"@id":"https:\/\/lifesupportdistribution.fr\/de\/produkt\/obere-und-untere-gliedmassen\/#primaryimage"},"image":{"@id":"https:\/\/lifesupportdistribution.fr\/de\/produkt\/obere-und-untere-gliedmassen\/#primaryimage"},"thumbnailUrl":"https:\/\/lifesupportdistribution.fr\/wp-content\/uploads\/2025\/12\/A45_01_1200_1200_Squelette-du-membre-superieur.jpg","datePublished":"2025-12-01T12:36:45+00:00","description":"Gro\u00dfe Auswahl an 3B Scientific Modellen der oberen und unteren Gliedma\u00dfen: Knochen-, Gelenk- oder elastische Modelle f\u00fcr den Anatomieunterricht.","breadcrumb":{"@id":"https:\/\/lifesupportdistribution.fr\/de\/produkt\/obere-und-untere-gliedmassen\/#breadcrumb"},"inLanguage":"de","potentialAction":[{"@type":"ReadAction","target":["https:\/\/lifesupportdistribution.fr\/de\/produkt\/obere-und-untere-gliedmassen\/"]}]},{"@type":"ImageObject","inLanguage":"de","@id":"https:\/\/lifesupportdistribution.fr\/de\/produkt\/obere-und-untere-gliedmassen\/#primaryimage","url":"https:\/\/lifesupportdistribution.fr\/wp-content\/uploads\/2025\/12\/A45_01_1200_1200_Squelette-du-membre-superieur.jpg","contentUrl":"https:\/\/lifesupportdistribution.fr\/wp-content\/uploads\/2025\/12\/A45_01_1200_1200_Squelette-du-membre-superieur.jpg","width":1200,"height":1200},{"@type":"BreadcrumbList","@id":"https:\/\/lifesupportdistribution.fr\/de\/produkt\/obere-und-untere-gliedmassen\/#breadcrumb","itemListElement":[{"@type":"ListItem","position":1,"name":"Accueil","item":"https:\/\/lifesupportdistribution.fr\/de\/startseite\/"},{"@type":"ListItem","position":2,"name":"Shop","item":"https:\/\/lifesupportdistribution.fr\/de\/shop\/"},{"@type":"ListItem","position":3,"name":"Obere und untere Gliedma\u00dfen"}]},{"@type":"WebSite","@id":"https:\/\/lifesupportdistribution.fr\/de\/#website","url":"https:\/\/lifesupportdistribution.fr\/de\/","name":"Life Support Distribution","description":"Solutions en simulation m\u00e9dicale","publisher":{"@id":"https:\/\/lifesupportdistribution.fr\/de\/#organization"},"potentialAction":[{"@type":"SearchAction","target":{"@type":"EntryPoint","urlTemplate":"https:\/\/lifesupportdistribution.fr\/de\/?s={search_term_string}"},"query-input":{"@type":"PropertyValueSpecification","valueRequired":true,"valueName":"search_term_string"}}],"inLanguage":"de"},{"@type":"Organization","@id":"https:\/\/lifesupportdistribution.fr\/de\/#organization","name":"Life Support Distribution","url":"https:\/\/lifesupportdistribution.fr\/de\/","logo":{"@type":"ImageObject","inLanguage":"de","@id":"https:\/\/lifesupportdistribution.fr\/de\/#\/schema\/logo\/image\/","url":"https:\/\/lifesupportdistribution.fr\/wp-content\/uploads\/2025\/10\/logo-life-support-distribution.svg","contentUrl":"https:\/\/lifesupportdistribution.fr\/wp-content\/uploads\/2025\/10\/logo-life-support-distribution.svg","width":698,"height":223,"caption":"Life Support Distribution"},"image":{"@id":"https:\/\/lifesupportdistribution.fr\/de\/#\/schema\/logo\/image\/"},"sameAs":["https:\/\/www.linkedin.com\/company\/life-support-distribution\/"]}]}},"_links":{"self":[{"href":"https:\/\/lifesupportdistribution.fr\/de\/wp-json\/wp\/v2\/product\/5200","targetHints":{"allow":["GET"]}}],"collection":[{"href":"https:\/\/lifesupportdistribution.fr\/de\/wp-json\/wp\/v2\/product"}],"about":[{"href":"https:\/\/lifesupportdistribution.fr\/de\/wp-json\/wp\/v2\/types\/product"}],"wp:featuredmedia":[{"embeddable":true,"href":"https:\/\/lifesupportdistribution.fr\/de\/wp-json\/wp\/v2\/media\/2628"}],"wp:attachment":[{"href":"https:\/\/lifesupportdistribution.fr\/de\/wp-json\/wp\/v2\/media?parent=5200"}],"wp:term":[{"taxonomy":"product_brand","embeddable":true,"href":"https:\/\/lifesupportdistribution.fr\/de\/wp-json\/wp\/v2\/product_brand?post=5200"},{"taxonomy":"product_cat","embeddable":true,"href":"https:\/\/lifesupportdistribution.fr\/de\/wp-json\/wp\/v2\/product_cat?post=5200"},{"taxonomy":"product_tag","embeddable":true,"href":"https:\/\/lifesupportdistribution.fr\/de\/wp-json\/wp\/v2\/product_tag?post=5200"}],"curies":[{"name":"wp","href":"https:\/\/api.w.org\/{rel}","templated":true}]}}