{"id":5207,"date":"2025-12-12T14:53:57","date_gmt":"2025-12-12T13:53:57","guid":{"rendered":"https:\/\/lifesupportdistribution.fr\/produits\/verbrauchsmaterial-dialtrainer-echogen-creaplast\/"},"modified":"2026-01-02T14:06:33","modified_gmt":"2026-01-02T13:06:33","slug":"verbrauchsmaterial-dialtrainer-echogen-creaplast","status":"publish","type":"product","link":"https:\/\/lifesupportdistribution.fr\/de\/produkt\/verbrauchsmaterial-dialtrainer-echogen-creaplast\/","title":{"rendered":"Verbrauchsmaterial DialTrainer Echogen \u2013 Creaplast"},"content":{"rendered":"<p>Dieser von Creaplast in Frankreich entwickelte und hergestellte Einsatz reproduziert die spezifische echogene Struktur, die im DialTrainer Simulator verwendet wird.<br \/>\nEr erm\u00f6glicht die Wiederherstellung der wesentlichen Eigenschaften f\u00fcr das Erlernen der Punktion einer arterioven\u00f6sen Fistel (AV-Fistel) unter Ultraschall:<\/p>\n<ul>\n<li>Ultraschall-Visualisierungsqualit\u00e4t,<\/li>\n<li>pr\u00e4zise Gef\u00e4\u00dfortung,<\/li>\n<li>konsistenter Widerstand beim Einf\u00fchren der Nadel,<\/li>\n<li>Haltbarkeit bei wiederholten Punktionen.<\/li>\n<\/ul>\n<p>&nbsp;<\/p>\n<p>Das Verbrauchsmaterial gew\u00e4hrleistet eine p\u00e4dagogische Kontinuit\u00e4t, indem es den Lernenden eine realistische und reproduzierbare Erfahrung garantiert und gleichzeitig die Lebensdauer des Simulators verl\u00e4ngert.<\/p>\n","protected":false},"excerpt":{"rendered":"<p>Das Creaplast DialTrainer Echogen Verbrauchsmaterial ist ein Ersatzeinsatz, der entwickelt wurde, um das Realismus- und Leistungsniveau des DialTrainer Echogen Simulators zu erhalten. Er erm\u00f6glicht die Erneuerung des Punktionsbereichs, um eine optimale echographische Bildqualit\u00e4t und einen originalgetreuen mechanischen Widerstand zu gew\u00e4hrleisten, selbst nach intensiven Trainingseinheiten. <\/p>\n","protected":false},"featured_media":5208,"template":"","meta":[],"product_brand":[191],"product_cat":[222],"product_tag":[237,252,245,251,236,248],"class_list":{"0":"post-5207","1":"product","2":"type-product","3":"status-publish","4":"has-post-thumbnail","6":"product_brand-creaplast","7":"product_cat-simulatoren-fur-medizinische-versorgung","8":"product_tag-anasthesie","9":"product_tag-intensivmedizin","10":"product_tag-intensivpflege","11":"product_tag-krankenpflege","12":"product_tag-notfallmedizin","13":"product_tag-radiologie","15":"first","16":"instock","17":"shipping-taxable","18":"purchasable","19":"product-type-simple"},"yoast_head":"<!-- This site is optimized with the Yoast SEO plugin v26.8 - https:\/\/yoast.com\/product\/yoast-seo-wordpress\/ -->\n<title>Verbrauchsmaterial DialTrainer Echogen \u2013 Insert Creaplast<\/title>\n<meta name=\"description\" content=\"Echogener Ersatzeinsatz f\u00fcr DialTrainer. Optimale Bildqualit\u00e4t und realistischer Widerstand f\u00fcr wiederholte AV-Fistelpunktionen.\" \/>\n<meta name=\"robots\" content=\"index, follow, max-snippet:-1, max-image-preview:large, max-video-preview:-1\" \/>\n<link rel=\"canonical\" href=\"https:\/\/lifesupportdistribution.fr\/de\/produkt\/verbrauchsmaterial-dialtrainer-echogen-creaplast\/\" \/>\n<meta property=\"og:locale\" content=\"de_DE\" \/>\n<meta property=\"og:type\" content=\"article\" \/>\n<meta property=\"og:title\" content=\"Verbrauchsmaterial DialTrainer Echogen \u2013 Insert Creaplast\" \/>\n<meta property=\"og:description\" content=\"Echogener Ersatzeinsatz f\u00fcr DialTrainer. Optimale Bildqualit\u00e4t und realistischer Widerstand f\u00fcr wiederholte AV-Fistelpunktionen.\" \/>\n<meta property=\"og:url\" content=\"https:\/\/lifesupportdistribution.fr\/de\/produkt\/verbrauchsmaterial-dialtrainer-echogen-creaplast\/\" \/>\n<meta property=\"og:site_name\" content=\"Life Support Distribution\" \/>\n<meta property=\"article:modified_time\" content=\"2026-01-02T13:06:33+00:00\" \/>\n<meta property=\"og:image\" content=\"https:\/\/lifesupportdistribution.fr\/wp-content\/uploads\/2025\/12\/consommable-dialtrainer-echogene.jpg\" \/>\n\t<meta property=\"og:image:width\" content=\"600\" \/>\n\t<meta property=\"og:image:height\" content=\"400\" \/>\n\t<meta property=\"og:image:type\" content=\"image\/jpeg\" \/>\n<meta name=\"twitter:card\" content=\"summary_large_image\" \/>\n<script type=\"application\/ld+json\" class=\"yoast-schema-graph\">{\"@context\":\"https:\/\/schema.org\",\"@graph\":[{\"@type\":\"WebPage\",\"@id\":\"https:\/\/lifesupportdistribution.fr\/de\/produkt\/verbrauchsmaterial-dialtrainer-echogen-creaplast\/\",\"url\":\"https:\/\/lifesupportdistribution.fr\/de\/produkt\/verbrauchsmaterial-dialtrainer-echogen-creaplast\/\",\"name\":\"Verbrauchsmaterial DialTrainer Echogen \u2013 Insert Creaplast\",\"isPartOf\":{\"@id\":\"https:\/\/lifesupportdistribution.fr\/de\/#website\"},\"primaryImageOfPage\":{\"@id\":\"https:\/\/lifesupportdistribution.fr\/de\/produkt\/verbrauchsmaterial-dialtrainer-echogen-creaplast\/#primaryimage\"},\"image\":{\"@id\":\"https:\/\/lifesupportdistribution.fr\/de\/produkt\/verbrauchsmaterial-dialtrainer-echogen-creaplast\/#primaryimage\"},\"thumbnailUrl\":\"https:\/\/lifesupportdistribution.fr\/wp-content\/uploads\/2025\/12\/consommable-dialtrainer-echogene.jpg\",\"datePublished\":\"2025-12-12T13:53:57+00:00\",\"dateModified\":\"2026-01-02T13:06:33+00:00\",\"description\":\"Echogener Ersatzeinsatz f\u00fcr DialTrainer. Optimale Bildqualit\u00e4t und realistischer Widerstand f\u00fcr wiederholte AV-Fistelpunktionen.\",\"breadcrumb\":{\"@id\":\"https:\/\/lifesupportdistribution.fr\/de\/produkt\/verbrauchsmaterial-dialtrainer-echogen-creaplast\/#breadcrumb\"},\"inLanguage\":\"de\",\"potentialAction\":[{\"@type\":\"ReadAction\",\"target\":[\"https:\/\/lifesupportdistribution.fr\/de\/produkt\/verbrauchsmaterial-dialtrainer-echogen-creaplast\/\"]}]},{\"@type\":\"ImageObject\",\"inLanguage\":\"de\",\"@id\":\"https:\/\/lifesupportdistribution.fr\/de\/produkt\/verbrauchsmaterial-dialtrainer-echogen-creaplast\/#primaryimage\",\"url\":\"https:\/\/lifesupportdistribution.fr\/wp-content\/uploads\/2025\/12\/consommable-dialtrainer-echogene.jpg\",\"contentUrl\":\"https:\/\/lifesupportdistribution.fr\/wp-content\/uploads\/2025\/12\/consommable-dialtrainer-echogene.jpg\",\"width\":600,\"height\":400},{\"@type\":\"BreadcrumbList\",\"@id\":\"https:\/\/lifesupportdistribution.fr\/de\/produkt\/verbrauchsmaterial-dialtrainer-echogen-creaplast\/#breadcrumb\",\"itemListElement\":[{\"@type\":\"ListItem\",\"position\":1,\"name\":\"Accueil\",\"item\":\"https:\/\/lifesupportdistribution.fr\/de\/startseite\/\"},{\"@type\":\"ListItem\",\"position\":2,\"name\":\"Shop\",\"item\":\"https:\/\/lifesupportdistribution.fr\/de\/shop\/\"},{\"@type\":\"ListItem\",\"position\":3,\"name\":\"Verbrauchsmaterial DialTrainer Echogen \u2013 Creaplast\"}]},{\"@type\":\"WebSite\",\"@id\":\"https:\/\/lifesupportdistribution.fr\/de\/#website\",\"url\":\"https:\/\/lifesupportdistribution.fr\/de\/\",\"name\":\"Life Support Distribution\",\"description\":\"Solutions en simulation m\u00e9dicale\",\"publisher\":{\"@id\":\"https:\/\/lifesupportdistribution.fr\/de\/#organization\"},\"potentialAction\":[{\"@type\":\"SearchAction\",\"target\":{\"@type\":\"EntryPoint\",\"urlTemplate\":\"https:\/\/lifesupportdistribution.fr\/de\/?s={search_term_string}\"},\"query-input\":{\"@type\":\"PropertyValueSpecification\",\"valueRequired\":true,\"valueName\":\"search_term_string\"}}],\"inLanguage\":\"de\"},{\"@type\":\"Organization\",\"@id\":\"https:\/\/lifesupportdistribution.fr\/de\/#organization\",\"name\":\"Life Support Distribution\",\"url\":\"https:\/\/lifesupportdistribution.fr\/de\/\",\"logo\":{\"@type\":\"ImageObject\",\"inLanguage\":\"de\",\"@id\":\"https:\/\/lifesupportdistribution.fr\/de\/#\/schema\/logo\/image\/\",\"url\":\"https:\/\/lifesupportdistribution.fr\/wp-content\/uploads\/2025\/10\/logo-life-support-distribution.svg\",\"contentUrl\":\"https:\/\/lifesupportdistribution.fr\/wp-content\/uploads\/2025\/10\/logo-life-support-distribution.svg\",\"width\":698,\"height\":223,\"caption\":\"Life Support Distribution\"},\"image\":{\"@id\":\"https:\/\/lifesupportdistribution.fr\/de\/#\/schema\/logo\/image\/\"},\"sameAs\":[\"https:\/\/www.linkedin.com\/company\/life-support-distribution\/\"]}]}<\/script>\n<!-- \/ Yoast SEO plugin. -->","yoast_head_json":{"title":"Verbrauchsmaterial DialTrainer Echogen \u2013 Insert Creaplast","description":"Echogener Ersatzeinsatz f\u00fcr DialTrainer. Optimale Bildqualit\u00e4t und realistischer Widerstand f\u00fcr wiederholte AV-Fistelpunktionen.","robots":{"index":"index","follow":"follow","max-snippet":"max-snippet:-1","max-image-preview":"max-image-preview:large","max-video-preview":"max-video-preview:-1"},"canonical":"https:\/\/lifesupportdistribution.fr\/de\/produkt\/verbrauchsmaterial-dialtrainer-echogen-creaplast\/","og_locale":"de_DE","og_type":"article","og_title":"Verbrauchsmaterial DialTrainer Echogen \u2013 Insert Creaplast","og_description":"Echogener Ersatzeinsatz f\u00fcr DialTrainer. Optimale Bildqualit\u00e4t und realistischer Widerstand f\u00fcr wiederholte AV-Fistelpunktionen.","og_url":"https:\/\/lifesupportdistribution.fr\/de\/produkt\/verbrauchsmaterial-dialtrainer-echogen-creaplast\/","og_site_name":"Life Support Distribution","article_modified_time":"2026-01-02T13:06:33+00:00","og_image":[{"width":600,"height":400,"url":"https:\/\/lifesupportdistribution.fr\/wp-content\/uploads\/2025\/12\/consommable-dialtrainer-echogene.jpg","type":"image\/jpeg"}],"twitter_card":"summary_large_image","schema":{"@context":"https:\/\/schema.org","@graph":[{"@type":"WebPage","@id":"https:\/\/lifesupportdistribution.fr\/de\/produkt\/verbrauchsmaterial-dialtrainer-echogen-creaplast\/","url":"https:\/\/lifesupportdistribution.fr\/de\/produkt\/verbrauchsmaterial-dialtrainer-echogen-creaplast\/","name":"Verbrauchsmaterial DialTrainer Echogen \u2013 Insert Creaplast","isPartOf":{"@id":"https:\/\/lifesupportdistribution.fr\/de\/#website"},"primaryImageOfPage":{"@id":"https:\/\/lifesupportdistribution.fr\/de\/produkt\/verbrauchsmaterial-dialtrainer-echogen-creaplast\/#primaryimage"},"image":{"@id":"https:\/\/lifesupportdistribution.fr\/de\/produkt\/verbrauchsmaterial-dialtrainer-echogen-creaplast\/#primaryimage"},"thumbnailUrl":"https:\/\/lifesupportdistribution.fr\/wp-content\/uploads\/2025\/12\/consommable-dialtrainer-echogene.jpg","datePublished":"2025-12-12T13:53:57+00:00","dateModified":"2026-01-02T13:06:33+00:00","description":"Echogener Ersatzeinsatz f\u00fcr DialTrainer. Optimale Bildqualit\u00e4t und realistischer Widerstand f\u00fcr wiederholte AV-Fistelpunktionen.","breadcrumb":{"@id":"https:\/\/lifesupportdistribution.fr\/de\/produkt\/verbrauchsmaterial-dialtrainer-echogen-creaplast\/#breadcrumb"},"inLanguage":"de","potentialAction":[{"@type":"ReadAction","target":["https:\/\/lifesupportdistribution.fr\/de\/produkt\/verbrauchsmaterial-dialtrainer-echogen-creaplast\/"]}]},{"@type":"ImageObject","inLanguage":"de","@id":"https:\/\/lifesupportdistribution.fr\/de\/produkt\/verbrauchsmaterial-dialtrainer-echogen-creaplast\/#primaryimage","url":"https:\/\/lifesupportdistribution.fr\/wp-content\/uploads\/2025\/12\/consommable-dialtrainer-echogene.jpg","contentUrl":"https:\/\/lifesupportdistribution.fr\/wp-content\/uploads\/2025\/12\/consommable-dialtrainer-echogene.jpg","width":600,"height":400},{"@type":"BreadcrumbList","@id":"https:\/\/lifesupportdistribution.fr\/de\/produkt\/verbrauchsmaterial-dialtrainer-echogen-creaplast\/#breadcrumb","itemListElement":[{"@type":"ListItem","position":1,"name":"Accueil","item":"https:\/\/lifesupportdistribution.fr\/de\/startseite\/"},{"@type":"ListItem","position":2,"name":"Shop","item":"https:\/\/lifesupportdistribution.fr\/de\/shop\/"},{"@type":"ListItem","position":3,"name":"Verbrauchsmaterial DialTrainer Echogen \u2013 Creaplast"}]},{"@type":"WebSite","@id":"https:\/\/lifesupportdistribution.fr\/de\/#website","url":"https:\/\/lifesupportdistribution.fr\/de\/","name":"Life Support Distribution","description":"Solutions en simulation m\u00e9dicale","publisher":{"@id":"https:\/\/lifesupportdistribution.fr\/de\/#organization"},"potentialAction":[{"@type":"SearchAction","target":{"@type":"EntryPoint","urlTemplate":"https:\/\/lifesupportdistribution.fr\/de\/?s={search_term_string}"},"query-input":{"@type":"PropertyValueSpecification","valueRequired":true,"valueName":"search_term_string"}}],"inLanguage":"de"},{"@type":"Organization","@id":"https:\/\/lifesupportdistribution.fr\/de\/#organization","name":"Life Support Distribution","url":"https:\/\/lifesupportdistribution.fr\/de\/","logo":{"@type":"ImageObject","inLanguage":"de","@id":"https:\/\/lifesupportdistribution.fr\/de\/#\/schema\/logo\/image\/","url":"https:\/\/lifesupportdistribution.fr\/wp-content\/uploads\/2025\/10\/logo-life-support-distribution.svg","contentUrl":"https:\/\/lifesupportdistribution.fr\/wp-content\/uploads\/2025\/10\/logo-life-support-distribution.svg","width":698,"height":223,"caption":"Life Support Distribution"},"image":{"@id":"https:\/\/lifesupportdistribution.fr\/de\/#\/schema\/logo\/image\/"},"sameAs":["https:\/\/www.linkedin.com\/company\/life-support-distribution\/"]}]}},"_links":{"self":[{"href":"https:\/\/lifesupportdistribution.fr\/de\/wp-json\/wp\/v2\/product\/5207","targetHints":{"allow":["GET"]}}],"collection":[{"href":"https:\/\/lifesupportdistribution.fr\/de\/wp-json\/wp\/v2\/product"}],"about":[{"href":"https:\/\/lifesupportdistribution.fr\/de\/wp-json\/wp\/v2\/types\/product"}],"wp:featuredmedia":[{"embeddable":true,"href":"https:\/\/lifesupportdistribution.fr\/de\/wp-json\/wp\/v2\/media\/5208"}],"wp:attachment":[{"href":"https:\/\/lifesupportdistribution.fr\/de\/wp-json\/wp\/v2\/media?parent=5207"}],"wp:term":[{"taxonomy":"product_brand","embeddable":true,"href":"https:\/\/lifesupportdistribution.fr\/de\/wp-json\/wp\/v2\/product_brand?post=5207"},{"taxonomy":"product_cat","embeddable":true,"href":"https:\/\/lifesupportdistribution.fr\/de\/wp-json\/wp\/v2\/product_cat?post=5207"},{"taxonomy":"product_tag","embeddable":true,"href":"https:\/\/lifesupportdistribution.fr\/de\/wp-json\/wp\/v2\/product_tag?post=5207"}],"curies":[{"name":"wp","href":"https:\/\/api.w.org\/{rel}","templated":true}]}}