{"id":5227,"date":"2025-12-11T16:30:34","date_gmt":"2025-12-11T15:30:34","guid":{"rendered":"https:\/\/lifesupportdistribution.fr\/produits\/t12-frakturreduzierer\/"},"modified":"2025-12-11T16:30:34","modified_gmt":"2025-12-11T15:30:34","slug":"t12-frakturreduzierer","status":"publish","type":"product","link":"https:\/\/lifesupportdistribution.fr\/de\/produkt\/t12-frakturreduzierer\/","title":{"rendered":"T12-Frakturreduzierer"},"content":{"rendered":"<p>Der T12-Frakturreduzierer ist ein chirurgischer Trainingssimulator, entwickelt f\u00fcr die mechanische und instrumentelle Reduktion von Wirbels\u00e4ulenfrakturen.<br \/>\nHergestellt von Creaplast, einem franz\u00f6sischen Hersteller, der f\u00fcr die Qualit\u00e4t und Pr\u00e4zision seiner medizinischen Simulationsmodelle bekannt ist, bietet er ein realistisches taktiles und biomechanisches Erlebnis, unerl\u00e4sslich f\u00fcr die Ausbildung von Neurochirurgen, Orthop\u00e4den und Assistenz\u00e4rzten.<br \/>\nDie anatomische Reproduktion des thorakolumbalen Segments enth\u00e4lt eine instabile Fraktur des T12-Wirbels, was das \u00dcben der manuellen oder instrumentellen Reduktion und anschlie\u00dfend die Platzierung von Pedikelschrauben und Stabilisierungsst\u00e4ben erm\u00f6glicht.<br \/>\nHergestellt aus hochdichtem Hartschaum (Solid Foam), gibt dieses Modell die Textur und mechanische Best\u00e4ndigkeit des menschlichen Knochens wieder, was das \u00dcben des Bohrens, Verschraubens und Montierens realer Implantate erm\u00f6glicht.<br \/>\nDank seines modularen Aufbaus kann er allein oder als Erg\u00e4nzung zum Trauma Spine Trainer Complet f\u00fcr Fortgeschrittenenkurse verwendet werden.<\/p>\n","protected":false},"excerpt":{"rendered":"<p>Der T12-Frakturreduzierer von Creaplast ist ein anatomischer Simulator, der f\u00fcr das Training der Reduktion thorakolumbaler Wirbelfrakturen entwickelt wurde. Dieses Modell erm\u00f6glicht den Erwerb der notwendigen F\u00e4higkeiten zur Manipulation, Stabilisierung und Fixierung einer T12-Wirbelfraktur unter realistischen und sicheren Bedingungen. <\/p>\n","protected":false},"featured_media":3412,"template":"","meta":[],"product_brand":[191],"product_cat":[221,222],"product_tag":[250],"class_list":{"0":"post-5227","1":"product","2":"type-product","3":"status-publish","4":"has-post-thumbnail","6":"product_brand-creaplast","7":"product_cat-anatomische-tafeln-und-modelle","8":"product_cat-simulatoren-fur-medizinische-versorgung","9":"product_tag-chirurgie","11":"first","12":"instock","13":"shipping-taxable","14":"purchasable","15":"product-type-simple"},"yoast_head":"<!-- This site is optimized with the Yoast SEO plugin v26.8 - https:\/\/yoast.com\/product\/yoast-seo-wordpress\/ -->\n<title>T12-Frakturreduzierer \u2013 Thorakolumbaler Simulator<\/title>\n<meta name=\"description\" content=\"T12-Simulator zum \u00dcben der Frakturreduktion und -stabilisierung. Kompatibel mit realen Implantaten, ideal f\u00fcr die Ausbildung.\" \/>\n<meta name=\"robots\" content=\"index, follow, max-snippet:-1, max-image-preview:large, max-video-preview:-1\" \/>\n<link rel=\"canonical\" href=\"https:\/\/lifesupportdistribution.fr\/de\/produkt\/t12-frakturreduzierer\/\" \/>\n<meta property=\"og:locale\" content=\"de_DE\" \/>\n<meta property=\"og:type\" content=\"article\" \/>\n<meta property=\"og:title\" content=\"T12-Frakturreduzierer \u2013 Thorakolumbaler Simulator\" \/>\n<meta property=\"og:description\" content=\"T12-Simulator zum \u00dcben der Frakturreduktion und -stabilisierung. Kompatibel mit realen Implantaten, ideal f\u00fcr die Ausbildung.\" \/>\n<meta property=\"og:url\" content=\"https:\/\/lifesupportdistribution.fr\/de\/produkt\/t12-frakturreduzierer\/\" \/>\n<meta property=\"og:site_name\" content=\"Life Support Distribution\" \/>\n<meta property=\"og:image\" content=\"https:\/\/lifesupportdistribution.fr\/wp-content\/uploads\/2025\/12\/reducteur-fracture-t12.jpg\" \/>\n\t<meta property=\"og:image:width\" content=\"600\" \/>\n\t<meta property=\"og:image:height\" content=\"400\" \/>\n\t<meta property=\"og:image:type\" content=\"image\/jpeg\" \/>\n<meta name=\"twitter:card\" content=\"summary_large_image\" \/>\n<meta name=\"twitter:label1\" content=\"Gesch\u00e4tzte Lesezeit\" \/>\n\t<meta name=\"twitter:data1\" content=\"1\u00a0Minute\" \/>\n<script type=\"application\/ld+json\" class=\"yoast-schema-graph\">{\"@context\":\"https:\/\/schema.org\",\"@graph\":[{\"@type\":\"WebPage\",\"@id\":\"https:\/\/lifesupportdistribution.fr\/de\/produkt\/t12-frakturreduzierer\/\",\"url\":\"https:\/\/lifesupportdistribution.fr\/de\/produkt\/t12-frakturreduzierer\/\",\"name\":\"T12-Frakturreduzierer \u2013 Thorakolumbaler Simulator\",\"isPartOf\":{\"@id\":\"https:\/\/lifesupportdistribution.fr\/de\/#website\"},\"primaryImageOfPage\":{\"@id\":\"https:\/\/lifesupportdistribution.fr\/de\/produkt\/t12-frakturreduzierer\/#primaryimage\"},\"image\":{\"@id\":\"https:\/\/lifesupportdistribution.fr\/de\/produkt\/t12-frakturreduzierer\/#primaryimage\"},\"thumbnailUrl\":\"https:\/\/lifesupportdistribution.fr\/wp-content\/uploads\/2025\/12\/reducteur-fracture-t12.jpg\",\"datePublished\":\"2025-12-11T15:30:34+00:00\",\"description\":\"T12-Simulator zum \u00dcben der Frakturreduktion und -stabilisierung. Kompatibel mit realen Implantaten, ideal f\u00fcr die Ausbildung.\",\"breadcrumb\":{\"@id\":\"https:\/\/lifesupportdistribution.fr\/de\/produkt\/t12-frakturreduzierer\/#breadcrumb\"},\"inLanguage\":\"de\",\"potentialAction\":[{\"@type\":\"ReadAction\",\"target\":[\"https:\/\/lifesupportdistribution.fr\/de\/produkt\/t12-frakturreduzierer\/\"]}]},{\"@type\":\"ImageObject\",\"inLanguage\":\"de\",\"@id\":\"https:\/\/lifesupportdistribution.fr\/de\/produkt\/t12-frakturreduzierer\/#primaryimage\",\"url\":\"https:\/\/lifesupportdistribution.fr\/wp-content\/uploads\/2025\/12\/reducteur-fracture-t12.jpg\",\"contentUrl\":\"https:\/\/lifesupportdistribution.fr\/wp-content\/uploads\/2025\/12\/reducteur-fracture-t12.jpg\",\"width\":600,\"height\":400},{\"@type\":\"BreadcrumbList\",\"@id\":\"https:\/\/lifesupportdistribution.fr\/de\/produkt\/t12-frakturreduzierer\/#breadcrumb\",\"itemListElement\":[{\"@type\":\"ListItem\",\"position\":1,\"name\":\"Accueil\",\"item\":\"https:\/\/lifesupportdistribution.fr\/de\/startseite\/\"},{\"@type\":\"ListItem\",\"position\":2,\"name\":\"Shop\",\"item\":\"https:\/\/lifesupportdistribution.fr\/de\/shop\/\"},{\"@type\":\"ListItem\",\"position\":3,\"name\":\"T12-Frakturreduzierer\"}]},{\"@type\":\"WebSite\",\"@id\":\"https:\/\/lifesupportdistribution.fr\/de\/#website\",\"url\":\"https:\/\/lifesupportdistribution.fr\/de\/\",\"name\":\"Life Support Distribution\",\"description\":\"Solutions en simulation m\u00e9dicale\",\"publisher\":{\"@id\":\"https:\/\/lifesupportdistribution.fr\/de\/#organization\"},\"potentialAction\":[{\"@type\":\"SearchAction\",\"target\":{\"@type\":\"EntryPoint\",\"urlTemplate\":\"https:\/\/lifesupportdistribution.fr\/de\/?s={search_term_string}\"},\"query-input\":{\"@type\":\"PropertyValueSpecification\",\"valueRequired\":true,\"valueName\":\"search_term_string\"}}],\"inLanguage\":\"de\"},{\"@type\":\"Organization\",\"@id\":\"https:\/\/lifesupportdistribution.fr\/de\/#organization\",\"name\":\"Life Support Distribution\",\"url\":\"https:\/\/lifesupportdistribution.fr\/de\/\",\"logo\":{\"@type\":\"ImageObject\",\"inLanguage\":\"de\",\"@id\":\"https:\/\/lifesupportdistribution.fr\/de\/#\/schema\/logo\/image\/\",\"url\":\"https:\/\/lifesupportdistribution.fr\/wp-content\/uploads\/2025\/10\/logo-life-support-distribution.svg\",\"contentUrl\":\"https:\/\/lifesupportdistribution.fr\/wp-content\/uploads\/2025\/10\/logo-life-support-distribution.svg\",\"width\":698,\"height\":223,\"caption\":\"Life Support Distribution\"},\"image\":{\"@id\":\"https:\/\/lifesupportdistribution.fr\/de\/#\/schema\/logo\/image\/\"},\"sameAs\":[\"https:\/\/www.linkedin.com\/company\/life-support-distribution\/\"]}]}<\/script>\n<!-- \/ Yoast SEO plugin. -->","yoast_head_json":{"title":"T12-Frakturreduzierer \u2013 Thorakolumbaler Simulator","description":"T12-Simulator zum \u00dcben der Frakturreduktion und -stabilisierung. Kompatibel mit realen Implantaten, ideal f\u00fcr die Ausbildung.","robots":{"index":"index","follow":"follow","max-snippet":"max-snippet:-1","max-image-preview":"max-image-preview:large","max-video-preview":"max-video-preview:-1"},"canonical":"https:\/\/lifesupportdistribution.fr\/de\/produkt\/t12-frakturreduzierer\/","og_locale":"de_DE","og_type":"article","og_title":"T12-Frakturreduzierer \u2013 Thorakolumbaler Simulator","og_description":"T12-Simulator zum \u00dcben der Frakturreduktion und -stabilisierung. Kompatibel mit realen Implantaten, ideal f\u00fcr die Ausbildung.","og_url":"https:\/\/lifesupportdistribution.fr\/de\/produkt\/t12-frakturreduzierer\/","og_site_name":"Life Support Distribution","og_image":[{"width":600,"height":400,"url":"https:\/\/lifesupportdistribution.fr\/wp-content\/uploads\/2025\/12\/reducteur-fracture-t12.jpg","type":"image\/jpeg"}],"twitter_card":"summary_large_image","twitter_misc":{"Gesch\u00e4tzte Lesezeit":"1\u00a0Minute"},"schema":{"@context":"https:\/\/schema.org","@graph":[{"@type":"WebPage","@id":"https:\/\/lifesupportdistribution.fr\/de\/produkt\/t12-frakturreduzierer\/","url":"https:\/\/lifesupportdistribution.fr\/de\/produkt\/t12-frakturreduzierer\/","name":"T12-Frakturreduzierer \u2013 Thorakolumbaler Simulator","isPartOf":{"@id":"https:\/\/lifesupportdistribution.fr\/de\/#website"},"primaryImageOfPage":{"@id":"https:\/\/lifesupportdistribution.fr\/de\/produkt\/t12-frakturreduzierer\/#primaryimage"},"image":{"@id":"https:\/\/lifesupportdistribution.fr\/de\/produkt\/t12-frakturreduzierer\/#primaryimage"},"thumbnailUrl":"https:\/\/lifesupportdistribution.fr\/wp-content\/uploads\/2025\/12\/reducteur-fracture-t12.jpg","datePublished":"2025-12-11T15:30:34+00:00","description":"T12-Simulator zum \u00dcben der Frakturreduktion und -stabilisierung. Kompatibel mit realen Implantaten, ideal f\u00fcr die Ausbildung.","breadcrumb":{"@id":"https:\/\/lifesupportdistribution.fr\/de\/produkt\/t12-frakturreduzierer\/#breadcrumb"},"inLanguage":"de","potentialAction":[{"@type":"ReadAction","target":["https:\/\/lifesupportdistribution.fr\/de\/produkt\/t12-frakturreduzierer\/"]}]},{"@type":"ImageObject","inLanguage":"de","@id":"https:\/\/lifesupportdistribution.fr\/de\/produkt\/t12-frakturreduzierer\/#primaryimage","url":"https:\/\/lifesupportdistribution.fr\/wp-content\/uploads\/2025\/12\/reducteur-fracture-t12.jpg","contentUrl":"https:\/\/lifesupportdistribution.fr\/wp-content\/uploads\/2025\/12\/reducteur-fracture-t12.jpg","width":600,"height":400},{"@type":"BreadcrumbList","@id":"https:\/\/lifesupportdistribution.fr\/de\/produkt\/t12-frakturreduzierer\/#breadcrumb","itemListElement":[{"@type":"ListItem","position":1,"name":"Accueil","item":"https:\/\/lifesupportdistribution.fr\/de\/startseite\/"},{"@type":"ListItem","position":2,"name":"Shop","item":"https:\/\/lifesupportdistribution.fr\/de\/shop\/"},{"@type":"ListItem","position":3,"name":"T12-Frakturreduzierer"}]},{"@type":"WebSite","@id":"https:\/\/lifesupportdistribution.fr\/de\/#website","url":"https:\/\/lifesupportdistribution.fr\/de\/","name":"Life Support Distribution","description":"Solutions en simulation m\u00e9dicale","publisher":{"@id":"https:\/\/lifesupportdistribution.fr\/de\/#organization"},"potentialAction":[{"@type":"SearchAction","target":{"@type":"EntryPoint","urlTemplate":"https:\/\/lifesupportdistribution.fr\/de\/?s={search_term_string}"},"query-input":{"@type":"PropertyValueSpecification","valueRequired":true,"valueName":"search_term_string"}}],"inLanguage":"de"},{"@type":"Organization","@id":"https:\/\/lifesupportdistribution.fr\/de\/#organization","name":"Life Support Distribution","url":"https:\/\/lifesupportdistribution.fr\/de\/","logo":{"@type":"ImageObject","inLanguage":"de","@id":"https:\/\/lifesupportdistribution.fr\/de\/#\/schema\/logo\/image\/","url":"https:\/\/lifesupportdistribution.fr\/wp-content\/uploads\/2025\/10\/logo-life-support-distribution.svg","contentUrl":"https:\/\/lifesupportdistribution.fr\/wp-content\/uploads\/2025\/10\/logo-life-support-distribution.svg","width":698,"height":223,"caption":"Life Support Distribution"},"image":{"@id":"https:\/\/lifesupportdistribution.fr\/de\/#\/schema\/logo\/image\/"},"sameAs":["https:\/\/www.linkedin.com\/company\/life-support-distribution\/"]}]}},"_links":{"self":[{"href":"https:\/\/lifesupportdistribution.fr\/de\/wp-json\/wp\/v2\/product\/5227","targetHints":{"allow":["GET"]}}],"collection":[{"href":"https:\/\/lifesupportdistribution.fr\/de\/wp-json\/wp\/v2\/product"}],"about":[{"href":"https:\/\/lifesupportdistribution.fr\/de\/wp-json\/wp\/v2\/types\/product"}],"wp:featuredmedia":[{"embeddable":true,"href":"https:\/\/lifesupportdistribution.fr\/de\/wp-json\/wp\/v2\/media\/3412"}],"wp:attachment":[{"href":"https:\/\/lifesupportdistribution.fr\/de\/wp-json\/wp\/v2\/media?parent=5227"}],"wp:term":[{"taxonomy":"product_brand","embeddable":true,"href":"https:\/\/lifesupportdistribution.fr\/de\/wp-json\/wp\/v2\/product_brand?post=5227"},{"taxonomy":"product_cat","embeddable":true,"href":"https:\/\/lifesupportdistribution.fr\/de\/wp-json\/wp\/v2\/product_cat?post=5227"},{"taxonomy":"product_tag","embeddable":true,"href":"https:\/\/lifesupportdistribution.fr\/de\/wp-json\/wp\/v2\/product_tag?post=5227"}],"curies":[{"name":"wp","href":"https:\/\/api.w.org\/{rel}","templated":true}]}}