{"id":5241,"date":"2025-12-11T16:15:44","date_gmt":"2025-12-11T15:15:44","guid":{"rendered":"https:\/\/lifesupportdistribution.fr\/produits\/mandibel-aus-weissem-harz\/"},"modified":"2025-12-11T16:15:44","modified_gmt":"2025-12-11T15:15:44","slug":"mandibel-aus-weissem-harz","status":"publish","type":"product","link":"https:\/\/lifesupportdistribution.fr\/de\/produkt\/mandibel-aus-weissem-harz\/","title":{"rendered":"Mandibel aus wei\u00dfem Harz"},"content":{"rendered":"<p>Die Mandibel aus wei\u00dfem Harz reproduziert exakt die Knochenmorphologie des Unterkiefers, einschlie\u00dflich des Corpus mandibulae, der aufsteigenden \u00c4ste und der Gelenkkondylen.<br \/>\nHergestellt aus wei\u00dfem Hartkunstharz, bietet sie eine sowohl solide, pr\u00e4zise als auch \u00e4sthetische Darstellung, die eine klare Beobachtung der anatomischen Strukturen und Muskelansatzbereiche erm\u00f6glicht.<br \/>\nEntwickelt von Creaplast, einem franz\u00f6sischen Hersteller, der f\u00fcr die Qualit\u00e4t und Pr\u00e4zision seiner anatomischen Modelle bekannt ist, wird diese Mandibel in Universit\u00e4ten, Zahnmedizinischen Schulen, Anatomie- und Biomechaniklaboren sowie in Simulationszentren f\u00fcr Kiefer- und Gesichtschirurgie eingesetzt.<br \/>\nDieses Modell hebt die wesentlichen anatomischen Landmarken hervor: Kinnfuge, Foramina mentalia, Kieferwinkel, Kondylen und Coronoidfortsatz.<br \/>\nEs ist eine ideale Unterst\u00fctzung f\u00fcr die Ausbildung in Odontologie, Kieferorthop\u00e4die, Oralchirurgie und anatomischer Gesichtsdarstellung.<\/p>\n","protected":false},"excerpt":{"rendered":"<p>Die Mandibel aus wei\u00dfem Harz von Creaplast ist eine getreue anatomische Reproduktion des menschlichen Unterkiefers. Aus hochfestem Harz gefertigt, vereint dieses Modell morphologische Pr\u00e4zision, Langlebigkeit und \u00c4sthetik, ideal f\u00fcr medizinische Ausbildung, anatomische Forschung und chirurgische Simulation. <\/p>\n","protected":false},"featured_media":3427,"template":"","meta":[],"product_brand":[191],"product_cat":[221],"product_tag":[241],"class_list":{"0":"post-5241","1":"product","2":"type-product","3":"status-publish","4":"has-post-thumbnail","6":"product_brand-creaplast","7":"product_cat-anatomische-tafeln-und-modelle","8":"product_tag-anatomietraining","10":"first","11":"instock","12":"shipping-taxable","13":"purchasable","14":"product-type-simple"},"yoast_head":"<!-- This site is optimized with the Yoast SEO plugin v27.5 - https:\/\/yoast.com\/product\/yoast-seo-wordpress\/ -->\n<title>Mandibel aus wei\u00dfem Harz \u2013 Realistisches anatomisches Modell<\/title>\n<meta name=\"description\" content=\"Anatomisches Modell einer Mandibel aus wei\u00dfem Harz, ideal f\u00fcr Ausbildung, anatomische Forschung und chirurgische Simulation.\" \/>\n<meta name=\"robots\" content=\"index, follow, max-snippet:-1, max-image-preview:large, max-video-preview:-1\" \/>\n<link rel=\"canonical\" href=\"https:\/\/lifesupportdistribution.fr\/de\/produkt\/mandibel-aus-weissem-harz\/\" \/>\n<meta property=\"og:locale\" content=\"de_DE\" \/>\n<meta property=\"og:type\" content=\"article\" \/>\n<meta property=\"og:title\" content=\"Mandibel aus wei\u00dfem Harz \u2013 Realistisches anatomisches Modell\" \/>\n<meta property=\"og:description\" content=\"Anatomisches Modell einer Mandibel aus wei\u00dfem Harz, ideal f\u00fcr Ausbildung, anatomische Forschung und chirurgische Simulation.\" \/>\n<meta property=\"og:url\" content=\"https:\/\/lifesupportdistribution.fr\/de\/produkt\/mandibel-aus-weissem-harz\/\" \/>\n<meta property=\"og:site_name\" content=\"Life Support Distribution\" \/>\n<meta property=\"og:image\" content=\"https:\/\/lifesupportdistribution.fr\/wp-content\/uploads\/2025\/12\/mandibule-en-resine-blanche.jpg\" \/>\n\t<meta property=\"og:image:width\" content=\"600\" \/>\n\t<meta property=\"og:image:height\" content=\"400\" \/>\n\t<meta property=\"og:image:type\" content=\"image\/jpeg\" \/>\n<meta name=\"twitter:card\" content=\"summary_large_image\" \/>\n<meta name=\"twitter:label1\" content=\"Gesch\u00e4tzte Lesezeit\" \/>\n\t<meta name=\"twitter:data1\" content=\"1\u00a0Minute\" \/>\n<script type=\"application\/ld+json\" class=\"yoast-schema-graph\">{\"@context\":\"https:\\\/\\\/schema.org\",\"@graph\":[{\"@type\":\"WebPage\",\"@id\":\"https:\\\/\\\/lifesupportdistribution.fr\\\/de\\\/produkt\\\/mandibel-aus-weissem-harz\\\/\",\"url\":\"https:\\\/\\\/lifesupportdistribution.fr\\\/de\\\/produkt\\\/mandibel-aus-weissem-harz\\\/\",\"name\":\"Mandibel aus wei\u00dfem Harz \u2013 Realistisches anatomisches Modell\",\"isPartOf\":{\"@id\":\"https:\\\/\\\/lifesupportdistribution.fr\\\/de\\\/#website\"},\"primaryImageOfPage\":{\"@id\":\"https:\\\/\\\/lifesupportdistribution.fr\\\/de\\\/produkt\\\/mandibel-aus-weissem-harz\\\/#primaryimage\"},\"image\":{\"@id\":\"https:\\\/\\\/lifesupportdistribution.fr\\\/de\\\/produkt\\\/mandibel-aus-weissem-harz\\\/#primaryimage\"},\"thumbnailUrl\":\"https:\\\/\\\/lifesupportdistribution.fr\\\/wp-content\\\/uploads\\\/2025\\\/12\\\/mandibule-en-resine-blanche.jpg\",\"datePublished\":\"2025-12-11T15:15:44+00:00\",\"description\":\"Anatomisches Modell einer Mandibel aus wei\u00dfem Harz, ideal f\u00fcr Ausbildung, anatomische Forschung und chirurgische Simulation.\",\"breadcrumb\":{\"@id\":\"https:\\\/\\\/lifesupportdistribution.fr\\\/de\\\/produkt\\\/mandibel-aus-weissem-harz\\\/#breadcrumb\"},\"inLanguage\":\"de\",\"potentialAction\":[{\"@type\":\"ReadAction\",\"target\":[\"https:\\\/\\\/lifesupportdistribution.fr\\\/de\\\/produkt\\\/mandibel-aus-weissem-harz\\\/\"]}]},{\"@type\":\"ImageObject\",\"inLanguage\":\"de\",\"@id\":\"https:\\\/\\\/lifesupportdistribution.fr\\\/de\\\/produkt\\\/mandibel-aus-weissem-harz\\\/#primaryimage\",\"url\":\"https:\\\/\\\/lifesupportdistribution.fr\\\/wp-content\\\/uploads\\\/2025\\\/12\\\/mandibule-en-resine-blanche.jpg\",\"contentUrl\":\"https:\\\/\\\/lifesupportdistribution.fr\\\/wp-content\\\/uploads\\\/2025\\\/12\\\/mandibule-en-resine-blanche.jpg\",\"width\":600,\"height\":400},{\"@type\":\"BreadcrumbList\",\"@id\":\"https:\\\/\\\/lifesupportdistribution.fr\\\/de\\\/produkt\\\/mandibel-aus-weissem-harz\\\/#breadcrumb\",\"itemListElement\":[{\"@type\":\"ListItem\",\"position\":1,\"name\":\"Accueil\",\"item\":\"https:\\\/\\\/lifesupportdistribution.fr\\\/de\\\/startseite\\\/\"},{\"@type\":\"ListItem\",\"position\":2,\"name\":\"Shop\",\"item\":\"https:\\\/\\\/lifesupportdistribution.fr\\\/de\\\/shop\\\/\"},{\"@type\":\"ListItem\",\"position\":3,\"name\":\"Mandibel aus wei\u00dfem Harz\"}]},{\"@type\":\"WebSite\",\"@id\":\"https:\\\/\\\/lifesupportdistribution.fr\\\/de\\\/#website\",\"url\":\"https:\\\/\\\/lifesupportdistribution.fr\\\/de\\\/\",\"name\":\"Life Support Distribution\",\"description\":\"Solutions en simulation m\u00e9dicale\",\"publisher\":{\"@id\":\"https:\\\/\\\/lifesupportdistribution.fr\\\/de\\\/#organization\"},\"potentialAction\":[{\"@type\":\"SearchAction\",\"target\":{\"@type\":\"EntryPoint\",\"urlTemplate\":\"https:\\\/\\\/lifesupportdistribution.fr\\\/de\\\/?s={search_term_string}\"},\"query-input\":{\"@type\":\"PropertyValueSpecification\",\"valueRequired\":true,\"valueName\":\"search_term_string\"}}],\"inLanguage\":\"de\"},{\"@type\":\"Organization\",\"@id\":\"https:\\\/\\\/lifesupportdistribution.fr\\\/de\\\/#organization\",\"name\":\"Life Support Distribution\",\"url\":\"https:\\\/\\\/lifesupportdistribution.fr\\\/de\\\/\",\"logo\":{\"@type\":\"ImageObject\",\"inLanguage\":\"de\",\"@id\":\"https:\\\/\\\/lifesupportdistribution.fr\\\/de\\\/#\\\/schema\\\/logo\\\/image\\\/\",\"url\":\"https:\\\/\\\/lifesupportdistribution.fr\\\/wp-content\\\/uploads\\\/2025\\\/10\\\/logo-life-support-distribution.svg\",\"contentUrl\":\"https:\\\/\\\/lifesupportdistribution.fr\\\/wp-content\\\/uploads\\\/2025\\\/10\\\/logo-life-support-distribution.svg\",\"width\":698,\"height\":223,\"caption\":\"Life Support Distribution\"},\"image\":{\"@id\":\"https:\\\/\\\/lifesupportdistribution.fr\\\/de\\\/#\\\/schema\\\/logo\\\/image\\\/\"},\"sameAs\":[\"https:\\\/\\\/www.linkedin.com\\\/company\\\/life-support-distribution\\\/\"]}]}<\/script>\n<!-- \/ Yoast SEO plugin. -->","yoast_head_json":{"title":"Mandibel aus wei\u00dfem Harz \u2013 Realistisches anatomisches Modell","description":"Anatomisches Modell einer Mandibel aus wei\u00dfem Harz, ideal f\u00fcr Ausbildung, anatomische Forschung und chirurgische Simulation.","robots":{"index":"index","follow":"follow","max-snippet":"max-snippet:-1","max-image-preview":"max-image-preview:large","max-video-preview":"max-video-preview:-1"},"canonical":"https:\/\/lifesupportdistribution.fr\/de\/produkt\/mandibel-aus-weissem-harz\/","og_locale":"de_DE","og_type":"article","og_title":"Mandibel aus wei\u00dfem Harz \u2013 Realistisches anatomisches Modell","og_description":"Anatomisches Modell einer Mandibel aus wei\u00dfem Harz, ideal f\u00fcr Ausbildung, anatomische Forschung und chirurgische Simulation.","og_url":"https:\/\/lifesupportdistribution.fr\/de\/produkt\/mandibel-aus-weissem-harz\/","og_site_name":"Life Support Distribution","og_image":[{"width":600,"height":400,"url":"https:\/\/lifesupportdistribution.fr\/wp-content\/uploads\/2025\/12\/mandibule-en-resine-blanche.jpg","type":"image\/jpeg"}],"twitter_card":"summary_large_image","twitter_misc":{"Gesch\u00e4tzte Lesezeit":"1\u00a0Minute"},"schema":{"@context":"https:\/\/schema.org","@graph":[{"@type":"WebPage","@id":"https:\/\/lifesupportdistribution.fr\/de\/produkt\/mandibel-aus-weissem-harz\/","url":"https:\/\/lifesupportdistribution.fr\/de\/produkt\/mandibel-aus-weissem-harz\/","name":"Mandibel aus wei\u00dfem Harz \u2013 Realistisches anatomisches Modell","isPartOf":{"@id":"https:\/\/lifesupportdistribution.fr\/de\/#website"},"primaryImageOfPage":{"@id":"https:\/\/lifesupportdistribution.fr\/de\/produkt\/mandibel-aus-weissem-harz\/#primaryimage"},"image":{"@id":"https:\/\/lifesupportdistribution.fr\/de\/produkt\/mandibel-aus-weissem-harz\/#primaryimage"},"thumbnailUrl":"https:\/\/lifesupportdistribution.fr\/wp-content\/uploads\/2025\/12\/mandibule-en-resine-blanche.jpg","datePublished":"2025-12-11T15:15:44+00:00","description":"Anatomisches Modell einer Mandibel aus wei\u00dfem Harz, ideal f\u00fcr Ausbildung, anatomische Forschung und chirurgische Simulation.","breadcrumb":{"@id":"https:\/\/lifesupportdistribution.fr\/de\/produkt\/mandibel-aus-weissem-harz\/#breadcrumb"},"inLanguage":"de","potentialAction":[{"@type":"ReadAction","target":["https:\/\/lifesupportdistribution.fr\/de\/produkt\/mandibel-aus-weissem-harz\/"]}]},{"@type":"ImageObject","inLanguage":"de","@id":"https:\/\/lifesupportdistribution.fr\/de\/produkt\/mandibel-aus-weissem-harz\/#primaryimage","url":"https:\/\/lifesupportdistribution.fr\/wp-content\/uploads\/2025\/12\/mandibule-en-resine-blanche.jpg","contentUrl":"https:\/\/lifesupportdistribution.fr\/wp-content\/uploads\/2025\/12\/mandibule-en-resine-blanche.jpg","width":600,"height":400},{"@type":"BreadcrumbList","@id":"https:\/\/lifesupportdistribution.fr\/de\/produkt\/mandibel-aus-weissem-harz\/#breadcrumb","itemListElement":[{"@type":"ListItem","position":1,"name":"Accueil","item":"https:\/\/lifesupportdistribution.fr\/de\/startseite\/"},{"@type":"ListItem","position":2,"name":"Shop","item":"https:\/\/lifesupportdistribution.fr\/de\/shop\/"},{"@type":"ListItem","position":3,"name":"Mandibel aus wei\u00dfem Harz"}]},{"@type":"WebSite","@id":"https:\/\/lifesupportdistribution.fr\/de\/#website","url":"https:\/\/lifesupportdistribution.fr\/de\/","name":"Life Support Distribution","description":"Solutions en simulation m\u00e9dicale","publisher":{"@id":"https:\/\/lifesupportdistribution.fr\/de\/#organization"},"potentialAction":[{"@type":"SearchAction","target":{"@type":"EntryPoint","urlTemplate":"https:\/\/lifesupportdistribution.fr\/de\/?s={search_term_string}"},"query-input":{"@type":"PropertyValueSpecification","valueRequired":true,"valueName":"search_term_string"}}],"inLanguage":"de"},{"@type":"Organization","@id":"https:\/\/lifesupportdistribution.fr\/de\/#organization","name":"Life Support Distribution","url":"https:\/\/lifesupportdistribution.fr\/de\/","logo":{"@type":"ImageObject","inLanguage":"de","@id":"https:\/\/lifesupportdistribution.fr\/de\/#\/schema\/logo\/image\/","url":"https:\/\/lifesupportdistribution.fr\/wp-content\/uploads\/2025\/10\/logo-life-support-distribution.svg","contentUrl":"https:\/\/lifesupportdistribution.fr\/wp-content\/uploads\/2025\/10\/logo-life-support-distribution.svg","width":698,"height":223,"caption":"Life Support Distribution"},"image":{"@id":"https:\/\/lifesupportdistribution.fr\/de\/#\/schema\/logo\/image\/"},"sameAs":["https:\/\/www.linkedin.com\/company\/life-support-distribution\/"]}]}},"_links":{"self":[{"href":"https:\/\/lifesupportdistribution.fr\/de\/wp-json\/wp\/v2\/product\/5241","targetHints":{"allow":["GET"]}}],"collection":[{"href":"https:\/\/lifesupportdistribution.fr\/de\/wp-json\/wp\/v2\/product"}],"about":[{"href":"https:\/\/lifesupportdistribution.fr\/de\/wp-json\/wp\/v2\/types\/product"}],"wp:featuredmedia":[{"embeddable":true,"href":"https:\/\/lifesupportdistribution.fr\/de\/wp-json\/wp\/v2\/media\/3427"}],"wp:attachment":[{"href":"https:\/\/lifesupportdistribution.fr\/de\/wp-json\/wp\/v2\/media?parent=5241"}],"wp:term":[{"taxonomy":"product_brand","embeddable":true,"href":"https:\/\/lifesupportdistribution.fr\/de\/wp-json\/wp\/v2\/product_brand?post=5241"},{"taxonomy":"product_cat","embeddable":true,"href":"https:\/\/lifesupportdistribution.fr\/de\/wp-json\/wp\/v2\/product_cat?post=5241"},{"taxonomy":"product_tag","embeddable":true,"href":"https:\/\/lifesupportdistribution.fr\/de\/wp-json\/wp\/v2\/product_tag?post=5241"}],"curies":[{"name":"wp","href":"https:\/\/api.w.org\/{rel}","templated":true}]}}