{"id":5247,"date":"2025-12-11T16:18:56","date_gmt":"2025-12-11T15:18:56","guid":{"rendered":"https:\/\/lifesupportdistribution.fr\/produits\/occiput-solid-foam\/"},"modified":"2025-12-11T16:18:56","modified_gmt":"2025-12-11T15:18:56","slug":"occiput-solid-foam","status":"publish","type":"product","link":"https:\/\/lifesupportdistribution.fr\/de\/produkt\/occiput-solid-foam\/","title":{"rendered":"Occiput Solid Foam"},"content":{"rendered":"<p>Das Occiput Solid Foam bildet die Knochenmorphologie des Hinterhauptbeins, das sich am hinteren und unteren Teil des Sch\u00e4dels befindet, exakt ab.<br \/>\nHergestellt aus hochdichtem Hartschaum (Solid Foam), bietet es eine realistische anatomische Struktur, die Robustheit, Leichtigkeit und Langlebigkeit vereint und perfekt f\u00fcr den intensiven Einsatz in Lehre oder Labor geeignet ist.<br \/>\nEntwickelt von Creaplast, einem franz\u00f6sischen Hersteller, der f\u00fcr die Qualit\u00e4t und Pr\u00e4zision seiner anatomischen Modelle bekannt ist, wird dieser isolierte Knochen in Universit\u00e4ten, Gesundheitsschulen, Anatomie- und Biomechaniklaboren sowie in chirurgischen Simulationszentren eingesetzt.<br \/>\nDieses Modell hebt die wichtigsten kn\u00f6chernen Orientierungspunkte hervor: Foramen magnum, Occipitalkondylen, \u00e4u\u00dfere Hinterhauptsw\u00f6lbung, Nuchallinien und innere Fl\u00e4chen mit den zerebell\u00e4ren und zerebralen Abdr\u00fccken.<br \/>\nEs ist ein unverzichtbares Werkzeug f\u00fcr die Ausbildung in Neuroanatomie, kraniozervikaler Orthop\u00e4die und Anatomie der oberen Halswirbels\u00e4ule.<\/p>\n","protected":false},"excerpt":{"rendered":"<p>Das Creaplast Occiput Solid Foam ist eine getreue anatomische Nachbildung des menschlichen Hinterhauptbeins, einem Schl\u00fcsselelement der Sch\u00e4delbasis. Aus hochdichtem Hartschaum gefertigt, vereint dieses Modell anatomische Pr\u00e4zision, Robustheit und Leichtigkeit, ideal f\u00fcr medizinische Ausbildung, biomechanische Forschung und chirurgische Simulation. <\/p>\n","protected":false},"featured_media":3425,"template":"","meta":[],"product_brand":[191],"product_cat":[221],"product_tag":[241],"class_list":{"0":"post-5247","1":"product","2":"type-product","3":"status-publish","4":"has-post-thumbnail","6":"product_brand-creaplast","7":"product_cat-anatomische-tafeln-und-modelle","8":"product_tag-anatomietraining","10":"first","11":"instock","12":"shipping-taxable","13":"purchasable","14":"product-type-simple"},"yoast_head":"<!-- This site is optimized with the Yoast SEO plugin v27.5 - https:\/\/yoast.com\/product\/yoast-seo-wordpress\/ -->\n<title>Occiput Solid Foam \u2013 Pr\u00e4zises anatomisches Modell<\/title>\n<meta name=\"description\" content=\"Occiput aus Solid Foam, detailliertes Modell ideal f\u00fcr Ausbildung, Neuroanatomie und chirurgische Simulation.\" \/>\n<meta name=\"robots\" content=\"index, follow, max-snippet:-1, max-image-preview:large, max-video-preview:-1\" \/>\n<link rel=\"canonical\" href=\"https:\/\/lifesupportdistribution.fr\/de\/produkt\/occiput-solid-foam\/\" \/>\n<meta property=\"og:locale\" content=\"de_DE\" \/>\n<meta property=\"og:type\" content=\"article\" \/>\n<meta property=\"og:title\" content=\"Occiput Solid Foam \u2013 Pr\u00e4zises anatomisches Modell\" \/>\n<meta property=\"og:description\" content=\"Occiput aus Solid Foam, detailliertes Modell ideal f\u00fcr Ausbildung, Neuroanatomie und chirurgische Simulation.\" \/>\n<meta property=\"og:url\" content=\"https:\/\/lifesupportdistribution.fr\/de\/produkt\/occiput-solid-foam\/\" \/>\n<meta property=\"og:site_name\" content=\"Life Support Distribution\" \/>\n<meta property=\"og:image\" content=\"https:\/\/lifesupportdistribution.fr\/wp-content\/uploads\/2025\/12\/occiput-solid-foam.jpg\" \/>\n\t<meta property=\"og:image:width\" content=\"600\" \/>\n\t<meta property=\"og:image:height\" content=\"400\" \/>\n\t<meta property=\"og:image:type\" content=\"image\/jpeg\" \/>\n<meta name=\"twitter:card\" content=\"summary_large_image\" \/>\n<meta name=\"twitter:label1\" content=\"Gesch\u00e4tzte Lesezeit\" \/>\n\t<meta name=\"twitter:data1\" content=\"1\u00a0Minute\" \/>\n<script type=\"application\/ld+json\" class=\"yoast-schema-graph\">{\"@context\":\"https:\\\/\\\/schema.org\",\"@graph\":[{\"@type\":\"WebPage\",\"@id\":\"https:\\\/\\\/lifesupportdistribution.fr\\\/de\\\/produkt\\\/occiput-solid-foam\\\/\",\"url\":\"https:\\\/\\\/lifesupportdistribution.fr\\\/de\\\/produkt\\\/occiput-solid-foam\\\/\",\"name\":\"Occiput Solid Foam \u2013 Pr\u00e4zises anatomisches Modell\",\"isPartOf\":{\"@id\":\"https:\\\/\\\/lifesupportdistribution.fr\\\/de\\\/#website\"},\"primaryImageOfPage\":{\"@id\":\"https:\\\/\\\/lifesupportdistribution.fr\\\/de\\\/produkt\\\/occiput-solid-foam\\\/#primaryimage\"},\"image\":{\"@id\":\"https:\\\/\\\/lifesupportdistribution.fr\\\/de\\\/produkt\\\/occiput-solid-foam\\\/#primaryimage\"},\"thumbnailUrl\":\"https:\\\/\\\/lifesupportdistribution.fr\\\/wp-content\\\/uploads\\\/2025\\\/12\\\/occiput-solid-foam.jpg\",\"datePublished\":\"2025-12-11T15:18:56+00:00\",\"description\":\"Occiput aus Solid Foam, detailliertes Modell ideal f\u00fcr Ausbildung, Neuroanatomie und chirurgische Simulation.\",\"breadcrumb\":{\"@id\":\"https:\\\/\\\/lifesupportdistribution.fr\\\/de\\\/produkt\\\/occiput-solid-foam\\\/#breadcrumb\"},\"inLanguage\":\"de\",\"potentialAction\":[{\"@type\":\"ReadAction\",\"target\":[\"https:\\\/\\\/lifesupportdistribution.fr\\\/de\\\/produkt\\\/occiput-solid-foam\\\/\"]}]},{\"@type\":\"ImageObject\",\"inLanguage\":\"de\",\"@id\":\"https:\\\/\\\/lifesupportdistribution.fr\\\/de\\\/produkt\\\/occiput-solid-foam\\\/#primaryimage\",\"url\":\"https:\\\/\\\/lifesupportdistribution.fr\\\/wp-content\\\/uploads\\\/2025\\\/12\\\/occiput-solid-foam.jpg\",\"contentUrl\":\"https:\\\/\\\/lifesupportdistribution.fr\\\/wp-content\\\/uploads\\\/2025\\\/12\\\/occiput-solid-foam.jpg\",\"width\":600,\"height\":400},{\"@type\":\"BreadcrumbList\",\"@id\":\"https:\\\/\\\/lifesupportdistribution.fr\\\/de\\\/produkt\\\/occiput-solid-foam\\\/#breadcrumb\",\"itemListElement\":[{\"@type\":\"ListItem\",\"position\":1,\"name\":\"Accueil\",\"item\":\"https:\\\/\\\/lifesupportdistribution.fr\\\/de\\\/startseite\\\/\"},{\"@type\":\"ListItem\",\"position\":2,\"name\":\"Shop\",\"item\":\"https:\\\/\\\/lifesupportdistribution.fr\\\/de\\\/shop\\\/\"},{\"@type\":\"ListItem\",\"position\":3,\"name\":\"Occiput Solid Foam\"}]},{\"@type\":\"WebSite\",\"@id\":\"https:\\\/\\\/lifesupportdistribution.fr\\\/de\\\/#website\",\"url\":\"https:\\\/\\\/lifesupportdistribution.fr\\\/de\\\/\",\"name\":\"Life Support Distribution\",\"description\":\"Solutions en simulation m\u00e9dicale\",\"publisher\":{\"@id\":\"https:\\\/\\\/lifesupportdistribution.fr\\\/de\\\/#organization\"},\"potentialAction\":[{\"@type\":\"SearchAction\",\"target\":{\"@type\":\"EntryPoint\",\"urlTemplate\":\"https:\\\/\\\/lifesupportdistribution.fr\\\/de\\\/?s={search_term_string}\"},\"query-input\":{\"@type\":\"PropertyValueSpecification\",\"valueRequired\":true,\"valueName\":\"search_term_string\"}}],\"inLanguage\":\"de\"},{\"@type\":\"Organization\",\"@id\":\"https:\\\/\\\/lifesupportdistribution.fr\\\/de\\\/#organization\",\"name\":\"Life Support Distribution\",\"url\":\"https:\\\/\\\/lifesupportdistribution.fr\\\/de\\\/\",\"logo\":{\"@type\":\"ImageObject\",\"inLanguage\":\"de\",\"@id\":\"https:\\\/\\\/lifesupportdistribution.fr\\\/de\\\/#\\\/schema\\\/logo\\\/image\\\/\",\"url\":\"https:\\\/\\\/lifesupportdistribution.fr\\\/wp-content\\\/uploads\\\/2025\\\/10\\\/logo-life-support-distribution.svg\",\"contentUrl\":\"https:\\\/\\\/lifesupportdistribution.fr\\\/wp-content\\\/uploads\\\/2025\\\/10\\\/logo-life-support-distribution.svg\",\"width\":698,\"height\":223,\"caption\":\"Life Support Distribution\"},\"image\":{\"@id\":\"https:\\\/\\\/lifesupportdistribution.fr\\\/de\\\/#\\\/schema\\\/logo\\\/image\\\/\"},\"sameAs\":[\"https:\\\/\\\/www.linkedin.com\\\/company\\\/life-support-distribution\\\/\"]}]}<\/script>\n<!-- \/ Yoast SEO plugin. -->","yoast_head_json":{"title":"Occiput Solid Foam \u2013 Pr\u00e4zises anatomisches Modell","description":"Occiput aus Solid Foam, detailliertes Modell ideal f\u00fcr Ausbildung, Neuroanatomie und chirurgische Simulation.","robots":{"index":"index","follow":"follow","max-snippet":"max-snippet:-1","max-image-preview":"max-image-preview:large","max-video-preview":"max-video-preview:-1"},"canonical":"https:\/\/lifesupportdistribution.fr\/de\/produkt\/occiput-solid-foam\/","og_locale":"de_DE","og_type":"article","og_title":"Occiput Solid Foam \u2013 Pr\u00e4zises anatomisches Modell","og_description":"Occiput aus Solid Foam, detailliertes Modell ideal f\u00fcr Ausbildung, Neuroanatomie und chirurgische Simulation.","og_url":"https:\/\/lifesupportdistribution.fr\/de\/produkt\/occiput-solid-foam\/","og_site_name":"Life Support Distribution","og_image":[{"width":600,"height":400,"url":"https:\/\/lifesupportdistribution.fr\/wp-content\/uploads\/2025\/12\/occiput-solid-foam.jpg","type":"image\/jpeg"}],"twitter_card":"summary_large_image","twitter_misc":{"Gesch\u00e4tzte Lesezeit":"1\u00a0Minute"},"schema":{"@context":"https:\/\/schema.org","@graph":[{"@type":"WebPage","@id":"https:\/\/lifesupportdistribution.fr\/de\/produkt\/occiput-solid-foam\/","url":"https:\/\/lifesupportdistribution.fr\/de\/produkt\/occiput-solid-foam\/","name":"Occiput Solid Foam \u2013 Pr\u00e4zises anatomisches Modell","isPartOf":{"@id":"https:\/\/lifesupportdistribution.fr\/de\/#website"},"primaryImageOfPage":{"@id":"https:\/\/lifesupportdistribution.fr\/de\/produkt\/occiput-solid-foam\/#primaryimage"},"image":{"@id":"https:\/\/lifesupportdistribution.fr\/de\/produkt\/occiput-solid-foam\/#primaryimage"},"thumbnailUrl":"https:\/\/lifesupportdistribution.fr\/wp-content\/uploads\/2025\/12\/occiput-solid-foam.jpg","datePublished":"2025-12-11T15:18:56+00:00","description":"Occiput aus Solid Foam, detailliertes Modell ideal f\u00fcr Ausbildung, Neuroanatomie und chirurgische Simulation.","breadcrumb":{"@id":"https:\/\/lifesupportdistribution.fr\/de\/produkt\/occiput-solid-foam\/#breadcrumb"},"inLanguage":"de","potentialAction":[{"@type":"ReadAction","target":["https:\/\/lifesupportdistribution.fr\/de\/produkt\/occiput-solid-foam\/"]}]},{"@type":"ImageObject","inLanguage":"de","@id":"https:\/\/lifesupportdistribution.fr\/de\/produkt\/occiput-solid-foam\/#primaryimage","url":"https:\/\/lifesupportdistribution.fr\/wp-content\/uploads\/2025\/12\/occiput-solid-foam.jpg","contentUrl":"https:\/\/lifesupportdistribution.fr\/wp-content\/uploads\/2025\/12\/occiput-solid-foam.jpg","width":600,"height":400},{"@type":"BreadcrumbList","@id":"https:\/\/lifesupportdistribution.fr\/de\/produkt\/occiput-solid-foam\/#breadcrumb","itemListElement":[{"@type":"ListItem","position":1,"name":"Accueil","item":"https:\/\/lifesupportdistribution.fr\/de\/startseite\/"},{"@type":"ListItem","position":2,"name":"Shop","item":"https:\/\/lifesupportdistribution.fr\/de\/shop\/"},{"@type":"ListItem","position":3,"name":"Occiput Solid Foam"}]},{"@type":"WebSite","@id":"https:\/\/lifesupportdistribution.fr\/de\/#website","url":"https:\/\/lifesupportdistribution.fr\/de\/","name":"Life Support Distribution","description":"Solutions en simulation m\u00e9dicale","publisher":{"@id":"https:\/\/lifesupportdistribution.fr\/de\/#organization"},"potentialAction":[{"@type":"SearchAction","target":{"@type":"EntryPoint","urlTemplate":"https:\/\/lifesupportdistribution.fr\/de\/?s={search_term_string}"},"query-input":{"@type":"PropertyValueSpecification","valueRequired":true,"valueName":"search_term_string"}}],"inLanguage":"de"},{"@type":"Organization","@id":"https:\/\/lifesupportdistribution.fr\/de\/#organization","name":"Life Support Distribution","url":"https:\/\/lifesupportdistribution.fr\/de\/","logo":{"@type":"ImageObject","inLanguage":"de","@id":"https:\/\/lifesupportdistribution.fr\/de\/#\/schema\/logo\/image\/","url":"https:\/\/lifesupportdistribution.fr\/wp-content\/uploads\/2025\/10\/logo-life-support-distribution.svg","contentUrl":"https:\/\/lifesupportdistribution.fr\/wp-content\/uploads\/2025\/10\/logo-life-support-distribution.svg","width":698,"height":223,"caption":"Life Support Distribution"},"image":{"@id":"https:\/\/lifesupportdistribution.fr\/de\/#\/schema\/logo\/image\/"},"sameAs":["https:\/\/www.linkedin.com\/company\/life-support-distribution\/"]}]}},"_links":{"self":[{"href":"https:\/\/lifesupportdistribution.fr\/de\/wp-json\/wp\/v2\/product\/5247","targetHints":{"allow":["GET"]}}],"collection":[{"href":"https:\/\/lifesupportdistribution.fr\/de\/wp-json\/wp\/v2\/product"}],"about":[{"href":"https:\/\/lifesupportdistribution.fr\/de\/wp-json\/wp\/v2\/types\/product"}],"wp:featuredmedia":[{"embeddable":true,"href":"https:\/\/lifesupportdistribution.fr\/de\/wp-json\/wp\/v2\/media\/3425"}],"wp:attachment":[{"href":"https:\/\/lifesupportdistribution.fr\/de\/wp-json\/wp\/v2\/media?parent=5247"}],"wp:term":[{"taxonomy":"product_brand","embeddable":true,"href":"https:\/\/lifesupportdistribution.fr\/de\/wp-json\/wp\/v2\/product_brand?post=5247"},{"taxonomy":"product_cat","embeddable":true,"href":"https:\/\/lifesupportdistribution.fr\/de\/wp-json\/wp\/v2\/product_cat?post=5247"},{"taxonomy":"product_tag","embeddable":true,"href":"https:\/\/lifesupportdistribution.fr\/de\/wp-json\/wp\/v2\/product_tag?post=5247"}],"curies":[{"name":"wp","href":"https:\/\/api.w.org\/{rel}","templated":true}]}}