{"id":5251,"date":"2025-12-05T16:19:30","date_gmt":"2025-12-05T15:19:30","guid":{"rendered":"https:\/\/lifesupportdistribution.fr\/produits\/pflegesimulator-fuer-suprapubische-katheter\/"},"modified":"2025-12-05T16:19:30","modified_gmt":"2025-12-05T15:19:30","slug":"pflegesimulator-fuer-suprapubische-katheter","status":"publish","type":"product","link":"https:\/\/lifesupportdistribution.fr\/de\/produkt\/pflegesimulator-fuer-suprapubische-katheter\/","title":{"rendered":"Pflegesimulator f\u00fcr suprapubische Katheter"},"content":{"rendered":"<p>Der Kyoto Kagaku Pflegesimulator f\u00fcr suprapubische Katheter wurde entwickelt, um ein realistisches und interaktives Lernerlebnis zu bieten.<br \/>\nLernende k\u00f6nnen den Wechsel, die Fixierung und die Wartung von suprapubischen Kathetern sowie die Platzierung von transurethralen Ballonkathetern \u00fcben.<br \/>\nDie klinisch realit\u00e4tsgetreuen internen Merkmale gew\u00e4hrleisten ein taktiles Gef\u00fchl und einen Widerstand, die mit denen in realen Situationen vergleichbar sind.<br \/>\nDank seines visuellen und taktilen Feedback-Systems erm\u00f6glicht er die Validierung der korrekten Ausf\u00fchrung des Handgriffs und f\u00f6rdert gleichzeitig das Verst\u00e4ndnis der Schl\u00fcsselphasen.<br \/>\nDieser Simulator ist eine unverzichtbare p\u00e4dagogische Unterst\u00fctzung f\u00fcr Ausbildungen in Krankenpflege, Urologie und Geriatrie, insbesondere f\u00fcr die Praxis des Einlaufs in Seitenlage.<\/p>\n","protected":false},"excerpt":{"rendered":"<p>Der Kyoto Kagaku Simulator MWS58\/MWS59 ist ein umfassendes Werkzeug, das f\u00fcr das Erlernen des Wechsels und der Wartung von suprapubischen Kathetern entwickelt wurde.<br \/>\nDank seines anatomischen Realismus und seiner hochwertigen Materialien reproduziert er die klinischen Bedingungen getreu f\u00fcr ein praktisches, pr\u00e4zises und risikofreies Training.<br \/>\nDieses Modell erm\u00f6glicht es medizinischem Fachpersonal und Studenten, die notwendigen F\u00e4higkeiten zur Beherrschung der Katheter- und Harndrainagepflege in einer sicheren und kontrollierten Umgebung zu entwickeln.<\/p>\n","protected":false},"featured_media":3051,"template":"","meta":[],"product_brand":[200],"product_cat":[222],"product_tag":[232,249,245,251,236,244],"class_list":{"0":"post-5251","1":"product","2":"type-product","3":"status-publish","4":"has-post-thumbnail","6":"product_brand-kyoto-kagaku","7":"product_cat-simulatoren-fur-medizinische-versorgung","8":"product_tag-geriatrische-medizin","9":"product_tag-innere-medizin","10":"product_tag-intensivpflege","11":"product_tag-krankenpflege","12":"product_tag-notfallmedizin","13":"product_tag-urologie","15":"first","16":"instock","17":"shipping-taxable","18":"purchasable","19":"product-type-simple"},"yoast_head":"<!-- This site is optimized with the Yoast SEO plugin v26.8 - https:\/\/yoast.com\/product\/yoast-seo-wordpress\/ -->\n<title>Simulator f\u00fcr suprapubische Katheter \u2013 Urologische Pflegeausbildung<\/title>\n<meta name=\"description\" content=\"Realistischer Simulator zum sicheren Erlernen des Wechsels, der Wartung und der Sp\u00fclung von suprapubischen Kathetern. Ideal f\u00fcr die Krankenpflegeausbildung.\" \/>\n<meta name=\"robots\" content=\"index, follow, max-snippet:-1, max-image-preview:large, max-video-preview:-1\" \/>\n<link rel=\"canonical\" href=\"https:\/\/lifesupportdistribution.fr\/de\/produkt\/pflegesimulator-fuer-suprapubische-katheter\/\" \/>\n<meta property=\"og:locale\" content=\"de_DE\" \/>\n<meta property=\"og:type\" content=\"article\" \/>\n<meta property=\"og:title\" content=\"Simulator f\u00fcr suprapubische Katheter \u2013 Urologische Pflegeausbildung\" \/>\n<meta property=\"og:description\" content=\"Realistischer Simulator zum sicheren Erlernen des Wechsels, der Wartung und der Sp\u00fclung von suprapubischen Kathetern. Ideal f\u00fcr die Krankenpflegeausbildung.\" \/>\n<meta property=\"og:url\" content=\"https:\/\/lifesupportdistribution.fr\/de\/produkt\/pflegesimulator-fuer-suprapubische-katheter\/\" \/>\n<meta property=\"og:site_name\" content=\"Life Support Distribution\" \/>\n<meta property=\"og:image\" content=\"https:\/\/lifesupportdistribution.fr\/wp-content\/uploads\/2025\/12\/Simulateur-pour-pose-de-catheter-sus-pubien.jpg\" \/>\n\t<meta property=\"og:image:width\" content=\"500\" \/>\n\t<meta property=\"og:image:height\" content=\"500\" \/>\n\t<meta property=\"og:image:type\" content=\"image\/jpeg\" \/>\n<meta name=\"twitter:card\" content=\"summary_large_image\" \/>\n<meta name=\"twitter:label1\" content=\"Gesch\u00e4tzte Lesezeit\" \/>\n\t<meta name=\"twitter:data1\" content=\"1\u00a0Minute\" \/>\n<script type=\"application\/ld+json\" class=\"yoast-schema-graph\">{\"@context\":\"https:\/\/schema.org\",\"@graph\":[{\"@type\":\"WebPage\",\"@id\":\"https:\/\/lifesupportdistribution.fr\/de\/produkt\/pflegesimulator-fuer-suprapubische-katheter\/\",\"url\":\"https:\/\/lifesupportdistribution.fr\/de\/produkt\/pflegesimulator-fuer-suprapubische-katheter\/\",\"name\":\"Simulator f\u00fcr suprapubische Katheter \u2013 Urologische Pflegeausbildung\",\"isPartOf\":{\"@id\":\"https:\/\/lifesupportdistribution.fr\/de\/#website\"},\"primaryImageOfPage\":{\"@id\":\"https:\/\/lifesupportdistribution.fr\/de\/produkt\/pflegesimulator-fuer-suprapubische-katheter\/#primaryimage\"},\"image\":{\"@id\":\"https:\/\/lifesupportdistribution.fr\/de\/produkt\/pflegesimulator-fuer-suprapubische-katheter\/#primaryimage\"},\"thumbnailUrl\":\"https:\/\/lifesupportdistribution.fr\/wp-content\/uploads\/2025\/12\/Simulateur-pour-pose-de-catheter-sus-pubien.jpg\",\"datePublished\":\"2025-12-05T15:19:30+00:00\",\"description\":\"Realistischer Simulator zum sicheren Erlernen des Wechsels, der Wartung und der Sp\u00fclung von suprapubischen Kathetern. Ideal f\u00fcr die Krankenpflegeausbildung.\",\"breadcrumb\":{\"@id\":\"https:\/\/lifesupportdistribution.fr\/de\/produkt\/pflegesimulator-fuer-suprapubische-katheter\/#breadcrumb\"},\"inLanguage\":\"de\",\"potentialAction\":[{\"@type\":\"ReadAction\",\"target\":[\"https:\/\/lifesupportdistribution.fr\/de\/produkt\/pflegesimulator-fuer-suprapubische-katheter\/\"]}]},{\"@type\":\"ImageObject\",\"inLanguage\":\"de\",\"@id\":\"https:\/\/lifesupportdistribution.fr\/de\/produkt\/pflegesimulator-fuer-suprapubische-katheter\/#primaryimage\",\"url\":\"https:\/\/lifesupportdistribution.fr\/wp-content\/uploads\/2025\/12\/Simulateur-pour-pose-de-catheter-sus-pubien.jpg\",\"contentUrl\":\"https:\/\/lifesupportdistribution.fr\/wp-content\/uploads\/2025\/12\/Simulateur-pour-pose-de-catheter-sus-pubien.jpg\",\"width\":500,\"height\":500},{\"@type\":\"BreadcrumbList\",\"@id\":\"https:\/\/lifesupportdistribution.fr\/de\/produkt\/pflegesimulator-fuer-suprapubische-katheter\/#breadcrumb\",\"itemListElement\":[{\"@type\":\"ListItem\",\"position\":1,\"name\":\"Accueil\",\"item\":\"https:\/\/lifesupportdistribution.fr\/de\/startseite\/\"},{\"@type\":\"ListItem\",\"position\":2,\"name\":\"Shop\",\"item\":\"https:\/\/lifesupportdistribution.fr\/de\/shop\/\"},{\"@type\":\"ListItem\",\"position\":3,\"name\":\"Pflegesimulator f\u00fcr suprapubische Katheter\"}]},{\"@type\":\"WebSite\",\"@id\":\"https:\/\/lifesupportdistribution.fr\/de\/#website\",\"url\":\"https:\/\/lifesupportdistribution.fr\/de\/\",\"name\":\"Life Support Distribution\",\"description\":\"Solutions en simulation m\u00e9dicale\",\"publisher\":{\"@id\":\"https:\/\/lifesupportdistribution.fr\/de\/#organization\"},\"potentialAction\":[{\"@type\":\"SearchAction\",\"target\":{\"@type\":\"EntryPoint\",\"urlTemplate\":\"https:\/\/lifesupportdistribution.fr\/de\/?s={search_term_string}\"},\"query-input\":{\"@type\":\"PropertyValueSpecification\",\"valueRequired\":true,\"valueName\":\"search_term_string\"}}],\"inLanguage\":\"de\"},{\"@type\":\"Organization\",\"@id\":\"https:\/\/lifesupportdistribution.fr\/de\/#organization\",\"name\":\"Life Support Distribution\",\"url\":\"https:\/\/lifesupportdistribution.fr\/de\/\",\"logo\":{\"@type\":\"ImageObject\",\"inLanguage\":\"de\",\"@id\":\"https:\/\/lifesupportdistribution.fr\/de\/#\/schema\/logo\/image\/\",\"url\":\"https:\/\/lifesupportdistribution.fr\/wp-content\/uploads\/2025\/10\/logo-life-support-distribution.svg\",\"contentUrl\":\"https:\/\/lifesupportdistribution.fr\/wp-content\/uploads\/2025\/10\/logo-life-support-distribution.svg\",\"width\":698,\"height\":223,\"caption\":\"Life Support Distribution\"},\"image\":{\"@id\":\"https:\/\/lifesupportdistribution.fr\/de\/#\/schema\/logo\/image\/\"},\"sameAs\":[\"https:\/\/www.linkedin.com\/company\/life-support-distribution\/\"]}]}<\/script>\n<!-- \/ Yoast SEO plugin. -->","yoast_head_json":{"title":"Simulator f\u00fcr suprapubische Katheter \u2013 Urologische Pflegeausbildung","description":"Realistischer Simulator zum sicheren Erlernen des Wechsels, der Wartung und der Sp\u00fclung von suprapubischen Kathetern. Ideal f\u00fcr die Krankenpflegeausbildung.","robots":{"index":"index","follow":"follow","max-snippet":"max-snippet:-1","max-image-preview":"max-image-preview:large","max-video-preview":"max-video-preview:-1"},"canonical":"https:\/\/lifesupportdistribution.fr\/de\/produkt\/pflegesimulator-fuer-suprapubische-katheter\/","og_locale":"de_DE","og_type":"article","og_title":"Simulator f\u00fcr suprapubische Katheter \u2013 Urologische Pflegeausbildung","og_description":"Realistischer Simulator zum sicheren Erlernen des Wechsels, der Wartung und der Sp\u00fclung von suprapubischen Kathetern. Ideal f\u00fcr die Krankenpflegeausbildung.","og_url":"https:\/\/lifesupportdistribution.fr\/de\/produkt\/pflegesimulator-fuer-suprapubische-katheter\/","og_site_name":"Life Support Distribution","og_image":[{"width":500,"height":500,"url":"https:\/\/lifesupportdistribution.fr\/wp-content\/uploads\/2025\/12\/Simulateur-pour-pose-de-catheter-sus-pubien.jpg","type":"image\/jpeg"}],"twitter_card":"summary_large_image","twitter_misc":{"Gesch\u00e4tzte Lesezeit":"1\u00a0Minute"},"schema":{"@context":"https:\/\/schema.org","@graph":[{"@type":"WebPage","@id":"https:\/\/lifesupportdistribution.fr\/de\/produkt\/pflegesimulator-fuer-suprapubische-katheter\/","url":"https:\/\/lifesupportdistribution.fr\/de\/produkt\/pflegesimulator-fuer-suprapubische-katheter\/","name":"Simulator f\u00fcr suprapubische Katheter \u2013 Urologische Pflegeausbildung","isPartOf":{"@id":"https:\/\/lifesupportdistribution.fr\/de\/#website"},"primaryImageOfPage":{"@id":"https:\/\/lifesupportdistribution.fr\/de\/produkt\/pflegesimulator-fuer-suprapubische-katheter\/#primaryimage"},"image":{"@id":"https:\/\/lifesupportdistribution.fr\/de\/produkt\/pflegesimulator-fuer-suprapubische-katheter\/#primaryimage"},"thumbnailUrl":"https:\/\/lifesupportdistribution.fr\/wp-content\/uploads\/2025\/12\/Simulateur-pour-pose-de-catheter-sus-pubien.jpg","datePublished":"2025-12-05T15:19:30+00:00","description":"Realistischer Simulator zum sicheren Erlernen des Wechsels, der Wartung und der Sp\u00fclung von suprapubischen Kathetern. Ideal f\u00fcr die Krankenpflegeausbildung.","breadcrumb":{"@id":"https:\/\/lifesupportdistribution.fr\/de\/produkt\/pflegesimulator-fuer-suprapubische-katheter\/#breadcrumb"},"inLanguage":"de","potentialAction":[{"@type":"ReadAction","target":["https:\/\/lifesupportdistribution.fr\/de\/produkt\/pflegesimulator-fuer-suprapubische-katheter\/"]}]},{"@type":"ImageObject","inLanguage":"de","@id":"https:\/\/lifesupportdistribution.fr\/de\/produkt\/pflegesimulator-fuer-suprapubische-katheter\/#primaryimage","url":"https:\/\/lifesupportdistribution.fr\/wp-content\/uploads\/2025\/12\/Simulateur-pour-pose-de-catheter-sus-pubien.jpg","contentUrl":"https:\/\/lifesupportdistribution.fr\/wp-content\/uploads\/2025\/12\/Simulateur-pour-pose-de-catheter-sus-pubien.jpg","width":500,"height":500},{"@type":"BreadcrumbList","@id":"https:\/\/lifesupportdistribution.fr\/de\/produkt\/pflegesimulator-fuer-suprapubische-katheter\/#breadcrumb","itemListElement":[{"@type":"ListItem","position":1,"name":"Accueil","item":"https:\/\/lifesupportdistribution.fr\/de\/startseite\/"},{"@type":"ListItem","position":2,"name":"Shop","item":"https:\/\/lifesupportdistribution.fr\/de\/shop\/"},{"@type":"ListItem","position":3,"name":"Pflegesimulator f\u00fcr suprapubische Katheter"}]},{"@type":"WebSite","@id":"https:\/\/lifesupportdistribution.fr\/de\/#website","url":"https:\/\/lifesupportdistribution.fr\/de\/","name":"Life Support Distribution","description":"Solutions en simulation m\u00e9dicale","publisher":{"@id":"https:\/\/lifesupportdistribution.fr\/de\/#organization"},"potentialAction":[{"@type":"SearchAction","target":{"@type":"EntryPoint","urlTemplate":"https:\/\/lifesupportdistribution.fr\/de\/?s={search_term_string}"},"query-input":{"@type":"PropertyValueSpecification","valueRequired":true,"valueName":"search_term_string"}}],"inLanguage":"de"},{"@type":"Organization","@id":"https:\/\/lifesupportdistribution.fr\/de\/#organization","name":"Life Support Distribution","url":"https:\/\/lifesupportdistribution.fr\/de\/","logo":{"@type":"ImageObject","inLanguage":"de","@id":"https:\/\/lifesupportdistribution.fr\/de\/#\/schema\/logo\/image\/","url":"https:\/\/lifesupportdistribution.fr\/wp-content\/uploads\/2025\/10\/logo-life-support-distribution.svg","contentUrl":"https:\/\/lifesupportdistribution.fr\/wp-content\/uploads\/2025\/10\/logo-life-support-distribution.svg","width":698,"height":223,"caption":"Life Support Distribution"},"image":{"@id":"https:\/\/lifesupportdistribution.fr\/de\/#\/schema\/logo\/image\/"},"sameAs":["https:\/\/www.linkedin.com\/company\/life-support-distribution\/"]}]}},"_links":{"self":[{"href":"https:\/\/lifesupportdistribution.fr\/de\/wp-json\/wp\/v2\/product\/5251","targetHints":{"allow":["GET"]}}],"collection":[{"href":"https:\/\/lifesupportdistribution.fr\/de\/wp-json\/wp\/v2\/product"}],"about":[{"href":"https:\/\/lifesupportdistribution.fr\/de\/wp-json\/wp\/v2\/types\/product"}],"wp:featuredmedia":[{"embeddable":true,"href":"https:\/\/lifesupportdistribution.fr\/de\/wp-json\/wp\/v2\/media\/3051"}],"wp:attachment":[{"href":"https:\/\/lifesupportdistribution.fr\/de\/wp-json\/wp\/v2\/media?parent=5251"}],"wp:term":[{"taxonomy":"product_brand","embeddable":true,"href":"https:\/\/lifesupportdistribution.fr\/de\/wp-json\/wp\/v2\/product_brand?post=5251"},{"taxonomy":"product_cat","embeddable":true,"href":"https:\/\/lifesupportdistribution.fr\/de\/wp-json\/wp\/v2\/product_cat?post=5251"},{"taxonomy":"product_tag","embeddable":true,"href":"https:\/\/lifesupportdistribution.fr\/de\/wp-json\/wp\/v2\/product_tag?post=5251"}],"curies":[{"name":"wp","href":"https:\/\/api.w.org\/{rel}","templated":true}]}}