{"id":5263,"date":"2025-11-11T14:54:29","date_gmt":"2025-11-11T13:54:29","guid":{"rendered":"https:\/\/lifesupportdistribution.fr\/produits\/realiti-simscope\/"},"modified":"2025-11-11T14:54:29","modified_gmt":"2025-11-11T13:54:29","slug":"realiti-simscope","status":"publish","type":"product","link":"https:\/\/lifesupportdistribution.fr\/de\/produkt\/realiti-simscope\/","title":{"rendered":"REALITi SimScope"},"content":{"rendered":"<p>Das REALITi SimScope wurde entwickelt, um eine realistische Auskultationserfahrung im Rahmen der medizinischen Ausbildung zu bieten. Durch die Verwendung pr\u00e4ziser anatomischer Orientierungspunkte k\u00f6nnen die mit verschiedenen Pathologien verbundenen Kl\u00e4nge originalgetreu reproduziert werden. So k\u00f6nnen Studierende Anomalien erkennen und unterscheiden lernen, was ihre diagnostische Kompetenz in einer kontrollierten und sicheren Umgebung st\u00e4rkt.  <\/p>\n<p>Seine einfache Bedienung und Kompatibilit\u00e4t mit einer breiten Palette von Puppen und standardisierten Patienten machen es zu einem idealen Werkzeug sowohl f\u00fcr Gesundheitsschulen als auch f\u00fcr Simulationszentren. Dank seiner Portabilit\u00e4t passt es sich sowohl an Sitzungen im Raum als auch an dezentrale Schulungen an. <\/p>\n","protected":false},"excerpt":{"rendered":"<p>Das REALITi SimScope ist ein elektronisches Stethoskop, das speziell f\u00fcr den Auskultationsunterricht entwickelt wurde. Dank seiner innovativen Technologie erm\u00f6glicht es Studierenden und Gesundheitsfachkr\u00e4ften, eine Vielzahl von Herz-, Lungen-, Darm- und Gef\u00e4\u00dfger\u00e4uschen direkt an einer Simulationspuppe oder einem mit RFID-Chips ausgestatteten standardisierten Patienten abzuh\u00f6ren. Tragbar, intuitiv und realistisch, etabliert es sich als unverzichtbares Lehrmittel f\u00fcr das Erlernen der klinischen Semiologie.  <\/p>\n","protected":false},"featured_media":1676,"template":"","meta":[],"product_brand":[],"product_cat":[222],"product_tag":[230],"class_list":{"0":"post-5263","1":"product","2":"type-product","3":"status-publish","4":"has-post-thumbnail","6":"product_cat-simulatoren-fur-medizinische-versorgung","7":"product_tag-allgemeinmedizin","9":"first","10":"instock","11":"shipping-taxable","12":"purchasable","13":"product-type-simple"},"yoast_head":"<!-- This site is optimized with the Yoast SEO plugin v27.5 - https:\/\/yoast.com\/product\/yoast-seo-wordpress\/ -->\n<title>SimScope iSimulate \u2013 Elektronisches Simulationsstethoskop<\/title>\n<meta name=\"description\" content=\"Das SimScope von iSimulate erm\u00f6glicht das Lehren der kardialen, pulmonalen und abdominalen Auskultation mittels realistischer und interaktiver klinischer Kl\u00e4nge.\" \/>\n<meta name=\"robots\" content=\"index, follow, max-snippet:-1, max-image-preview:large, max-video-preview:-1\" \/>\n<link rel=\"canonical\" href=\"https:\/\/lifesupportdistribution.fr\/de\/produkt\/realiti-simscope\/\" \/>\n<meta property=\"og:locale\" content=\"de_DE\" \/>\n<meta property=\"og:type\" content=\"article\" \/>\n<meta property=\"og:title\" content=\"SimScope iSimulate \u2013 Elektronisches Simulationsstethoskop\" \/>\n<meta property=\"og:description\" content=\"Das SimScope von iSimulate erm\u00f6glicht das Lehren der kardialen, pulmonalen und abdominalen Auskultation mittels realistischer und interaktiver klinischer Kl\u00e4nge.\" \/>\n<meta property=\"og:url\" content=\"https:\/\/lifesupportdistribution.fr\/de\/produkt\/realiti-simscope\/\" \/>\n<meta property=\"og:site_name\" content=\"Life Support Distribution\" \/>\n<meta property=\"og:image\" content=\"https:\/\/lifesupportdistribution.fr\/wp-content\/uploads\/2025\/11\/Photo-1-simscope-.png\" \/>\n\t<meta property=\"og:image:width\" content=\"610\" \/>\n\t<meta property=\"og:image:height\" content=\"582\" \/>\n\t<meta property=\"og:image:type\" content=\"image\/png\" \/>\n<meta name=\"twitter:card\" content=\"summary_large_image\" \/>\n<meta name=\"twitter:label1\" content=\"Gesch\u00e4tzte Lesezeit\" \/>\n\t<meta name=\"twitter:data1\" content=\"1\u00a0Minute\" \/>\n<script type=\"application\/ld+json\" class=\"yoast-schema-graph\">{\"@context\":\"https:\\\/\\\/schema.org\",\"@graph\":[{\"@type\":\"WebPage\",\"@id\":\"https:\\\/\\\/lifesupportdistribution.fr\\\/de\\\/produkt\\\/realiti-simscope\\\/\",\"url\":\"https:\\\/\\\/lifesupportdistribution.fr\\\/de\\\/produkt\\\/realiti-simscope\\\/\",\"name\":\"SimScope iSimulate \u2013 Elektronisches Simulationsstethoskop\",\"isPartOf\":{\"@id\":\"https:\\\/\\\/lifesupportdistribution.fr\\\/de\\\/#website\"},\"primaryImageOfPage\":{\"@id\":\"https:\\\/\\\/lifesupportdistribution.fr\\\/de\\\/produkt\\\/realiti-simscope\\\/#primaryimage\"},\"image\":{\"@id\":\"https:\\\/\\\/lifesupportdistribution.fr\\\/de\\\/produkt\\\/realiti-simscope\\\/#primaryimage\"},\"thumbnailUrl\":\"https:\\\/\\\/lifesupportdistribution.fr\\\/wp-content\\\/uploads\\\/2025\\\/11\\\/Photo-1-simscope-.png\",\"datePublished\":\"2025-11-11T13:54:29+00:00\",\"description\":\"Das SimScope von iSimulate erm\u00f6glicht das Lehren der kardialen, pulmonalen und abdominalen Auskultation mittels realistischer und interaktiver klinischer Kl\u00e4nge.\",\"breadcrumb\":{\"@id\":\"https:\\\/\\\/lifesupportdistribution.fr\\\/de\\\/produkt\\\/realiti-simscope\\\/#breadcrumb\"},\"inLanguage\":\"de\",\"potentialAction\":[{\"@type\":\"ReadAction\",\"target\":[\"https:\\\/\\\/lifesupportdistribution.fr\\\/de\\\/produkt\\\/realiti-simscope\\\/\"]}]},{\"@type\":\"ImageObject\",\"inLanguage\":\"de\",\"@id\":\"https:\\\/\\\/lifesupportdistribution.fr\\\/de\\\/produkt\\\/realiti-simscope\\\/#primaryimage\",\"url\":\"https:\\\/\\\/lifesupportdistribution.fr\\\/wp-content\\\/uploads\\\/2025\\\/11\\\/Photo-1-simscope-.png\",\"contentUrl\":\"https:\\\/\\\/lifesupportdistribution.fr\\\/wp-content\\\/uploads\\\/2025\\\/11\\\/Photo-1-simscope-.png\",\"width\":610,\"height\":582},{\"@type\":\"BreadcrumbList\",\"@id\":\"https:\\\/\\\/lifesupportdistribution.fr\\\/de\\\/produkt\\\/realiti-simscope\\\/#breadcrumb\",\"itemListElement\":[{\"@type\":\"ListItem\",\"position\":1,\"name\":\"Accueil\",\"item\":\"https:\\\/\\\/lifesupportdistribution.fr\\\/de\\\/startseite\\\/\"},{\"@type\":\"ListItem\",\"position\":2,\"name\":\"Shop\",\"item\":\"https:\\\/\\\/lifesupportdistribution.fr\\\/de\\\/shop\\\/\"},{\"@type\":\"ListItem\",\"position\":3,\"name\":\"REALITi SimScope\"}]},{\"@type\":\"WebSite\",\"@id\":\"https:\\\/\\\/lifesupportdistribution.fr\\\/de\\\/#website\",\"url\":\"https:\\\/\\\/lifesupportdistribution.fr\\\/de\\\/\",\"name\":\"Life Support Distribution\",\"description\":\"Solutions en simulation m\u00e9dicale\",\"publisher\":{\"@id\":\"https:\\\/\\\/lifesupportdistribution.fr\\\/de\\\/#organization\"},\"potentialAction\":[{\"@type\":\"SearchAction\",\"target\":{\"@type\":\"EntryPoint\",\"urlTemplate\":\"https:\\\/\\\/lifesupportdistribution.fr\\\/de\\\/?s={search_term_string}\"},\"query-input\":{\"@type\":\"PropertyValueSpecification\",\"valueRequired\":true,\"valueName\":\"search_term_string\"}}],\"inLanguage\":\"de\"},{\"@type\":\"Organization\",\"@id\":\"https:\\\/\\\/lifesupportdistribution.fr\\\/de\\\/#organization\",\"name\":\"Life Support Distribution\",\"url\":\"https:\\\/\\\/lifesupportdistribution.fr\\\/de\\\/\",\"logo\":{\"@type\":\"ImageObject\",\"inLanguage\":\"de\",\"@id\":\"https:\\\/\\\/lifesupportdistribution.fr\\\/de\\\/#\\\/schema\\\/logo\\\/image\\\/\",\"url\":\"https:\\\/\\\/lifesupportdistribution.fr\\\/wp-content\\\/uploads\\\/2025\\\/10\\\/logo-life-support-distribution.svg\",\"contentUrl\":\"https:\\\/\\\/lifesupportdistribution.fr\\\/wp-content\\\/uploads\\\/2025\\\/10\\\/logo-life-support-distribution.svg\",\"width\":698,\"height\":223,\"caption\":\"Life Support Distribution\"},\"image\":{\"@id\":\"https:\\\/\\\/lifesupportdistribution.fr\\\/de\\\/#\\\/schema\\\/logo\\\/image\\\/\"},\"sameAs\":[\"https:\\\/\\\/www.linkedin.com\\\/company\\\/life-support-distribution\\\/\"]}]}<\/script>\n<!-- \/ Yoast SEO plugin. -->","yoast_head_json":{"title":"SimScope iSimulate \u2013 Elektronisches Simulationsstethoskop","description":"Das SimScope von iSimulate erm\u00f6glicht das Lehren der kardialen, pulmonalen und abdominalen Auskultation mittels realistischer und interaktiver klinischer Kl\u00e4nge.","robots":{"index":"index","follow":"follow","max-snippet":"max-snippet:-1","max-image-preview":"max-image-preview:large","max-video-preview":"max-video-preview:-1"},"canonical":"https:\/\/lifesupportdistribution.fr\/de\/produkt\/realiti-simscope\/","og_locale":"de_DE","og_type":"article","og_title":"SimScope iSimulate \u2013 Elektronisches Simulationsstethoskop","og_description":"Das SimScope von iSimulate erm\u00f6glicht das Lehren der kardialen, pulmonalen und abdominalen Auskultation mittels realistischer und interaktiver klinischer Kl\u00e4nge.","og_url":"https:\/\/lifesupportdistribution.fr\/de\/produkt\/realiti-simscope\/","og_site_name":"Life Support Distribution","og_image":[{"width":610,"height":582,"url":"https:\/\/lifesupportdistribution.fr\/wp-content\/uploads\/2025\/11\/Photo-1-simscope-.png","type":"image\/png"}],"twitter_card":"summary_large_image","twitter_misc":{"Gesch\u00e4tzte Lesezeit":"1\u00a0Minute"},"schema":{"@context":"https:\/\/schema.org","@graph":[{"@type":"WebPage","@id":"https:\/\/lifesupportdistribution.fr\/de\/produkt\/realiti-simscope\/","url":"https:\/\/lifesupportdistribution.fr\/de\/produkt\/realiti-simscope\/","name":"SimScope iSimulate \u2013 Elektronisches Simulationsstethoskop","isPartOf":{"@id":"https:\/\/lifesupportdistribution.fr\/de\/#website"},"primaryImageOfPage":{"@id":"https:\/\/lifesupportdistribution.fr\/de\/produkt\/realiti-simscope\/#primaryimage"},"image":{"@id":"https:\/\/lifesupportdistribution.fr\/de\/produkt\/realiti-simscope\/#primaryimage"},"thumbnailUrl":"https:\/\/lifesupportdistribution.fr\/wp-content\/uploads\/2025\/11\/Photo-1-simscope-.png","datePublished":"2025-11-11T13:54:29+00:00","description":"Das SimScope von iSimulate erm\u00f6glicht das Lehren der kardialen, pulmonalen und abdominalen Auskultation mittels realistischer und interaktiver klinischer Kl\u00e4nge.","breadcrumb":{"@id":"https:\/\/lifesupportdistribution.fr\/de\/produkt\/realiti-simscope\/#breadcrumb"},"inLanguage":"de","potentialAction":[{"@type":"ReadAction","target":["https:\/\/lifesupportdistribution.fr\/de\/produkt\/realiti-simscope\/"]}]},{"@type":"ImageObject","inLanguage":"de","@id":"https:\/\/lifesupportdistribution.fr\/de\/produkt\/realiti-simscope\/#primaryimage","url":"https:\/\/lifesupportdistribution.fr\/wp-content\/uploads\/2025\/11\/Photo-1-simscope-.png","contentUrl":"https:\/\/lifesupportdistribution.fr\/wp-content\/uploads\/2025\/11\/Photo-1-simscope-.png","width":610,"height":582},{"@type":"BreadcrumbList","@id":"https:\/\/lifesupportdistribution.fr\/de\/produkt\/realiti-simscope\/#breadcrumb","itemListElement":[{"@type":"ListItem","position":1,"name":"Accueil","item":"https:\/\/lifesupportdistribution.fr\/de\/startseite\/"},{"@type":"ListItem","position":2,"name":"Shop","item":"https:\/\/lifesupportdistribution.fr\/de\/shop\/"},{"@type":"ListItem","position":3,"name":"REALITi SimScope"}]},{"@type":"WebSite","@id":"https:\/\/lifesupportdistribution.fr\/de\/#website","url":"https:\/\/lifesupportdistribution.fr\/de\/","name":"Life Support Distribution","description":"Solutions en simulation m\u00e9dicale","publisher":{"@id":"https:\/\/lifesupportdistribution.fr\/de\/#organization"},"potentialAction":[{"@type":"SearchAction","target":{"@type":"EntryPoint","urlTemplate":"https:\/\/lifesupportdistribution.fr\/de\/?s={search_term_string}"},"query-input":{"@type":"PropertyValueSpecification","valueRequired":true,"valueName":"search_term_string"}}],"inLanguage":"de"},{"@type":"Organization","@id":"https:\/\/lifesupportdistribution.fr\/de\/#organization","name":"Life Support Distribution","url":"https:\/\/lifesupportdistribution.fr\/de\/","logo":{"@type":"ImageObject","inLanguage":"de","@id":"https:\/\/lifesupportdistribution.fr\/de\/#\/schema\/logo\/image\/","url":"https:\/\/lifesupportdistribution.fr\/wp-content\/uploads\/2025\/10\/logo-life-support-distribution.svg","contentUrl":"https:\/\/lifesupportdistribution.fr\/wp-content\/uploads\/2025\/10\/logo-life-support-distribution.svg","width":698,"height":223,"caption":"Life Support Distribution"},"image":{"@id":"https:\/\/lifesupportdistribution.fr\/de\/#\/schema\/logo\/image\/"},"sameAs":["https:\/\/www.linkedin.com\/company\/life-support-distribution\/"]}]}},"_links":{"self":[{"href":"https:\/\/lifesupportdistribution.fr\/de\/wp-json\/wp\/v2\/product\/5263","targetHints":{"allow":["GET"]}}],"collection":[{"href":"https:\/\/lifesupportdistribution.fr\/de\/wp-json\/wp\/v2\/product"}],"about":[{"href":"https:\/\/lifesupportdistribution.fr\/de\/wp-json\/wp\/v2\/types\/product"}],"wp:featuredmedia":[{"embeddable":true,"href":"https:\/\/lifesupportdistribution.fr\/de\/wp-json\/wp\/v2\/media\/1676"}],"wp:attachment":[{"href":"https:\/\/lifesupportdistribution.fr\/de\/wp-json\/wp\/v2\/media?parent=5263"}],"wp:term":[{"taxonomy":"product_brand","embeddable":true,"href":"https:\/\/lifesupportdistribution.fr\/de\/wp-json\/wp\/v2\/product_brand?post=5263"},{"taxonomy":"product_cat","embeddable":true,"href":"https:\/\/lifesupportdistribution.fr\/de\/wp-json\/wp\/v2\/product_cat?post=5263"},{"taxonomy":"product_tag","embeddable":true,"href":"https:\/\/lifesupportdistribution.fr\/de\/wp-json\/wp\/v2\/product_tag?post=5263"}],"curies":[{"name":"wp","href":"https:\/\/api.w.org\/{rel}","templated":true}]}}