{"id":5290,"date":"2025-12-15T13:08:29","date_gmt":"2025-12-15T12:08:29","guid":{"rendered":"https:\/\/lifesupportdistribution.fr\/produits\/silikon-handgelenkmanschette-creaplast\/"},"modified":"2025-12-15T13:08:29","modified_gmt":"2025-12-15T12:08:29","slug":"silikon-handgelenkmanschette-creaplast","status":"publish","type":"product","link":"https:\/\/lifesupportdistribution.fr\/de\/produkt\/silikon-handgelenkmanschette-creaplast\/","title":{"rendered":"Silikon-Handgelenkmanschette \u2013 Creaplast"},"content":{"rendered":"<p>Die Creaplast Silikon-Handgelenkmanschette bildet die Textur und Widerstandsf\u00e4higkeit der menschlichen Haut am Handgelenk, einem aufgrund seiner D\u00fcnnheit und mechanischen Belastungen besonders empfindlichen Bereich, naturgetreu nach.<br \/>\nIhre Arbeitsfl\u00e4che ist ideal zum \u00dcben pr\u00e4ziser Inzisionen, einfacher oder intrakutaner N\u00e4hte und fortgeschrittener Hautverschluss-Techniken.<br \/>\nStabil, wiederverwendbar und pflegeleicht, ist sie ein unverzichtbares Trainingsinstrument f\u00fcr Krankenpflegeschulen, medizinische Ausbildungen, technische Workshops oder Materialdemonstrationen.<br \/>\nIhr Realismus macht sie zu einer hervorragenden Unterst\u00fctzung, um die f\u00fcr kleine chirurgische Eingriffe erforderliche Pr\u00e4zision und Handfertigkeit zu entwickeln.<\/p>\n","protected":false},"excerpt":{"rendered":"<p>Die Silikon-Handgelenkmanschette ist ein p\u00e4dagogisches \u00dcbungsmodell, das f\u00fcr das \u00dcben von N\u00e4hten, Inzisionen und technischen Handgriffen in feinen und engen Bereichen konzipiert wurde. Realistisch, robust und einfach zu bedienen, erm\u00f6glicht sie Lernenden, sicher zu \u00fcben, bevor sie mit realen klinischen Situationen konfrontiert werden. <\/p>\n","protected":false},"featured_media":3736,"template":"","meta":[],"product_brand":[191],"product_cat":[217,220],"product_tag":[251],"class_list":{"0":"post-5290","1":"product","2":"type-product","3":"status-publish","4":"has-post-thumbnail","6":"product_brand-creaplast","7":"product_cat-schminken-und-spezialeffekte","8":"product_cat-simulierte-patienten","9":"product_tag-krankenpflege","11":"first","12":"instock","13":"shipping-taxable","14":"purchasable","15":"product-type-simple"},"yoast_head":"<!-- This site is optimized with the Yoast SEO plugin v26.8 - https:\/\/yoast.com\/product\/yoast-seo-wordpress\/ -->\n<title>Silikon-Handgelenkmanschette \u2013 Nahtzubeh\u00f6r<\/title>\n<meta name=\"description\" content=\"Silikonmanschette f\u00fcr das Handgelenk, ideal zum \u00dcben von N\u00e4hten und Nahttechniken in der medizinischen Simulation.\" \/>\n<meta name=\"robots\" content=\"index, follow, max-snippet:-1, max-image-preview:large, max-video-preview:-1\" \/>\n<link rel=\"canonical\" href=\"https:\/\/lifesupportdistribution.fr\/de\/produkt\/silikon-handgelenkmanschette-creaplast\/\" \/>\n<meta property=\"og:locale\" content=\"de_DE\" \/>\n<meta property=\"og:type\" content=\"article\" \/>\n<meta property=\"og:title\" content=\"Silikon-Handgelenkmanschette \u2013 Nahtzubeh\u00f6r\" \/>\n<meta property=\"og:description\" content=\"Silikonmanschette f\u00fcr das Handgelenk, ideal zum \u00dcben von N\u00e4hten und Nahttechniken in der medizinischen Simulation.\" \/>\n<meta property=\"og:url\" content=\"https:\/\/lifesupportdistribution.fr\/de\/produkt\/silikon-handgelenkmanschette-creaplast\/\" \/>\n<meta property=\"og:site_name\" content=\"Life Support Distribution\" \/>\n<meta property=\"og:image\" content=\"https:\/\/lifesupportdistribution.fr\/wp-content\/uploads\/2025\/12\/manchon-silicone-poignet.jpg\" \/>\n\t<meta property=\"og:image:width\" content=\"900\" \/>\n\t<meta property=\"og:image:height\" content=\"600\" \/>\n\t<meta property=\"og:image:type\" content=\"image\/jpeg\" \/>\n<meta name=\"twitter:card\" content=\"summary_large_image\" \/>\n<script type=\"application\/ld+json\" class=\"yoast-schema-graph\">{\"@context\":\"https:\/\/schema.org\",\"@graph\":[{\"@type\":\"WebPage\",\"@id\":\"https:\/\/lifesupportdistribution.fr\/de\/produkt\/silikon-handgelenkmanschette-creaplast\/\",\"url\":\"https:\/\/lifesupportdistribution.fr\/de\/produkt\/silikon-handgelenkmanschette-creaplast\/\",\"name\":\"Silikon-Handgelenkmanschette \u2013 Nahtzubeh\u00f6r\",\"isPartOf\":{\"@id\":\"https:\/\/lifesupportdistribution.fr\/de\/#website\"},\"primaryImageOfPage\":{\"@id\":\"https:\/\/lifesupportdistribution.fr\/de\/produkt\/silikon-handgelenkmanschette-creaplast\/#primaryimage\"},\"image\":{\"@id\":\"https:\/\/lifesupportdistribution.fr\/de\/produkt\/silikon-handgelenkmanschette-creaplast\/#primaryimage\"},\"thumbnailUrl\":\"https:\/\/lifesupportdistribution.fr\/wp-content\/uploads\/2025\/12\/manchon-silicone-poignet.jpg\",\"datePublished\":\"2025-12-15T12:08:29+00:00\",\"description\":\"Silikonmanschette f\u00fcr das Handgelenk, ideal zum \u00dcben von N\u00e4hten und Nahttechniken in der medizinischen Simulation.\",\"breadcrumb\":{\"@id\":\"https:\/\/lifesupportdistribution.fr\/de\/produkt\/silikon-handgelenkmanschette-creaplast\/#breadcrumb\"},\"inLanguage\":\"de\",\"potentialAction\":[{\"@type\":\"ReadAction\",\"target\":[\"https:\/\/lifesupportdistribution.fr\/de\/produkt\/silikon-handgelenkmanschette-creaplast\/\"]}]},{\"@type\":\"ImageObject\",\"inLanguage\":\"de\",\"@id\":\"https:\/\/lifesupportdistribution.fr\/de\/produkt\/silikon-handgelenkmanschette-creaplast\/#primaryimage\",\"url\":\"https:\/\/lifesupportdistribution.fr\/wp-content\/uploads\/2025\/12\/manchon-silicone-poignet.jpg\",\"contentUrl\":\"https:\/\/lifesupportdistribution.fr\/wp-content\/uploads\/2025\/12\/manchon-silicone-poignet.jpg\",\"width\":900,\"height\":600},{\"@type\":\"BreadcrumbList\",\"@id\":\"https:\/\/lifesupportdistribution.fr\/de\/produkt\/silikon-handgelenkmanschette-creaplast\/#breadcrumb\",\"itemListElement\":[{\"@type\":\"ListItem\",\"position\":1,\"name\":\"Accueil\",\"item\":\"https:\/\/lifesupportdistribution.fr\/de\/startseite\/\"},{\"@type\":\"ListItem\",\"position\":2,\"name\":\"Shop\",\"item\":\"https:\/\/lifesupportdistribution.fr\/de\/shop\/\"},{\"@type\":\"ListItem\",\"position\":3,\"name\":\"Silikon-Handgelenkmanschette \u2013 Creaplast\"}]},{\"@type\":\"WebSite\",\"@id\":\"https:\/\/lifesupportdistribution.fr\/de\/#website\",\"url\":\"https:\/\/lifesupportdistribution.fr\/de\/\",\"name\":\"Life Support Distribution\",\"description\":\"Solutions en simulation m\u00e9dicale\",\"publisher\":{\"@id\":\"https:\/\/lifesupportdistribution.fr\/de\/#organization\"},\"potentialAction\":[{\"@type\":\"SearchAction\",\"target\":{\"@type\":\"EntryPoint\",\"urlTemplate\":\"https:\/\/lifesupportdistribution.fr\/de\/?s={search_term_string}\"},\"query-input\":{\"@type\":\"PropertyValueSpecification\",\"valueRequired\":true,\"valueName\":\"search_term_string\"}}],\"inLanguage\":\"de\"},{\"@type\":\"Organization\",\"@id\":\"https:\/\/lifesupportdistribution.fr\/de\/#organization\",\"name\":\"Life Support Distribution\",\"url\":\"https:\/\/lifesupportdistribution.fr\/de\/\",\"logo\":{\"@type\":\"ImageObject\",\"inLanguage\":\"de\",\"@id\":\"https:\/\/lifesupportdistribution.fr\/de\/#\/schema\/logo\/image\/\",\"url\":\"https:\/\/lifesupportdistribution.fr\/wp-content\/uploads\/2025\/10\/logo-life-support-distribution.svg\",\"contentUrl\":\"https:\/\/lifesupportdistribution.fr\/wp-content\/uploads\/2025\/10\/logo-life-support-distribution.svg\",\"width\":698,\"height\":223,\"caption\":\"Life Support Distribution\"},\"image\":{\"@id\":\"https:\/\/lifesupportdistribution.fr\/de\/#\/schema\/logo\/image\/\"},\"sameAs\":[\"https:\/\/www.linkedin.com\/company\/life-support-distribution\/\"]}]}<\/script>\n<!-- \/ Yoast SEO plugin. -->","yoast_head_json":{"title":"Silikon-Handgelenkmanschette \u2013 Nahtzubeh\u00f6r","description":"Silikonmanschette f\u00fcr das Handgelenk, ideal zum \u00dcben von N\u00e4hten und Nahttechniken in der medizinischen Simulation.","robots":{"index":"index","follow":"follow","max-snippet":"max-snippet:-1","max-image-preview":"max-image-preview:large","max-video-preview":"max-video-preview:-1"},"canonical":"https:\/\/lifesupportdistribution.fr\/de\/produkt\/silikon-handgelenkmanschette-creaplast\/","og_locale":"de_DE","og_type":"article","og_title":"Silikon-Handgelenkmanschette \u2013 Nahtzubeh\u00f6r","og_description":"Silikonmanschette f\u00fcr das Handgelenk, ideal zum \u00dcben von N\u00e4hten und Nahttechniken in der medizinischen Simulation.","og_url":"https:\/\/lifesupportdistribution.fr\/de\/produkt\/silikon-handgelenkmanschette-creaplast\/","og_site_name":"Life Support Distribution","og_image":[{"width":900,"height":600,"url":"https:\/\/lifesupportdistribution.fr\/wp-content\/uploads\/2025\/12\/manchon-silicone-poignet.jpg","type":"image\/jpeg"}],"twitter_card":"summary_large_image","schema":{"@context":"https:\/\/schema.org","@graph":[{"@type":"WebPage","@id":"https:\/\/lifesupportdistribution.fr\/de\/produkt\/silikon-handgelenkmanschette-creaplast\/","url":"https:\/\/lifesupportdistribution.fr\/de\/produkt\/silikon-handgelenkmanschette-creaplast\/","name":"Silikon-Handgelenkmanschette \u2013 Nahtzubeh\u00f6r","isPartOf":{"@id":"https:\/\/lifesupportdistribution.fr\/de\/#website"},"primaryImageOfPage":{"@id":"https:\/\/lifesupportdistribution.fr\/de\/produkt\/silikon-handgelenkmanschette-creaplast\/#primaryimage"},"image":{"@id":"https:\/\/lifesupportdistribution.fr\/de\/produkt\/silikon-handgelenkmanschette-creaplast\/#primaryimage"},"thumbnailUrl":"https:\/\/lifesupportdistribution.fr\/wp-content\/uploads\/2025\/12\/manchon-silicone-poignet.jpg","datePublished":"2025-12-15T12:08:29+00:00","description":"Silikonmanschette f\u00fcr das Handgelenk, ideal zum \u00dcben von N\u00e4hten und Nahttechniken in der medizinischen Simulation.","breadcrumb":{"@id":"https:\/\/lifesupportdistribution.fr\/de\/produkt\/silikon-handgelenkmanschette-creaplast\/#breadcrumb"},"inLanguage":"de","potentialAction":[{"@type":"ReadAction","target":["https:\/\/lifesupportdistribution.fr\/de\/produkt\/silikon-handgelenkmanschette-creaplast\/"]}]},{"@type":"ImageObject","inLanguage":"de","@id":"https:\/\/lifesupportdistribution.fr\/de\/produkt\/silikon-handgelenkmanschette-creaplast\/#primaryimage","url":"https:\/\/lifesupportdistribution.fr\/wp-content\/uploads\/2025\/12\/manchon-silicone-poignet.jpg","contentUrl":"https:\/\/lifesupportdistribution.fr\/wp-content\/uploads\/2025\/12\/manchon-silicone-poignet.jpg","width":900,"height":600},{"@type":"BreadcrumbList","@id":"https:\/\/lifesupportdistribution.fr\/de\/produkt\/silikon-handgelenkmanschette-creaplast\/#breadcrumb","itemListElement":[{"@type":"ListItem","position":1,"name":"Accueil","item":"https:\/\/lifesupportdistribution.fr\/de\/startseite\/"},{"@type":"ListItem","position":2,"name":"Shop","item":"https:\/\/lifesupportdistribution.fr\/de\/shop\/"},{"@type":"ListItem","position":3,"name":"Silikon-Handgelenkmanschette \u2013 Creaplast"}]},{"@type":"WebSite","@id":"https:\/\/lifesupportdistribution.fr\/de\/#website","url":"https:\/\/lifesupportdistribution.fr\/de\/","name":"Life Support Distribution","description":"Solutions en simulation m\u00e9dicale","publisher":{"@id":"https:\/\/lifesupportdistribution.fr\/de\/#organization"},"potentialAction":[{"@type":"SearchAction","target":{"@type":"EntryPoint","urlTemplate":"https:\/\/lifesupportdistribution.fr\/de\/?s={search_term_string}"},"query-input":{"@type":"PropertyValueSpecification","valueRequired":true,"valueName":"search_term_string"}}],"inLanguage":"de"},{"@type":"Organization","@id":"https:\/\/lifesupportdistribution.fr\/de\/#organization","name":"Life Support Distribution","url":"https:\/\/lifesupportdistribution.fr\/de\/","logo":{"@type":"ImageObject","inLanguage":"de","@id":"https:\/\/lifesupportdistribution.fr\/de\/#\/schema\/logo\/image\/","url":"https:\/\/lifesupportdistribution.fr\/wp-content\/uploads\/2025\/10\/logo-life-support-distribution.svg","contentUrl":"https:\/\/lifesupportdistribution.fr\/wp-content\/uploads\/2025\/10\/logo-life-support-distribution.svg","width":698,"height":223,"caption":"Life Support Distribution"},"image":{"@id":"https:\/\/lifesupportdistribution.fr\/de\/#\/schema\/logo\/image\/"},"sameAs":["https:\/\/www.linkedin.com\/company\/life-support-distribution\/"]}]}},"_links":{"self":[{"href":"https:\/\/lifesupportdistribution.fr\/de\/wp-json\/wp\/v2\/product\/5290","targetHints":{"allow":["GET"]}}],"collection":[{"href":"https:\/\/lifesupportdistribution.fr\/de\/wp-json\/wp\/v2\/product"}],"about":[{"href":"https:\/\/lifesupportdistribution.fr\/de\/wp-json\/wp\/v2\/types\/product"}],"wp:featuredmedia":[{"embeddable":true,"href":"https:\/\/lifesupportdistribution.fr\/de\/wp-json\/wp\/v2\/media\/3736"}],"wp:attachment":[{"href":"https:\/\/lifesupportdistribution.fr\/de\/wp-json\/wp\/v2\/media?parent=5290"}],"wp:term":[{"taxonomy":"product_brand","embeddable":true,"href":"https:\/\/lifesupportdistribution.fr\/de\/wp-json\/wp\/v2\/product_brand?post=5290"},{"taxonomy":"product_cat","embeddable":true,"href":"https:\/\/lifesupportdistribution.fr\/de\/wp-json\/wp\/v2\/product_cat?post=5290"},{"taxonomy":"product_tag","embeddable":true,"href":"https:\/\/lifesupportdistribution.fr\/de\/wp-json\/wp\/v2\/product_tag?post=5290"}],"curies":[{"name":"wp","href":"https:\/\/api.w.org\/{rel}","templated":true}]}}