{"id":5292,"date":"2025-12-15T12:41:03","date_gmt":"2025-12-15T11:41:03","guid":{"rendered":"https:\/\/lifesupportdistribution.fr\/produits\/clearbone-occiput-sacrum-und-becken-creaplast\/"},"modified":"2025-12-15T12:41:03","modified_gmt":"2025-12-15T11:41:03","slug":"clearbone-occiput-sacrum-und-becken-creaplast","status":"publish","type":"product","link":"https:\/\/lifesupportdistribution.fr\/de\/produkt\/clearbone-occiput-sacrum-und-becken-creaplast\/","title":{"rendered":"ClearBone Occiput\u2013Sacrum und Becken \u2013 Creaplast"},"content":{"rendered":"<p>Dieses ClearBone-Modell kombiniert die gesamte Wirbels\u00e4ule, von C0 bis S5, mit dem kompletten Becken und erm\u00f6glicht eine detaillierte Analyse der biomechanischen Ketten, Belastungszonen, Sakroiliakalgelenke und der in der Wirbels\u00e4ulen- und Beckenchirurgie verwendeten Referenzpunkte.<br \/>\nDank seiner Transparenz werden interne Volumina, Pedikel, m\u00f6gliche Frakturen, Verankerungszonen, der Wirbelkanal, Sakralforamina, Acetabula, die Schambeinfuge und iliakale Referenzpunkte sichtbar.<br \/>\nEs ist ideal f\u00fcr den fortgeschrittenen Unterricht in Orthop\u00e4die, Neurochirurgie, Traumatologie, Ergonomie, Osteopathie und f\u00fcr industrielle Demonstrationen von mehrsegmentalen Stabilisierungssystemen (okzipito-zervikal, thorako-lumbal, sakroiliakal).<br \/>\nHergestellt in Frankreich von Creaplast, garantiert dieses Modell Robustheit, anatomische Pr\u00e4zision und optimale p\u00e4dagogische Lesbarkeit.<\/p>\n","protected":false},"excerpt":{"rendered":"<p>Das ClearBone Occiput\u2013Sacrum und Becken ist ein transparentes anatomisches Modell, das eine durchgehende Darstellung der gesamten Wirbels\u00e4ule \u2013 vom Hinterhauptbein bis zum Kreuzbein \u2013 integriert in ein komplettes Becken bietet. Es stellt eine einzigartige Unterst\u00fctzung f\u00fcr die globale Untersuchung der kranio-spinalen und lumbopelvinen Biomechanik dar. <\/p>\n","protected":false},"featured_media":3695,"template":"","meta":[],"product_brand":[191],"product_cat":[221],"product_tag":[241],"class_list":{"0":"post-5292","1":"product","2":"type-product","3":"status-publish","4":"has-post-thumbnail","6":"product_brand-creaplast","7":"product_cat-anatomische-tafeln-und-modelle","8":"product_tag-anatomietraining","10":"first","11":"instock","12":"shipping-taxable","13":"purchasable","14":"product-type-simple"},"yoast_head":"<!-- This site is optimized with the Yoast SEO plugin v26.8 - https:\/\/yoast.com\/product\/yoast-seo-wordpress\/ -->\n<title>ClearBone Occiput\u2013Sacrum und Becken \u2013 Creaplast<\/title>\n<meta name=\"description\" content=\"Transparentes Sch\u00e4del-Kreuzbein-Modell mit Becken zur Analyse der Wirbels\u00e4ule und des Beckens.\" \/>\n<meta name=\"robots\" content=\"index, follow, max-snippet:-1, max-image-preview:large, max-video-preview:-1\" \/>\n<link rel=\"canonical\" href=\"https:\/\/lifesupportdistribution.fr\/de\/produkt\/clearbone-occiput-sacrum-und-becken-creaplast\/\" \/>\n<meta property=\"og:locale\" content=\"de_DE\" \/>\n<meta property=\"og:type\" content=\"article\" \/>\n<meta property=\"og:title\" content=\"ClearBone Occiput\u2013Sacrum und Becken \u2013 Creaplast\" \/>\n<meta property=\"og:description\" content=\"Transparentes Sch\u00e4del-Kreuzbein-Modell mit Becken zur Analyse der Wirbels\u00e4ule und des Beckens.\" \/>\n<meta property=\"og:url\" content=\"https:\/\/lifesupportdistribution.fr\/de\/produkt\/clearbone-occiput-sacrum-und-becken-creaplast\/\" \/>\n<meta property=\"og:site_name\" content=\"Life Support Distribution\" \/>\n<meta property=\"og:image\" content=\"https:\/\/lifesupportdistribution.fr\/wp-content\/uploads\/2025\/12\/clearbone-l3sacrum.jpg\" \/>\n\t<meta property=\"og:image:width\" content=\"600\" \/>\n\t<meta property=\"og:image:height\" content=\"400\" \/>\n\t<meta property=\"og:image:type\" content=\"image\/jpeg\" \/>\n<meta name=\"twitter:card\" content=\"summary_large_image\" \/>\n<meta name=\"twitter:label1\" content=\"Gesch\u00e4tzte Lesezeit\" \/>\n\t<meta name=\"twitter:data1\" content=\"1\u00a0Minute\" \/>\n<script type=\"application\/ld+json\" class=\"yoast-schema-graph\">{\"@context\":\"https:\/\/schema.org\",\"@graph\":[{\"@type\":\"WebPage\",\"@id\":\"https:\/\/lifesupportdistribution.fr\/de\/produkt\/clearbone-occiput-sacrum-und-becken-creaplast\/\",\"url\":\"https:\/\/lifesupportdistribution.fr\/de\/produkt\/clearbone-occiput-sacrum-und-becken-creaplast\/\",\"name\":\"ClearBone Occiput\u2013Sacrum und Becken \u2013 Creaplast\",\"isPartOf\":{\"@id\":\"https:\/\/lifesupportdistribution.fr\/de\/#website\"},\"primaryImageOfPage\":{\"@id\":\"https:\/\/lifesupportdistribution.fr\/de\/produkt\/clearbone-occiput-sacrum-und-becken-creaplast\/#primaryimage\"},\"image\":{\"@id\":\"https:\/\/lifesupportdistribution.fr\/de\/produkt\/clearbone-occiput-sacrum-und-becken-creaplast\/#primaryimage\"},\"thumbnailUrl\":\"https:\/\/lifesupportdistribution.fr\/wp-content\/uploads\/2025\/12\/clearbone-l3sacrum.jpg\",\"datePublished\":\"2025-12-15T11:41:03+00:00\",\"description\":\"Transparentes Sch\u00e4del-Kreuzbein-Modell mit Becken zur Analyse der Wirbels\u00e4ule und des Beckens.\",\"breadcrumb\":{\"@id\":\"https:\/\/lifesupportdistribution.fr\/de\/produkt\/clearbone-occiput-sacrum-und-becken-creaplast\/#breadcrumb\"},\"inLanguage\":\"de\",\"potentialAction\":[{\"@type\":\"ReadAction\",\"target\":[\"https:\/\/lifesupportdistribution.fr\/de\/produkt\/clearbone-occiput-sacrum-und-becken-creaplast\/\"]}]},{\"@type\":\"ImageObject\",\"inLanguage\":\"de\",\"@id\":\"https:\/\/lifesupportdistribution.fr\/de\/produkt\/clearbone-occiput-sacrum-und-becken-creaplast\/#primaryimage\",\"url\":\"https:\/\/lifesupportdistribution.fr\/wp-content\/uploads\/2025\/12\/clearbone-l3sacrum.jpg\",\"contentUrl\":\"https:\/\/lifesupportdistribution.fr\/wp-content\/uploads\/2025\/12\/clearbone-l3sacrum.jpg\",\"width\":600,\"height\":400},{\"@type\":\"BreadcrumbList\",\"@id\":\"https:\/\/lifesupportdistribution.fr\/de\/produkt\/clearbone-occiput-sacrum-und-becken-creaplast\/#breadcrumb\",\"itemListElement\":[{\"@type\":\"ListItem\",\"position\":1,\"name\":\"Accueil\",\"item\":\"https:\/\/lifesupportdistribution.fr\/de\/startseite\/\"},{\"@type\":\"ListItem\",\"position\":2,\"name\":\"Shop\",\"item\":\"https:\/\/lifesupportdistribution.fr\/de\/shop\/\"},{\"@type\":\"ListItem\",\"position\":3,\"name\":\"ClearBone Occiput\u2013Sacrum und Becken \u2013 Creaplast\"}]},{\"@type\":\"WebSite\",\"@id\":\"https:\/\/lifesupportdistribution.fr\/de\/#website\",\"url\":\"https:\/\/lifesupportdistribution.fr\/de\/\",\"name\":\"Life Support Distribution\",\"description\":\"Solutions en simulation m\u00e9dicale\",\"publisher\":{\"@id\":\"https:\/\/lifesupportdistribution.fr\/de\/#organization\"},\"potentialAction\":[{\"@type\":\"SearchAction\",\"target\":{\"@type\":\"EntryPoint\",\"urlTemplate\":\"https:\/\/lifesupportdistribution.fr\/de\/?s={search_term_string}\"},\"query-input\":{\"@type\":\"PropertyValueSpecification\",\"valueRequired\":true,\"valueName\":\"search_term_string\"}}],\"inLanguage\":\"de\"},{\"@type\":\"Organization\",\"@id\":\"https:\/\/lifesupportdistribution.fr\/de\/#organization\",\"name\":\"Life Support Distribution\",\"url\":\"https:\/\/lifesupportdistribution.fr\/de\/\",\"logo\":{\"@type\":\"ImageObject\",\"inLanguage\":\"de\",\"@id\":\"https:\/\/lifesupportdistribution.fr\/de\/#\/schema\/logo\/image\/\",\"url\":\"https:\/\/lifesupportdistribution.fr\/wp-content\/uploads\/2025\/10\/logo-life-support-distribution.svg\",\"contentUrl\":\"https:\/\/lifesupportdistribution.fr\/wp-content\/uploads\/2025\/10\/logo-life-support-distribution.svg\",\"width\":698,\"height\":223,\"caption\":\"Life Support Distribution\"},\"image\":{\"@id\":\"https:\/\/lifesupportdistribution.fr\/de\/#\/schema\/logo\/image\/\"},\"sameAs\":[\"https:\/\/www.linkedin.com\/company\/life-support-distribution\/\"]}]}<\/script>\n<!-- \/ Yoast SEO plugin. -->","yoast_head_json":{"title":"ClearBone Occiput\u2013Sacrum und Becken \u2013 Creaplast","description":"Transparentes Sch\u00e4del-Kreuzbein-Modell mit Becken zur Analyse der Wirbels\u00e4ule und des Beckens.","robots":{"index":"index","follow":"follow","max-snippet":"max-snippet:-1","max-image-preview":"max-image-preview:large","max-video-preview":"max-video-preview:-1"},"canonical":"https:\/\/lifesupportdistribution.fr\/de\/produkt\/clearbone-occiput-sacrum-und-becken-creaplast\/","og_locale":"de_DE","og_type":"article","og_title":"ClearBone Occiput\u2013Sacrum und Becken \u2013 Creaplast","og_description":"Transparentes Sch\u00e4del-Kreuzbein-Modell mit Becken zur Analyse der Wirbels\u00e4ule und des Beckens.","og_url":"https:\/\/lifesupportdistribution.fr\/de\/produkt\/clearbone-occiput-sacrum-und-becken-creaplast\/","og_site_name":"Life Support Distribution","og_image":[{"width":600,"height":400,"url":"https:\/\/lifesupportdistribution.fr\/wp-content\/uploads\/2025\/12\/clearbone-l3sacrum.jpg","type":"image\/jpeg"}],"twitter_card":"summary_large_image","twitter_misc":{"Gesch\u00e4tzte Lesezeit":"1\u00a0Minute"},"schema":{"@context":"https:\/\/schema.org","@graph":[{"@type":"WebPage","@id":"https:\/\/lifesupportdistribution.fr\/de\/produkt\/clearbone-occiput-sacrum-und-becken-creaplast\/","url":"https:\/\/lifesupportdistribution.fr\/de\/produkt\/clearbone-occiput-sacrum-und-becken-creaplast\/","name":"ClearBone Occiput\u2013Sacrum und Becken \u2013 Creaplast","isPartOf":{"@id":"https:\/\/lifesupportdistribution.fr\/de\/#website"},"primaryImageOfPage":{"@id":"https:\/\/lifesupportdistribution.fr\/de\/produkt\/clearbone-occiput-sacrum-und-becken-creaplast\/#primaryimage"},"image":{"@id":"https:\/\/lifesupportdistribution.fr\/de\/produkt\/clearbone-occiput-sacrum-und-becken-creaplast\/#primaryimage"},"thumbnailUrl":"https:\/\/lifesupportdistribution.fr\/wp-content\/uploads\/2025\/12\/clearbone-l3sacrum.jpg","datePublished":"2025-12-15T11:41:03+00:00","description":"Transparentes Sch\u00e4del-Kreuzbein-Modell mit Becken zur Analyse der Wirbels\u00e4ule und des Beckens.","breadcrumb":{"@id":"https:\/\/lifesupportdistribution.fr\/de\/produkt\/clearbone-occiput-sacrum-und-becken-creaplast\/#breadcrumb"},"inLanguage":"de","potentialAction":[{"@type":"ReadAction","target":["https:\/\/lifesupportdistribution.fr\/de\/produkt\/clearbone-occiput-sacrum-und-becken-creaplast\/"]}]},{"@type":"ImageObject","inLanguage":"de","@id":"https:\/\/lifesupportdistribution.fr\/de\/produkt\/clearbone-occiput-sacrum-und-becken-creaplast\/#primaryimage","url":"https:\/\/lifesupportdistribution.fr\/wp-content\/uploads\/2025\/12\/clearbone-l3sacrum.jpg","contentUrl":"https:\/\/lifesupportdistribution.fr\/wp-content\/uploads\/2025\/12\/clearbone-l3sacrum.jpg","width":600,"height":400},{"@type":"BreadcrumbList","@id":"https:\/\/lifesupportdistribution.fr\/de\/produkt\/clearbone-occiput-sacrum-und-becken-creaplast\/#breadcrumb","itemListElement":[{"@type":"ListItem","position":1,"name":"Accueil","item":"https:\/\/lifesupportdistribution.fr\/de\/startseite\/"},{"@type":"ListItem","position":2,"name":"Shop","item":"https:\/\/lifesupportdistribution.fr\/de\/shop\/"},{"@type":"ListItem","position":3,"name":"ClearBone Occiput\u2013Sacrum und Becken \u2013 Creaplast"}]},{"@type":"WebSite","@id":"https:\/\/lifesupportdistribution.fr\/de\/#website","url":"https:\/\/lifesupportdistribution.fr\/de\/","name":"Life Support Distribution","description":"Solutions en simulation m\u00e9dicale","publisher":{"@id":"https:\/\/lifesupportdistribution.fr\/de\/#organization"},"potentialAction":[{"@type":"SearchAction","target":{"@type":"EntryPoint","urlTemplate":"https:\/\/lifesupportdistribution.fr\/de\/?s={search_term_string}"},"query-input":{"@type":"PropertyValueSpecification","valueRequired":true,"valueName":"search_term_string"}}],"inLanguage":"de"},{"@type":"Organization","@id":"https:\/\/lifesupportdistribution.fr\/de\/#organization","name":"Life Support Distribution","url":"https:\/\/lifesupportdistribution.fr\/de\/","logo":{"@type":"ImageObject","inLanguage":"de","@id":"https:\/\/lifesupportdistribution.fr\/de\/#\/schema\/logo\/image\/","url":"https:\/\/lifesupportdistribution.fr\/wp-content\/uploads\/2025\/10\/logo-life-support-distribution.svg","contentUrl":"https:\/\/lifesupportdistribution.fr\/wp-content\/uploads\/2025\/10\/logo-life-support-distribution.svg","width":698,"height":223,"caption":"Life Support Distribution"},"image":{"@id":"https:\/\/lifesupportdistribution.fr\/de\/#\/schema\/logo\/image\/"},"sameAs":["https:\/\/www.linkedin.com\/company\/life-support-distribution\/"]}]}},"_links":{"self":[{"href":"https:\/\/lifesupportdistribution.fr\/de\/wp-json\/wp\/v2\/product\/5292","targetHints":{"allow":["GET"]}}],"collection":[{"href":"https:\/\/lifesupportdistribution.fr\/de\/wp-json\/wp\/v2\/product"}],"about":[{"href":"https:\/\/lifesupportdistribution.fr\/de\/wp-json\/wp\/v2\/types\/product"}],"wp:featuredmedia":[{"embeddable":true,"href":"https:\/\/lifesupportdistribution.fr\/de\/wp-json\/wp\/v2\/media\/3695"}],"wp:attachment":[{"href":"https:\/\/lifesupportdistribution.fr\/de\/wp-json\/wp\/v2\/media?parent=5292"}],"wp:term":[{"taxonomy":"product_brand","embeddable":true,"href":"https:\/\/lifesupportdistribution.fr\/de\/wp-json\/wp\/v2\/product_brand?post=5292"},{"taxonomy":"product_cat","embeddable":true,"href":"https:\/\/lifesupportdistribution.fr\/de\/wp-json\/wp\/v2\/product_cat?post=5292"},{"taxonomy":"product_tag","embeddable":true,"href":"https:\/\/lifesupportdistribution.fr\/de\/wp-json\/wp\/v2\/product_tag?post=5292"}],"curies":[{"name":"wp","href":"https:\/\/api.w.org\/{rel}","templated":true}]}}