{"id":5302,"date":"2025-12-15T12:39:59","date_gmt":"2025-12-15T11:39:59","guid":{"rendered":"https:\/\/lifesupportdistribution.fr\/produits\/clearbone-occiput-sacrum-mit-basis-creaplast\/"},"modified":"2025-12-15T12:39:59","modified_gmt":"2025-12-15T11:39:59","slug":"clearbone-occiput-sacrum-mit-basis-creaplast","status":"publish","type":"product","link":"https:\/\/lifesupportdistribution.fr\/de\/produkt\/clearbone-occiput-sacrum-mit-basis-creaplast\/","title":{"rendered":"ClearBone Occiput\u2013Sacrum mit Basis \u2013 Creaplast"},"content":{"rendered":"<p>Dieses ClearBone-Modell veranschaulicht die gesamte Wirbels\u00e4ule in Kontinuit\u00e4t mit dem Hinterhauptbein und erm\u00f6glicht eine pr\u00e4zise Visualisierung der okzipito-zervikalen Gelenke, der zervikalen, thorakalen, lumbalen \u00dcberg\u00e4nge und des lumbosakralen \u00dcbergangs.<br \/>\nDie vollst\u00e4ndige Transparenz des Modells offenbart die internen Volumina, Pedikel, Laminae, Gelenkfl\u00e4chen, Quer- und Dornforts\u00e4tze sowie den Wirbelkanal bis S5.<br \/>\nAuf einer stabilen Basis montiert, gew\u00e4hrleistet es perfekte Stabilit\u00e4t f\u00fcr industrielle Demonstrationen, chirurgische Workshops, Vorlesungen oder die klinische Kommunikation.<br \/>\nHergestellt in Frankreich von Creaplast, bietet es eine bemerkenswerte anatomische Pr\u00e4zision und au\u00dfergew\u00f6hnliche Haltbarkeit.<\/p>\n","protected":false},"excerpt":{"rendered":"<p>Das ClearBone Occiput\u2013Sacrum mit Basis ist ein transparentes anatomisches Modell, das die gesamte Wirbels\u00e4ule vom Hinterhauptbein bis zum Sakrum darstellt und auf einer stabilen Basis f\u00fcr eine feste Pr\u00e4sentation befestigt ist. Es ist ein umfassendes Lehrmittel f\u00fcr Neurochirurgie, Wirbels\u00e4ulenchirurgie und Wirbels\u00e4ulenbiom\u00e9chanik. <\/p>\n","protected":false},"featured_media":3696,"template":"","meta":[],"product_brand":[191],"product_cat":[221],"product_tag":[241],"class_list":{"0":"post-5302","1":"product","2":"type-product","3":"status-publish","4":"has-post-thumbnail","6":"product_brand-creaplast","7":"product_cat-anatomische-tafeln-und-modelle","8":"product_tag-anatomietraining","10":"first","11":"instock","12":"shipping-taxable","13":"purchasable","14":"product-type-simple"},"yoast_head":"<!-- This site is optimized with the Yoast SEO plugin v26.8 - https:\/\/yoast.com\/product\/yoast-seo-wordpress\/ -->\n<title>ClearBone Occiput\u2013Sacrum mit Basis \u2013 Creaplast<\/title>\n<meta name=\"description\" content=\"Transparentes Sch\u00e4del-Sakrum-Modell auf Basis f\u00fcr Demonstrationen und Wirbels\u00e4ulen-Schulungen.\" \/>\n<meta name=\"robots\" content=\"index, follow, max-snippet:-1, max-image-preview:large, max-video-preview:-1\" \/>\n<link rel=\"canonical\" href=\"https:\/\/lifesupportdistribution.fr\/de\/produkt\/clearbone-occiput-sacrum-mit-basis-creaplast\/\" \/>\n<meta property=\"og:locale\" content=\"de_DE\" \/>\n<meta property=\"og:type\" content=\"article\" \/>\n<meta property=\"og:title\" content=\"ClearBone Occiput\u2013Sacrum mit Basis \u2013 Creaplast\" \/>\n<meta property=\"og:description\" content=\"Transparentes Sch\u00e4del-Sakrum-Modell auf Basis f\u00fcr Demonstrationen und Wirbels\u00e4ulen-Schulungen.\" \/>\n<meta property=\"og:url\" content=\"https:\/\/lifesupportdistribution.fr\/de\/produkt\/clearbone-occiput-sacrum-mit-basis-creaplast\/\" \/>\n<meta property=\"og:site_name\" content=\"Life Support Distribution\" \/>\n<meta property=\"og:image\" content=\"https:\/\/lifesupportdistribution.fr\/wp-content\/uploads\/2025\/12\/clearbone-occiputsacrum-et-pelvis-1.jpg\" \/>\n\t<meta property=\"og:image:width\" content=\"600\" \/>\n\t<meta property=\"og:image:height\" content=\"400\" \/>\n\t<meta property=\"og:image:type\" content=\"image\/jpeg\" \/>\n<meta name=\"twitter:card\" content=\"summary_large_image\" \/>\n<script type=\"application\/ld+json\" class=\"yoast-schema-graph\">{\"@context\":\"https:\/\/schema.org\",\"@graph\":[{\"@type\":\"WebPage\",\"@id\":\"https:\/\/lifesupportdistribution.fr\/de\/produkt\/clearbone-occiput-sacrum-mit-basis-creaplast\/\",\"url\":\"https:\/\/lifesupportdistribution.fr\/de\/produkt\/clearbone-occiput-sacrum-mit-basis-creaplast\/\",\"name\":\"ClearBone Occiput\u2013Sacrum mit Basis \u2013 Creaplast\",\"isPartOf\":{\"@id\":\"https:\/\/lifesupportdistribution.fr\/de\/#website\"},\"primaryImageOfPage\":{\"@id\":\"https:\/\/lifesupportdistribution.fr\/de\/produkt\/clearbone-occiput-sacrum-mit-basis-creaplast\/#primaryimage\"},\"image\":{\"@id\":\"https:\/\/lifesupportdistribution.fr\/de\/produkt\/clearbone-occiput-sacrum-mit-basis-creaplast\/#primaryimage\"},\"thumbnailUrl\":\"https:\/\/lifesupportdistribution.fr\/wp-content\/uploads\/2025\/12\/clearbone-occiputsacrum-et-pelvis-1.jpg\",\"datePublished\":\"2025-12-15T11:39:59+00:00\",\"description\":\"Transparentes Sch\u00e4del-Sakrum-Modell auf Basis f\u00fcr Demonstrationen und Wirbels\u00e4ulen-Schulungen.\",\"breadcrumb\":{\"@id\":\"https:\/\/lifesupportdistribution.fr\/de\/produkt\/clearbone-occiput-sacrum-mit-basis-creaplast\/#breadcrumb\"},\"inLanguage\":\"de\",\"potentialAction\":[{\"@type\":\"ReadAction\",\"target\":[\"https:\/\/lifesupportdistribution.fr\/de\/produkt\/clearbone-occiput-sacrum-mit-basis-creaplast\/\"]}]},{\"@type\":\"ImageObject\",\"inLanguage\":\"de\",\"@id\":\"https:\/\/lifesupportdistribution.fr\/de\/produkt\/clearbone-occiput-sacrum-mit-basis-creaplast\/#primaryimage\",\"url\":\"https:\/\/lifesupportdistribution.fr\/wp-content\/uploads\/2025\/12\/clearbone-occiputsacrum-et-pelvis-1.jpg\",\"contentUrl\":\"https:\/\/lifesupportdistribution.fr\/wp-content\/uploads\/2025\/12\/clearbone-occiputsacrum-et-pelvis-1.jpg\",\"width\":600,\"height\":400},{\"@type\":\"BreadcrumbList\",\"@id\":\"https:\/\/lifesupportdistribution.fr\/de\/produkt\/clearbone-occiput-sacrum-mit-basis-creaplast\/#breadcrumb\",\"itemListElement\":[{\"@type\":\"ListItem\",\"position\":1,\"name\":\"Accueil\",\"item\":\"https:\/\/lifesupportdistribution.fr\/de\/startseite\/\"},{\"@type\":\"ListItem\",\"position\":2,\"name\":\"Shop\",\"item\":\"https:\/\/lifesupportdistribution.fr\/de\/shop\/\"},{\"@type\":\"ListItem\",\"position\":3,\"name\":\"ClearBone Occiput\u2013Sacrum mit Basis \u2013 Creaplast\"}]},{\"@type\":\"WebSite\",\"@id\":\"https:\/\/lifesupportdistribution.fr\/de\/#website\",\"url\":\"https:\/\/lifesupportdistribution.fr\/de\/\",\"name\":\"Life Support Distribution\",\"description\":\"Solutions en simulation m\u00e9dicale\",\"publisher\":{\"@id\":\"https:\/\/lifesupportdistribution.fr\/de\/#organization\"},\"potentialAction\":[{\"@type\":\"SearchAction\",\"target\":{\"@type\":\"EntryPoint\",\"urlTemplate\":\"https:\/\/lifesupportdistribution.fr\/de\/?s={search_term_string}\"},\"query-input\":{\"@type\":\"PropertyValueSpecification\",\"valueRequired\":true,\"valueName\":\"search_term_string\"}}],\"inLanguage\":\"de\"},{\"@type\":\"Organization\",\"@id\":\"https:\/\/lifesupportdistribution.fr\/de\/#organization\",\"name\":\"Life Support Distribution\",\"url\":\"https:\/\/lifesupportdistribution.fr\/de\/\",\"logo\":{\"@type\":\"ImageObject\",\"inLanguage\":\"de\",\"@id\":\"https:\/\/lifesupportdistribution.fr\/de\/#\/schema\/logo\/image\/\",\"url\":\"https:\/\/lifesupportdistribution.fr\/wp-content\/uploads\/2025\/10\/logo-life-support-distribution.svg\",\"contentUrl\":\"https:\/\/lifesupportdistribution.fr\/wp-content\/uploads\/2025\/10\/logo-life-support-distribution.svg\",\"width\":698,\"height\":223,\"caption\":\"Life Support Distribution\"},\"image\":{\"@id\":\"https:\/\/lifesupportdistribution.fr\/de\/#\/schema\/logo\/image\/\"},\"sameAs\":[\"https:\/\/www.linkedin.com\/company\/life-support-distribution\/\"]}]}<\/script>\n<!-- \/ Yoast SEO plugin. -->","yoast_head_json":{"title":"ClearBone Occiput\u2013Sacrum mit Basis \u2013 Creaplast","description":"Transparentes Sch\u00e4del-Sakrum-Modell auf Basis f\u00fcr Demonstrationen und Wirbels\u00e4ulen-Schulungen.","robots":{"index":"index","follow":"follow","max-snippet":"max-snippet:-1","max-image-preview":"max-image-preview:large","max-video-preview":"max-video-preview:-1"},"canonical":"https:\/\/lifesupportdistribution.fr\/de\/produkt\/clearbone-occiput-sacrum-mit-basis-creaplast\/","og_locale":"de_DE","og_type":"article","og_title":"ClearBone Occiput\u2013Sacrum mit Basis \u2013 Creaplast","og_description":"Transparentes Sch\u00e4del-Sakrum-Modell auf Basis f\u00fcr Demonstrationen und Wirbels\u00e4ulen-Schulungen.","og_url":"https:\/\/lifesupportdistribution.fr\/de\/produkt\/clearbone-occiput-sacrum-mit-basis-creaplast\/","og_site_name":"Life Support Distribution","og_image":[{"width":600,"height":400,"url":"https:\/\/lifesupportdistribution.fr\/wp-content\/uploads\/2025\/12\/clearbone-occiputsacrum-et-pelvis-1.jpg","type":"image\/jpeg"}],"twitter_card":"summary_large_image","schema":{"@context":"https:\/\/schema.org","@graph":[{"@type":"WebPage","@id":"https:\/\/lifesupportdistribution.fr\/de\/produkt\/clearbone-occiput-sacrum-mit-basis-creaplast\/","url":"https:\/\/lifesupportdistribution.fr\/de\/produkt\/clearbone-occiput-sacrum-mit-basis-creaplast\/","name":"ClearBone Occiput\u2013Sacrum mit Basis \u2013 Creaplast","isPartOf":{"@id":"https:\/\/lifesupportdistribution.fr\/de\/#website"},"primaryImageOfPage":{"@id":"https:\/\/lifesupportdistribution.fr\/de\/produkt\/clearbone-occiput-sacrum-mit-basis-creaplast\/#primaryimage"},"image":{"@id":"https:\/\/lifesupportdistribution.fr\/de\/produkt\/clearbone-occiput-sacrum-mit-basis-creaplast\/#primaryimage"},"thumbnailUrl":"https:\/\/lifesupportdistribution.fr\/wp-content\/uploads\/2025\/12\/clearbone-occiputsacrum-et-pelvis-1.jpg","datePublished":"2025-12-15T11:39:59+00:00","description":"Transparentes Sch\u00e4del-Sakrum-Modell auf Basis f\u00fcr Demonstrationen und Wirbels\u00e4ulen-Schulungen.","breadcrumb":{"@id":"https:\/\/lifesupportdistribution.fr\/de\/produkt\/clearbone-occiput-sacrum-mit-basis-creaplast\/#breadcrumb"},"inLanguage":"de","potentialAction":[{"@type":"ReadAction","target":["https:\/\/lifesupportdistribution.fr\/de\/produkt\/clearbone-occiput-sacrum-mit-basis-creaplast\/"]}]},{"@type":"ImageObject","inLanguage":"de","@id":"https:\/\/lifesupportdistribution.fr\/de\/produkt\/clearbone-occiput-sacrum-mit-basis-creaplast\/#primaryimage","url":"https:\/\/lifesupportdistribution.fr\/wp-content\/uploads\/2025\/12\/clearbone-occiputsacrum-et-pelvis-1.jpg","contentUrl":"https:\/\/lifesupportdistribution.fr\/wp-content\/uploads\/2025\/12\/clearbone-occiputsacrum-et-pelvis-1.jpg","width":600,"height":400},{"@type":"BreadcrumbList","@id":"https:\/\/lifesupportdistribution.fr\/de\/produkt\/clearbone-occiput-sacrum-mit-basis-creaplast\/#breadcrumb","itemListElement":[{"@type":"ListItem","position":1,"name":"Accueil","item":"https:\/\/lifesupportdistribution.fr\/de\/startseite\/"},{"@type":"ListItem","position":2,"name":"Shop","item":"https:\/\/lifesupportdistribution.fr\/de\/shop\/"},{"@type":"ListItem","position":3,"name":"ClearBone Occiput\u2013Sacrum mit Basis \u2013 Creaplast"}]},{"@type":"WebSite","@id":"https:\/\/lifesupportdistribution.fr\/de\/#website","url":"https:\/\/lifesupportdistribution.fr\/de\/","name":"Life Support Distribution","description":"Solutions en simulation m\u00e9dicale","publisher":{"@id":"https:\/\/lifesupportdistribution.fr\/de\/#organization"},"potentialAction":[{"@type":"SearchAction","target":{"@type":"EntryPoint","urlTemplate":"https:\/\/lifesupportdistribution.fr\/de\/?s={search_term_string}"},"query-input":{"@type":"PropertyValueSpecification","valueRequired":true,"valueName":"search_term_string"}}],"inLanguage":"de"},{"@type":"Organization","@id":"https:\/\/lifesupportdistribution.fr\/de\/#organization","name":"Life Support Distribution","url":"https:\/\/lifesupportdistribution.fr\/de\/","logo":{"@type":"ImageObject","inLanguage":"de","@id":"https:\/\/lifesupportdistribution.fr\/de\/#\/schema\/logo\/image\/","url":"https:\/\/lifesupportdistribution.fr\/wp-content\/uploads\/2025\/10\/logo-life-support-distribution.svg","contentUrl":"https:\/\/lifesupportdistribution.fr\/wp-content\/uploads\/2025\/10\/logo-life-support-distribution.svg","width":698,"height":223,"caption":"Life Support Distribution"},"image":{"@id":"https:\/\/lifesupportdistribution.fr\/de\/#\/schema\/logo\/image\/"},"sameAs":["https:\/\/www.linkedin.com\/company\/life-support-distribution\/"]}]}},"_links":{"self":[{"href":"https:\/\/lifesupportdistribution.fr\/de\/wp-json\/wp\/v2\/product\/5302","targetHints":{"allow":["GET"]}}],"collection":[{"href":"https:\/\/lifesupportdistribution.fr\/de\/wp-json\/wp\/v2\/product"}],"about":[{"href":"https:\/\/lifesupportdistribution.fr\/de\/wp-json\/wp\/v2\/types\/product"}],"wp:featuredmedia":[{"embeddable":true,"href":"https:\/\/lifesupportdistribution.fr\/de\/wp-json\/wp\/v2\/media\/3696"}],"wp:attachment":[{"href":"https:\/\/lifesupportdistribution.fr\/de\/wp-json\/wp\/v2\/media?parent=5302"}],"wp:term":[{"taxonomy":"product_brand","embeddable":true,"href":"https:\/\/lifesupportdistribution.fr\/de\/wp-json\/wp\/v2\/product_brand?post=5302"},{"taxonomy":"product_cat","embeddable":true,"href":"https:\/\/lifesupportdistribution.fr\/de\/wp-json\/wp\/v2\/product_cat?post=5302"},{"taxonomy":"product_tag","embeddable":true,"href":"https:\/\/lifesupportdistribution.fr\/de\/wp-json\/wp\/v2\/product_tag?post=5302"}],"curies":[{"name":"wp","href":"https:\/\/api.w.org\/{rel}","templated":true}]}}