{"id":5320,"date":"2025-12-15T12:25:01","date_gmt":"2025-12-15T11:25:01","guid":{"rendered":"https:\/\/lifesupportdistribution.fr\/produits\/clearbone-l1-kreuzbein-mit-becken-creaplast\/"},"modified":"2025-12-15T12:25:01","modified_gmt":"2025-12-15T11:25:01","slug":"clearbone-l1-kreuzbein-mit-becken-creaplast","status":"publish","type":"product","link":"https:\/\/lifesupportdistribution.fr\/de\/produkt\/clearbone-l1-kreuzbein-mit-becken-creaplast\/","title":{"rendered":"ClearBone L1\u2013Kreuzbein mit Becken \u2013 Creaplast"},"content":{"rendered":"<p>Das ClearBone L1\u2013Kreuzbein mit Becken ist ein transparentes anatomisches Modell, das die gesamte Lendenwirbels\u00e4ule von L1 bis L5, verl\u00e4ngert durch das Kreuzbein und das gesamte Becken, darstellt. Dieses vollst\u00e4ndige Set erm\u00f6glicht eine umfassende Analyse der lumbopelvinen Biomechanik und der chirurgischen Fixationszonen.<br \/>\nDieses ClearBone-Modell kombiniert die komplette lumbosakrale Region (L1\u2192L5\u2192Kreuzbein) mit dem gesamten Becken und bietet einen einzigartigen Gesamt\u00fcberblick \u00fcber die Anatomie, die Belastungsachsen und die wesentlichen Orientierungspunkte, die in der Wirbels\u00e4ulen- und Beckeng\u00fcrtelchirurgie verwendet werden.<br \/>\nDie Transparenz des Materials hebt die Innenvolumina, Gelenkfl\u00e4chen, Pedikel, den Wirbelkanal, die Sakralforamina, das Acetabulum, die Schambeinfuge und die iliakalen Orientierungspunkte hervor.<br \/>\nDieses Modell ist ideal f\u00fcr fortgeschrittene Schulungen, chirurgische Planung, die Untersuchung der lumbopelvinen Biomechanik oder industrielle Demonstrationen von lumbosakralen und sakroiliakalen Fixationssystemen.<br \/>\nHergestellt in Frankreich von Creaplast, vereint es Robustheit, anatomische Pr\u00e4zision und au\u00dfergew\u00f6hnliche didaktische Lesbarkeit. <\/p>\n","protected":false},"excerpt":{"rendered":"<p>Das ClearBone L1\u2013Kreuzbein mit Becken ist ein transparentes anatomisches Modell, das die gesamte Lendenwirbels\u00e4ule von L1 bis L5, verl\u00e4ngert durch das Kreuzbein und das gesamte Becken, darstellt. Dieses vollst\u00e4ndige Set erm\u00f6glicht eine umfassende Analyse der lumbopelvinen Biomechanik und der chirurgischen Fixationszonen. <\/p>\n","protected":false},"featured_media":3708,"template":"","meta":[],"product_brand":[191],"product_cat":[221],"product_tag":[241],"class_list":{"0":"post-5320","1":"product","2":"type-product","3":"status-publish","4":"has-post-thumbnail","6":"product_brand-creaplast","7":"product_cat-anatomische-tafeln-und-modelle","8":"product_tag-anatomietraining","10":"first","11":"instock","12":"shipping-taxable","13":"purchasable","14":"product-type-simple"},"yoast_head":"<!-- This site is optimized with the Yoast SEO plugin v26.8 - https:\/\/yoast.com\/product\/yoast-seo-wordpress\/ -->\n<title>ClearBone L1\u2013Kreuzbein mit Becken \u2013 Creaplast<\/title>\n<meta name=\"description\" content=\"Transparentes Modell, das L1, Kreuzbein und Becken f\u00fcr lumbopelvine und biomechanische Studien kombiniert.\" \/>\n<meta name=\"robots\" content=\"index, follow, max-snippet:-1, max-image-preview:large, max-video-preview:-1\" \/>\n<link rel=\"canonical\" href=\"https:\/\/lifesupportdistribution.fr\/de\/produkt\/clearbone-l1-kreuzbein-mit-becken-creaplast\/\" \/>\n<meta property=\"og:locale\" content=\"de_DE\" \/>\n<meta property=\"og:type\" content=\"article\" \/>\n<meta property=\"og:title\" content=\"ClearBone L1\u2013Kreuzbein mit Becken \u2013 Creaplast\" \/>\n<meta property=\"og:description\" content=\"Transparentes Modell, das L1, Kreuzbein und Becken f\u00fcr lumbopelvine und biomechanische Studien kombiniert.\" \/>\n<meta property=\"og:url\" content=\"https:\/\/lifesupportdistribution.fr\/de\/produkt\/clearbone-l1-kreuzbein-mit-becken-creaplast\/\" \/>\n<meta property=\"og:site_name\" content=\"Life Support Distribution\" \/>\n<meta property=\"og:image\" content=\"https:\/\/lifesupportdistribution.fr\/wp-content\/uploads\/2025\/12\/clearbone-l1sacrum-avec-pelvis-1.jpg\" \/>\n\t<meta property=\"og:image:width\" content=\"600\" \/>\n\t<meta property=\"og:image:height\" content=\"400\" \/>\n\t<meta property=\"og:image:type\" content=\"image\/jpeg\" \/>\n<meta name=\"twitter:card\" content=\"summary_large_image\" \/>\n<meta name=\"twitter:label1\" content=\"Gesch\u00e4tzte Lesezeit\" \/>\n\t<meta name=\"twitter:data1\" content=\"1\u00a0Minute\" \/>\n<script type=\"application\/ld+json\" class=\"yoast-schema-graph\">{\"@context\":\"https:\/\/schema.org\",\"@graph\":[{\"@type\":\"WebPage\",\"@id\":\"https:\/\/lifesupportdistribution.fr\/de\/produkt\/clearbone-l1-kreuzbein-mit-becken-creaplast\/\",\"url\":\"https:\/\/lifesupportdistribution.fr\/de\/produkt\/clearbone-l1-kreuzbein-mit-becken-creaplast\/\",\"name\":\"ClearBone L1\u2013Kreuzbein mit Becken \u2013 Creaplast\",\"isPartOf\":{\"@id\":\"https:\/\/lifesupportdistribution.fr\/de\/#website\"},\"primaryImageOfPage\":{\"@id\":\"https:\/\/lifesupportdistribution.fr\/de\/produkt\/clearbone-l1-kreuzbein-mit-becken-creaplast\/#primaryimage\"},\"image\":{\"@id\":\"https:\/\/lifesupportdistribution.fr\/de\/produkt\/clearbone-l1-kreuzbein-mit-becken-creaplast\/#primaryimage\"},\"thumbnailUrl\":\"https:\/\/lifesupportdistribution.fr\/wp-content\/uploads\/2025\/12\/clearbone-l1sacrum-avec-pelvis-1.jpg\",\"datePublished\":\"2025-12-15T11:25:01+00:00\",\"description\":\"Transparentes Modell, das L1, Kreuzbein und Becken f\u00fcr lumbopelvine und biomechanische Studien kombiniert.\",\"breadcrumb\":{\"@id\":\"https:\/\/lifesupportdistribution.fr\/de\/produkt\/clearbone-l1-kreuzbein-mit-becken-creaplast\/#breadcrumb\"},\"inLanguage\":\"de\",\"potentialAction\":[{\"@type\":\"ReadAction\",\"target\":[\"https:\/\/lifesupportdistribution.fr\/de\/produkt\/clearbone-l1-kreuzbein-mit-becken-creaplast\/\"]}]},{\"@type\":\"ImageObject\",\"inLanguage\":\"de\",\"@id\":\"https:\/\/lifesupportdistribution.fr\/de\/produkt\/clearbone-l1-kreuzbein-mit-becken-creaplast\/#primaryimage\",\"url\":\"https:\/\/lifesupportdistribution.fr\/wp-content\/uploads\/2025\/12\/clearbone-l1sacrum-avec-pelvis-1.jpg\",\"contentUrl\":\"https:\/\/lifesupportdistribution.fr\/wp-content\/uploads\/2025\/12\/clearbone-l1sacrum-avec-pelvis-1.jpg\",\"width\":600,\"height\":400},{\"@type\":\"BreadcrumbList\",\"@id\":\"https:\/\/lifesupportdistribution.fr\/de\/produkt\/clearbone-l1-kreuzbein-mit-becken-creaplast\/#breadcrumb\",\"itemListElement\":[{\"@type\":\"ListItem\",\"position\":1,\"name\":\"Accueil\",\"item\":\"https:\/\/lifesupportdistribution.fr\/de\/startseite\/\"},{\"@type\":\"ListItem\",\"position\":2,\"name\":\"Shop\",\"item\":\"https:\/\/lifesupportdistribution.fr\/de\/shop\/\"},{\"@type\":\"ListItem\",\"position\":3,\"name\":\"ClearBone L1\u2013Kreuzbein mit Becken \u2013 Creaplast\"}]},{\"@type\":\"WebSite\",\"@id\":\"https:\/\/lifesupportdistribution.fr\/de\/#website\",\"url\":\"https:\/\/lifesupportdistribution.fr\/de\/\",\"name\":\"Life Support Distribution\",\"description\":\"Solutions en simulation m\u00e9dicale\",\"publisher\":{\"@id\":\"https:\/\/lifesupportdistribution.fr\/de\/#organization\"},\"potentialAction\":[{\"@type\":\"SearchAction\",\"target\":{\"@type\":\"EntryPoint\",\"urlTemplate\":\"https:\/\/lifesupportdistribution.fr\/de\/?s={search_term_string}\"},\"query-input\":{\"@type\":\"PropertyValueSpecification\",\"valueRequired\":true,\"valueName\":\"search_term_string\"}}],\"inLanguage\":\"de\"},{\"@type\":\"Organization\",\"@id\":\"https:\/\/lifesupportdistribution.fr\/de\/#organization\",\"name\":\"Life Support Distribution\",\"url\":\"https:\/\/lifesupportdistribution.fr\/de\/\",\"logo\":{\"@type\":\"ImageObject\",\"inLanguage\":\"de\",\"@id\":\"https:\/\/lifesupportdistribution.fr\/de\/#\/schema\/logo\/image\/\",\"url\":\"https:\/\/lifesupportdistribution.fr\/wp-content\/uploads\/2025\/10\/logo-life-support-distribution.svg\",\"contentUrl\":\"https:\/\/lifesupportdistribution.fr\/wp-content\/uploads\/2025\/10\/logo-life-support-distribution.svg\",\"width\":698,\"height\":223,\"caption\":\"Life Support Distribution\"},\"image\":{\"@id\":\"https:\/\/lifesupportdistribution.fr\/de\/#\/schema\/logo\/image\/\"},\"sameAs\":[\"https:\/\/www.linkedin.com\/company\/life-support-distribution\/\"]}]}<\/script>\n<!-- \/ Yoast SEO plugin. -->","yoast_head_json":{"title":"ClearBone L1\u2013Kreuzbein mit Becken \u2013 Creaplast","description":"Transparentes Modell, das L1, Kreuzbein und Becken f\u00fcr lumbopelvine und biomechanische Studien kombiniert.","robots":{"index":"index","follow":"follow","max-snippet":"max-snippet:-1","max-image-preview":"max-image-preview:large","max-video-preview":"max-video-preview:-1"},"canonical":"https:\/\/lifesupportdistribution.fr\/de\/produkt\/clearbone-l1-kreuzbein-mit-becken-creaplast\/","og_locale":"de_DE","og_type":"article","og_title":"ClearBone L1\u2013Kreuzbein mit Becken \u2013 Creaplast","og_description":"Transparentes Modell, das L1, Kreuzbein und Becken f\u00fcr lumbopelvine und biomechanische Studien kombiniert.","og_url":"https:\/\/lifesupportdistribution.fr\/de\/produkt\/clearbone-l1-kreuzbein-mit-becken-creaplast\/","og_site_name":"Life Support Distribution","og_image":[{"width":600,"height":400,"url":"https:\/\/lifesupportdistribution.fr\/wp-content\/uploads\/2025\/12\/clearbone-l1sacrum-avec-pelvis-1.jpg","type":"image\/jpeg"}],"twitter_card":"summary_large_image","twitter_misc":{"Gesch\u00e4tzte Lesezeit":"1\u00a0Minute"},"schema":{"@context":"https:\/\/schema.org","@graph":[{"@type":"WebPage","@id":"https:\/\/lifesupportdistribution.fr\/de\/produkt\/clearbone-l1-kreuzbein-mit-becken-creaplast\/","url":"https:\/\/lifesupportdistribution.fr\/de\/produkt\/clearbone-l1-kreuzbein-mit-becken-creaplast\/","name":"ClearBone L1\u2013Kreuzbein mit Becken \u2013 Creaplast","isPartOf":{"@id":"https:\/\/lifesupportdistribution.fr\/de\/#website"},"primaryImageOfPage":{"@id":"https:\/\/lifesupportdistribution.fr\/de\/produkt\/clearbone-l1-kreuzbein-mit-becken-creaplast\/#primaryimage"},"image":{"@id":"https:\/\/lifesupportdistribution.fr\/de\/produkt\/clearbone-l1-kreuzbein-mit-becken-creaplast\/#primaryimage"},"thumbnailUrl":"https:\/\/lifesupportdistribution.fr\/wp-content\/uploads\/2025\/12\/clearbone-l1sacrum-avec-pelvis-1.jpg","datePublished":"2025-12-15T11:25:01+00:00","description":"Transparentes Modell, das L1, Kreuzbein und Becken f\u00fcr lumbopelvine und biomechanische Studien kombiniert.","breadcrumb":{"@id":"https:\/\/lifesupportdistribution.fr\/de\/produkt\/clearbone-l1-kreuzbein-mit-becken-creaplast\/#breadcrumb"},"inLanguage":"de","potentialAction":[{"@type":"ReadAction","target":["https:\/\/lifesupportdistribution.fr\/de\/produkt\/clearbone-l1-kreuzbein-mit-becken-creaplast\/"]}]},{"@type":"ImageObject","inLanguage":"de","@id":"https:\/\/lifesupportdistribution.fr\/de\/produkt\/clearbone-l1-kreuzbein-mit-becken-creaplast\/#primaryimage","url":"https:\/\/lifesupportdistribution.fr\/wp-content\/uploads\/2025\/12\/clearbone-l1sacrum-avec-pelvis-1.jpg","contentUrl":"https:\/\/lifesupportdistribution.fr\/wp-content\/uploads\/2025\/12\/clearbone-l1sacrum-avec-pelvis-1.jpg","width":600,"height":400},{"@type":"BreadcrumbList","@id":"https:\/\/lifesupportdistribution.fr\/de\/produkt\/clearbone-l1-kreuzbein-mit-becken-creaplast\/#breadcrumb","itemListElement":[{"@type":"ListItem","position":1,"name":"Accueil","item":"https:\/\/lifesupportdistribution.fr\/de\/startseite\/"},{"@type":"ListItem","position":2,"name":"Shop","item":"https:\/\/lifesupportdistribution.fr\/de\/shop\/"},{"@type":"ListItem","position":3,"name":"ClearBone L1\u2013Kreuzbein mit Becken \u2013 Creaplast"}]},{"@type":"WebSite","@id":"https:\/\/lifesupportdistribution.fr\/de\/#website","url":"https:\/\/lifesupportdistribution.fr\/de\/","name":"Life Support Distribution","description":"Solutions en simulation m\u00e9dicale","publisher":{"@id":"https:\/\/lifesupportdistribution.fr\/de\/#organization"},"potentialAction":[{"@type":"SearchAction","target":{"@type":"EntryPoint","urlTemplate":"https:\/\/lifesupportdistribution.fr\/de\/?s={search_term_string}"},"query-input":{"@type":"PropertyValueSpecification","valueRequired":true,"valueName":"search_term_string"}}],"inLanguage":"de"},{"@type":"Organization","@id":"https:\/\/lifesupportdistribution.fr\/de\/#organization","name":"Life Support Distribution","url":"https:\/\/lifesupportdistribution.fr\/de\/","logo":{"@type":"ImageObject","inLanguage":"de","@id":"https:\/\/lifesupportdistribution.fr\/de\/#\/schema\/logo\/image\/","url":"https:\/\/lifesupportdistribution.fr\/wp-content\/uploads\/2025\/10\/logo-life-support-distribution.svg","contentUrl":"https:\/\/lifesupportdistribution.fr\/wp-content\/uploads\/2025\/10\/logo-life-support-distribution.svg","width":698,"height":223,"caption":"Life Support Distribution"},"image":{"@id":"https:\/\/lifesupportdistribution.fr\/de\/#\/schema\/logo\/image\/"},"sameAs":["https:\/\/www.linkedin.com\/company\/life-support-distribution\/"]}]}},"_links":{"self":[{"href":"https:\/\/lifesupportdistribution.fr\/de\/wp-json\/wp\/v2\/product\/5320","targetHints":{"allow":["GET"]}}],"collection":[{"href":"https:\/\/lifesupportdistribution.fr\/de\/wp-json\/wp\/v2\/product"}],"about":[{"href":"https:\/\/lifesupportdistribution.fr\/de\/wp-json\/wp\/v2\/types\/product"}],"wp:featuredmedia":[{"embeddable":true,"href":"https:\/\/lifesupportdistribution.fr\/de\/wp-json\/wp\/v2\/media\/3708"}],"wp:attachment":[{"href":"https:\/\/lifesupportdistribution.fr\/de\/wp-json\/wp\/v2\/media?parent=5320"}],"wp:term":[{"taxonomy":"product_brand","embeddable":true,"href":"https:\/\/lifesupportdistribution.fr\/de\/wp-json\/wp\/v2\/product_brand?post=5320"},{"taxonomy":"product_cat","embeddable":true,"href":"https:\/\/lifesupportdistribution.fr\/de\/wp-json\/wp\/v2\/product_cat?post=5320"},{"taxonomy":"product_tag","embeddable":true,"href":"https:\/\/lifesupportdistribution.fr\/de\/wp-json\/wp\/v2\/product_tag?post=5320"}],"curies":[{"name":"wp","href":"https:\/\/api.w.org\/{rel}","templated":true}]}}