{"id":5326,"date":"2025-12-08T10:20:47","date_gmt":"2025-12-08T09:20:47","guid":{"rendered":"https:\/\/lifesupportdistribution.fr\/produits\/erstickungs-trainingspuppe-fuer-adipoese-erwachsene-mit-transporttasche\/"},"modified":"2025-12-08T10:20:47","modified_gmt":"2025-12-08T09:20:47","slug":"erstickungs-trainingspuppe-fuer-adipoese-erwachsene-mit-transporttasche","status":"publish","type":"product","link":"https:\/\/lifesupportdistribution.fr\/de\/produkt\/erstickungs-trainingspuppe-fuer-adipoese-erwachsene-mit-transporttasche\/","title":{"rendered":"Erstickungs-Trainingspuppe f\u00fcr adip\u00f6se Erwachsene mit Transporttasche"},"content":{"rendered":"<p>Diese Nasco Erstickungs-Trainingspuppe f\u00fcr adip\u00f6se Erwachsene erm\u00f6glicht das \u00dcben von Atemwegsfreimachungstechniken bei stark \u00fcbergewichtigen Patienten. Ihr spezifisches Design reproduziert die anatomischen und physischen Einschr\u00e4nkungen, die mit der K\u00f6rperf\u00fclle verbunden sind, und bietet ein konkretes, realistisches und sicheres Lernerlebnis. Ein unverzichtbares Werkzeug, um Lernende auf die unterschiedlichsten Notfallsituationen vorzubereiten.  <\/p>\n","protected":false},"excerpt":{"rendered":"<p>Die Nasco Erstickungs-Trainingspuppe f\u00fcr adip\u00f6se Erwachsene wurde entwickelt, um Atemwegsfreimachungsman\u00f6ver bei \u00fcbergewichtigen Patienten zu lehren und zu perfektionieren, wo das Heimlich-Man\u00f6ver oder Bauchkompressionen komplexer sein k\u00f6nnen.<br \/>\n Ihre realistische Morphologie reproduziert die Verteilung des K\u00f6rpervolumens und den erh\u00f6hten Widerstand des Bauchgewebes, was eine sehr realit\u00e4tsnahe Trainingserfahrung bietet.<br \/>\nDie Trainingspuppe erm\u00f6glicht die Simulation einer vollst\u00e4ndigen oder teilweisen Atemwegsobstruktion, mit sichtbarer Aussto\u00dfung des Fremdk\u00f6rpers bei erfolgreichem Man\u00f6ver.<br \/>\nHergestellt aus langlebigen Materialien, ist sie perfekt f\u00fcr den wiederholten Einsatz in der Erste-Hilfe-Ausbildung, in der Krankenpflege oder in \u00f6ffentlichen Gesundheitsprogrammen geeignet.<br \/>\nGeliefert mit einer robusten Transporttasche, l\u00e4sst sie sich leicht zwischen verschiedenen Trainingsorten transportieren. Dieses Modell stellt eine hervorragende Erg\u00e4nzung zur Standard-Erstickungs-Trainingspuppe f\u00fcr Erwachsene dar, f\u00fcr einen umfassenden und inklusiven p\u00e4dagogischen Ansatz. <\/p>\n","protected":false},"featured_media":3170,"template":"","meta":[],"product_brand":[205],"product_cat":[218],"product_tag":[231,238,236],"class_list":{"0":"post-5326","1":"product","2":"type-product","3":"status-publish","4":"has-post-thumbnail","6":"product_brand-nasco","7":"product_cat-simulationspuppen","8":"product_tag-bariatrische-medizin","9":"product_tag-erste-hilfe","10":"product_tag-notfallmedizin","12":"first","13":"instock","14":"shipping-taxable","15":"purchasable","16":"product-type-simple"},"yoast_head":"<!-- This site is optimized with the Yoast SEO plugin v26.8 - https:\/\/yoast.com\/product\/yoast-seo-wordpress\/ -->\n<title>Nasco Erstickungs-Trainingspuppe f\u00fcr adip\u00f6se Erwachsene mit Transporttasche<\/title>\n<meta name=\"description\" content=\"Nasco Erstickungs-Trainingspuppe f\u00fcr adip\u00f6se Erwachsene f\u00fcr realistisches Training der Atemwegsfreimachung. Inklusive Transporttasche.\" \/>\n<meta name=\"robots\" content=\"index, follow, max-snippet:-1, max-image-preview:large, max-video-preview:-1\" \/>\n<link rel=\"canonical\" href=\"https:\/\/lifesupportdistribution.fr\/de\/produkt\/erstickungs-trainingspuppe-fuer-adipoese-erwachsene-mit-transporttasche\/\" \/>\n<meta property=\"og:locale\" content=\"de_DE\" \/>\n<meta property=\"og:type\" content=\"article\" \/>\n<meta property=\"og:title\" content=\"Nasco Erstickungs-Trainingspuppe f\u00fcr adip\u00f6se Erwachsene mit Transporttasche\" \/>\n<meta property=\"og:description\" content=\"Nasco Erstickungs-Trainingspuppe f\u00fcr adip\u00f6se Erwachsene f\u00fcr realistisches Training der Atemwegsfreimachung. Inklusive Transporttasche.\" \/>\n<meta property=\"og:url\" content=\"https:\/\/lifesupportdistribution.fr\/de\/produkt\/erstickungs-trainingspuppe-fuer-adipoese-erwachsene-mit-transporttasche\/\" \/>\n<meta property=\"og:site_name\" content=\"Life Support Distribution\" \/>\n<meta property=\"og:image\" content=\"https:\/\/lifesupportdistribution.fr\/wp-content\/uploads\/2025\/11\/life-support-distribution-featured-image.png\" \/>\n\t<meta property=\"og:image:width\" content=\"1200\" \/>\n\t<meta property=\"og:image:height\" content=\"675\" \/>\n\t<meta property=\"og:image:type\" content=\"image\/png\" \/>\n<meta name=\"twitter:card\" content=\"summary_large_image\" \/>\n<script type=\"application\/ld+json\" class=\"yoast-schema-graph\">{\"@context\":\"https:\/\/schema.org\",\"@graph\":[{\"@type\":\"WebPage\",\"@id\":\"https:\/\/lifesupportdistribution.fr\/de\/produkt\/erstickungs-trainingspuppe-fuer-adipoese-erwachsene-mit-transporttasche\/\",\"url\":\"https:\/\/lifesupportdistribution.fr\/de\/produkt\/erstickungs-trainingspuppe-fuer-adipoese-erwachsene-mit-transporttasche\/\",\"name\":\"Nasco Erstickungs-Trainingspuppe f\u00fcr adip\u00f6se Erwachsene mit Transporttasche\",\"isPartOf\":{\"@id\":\"https:\/\/lifesupportdistribution.fr\/de\/#website\"},\"primaryImageOfPage\":{\"@id\":\"https:\/\/lifesupportdistribution.fr\/de\/produkt\/erstickungs-trainingspuppe-fuer-adipoese-erwachsene-mit-transporttasche\/#primaryimage\"},\"image\":{\"@id\":\"https:\/\/lifesupportdistribution.fr\/de\/produkt\/erstickungs-trainingspuppe-fuer-adipoese-erwachsene-mit-transporttasche\/#primaryimage\"},\"thumbnailUrl\":\"https:\/\/lifesupportdistribution.fr\/wp-content\/uploads\/2025\/12\/Mannequin-detouffement-adulte-obese-avec-sac-de-transport.avif\",\"datePublished\":\"2025-12-08T09:20:47+00:00\",\"description\":\"Nasco Erstickungs-Trainingspuppe f\u00fcr adip\u00f6se Erwachsene f\u00fcr realistisches Training der Atemwegsfreimachung. Inklusive Transporttasche.\",\"breadcrumb\":{\"@id\":\"https:\/\/lifesupportdistribution.fr\/de\/produkt\/erstickungs-trainingspuppe-fuer-adipoese-erwachsene-mit-transporttasche\/#breadcrumb\"},\"inLanguage\":\"de\",\"potentialAction\":[{\"@type\":\"ReadAction\",\"target\":[\"https:\/\/lifesupportdistribution.fr\/de\/produkt\/erstickungs-trainingspuppe-fuer-adipoese-erwachsene-mit-transporttasche\/\"]}]},{\"@type\":\"ImageObject\",\"inLanguage\":\"de\",\"@id\":\"https:\/\/lifesupportdistribution.fr\/de\/produkt\/erstickungs-trainingspuppe-fuer-adipoese-erwachsene-mit-transporttasche\/#primaryimage\",\"url\":\"https:\/\/lifesupportdistribution.fr\/wp-content\/uploads\/2025\/12\/Mannequin-detouffement-adulte-obese-avec-sac-de-transport.avif\",\"contentUrl\":\"https:\/\/lifesupportdistribution.fr\/wp-content\/uploads\/2025\/12\/Mannequin-detouffement-adulte-obese-avec-sac-de-transport.avif\",\"width\":250,\"height\":250},{\"@type\":\"BreadcrumbList\",\"@id\":\"https:\/\/lifesupportdistribution.fr\/de\/produkt\/erstickungs-trainingspuppe-fuer-adipoese-erwachsene-mit-transporttasche\/#breadcrumb\",\"itemListElement\":[{\"@type\":\"ListItem\",\"position\":1,\"name\":\"Accueil\",\"item\":\"https:\/\/lifesupportdistribution.fr\/de\/startseite\/\"},{\"@type\":\"ListItem\",\"position\":2,\"name\":\"Shop\",\"item\":\"https:\/\/lifesupportdistribution.fr\/de\/shop\/\"},{\"@type\":\"ListItem\",\"position\":3,\"name\":\"Erstickungs-Trainingspuppe f\u00fcr adip\u00f6se Erwachsene mit Transporttasche\"}]},{\"@type\":\"WebSite\",\"@id\":\"https:\/\/lifesupportdistribution.fr\/de\/#website\",\"url\":\"https:\/\/lifesupportdistribution.fr\/de\/\",\"name\":\"Life Support Distribution\",\"description\":\"Solutions en simulation m\u00e9dicale\",\"publisher\":{\"@id\":\"https:\/\/lifesupportdistribution.fr\/de\/#organization\"},\"potentialAction\":[{\"@type\":\"SearchAction\",\"target\":{\"@type\":\"EntryPoint\",\"urlTemplate\":\"https:\/\/lifesupportdistribution.fr\/de\/?s={search_term_string}\"},\"query-input\":{\"@type\":\"PropertyValueSpecification\",\"valueRequired\":true,\"valueName\":\"search_term_string\"}}],\"inLanguage\":\"de\"},{\"@type\":\"Organization\",\"@id\":\"https:\/\/lifesupportdistribution.fr\/de\/#organization\",\"name\":\"Life Support Distribution\",\"url\":\"https:\/\/lifesupportdistribution.fr\/de\/\",\"logo\":{\"@type\":\"ImageObject\",\"inLanguage\":\"de\",\"@id\":\"https:\/\/lifesupportdistribution.fr\/de\/#\/schema\/logo\/image\/\",\"url\":\"https:\/\/lifesupportdistribution.fr\/wp-content\/uploads\/2025\/10\/logo-life-support-distribution.svg\",\"contentUrl\":\"https:\/\/lifesupportdistribution.fr\/wp-content\/uploads\/2025\/10\/logo-life-support-distribution.svg\",\"width\":698,\"height\":223,\"caption\":\"Life Support Distribution\"},\"image\":{\"@id\":\"https:\/\/lifesupportdistribution.fr\/de\/#\/schema\/logo\/image\/\"},\"sameAs\":[\"https:\/\/www.linkedin.com\/company\/life-support-distribution\/\"]}]}<\/script>\n<!-- \/ Yoast SEO plugin. -->","yoast_head_json":{"title":"Nasco Erstickungs-Trainingspuppe f\u00fcr adip\u00f6se Erwachsene mit Transporttasche","description":"Nasco Erstickungs-Trainingspuppe f\u00fcr adip\u00f6se Erwachsene f\u00fcr realistisches Training der Atemwegsfreimachung. Inklusive Transporttasche.","robots":{"index":"index","follow":"follow","max-snippet":"max-snippet:-1","max-image-preview":"max-image-preview:large","max-video-preview":"max-video-preview:-1"},"canonical":"https:\/\/lifesupportdistribution.fr\/de\/produkt\/erstickungs-trainingspuppe-fuer-adipoese-erwachsene-mit-transporttasche\/","og_locale":"de_DE","og_type":"article","og_title":"Nasco Erstickungs-Trainingspuppe f\u00fcr adip\u00f6se Erwachsene mit Transporttasche","og_description":"Nasco Erstickungs-Trainingspuppe f\u00fcr adip\u00f6se Erwachsene f\u00fcr realistisches Training der Atemwegsfreimachung. Inklusive Transporttasche.","og_url":"https:\/\/lifesupportdistribution.fr\/de\/produkt\/erstickungs-trainingspuppe-fuer-adipoese-erwachsene-mit-transporttasche\/","og_site_name":"Life Support Distribution","og_image":[{"width":1200,"height":675,"url":"https:\/\/lifesupportdistribution.fr\/wp-content\/uploads\/2025\/11\/life-support-distribution-featured-image.png","type":"image\/png"}],"twitter_card":"summary_large_image","schema":{"@context":"https:\/\/schema.org","@graph":[{"@type":"WebPage","@id":"https:\/\/lifesupportdistribution.fr\/de\/produkt\/erstickungs-trainingspuppe-fuer-adipoese-erwachsene-mit-transporttasche\/","url":"https:\/\/lifesupportdistribution.fr\/de\/produkt\/erstickungs-trainingspuppe-fuer-adipoese-erwachsene-mit-transporttasche\/","name":"Nasco Erstickungs-Trainingspuppe f\u00fcr adip\u00f6se Erwachsene mit Transporttasche","isPartOf":{"@id":"https:\/\/lifesupportdistribution.fr\/de\/#website"},"primaryImageOfPage":{"@id":"https:\/\/lifesupportdistribution.fr\/de\/produkt\/erstickungs-trainingspuppe-fuer-adipoese-erwachsene-mit-transporttasche\/#primaryimage"},"image":{"@id":"https:\/\/lifesupportdistribution.fr\/de\/produkt\/erstickungs-trainingspuppe-fuer-adipoese-erwachsene-mit-transporttasche\/#primaryimage"},"thumbnailUrl":"https:\/\/lifesupportdistribution.fr\/wp-content\/uploads\/2025\/12\/Mannequin-detouffement-adulte-obese-avec-sac-de-transport.avif","datePublished":"2025-12-08T09:20:47+00:00","description":"Nasco Erstickungs-Trainingspuppe f\u00fcr adip\u00f6se Erwachsene f\u00fcr realistisches Training der Atemwegsfreimachung. Inklusive Transporttasche.","breadcrumb":{"@id":"https:\/\/lifesupportdistribution.fr\/de\/produkt\/erstickungs-trainingspuppe-fuer-adipoese-erwachsene-mit-transporttasche\/#breadcrumb"},"inLanguage":"de","potentialAction":[{"@type":"ReadAction","target":["https:\/\/lifesupportdistribution.fr\/de\/produkt\/erstickungs-trainingspuppe-fuer-adipoese-erwachsene-mit-transporttasche\/"]}]},{"@type":"ImageObject","inLanguage":"de","@id":"https:\/\/lifesupportdistribution.fr\/de\/produkt\/erstickungs-trainingspuppe-fuer-adipoese-erwachsene-mit-transporttasche\/#primaryimage","url":"https:\/\/lifesupportdistribution.fr\/wp-content\/uploads\/2025\/12\/Mannequin-detouffement-adulte-obese-avec-sac-de-transport.avif","contentUrl":"https:\/\/lifesupportdistribution.fr\/wp-content\/uploads\/2025\/12\/Mannequin-detouffement-adulte-obese-avec-sac-de-transport.avif","width":250,"height":250},{"@type":"BreadcrumbList","@id":"https:\/\/lifesupportdistribution.fr\/de\/produkt\/erstickungs-trainingspuppe-fuer-adipoese-erwachsene-mit-transporttasche\/#breadcrumb","itemListElement":[{"@type":"ListItem","position":1,"name":"Accueil","item":"https:\/\/lifesupportdistribution.fr\/de\/startseite\/"},{"@type":"ListItem","position":2,"name":"Shop","item":"https:\/\/lifesupportdistribution.fr\/de\/shop\/"},{"@type":"ListItem","position":3,"name":"Erstickungs-Trainingspuppe f\u00fcr adip\u00f6se Erwachsene mit Transporttasche"}]},{"@type":"WebSite","@id":"https:\/\/lifesupportdistribution.fr\/de\/#website","url":"https:\/\/lifesupportdistribution.fr\/de\/","name":"Life Support Distribution","description":"Solutions en simulation m\u00e9dicale","publisher":{"@id":"https:\/\/lifesupportdistribution.fr\/de\/#organization"},"potentialAction":[{"@type":"SearchAction","target":{"@type":"EntryPoint","urlTemplate":"https:\/\/lifesupportdistribution.fr\/de\/?s={search_term_string}"},"query-input":{"@type":"PropertyValueSpecification","valueRequired":true,"valueName":"search_term_string"}}],"inLanguage":"de"},{"@type":"Organization","@id":"https:\/\/lifesupportdistribution.fr\/de\/#organization","name":"Life Support Distribution","url":"https:\/\/lifesupportdistribution.fr\/de\/","logo":{"@type":"ImageObject","inLanguage":"de","@id":"https:\/\/lifesupportdistribution.fr\/de\/#\/schema\/logo\/image\/","url":"https:\/\/lifesupportdistribution.fr\/wp-content\/uploads\/2025\/10\/logo-life-support-distribution.svg","contentUrl":"https:\/\/lifesupportdistribution.fr\/wp-content\/uploads\/2025\/10\/logo-life-support-distribution.svg","width":698,"height":223,"caption":"Life Support Distribution"},"image":{"@id":"https:\/\/lifesupportdistribution.fr\/de\/#\/schema\/logo\/image\/"},"sameAs":["https:\/\/www.linkedin.com\/company\/life-support-distribution\/"]}]}},"_links":{"self":[{"href":"https:\/\/lifesupportdistribution.fr\/de\/wp-json\/wp\/v2\/product\/5326","targetHints":{"allow":["GET"]}}],"collection":[{"href":"https:\/\/lifesupportdistribution.fr\/de\/wp-json\/wp\/v2\/product"}],"about":[{"href":"https:\/\/lifesupportdistribution.fr\/de\/wp-json\/wp\/v2\/types\/product"}],"wp:featuredmedia":[{"embeddable":true,"href":"https:\/\/lifesupportdistribution.fr\/de\/wp-json\/wp\/v2\/media\/3170"}],"wp:attachment":[{"href":"https:\/\/lifesupportdistribution.fr\/de\/wp-json\/wp\/v2\/media?parent=5326"}],"wp:term":[{"taxonomy":"product_brand","embeddable":true,"href":"https:\/\/lifesupportdistribution.fr\/de\/wp-json\/wp\/v2\/product_brand?post=5326"},{"taxonomy":"product_cat","embeddable":true,"href":"https:\/\/lifesupportdistribution.fr\/de\/wp-json\/wp\/v2\/product_cat?post=5326"},{"taxonomy":"product_tag","embeddable":true,"href":"https:\/\/lifesupportdistribution.fr\/de\/wp-json\/wp\/v2\/product_tag?post=5326"}],"curies":[{"name":"wp","href":"https:\/\/api.w.org\/{rel}","templated":true}]}}