{"id":5328,"date":"2025-12-08T10:22:58","date_gmt":"2025-12-08T09:22:58","guid":{"rendered":"https:\/\/lifesupportdistribution.fr\/produits\/erstickungs-trainingspuppe-fuer-jugendliche-mit-transporttasche\/"},"modified":"2025-12-08T10:22:58","modified_gmt":"2025-12-08T09:22:58","slug":"erstickungs-trainingspuppe-fuer-jugendliche-mit-transporttasche","status":"publish","type":"product","link":"https:\/\/lifesupportdistribution.fr\/de\/produkt\/erstickungs-trainingspuppe-fuer-jugendliche-mit-transporttasche\/","title":{"rendered":"Erstickungs-Trainingspuppe f\u00fcr Jugendliche mit Transporttasche"},"content":{"rendered":"<p>Entwickelt von Nasco Healthcare, bildet diese Trainingspuppe die Anatomie eines Jugendlichen naturgetreu ab, um die Ma\u00dfnahmen zur Atemwegsbefreiung sicher zu erlernen. Sie erm\u00f6glicht die Simulation verschiedener Obstruktionsgrade und die Bewertung des Erfolgs des Man\u00f6vers durch den sichtbaren Auswurf des Fremdk\u00f6rpers.<br \/>\nIhr ergonomisches Design und ihre Best\u00e4ndigkeit gegen\u00fcber wiederholten Manipulationen machen sie zu einem idealen Werkzeug f\u00fcr Erste-Hilfe-Schulen, PSC1-, SST- oder Gesundheitsschulungseinrichtungen.<br \/>\nKompakt und leicht, wird sie mit einer Transporttasche geliefert, die Lagerung und Transport erleichtert.<br \/>\nDie Erstickungs-Trainingspuppe f\u00fcr Jugendliche erg\u00e4nzt perfekt die S\u00e4uglings- und Erwachsenenmodelle f\u00fcr eine umfassende und progressive Ausbildung in Erster Hilfe. <\/p>\n","protected":false},"excerpt":{"rendered":"<p>Die Nasco Erstickungs-Trainingspuppe f\u00fcr Jugendliche ist darauf ausgelegt, die an die Morphologie junger Patienten angepassten Techniken zur Atemwegsbefreiung zu lehren. Realistisch, robust und einfach zu bedienen, erm\u00f6glicht sie die Reproduktion physiologischer Reaktionen im Zusammenhang mit einer teilweisen oder vollst\u00e4ndigen Verlegung der Atemwege. Ein unverzichtbares Werkzeug f\u00fcr Erste-Hilfe- und Krankenpflegeausbildungen.  <\/p>\n","protected":false},"featured_media":3169,"template":"","meta":[],"product_brand":[205],"product_cat":[218],"product_tag":[238,236,235],"class_list":{"0":"post-5328","1":"product","2":"type-product","3":"status-publish","4":"has-post-thumbnail","6":"product_brand-nasco","7":"product_cat-simulationspuppen","8":"product_tag-erste-hilfe","9":"product_tag-notfallmedizin","10":"product_tag-padiatrie","12":"first","13":"instock","14":"shipping-taxable","15":"purchasable","16":"product-type-simple"},"yoast_head":"<!-- This site is optimized with the Yoast SEO plugin v27.5 - https:\/\/yoast.com\/product\/yoast-seo-wordpress\/ -->\n<title>Nasco Erstickungs-Trainingspuppe f\u00fcr Jugendliche mit Transporttasche<\/title>\n<meta name=\"description\" content=\"Nasco Erstickungs-Trainingspuppe f\u00fcr Jugendliche, realistisch und robust, ideal f\u00fcr das Training von Befreiungsgriffen. Lieferung mit Transporttasche.\" \/>\n<meta name=\"robots\" content=\"index, follow, max-snippet:-1, max-image-preview:large, max-video-preview:-1\" \/>\n<link rel=\"canonical\" href=\"https:\/\/lifesupportdistribution.fr\/de\/produkt\/erstickungs-trainingspuppe-fuer-jugendliche-mit-transporttasche\/\" \/>\n<meta property=\"og:locale\" content=\"de_DE\" \/>\n<meta property=\"og:type\" content=\"article\" \/>\n<meta property=\"og:title\" content=\"Nasco Erstickungs-Trainingspuppe f\u00fcr Jugendliche mit Transporttasche\" \/>\n<meta property=\"og:description\" content=\"Nasco Erstickungs-Trainingspuppe f\u00fcr Jugendliche, realistisch und robust, ideal f\u00fcr das Training von Befreiungsgriffen. Lieferung mit Transporttasche.\" \/>\n<meta property=\"og:url\" content=\"https:\/\/lifesupportdistribution.fr\/de\/produkt\/erstickungs-trainingspuppe-fuer-jugendliche-mit-transporttasche\/\" \/>\n<meta property=\"og:site_name\" content=\"Life Support Distribution\" \/>\n<meta property=\"og:image\" content=\"https:\/\/lifesupportdistribution.fr\/wp-content\/uploads\/2025\/11\/life-support-distribution-featured-image.png\" \/>\n\t<meta property=\"og:image:width\" content=\"1200\" \/>\n\t<meta property=\"og:image:height\" content=\"675\" \/>\n\t<meta property=\"og:image:type\" content=\"image\/png\" \/>\n<meta name=\"twitter:card\" content=\"summary_large_image\" \/>\n<meta name=\"twitter:label1\" content=\"Gesch\u00e4tzte Lesezeit\" \/>\n\t<meta name=\"twitter:data1\" content=\"1\u00a0Minute\" \/>\n<script type=\"application\/ld+json\" class=\"yoast-schema-graph\">{\"@context\":\"https:\\\/\\\/schema.org\",\"@graph\":[{\"@type\":\"WebPage\",\"@id\":\"https:\\\/\\\/lifesupportdistribution.fr\\\/de\\\/produkt\\\/erstickungs-trainingspuppe-fuer-jugendliche-mit-transporttasche\\\/\",\"url\":\"https:\\\/\\\/lifesupportdistribution.fr\\\/de\\\/produkt\\\/erstickungs-trainingspuppe-fuer-jugendliche-mit-transporttasche\\\/\",\"name\":\"Nasco Erstickungs-Trainingspuppe f\u00fcr Jugendliche mit Transporttasche\",\"isPartOf\":{\"@id\":\"https:\\\/\\\/lifesupportdistribution.fr\\\/de\\\/#website\"},\"primaryImageOfPage\":{\"@id\":\"https:\\\/\\\/lifesupportdistribution.fr\\\/de\\\/produkt\\\/erstickungs-trainingspuppe-fuer-jugendliche-mit-transporttasche\\\/#primaryimage\"},\"image\":{\"@id\":\"https:\\\/\\\/lifesupportdistribution.fr\\\/de\\\/produkt\\\/erstickungs-trainingspuppe-fuer-jugendliche-mit-transporttasche\\\/#primaryimage\"},\"thumbnailUrl\":\"https:\\\/\\\/lifesupportdistribution.fr\\\/wp-content\\\/uploads\\\/2025\\\/12\\\/Mannequin-detouffement-pour-adolescent-avec-sac-de-transport.avif\",\"datePublished\":\"2025-12-08T09:22:58+00:00\",\"description\":\"Nasco Erstickungs-Trainingspuppe f\u00fcr Jugendliche, realistisch und robust, ideal f\u00fcr das Training von Befreiungsgriffen. Lieferung mit Transporttasche.\",\"breadcrumb\":{\"@id\":\"https:\\\/\\\/lifesupportdistribution.fr\\\/de\\\/produkt\\\/erstickungs-trainingspuppe-fuer-jugendliche-mit-transporttasche\\\/#breadcrumb\"},\"inLanguage\":\"de\",\"potentialAction\":[{\"@type\":\"ReadAction\",\"target\":[\"https:\\\/\\\/lifesupportdistribution.fr\\\/de\\\/produkt\\\/erstickungs-trainingspuppe-fuer-jugendliche-mit-transporttasche\\\/\"]}]},{\"@type\":\"ImageObject\",\"inLanguage\":\"de\",\"@id\":\"https:\\\/\\\/lifesupportdistribution.fr\\\/de\\\/produkt\\\/erstickungs-trainingspuppe-fuer-jugendliche-mit-transporttasche\\\/#primaryimage\",\"url\":\"https:\\\/\\\/lifesupportdistribution.fr\\\/wp-content\\\/uploads\\\/2025\\\/12\\\/Mannequin-detouffement-pour-adolescent-avec-sac-de-transport.avif\",\"contentUrl\":\"https:\\\/\\\/lifesupportdistribution.fr\\\/wp-content\\\/uploads\\\/2025\\\/12\\\/Mannequin-detouffement-pour-adolescent-avec-sac-de-transport.avif\",\"width\":250,\"height\":250},{\"@type\":\"BreadcrumbList\",\"@id\":\"https:\\\/\\\/lifesupportdistribution.fr\\\/de\\\/produkt\\\/erstickungs-trainingspuppe-fuer-jugendliche-mit-transporttasche\\\/#breadcrumb\",\"itemListElement\":[{\"@type\":\"ListItem\",\"position\":1,\"name\":\"Accueil\",\"item\":\"https:\\\/\\\/lifesupportdistribution.fr\\\/de\\\/startseite\\\/\"},{\"@type\":\"ListItem\",\"position\":2,\"name\":\"Shop\",\"item\":\"https:\\\/\\\/lifesupportdistribution.fr\\\/de\\\/shop\\\/\"},{\"@type\":\"ListItem\",\"position\":3,\"name\":\"Erstickungs-Trainingspuppe f\u00fcr Jugendliche mit Transporttasche\"}]},{\"@type\":\"WebSite\",\"@id\":\"https:\\\/\\\/lifesupportdistribution.fr\\\/de\\\/#website\",\"url\":\"https:\\\/\\\/lifesupportdistribution.fr\\\/de\\\/\",\"name\":\"Life Support Distribution\",\"description\":\"Solutions en simulation m\u00e9dicale\",\"publisher\":{\"@id\":\"https:\\\/\\\/lifesupportdistribution.fr\\\/de\\\/#organization\"},\"potentialAction\":[{\"@type\":\"SearchAction\",\"target\":{\"@type\":\"EntryPoint\",\"urlTemplate\":\"https:\\\/\\\/lifesupportdistribution.fr\\\/de\\\/?s={search_term_string}\"},\"query-input\":{\"@type\":\"PropertyValueSpecification\",\"valueRequired\":true,\"valueName\":\"search_term_string\"}}],\"inLanguage\":\"de\"},{\"@type\":\"Organization\",\"@id\":\"https:\\\/\\\/lifesupportdistribution.fr\\\/de\\\/#organization\",\"name\":\"Life Support Distribution\",\"url\":\"https:\\\/\\\/lifesupportdistribution.fr\\\/de\\\/\",\"logo\":{\"@type\":\"ImageObject\",\"inLanguage\":\"de\",\"@id\":\"https:\\\/\\\/lifesupportdistribution.fr\\\/de\\\/#\\\/schema\\\/logo\\\/image\\\/\",\"url\":\"https:\\\/\\\/lifesupportdistribution.fr\\\/wp-content\\\/uploads\\\/2025\\\/10\\\/logo-life-support-distribution.svg\",\"contentUrl\":\"https:\\\/\\\/lifesupportdistribution.fr\\\/wp-content\\\/uploads\\\/2025\\\/10\\\/logo-life-support-distribution.svg\",\"width\":698,\"height\":223,\"caption\":\"Life Support Distribution\"},\"image\":{\"@id\":\"https:\\\/\\\/lifesupportdistribution.fr\\\/de\\\/#\\\/schema\\\/logo\\\/image\\\/\"},\"sameAs\":[\"https:\\\/\\\/www.linkedin.com\\\/company\\\/life-support-distribution\\\/\"]}]}<\/script>\n<!-- \/ Yoast SEO plugin. -->","yoast_head_json":{"title":"Nasco Erstickungs-Trainingspuppe f\u00fcr Jugendliche mit Transporttasche","description":"Nasco Erstickungs-Trainingspuppe f\u00fcr Jugendliche, realistisch und robust, ideal f\u00fcr das Training von Befreiungsgriffen. Lieferung mit Transporttasche.","robots":{"index":"index","follow":"follow","max-snippet":"max-snippet:-1","max-image-preview":"max-image-preview:large","max-video-preview":"max-video-preview:-1"},"canonical":"https:\/\/lifesupportdistribution.fr\/de\/produkt\/erstickungs-trainingspuppe-fuer-jugendliche-mit-transporttasche\/","og_locale":"de_DE","og_type":"article","og_title":"Nasco Erstickungs-Trainingspuppe f\u00fcr Jugendliche mit Transporttasche","og_description":"Nasco Erstickungs-Trainingspuppe f\u00fcr Jugendliche, realistisch und robust, ideal f\u00fcr das Training von Befreiungsgriffen. Lieferung mit Transporttasche.","og_url":"https:\/\/lifesupportdistribution.fr\/de\/produkt\/erstickungs-trainingspuppe-fuer-jugendliche-mit-transporttasche\/","og_site_name":"Life Support Distribution","og_image":[{"width":1200,"height":675,"url":"https:\/\/lifesupportdistribution.fr\/wp-content\/uploads\/2025\/11\/life-support-distribution-featured-image.png","type":"image\/png"}],"twitter_card":"summary_large_image","twitter_misc":{"Gesch\u00e4tzte Lesezeit":"1\u00a0Minute"},"schema":{"@context":"https:\/\/schema.org","@graph":[{"@type":"WebPage","@id":"https:\/\/lifesupportdistribution.fr\/de\/produkt\/erstickungs-trainingspuppe-fuer-jugendliche-mit-transporttasche\/","url":"https:\/\/lifesupportdistribution.fr\/de\/produkt\/erstickungs-trainingspuppe-fuer-jugendliche-mit-transporttasche\/","name":"Nasco Erstickungs-Trainingspuppe f\u00fcr Jugendliche mit Transporttasche","isPartOf":{"@id":"https:\/\/lifesupportdistribution.fr\/de\/#website"},"primaryImageOfPage":{"@id":"https:\/\/lifesupportdistribution.fr\/de\/produkt\/erstickungs-trainingspuppe-fuer-jugendliche-mit-transporttasche\/#primaryimage"},"image":{"@id":"https:\/\/lifesupportdistribution.fr\/de\/produkt\/erstickungs-trainingspuppe-fuer-jugendliche-mit-transporttasche\/#primaryimage"},"thumbnailUrl":"https:\/\/lifesupportdistribution.fr\/wp-content\/uploads\/2025\/12\/Mannequin-detouffement-pour-adolescent-avec-sac-de-transport.avif","datePublished":"2025-12-08T09:22:58+00:00","description":"Nasco Erstickungs-Trainingspuppe f\u00fcr Jugendliche, realistisch und robust, ideal f\u00fcr das Training von Befreiungsgriffen. Lieferung mit Transporttasche.","breadcrumb":{"@id":"https:\/\/lifesupportdistribution.fr\/de\/produkt\/erstickungs-trainingspuppe-fuer-jugendliche-mit-transporttasche\/#breadcrumb"},"inLanguage":"de","potentialAction":[{"@type":"ReadAction","target":["https:\/\/lifesupportdistribution.fr\/de\/produkt\/erstickungs-trainingspuppe-fuer-jugendliche-mit-transporttasche\/"]}]},{"@type":"ImageObject","inLanguage":"de","@id":"https:\/\/lifesupportdistribution.fr\/de\/produkt\/erstickungs-trainingspuppe-fuer-jugendliche-mit-transporttasche\/#primaryimage","url":"https:\/\/lifesupportdistribution.fr\/wp-content\/uploads\/2025\/12\/Mannequin-detouffement-pour-adolescent-avec-sac-de-transport.avif","contentUrl":"https:\/\/lifesupportdistribution.fr\/wp-content\/uploads\/2025\/12\/Mannequin-detouffement-pour-adolescent-avec-sac-de-transport.avif","width":250,"height":250},{"@type":"BreadcrumbList","@id":"https:\/\/lifesupportdistribution.fr\/de\/produkt\/erstickungs-trainingspuppe-fuer-jugendliche-mit-transporttasche\/#breadcrumb","itemListElement":[{"@type":"ListItem","position":1,"name":"Accueil","item":"https:\/\/lifesupportdistribution.fr\/de\/startseite\/"},{"@type":"ListItem","position":2,"name":"Shop","item":"https:\/\/lifesupportdistribution.fr\/de\/shop\/"},{"@type":"ListItem","position":3,"name":"Erstickungs-Trainingspuppe f\u00fcr Jugendliche mit Transporttasche"}]},{"@type":"WebSite","@id":"https:\/\/lifesupportdistribution.fr\/de\/#website","url":"https:\/\/lifesupportdistribution.fr\/de\/","name":"Life Support Distribution","description":"Solutions en simulation m\u00e9dicale","publisher":{"@id":"https:\/\/lifesupportdistribution.fr\/de\/#organization"},"potentialAction":[{"@type":"SearchAction","target":{"@type":"EntryPoint","urlTemplate":"https:\/\/lifesupportdistribution.fr\/de\/?s={search_term_string}"},"query-input":{"@type":"PropertyValueSpecification","valueRequired":true,"valueName":"search_term_string"}}],"inLanguage":"de"},{"@type":"Organization","@id":"https:\/\/lifesupportdistribution.fr\/de\/#organization","name":"Life Support Distribution","url":"https:\/\/lifesupportdistribution.fr\/de\/","logo":{"@type":"ImageObject","inLanguage":"de","@id":"https:\/\/lifesupportdistribution.fr\/de\/#\/schema\/logo\/image\/","url":"https:\/\/lifesupportdistribution.fr\/wp-content\/uploads\/2025\/10\/logo-life-support-distribution.svg","contentUrl":"https:\/\/lifesupportdistribution.fr\/wp-content\/uploads\/2025\/10\/logo-life-support-distribution.svg","width":698,"height":223,"caption":"Life Support Distribution"},"image":{"@id":"https:\/\/lifesupportdistribution.fr\/de\/#\/schema\/logo\/image\/"},"sameAs":["https:\/\/www.linkedin.com\/company\/life-support-distribution\/"]}]}},"_links":{"self":[{"href":"https:\/\/lifesupportdistribution.fr\/de\/wp-json\/wp\/v2\/product\/5328","targetHints":{"allow":["GET"]}}],"collection":[{"href":"https:\/\/lifesupportdistribution.fr\/de\/wp-json\/wp\/v2\/product"}],"about":[{"href":"https:\/\/lifesupportdistribution.fr\/de\/wp-json\/wp\/v2\/types\/product"}],"wp:featuredmedia":[{"embeddable":true,"href":"https:\/\/lifesupportdistribution.fr\/de\/wp-json\/wp\/v2\/media\/3169"}],"wp:attachment":[{"href":"https:\/\/lifesupportdistribution.fr\/de\/wp-json\/wp\/v2\/media?parent=5328"}],"wp:term":[{"taxonomy":"product_brand","embeddable":true,"href":"https:\/\/lifesupportdistribution.fr\/de\/wp-json\/wp\/v2\/product_brand?post=5328"},{"taxonomy":"product_cat","embeddable":true,"href":"https:\/\/lifesupportdistribution.fr\/de\/wp-json\/wp\/v2\/product_cat?post=5328"},{"taxonomy":"product_tag","embeddable":true,"href":"https:\/\/lifesupportdistribution.fr\/de\/wp-json\/wp\/v2\/product_tag?post=5328"}],"curies":[{"name":"wp","href":"https:\/\/api.w.org\/{rel}","templated":true}]}}