{"id":5330,"date":"2025-12-08T10:24:53","date_gmt":"2025-12-08T09:24:53","guid":{"rendered":"https:\/\/lifesupportdistribution.fr\/produits\/erstickungs-trainingspuppe-fuer-kinder-mit-transporttasche\/"},"modified":"2025-12-08T10:24:53","modified_gmt":"2025-12-08T09:24:53","slug":"erstickungs-trainingspuppe-fuer-kinder-mit-transporttasche","status":"publish","type":"product","link":"https:\/\/lifesupportdistribution.fr\/de\/produkt\/erstickungs-trainingspuppe-fuer-kinder-mit-transporttasche\/","title":{"rendered":"Erstickungs-Trainingspuppe f\u00fcr Kinder mit Transporttasche"},"content":{"rendered":"<p>Entwickelt von Nasco Healthcare, bildet diese Trainingspuppe die Anatomie eines Kindes f\u00fcr ein realistisches Training von Atemwegsbefreiungsma\u00dfnahmen nach. Sie erm\u00f6glicht die Simulation einer vollst\u00e4ndigen oder teilweisen Obstruktion und die \u00dcberpr\u00fcfung des Erfolgs der Ma\u00dfnahme durch den sichtbaren Auswurf des Fremdk\u00f6rpers.<br \/>\nIhre flexible und widerstandsf\u00e4hige Struktur erm\u00f6glicht das sichere \u00dcben des f\u00fcr Kinder angepassten Heimlich-Man\u00f6vers sowie von R\u00fcckenschl\u00e4gen.<br \/>\nDieses Modell f\u00f6rdert das Verst\u00e4ndnis der p\u00e4diatrischen anatomischen Besonderheiten und sensibilisiert die Lernenden f\u00fcr die im Notfall zu ergreifenden Ma\u00dfnahmen.<br \/>\nKompakt und leicht zu transportieren, wird sie mit einer Transporttasche geliefert, um den Transport zwischen den Trainingseinheiten zu erleichtern.<br \/>\n Die Erstickungs-Trainingspuppe f\u00fcr Kinder f\u00fcgt sich perfekt in ein umfassendes p\u00e4dagogisches Programm ein, neben Modellen f\u00fcr S\u00e4uglinge, Jugendliche und Erwachsene. <\/p>\n","protected":false},"excerpt":{"rendered":"<p>Die Nasco Erstickungs-Trainingspuppe f\u00fcr Kinder erm\u00f6glicht das Lehren von Atemwegsbefreiungstechniken, die an die Morphologie und Empfindlichkeit kleiner Kinder angepasst sind. Realistisch, robust und einfach zu handhaben, bildet sie die physiologischen Reaktionen bei einer teilweisen oder vollst\u00e4ndigen Atemwegsobstruktion getreu nach. Ein unverzichtbares Lehrmittel f\u00fcr Erste-Hilfe-Schulungen und die Pr\u00e4vention von Haushaltsunf\u00e4llen.  <\/p>\n","protected":false},"featured_media":3168,"template":"","meta":[],"product_brand":[205],"product_cat":[218],"product_tag":[238,236,235],"class_list":{"0":"post-5330","1":"product","2":"type-product","3":"status-publish","4":"has-post-thumbnail","6":"product_brand-nasco","7":"product_cat-simulationspuppen","8":"product_tag-erste-hilfe","9":"product_tag-notfallmedizin","10":"product_tag-padiatrie","12":"first","13":"instock","14":"shipping-taxable","15":"purchasable","16":"product-type-simple"},"yoast_head":"<!-- This site is optimized with the Yoast SEO plugin v26.8 - https:\/\/yoast.com\/product\/yoast-seo-wordpress\/ -->\n<title>Nasco Erstickungs-Trainingspuppe f\u00fcr Kinder mit Transporttasche<\/title>\n<meta name=\"description\" content=\"Nasco Erstickungs-Trainingspuppe f\u00fcr Kinder, realistisch und sicher, ideal f\u00fcr das Training p\u00e4diatrischer Atemwegsbefreiungsma\u00dfnahmen. Lieferung mit Tasche.\" \/>\n<meta name=\"robots\" content=\"index, follow, max-snippet:-1, max-image-preview:large, max-video-preview:-1\" \/>\n<link rel=\"canonical\" href=\"https:\/\/lifesupportdistribution.fr\/de\/produkt\/erstickungs-trainingspuppe-fuer-kinder-mit-transporttasche\/\" \/>\n<meta property=\"og:locale\" content=\"de_DE\" \/>\n<meta property=\"og:type\" content=\"article\" \/>\n<meta property=\"og:title\" content=\"Nasco Erstickungs-Trainingspuppe f\u00fcr Kinder mit Transporttasche\" \/>\n<meta property=\"og:description\" content=\"Nasco Erstickungs-Trainingspuppe f\u00fcr Kinder, realistisch und sicher, ideal f\u00fcr das Training p\u00e4diatrischer Atemwegsbefreiungsma\u00dfnahmen. Lieferung mit Tasche.\" \/>\n<meta property=\"og:url\" content=\"https:\/\/lifesupportdistribution.fr\/de\/produkt\/erstickungs-trainingspuppe-fuer-kinder-mit-transporttasche\/\" \/>\n<meta property=\"og:site_name\" content=\"Life Support Distribution\" \/>\n<meta property=\"og:image\" content=\"https:\/\/lifesupportdistribution.fr\/wp-content\/uploads\/2025\/11\/life-support-distribution-featured-image.png\" \/>\n\t<meta property=\"og:image:width\" content=\"1200\" \/>\n\t<meta property=\"og:image:height\" content=\"675\" \/>\n\t<meta property=\"og:image:type\" content=\"image\/png\" \/>\n<meta name=\"twitter:card\" content=\"summary_large_image\" \/>\n<meta name=\"twitter:label1\" content=\"Gesch\u00e4tzte Lesezeit\" \/>\n\t<meta name=\"twitter:data1\" content=\"1\u00a0Minute\" \/>\n<script type=\"application\/ld+json\" class=\"yoast-schema-graph\">{\"@context\":\"https:\/\/schema.org\",\"@graph\":[{\"@type\":\"WebPage\",\"@id\":\"https:\/\/lifesupportdistribution.fr\/de\/produkt\/erstickungs-trainingspuppe-fuer-kinder-mit-transporttasche\/\",\"url\":\"https:\/\/lifesupportdistribution.fr\/de\/produkt\/erstickungs-trainingspuppe-fuer-kinder-mit-transporttasche\/\",\"name\":\"Nasco Erstickungs-Trainingspuppe f\u00fcr Kinder mit Transporttasche\",\"isPartOf\":{\"@id\":\"https:\/\/lifesupportdistribution.fr\/de\/#website\"},\"primaryImageOfPage\":{\"@id\":\"https:\/\/lifesupportdistribution.fr\/de\/produkt\/erstickungs-trainingspuppe-fuer-kinder-mit-transporttasche\/#primaryimage\"},\"image\":{\"@id\":\"https:\/\/lifesupportdistribution.fr\/de\/produkt\/erstickungs-trainingspuppe-fuer-kinder-mit-transporttasche\/#primaryimage\"},\"thumbnailUrl\":\"https:\/\/lifesupportdistribution.fr\/wp-content\/uploads\/2025\/12\/Mannequin-detouffement-enfant-avec-sac-de-transport.avif\",\"datePublished\":\"2025-12-08T09:24:53+00:00\",\"description\":\"Nasco Erstickungs-Trainingspuppe f\u00fcr Kinder, realistisch und sicher, ideal f\u00fcr das Training p\u00e4diatrischer Atemwegsbefreiungsma\u00dfnahmen. Lieferung mit Tasche.\",\"breadcrumb\":{\"@id\":\"https:\/\/lifesupportdistribution.fr\/de\/produkt\/erstickungs-trainingspuppe-fuer-kinder-mit-transporttasche\/#breadcrumb\"},\"inLanguage\":\"de\",\"potentialAction\":[{\"@type\":\"ReadAction\",\"target\":[\"https:\/\/lifesupportdistribution.fr\/de\/produkt\/erstickungs-trainingspuppe-fuer-kinder-mit-transporttasche\/\"]}]},{\"@type\":\"ImageObject\",\"inLanguage\":\"de\",\"@id\":\"https:\/\/lifesupportdistribution.fr\/de\/produkt\/erstickungs-trainingspuppe-fuer-kinder-mit-transporttasche\/#primaryimage\",\"url\":\"https:\/\/lifesupportdistribution.fr\/wp-content\/uploads\/2025\/12\/Mannequin-detouffement-enfant-avec-sac-de-transport.avif\",\"contentUrl\":\"https:\/\/lifesupportdistribution.fr\/wp-content\/uploads\/2025\/12\/Mannequin-detouffement-enfant-avec-sac-de-transport.avif\",\"width\":250,\"height\":250},{\"@type\":\"BreadcrumbList\",\"@id\":\"https:\/\/lifesupportdistribution.fr\/de\/produkt\/erstickungs-trainingspuppe-fuer-kinder-mit-transporttasche\/#breadcrumb\",\"itemListElement\":[{\"@type\":\"ListItem\",\"position\":1,\"name\":\"Accueil\",\"item\":\"https:\/\/lifesupportdistribution.fr\/de\/startseite\/\"},{\"@type\":\"ListItem\",\"position\":2,\"name\":\"Shop\",\"item\":\"https:\/\/lifesupportdistribution.fr\/de\/shop\/\"},{\"@type\":\"ListItem\",\"position\":3,\"name\":\"Erstickungs-Trainingspuppe f\u00fcr Kinder mit Transporttasche\"}]},{\"@type\":\"WebSite\",\"@id\":\"https:\/\/lifesupportdistribution.fr\/de\/#website\",\"url\":\"https:\/\/lifesupportdistribution.fr\/de\/\",\"name\":\"Life Support Distribution\",\"description\":\"Solutions en simulation m\u00e9dicale\",\"publisher\":{\"@id\":\"https:\/\/lifesupportdistribution.fr\/de\/#organization\"},\"potentialAction\":[{\"@type\":\"SearchAction\",\"target\":{\"@type\":\"EntryPoint\",\"urlTemplate\":\"https:\/\/lifesupportdistribution.fr\/de\/?s={search_term_string}\"},\"query-input\":{\"@type\":\"PropertyValueSpecification\",\"valueRequired\":true,\"valueName\":\"search_term_string\"}}],\"inLanguage\":\"de\"},{\"@type\":\"Organization\",\"@id\":\"https:\/\/lifesupportdistribution.fr\/de\/#organization\",\"name\":\"Life Support Distribution\",\"url\":\"https:\/\/lifesupportdistribution.fr\/de\/\",\"logo\":{\"@type\":\"ImageObject\",\"inLanguage\":\"de\",\"@id\":\"https:\/\/lifesupportdistribution.fr\/de\/#\/schema\/logo\/image\/\",\"url\":\"https:\/\/lifesupportdistribution.fr\/wp-content\/uploads\/2025\/10\/logo-life-support-distribution.svg\",\"contentUrl\":\"https:\/\/lifesupportdistribution.fr\/wp-content\/uploads\/2025\/10\/logo-life-support-distribution.svg\",\"width\":698,\"height\":223,\"caption\":\"Life Support Distribution\"},\"image\":{\"@id\":\"https:\/\/lifesupportdistribution.fr\/de\/#\/schema\/logo\/image\/\"},\"sameAs\":[\"https:\/\/www.linkedin.com\/company\/life-support-distribution\/\"]}]}<\/script>\n<!-- \/ Yoast SEO plugin. -->","yoast_head_json":{"title":"Nasco Erstickungs-Trainingspuppe f\u00fcr Kinder mit Transporttasche","description":"Nasco Erstickungs-Trainingspuppe f\u00fcr Kinder, realistisch und sicher, ideal f\u00fcr das Training p\u00e4diatrischer Atemwegsbefreiungsma\u00dfnahmen. Lieferung mit Tasche.","robots":{"index":"index","follow":"follow","max-snippet":"max-snippet:-1","max-image-preview":"max-image-preview:large","max-video-preview":"max-video-preview:-1"},"canonical":"https:\/\/lifesupportdistribution.fr\/de\/produkt\/erstickungs-trainingspuppe-fuer-kinder-mit-transporttasche\/","og_locale":"de_DE","og_type":"article","og_title":"Nasco Erstickungs-Trainingspuppe f\u00fcr Kinder mit Transporttasche","og_description":"Nasco Erstickungs-Trainingspuppe f\u00fcr Kinder, realistisch und sicher, ideal f\u00fcr das Training p\u00e4diatrischer Atemwegsbefreiungsma\u00dfnahmen. Lieferung mit Tasche.","og_url":"https:\/\/lifesupportdistribution.fr\/de\/produkt\/erstickungs-trainingspuppe-fuer-kinder-mit-transporttasche\/","og_site_name":"Life Support Distribution","og_image":[{"width":1200,"height":675,"url":"https:\/\/lifesupportdistribution.fr\/wp-content\/uploads\/2025\/11\/life-support-distribution-featured-image.png","type":"image\/png"}],"twitter_card":"summary_large_image","twitter_misc":{"Gesch\u00e4tzte Lesezeit":"1\u00a0Minute"},"schema":{"@context":"https:\/\/schema.org","@graph":[{"@type":"WebPage","@id":"https:\/\/lifesupportdistribution.fr\/de\/produkt\/erstickungs-trainingspuppe-fuer-kinder-mit-transporttasche\/","url":"https:\/\/lifesupportdistribution.fr\/de\/produkt\/erstickungs-trainingspuppe-fuer-kinder-mit-transporttasche\/","name":"Nasco Erstickungs-Trainingspuppe f\u00fcr Kinder mit Transporttasche","isPartOf":{"@id":"https:\/\/lifesupportdistribution.fr\/de\/#website"},"primaryImageOfPage":{"@id":"https:\/\/lifesupportdistribution.fr\/de\/produkt\/erstickungs-trainingspuppe-fuer-kinder-mit-transporttasche\/#primaryimage"},"image":{"@id":"https:\/\/lifesupportdistribution.fr\/de\/produkt\/erstickungs-trainingspuppe-fuer-kinder-mit-transporttasche\/#primaryimage"},"thumbnailUrl":"https:\/\/lifesupportdistribution.fr\/wp-content\/uploads\/2025\/12\/Mannequin-detouffement-enfant-avec-sac-de-transport.avif","datePublished":"2025-12-08T09:24:53+00:00","description":"Nasco Erstickungs-Trainingspuppe f\u00fcr Kinder, realistisch und sicher, ideal f\u00fcr das Training p\u00e4diatrischer Atemwegsbefreiungsma\u00dfnahmen. Lieferung mit Tasche.","breadcrumb":{"@id":"https:\/\/lifesupportdistribution.fr\/de\/produkt\/erstickungs-trainingspuppe-fuer-kinder-mit-transporttasche\/#breadcrumb"},"inLanguage":"de","potentialAction":[{"@type":"ReadAction","target":["https:\/\/lifesupportdistribution.fr\/de\/produkt\/erstickungs-trainingspuppe-fuer-kinder-mit-transporttasche\/"]}]},{"@type":"ImageObject","inLanguage":"de","@id":"https:\/\/lifesupportdistribution.fr\/de\/produkt\/erstickungs-trainingspuppe-fuer-kinder-mit-transporttasche\/#primaryimage","url":"https:\/\/lifesupportdistribution.fr\/wp-content\/uploads\/2025\/12\/Mannequin-detouffement-enfant-avec-sac-de-transport.avif","contentUrl":"https:\/\/lifesupportdistribution.fr\/wp-content\/uploads\/2025\/12\/Mannequin-detouffement-enfant-avec-sac-de-transport.avif","width":250,"height":250},{"@type":"BreadcrumbList","@id":"https:\/\/lifesupportdistribution.fr\/de\/produkt\/erstickungs-trainingspuppe-fuer-kinder-mit-transporttasche\/#breadcrumb","itemListElement":[{"@type":"ListItem","position":1,"name":"Accueil","item":"https:\/\/lifesupportdistribution.fr\/de\/startseite\/"},{"@type":"ListItem","position":2,"name":"Shop","item":"https:\/\/lifesupportdistribution.fr\/de\/shop\/"},{"@type":"ListItem","position":3,"name":"Erstickungs-Trainingspuppe f\u00fcr Kinder mit Transporttasche"}]},{"@type":"WebSite","@id":"https:\/\/lifesupportdistribution.fr\/de\/#website","url":"https:\/\/lifesupportdistribution.fr\/de\/","name":"Life Support Distribution","description":"Solutions en simulation m\u00e9dicale","publisher":{"@id":"https:\/\/lifesupportdistribution.fr\/de\/#organization"},"potentialAction":[{"@type":"SearchAction","target":{"@type":"EntryPoint","urlTemplate":"https:\/\/lifesupportdistribution.fr\/de\/?s={search_term_string}"},"query-input":{"@type":"PropertyValueSpecification","valueRequired":true,"valueName":"search_term_string"}}],"inLanguage":"de"},{"@type":"Organization","@id":"https:\/\/lifesupportdistribution.fr\/de\/#organization","name":"Life Support Distribution","url":"https:\/\/lifesupportdistribution.fr\/de\/","logo":{"@type":"ImageObject","inLanguage":"de","@id":"https:\/\/lifesupportdistribution.fr\/de\/#\/schema\/logo\/image\/","url":"https:\/\/lifesupportdistribution.fr\/wp-content\/uploads\/2025\/10\/logo-life-support-distribution.svg","contentUrl":"https:\/\/lifesupportdistribution.fr\/wp-content\/uploads\/2025\/10\/logo-life-support-distribution.svg","width":698,"height":223,"caption":"Life Support Distribution"},"image":{"@id":"https:\/\/lifesupportdistribution.fr\/de\/#\/schema\/logo\/image\/"},"sameAs":["https:\/\/www.linkedin.com\/company\/life-support-distribution\/"]}]}},"_links":{"self":[{"href":"https:\/\/lifesupportdistribution.fr\/de\/wp-json\/wp\/v2\/product\/5330","targetHints":{"allow":["GET"]}}],"collection":[{"href":"https:\/\/lifesupportdistribution.fr\/de\/wp-json\/wp\/v2\/product"}],"about":[{"href":"https:\/\/lifesupportdistribution.fr\/de\/wp-json\/wp\/v2\/types\/product"}],"wp:featuredmedia":[{"embeddable":true,"href":"https:\/\/lifesupportdistribution.fr\/de\/wp-json\/wp\/v2\/media\/3168"}],"wp:attachment":[{"href":"https:\/\/lifesupportdistribution.fr\/de\/wp-json\/wp\/v2\/media?parent=5330"}],"wp:term":[{"taxonomy":"product_brand","embeddable":true,"href":"https:\/\/lifesupportdistribution.fr\/de\/wp-json\/wp\/v2\/product_brand?post=5330"},{"taxonomy":"product_cat","embeddable":true,"href":"https:\/\/lifesupportdistribution.fr\/de\/wp-json\/wp\/v2\/product_cat?post=5330"},{"taxonomy":"product_tag","embeddable":true,"href":"https:\/\/lifesupportdistribution.fr\/de\/wp-json\/wp\/v2\/product_tag?post=5330"}],"curies":[{"name":"wp","href":"https:\/\/api.w.org\/{rel}","templated":true}]}}