{"id":5332,"date":"2025-12-08T10:26:55","date_gmt":"2025-12-08T09:26:55","guid":{"rendered":"https:\/\/lifesupportdistribution.fr\/produits\/saeuglings-erstickungspuppe-mit-transporttasche\/"},"modified":"2025-12-08T10:26:55","modified_gmt":"2025-12-08T09:26:55","slug":"saeuglings-erstickungspuppe-mit-transporttasche","status":"publish","type":"product","link":"https:\/\/lifesupportdistribution.fr\/de\/produkt\/saeuglings-erstickungspuppe-mit-transporttasche\/","title":{"rendered":"S\u00e4uglings-Erstickungspuppe mit Transporttasche"},"content":{"rendered":"<p>Diese von Nasco Healthcare entwickelte Puppe ist speziell f\u00fcr das Erlernen von Entblockungsma\u00dfnahmen bei S\u00e4uglingen konzipiert. Sie erm\u00f6glicht die Simulation einer vollst\u00e4ndigen oder teilweisen Atemwegsobstruktion und die Bewertung des Erfolgs des Man\u00f6vers durch den sichtbaren Aussto\u00df des Fremdk\u00f6rpers.<br \/>\nDie Anatomie der Puppe bildet Kopf, Brustkorb und Bauch eines Babys naturgetreu nach, was eine realistische Handhabung und korrekte Positionierung f\u00fcr R\u00fcckenschl\u00e4ge und Thoraxkompressionen erm\u00f6glicht.<br \/>\nDas weiche und strapazierf\u00e4hige Material sorgt f\u00fcr ein nat\u00fcrliches Gef\u00fchl bei der Handhabung und gew\u00e4hrleistet gleichzeitig eine intensive Nutzung im Rahmen von PSC1-, SST-, BLS-Schulungen oder in der Mutterschaftspflege.<br \/>\nDie Puppe wird mit einer praktischen Transporttasche geliefert, ideal f\u00fcr Lagerung und Transport zwischen den Trainingseinheiten. <\/p>\n","protected":false},"excerpt":{"rendered":"<p>Die Nasco S\u00e4uglings-Erstickungspuppe erm\u00f6glicht es, Lernende in Entblockungsman\u00f6vern f\u00fcr S\u00e4uglinge zu schulen. Realistisch, sicher und einfach zu bedienen, bildet sie den Widerstand und die Reaktionen eines S\u00e4uglings in einer teilweisen oder vollst\u00e4ndigen Erstickungssituation naturgetreu nach. Ein unverzichtbares Werkzeug f\u00fcr Erste-Hilfe-, P\u00e4diatrie- oder Elternschaftsschulungen.  <\/p>\n","protected":false},"featured_media":3167,"template":"","meta":[],"product_brand":[205],"product_cat":[218],"product_tag":[238,236,235],"class_list":{"0":"post-5332","1":"product","2":"type-product","3":"status-publish","4":"has-post-thumbnail","6":"product_brand-nasco","7":"product_cat-simulationspuppen","8":"product_tag-erste-hilfe","9":"product_tag-notfallmedizin","10":"product_tag-padiatrie","12":"first","13":"instock","14":"shipping-taxable","15":"purchasable","16":"product-type-simple"},"yoast_head":"<!-- This site is optimized with the Yoast SEO plugin v26.8 - https:\/\/yoast.com\/product\/yoast-seo-wordpress\/ -->\n<title>Nasco S\u00e4uglings-Erstickungspuppe mit Transporttasche<\/title>\n<meta name=\"description\" content=\"Nasco S\u00e4uglings-Erstickungspuppe, realistisch und sicher, ideal zur Schulung von Entblockungsma\u00dfnahmen bei S\u00e4uglingen. Lieferung mit Tasche.\" \/>\n<meta name=\"robots\" content=\"index, follow, max-snippet:-1, max-image-preview:large, max-video-preview:-1\" \/>\n<link rel=\"canonical\" href=\"https:\/\/lifesupportdistribution.fr\/de\/produkt\/saeuglings-erstickungspuppe-mit-transporttasche\/\" \/>\n<meta property=\"og:locale\" content=\"de_DE\" \/>\n<meta property=\"og:type\" content=\"article\" \/>\n<meta property=\"og:title\" content=\"Nasco S\u00e4uglings-Erstickungspuppe mit Transporttasche\" \/>\n<meta property=\"og:description\" content=\"Nasco S\u00e4uglings-Erstickungspuppe, realistisch und sicher, ideal zur Schulung von Entblockungsma\u00dfnahmen bei S\u00e4uglingen. Lieferung mit Tasche.\" \/>\n<meta property=\"og:url\" content=\"https:\/\/lifesupportdistribution.fr\/de\/produkt\/saeuglings-erstickungspuppe-mit-transporttasche\/\" \/>\n<meta property=\"og:site_name\" content=\"Life Support Distribution\" \/>\n<meta property=\"og:image\" content=\"https:\/\/lifesupportdistribution.fr\/wp-content\/uploads\/2025\/11\/life-support-distribution-featured-image.png\" \/>\n\t<meta property=\"og:image:width\" content=\"1200\" \/>\n\t<meta property=\"og:image:height\" content=\"675\" \/>\n\t<meta property=\"og:image:type\" content=\"image\/png\" \/>\n<meta name=\"twitter:card\" content=\"summary_large_image\" \/>\n<meta name=\"twitter:label1\" content=\"Gesch\u00e4tzte Lesezeit\" \/>\n\t<meta name=\"twitter:data1\" content=\"1\u00a0Minute\" \/>\n<script type=\"application\/ld+json\" class=\"yoast-schema-graph\">{\"@context\":\"https:\/\/schema.org\",\"@graph\":[{\"@type\":\"WebPage\",\"@id\":\"https:\/\/lifesupportdistribution.fr\/de\/produkt\/saeuglings-erstickungspuppe-mit-transporttasche\/\",\"url\":\"https:\/\/lifesupportdistribution.fr\/de\/produkt\/saeuglings-erstickungspuppe-mit-transporttasche\/\",\"name\":\"Nasco S\u00e4uglings-Erstickungspuppe mit Transporttasche\",\"isPartOf\":{\"@id\":\"https:\/\/lifesupportdistribution.fr\/de\/#website\"},\"primaryImageOfPage\":{\"@id\":\"https:\/\/lifesupportdistribution.fr\/de\/produkt\/saeuglings-erstickungspuppe-mit-transporttasche\/#primaryimage\"},\"image\":{\"@id\":\"https:\/\/lifesupportdistribution.fr\/de\/produkt\/saeuglings-erstickungspuppe-mit-transporttasche\/#primaryimage\"},\"thumbnailUrl\":\"https:\/\/lifesupportdistribution.fr\/wp-content\/uploads\/2025\/12\/Mannequin-detouffement-nourrisson-avec-sac-de-transport.avif\",\"datePublished\":\"2025-12-08T09:26:55+00:00\",\"description\":\"Nasco S\u00e4uglings-Erstickungspuppe, realistisch und sicher, ideal zur Schulung von Entblockungsma\u00dfnahmen bei S\u00e4uglingen. Lieferung mit Tasche.\",\"breadcrumb\":{\"@id\":\"https:\/\/lifesupportdistribution.fr\/de\/produkt\/saeuglings-erstickungspuppe-mit-transporttasche\/#breadcrumb\"},\"inLanguage\":\"de\",\"potentialAction\":[{\"@type\":\"ReadAction\",\"target\":[\"https:\/\/lifesupportdistribution.fr\/de\/produkt\/saeuglings-erstickungspuppe-mit-transporttasche\/\"]}]},{\"@type\":\"ImageObject\",\"inLanguage\":\"de\",\"@id\":\"https:\/\/lifesupportdistribution.fr\/de\/produkt\/saeuglings-erstickungspuppe-mit-transporttasche\/#primaryimage\",\"url\":\"https:\/\/lifesupportdistribution.fr\/wp-content\/uploads\/2025\/12\/Mannequin-detouffement-nourrisson-avec-sac-de-transport.avif\",\"contentUrl\":\"https:\/\/lifesupportdistribution.fr\/wp-content\/uploads\/2025\/12\/Mannequin-detouffement-nourrisson-avec-sac-de-transport.avif\",\"width\":250,\"height\":250},{\"@type\":\"BreadcrumbList\",\"@id\":\"https:\/\/lifesupportdistribution.fr\/de\/produkt\/saeuglings-erstickungspuppe-mit-transporttasche\/#breadcrumb\",\"itemListElement\":[{\"@type\":\"ListItem\",\"position\":1,\"name\":\"Accueil\",\"item\":\"https:\/\/lifesupportdistribution.fr\/de\/startseite\/\"},{\"@type\":\"ListItem\",\"position\":2,\"name\":\"Shop\",\"item\":\"https:\/\/lifesupportdistribution.fr\/de\/shop\/\"},{\"@type\":\"ListItem\",\"position\":3,\"name\":\"S\u00e4uglings-Erstickungspuppe mit Transporttasche\"}]},{\"@type\":\"WebSite\",\"@id\":\"https:\/\/lifesupportdistribution.fr\/de\/#website\",\"url\":\"https:\/\/lifesupportdistribution.fr\/de\/\",\"name\":\"Life Support Distribution\",\"description\":\"Solutions en simulation m\u00e9dicale\",\"publisher\":{\"@id\":\"https:\/\/lifesupportdistribution.fr\/de\/#organization\"},\"potentialAction\":[{\"@type\":\"SearchAction\",\"target\":{\"@type\":\"EntryPoint\",\"urlTemplate\":\"https:\/\/lifesupportdistribution.fr\/de\/?s={search_term_string}\"},\"query-input\":{\"@type\":\"PropertyValueSpecification\",\"valueRequired\":true,\"valueName\":\"search_term_string\"}}],\"inLanguage\":\"de\"},{\"@type\":\"Organization\",\"@id\":\"https:\/\/lifesupportdistribution.fr\/de\/#organization\",\"name\":\"Life Support Distribution\",\"url\":\"https:\/\/lifesupportdistribution.fr\/de\/\",\"logo\":{\"@type\":\"ImageObject\",\"inLanguage\":\"de\",\"@id\":\"https:\/\/lifesupportdistribution.fr\/de\/#\/schema\/logo\/image\/\",\"url\":\"https:\/\/lifesupportdistribution.fr\/wp-content\/uploads\/2025\/10\/logo-life-support-distribution.svg\",\"contentUrl\":\"https:\/\/lifesupportdistribution.fr\/wp-content\/uploads\/2025\/10\/logo-life-support-distribution.svg\",\"width\":698,\"height\":223,\"caption\":\"Life Support Distribution\"},\"image\":{\"@id\":\"https:\/\/lifesupportdistribution.fr\/de\/#\/schema\/logo\/image\/\"},\"sameAs\":[\"https:\/\/www.linkedin.com\/company\/life-support-distribution\/\"]}]}<\/script>\n<!-- \/ Yoast SEO plugin. -->","yoast_head_json":{"title":"Nasco S\u00e4uglings-Erstickungspuppe mit Transporttasche","description":"Nasco S\u00e4uglings-Erstickungspuppe, realistisch und sicher, ideal zur Schulung von Entblockungsma\u00dfnahmen bei S\u00e4uglingen. Lieferung mit Tasche.","robots":{"index":"index","follow":"follow","max-snippet":"max-snippet:-1","max-image-preview":"max-image-preview:large","max-video-preview":"max-video-preview:-1"},"canonical":"https:\/\/lifesupportdistribution.fr\/de\/produkt\/saeuglings-erstickungspuppe-mit-transporttasche\/","og_locale":"de_DE","og_type":"article","og_title":"Nasco S\u00e4uglings-Erstickungspuppe mit Transporttasche","og_description":"Nasco S\u00e4uglings-Erstickungspuppe, realistisch und sicher, ideal zur Schulung von Entblockungsma\u00dfnahmen bei S\u00e4uglingen. Lieferung mit Tasche.","og_url":"https:\/\/lifesupportdistribution.fr\/de\/produkt\/saeuglings-erstickungspuppe-mit-transporttasche\/","og_site_name":"Life Support Distribution","og_image":[{"width":1200,"height":675,"url":"https:\/\/lifesupportdistribution.fr\/wp-content\/uploads\/2025\/11\/life-support-distribution-featured-image.png","type":"image\/png"}],"twitter_card":"summary_large_image","twitter_misc":{"Gesch\u00e4tzte Lesezeit":"1\u00a0Minute"},"schema":{"@context":"https:\/\/schema.org","@graph":[{"@type":"WebPage","@id":"https:\/\/lifesupportdistribution.fr\/de\/produkt\/saeuglings-erstickungspuppe-mit-transporttasche\/","url":"https:\/\/lifesupportdistribution.fr\/de\/produkt\/saeuglings-erstickungspuppe-mit-transporttasche\/","name":"Nasco S\u00e4uglings-Erstickungspuppe mit Transporttasche","isPartOf":{"@id":"https:\/\/lifesupportdistribution.fr\/de\/#website"},"primaryImageOfPage":{"@id":"https:\/\/lifesupportdistribution.fr\/de\/produkt\/saeuglings-erstickungspuppe-mit-transporttasche\/#primaryimage"},"image":{"@id":"https:\/\/lifesupportdistribution.fr\/de\/produkt\/saeuglings-erstickungspuppe-mit-transporttasche\/#primaryimage"},"thumbnailUrl":"https:\/\/lifesupportdistribution.fr\/wp-content\/uploads\/2025\/12\/Mannequin-detouffement-nourrisson-avec-sac-de-transport.avif","datePublished":"2025-12-08T09:26:55+00:00","description":"Nasco S\u00e4uglings-Erstickungspuppe, realistisch und sicher, ideal zur Schulung von Entblockungsma\u00dfnahmen bei S\u00e4uglingen. Lieferung mit Tasche.","breadcrumb":{"@id":"https:\/\/lifesupportdistribution.fr\/de\/produkt\/saeuglings-erstickungspuppe-mit-transporttasche\/#breadcrumb"},"inLanguage":"de","potentialAction":[{"@type":"ReadAction","target":["https:\/\/lifesupportdistribution.fr\/de\/produkt\/saeuglings-erstickungspuppe-mit-transporttasche\/"]}]},{"@type":"ImageObject","inLanguage":"de","@id":"https:\/\/lifesupportdistribution.fr\/de\/produkt\/saeuglings-erstickungspuppe-mit-transporttasche\/#primaryimage","url":"https:\/\/lifesupportdistribution.fr\/wp-content\/uploads\/2025\/12\/Mannequin-detouffement-nourrisson-avec-sac-de-transport.avif","contentUrl":"https:\/\/lifesupportdistribution.fr\/wp-content\/uploads\/2025\/12\/Mannequin-detouffement-nourrisson-avec-sac-de-transport.avif","width":250,"height":250},{"@type":"BreadcrumbList","@id":"https:\/\/lifesupportdistribution.fr\/de\/produkt\/saeuglings-erstickungspuppe-mit-transporttasche\/#breadcrumb","itemListElement":[{"@type":"ListItem","position":1,"name":"Accueil","item":"https:\/\/lifesupportdistribution.fr\/de\/startseite\/"},{"@type":"ListItem","position":2,"name":"Shop","item":"https:\/\/lifesupportdistribution.fr\/de\/shop\/"},{"@type":"ListItem","position":3,"name":"S\u00e4uglings-Erstickungspuppe mit Transporttasche"}]},{"@type":"WebSite","@id":"https:\/\/lifesupportdistribution.fr\/de\/#website","url":"https:\/\/lifesupportdistribution.fr\/de\/","name":"Life Support Distribution","description":"Solutions en simulation m\u00e9dicale","publisher":{"@id":"https:\/\/lifesupportdistribution.fr\/de\/#organization"},"potentialAction":[{"@type":"SearchAction","target":{"@type":"EntryPoint","urlTemplate":"https:\/\/lifesupportdistribution.fr\/de\/?s={search_term_string}"},"query-input":{"@type":"PropertyValueSpecification","valueRequired":true,"valueName":"search_term_string"}}],"inLanguage":"de"},{"@type":"Organization","@id":"https:\/\/lifesupportdistribution.fr\/de\/#organization","name":"Life Support Distribution","url":"https:\/\/lifesupportdistribution.fr\/de\/","logo":{"@type":"ImageObject","inLanguage":"de","@id":"https:\/\/lifesupportdistribution.fr\/de\/#\/schema\/logo\/image\/","url":"https:\/\/lifesupportdistribution.fr\/wp-content\/uploads\/2025\/10\/logo-life-support-distribution.svg","contentUrl":"https:\/\/lifesupportdistribution.fr\/wp-content\/uploads\/2025\/10\/logo-life-support-distribution.svg","width":698,"height":223,"caption":"Life Support Distribution"},"image":{"@id":"https:\/\/lifesupportdistribution.fr\/de\/#\/schema\/logo\/image\/"},"sameAs":["https:\/\/www.linkedin.com\/company\/life-support-distribution\/"]}]}},"_links":{"self":[{"href":"https:\/\/lifesupportdistribution.fr\/de\/wp-json\/wp\/v2\/product\/5332","targetHints":{"allow":["GET"]}}],"collection":[{"href":"https:\/\/lifesupportdistribution.fr\/de\/wp-json\/wp\/v2\/product"}],"about":[{"href":"https:\/\/lifesupportdistribution.fr\/de\/wp-json\/wp\/v2\/types\/product"}],"wp:featuredmedia":[{"embeddable":true,"href":"https:\/\/lifesupportdistribution.fr\/de\/wp-json\/wp\/v2\/media\/3167"}],"wp:attachment":[{"href":"https:\/\/lifesupportdistribution.fr\/de\/wp-json\/wp\/v2\/media?parent=5332"}],"wp:term":[{"taxonomy":"product_brand","embeddable":true,"href":"https:\/\/lifesupportdistribution.fr\/de\/wp-json\/wp\/v2\/product_brand?post=5332"},{"taxonomy":"product_cat","embeddable":true,"href":"https:\/\/lifesupportdistribution.fr\/de\/wp-json\/wp\/v2\/product_cat?post=5332"},{"taxonomy":"product_tag","embeddable":true,"href":"https:\/\/lifesupportdistribution.fr\/de\/wp-json\/wp\/v2\/product_tag?post=5332"}],"curies":[{"name":"wp","href":"https:\/\/api.w.org\/{rel}","templated":true}]}}