{"id":5340,"date":"2025-12-05T16:08:52","date_gmt":"2025-12-05T15:08:52","guid":{"rendered":"https:\/\/lifesupportdistribution.fr\/produits\/trunerve-block-simulator-fuer-regionalanaesthesie-und-ultraschallgesteuerte-iv-kanuelierung\/"},"modified":"2025-12-05T16:08:52","modified_gmt":"2025-12-05T15:08:52","slug":"trunerve-block-simulator-fuer-regionalanaesthesie-und-ultraschallgesteuerte-iv-kanuelierung","status":"publish","type":"product","link":"https:\/\/lifesupportdistribution.fr\/de\/produkt\/trunerve-block-simulator-fuer-regionalanaesthesie-und-ultraschallgesteuerte-iv-kanuelierung\/","title":{"rendered":"TruNerve Block \u2013 Simulator f\u00fcr Regionalan\u00e4sthesie und ultraschallgesteuerte IV-Kan\u00fclierung"},"content":{"rendered":"<p>Der TruNerve Block wurde entwickelt, um ein hochpr\u00e4zises Ultraschallerlebnis und ein realistisches taktiles Gef\u00fchl bei der Punktion zu bieten. Die anatomischen Landmarken \u2013 Gef\u00e4\u00dfe, Nerv und frakturierter Knochenkortex \u2013 erm\u00f6glichen das \u00dcben von In-plane- und Out-of-plane-Ans\u00e4tzen mit einer klaren und konstanten Ultraschalldarstellung.<br \/>\nSein Design f\u00f6rdert die Wiederholung technischer Handgriffe und die Weiterbildung von Praktikern im Rahmen der Aus- und Weiterbildung in Regionalan\u00e4sthesie, Notfallmedizin und Intensivpflege. <\/p>\n","protected":false},"excerpt":{"rendered":"<p>Der TruNerve Block ist ein hochrealistischer Ultraschallsimulator, der speziell f\u00fcr das Training der Regionalan\u00e4sthesie und der intraven\u00f6sen Kan\u00fclierung entwickelt wurde. Er reproduziert eine naturgetreue Anatomie mit einem peripheren Nerv, Blutgef\u00e4\u00dfen und einem frakturierten Knochenkortex, was eine pr\u00e4zise Ultraschallortung und ein umfassendes Erlernen ultraschallgesteuerter An\u00e4sthesie-Handgriffe erm\u00f6glicht.<br \/>\nDank seines TruUltra-Materials bietet er eine au\u00dfergew\u00f6hnliche Haltbarkeit und erm\u00f6glicht bis zu 1.000 Punktionen ohne nennenswerte Beeintr\u00e4chtigung. Sein realistisches Feedback, einschlie\u00dflich des Gef\u00fchls des vaskul\u00e4ren \u201eTenting\u201c und des Blut-Flashbacks, garantiert ein immersives und reproduzierbares Erlebnis. Kompakt und einsatzbereit, ist er ein ideales Werkzeug f\u00fcr Schulen, Krankenhausausbildungen und praktische Workshops zur Regionalan\u00e4sthesie.   <\/p>\n","protected":false},"featured_media":3109,"template":"","meta":[],"product_brand":[212],"product_cat":[222],"product_tag":[237,252,236,248],"class_list":{"0":"post-5340","1":"product","2":"type-product","3":"status-publish","4":"has-post-thumbnail","6":"product_brand-trucorp","7":"product_cat-simulatoren-fur-medizinische-versorgung","8":"product_tag-anasthesie","9":"product_tag-intensivmedizin","10":"product_tag-notfallmedizin","11":"product_tag-radiologie","13":"first","14":"instock","15":"shipping-taxable","16":"purchasable","17":"product-type-simple"},"yoast_head":"<!-- This site is optimized with the Yoast SEO plugin v26.8 - https:\/\/yoast.com\/product\/yoast-seo-wordpress\/ -->\n<title>TruNerve Block \u2013 Ultraschall-Nervenblockade<\/title>\n<meta name=\"description\" content=\"TruNerve Block von TruCorp zum Erlernen der Nervenblockade unter Ultraschall. Realistisches Modell zur Entwicklung von Orientierung, Pr\u00e4zision und sicheren Handgriffen.\" \/>\n<meta name=\"robots\" content=\"index, follow, max-snippet:-1, max-image-preview:large, max-video-preview:-1\" \/>\n<link rel=\"canonical\" href=\"https:\/\/lifesupportdistribution.fr\/de\/produkt\/trunerve-block-simulator-fuer-regionalanaesthesie-und-ultraschallgesteuerte-iv-kanuelierung\/\" \/>\n<meta property=\"og:locale\" content=\"de_DE\" \/>\n<meta property=\"og:type\" content=\"article\" \/>\n<meta property=\"og:title\" content=\"TruNerve Block \u2013 Ultraschall-Nervenblockade\" \/>\n<meta property=\"og:description\" content=\"TruNerve Block von TruCorp zum Erlernen der Nervenblockade unter Ultraschall. Realistisches Modell zur Entwicklung von Orientierung, Pr\u00e4zision und sicheren Handgriffen.\" \/>\n<meta property=\"og:url\" content=\"https:\/\/lifesupportdistribution.fr\/de\/produkt\/trunerve-block-simulator-fuer-regionalanaesthesie-und-ultraschallgesteuerte-iv-kanuelierung\/\" \/>\n<meta property=\"og:site_name\" content=\"Life Support Distribution\" \/>\n<meta property=\"og:image\" content=\"https:\/\/lifesupportdistribution.fr\/wp-content\/uploads\/2025\/12\/Photo-TruNerve-Block\u00ae-1.png\" \/>\n\t<meta property=\"og:image:width\" content=\"904\" \/>\n\t<meta property=\"og:image:height\" content=\"482\" \/>\n\t<meta property=\"og:image:type\" content=\"image\/png\" \/>\n<meta name=\"twitter:card\" content=\"summary_large_image\" \/>\n<script type=\"application\/ld+json\" class=\"yoast-schema-graph\">{\"@context\":\"https:\/\/schema.org\",\"@graph\":[{\"@type\":\"WebPage\",\"@id\":\"https:\/\/lifesupportdistribution.fr\/de\/produkt\/trunerve-block-simulator-fuer-regionalanaesthesie-und-ultraschallgesteuerte-iv-kanuelierung\/\",\"url\":\"https:\/\/lifesupportdistribution.fr\/de\/produkt\/trunerve-block-simulator-fuer-regionalanaesthesie-und-ultraschallgesteuerte-iv-kanuelierung\/\",\"name\":\"TruNerve Block \u2013 Ultraschall-Nervenblockade\",\"isPartOf\":{\"@id\":\"https:\/\/lifesupportdistribution.fr\/de\/#website\"},\"primaryImageOfPage\":{\"@id\":\"https:\/\/lifesupportdistribution.fr\/de\/produkt\/trunerve-block-simulator-fuer-regionalanaesthesie-und-ultraschallgesteuerte-iv-kanuelierung\/#primaryimage\"},\"image\":{\"@id\":\"https:\/\/lifesupportdistribution.fr\/de\/produkt\/trunerve-block-simulator-fuer-regionalanaesthesie-und-ultraschallgesteuerte-iv-kanuelierung\/#primaryimage\"},\"thumbnailUrl\":\"https:\/\/lifesupportdistribution.fr\/wp-content\/uploads\/2025\/12\/Photo-TruNerve-Block\u00ae-1.png\",\"datePublished\":\"2025-12-05T15:08:52+00:00\",\"description\":\"TruNerve Block von TruCorp zum Erlernen der Nervenblockade unter Ultraschall. Realistisches Modell zur Entwicklung von Orientierung, Pr\u00e4zision und sicheren Handgriffen.\",\"breadcrumb\":{\"@id\":\"https:\/\/lifesupportdistribution.fr\/de\/produkt\/trunerve-block-simulator-fuer-regionalanaesthesie-und-ultraschallgesteuerte-iv-kanuelierung\/#breadcrumb\"},\"inLanguage\":\"de\",\"potentialAction\":[{\"@type\":\"ReadAction\",\"target\":[\"https:\/\/lifesupportdistribution.fr\/de\/produkt\/trunerve-block-simulator-fuer-regionalanaesthesie-und-ultraschallgesteuerte-iv-kanuelierung\/\"]}]},{\"@type\":\"ImageObject\",\"inLanguage\":\"de\",\"@id\":\"https:\/\/lifesupportdistribution.fr\/de\/produkt\/trunerve-block-simulator-fuer-regionalanaesthesie-und-ultraschallgesteuerte-iv-kanuelierung\/#primaryimage\",\"url\":\"https:\/\/lifesupportdistribution.fr\/wp-content\/uploads\/2025\/12\/Photo-TruNerve-Block\u00ae-1.png\",\"contentUrl\":\"https:\/\/lifesupportdistribution.fr\/wp-content\/uploads\/2025\/12\/Photo-TruNerve-Block\u00ae-1.png\",\"width\":904,\"height\":482},{\"@type\":\"BreadcrumbList\",\"@id\":\"https:\/\/lifesupportdistribution.fr\/de\/produkt\/trunerve-block-simulator-fuer-regionalanaesthesie-und-ultraschallgesteuerte-iv-kanuelierung\/#breadcrumb\",\"itemListElement\":[{\"@type\":\"ListItem\",\"position\":1,\"name\":\"Accueil\",\"item\":\"https:\/\/lifesupportdistribution.fr\/de\/startseite\/\"},{\"@type\":\"ListItem\",\"position\":2,\"name\":\"Shop\",\"item\":\"https:\/\/lifesupportdistribution.fr\/de\/shop\/\"},{\"@type\":\"ListItem\",\"position\":3,\"name\":\"TruNerve Block \u2013 Simulator f\u00fcr Regionalan\u00e4sthesie und ultraschallgesteuerte IV-Kan\u00fclierung\"}]},{\"@type\":\"WebSite\",\"@id\":\"https:\/\/lifesupportdistribution.fr\/de\/#website\",\"url\":\"https:\/\/lifesupportdistribution.fr\/de\/\",\"name\":\"Life Support Distribution\",\"description\":\"Solutions en simulation m\u00e9dicale\",\"publisher\":{\"@id\":\"https:\/\/lifesupportdistribution.fr\/de\/#organization\"},\"potentialAction\":[{\"@type\":\"SearchAction\",\"target\":{\"@type\":\"EntryPoint\",\"urlTemplate\":\"https:\/\/lifesupportdistribution.fr\/de\/?s={search_term_string}\"},\"query-input\":{\"@type\":\"PropertyValueSpecification\",\"valueRequired\":true,\"valueName\":\"search_term_string\"}}],\"inLanguage\":\"de\"},{\"@type\":\"Organization\",\"@id\":\"https:\/\/lifesupportdistribution.fr\/de\/#organization\",\"name\":\"Life Support Distribution\",\"url\":\"https:\/\/lifesupportdistribution.fr\/de\/\",\"logo\":{\"@type\":\"ImageObject\",\"inLanguage\":\"de\",\"@id\":\"https:\/\/lifesupportdistribution.fr\/de\/#\/schema\/logo\/image\/\",\"url\":\"https:\/\/lifesupportdistribution.fr\/wp-content\/uploads\/2025\/10\/logo-life-support-distribution.svg\",\"contentUrl\":\"https:\/\/lifesupportdistribution.fr\/wp-content\/uploads\/2025\/10\/logo-life-support-distribution.svg\",\"width\":698,\"height\":223,\"caption\":\"Life Support Distribution\"},\"image\":{\"@id\":\"https:\/\/lifesupportdistribution.fr\/de\/#\/schema\/logo\/image\/\"},\"sameAs\":[\"https:\/\/www.linkedin.com\/company\/life-support-distribution\/\"]}]}<\/script>\n<!-- \/ Yoast SEO plugin. -->","yoast_head_json":{"title":"TruNerve Block \u2013 Ultraschall-Nervenblockade","description":"TruNerve Block von TruCorp zum Erlernen der Nervenblockade unter Ultraschall. Realistisches Modell zur Entwicklung von Orientierung, Pr\u00e4zision und sicheren Handgriffen.","robots":{"index":"index","follow":"follow","max-snippet":"max-snippet:-1","max-image-preview":"max-image-preview:large","max-video-preview":"max-video-preview:-1"},"canonical":"https:\/\/lifesupportdistribution.fr\/de\/produkt\/trunerve-block-simulator-fuer-regionalanaesthesie-und-ultraschallgesteuerte-iv-kanuelierung\/","og_locale":"de_DE","og_type":"article","og_title":"TruNerve Block \u2013 Ultraschall-Nervenblockade","og_description":"TruNerve Block von TruCorp zum Erlernen der Nervenblockade unter Ultraschall. Realistisches Modell zur Entwicklung von Orientierung, Pr\u00e4zision und sicheren Handgriffen.","og_url":"https:\/\/lifesupportdistribution.fr\/de\/produkt\/trunerve-block-simulator-fuer-regionalanaesthesie-und-ultraschallgesteuerte-iv-kanuelierung\/","og_site_name":"Life Support Distribution","og_image":[{"width":904,"height":482,"url":"https:\/\/lifesupportdistribution.fr\/wp-content\/uploads\/2025\/12\/Photo-TruNerve-Block\u00ae-1.png","type":"image\/png"}],"twitter_card":"summary_large_image","schema":{"@context":"https:\/\/schema.org","@graph":[{"@type":"WebPage","@id":"https:\/\/lifesupportdistribution.fr\/de\/produkt\/trunerve-block-simulator-fuer-regionalanaesthesie-und-ultraschallgesteuerte-iv-kanuelierung\/","url":"https:\/\/lifesupportdistribution.fr\/de\/produkt\/trunerve-block-simulator-fuer-regionalanaesthesie-und-ultraschallgesteuerte-iv-kanuelierung\/","name":"TruNerve Block \u2013 Ultraschall-Nervenblockade","isPartOf":{"@id":"https:\/\/lifesupportdistribution.fr\/de\/#website"},"primaryImageOfPage":{"@id":"https:\/\/lifesupportdistribution.fr\/de\/produkt\/trunerve-block-simulator-fuer-regionalanaesthesie-und-ultraschallgesteuerte-iv-kanuelierung\/#primaryimage"},"image":{"@id":"https:\/\/lifesupportdistribution.fr\/de\/produkt\/trunerve-block-simulator-fuer-regionalanaesthesie-und-ultraschallgesteuerte-iv-kanuelierung\/#primaryimage"},"thumbnailUrl":"https:\/\/lifesupportdistribution.fr\/wp-content\/uploads\/2025\/12\/Photo-TruNerve-Block\u00ae-1.png","datePublished":"2025-12-05T15:08:52+00:00","description":"TruNerve Block von TruCorp zum Erlernen der Nervenblockade unter Ultraschall. Realistisches Modell zur Entwicklung von Orientierung, Pr\u00e4zision und sicheren Handgriffen.","breadcrumb":{"@id":"https:\/\/lifesupportdistribution.fr\/de\/produkt\/trunerve-block-simulator-fuer-regionalanaesthesie-und-ultraschallgesteuerte-iv-kanuelierung\/#breadcrumb"},"inLanguage":"de","potentialAction":[{"@type":"ReadAction","target":["https:\/\/lifesupportdistribution.fr\/de\/produkt\/trunerve-block-simulator-fuer-regionalanaesthesie-und-ultraschallgesteuerte-iv-kanuelierung\/"]}]},{"@type":"ImageObject","inLanguage":"de","@id":"https:\/\/lifesupportdistribution.fr\/de\/produkt\/trunerve-block-simulator-fuer-regionalanaesthesie-und-ultraschallgesteuerte-iv-kanuelierung\/#primaryimage","url":"https:\/\/lifesupportdistribution.fr\/wp-content\/uploads\/2025\/12\/Photo-TruNerve-Block\u00ae-1.png","contentUrl":"https:\/\/lifesupportdistribution.fr\/wp-content\/uploads\/2025\/12\/Photo-TruNerve-Block\u00ae-1.png","width":904,"height":482},{"@type":"BreadcrumbList","@id":"https:\/\/lifesupportdistribution.fr\/de\/produkt\/trunerve-block-simulator-fuer-regionalanaesthesie-und-ultraschallgesteuerte-iv-kanuelierung\/#breadcrumb","itemListElement":[{"@type":"ListItem","position":1,"name":"Accueil","item":"https:\/\/lifesupportdistribution.fr\/de\/startseite\/"},{"@type":"ListItem","position":2,"name":"Shop","item":"https:\/\/lifesupportdistribution.fr\/de\/shop\/"},{"@type":"ListItem","position":3,"name":"TruNerve Block \u2013 Simulator f\u00fcr Regionalan\u00e4sthesie und ultraschallgesteuerte IV-Kan\u00fclierung"}]},{"@type":"WebSite","@id":"https:\/\/lifesupportdistribution.fr\/de\/#website","url":"https:\/\/lifesupportdistribution.fr\/de\/","name":"Life Support Distribution","description":"Solutions en simulation m\u00e9dicale","publisher":{"@id":"https:\/\/lifesupportdistribution.fr\/de\/#organization"},"potentialAction":[{"@type":"SearchAction","target":{"@type":"EntryPoint","urlTemplate":"https:\/\/lifesupportdistribution.fr\/de\/?s={search_term_string}"},"query-input":{"@type":"PropertyValueSpecification","valueRequired":true,"valueName":"search_term_string"}}],"inLanguage":"de"},{"@type":"Organization","@id":"https:\/\/lifesupportdistribution.fr\/de\/#organization","name":"Life Support Distribution","url":"https:\/\/lifesupportdistribution.fr\/de\/","logo":{"@type":"ImageObject","inLanguage":"de","@id":"https:\/\/lifesupportdistribution.fr\/de\/#\/schema\/logo\/image\/","url":"https:\/\/lifesupportdistribution.fr\/wp-content\/uploads\/2025\/10\/logo-life-support-distribution.svg","contentUrl":"https:\/\/lifesupportdistribution.fr\/wp-content\/uploads\/2025\/10\/logo-life-support-distribution.svg","width":698,"height":223,"caption":"Life Support Distribution"},"image":{"@id":"https:\/\/lifesupportdistribution.fr\/de\/#\/schema\/logo\/image\/"},"sameAs":["https:\/\/www.linkedin.com\/company\/life-support-distribution\/"]}]}},"_links":{"self":[{"href":"https:\/\/lifesupportdistribution.fr\/de\/wp-json\/wp\/v2\/product\/5340","targetHints":{"allow":["GET"]}}],"collection":[{"href":"https:\/\/lifesupportdistribution.fr\/de\/wp-json\/wp\/v2\/product"}],"about":[{"href":"https:\/\/lifesupportdistribution.fr\/de\/wp-json\/wp\/v2\/types\/product"}],"wp:featuredmedia":[{"embeddable":true,"href":"https:\/\/lifesupportdistribution.fr\/de\/wp-json\/wp\/v2\/media\/3109"}],"wp:attachment":[{"href":"https:\/\/lifesupportdistribution.fr\/de\/wp-json\/wp\/v2\/media?parent=5340"}],"wp:term":[{"taxonomy":"product_brand","embeddable":true,"href":"https:\/\/lifesupportdistribution.fr\/de\/wp-json\/wp\/v2\/product_brand?post=5340"},{"taxonomy":"product_cat","embeddable":true,"href":"https:\/\/lifesupportdistribution.fr\/de\/wp-json\/wp\/v2\/product_cat?post=5340"},{"taxonomy":"product_tag","embeddable":true,"href":"https:\/\/lifesupportdistribution.fr\/de\/wp-json\/wp\/v2\/product_tag?post=5340"}],"curies":[{"name":"wp","href":"https:\/\/api.w.org\/{rel}","templated":true}]}}