{"id":5346,"date":"2025-12-05T15:58:25","date_gmt":"2025-12-05T14:58:25","guid":{"rendered":"https:\/\/lifesupportdistribution.fr\/produits\/paediatrischer-patientenpflegesimulator\/"},"modified":"2025-12-05T15:58:25","modified_gmt":"2025-12-05T14:58:25","slug":"paediatrischer-patientenpflegesimulator","status":"publish","type":"product","link":"https:\/\/lifesupportdistribution.fr\/de\/produkt\/paediatrischer-patientenpflegesimulator\/","title":{"rendered":"P\u00e4diatrischer Patientenpflegesimulator"},"content":{"rendered":"<p>Der p\u00e4diatrische Patientenpflegesimulator Kyoto Kagaku M56B bildet die Morphologie und Mobilit\u00e4t eines 6-j\u00e4hrigen Kindes naturgetreu ab.<br \/>\nDank seines flexiblen Designs und seiner realistischen Gelenke erm\u00f6glicht er die \u00dcbung von Patientenhandhabung, Positionierung, Ern\u00e4hrungsversorgung sowie Atemwegsmanagement durch orale, nasale oder tracheale Absaugung.<br \/>\nDie austauschbaren m\u00e4nnlichen und weiblichen Genitalien erm\u00f6glichen ein umfassendes Training der Harnkatheterisierung, w\u00e4hrend die funktionelle PEG-Stelle das \u00dcben des Gastrostomiesondenmanagements erlaubt.<br \/>\nDiese Trainingspuppe eignet sich auch f\u00fcr das Training der Venenpunktion, dank eines integrierten Gurtger\u00e4ts, das den IV-Zugang simuliert.<br \/>\nRobust und waschbar, ist sie f\u00fcr den wiederholten Einsatz in der klinischen und p\u00e4dagogischen Ausbildung konzipiert.<\/p>\n","protected":false},"excerpt":{"rendered":"<p>Der Kyoto Kagaku M56B Simulator ist eine vollst\u00e4ndige p\u00e4diatrische Pflegetrainingspuppe, die ein 6-j\u00e4hriges Kind darstellt.<br \/>\nEntwickelt f\u00fcr das Training allt\u00e4glicher klinischer Handlungen und der Langzeitversorgung, erm\u00f6glicht er das \u00dcben einer Vielzahl von pflegerischen und medizinischen Prozeduren in einer realistischen und sicheren Umgebung.<br \/>\nEr ist ein ideales Werkzeug f\u00fcr Krankenpflegeschulen, p\u00e4diatrische Krankenhausausbildungen und medizinische Simulationszentren.<\/p>\n","protected":false},"featured_media":3058,"template":"","meta":[],"product_brand":[200],"product_cat":[218],"product_tag":[251,236,235],"class_list":{"0":"post-5346","1":"product","2":"type-product","3":"status-publish","4":"has-post-thumbnail","6":"product_brand-kyoto-kagaku","7":"product_cat-simulationspuppen","8":"product_tag-krankenpflege","9":"product_tag-notfallmedizin","10":"product_tag-padiatrie","12":"first","13":"instock","14":"shipping-taxable","15":"purchasable","16":"product-type-simple"},"yoast_head":"<!-- This site is optimized with the Yoast SEO plugin v26.8 - https:\/\/yoast.com\/product\/yoast-seo-wordpress\/ -->\n<title>P\u00e4diatrischer Simulator M56B \u2013 Schulung in der Kinderpflege<\/title>\n<meta name=\"description\" content=\"Der M56B Simulator schult in der p\u00e4diatrischen Versorgung: Ern\u00e4hrung, Atemwege, Sondierung, PEG, IV-Punktion und sichere Patientenhandhabung.\" \/>\n<meta name=\"robots\" content=\"index, follow, max-snippet:-1, max-image-preview:large, max-video-preview:-1\" \/>\n<link rel=\"canonical\" href=\"https:\/\/lifesupportdistribution.fr\/de\/produkt\/paediatrischer-patientenpflegesimulator\/\" \/>\n<meta property=\"og:locale\" content=\"de_DE\" \/>\n<meta property=\"og:type\" content=\"article\" \/>\n<meta property=\"og:title\" content=\"P\u00e4diatrischer Simulator M56B \u2013 Schulung in der Kinderpflege\" \/>\n<meta property=\"og:description\" content=\"Der M56B Simulator schult in der p\u00e4diatrischen Versorgung: Ern\u00e4hrung, Atemwege, Sondierung, PEG, IV-Punktion und sichere Patientenhandhabung.\" \/>\n<meta property=\"og:url\" content=\"https:\/\/lifesupportdistribution.fr\/de\/produkt\/paediatrischer-patientenpflegesimulator\/\" \/>\n<meta property=\"og:site_name\" content=\"Life Support Distribution\" \/>\n<meta property=\"og:image\" content=\"https:\/\/lifesupportdistribution.fr\/wp-content\/uploads\/2025\/12\/Simulateur-de-soins-aux-patients-pediatriques.jpg\" \/>\n\t<meta property=\"og:image:width\" content=\"1000\" \/>\n\t<meta property=\"og:image:height\" content=\"1000\" \/>\n\t<meta property=\"og:image:type\" content=\"image\/jpeg\" \/>\n<meta name=\"twitter:card\" content=\"summary_large_image\" \/>\n<meta name=\"twitter:label1\" content=\"Gesch\u00e4tzte Lesezeit\" \/>\n\t<meta name=\"twitter:data1\" content=\"1\u00a0Minute\" \/>\n<script type=\"application\/ld+json\" class=\"yoast-schema-graph\">{\"@context\":\"https:\/\/schema.org\",\"@graph\":[{\"@type\":\"WebPage\",\"@id\":\"https:\/\/lifesupportdistribution.fr\/de\/produkt\/paediatrischer-patientenpflegesimulator\/\",\"url\":\"https:\/\/lifesupportdistribution.fr\/de\/produkt\/paediatrischer-patientenpflegesimulator\/\",\"name\":\"P\u00e4diatrischer Simulator M56B \u2013 Schulung in der Kinderpflege\",\"isPartOf\":{\"@id\":\"https:\/\/lifesupportdistribution.fr\/de\/#website\"},\"primaryImageOfPage\":{\"@id\":\"https:\/\/lifesupportdistribution.fr\/de\/produkt\/paediatrischer-patientenpflegesimulator\/#primaryimage\"},\"image\":{\"@id\":\"https:\/\/lifesupportdistribution.fr\/de\/produkt\/paediatrischer-patientenpflegesimulator\/#primaryimage\"},\"thumbnailUrl\":\"https:\/\/lifesupportdistribution.fr\/wp-content\/uploads\/2025\/12\/Simulateur-de-soins-aux-patients-pediatriques.jpg\",\"datePublished\":\"2025-12-05T14:58:25+00:00\",\"description\":\"Der M56B Simulator schult in der p\u00e4diatrischen Versorgung: Ern\u00e4hrung, Atemwege, Sondierung, PEG, IV-Punktion und sichere Patientenhandhabung.\",\"breadcrumb\":{\"@id\":\"https:\/\/lifesupportdistribution.fr\/de\/produkt\/paediatrischer-patientenpflegesimulator\/#breadcrumb\"},\"inLanguage\":\"de\",\"potentialAction\":[{\"@type\":\"ReadAction\",\"target\":[\"https:\/\/lifesupportdistribution.fr\/de\/produkt\/paediatrischer-patientenpflegesimulator\/\"]}]},{\"@type\":\"ImageObject\",\"inLanguage\":\"de\",\"@id\":\"https:\/\/lifesupportdistribution.fr\/de\/produkt\/paediatrischer-patientenpflegesimulator\/#primaryimage\",\"url\":\"https:\/\/lifesupportdistribution.fr\/wp-content\/uploads\/2025\/12\/Simulateur-de-soins-aux-patients-pediatriques.jpg\",\"contentUrl\":\"https:\/\/lifesupportdistribution.fr\/wp-content\/uploads\/2025\/12\/Simulateur-de-soins-aux-patients-pediatriques.jpg\",\"width\":1000,\"height\":1000},{\"@type\":\"BreadcrumbList\",\"@id\":\"https:\/\/lifesupportdistribution.fr\/de\/produkt\/paediatrischer-patientenpflegesimulator\/#breadcrumb\",\"itemListElement\":[{\"@type\":\"ListItem\",\"position\":1,\"name\":\"Accueil\",\"item\":\"https:\/\/lifesupportdistribution.fr\/de\/startseite\/\"},{\"@type\":\"ListItem\",\"position\":2,\"name\":\"Shop\",\"item\":\"https:\/\/lifesupportdistribution.fr\/de\/shop\/\"},{\"@type\":\"ListItem\",\"position\":3,\"name\":\"P\u00e4diatrischer Patientenpflegesimulator\"}]},{\"@type\":\"WebSite\",\"@id\":\"https:\/\/lifesupportdistribution.fr\/de\/#website\",\"url\":\"https:\/\/lifesupportdistribution.fr\/de\/\",\"name\":\"Life Support Distribution\",\"description\":\"Solutions en simulation m\u00e9dicale\",\"publisher\":{\"@id\":\"https:\/\/lifesupportdistribution.fr\/de\/#organization\"},\"potentialAction\":[{\"@type\":\"SearchAction\",\"target\":{\"@type\":\"EntryPoint\",\"urlTemplate\":\"https:\/\/lifesupportdistribution.fr\/de\/?s={search_term_string}\"},\"query-input\":{\"@type\":\"PropertyValueSpecification\",\"valueRequired\":true,\"valueName\":\"search_term_string\"}}],\"inLanguage\":\"de\"},{\"@type\":\"Organization\",\"@id\":\"https:\/\/lifesupportdistribution.fr\/de\/#organization\",\"name\":\"Life Support Distribution\",\"url\":\"https:\/\/lifesupportdistribution.fr\/de\/\",\"logo\":{\"@type\":\"ImageObject\",\"inLanguage\":\"de\",\"@id\":\"https:\/\/lifesupportdistribution.fr\/de\/#\/schema\/logo\/image\/\",\"url\":\"https:\/\/lifesupportdistribution.fr\/wp-content\/uploads\/2025\/10\/logo-life-support-distribution.svg\",\"contentUrl\":\"https:\/\/lifesupportdistribution.fr\/wp-content\/uploads\/2025\/10\/logo-life-support-distribution.svg\",\"width\":698,\"height\":223,\"caption\":\"Life Support Distribution\"},\"image\":{\"@id\":\"https:\/\/lifesupportdistribution.fr\/de\/#\/schema\/logo\/image\/\"},\"sameAs\":[\"https:\/\/www.linkedin.com\/company\/life-support-distribution\/\"]}]}<\/script>\n<!-- \/ Yoast SEO plugin. -->","yoast_head_json":{"title":"P\u00e4diatrischer Simulator M56B \u2013 Schulung in der Kinderpflege","description":"Der M56B Simulator schult in der p\u00e4diatrischen Versorgung: Ern\u00e4hrung, Atemwege, Sondierung, PEG, IV-Punktion und sichere Patientenhandhabung.","robots":{"index":"index","follow":"follow","max-snippet":"max-snippet:-1","max-image-preview":"max-image-preview:large","max-video-preview":"max-video-preview:-1"},"canonical":"https:\/\/lifesupportdistribution.fr\/de\/produkt\/paediatrischer-patientenpflegesimulator\/","og_locale":"de_DE","og_type":"article","og_title":"P\u00e4diatrischer Simulator M56B \u2013 Schulung in der Kinderpflege","og_description":"Der M56B Simulator schult in der p\u00e4diatrischen Versorgung: Ern\u00e4hrung, Atemwege, Sondierung, PEG, IV-Punktion und sichere Patientenhandhabung.","og_url":"https:\/\/lifesupportdistribution.fr\/de\/produkt\/paediatrischer-patientenpflegesimulator\/","og_site_name":"Life Support Distribution","og_image":[{"width":1000,"height":1000,"url":"https:\/\/lifesupportdistribution.fr\/wp-content\/uploads\/2025\/12\/Simulateur-de-soins-aux-patients-pediatriques.jpg","type":"image\/jpeg"}],"twitter_card":"summary_large_image","twitter_misc":{"Gesch\u00e4tzte Lesezeit":"1\u00a0Minute"},"schema":{"@context":"https:\/\/schema.org","@graph":[{"@type":"WebPage","@id":"https:\/\/lifesupportdistribution.fr\/de\/produkt\/paediatrischer-patientenpflegesimulator\/","url":"https:\/\/lifesupportdistribution.fr\/de\/produkt\/paediatrischer-patientenpflegesimulator\/","name":"P\u00e4diatrischer Simulator M56B \u2013 Schulung in der Kinderpflege","isPartOf":{"@id":"https:\/\/lifesupportdistribution.fr\/de\/#website"},"primaryImageOfPage":{"@id":"https:\/\/lifesupportdistribution.fr\/de\/produkt\/paediatrischer-patientenpflegesimulator\/#primaryimage"},"image":{"@id":"https:\/\/lifesupportdistribution.fr\/de\/produkt\/paediatrischer-patientenpflegesimulator\/#primaryimage"},"thumbnailUrl":"https:\/\/lifesupportdistribution.fr\/wp-content\/uploads\/2025\/12\/Simulateur-de-soins-aux-patients-pediatriques.jpg","datePublished":"2025-12-05T14:58:25+00:00","description":"Der M56B Simulator schult in der p\u00e4diatrischen Versorgung: Ern\u00e4hrung, Atemwege, Sondierung, PEG, IV-Punktion und sichere Patientenhandhabung.","breadcrumb":{"@id":"https:\/\/lifesupportdistribution.fr\/de\/produkt\/paediatrischer-patientenpflegesimulator\/#breadcrumb"},"inLanguage":"de","potentialAction":[{"@type":"ReadAction","target":["https:\/\/lifesupportdistribution.fr\/de\/produkt\/paediatrischer-patientenpflegesimulator\/"]}]},{"@type":"ImageObject","inLanguage":"de","@id":"https:\/\/lifesupportdistribution.fr\/de\/produkt\/paediatrischer-patientenpflegesimulator\/#primaryimage","url":"https:\/\/lifesupportdistribution.fr\/wp-content\/uploads\/2025\/12\/Simulateur-de-soins-aux-patients-pediatriques.jpg","contentUrl":"https:\/\/lifesupportdistribution.fr\/wp-content\/uploads\/2025\/12\/Simulateur-de-soins-aux-patients-pediatriques.jpg","width":1000,"height":1000},{"@type":"BreadcrumbList","@id":"https:\/\/lifesupportdistribution.fr\/de\/produkt\/paediatrischer-patientenpflegesimulator\/#breadcrumb","itemListElement":[{"@type":"ListItem","position":1,"name":"Accueil","item":"https:\/\/lifesupportdistribution.fr\/de\/startseite\/"},{"@type":"ListItem","position":2,"name":"Shop","item":"https:\/\/lifesupportdistribution.fr\/de\/shop\/"},{"@type":"ListItem","position":3,"name":"P\u00e4diatrischer Patientenpflegesimulator"}]},{"@type":"WebSite","@id":"https:\/\/lifesupportdistribution.fr\/de\/#website","url":"https:\/\/lifesupportdistribution.fr\/de\/","name":"Life Support Distribution","description":"Solutions en simulation m\u00e9dicale","publisher":{"@id":"https:\/\/lifesupportdistribution.fr\/de\/#organization"},"potentialAction":[{"@type":"SearchAction","target":{"@type":"EntryPoint","urlTemplate":"https:\/\/lifesupportdistribution.fr\/de\/?s={search_term_string}"},"query-input":{"@type":"PropertyValueSpecification","valueRequired":true,"valueName":"search_term_string"}}],"inLanguage":"de"},{"@type":"Organization","@id":"https:\/\/lifesupportdistribution.fr\/de\/#organization","name":"Life Support Distribution","url":"https:\/\/lifesupportdistribution.fr\/de\/","logo":{"@type":"ImageObject","inLanguage":"de","@id":"https:\/\/lifesupportdistribution.fr\/de\/#\/schema\/logo\/image\/","url":"https:\/\/lifesupportdistribution.fr\/wp-content\/uploads\/2025\/10\/logo-life-support-distribution.svg","contentUrl":"https:\/\/lifesupportdistribution.fr\/wp-content\/uploads\/2025\/10\/logo-life-support-distribution.svg","width":698,"height":223,"caption":"Life Support Distribution"},"image":{"@id":"https:\/\/lifesupportdistribution.fr\/de\/#\/schema\/logo\/image\/"},"sameAs":["https:\/\/www.linkedin.com\/company\/life-support-distribution\/"]}]}},"_links":{"self":[{"href":"https:\/\/lifesupportdistribution.fr\/de\/wp-json\/wp\/v2\/product\/5346","targetHints":{"allow":["GET"]}}],"collection":[{"href":"https:\/\/lifesupportdistribution.fr\/de\/wp-json\/wp\/v2\/product"}],"about":[{"href":"https:\/\/lifesupportdistribution.fr\/de\/wp-json\/wp\/v2\/types\/product"}],"wp:featuredmedia":[{"embeddable":true,"href":"https:\/\/lifesupportdistribution.fr\/de\/wp-json\/wp\/v2\/media\/3058"}],"wp:attachment":[{"href":"https:\/\/lifesupportdistribution.fr\/de\/wp-json\/wp\/v2\/media?parent=5346"}],"wp:term":[{"taxonomy":"product_brand","embeddable":true,"href":"https:\/\/lifesupportdistribution.fr\/de\/wp-json\/wp\/v2\/product_brand?post=5346"},{"taxonomy":"product_cat","embeddable":true,"href":"https:\/\/lifesupportdistribution.fr\/de\/wp-json\/wp\/v2\/product_cat?post=5346"},{"taxonomy":"product_tag","embeddable":true,"href":"https:\/\/lifesupportdistribution.fr\/de\/wp-json\/wp\/v2\/product_tag?post=5346"}],"curies":[{"name":"wp","href":"https:\/\/api.w.org\/{rel}","templated":true}]}}