{"id":5370,"date":"2025-12-05T15:30:47","date_gmt":"2025-12-05T14:30:47","guid":{"rendered":"https:\/\/lifesupportdistribution.fr\/produits\/trucvc-fortgeschrittener-simulator-fuer-die-ultraschallgesteuerte-anlage-eines-zentralen-venenkatheters\/"},"modified":"2025-12-05T15:30:47","modified_gmt":"2025-12-05T14:30:47","slug":"trucvc-fortgeschrittener-simulator-fuer-die-ultraschallgesteuerte-anlage-eines-zentralen-venenkatheters","status":"publish","type":"product","link":"https:\/\/lifesupportdistribution.fr\/de\/produkt\/trucvc-fortgeschrittener-simulator-fuer-die-ultraschallgesteuerte-anlage-eines-zentralen-venenkatheters\/","title":{"rendered":"TruCVC \u2013 Fortgeschrittener Simulator f\u00fcr die ultraschallgesteuerte Anlage eines zentralen Venenkatheters"},"content":{"rendered":"<p>Der TruCVC Simulator bietet eine umfassende und realistische Lernerfahrung, die f\u00fcr alle Ausbildungsstufen in Medizin und Krankenpflege geeignet ist. Er erm\u00f6glicht es den Lernenden, die ultraschallgesteuerte Punktion der Vena jugularis interna oder der Vena subclavia zu beherrschen, w\u00e4hrend sie gleichzeitig ihre manuelle Geschicklichkeit und ihr anatomisches Verst\u00e4ndnis entwickeln.<br \/>\nDank seines klaren Ultraschallbildes, seiner tastbaren anatomischen Landmarken und seiner Reaktionsf\u00e4higkeit auf die Punktion reproduziert dieser Simulator die Empfindungen der klinischen Praxis originalgetreu. Sein Design erleichtert die Installation und Wartung, was ihn ideal f\u00fcr intensive medizinische Simulationssitzungen macht.  <\/p>\n","protected":false},"excerpt":{"rendered":"<p>Der TruCVC ist ein hochpr\u00e4ziser Simulator, der f\u00fcr das Erlernen der ultraschallgesteuerten Anlage eines zentralen Venenkatheters (ZVK) entwickelt wurde. Er reproduziert originalgetreu die vaskul\u00e4re Anatomie der Vena jugularis interna und der Vena subclavia und erm\u00f6glicht das \u00dcben der Punktion, der F\u00fchrungskabelmanipulation und der Katheterinsertion nach der Seldinger-Technik.<br \/>\nHergestellt aus einem selbstheilenden TruUltra-Material, h\u00e4lt er \u00fcber 40.000 Punktionen und 40 vollst\u00e4ndige Anlagen stand, wobei bis zu 90 % der Nadelspuren innerhalb von 24 Stunden im Ultraschall verschwinden. Dieses Modell kombiniert Haltbarkeit, Realismus und universelle Kompatibilit\u00e4t mit den auf dem Markt erh\u00e4ltlichen Ultraschallger\u00e4ten f\u00fcr ein umfassendes und nachhaltiges Training.  <\/p>\n","protected":false},"featured_media":3084,"template":"","meta":[],"product_brand":[212],"product_cat":[222],"product_tag":[237,252,245,236],"class_list":{"0":"post-5370","1":"product","2":"type-product","3":"status-publish","4":"has-post-thumbnail","6":"product_brand-trucorp","7":"product_cat-simulatoren-fur-medizinische-versorgung","8":"product_tag-anasthesie","9":"product_tag-intensivmedizin","10":"product_tag-intensivpflege","11":"product_tag-notfallmedizin","13":"first","14":"instock","15":"shipping-taxable","16":"purchasable","17":"product-type-simple"},"yoast_head":"<!-- This site is optimized with the Yoast SEO plugin v26.8 - https:\/\/yoast.com\/product\/yoast-seo-wordpress\/ -->\n<title>TruCVC \u2013 Ultraschall-Zentralvenenkatheter<\/title>\n<meta name=\"description\" content=\"TruCVC von TruCorp zum Erlernen der fortgeschrittenen ultraschallgesteuerten Zentralvenenkatheteranlage. Realistisches Modell f\u00fcr pr\u00e4zise und sichere Handgriffe.\" \/>\n<meta name=\"robots\" content=\"index, follow, max-snippet:-1, max-image-preview:large, max-video-preview:-1\" \/>\n<link rel=\"canonical\" href=\"https:\/\/lifesupportdistribution.fr\/de\/produkt\/trucvc-fortgeschrittener-simulator-fuer-die-ultraschallgesteuerte-anlage-eines-zentralen-venenkatheters\/\" \/>\n<meta property=\"og:locale\" content=\"de_DE\" \/>\n<meta property=\"og:type\" content=\"article\" \/>\n<meta property=\"og:title\" content=\"TruCVC \u2013 Ultraschall-Zentralvenenkatheter\" \/>\n<meta property=\"og:description\" content=\"TruCVC von TruCorp zum Erlernen der fortgeschrittenen ultraschallgesteuerten Zentralvenenkatheteranlage. Realistisches Modell f\u00fcr pr\u00e4zise und sichere Handgriffe.\" \/>\n<meta property=\"og:url\" content=\"https:\/\/lifesupportdistribution.fr\/de\/produkt\/trucvc-fortgeschrittener-simulator-fuer-die-ultraschallgesteuerte-anlage-eines-zentralen-venenkatheters\/\" \/>\n<meta property=\"og:site_name\" content=\"Life Support Distribution\" \/>\n<meta property=\"og:image\" content=\"https:\/\/lifesupportdistribution.fr\/wp-content\/uploads\/2025\/12\/Photo-TruCVC-1.png\" \/>\n\t<meta property=\"og:image:width\" content=\"1328\" \/>\n\t<meta property=\"og:image:height\" content=\"664\" \/>\n\t<meta property=\"og:image:type\" content=\"image\/png\" \/>\n<meta name=\"twitter:card\" content=\"summary_large_image\" \/>\n<script type=\"application\/ld+json\" class=\"yoast-schema-graph\">{\"@context\":\"https:\/\/schema.org\",\"@graph\":[{\"@type\":\"WebPage\",\"@id\":\"https:\/\/lifesupportdistribution.fr\/de\/produkt\/trucvc-fortgeschrittener-simulator-fuer-die-ultraschallgesteuerte-anlage-eines-zentralen-venenkatheters\/\",\"url\":\"https:\/\/lifesupportdistribution.fr\/de\/produkt\/trucvc-fortgeschrittener-simulator-fuer-die-ultraschallgesteuerte-anlage-eines-zentralen-venenkatheters\/\",\"name\":\"TruCVC \u2013 Ultraschall-Zentralvenenkatheter\",\"isPartOf\":{\"@id\":\"https:\/\/lifesupportdistribution.fr\/de\/#website\"},\"primaryImageOfPage\":{\"@id\":\"https:\/\/lifesupportdistribution.fr\/de\/produkt\/trucvc-fortgeschrittener-simulator-fuer-die-ultraschallgesteuerte-anlage-eines-zentralen-venenkatheters\/#primaryimage\"},\"image\":{\"@id\":\"https:\/\/lifesupportdistribution.fr\/de\/produkt\/trucvc-fortgeschrittener-simulator-fuer-die-ultraschallgesteuerte-anlage-eines-zentralen-venenkatheters\/#primaryimage\"},\"thumbnailUrl\":\"https:\/\/lifesupportdistribution.fr\/wp-content\/uploads\/2025\/12\/Photo-TruCVC-1.png\",\"datePublished\":\"2025-12-05T14:30:47+00:00\",\"description\":\"TruCVC von TruCorp zum Erlernen der fortgeschrittenen ultraschallgesteuerten Zentralvenenkatheteranlage. Realistisches Modell f\u00fcr pr\u00e4zise und sichere Handgriffe.\",\"breadcrumb\":{\"@id\":\"https:\/\/lifesupportdistribution.fr\/de\/produkt\/trucvc-fortgeschrittener-simulator-fuer-die-ultraschallgesteuerte-anlage-eines-zentralen-venenkatheters\/#breadcrumb\"},\"inLanguage\":\"de\",\"potentialAction\":[{\"@type\":\"ReadAction\",\"target\":[\"https:\/\/lifesupportdistribution.fr\/de\/produkt\/trucvc-fortgeschrittener-simulator-fuer-die-ultraschallgesteuerte-anlage-eines-zentralen-venenkatheters\/\"]}]},{\"@type\":\"ImageObject\",\"inLanguage\":\"de\",\"@id\":\"https:\/\/lifesupportdistribution.fr\/de\/produkt\/trucvc-fortgeschrittener-simulator-fuer-die-ultraschallgesteuerte-anlage-eines-zentralen-venenkatheters\/#primaryimage\",\"url\":\"https:\/\/lifesupportdistribution.fr\/wp-content\/uploads\/2025\/12\/Photo-TruCVC-1.png\",\"contentUrl\":\"https:\/\/lifesupportdistribution.fr\/wp-content\/uploads\/2025\/12\/Photo-TruCVC-1.png\",\"width\":1328,\"height\":664},{\"@type\":\"BreadcrumbList\",\"@id\":\"https:\/\/lifesupportdistribution.fr\/de\/produkt\/trucvc-fortgeschrittener-simulator-fuer-die-ultraschallgesteuerte-anlage-eines-zentralen-venenkatheters\/#breadcrumb\",\"itemListElement\":[{\"@type\":\"ListItem\",\"position\":1,\"name\":\"Accueil\",\"item\":\"https:\/\/lifesupportdistribution.fr\/de\/startseite\/\"},{\"@type\":\"ListItem\",\"position\":2,\"name\":\"Shop\",\"item\":\"https:\/\/lifesupportdistribution.fr\/de\/shop\/\"},{\"@type\":\"ListItem\",\"position\":3,\"name\":\"TruCVC \u2013 Fortgeschrittener Simulator f\u00fcr die ultraschallgesteuerte Anlage eines zentralen Venenkatheters\"}]},{\"@type\":\"WebSite\",\"@id\":\"https:\/\/lifesupportdistribution.fr\/de\/#website\",\"url\":\"https:\/\/lifesupportdistribution.fr\/de\/\",\"name\":\"Life Support Distribution\",\"description\":\"Solutions en simulation m\u00e9dicale\",\"publisher\":{\"@id\":\"https:\/\/lifesupportdistribution.fr\/de\/#organization\"},\"potentialAction\":[{\"@type\":\"SearchAction\",\"target\":{\"@type\":\"EntryPoint\",\"urlTemplate\":\"https:\/\/lifesupportdistribution.fr\/de\/?s={search_term_string}\"},\"query-input\":{\"@type\":\"PropertyValueSpecification\",\"valueRequired\":true,\"valueName\":\"search_term_string\"}}],\"inLanguage\":\"de\"},{\"@type\":\"Organization\",\"@id\":\"https:\/\/lifesupportdistribution.fr\/de\/#organization\",\"name\":\"Life Support Distribution\",\"url\":\"https:\/\/lifesupportdistribution.fr\/de\/\",\"logo\":{\"@type\":\"ImageObject\",\"inLanguage\":\"de\",\"@id\":\"https:\/\/lifesupportdistribution.fr\/de\/#\/schema\/logo\/image\/\",\"url\":\"https:\/\/lifesupportdistribution.fr\/wp-content\/uploads\/2025\/10\/logo-life-support-distribution.svg\",\"contentUrl\":\"https:\/\/lifesupportdistribution.fr\/wp-content\/uploads\/2025\/10\/logo-life-support-distribution.svg\",\"width\":698,\"height\":223,\"caption\":\"Life Support Distribution\"},\"image\":{\"@id\":\"https:\/\/lifesupportdistribution.fr\/de\/#\/schema\/logo\/image\/\"},\"sameAs\":[\"https:\/\/www.linkedin.com\/company\/life-support-distribution\/\"]}]}<\/script>\n<!-- \/ Yoast SEO plugin. -->","yoast_head_json":{"title":"TruCVC \u2013 Ultraschall-Zentralvenenkatheter","description":"TruCVC von TruCorp zum Erlernen der fortgeschrittenen ultraschallgesteuerten Zentralvenenkatheteranlage. Realistisches Modell f\u00fcr pr\u00e4zise und sichere Handgriffe.","robots":{"index":"index","follow":"follow","max-snippet":"max-snippet:-1","max-image-preview":"max-image-preview:large","max-video-preview":"max-video-preview:-1"},"canonical":"https:\/\/lifesupportdistribution.fr\/de\/produkt\/trucvc-fortgeschrittener-simulator-fuer-die-ultraschallgesteuerte-anlage-eines-zentralen-venenkatheters\/","og_locale":"de_DE","og_type":"article","og_title":"TruCVC \u2013 Ultraschall-Zentralvenenkatheter","og_description":"TruCVC von TruCorp zum Erlernen der fortgeschrittenen ultraschallgesteuerten Zentralvenenkatheteranlage. Realistisches Modell f\u00fcr pr\u00e4zise und sichere Handgriffe.","og_url":"https:\/\/lifesupportdistribution.fr\/de\/produkt\/trucvc-fortgeschrittener-simulator-fuer-die-ultraschallgesteuerte-anlage-eines-zentralen-venenkatheters\/","og_site_name":"Life Support Distribution","og_image":[{"width":1328,"height":664,"url":"https:\/\/lifesupportdistribution.fr\/wp-content\/uploads\/2025\/12\/Photo-TruCVC-1.png","type":"image\/png"}],"twitter_card":"summary_large_image","schema":{"@context":"https:\/\/schema.org","@graph":[{"@type":"WebPage","@id":"https:\/\/lifesupportdistribution.fr\/de\/produkt\/trucvc-fortgeschrittener-simulator-fuer-die-ultraschallgesteuerte-anlage-eines-zentralen-venenkatheters\/","url":"https:\/\/lifesupportdistribution.fr\/de\/produkt\/trucvc-fortgeschrittener-simulator-fuer-die-ultraschallgesteuerte-anlage-eines-zentralen-venenkatheters\/","name":"TruCVC \u2013 Ultraschall-Zentralvenenkatheter","isPartOf":{"@id":"https:\/\/lifesupportdistribution.fr\/de\/#website"},"primaryImageOfPage":{"@id":"https:\/\/lifesupportdistribution.fr\/de\/produkt\/trucvc-fortgeschrittener-simulator-fuer-die-ultraschallgesteuerte-anlage-eines-zentralen-venenkatheters\/#primaryimage"},"image":{"@id":"https:\/\/lifesupportdistribution.fr\/de\/produkt\/trucvc-fortgeschrittener-simulator-fuer-die-ultraschallgesteuerte-anlage-eines-zentralen-venenkatheters\/#primaryimage"},"thumbnailUrl":"https:\/\/lifesupportdistribution.fr\/wp-content\/uploads\/2025\/12\/Photo-TruCVC-1.png","datePublished":"2025-12-05T14:30:47+00:00","description":"TruCVC von TruCorp zum Erlernen der fortgeschrittenen ultraschallgesteuerten Zentralvenenkatheteranlage. Realistisches Modell f\u00fcr pr\u00e4zise und sichere Handgriffe.","breadcrumb":{"@id":"https:\/\/lifesupportdistribution.fr\/de\/produkt\/trucvc-fortgeschrittener-simulator-fuer-die-ultraschallgesteuerte-anlage-eines-zentralen-venenkatheters\/#breadcrumb"},"inLanguage":"de","potentialAction":[{"@type":"ReadAction","target":["https:\/\/lifesupportdistribution.fr\/de\/produkt\/trucvc-fortgeschrittener-simulator-fuer-die-ultraschallgesteuerte-anlage-eines-zentralen-venenkatheters\/"]}]},{"@type":"ImageObject","inLanguage":"de","@id":"https:\/\/lifesupportdistribution.fr\/de\/produkt\/trucvc-fortgeschrittener-simulator-fuer-die-ultraschallgesteuerte-anlage-eines-zentralen-venenkatheters\/#primaryimage","url":"https:\/\/lifesupportdistribution.fr\/wp-content\/uploads\/2025\/12\/Photo-TruCVC-1.png","contentUrl":"https:\/\/lifesupportdistribution.fr\/wp-content\/uploads\/2025\/12\/Photo-TruCVC-1.png","width":1328,"height":664},{"@type":"BreadcrumbList","@id":"https:\/\/lifesupportdistribution.fr\/de\/produkt\/trucvc-fortgeschrittener-simulator-fuer-die-ultraschallgesteuerte-anlage-eines-zentralen-venenkatheters\/#breadcrumb","itemListElement":[{"@type":"ListItem","position":1,"name":"Accueil","item":"https:\/\/lifesupportdistribution.fr\/de\/startseite\/"},{"@type":"ListItem","position":2,"name":"Shop","item":"https:\/\/lifesupportdistribution.fr\/de\/shop\/"},{"@type":"ListItem","position":3,"name":"TruCVC \u2013 Fortgeschrittener Simulator f\u00fcr die ultraschallgesteuerte Anlage eines zentralen Venenkatheters"}]},{"@type":"WebSite","@id":"https:\/\/lifesupportdistribution.fr\/de\/#website","url":"https:\/\/lifesupportdistribution.fr\/de\/","name":"Life Support Distribution","description":"Solutions en simulation m\u00e9dicale","publisher":{"@id":"https:\/\/lifesupportdistribution.fr\/de\/#organization"},"potentialAction":[{"@type":"SearchAction","target":{"@type":"EntryPoint","urlTemplate":"https:\/\/lifesupportdistribution.fr\/de\/?s={search_term_string}"},"query-input":{"@type":"PropertyValueSpecification","valueRequired":true,"valueName":"search_term_string"}}],"inLanguage":"de"},{"@type":"Organization","@id":"https:\/\/lifesupportdistribution.fr\/de\/#organization","name":"Life Support Distribution","url":"https:\/\/lifesupportdistribution.fr\/de\/","logo":{"@type":"ImageObject","inLanguage":"de","@id":"https:\/\/lifesupportdistribution.fr\/de\/#\/schema\/logo\/image\/","url":"https:\/\/lifesupportdistribution.fr\/wp-content\/uploads\/2025\/10\/logo-life-support-distribution.svg","contentUrl":"https:\/\/lifesupportdistribution.fr\/wp-content\/uploads\/2025\/10\/logo-life-support-distribution.svg","width":698,"height":223,"caption":"Life Support Distribution"},"image":{"@id":"https:\/\/lifesupportdistribution.fr\/de\/#\/schema\/logo\/image\/"},"sameAs":["https:\/\/www.linkedin.com\/company\/life-support-distribution\/"]}]}},"_links":{"self":[{"href":"https:\/\/lifesupportdistribution.fr\/de\/wp-json\/wp\/v2\/product\/5370","targetHints":{"allow":["GET"]}}],"collection":[{"href":"https:\/\/lifesupportdistribution.fr\/de\/wp-json\/wp\/v2\/product"}],"about":[{"href":"https:\/\/lifesupportdistribution.fr\/de\/wp-json\/wp\/v2\/types\/product"}],"wp:featuredmedia":[{"embeddable":true,"href":"https:\/\/lifesupportdistribution.fr\/de\/wp-json\/wp\/v2\/media\/3084"}],"wp:attachment":[{"href":"https:\/\/lifesupportdistribution.fr\/de\/wp-json\/wp\/v2\/media?parent=5370"}],"wp:term":[{"taxonomy":"product_brand","embeddable":true,"href":"https:\/\/lifesupportdistribution.fr\/de\/wp-json\/wp\/v2\/product_brand?post=5370"},{"taxonomy":"product_cat","embeddable":true,"href":"https:\/\/lifesupportdistribution.fr\/de\/wp-json\/wp\/v2\/product_cat?post=5370"},{"taxonomy":"product_tag","embeddable":true,"href":"https:\/\/lifesupportdistribution.fr\/de\/wp-json\/wp\/v2\/product_tag?post=5370"}],"curies":[{"name":"wp","href":"https:\/\/api.w.org\/{rel}","templated":true}]}}