{"id":5374,"date":"2025-12-05T15:19:32","date_gmt":"2025-12-05T14:19:32","guid":{"rendered":"https:\/\/lifesupportdistribution.fr\/produits\/geburtshilflicher-untersuchungs-simulator\/"},"modified":"2025-12-05T15:19:32","modified_gmt":"2025-12-05T14:19:32","slug":"geburtshilflicher-untersuchungs-simulator","status":"publish","type":"product","link":"https:\/\/lifesupportdistribution.fr\/de\/produkt\/geburtshilflicher-untersuchungs-simulator\/","title":{"rendered":"Geburtshilflicher Untersuchungs-Simulator"},"content":{"rendered":"<p>Der geburtshilfliche Untersuchungs-Simulator Kyoto Kagaku MW34 bietet eine umfassende Lernerfahrung f\u00fcr die abdominale Palpation, pr\u00e4natale Auskultation und die Messung m\u00fctterlicher Orientierungspunkte.<br \/>\nDank seines flexiblen und langlebigen Schwangerschaftstorsos erm\u00f6glicht er die Simulation verschiedener realistischer klinischer Szenarien, einschlie\u00dflich der Rotation und Position des F\u00f6tus.<br \/>\nDie Leopold-Man\u00f6ver k\u00f6nnen pr\u00e4zise ge\u00fcbt werden, um die Lage, Position und H\u00f6he des fetalen Kopfes zu bestimmen.<br \/>\nEchte f\u00f6tale Herzt\u00f6ne und die integrierte Fernbedienung erleichtern die Reproduktion verschiedener Situationen, wie z.B. Rhythmusvariationen oder die Wahrnehmung mittels Stethoskop und Doppler.<br \/>\nLernende k\u00f6nnen auch Messungen der Uterush\u00f6he und des Bauchumfangs durchf\u00fchren, um das Wachstum und die Position des F\u00f6tus zu beurteilen.<br \/>\nKompakt und robust, ist dieses Modell perfekt f\u00fcr geburtshilfliche Simulationszentren und Hebammenschulen geeignet.<\/p>\n","protected":false},"excerpt":{"rendered":"<p>Der Kyoto Kagaku MW34 Simulator erm\u00f6glicht das Training der geburtshilflichen Palpation und der fetalen Auskultation an einem realistischen Schwangerschaftsmodell, das 39\u201340 Wochen entspricht.<br \/>\nEntwickelt f\u00fcr die Ausbildung von Hebammen, \u00c4rzten und Studierenden der Geburtshilfe, reproduziert er naturgetreu anatomische Orientierungspunkte, fetale Bewegungen und Herzt\u00f6ne.<br \/>\nEin ideales Werkzeug f\u00fcr die Lehre wesentlicher klinischer Handgriffe in der Geburtshilfe.<\/p>\n","protected":false},"featured_media":3073,"template":"","meta":[],"product_brand":[200],"product_cat":[222],"product_tag":[233],"class_list":{"0":"post-5374","1":"product","2":"type-product","3":"status-publish","4":"has-post-thumbnail","6":"product_brand-kyoto-kagaku","7":"product_cat-simulatoren-fur-medizinische-versorgung","8":"product_tag-geburtshilfe-gynakologie","10":"first","11":"instock","12":"shipping-taxable","13":"purchasable","14":"product-type-simple"},"yoast_head":"<!-- This site is optimized with the Yoast SEO plugin v26.8 - https:\/\/yoast.com\/product\/yoast-seo-wordpress\/ -->\n<title>Geburtshilflicher Untersuchungs-Simulator MW34 \u2013 Kyoto Kagaku<\/title>\n<meta name=\"description\" content=\"MW34 Simulator zum Erlernen der fetalen Palpation und Auskultation an einem realistischen Schwangerschaftsmodell, ideal f\u00fcr Hebammen und Studierende.\" \/>\n<meta name=\"robots\" content=\"index, follow, max-snippet:-1, max-image-preview:large, max-video-preview:-1\" \/>\n<link rel=\"canonical\" href=\"https:\/\/lifesupportdistribution.fr\/de\/produkt\/geburtshilflicher-untersuchungs-simulator\/\" \/>\n<meta property=\"og:locale\" content=\"de_DE\" \/>\n<meta property=\"og:type\" content=\"article\" \/>\n<meta property=\"og:title\" content=\"Geburtshilflicher Untersuchungs-Simulator MW34 \u2013 Kyoto Kagaku\" \/>\n<meta property=\"og:description\" content=\"MW34 Simulator zum Erlernen der fetalen Palpation und Auskultation an einem realistischen Schwangerschaftsmodell, ideal f\u00fcr Hebammen und Studierende.\" \/>\n<meta property=\"og:url\" content=\"https:\/\/lifesupportdistribution.fr\/de\/produkt\/geburtshilflicher-untersuchungs-simulator\/\" \/>\n<meta property=\"og:site_name\" content=\"Life Support Distribution\" \/>\n<meta property=\"og:image\" content=\"https:\/\/lifesupportdistribution.fr\/wp-content\/uploads\/2025\/12\/Simulateur-dexamen-obstetrical.jpg\" \/>\n\t<meta property=\"og:image:width\" content=\"1000\" \/>\n\t<meta property=\"og:image:height\" content=\"1000\" \/>\n\t<meta property=\"og:image:type\" content=\"image\/jpeg\" \/>\n<meta name=\"twitter:card\" content=\"summary_large_image\" \/>\n<meta name=\"twitter:label1\" content=\"Gesch\u00e4tzte Lesezeit\" \/>\n\t<meta name=\"twitter:data1\" content=\"1\u00a0Minute\" \/>\n<script type=\"application\/ld+json\" class=\"yoast-schema-graph\">{\"@context\":\"https:\/\/schema.org\",\"@graph\":[{\"@type\":\"WebPage\",\"@id\":\"https:\/\/lifesupportdistribution.fr\/de\/produkt\/geburtshilflicher-untersuchungs-simulator\/\",\"url\":\"https:\/\/lifesupportdistribution.fr\/de\/produkt\/geburtshilflicher-untersuchungs-simulator\/\",\"name\":\"Geburtshilflicher Untersuchungs-Simulator MW34 \u2013 Kyoto Kagaku\",\"isPartOf\":{\"@id\":\"https:\/\/lifesupportdistribution.fr\/de\/#website\"},\"primaryImageOfPage\":{\"@id\":\"https:\/\/lifesupportdistribution.fr\/de\/produkt\/geburtshilflicher-untersuchungs-simulator\/#primaryimage\"},\"image\":{\"@id\":\"https:\/\/lifesupportdistribution.fr\/de\/produkt\/geburtshilflicher-untersuchungs-simulator\/#primaryimage\"},\"thumbnailUrl\":\"https:\/\/lifesupportdistribution.fr\/wp-content\/uploads\/2025\/12\/Simulateur-dexamen-obstetrical.jpg\",\"datePublished\":\"2025-12-05T14:19:32+00:00\",\"description\":\"MW34 Simulator zum Erlernen der fetalen Palpation und Auskultation an einem realistischen Schwangerschaftsmodell, ideal f\u00fcr Hebammen und Studierende.\",\"breadcrumb\":{\"@id\":\"https:\/\/lifesupportdistribution.fr\/de\/produkt\/geburtshilflicher-untersuchungs-simulator\/#breadcrumb\"},\"inLanguage\":\"de\",\"potentialAction\":[{\"@type\":\"ReadAction\",\"target\":[\"https:\/\/lifesupportdistribution.fr\/de\/produkt\/geburtshilflicher-untersuchungs-simulator\/\"]}]},{\"@type\":\"ImageObject\",\"inLanguage\":\"de\",\"@id\":\"https:\/\/lifesupportdistribution.fr\/de\/produkt\/geburtshilflicher-untersuchungs-simulator\/#primaryimage\",\"url\":\"https:\/\/lifesupportdistribution.fr\/wp-content\/uploads\/2025\/12\/Simulateur-dexamen-obstetrical.jpg\",\"contentUrl\":\"https:\/\/lifesupportdistribution.fr\/wp-content\/uploads\/2025\/12\/Simulateur-dexamen-obstetrical.jpg\",\"width\":1000,\"height\":1000},{\"@type\":\"BreadcrumbList\",\"@id\":\"https:\/\/lifesupportdistribution.fr\/de\/produkt\/geburtshilflicher-untersuchungs-simulator\/#breadcrumb\",\"itemListElement\":[{\"@type\":\"ListItem\",\"position\":1,\"name\":\"Accueil\",\"item\":\"https:\/\/lifesupportdistribution.fr\/de\/startseite\/\"},{\"@type\":\"ListItem\",\"position\":2,\"name\":\"Shop\",\"item\":\"https:\/\/lifesupportdistribution.fr\/de\/shop\/\"},{\"@type\":\"ListItem\",\"position\":3,\"name\":\"Geburtshilflicher Untersuchungs-Simulator\"}]},{\"@type\":\"WebSite\",\"@id\":\"https:\/\/lifesupportdistribution.fr\/de\/#website\",\"url\":\"https:\/\/lifesupportdistribution.fr\/de\/\",\"name\":\"Life Support Distribution\",\"description\":\"Solutions en simulation m\u00e9dicale\",\"publisher\":{\"@id\":\"https:\/\/lifesupportdistribution.fr\/de\/#organization\"},\"potentialAction\":[{\"@type\":\"SearchAction\",\"target\":{\"@type\":\"EntryPoint\",\"urlTemplate\":\"https:\/\/lifesupportdistribution.fr\/de\/?s={search_term_string}\"},\"query-input\":{\"@type\":\"PropertyValueSpecification\",\"valueRequired\":true,\"valueName\":\"search_term_string\"}}],\"inLanguage\":\"de\"},{\"@type\":\"Organization\",\"@id\":\"https:\/\/lifesupportdistribution.fr\/de\/#organization\",\"name\":\"Life Support Distribution\",\"url\":\"https:\/\/lifesupportdistribution.fr\/de\/\",\"logo\":{\"@type\":\"ImageObject\",\"inLanguage\":\"de\",\"@id\":\"https:\/\/lifesupportdistribution.fr\/de\/#\/schema\/logo\/image\/\",\"url\":\"https:\/\/lifesupportdistribution.fr\/wp-content\/uploads\/2025\/10\/logo-life-support-distribution.svg\",\"contentUrl\":\"https:\/\/lifesupportdistribution.fr\/wp-content\/uploads\/2025\/10\/logo-life-support-distribution.svg\",\"width\":698,\"height\":223,\"caption\":\"Life Support Distribution\"},\"image\":{\"@id\":\"https:\/\/lifesupportdistribution.fr\/de\/#\/schema\/logo\/image\/\"},\"sameAs\":[\"https:\/\/www.linkedin.com\/company\/life-support-distribution\/\"]}]}<\/script>\n<!-- \/ Yoast SEO plugin. -->","yoast_head_json":{"title":"Geburtshilflicher Untersuchungs-Simulator MW34 \u2013 Kyoto Kagaku","description":"MW34 Simulator zum Erlernen der fetalen Palpation und Auskultation an einem realistischen Schwangerschaftsmodell, ideal f\u00fcr Hebammen und Studierende.","robots":{"index":"index","follow":"follow","max-snippet":"max-snippet:-1","max-image-preview":"max-image-preview:large","max-video-preview":"max-video-preview:-1"},"canonical":"https:\/\/lifesupportdistribution.fr\/de\/produkt\/geburtshilflicher-untersuchungs-simulator\/","og_locale":"de_DE","og_type":"article","og_title":"Geburtshilflicher Untersuchungs-Simulator MW34 \u2013 Kyoto Kagaku","og_description":"MW34 Simulator zum Erlernen der fetalen Palpation und Auskultation an einem realistischen Schwangerschaftsmodell, ideal f\u00fcr Hebammen und Studierende.","og_url":"https:\/\/lifesupportdistribution.fr\/de\/produkt\/geburtshilflicher-untersuchungs-simulator\/","og_site_name":"Life Support Distribution","og_image":[{"width":1000,"height":1000,"url":"https:\/\/lifesupportdistribution.fr\/wp-content\/uploads\/2025\/12\/Simulateur-dexamen-obstetrical.jpg","type":"image\/jpeg"}],"twitter_card":"summary_large_image","twitter_misc":{"Gesch\u00e4tzte Lesezeit":"1\u00a0Minute"},"schema":{"@context":"https:\/\/schema.org","@graph":[{"@type":"WebPage","@id":"https:\/\/lifesupportdistribution.fr\/de\/produkt\/geburtshilflicher-untersuchungs-simulator\/","url":"https:\/\/lifesupportdistribution.fr\/de\/produkt\/geburtshilflicher-untersuchungs-simulator\/","name":"Geburtshilflicher Untersuchungs-Simulator MW34 \u2013 Kyoto Kagaku","isPartOf":{"@id":"https:\/\/lifesupportdistribution.fr\/de\/#website"},"primaryImageOfPage":{"@id":"https:\/\/lifesupportdistribution.fr\/de\/produkt\/geburtshilflicher-untersuchungs-simulator\/#primaryimage"},"image":{"@id":"https:\/\/lifesupportdistribution.fr\/de\/produkt\/geburtshilflicher-untersuchungs-simulator\/#primaryimage"},"thumbnailUrl":"https:\/\/lifesupportdistribution.fr\/wp-content\/uploads\/2025\/12\/Simulateur-dexamen-obstetrical.jpg","datePublished":"2025-12-05T14:19:32+00:00","description":"MW34 Simulator zum Erlernen der fetalen Palpation und Auskultation an einem realistischen Schwangerschaftsmodell, ideal f\u00fcr Hebammen und Studierende.","breadcrumb":{"@id":"https:\/\/lifesupportdistribution.fr\/de\/produkt\/geburtshilflicher-untersuchungs-simulator\/#breadcrumb"},"inLanguage":"de","potentialAction":[{"@type":"ReadAction","target":["https:\/\/lifesupportdistribution.fr\/de\/produkt\/geburtshilflicher-untersuchungs-simulator\/"]}]},{"@type":"ImageObject","inLanguage":"de","@id":"https:\/\/lifesupportdistribution.fr\/de\/produkt\/geburtshilflicher-untersuchungs-simulator\/#primaryimage","url":"https:\/\/lifesupportdistribution.fr\/wp-content\/uploads\/2025\/12\/Simulateur-dexamen-obstetrical.jpg","contentUrl":"https:\/\/lifesupportdistribution.fr\/wp-content\/uploads\/2025\/12\/Simulateur-dexamen-obstetrical.jpg","width":1000,"height":1000},{"@type":"BreadcrumbList","@id":"https:\/\/lifesupportdistribution.fr\/de\/produkt\/geburtshilflicher-untersuchungs-simulator\/#breadcrumb","itemListElement":[{"@type":"ListItem","position":1,"name":"Accueil","item":"https:\/\/lifesupportdistribution.fr\/de\/startseite\/"},{"@type":"ListItem","position":2,"name":"Shop","item":"https:\/\/lifesupportdistribution.fr\/de\/shop\/"},{"@type":"ListItem","position":3,"name":"Geburtshilflicher Untersuchungs-Simulator"}]},{"@type":"WebSite","@id":"https:\/\/lifesupportdistribution.fr\/de\/#website","url":"https:\/\/lifesupportdistribution.fr\/de\/","name":"Life Support Distribution","description":"Solutions en simulation m\u00e9dicale","publisher":{"@id":"https:\/\/lifesupportdistribution.fr\/de\/#organization"},"potentialAction":[{"@type":"SearchAction","target":{"@type":"EntryPoint","urlTemplate":"https:\/\/lifesupportdistribution.fr\/de\/?s={search_term_string}"},"query-input":{"@type":"PropertyValueSpecification","valueRequired":true,"valueName":"search_term_string"}}],"inLanguage":"de"},{"@type":"Organization","@id":"https:\/\/lifesupportdistribution.fr\/de\/#organization","name":"Life Support Distribution","url":"https:\/\/lifesupportdistribution.fr\/de\/","logo":{"@type":"ImageObject","inLanguage":"de","@id":"https:\/\/lifesupportdistribution.fr\/de\/#\/schema\/logo\/image\/","url":"https:\/\/lifesupportdistribution.fr\/wp-content\/uploads\/2025\/10\/logo-life-support-distribution.svg","contentUrl":"https:\/\/lifesupportdistribution.fr\/wp-content\/uploads\/2025\/10\/logo-life-support-distribution.svg","width":698,"height":223,"caption":"Life Support Distribution"},"image":{"@id":"https:\/\/lifesupportdistribution.fr\/de\/#\/schema\/logo\/image\/"},"sameAs":["https:\/\/www.linkedin.com\/company\/life-support-distribution\/"]}]}},"_links":{"self":[{"href":"https:\/\/lifesupportdistribution.fr\/de\/wp-json\/wp\/v2\/product\/5374","targetHints":{"allow":["GET"]}}],"collection":[{"href":"https:\/\/lifesupportdistribution.fr\/de\/wp-json\/wp\/v2\/product"}],"about":[{"href":"https:\/\/lifesupportdistribution.fr\/de\/wp-json\/wp\/v2\/types\/product"}],"wp:featuredmedia":[{"embeddable":true,"href":"https:\/\/lifesupportdistribution.fr\/de\/wp-json\/wp\/v2\/media\/3073"}],"wp:attachment":[{"href":"https:\/\/lifesupportdistribution.fr\/de\/wp-json\/wp\/v2\/media?parent=5374"}],"wp:term":[{"taxonomy":"product_brand","embeddable":true,"href":"https:\/\/lifesupportdistribution.fr\/de\/wp-json\/wp\/v2\/product_brand?post=5374"},{"taxonomy":"product_cat","embeddable":true,"href":"https:\/\/lifesupportdistribution.fr\/de\/wp-json\/wp\/v2\/product_cat?post=5374"},{"taxonomy":"product_tag","embeddable":true,"href":"https:\/\/lifesupportdistribution.fr\/de\/wp-json\/wp\/v2\/product_tag?post=5374"}],"curies":[{"name":"wp","href":"https:\/\/api.w.org\/{rel}","templated":true}]}}