{"id":5394,"date":"2025-12-05T13:59:31","date_gmt":"2025-12-05T12:59:31","guid":{"rendered":"https:\/\/lifesupportdistribution.fr\/produits\/airsim-baby-x-saeuglings-atemwegsmanagement-simulator\/"},"modified":"2025-12-05T13:59:31","modified_gmt":"2025-12-05T12:59:31","slug":"airsim-baby-x-saeuglings-atemwegsmanagement-simulator","status":"publish","type":"product","link":"https:\/\/lifesupportdistribution.fr\/de\/produkt\/airsim-baby-x-saeuglings-atemwegsmanagement-simulator\/","title":{"rendered":"AirSim Baby X \u2013 S\u00e4uglings-Atemwegsmanagement-Simulator"},"content":{"rendered":"<p>Entwickelt f\u00fcr Ausbilder und Simulationszentren in der p\u00e4diatrischen Versorgung, erm\u00f6glicht der AirSim Baby X ein realistisches und sicheres \u00dcben von Intubations- und Beatmungstechniken. Dank seines sofortigen Feedback-Systems k\u00f6nnen Lernende die Qualit\u00e4t ihrer Handgriffe in Echtzeit beobachten, Fehler korrigieren und ihre klinische Koordination st\u00e4rken.<br \/>\nSeine au\u00dfergew\u00f6hnliche Haltbarkeit, getestet \u00fcber 20.000 Intubationszyklen, gew\u00e4hrleistet einen intensiven Einsatz ohne Beeintr\u00e4chtigung der anatomischen Komponenten. Der AirSim Baby X ist besonders geeignet f\u00fcr Schulungen in P\u00e4diatrie, An\u00e4sthesie, Reanimation und Notfallmedizin.  <\/p>\n","protected":false},"excerpt":{"rendered":"<p>Der AirSim Baby X wurde f\u00fcr das Erlernen von Atemwegsmanagement-Techniken bei S\u00e4uglingen entwickelt, basierend auf der naturgetreuen Anatomie eines 5 Monate alten Babys. Dieser Simulator erm\u00f6glicht das \u00dcben von oraler und nasaler Intubation, Beutel-Masken-Beatmung und der Platzierung einer Larynxmaske. Sein realistisches und robustes Design bietet sofortiges visuelles Feedback zur Lungenexpansion und Mageninflation, was ein intensives und reproduzierbares Training gew\u00e4hrleistet.  <\/p>\n","protected":false},"featured_media":3010,"template":"","meta":[],"product_brand":[212],"product_cat":[222],"product_tag":[237,252,256,236,235],"class_list":{"0":"post-5394","1":"product","2":"type-product","3":"status-publish","4":"has-post-thumbnail","6":"product_brand-trucorp","7":"product_cat-simulatoren-fur-medizinische-versorgung","8":"product_tag-anasthesie","9":"product_tag-intensivmedizin","10":"product_tag-neonatologie","11":"product_tag-notfallmedizin","12":"product_tag-padiatrie","14":"first","15":"instock","16":"shipping-taxable","17":"purchasable","18":"product-type-simple"},"yoast_head":"<!-- This site is optimized with the Yoast SEO plugin v26.8 - https:\/\/yoast.com\/product\/yoast-seo-wordpress\/ -->\n<title>AirSim Baby X \u2013 S\u00e4uglingsatemwege<\/title>\n<meta name=\"description\" content=\"TruCorp AirSim Baby X zum Erlernen des Atemwegsmanagements bei S\u00e4uglingen. Realistisches Modell f\u00fcr sicheres Notfalltraining.\" \/>\n<meta name=\"robots\" content=\"index, follow, max-snippet:-1, max-image-preview:large, max-video-preview:-1\" \/>\n<link rel=\"canonical\" href=\"https:\/\/lifesupportdistribution.fr\/de\/produkt\/airsim-baby-x-saeuglings-atemwegsmanagement-simulator\/\" \/>\n<meta property=\"og:locale\" content=\"de_DE\" \/>\n<meta property=\"og:type\" content=\"article\" \/>\n<meta property=\"og:title\" content=\"AirSim Baby X \u2013 S\u00e4uglingsatemwege\" \/>\n<meta property=\"og:description\" content=\"TruCorp AirSim Baby X zum Erlernen des Atemwegsmanagements bei S\u00e4uglingen. Realistisches Modell f\u00fcr sicheres Notfalltraining.\" \/>\n<meta property=\"og:url\" content=\"https:\/\/lifesupportdistribution.fr\/de\/produkt\/airsim-baby-x-saeuglings-atemwegsmanagement-simulator\/\" \/>\n<meta property=\"og:site_name\" content=\"Life Support Distribution\" \/>\n<meta property=\"og:image\" content=\"https:\/\/lifesupportdistribution.fr\/wp-content\/uploads\/2025\/12\/Photo-AirSim\u00ae-Baby-X-1.png\" \/>\n\t<meta property=\"og:image:width\" content=\"908\" \/>\n\t<meta property=\"og:image:height\" content=\"472\" \/>\n\t<meta property=\"og:image:type\" content=\"image\/png\" \/>\n<meta name=\"twitter:card\" content=\"summary_large_image\" \/>\n<script type=\"application\/ld+json\" class=\"yoast-schema-graph\">{\"@context\":\"https:\/\/schema.org\",\"@graph\":[{\"@type\":\"WebPage\",\"@id\":\"https:\/\/lifesupportdistribution.fr\/de\/produkt\/airsim-baby-x-saeuglings-atemwegsmanagement-simulator\/\",\"url\":\"https:\/\/lifesupportdistribution.fr\/de\/produkt\/airsim-baby-x-saeuglings-atemwegsmanagement-simulator\/\",\"name\":\"AirSim Baby X \u2013 S\u00e4uglingsatemwege\",\"isPartOf\":{\"@id\":\"https:\/\/lifesupportdistribution.fr\/de\/#website\"},\"primaryImageOfPage\":{\"@id\":\"https:\/\/lifesupportdistribution.fr\/de\/produkt\/airsim-baby-x-saeuglings-atemwegsmanagement-simulator\/#primaryimage\"},\"image\":{\"@id\":\"https:\/\/lifesupportdistribution.fr\/de\/produkt\/airsim-baby-x-saeuglings-atemwegsmanagement-simulator\/#primaryimage\"},\"thumbnailUrl\":\"https:\/\/lifesupportdistribution.fr\/wp-content\/uploads\/2025\/12\/Photo-AirSim\u00ae-Baby-X-1.png\",\"datePublished\":\"2025-12-05T12:59:31+00:00\",\"description\":\"TruCorp AirSim Baby X zum Erlernen des Atemwegsmanagements bei S\u00e4uglingen. Realistisches Modell f\u00fcr sicheres Notfalltraining.\",\"breadcrumb\":{\"@id\":\"https:\/\/lifesupportdistribution.fr\/de\/produkt\/airsim-baby-x-saeuglings-atemwegsmanagement-simulator\/#breadcrumb\"},\"inLanguage\":\"de\",\"potentialAction\":[{\"@type\":\"ReadAction\",\"target\":[\"https:\/\/lifesupportdistribution.fr\/de\/produkt\/airsim-baby-x-saeuglings-atemwegsmanagement-simulator\/\"]}]},{\"@type\":\"ImageObject\",\"inLanguage\":\"de\",\"@id\":\"https:\/\/lifesupportdistribution.fr\/de\/produkt\/airsim-baby-x-saeuglings-atemwegsmanagement-simulator\/#primaryimage\",\"url\":\"https:\/\/lifesupportdistribution.fr\/wp-content\/uploads\/2025\/12\/Photo-AirSim\u00ae-Baby-X-1.png\",\"contentUrl\":\"https:\/\/lifesupportdistribution.fr\/wp-content\/uploads\/2025\/12\/Photo-AirSim\u00ae-Baby-X-1.png\",\"width\":908,\"height\":472},{\"@type\":\"BreadcrumbList\",\"@id\":\"https:\/\/lifesupportdistribution.fr\/de\/produkt\/airsim-baby-x-saeuglings-atemwegsmanagement-simulator\/#breadcrumb\",\"itemListElement\":[{\"@type\":\"ListItem\",\"position\":1,\"name\":\"Accueil\",\"item\":\"https:\/\/lifesupportdistribution.fr\/de\/startseite\/\"},{\"@type\":\"ListItem\",\"position\":2,\"name\":\"Shop\",\"item\":\"https:\/\/lifesupportdistribution.fr\/de\/shop\/\"},{\"@type\":\"ListItem\",\"position\":3,\"name\":\"AirSim Baby X \u2013 S\u00e4uglings-Atemwegsmanagement-Simulator\"}]},{\"@type\":\"WebSite\",\"@id\":\"https:\/\/lifesupportdistribution.fr\/de\/#website\",\"url\":\"https:\/\/lifesupportdistribution.fr\/de\/\",\"name\":\"Life Support Distribution\",\"description\":\"Solutions en simulation m\u00e9dicale\",\"publisher\":{\"@id\":\"https:\/\/lifesupportdistribution.fr\/de\/#organization\"},\"potentialAction\":[{\"@type\":\"SearchAction\",\"target\":{\"@type\":\"EntryPoint\",\"urlTemplate\":\"https:\/\/lifesupportdistribution.fr\/de\/?s={search_term_string}\"},\"query-input\":{\"@type\":\"PropertyValueSpecification\",\"valueRequired\":true,\"valueName\":\"search_term_string\"}}],\"inLanguage\":\"de\"},{\"@type\":\"Organization\",\"@id\":\"https:\/\/lifesupportdistribution.fr\/de\/#organization\",\"name\":\"Life Support Distribution\",\"url\":\"https:\/\/lifesupportdistribution.fr\/de\/\",\"logo\":{\"@type\":\"ImageObject\",\"inLanguage\":\"de\",\"@id\":\"https:\/\/lifesupportdistribution.fr\/de\/#\/schema\/logo\/image\/\",\"url\":\"https:\/\/lifesupportdistribution.fr\/wp-content\/uploads\/2025\/10\/logo-life-support-distribution.svg\",\"contentUrl\":\"https:\/\/lifesupportdistribution.fr\/wp-content\/uploads\/2025\/10\/logo-life-support-distribution.svg\",\"width\":698,\"height\":223,\"caption\":\"Life Support Distribution\"},\"image\":{\"@id\":\"https:\/\/lifesupportdistribution.fr\/de\/#\/schema\/logo\/image\/\"},\"sameAs\":[\"https:\/\/www.linkedin.com\/company\/life-support-distribution\/\"]}]}<\/script>\n<!-- \/ Yoast SEO plugin. -->","yoast_head_json":{"title":"AirSim Baby X \u2013 S\u00e4uglingsatemwege","description":"TruCorp AirSim Baby X zum Erlernen des Atemwegsmanagements bei S\u00e4uglingen. Realistisches Modell f\u00fcr sicheres Notfalltraining.","robots":{"index":"index","follow":"follow","max-snippet":"max-snippet:-1","max-image-preview":"max-image-preview:large","max-video-preview":"max-video-preview:-1"},"canonical":"https:\/\/lifesupportdistribution.fr\/de\/produkt\/airsim-baby-x-saeuglings-atemwegsmanagement-simulator\/","og_locale":"de_DE","og_type":"article","og_title":"AirSim Baby X \u2013 S\u00e4uglingsatemwege","og_description":"TruCorp AirSim Baby X zum Erlernen des Atemwegsmanagements bei S\u00e4uglingen. Realistisches Modell f\u00fcr sicheres Notfalltraining.","og_url":"https:\/\/lifesupportdistribution.fr\/de\/produkt\/airsim-baby-x-saeuglings-atemwegsmanagement-simulator\/","og_site_name":"Life Support Distribution","og_image":[{"width":908,"height":472,"url":"https:\/\/lifesupportdistribution.fr\/wp-content\/uploads\/2025\/12\/Photo-AirSim\u00ae-Baby-X-1.png","type":"image\/png"}],"twitter_card":"summary_large_image","schema":{"@context":"https:\/\/schema.org","@graph":[{"@type":"WebPage","@id":"https:\/\/lifesupportdistribution.fr\/de\/produkt\/airsim-baby-x-saeuglings-atemwegsmanagement-simulator\/","url":"https:\/\/lifesupportdistribution.fr\/de\/produkt\/airsim-baby-x-saeuglings-atemwegsmanagement-simulator\/","name":"AirSim Baby X \u2013 S\u00e4uglingsatemwege","isPartOf":{"@id":"https:\/\/lifesupportdistribution.fr\/de\/#website"},"primaryImageOfPage":{"@id":"https:\/\/lifesupportdistribution.fr\/de\/produkt\/airsim-baby-x-saeuglings-atemwegsmanagement-simulator\/#primaryimage"},"image":{"@id":"https:\/\/lifesupportdistribution.fr\/de\/produkt\/airsim-baby-x-saeuglings-atemwegsmanagement-simulator\/#primaryimage"},"thumbnailUrl":"https:\/\/lifesupportdistribution.fr\/wp-content\/uploads\/2025\/12\/Photo-AirSim\u00ae-Baby-X-1.png","datePublished":"2025-12-05T12:59:31+00:00","description":"TruCorp AirSim Baby X zum Erlernen des Atemwegsmanagements bei S\u00e4uglingen. Realistisches Modell f\u00fcr sicheres Notfalltraining.","breadcrumb":{"@id":"https:\/\/lifesupportdistribution.fr\/de\/produkt\/airsim-baby-x-saeuglings-atemwegsmanagement-simulator\/#breadcrumb"},"inLanguage":"de","potentialAction":[{"@type":"ReadAction","target":["https:\/\/lifesupportdistribution.fr\/de\/produkt\/airsim-baby-x-saeuglings-atemwegsmanagement-simulator\/"]}]},{"@type":"ImageObject","inLanguage":"de","@id":"https:\/\/lifesupportdistribution.fr\/de\/produkt\/airsim-baby-x-saeuglings-atemwegsmanagement-simulator\/#primaryimage","url":"https:\/\/lifesupportdistribution.fr\/wp-content\/uploads\/2025\/12\/Photo-AirSim\u00ae-Baby-X-1.png","contentUrl":"https:\/\/lifesupportdistribution.fr\/wp-content\/uploads\/2025\/12\/Photo-AirSim\u00ae-Baby-X-1.png","width":908,"height":472},{"@type":"BreadcrumbList","@id":"https:\/\/lifesupportdistribution.fr\/de\/produkt\/airsim-baby-x-saeuglings-atemwegsmanagement-simulator\/#breadcrumb","itemListElement":[{"@type":"ListItem","position":1,"name":"Accueil","item":"https:\/\/lifesupportdistribution.fr\/de\/startseite\/"},{"@type":"ListItem","position":2,"name":"Shop","item":"https:\/\/lifesupportdistribution.fr\/de\/shop\/"},{"@type":"ListItem","position":3,"name":"AirSim Baby X \u2013 S\u00e4uglings-Atemwegsmanagement-Simulator"}]},{"@type":"WebSite","@id":"https:\/\/lifesupportdistribution.fr\/de\/#website","url":"https:\/\/lifesupportdistribution.fr\/de\/","name":"Life Support Distribution","description":"Solutions en simulation m\u00e9dicale","publisher":{"@id":"https:\/\/lifesupportdistribution.fr\/de\/#organization"},"potentialAction":[{"@type":"SearchAction","target":{"@type":"EntryPoint","urlTemplate":"https:\/\/lifesupportdistribution.fr\/de\/?s={search_term_string}"},"query-input":{"@type":"PropertyValueSpecification","valueRequired":true,"valueName":"search_term_string"}}],"inLanguage":"de"},{"@type":"Organization","@id":"https:\/\/lifesupportdistribution.fr\/de\/#organization","name":"Life Support Distribution","url":"https:\/\/lifesupportdistribution.fr\/de\/","logo":{"@type":"ImageObject","inLanguage":"de","@id":"https:\/\/lifesupportdistribution.fr\/de\/#\/schema\/logo\/image\/","url":"https:\/\/lifesupportdistribution.fr\/wp-content\/uploads\/2025\/10\/logo-life-support-distribution.svg","contentUrl":"https:\/\/lifesupportdistribution.fr\/wp-content\/uploads\/2025\/10\/logo-life-support-distribution.svg","width":698,"height":223,"caption":"Life Support Distribution"},"image":{"@id":"https:\/\/lifesupportdistribution.fr\/de\/#\/schema\/logo\/image\/"},"sameAs":["https:\/\/www.linkedin.com\/company\/life-support-distribution\/"]}]}},"_links":{"self":[{"href":"https:\/\/lifesupportdistribution.fr\/de\/wp-json\/wp\/v2\/product\/5394","targetHints":{"allow":["GET"]}}],"collection":[{"href":"https:\/\/lifesupportdistribution.fr\/de\/wp-json\/wp\/v2\/product"}],"about":[{"href":"https:\/\/lifesupportdistribution.fr\/de\/wp-json\/wp\/v2\/types\/product"}],"wp:featuredmedia":[{"embeddable":true,"href":"https:\/\/lifesupportdistribution.fr\/de\/wp-json\/wp\/v2\/media\/3010"}],"wp:attachment":[{"href":"https:\/\/lifesupportdistribution.fr\/de\/wp-json\/wp\/v2\/media?parent=5394"}],"wp:term":[{"taxonomy":"product_brand","embeddable":true,"href":"https:\/\/lifesupportdistribution.fr\/de\/wp-json\/wp\/v2\/product_brand?post=5394"},{"taxonomy":"product_cat","embeddable":true,"href":"https:\/\/lifesupportdistribution.fr\/de\/wp-json\/wp\/v2\/product_cat?post=5394"},{"taxonomy":"product_tag","embeddable":true,"href":"https:\/\/lifesupportdistribution.fr\/de\/wp-json\/wp\/v2\/product_tag?post=5394"}],"curies":[{"name":"wp","href":"https:\/\/api.w.org\/{rel}","templated":true}]}}