{"id":5400,"date":"2025-12-05T13:10:12","date_gmt":"2025-12-05T12:10:12","guid":{"rendered":"https:\/\/lifesupportdistribution.fr\/produits\/tragbarer-intramuskulaerer-injektionssimulator\/"},"modified":"2025-12-05T13:10:12","modified_gmt":"2025-12-05T12:10:12","slug":"tragbarer-intramuskulaerer-injektionssimulator","status":"publish","type":"product","link":"https:\/\/lifesupportdistribution.fr\/de\/produkt\/tragbarer-intramuskulaerer-injektionssimulator\/","title":{"rendered":"Tragbarer intramuskul\u00e4rer Injektionssimulator"},"content":{"rendered":"<p>Der tragbare Simulator f\u00fcr intramuskul\u00e4re Injektionen (Art.-Nr. M67C) ist ein kompaktes und intuitives Werkzeug f\u00fcr das Training von Impfungen und intramuskul\u00e4ren Injektionen.<br \/>\nHaut und Akromion weisen eine sehr realit\u00e4tsnahe Textur und Widerstandsf\u00e4higkeit auf, die das Ertasten anatomischer Orientierungspunkte vor der Injektion erm\u00f6glichen.<br \/>\nEin integriertes Wasserreservoir simuliert die Fl\u00fcssigkeitsdiffusion w\u00e4hrend der Injektion und gibt das Gef\u00fchl des Widerstands des Muskelgewebes naturgetreu wieder.<br \/>\nDie Prothese ist pflegeleicht und l\u00e4sst sich nach jedem Gebrauch schnell absp\u00fclen.<br \/>\nSein tragbares Format und die Befestigung mit Gurten machen ihn zu einem idealen Werkzeug f\u00fcr praktische Workshops und interaktive Schulungen in Krankenpflege, Medizin und Impfung.<\/p>\n","protected":false},"excerpt":{"rendered":"<p>Der tragbare Simulator f\u00fcr intramuskul\u00e4re Injektionen von Kyoto Kagaku erm\u00f6glicht es Lernenden, die Injektionstechnik in den Deltamuskel in einer sicheren und realistischen Umgebung zu \u00fcben. Entwickelt f\u00fcr den Einsatz mit simulierten Patienten oder Puppen, bietet er ein immersives Erlebnis, um die Bewegung, die Einstichtiefe und die Kommunikation mit dem Patienten zu verstehen. <\/p>\n","protected":false},"featured_media":2939,"template":"","meta":[],"product_brand":[200],"product_cat":[222,220],"product_tag":[230,249,251,236],"class_list":{"0":"post-5400","1":"product","2":"type-product","3":"status-publish","4":"has-post-thumbnail","6":"product_brand-kyoto-kagaku","7":"product_cat-simulatoren-fur-medizinische-versorgung","8":"product_cat-simulierte-patienten","9":"product_tag-allgemeinmedizin","10":"product_tag-innere-medizin","11":"product_tag-krankenpflege","12":"product_tag-notfallmedizin","14":"first","15":"instock","16":"shipping-taxable","17":"purchasable","18":"product-type-simple"},"yoast_head":"<!-- This site is optimized with the Yoast SEO plugin v26.8 - https:\/\/yoast.com\/product\/yoast-seo-wordpress\/ -->\n<title>Tragbarer intramuskul\u00e4rer Injektionssimulator \u2013 Kyoto Kagaku<\/title>\n<meta name=\"description\" content=\"Tragbarer Simulator zum Erlernen der intramuskul\u00e4ren Injektion in den Deltamuskel, mit realistischen Orientierungspunkten und Diffusionsreservoir.\" \/>\n<meta name=\"robots\" content=\"index, follow, max-snippet:-1, max-image-preview:large, max-video-preview:-1\" \/>\n<link rel=\"canonical\" href=\"https:\/\/lifesupportdistribution.fr\/de\/produkt\/tragbarer-intramuskulaerer-injektionssimulator\/\" \/>\n<meta property=\"og:locale\" content=\"de_DE\" \/>\n<meta property=\"og:type\" content=\"article\" \/>\n<meta property=\"og:title\" content=\"Tragbarer intramuskul\u00e4rer Injektionssimulator \u2013 Kyoto Kagaku\" \/>\n<meta property=\"og:description\" content=\"Tragbarer Simulator zum Erlernen der intramuskul\u00e4ren Injektion in den Deltamuskel, mit realistischen Orientierungspunkten und Diffusionsreservoir.\" \/>\n<meta property=\"og:url\" content=\"https:\/\/lifesupportdistribution.fr\/de\/produkt\/tragbarer-intramuskulaerer-injektionssimulator\/\" \/>\n<meta property=\"og:site_name\" content=\"Life Support Distribution\" \/>\n<meta property=\"og:image\" content=\"https:\/\/lifesupportdistribution.fr\/wp-content\/uploads\/2025\/12\/Simulateur-dinjection-intramusculaire-portable.jpg\" \/>\n\t<meta property=\"og:image:width\" content=\"1000\" \/>\n\t<meta property=\"og:image:height\" content=\"1000\" \/>\n\t<meta property=\"og:image:type\" content=\"image\/jpeg\" \/>\n<meta name=\"twitter:card\" content=\"summary_large_image\" \/>\n<meta name=\"twitter:label1\" content=\"Gesch\u00e4tzte Lesezeit\" \/>\n\t<meta name=\"twitter:data1\" content=\"1\u00a0Minute\" \/>\n<script type=\"application\/ld+json\" class=\"yoast-schema-graph\">{\"@context\":\"https:\/\/schema.org\",\"@graph\":[{\"@type\":\"WebPage\",\"@id\":\"https:\/\/lifesupportdistribution.fr\/de\/produkt\/tragbarer-intramuskulaerer-injektionssimulator\/\",\"url\":\"https:\/\/lifesupportdistribution.fr\/de\/produkt\/tragbarer-intramuskulaerer-injektionssimulator\/\",\"name\":\"Tragbarer intramuskul\u00e4rer Injektionssimulator \u2013 Kyoto Kagaku\",\"isPartOf\":{\"@id\":\"https:\/\/lifesupportdistribution.fr\/de\/#website\"},\"primaryImageOfPage\":{\"@id\":\"https:\/\/lifesupportdistribution.fr\/de\/produkt\/tragbarer-intramuskulaerer-injektionssimulator\/#primaryimage\"},\"image\":{\"@id\":\"https:\/\/lifesupportdistribution.fr\/de\/produkt\/tragbarer-intramuskulaerer-injektionssimulator\/#primaryimage\"},\"thumbnailUrl\":\"https:\/\/lifesupportdistribution.fr\/wp-content\/uploads\/2025\/12\/Simulateur-dinjection-intramusculaire-portable.jpg\",\"datePublished\":\"2025-12-05T12:10:12+00:00\",\"description\":\"Tragbarer Simulator zum Erlernen der intramuskul\u00e4ren Injektion in den Deltamuskel, mit realistischen Orientierungspunkten und Diffusionsreservoir.\",\"breadcrumb\":{\"@id\":\"https:\/\/lifesupportdistribution.fr\/de\/produkt\/tragbarer-intramuskulaerer-injektionssimulator\/#breadcrumb\"},\"inLanguage\":\"de\",\"potentialAction\":[{\"@type\":\"ReadAction\",\"target\":[\"https:\/\/lifesupportdistribution.fr\/de\/produkt\/tragbarer-intramuskulaerer-injektionssimulator\/\"]}]},{\"@type\":\"ImageObject\",\"inLanguage\":\"de\",\"@id\":\"https:\/\/lifesupportdistribution.fr\/de\/produkt\/tragbarer-intramuskulaerer-injektionssimulator\/#primaryimage\",\"url\":\"https:\/\/lifesupportdistribution.fr\/wp-content\/uploads\/2025\/12\/Simulateur-dinjection-intramusculaire-portable.jpg\",\"contentUrl\":\"https:\/\/lifesupportdistribution.fr\/wp-content\/uploads\/2025\/12\/Simulateur-dinjection-intramusculaire-portable.jpg\",\"width\":1000,\"height\":1000},{\"@type\":\"BreadcrumbList\",\"@id\":\"https:\/\/lifesupportdistribution.fr\/de\/produkt\/tragbarer-intramuskulaerer-injektionssimulator\/#breadcrumb\",\"itemListElement\":[{\"@type\":\"ListItem\",\"position\":1,\"name\":\"Accueil\",\"item\":\"https:\/\/lifesupportdistribution.fr\/de\/startseite\/\"},{\"@type\":\"ListItem\",\"position\":2,\"name\":\"Shop\",\"item\":\"https:\/\/lifesupportdistribution.fr\/de\/shop\/\"},{\"@type\":\"ListItem\",\"position\":3,\"name\":\"Tragbarer intramuskul\u00e4rer Injektionssimulator\"}]},{\"@type\":\"WebSite\",\"@id\":\"https:\/\/lifesupportdistribution.fr\/de\/#website\",\"url\":\"https:\/\/lifesupportdistribution.fr\/de\/\",\"name\":\"Life Support Distribution\",\"description\":\"Solutions en simulation m\u00e9dicale\",\"publisher\":{\"@id\":\"https:\/\/lifesupportdistribution.fr\/de\/#organization\"},\"potentialAction\":[{\"@type\":\"SearchAction\",\"target\":{\"@type\":\"EntryPoint\",\"urlTemplate\":\"https:\/\/lifesupportdistribution.fr\/de\/?s={search_term_string}\"},\"query-input\":{\"@type\":\"PropertyValueSpecification\",\"valueRequired\":true,\"valueName\":\"search_term_string\"}}],\"inLanguage\":\"de\"},{\"@type\":\"Organization\",\"@id\":\"https:\/\/lifesupportdistribution.fr\/de\/#organization\",\"name\":\"Life Support Distribution\",\"url\":\"https:\/\/lifesupportdistribution.fr\/de\/\",\"logo\":{\"@type\":\"ImageObject\",\"inLanguage\":\"de\",\"@id\":\"https:\/\/lifesupportdistribution.fr\/de\/#\/schema\/logo\/image\/\",\"url\":\"https:\/\/lifesupportdistribution.fr\/wp-content\/uploads\/2025\/10\/logo-life-support-distribution.svg\",\"contentUrl\":\"https:\/\/lifesupportdistribution.fr\/wp-content\/uploads\/2025\/10\/logo-life-support-distribution.svg\",\"width\":698,\"height\":223,\"caption\":\"Life Support Distribution\"},\"image\":{\"@id\":\"https:\/\/lifesupportdistribution.fr\/de\/#\/schema\/logo\/image\/\"},\"sameAs\":[\"https:\/\/www.linkedin.com\/company\/life-support-distribution\/\"]}]}<\/script>\n<!-- \/ Yoast SEO plugin. -->","yoast_head_json":{"title":"Tragbarer intramuskul\u00e4rer Injektionssimulator \u2013 Kyoto Kagaku","description":"Tragbarer Simulator zum Erlernen der intramuskul\u00e4ren Injektion in den Deltamuskel, mit realistischen Orientierungspunkten und Diffusionsreservoir.","robots":{"index":"index","follow":"follow","max-snippet":"max-snippet:-1","max-image-preview":"max-image-preview:large","max-video-preview":"max-video-preview:-1"},"canonical":"https:\/\/lifesupportdistribution.fr\/de\/produkt\/tragbarer-intramuskulaerer-injektionssimulator\/","og_locale":"de_DE","og_type":"article","og_title":"Tragbarer intramuskul\u00e4rer Injektionssimulator \u2013 Kyoto Kagaku","og_description":"Tragbarer Simulator zum Erlernen der intramuskul\u00e4ren Injektion in den Deltamuskel, mit realistischen Orientierungspunkten und Diffusionsreservoir.","og_url":"https:\/\/lifesupportdistribution.fr\/de\/produkt\/tragbarer-intramuskulaerer-injektionssimulator\/","og_site_name":"Life Support Distribution","og_image":[{"width":1000,"height":1000,"url":"https:\/\/lifesupportdistribution.fr\/wp-content\/uploads\/2025\/12\/Simulateur-dinjection-intramusculaire-portable.jpg","type":"image\/jpeg"}],"twitter_card":"summary_large_image","twitter_misc":{"Gesch\u00e4tzte Lesezeit":"1\u00a0Minute"},"schema":{"@context":"https:\/\/schema.org","@graph":[{"@type":"WebPage","@id":"https:\/\/lifesupportdistribution.fr\/de\/produkt\/tragbarer-intramuskulaerer-injektionssimulator\/","url":"https:\/\/lifesupportdistribution.fr\/de\/produkt\/tragbarer-intramuskulaerer-injektionssimulator\/","name":"Tragbarer intramuskul\u00e4rer Injektionssimulator \u2013 Kyoto Kagaku","isPartOf":{"@id":"https:\/\/lifesupportdistribution.fr\/de\/#website"},"primaryImageOfPage":{"@id":"https:\/\/lifesupportdistribution.fr\/de\/produkt\/tragbarer-intramuskulaerer-injektionssimulator\/#primaryimage"},"image":{"@id":"https:\/\/lifesupportdistribution.fr\/de\/produkt\/tragbarer-intramuskulaerer-injektionssimulator\/#primaryimage"},"thumbnailUrl":"https:\/\/lifesupportdistribution.fr\/wp-content\/uploads\/2025\/12\/Simulateur-dinjection-intramusculaire-portable.jpg","datePublished":"2025-12-05T12:10:12+00:00","description":"Tragbarer Simulator zum Erlernen der intramuskul\u00e4ren Injektion in den Deltamuskel, mit realistischen Orientierungspunkten und Diffusionsreservoir.","breadcrumb":{"@id":"https:\/\/lifesupportdistribution.fr\/de\/produkt\/tragbarer-intramuskulaerer-injektionssimulator\/#breadcrumb"},"inLanguage":"de","potentialAction":[{"@type":"ReadAction","target":["https:\/\/lifesupportdistribution.fr\/de\/produkt\/tragbarer-intramuskulaerer-injektionssimulator\/"]}]},{"@type":"ImageObject","inLanguage":"de","@id":"https:\/\/lifesupportdistribution.fr\/de\/produkt\/tragbarer-intramuskulaerer-injektionssimulator\/#primaryimage","url":"https:\/\/lifesupportdistribution.fr\/wp-content\/uploads\/2025\/12\/Simulateur-dinjection-intramusculaire-portable.jpg","contentUrl":"https:\/\/lifesupportdistribution.fr\/wp-content\/uploads\/2025\/12\/Simulateur-dinjection-intramusculaire-portable.jpg","width":1000,"height":1000},{"@type":"BreadcrumbList","@id":"https:\/\/lifesupportdistribution.fr\/de\/produkt\/tragbarer-intramuskulaerer-injektionssimulator\/#breadcrumb","itemListElement":[{"@type":"ListItem","position":1,"name":"Accueil","item":"https:\/\/lifesupportdistribution.fr\/de\/startseite\/"},{"@type":"ListItem","position":2,"name":"Shop","item":"https:\/\/lifesupportdistribution.fr\/de\/shop\/"},{"@type":"ListItem","position":3,"name":"Tragbarer intramuskul\u00e4rer Injektionssimulator"}]},{"@type":"WebSite","@id":"https:\/\/lifesupportdistribution.fr\/de\/#website","url":"https:\/\/lifesupportdistribution.fr\/de\/","name":"Life Support Distribution","description":"Solutions en simulation m\u00e9dicale","publisher":{"@id":"https:\/\/lifesupportdistribution.fr\/de\/#organization"},"potentialAction":[{"@type":"SearchAction","target":{"@type":"EntryPoint","urlTemplate":"https:\/\/lifesupportdistribution.fr\/de\/?s={search_term_string}"},"query-input":{"@type":"PropertyValueSpecification","valueRequired":true,"valueName":"search_term_string"}}],"inLanguage":"de"},{"@type":"Organization","@id":"https:\/\/lifesupportdistribution.fr\/de\/#organization","name":"Life Support Distribution","url":"https:\/\/lifesupportdistribution.fr\/de\/","logo":{"@type":"ImageObject","inLanguage":"de","@id":"https:\/\/lifesupportdistribution.fr\/de\/#\/schema\/logo\/image\/","url":"https:\/\/lifesupportdistribution.fr\/wp-content\/uploads\/2025\/10\/logo-life-support-distribution.svg","contentUrl":"https:\/\/lifesupportdistribution.fr\/wp-content\/uploads\/2025\/10\/logo-life-support-distribution.svg","width":698,"height":223,"caption":"Life Support Distribution"},"image":{"@id":"https:\/\/lifesupportdistribution.fr\/de\/#\/schema\/logo\/image\/"},"sameAs":["https:\/\/www.linkedin.com\/company\/life-support-distribution\/"]}]}},"_links":{"self":[{"href":"https:\/\/lifesupportdistribution.fr\/de\/wp-json\/wp\/v2\/product\/5400","targetHints":{"allow":["GET"]}}],"collection":[{"href":"https:\/\/lifesupportdistribution.fr\/de\/wp-json\/wp\/v2\/product"}],"about":[{"href":"https:\/\/lifesupportdistribution.fr\/de\/wp-json\/wp\/v2\/types\/product"}],"wp:featuredmedia":[{"embeddable":true,"href":"https:\/\/lifesupportdistribution.fr\/de\/wp-json\/wp\/v2\/media\/2939"}],"wp:attachment":[{"href":"https:\/\/lifesupportdistribution.fr\/de\/wp-json\/wp\/v2\/media?parent=5400"}],"wp:term":[{"taxonomy":"product_brand","embeddable":true,"href":"https:\/\/lifesupportdistribution.fr\/de\/wp-json\/wp\/v2\/product_brand?post=5400"},{"taxonomy":"product_cat","embeddable":true,"href":"https:\/\/lifesupportdistribution.fr\/de\/wp-json\/wp\/v2\/product_cat?post=5400"},{"taxonomy":"product_tag","embeddable":true,"href":"https:\/\/lifesupportdistribution.fr\/de\/wp-json\/wp\/v2\/product_tag?post=5400"}],"curies":[{"name":"wp","href":"https:\/\/api.w.org\/{rel}","templated":true}]}}