{"id":5402,"date":"2025-12-05T13:07:46","date_gmt":"2025-12-05T12:07:46","guid":{"rendered":"https:\/\/lifesupportdistribution.fr\/produits\/impfschulungskit\/"},"modified":"2025-12-05T13:07:46","modified_gmt":"2025-12-05T12:07:46","slug":"impfschulungskit","status":"publish","type":"product","link":"https:\/\/lifesupportdistribution.fr\/de\/produkt\/impfschulungskit\/","title":{"rendered":"Impfschulungskit"},"content":{"rendered":"<p>Das Impfschulungskit (Art.-Nr. MW64) bildet die Textur und Tiefe des menschlichen Deltamuskels naturgetreu nach und bietet ein realistisches Injektionserlebnis.<br \/>\nJedes Pad simuliert den nat\u00fcrlichen Gewebewiderstand beim Eindringen der Nadel, was ein pr\u00e4zises \u00dcben der intramuskul\u00e4ren Injektionstechnik erm\u00f6glicht.<br \/>\nDie Padtiefe (38,1 mm) gew\u00e4hrleistet ein naturgetreues Gef\u00fchl unter realen Impfbedingungen.<br \/>\nDieser Simulator kann autonom oder in Kombination mit Pflegemannequins und simulierten Patienten f\u00fcr immersive und p\u00e4dagogische Szenarien verwendet werden.<br \/>\nDank seiner verstellbaren Gurtb\u00e4nder ist er einfach zu installieren, passt sich verschiedenen K\u00f6rperformen an und bietet den Lernenden gro\u00dfe Bewegungsfreiheit.<\/p>\n","protected":false},"excerpt":{"rendered":"<p>Das Kyoto Kagaku Impfschulungskit bietet ein einfaches, realistisches und unkompliziertes Werkzeug, um die Technik der intramuskul\u00e4ren Injektion in den Arm zu erlernen oder zu perfektionieren. Entwickelt f\u00fcr Pflegeschulen, Simulationszentren und Gesundheitseinrichtungen, erm\u00f6glicht es ein sicheres, reproduzierbares und den aktuellen Impfprotokollen entsprechendes Lernen. <\/p>\n","protected":false},"featured_media":2940,"template":"","meta":[],"product_brand":[200],"product_cat":[222,220],"product_tag":[230,251],"class_list":{"0":"post-5402","1":"product","2":"type-product","3":"status-publish","4":"has-post-thumbnail","6":"product_brand-kyoto-kagaku","7":"product_cat-simulatoren-fur-medizinische-versorgung","8":"product_cat-simulierte-patienten","9":"product_tag-allgemeinmedizin","10":"product_tag-krankenpflege","12":"first","13":"instock","14":"shipping-taxable","15":"purchasable","16":"product-type-simple"},"yoast_head":"<!-- This site is optimized with the Yoast SEO plugin v26.8 - https:\/\/yoast.com\/product\/yoast-seo-wordpress\/ -->\n<title>Impfschulungskit \u2013 Deltoid-Injektion<\/title>\n<meta name=\"description\" content=\"Realistisches Kit zum Erlernen der intramuskul\u00e4ren Injektion in den Deltamuskel, mit langlebigen Pads und einfacher Anbringung an Mannequin oder simuliertem Patienten.\" \/>\n<meta name=\"robots\" content=\"index, follow, max-snippet:-1, max-image-preview:large, max-video-preview:-1\" \/>\n<link rel=\"canonical\" href=\"https:\/\/lifesupportdistribution.fr\/de\/produkt\/impfschulungskit\/\" \/>\n<meta property=\"og:locale\" content=\"de_DE\" \/>\n<meta property=\"og:type\" content=\"article\" \/>\n<meta property=\"og:title\" content=\"Impfschulungskit \u2013 Deltoid-Injektion\" \/>\n<meta property=\"og:description\" content=\"Realistisches Kit zum Erlernen der intramuskul\u00e4ren Injektion in den Deltamuskel, mit langlebigen Pads und einfacher Anbringung an Mannequin oder simuliertem Patienten.\" \/>\n<meta property=\"og:url\" content=\"https:\/\/lifesupportdistribution.fr\/de\/produkt\/impfschulungskit\/\" \/>\n<meta property=\"og:site_name\" content=\"Life Support Distribution\" \/>\n<meta property=\"og:image\" content=\"https:\/\/lifesupportdistribution.fr\/wp-content\/uploads\/2025\/12\/Kit-de-formation-a-la-vaccination.png\" \/>\n\t<meta property=\"og:image:width\" content=\"992\" \/>\n\t<meta property=\"og:image:height\" content=\"954\" \/>\n\t<meta property=\"og:image:type\" content=\"image\/png\" \/>\n<meta name=\"twitter:card\" content=\"summary_large_image\" \/>\n<script type=\"application\/ld+json\" class=\"yoast-schema-graph\">{\"@context\":\"https:\/\/schema.org\",\"@graph\":[{\"@type\":\"WebPage\",\"@id\":\"https:\/\/lifesupportdistribution.fr\/de\/produkt\/impfschulungskit\/\",\"url\":\"https:\/\/lifesupportdistribution.fr\/de\/produkt\/impfschulungskit\/\",\"name\":\"Impfschulungskit \u2013 Deltoid-Injektion\",\"isPartOf\":{\"@id\":\"https:\/\/lifesupportdistribution.fr\/de\/#website\"},\"primaryImageOfPage\":{\"@id\":\"https:\/\/lifesupportdistribution.fr\/de\/produkt\/impfschulungskit\/#primaryimage\"},\"image\":{\"@id\":\"https:\/\/lifesupportdistribution.fr\/de\/produkt\/impfschulungskit\/#primaryimage\"},\"thumbnailUrl\":\"https:\/\/lifesupportdistribution.fr\/wp-content\/uploads\/2025\/12\/Kit-de-formation-a-la-vaccination.png\",\"datePublished\":\"2025-12-05T12:07:46+00:00\",\"description\":\"Realistisches Kit zum Erlernen der intramuskul\u00e4ren Injektion in den Deltamuskel, mit langlebigen Pads und einfacher Anbringung an Mannequin oder simuliertem Patienten.\",\"breadcrumb\":{\"@id\":\"https:\/\/lifesupportdistribution.fr\/de\/produkt\/impfschulungskit\/#breadcrumb\"},\"inLanguage\":\"de\",\"potentialAction\":[{\"@type\":\"ReadAction\",\"target\":[\"https:\/\/lifesupportdistribution.fr\/de\/produkt\/impfschulungskit\/\"]}]},{\"@type\":\"ImageObject\",\"inLanguage\":\"de\",\"@id\":\"https:\/\/lifesupportdistribution.fr\/de\/produkt\/impfschulungskit\/#primaryimage\",\"url\":\"https:\/\/lifesupportdistribution.fr\/wp-content\/uploads\/2025\/12\/Kit-de-formation-a-la-vaccination.png\",\"contentUrl\":\"https:\/\/lifesupportdistribution.fr\/wp-content\/uploads\/2025\/12\/Kit-de-formation-a-la-vaccination.png\",\"width\":992,\"height\":954},{\"@type\":\"BreadcrumbList\",\"@id\":\"https:\/\/lifesupportdistribution.fr\/de\/produkt\/impfschulungskit\/#breadcrumb\",\"itemListElement\":[{\"@type\":\"ListItem\",\"position\":1,\"name\":\"Accueil\",\"item\":\"https:\/\/lifesupportdistribution.fr\/de\/startseite\/\"},{\"@type\":\"ListItem\",\"position\":2,\"name\":\"Shop\",\"item\":\"https:\/\/lifesupportdistribution.fr\/de\/shop\/\"},{\"@type\":\"ListItem\",\"position\":3,\"name\":\"Impfschulungskit\"}]},{\"@type\":\"WebSite\",\"@id\":\"https:\/\/lifesupportdistribution.fr\/de\/#website\",\"url\":\"https:\/\/lifesupportdistribution.fr\/de\/\",\"name\":\"Life Support Distribution\",\"description\":\"Solutions en simulation m\u00e9dicale\",\"publisher\":{\"@id\":\"https:\/\/lifesupportdistribution.fr\/de\/#organization\"},\"potentialAction\":[{\"@type\":\"SearchAction\",\"target\":{\"@type\":\"EntryPoint\",\"urlTemplate\":\"https:\/\/lifesupportdistribution.fr\/de\/?s={search_term_string}\"},\"query-input\":{\"@type\":\"PropertyValueSpecification\",\"valueRequired\":true,\"valueName\":\"search_term_string\"}}],\"inLanguage\":\"de\"},{\"@type\":\"Organization\",\"@id\":\"https:\/\/lifesupportdistribution.fr\/de\/#organization\",\"name\":\"Life Support Distribution\",\"url\":\"https:\/\/lifesupportdistribution.fr\/de\/\",\"logo\":{\"@type\":\"ImageObject\",\"inLanguage\":\"de\",\"@id\":\"https:\/\/lifesupportdistribution.fr\/de\/#\/schema\/logo\/image\/\",\"url\":\"https:\/\/lifesupportdistribution.fr\/wp-content\/uploads\/2025\/10\/logo-life-support-distribution.svg\",\"contentUrl\":\"https:\/\/lifesupportdistribution.fr\/wp-content\/uploads\/2025\/10\/logo-life-support-distribution.svg\",\"width\":698,\"height\":223,\"caption\":\"Life Support Distribution\"},\"image\":{\"@id\":\"https:\/\/lifesupportdistribution.fr\/de\/#\/schema\/logo\/image\/\"},\"sameAs\":[\"https:\/\/www.linkedin.com\/company\/life-support-distribution\/\"]}]}<\/script>\n<!-- \/ Yoast SEO plugin. -->","yoast_head_json":{"title":"Impfschulungskit \u2013 Deltoid-Injektion","description":"Realistisches Kit zum Erlernen der intramuskul\u00e4ren Injektion in den Deltamuskel, mit langlebigen Pads und einfacher Anbringung an Mannequin oder simuliertem Patienten.","robots":{"index":"index","follow":"follow","max-snippet":"max-snippet:-1","max-image-preview":"max-image-preview:large","max-video-preview":"max-video-preview:-1"},"canonical":"https:\/\/lifesupportdistribution.fr\/de\/produkt\/impfschulungskit\/","og_locale":"de_DE","og_type":"article","og_title":"Impfschulungskit \u2013 Deltoid-Injektion","og_description":"Realistisches Kit zum Erlernen der intramuskul\u00e4ren Injektion in den Deltamuskel, mit langlebigen Pads und einfacher Anbringung an Mannequin oder simuliertem Patienten.","og_url":"https:\/\/lifesupportdistribution.fr\/de\/produkt\/impfschulungskit\/","og_site_name":"Life Support Distribution","og_image":[{"width":992,"height":954,"url":"https:\/\/lifesupportdistribution.fr\/wp-content\/uploads\/2025\/12\/Kit-de-formation-a-la-vaccination.png","type":"image\/png"}],"twitter_card":"summary_large_image","schema":{"@context":"https:\/\/schema.org","@graph":[{"@type":"WebPage","@id":"https:\/\/lifesupportdistribution.fr\/de\/produkt\/impfschulungskit\/","url":"https:\/\/lifesupportdistribution.fr\/de\/produkt\/impfschulungskit\/","name":"Impfschulungskit \u2013 Deltoid-Injektion","isPartOf":{"@id":"https:\/\/lifesupportdistribution.fr\/de\/#website"},"primaryImageOfPage":{"@id":"https:\/\/lifesupportdistribution.fr\/de\/produkt\/impfschulungskit\/#primaryimage"},"image":{"@id":"https:\/\/lifesupportdistribution.fr\/de\/produkt\/impfschulungskit\/#primaryimage"},"thumbnailUrl":"https:\/\/lifesupportdistribution.fr\/wp-content\/uploads\/2025\/12\/Kit-de-formation-a-la-vaccination.png","datePublished":"2025-12-05T12:07:46+00:00","description":"Realistisches Kit zum Erlernen der intramuskul\u00e4ren Injektion in den Deltamuskel, mit langlebigen Pads und einfacher Anbringung an Mannequin oder simuliertem Patienten.","breadcrumb":{"@id":"https:\/\/lifesupportdistribution.fr\/de\/produkt\/impfschulungskit\/#breadcrumb"},"inLanguage":"de","potentialAction":[{"@type":"ReadAction","target":["https:\/\/lifesupportdistribution.fr\/de\/produkt\/impfschulungskit\/"]}]},{"@type":"ImageObject","inLanguage":"de","@id":"https:\/\/lifesupportdistribution.fr\/de\/produkt\/impfschulungskit\/#primaryimage","url":"https:\/\/lifesupportdistribution.fr\/wp-content\/uploads\/2025\/12\/Kit-de-formation-a-la-vaccination.png","contentUrl":"https:\/\/lifesupportdistribution.fr\/wp-content\/uploads\/2025\/12\/Kit-de-formation-a-la-vaccination.png","width":992,"height":954},{"@type":"BreadcrumbList","@id":"https:\/\/lifesupportdistribution.fr\/de\/produkt\/impfschulungskit\/#breadcrumb","itemListElement":[{"@type":"ListItem","position":1,"name":"Accueil","item":"https:\/\/lifesupportdistribution.fr\/de\/startseite\/"},{"@type":"ListItem","position":2,"name":"Shop","item":"https:\/\/lifesupportdistribution.fr\/de\/shop\/"},{"@type":"ListItem","position":3,"name":"Impfschulungskit"}]},{"@type":"WebSite","@id":"https:\/\/lifesupportdistribution.fr\/de\/#website","url":"https:\/\/lifesupportdistribution.fr\/de\/","name":"Life Support Distribution","description":"Solutions en simulation m\u00e9dicale","publisher":{"@id":"https:\/\/lifesupportdistribution.fr\/de\/#organization"},"potentialAction":[{"@type":"SearchAction","target":{"@type":"EntryPoint","urlTemplate":"https:\/\/lifesupportdistribution.fr\/de\/?s={search_term_string}"},"query-input":{"@type":"PropertyValueSpecification","valueRequired":true,"valueName":"search_term_string"}}],"inLanguage":"de"},{"@type":"Organization","@id":"https:\/\/lifesupportdistribution.fr\/de\/#organization","name":"Life Support Distribution","url":"https:\/\/lifesupportdistribution.fr\/de\/","logo":{"@type":"ImageObject","inLanguage":"de","@id":"https:\/\/lifesupportdistribution.fr\/de\/#\/schema\/logo\/image\/","url":"https:\/\/lifesupportdistribution.fr\/wp-content\/uploads\/2025\/10\/logo-life-support-distribution.svg","contentUrl":"https:\/\/lifesupportdistribution.fr\/wp-content\/uploads\/2025\/10\/logo-life-support-distribution.svg","width":698,"height":223,"caption":"Life Support Distribution"},"image":{"@id":"https:\/\/lifesupportdistribution.fr\/de\/#\/schema\/logo\/image\/"},"sameAs":["https:\/\/www.linkedin.com\/company\/life-support-distribution\/"]}]}},"_links":{"self":[{"href":"https:\/\/lifesupportdistribution.fr\/de\/wp-json\/wp\/v2\/product\/5402","targetHints":{"allow":["GET"]}}],"collection":[{"href":"https:\/\/lifesupportdistribution.fr\/de\/wp-json\/wp\/v2\/product"}],"about":[{"href":"https:\/\/lifesupportdistribution.fr\/de\/wp-json\/wp\/v2\/types\/product"}],"wp:featuredmedia":[{"embeddable":true,"href":"https:\/\/lifesupportdistribution.fr\/de\/wp-json\/wp\/v2\/media\/2940"}],"wp:attachment":[{"href":"https:\/\/lifesupportdistribution.fr\/de\/wp-json\/wp\/v2\/media?parent=5402"}],"wp:term":[{"taxonomy":"product_brand","embeddable":true,"href":"https:\/\/lifesupportdistribution.fr\/de\/wp-json\/wp\/v2\/product_brand?post=5402"},{"taxonomy":"product_cat","embeddable":true,"href":"https:\/\/lifesupportdistribution.fr\/de\/wp-json\/wp\/v2\/product_cat?post=5402"},{"taxonomy":"product_tag","embeddable":true,"href":"https:\/\/lifesupportdistribution.fr\/de\/wp-json\/wp\/v2\/product_tag?post=5402"}],"curies":[{"name":"wp","href":"https:\/\/api.w.org\/{rel}","templated":true}]}}