{"id":5403,"date":"2025-12-05T11:25:49","date_gmt":"2025-12-05T10:25:49","guid":{"rendered":"https:\/\/lifesupportdistribution.fr\/produits\/auskultations-lern-torso\/"},"modified":"2025-12-05T11:25:49","modified_gmt":"2025-12-05T10:25:49","slug":"auskultations-lern-torso","status":"publish","type":"product","link":"https:\/\/lifesupportdistribution.fr\/de\/produkt\/auskultations-lern-torso\/","title":{"rendered":"Auskultations-Lern-Torso"},"content":{"rendered":"<p>Der BT-CECS von BT Inc. ist f\u00fcr das praktische Training der medizinischen Auskultation konzipiert, indem er einen realistischen anatomischen Torso mit einem verbundenen Audiosystem kombiniert. Er erm\u00f6glicht es Lernenden, normale physiologische Ger\u00e4usche zu identifizieren und pathologische Anomalien zu erkennen, wobei ein breites Spektrum klinischer F\u00e4lle abgedeckt wird.  <\/p>\n<p>Mit einem Standard-Stethoskop verwendbar, sendet dieser Simulator authentische Herz-, Lungen- und Darmger\u00e4usche gem\u00e4\u00df vorprogrammierten Szenarien. Dank seiner Bluetooth-Verbindung und seines dedizierten Webportals erm\u00f6glicht er eine Sitzungsverfolgung, Trainings-Quizzes und eine Leistungsbewertung. <\/p>\n<p>Kompakt, leicht und einfach zu transportieren, passt sich der BT-CECS sowohl individuellen Trainings als auch Gruppensitzungen an. Er ist ein ideales Werkzeug f\u00fcr medizinische Universit\u00e4ten, Krankenpflegeschulen, Simulationszentren und Gesundheitstrainer, die die Beherrschung klinischer Auskultationstechniken st\u00e4rken m\u00f6chten. <\/p>\n","protected":false},"excerpt":{"rendered":"<p>Der BT-CECS ist ein interaktiver und realistischer Auskultationssimulator, der das \u00dcben des H\u00f6rens und der Palpation von Herz-, Lungen- und Darmger\u00e4uschen erm\u00f6glicht. Dank hochpr\u00e4ziser Audiotechnologie bietet er ein immersives und p\u00e4dagogisches Erlebnis, um die F\u00e4higkeiten in der klinischen Auskultation in einer sicheren und kontrollierten Umgebung zu entwickeln. <\/p>\n","protected":false},"featured_media":2878,"template":"","meta":[],"product_brand":[189],"product_cat":[222],"product_tag":[230,239,249,251,236],"class_list":{"0":"post-5403","1":"product","2":"type-product","3":"status-publish","4":"has-post-thumbnail","6":"product_brand-bt-inc","7":"product_cat-simulatoren-fur-medizinische-versorgung","8":"product_tag-allgemeinmedizin","9":"product_tag-herz-lungen","10":"product_tag-innere-medizin","11":"product_tag-krankenpflege","12":"product_tag-notfallmedizin","14":"first","15":"instock","16":"shipping-taxable","17":"purchasable","18":"product-type-simple"},"yoast_head":"<!-- This site is optimized with the Yoast SEO plugin v26.8 - https:\/\/yoast.com\/product\/yoast-seo-wordpress\/ -->\n<title>BT-CECS \u2013 Realistischer Simulator f\u00fcr die klinische Auskultation<\/title>\n<meta name=\"description\" content=\"Realistischer Auskultationssimulator mit Herz-, Lungen- und Darmger\u00e4uschen, Bluetooth-Verbindung und Webportal f\u00fcr interaktives Training.\" \/>\n<meta name=\"robots\" content=\"index, follow, max-snippet:-1, max-image-preview:large, max-video-preview:-1\" \/>\n<link rel=\"canonical\" href=\"https:\/\/lifesupportdistribution.fr\/de\/produkt\/auskultations-lern-torso\/\" \/>\n<meta property=\"og:locale\" content=\"de_DE\" \/>\n<meta property=\"og:type\" content=\"article\" \/>\n<meta property=\"og:title\" content=\"BT-CECS \u2013 Realistischer Simulator f\u00fcr die klinische Auskultation\" \/>\n<meta property=\"og:description\" content=\"Realistischer Auskultationssimulator mit Herz-, Lungen- und Darmger\u00e4uschen, Bluetooth-Verbindung und Webportal f\u00fcr interaktives Training.\" \/>\n<meta property=\"og:url\" content=\"https:\/\/lifesupportdistribution.fr\/de\/produkt\/auskultations-lern-torso\/\" \/>\n<meta property=\"og:site_name\" content=\"Life Support Distribution\" \/>\n<meta property=\"og:image\" content=\"https:\/\/lifesupportdistribution.fr\/wp-content\/uploads\/2025\/12\/Torse-dapprentissage-de-lauscultation.png\" \/>\n\t<meta property=\"og:image:width\" content=\"603\" \/>\n\t<meta property=\"og:image:height\" content=\"532\" \/>\n\t<meta property=\"og:image:type\" content=\"image\/png\" \/>\n<meta name=\"twitter:card\" content=\"summary_large_image\" \/>\n<meta name=\"twitter:label1\" content=\"Gesch\u00e4tzte Lesezeit\" \/>\n\t<meta name=\"twitter:data1\" content=\"1\u00a0Minute\" \/>\n<script type=\"application\/ld+json\" class=\"yoast-schema-graph\">{\"@context\":\"https:\/\/schema.org\",\"@graph\":[{\"@type\":\"WebPage\",\"@id\":\"https:\/\/lifesupportdistribution.fr\/de\/produkt\/auskultations-lern-torso\/\",\"url\":\"https:\/\/lifesupportdistribution.fr\/de\/produkt\/auskultations-lern-torso\/\",\"name\":\"BT-CECS \u2013 Realistischer Simulator f\u00fcr die klinische Auskultation\",\"isPartOf\":{\"@id\":\"https:\/\/lifesupportdistribution.fr\/de\/#website\"},\"primaryImageOfPage\":{\"@id\":\"https:\/\/lifesupportdistribution.fr\/de\/produkt\/auskultations-lern-torso\/#primaryimage\"},\"image\":{\"@id\":\"https:\/\/lifesupportdistribution.fr\/de\/produkt\/auskultations-lern-torso\/#primaryimage\"},\"thumbnailUrl\":\"https:\/\/lifesupportdistribution.fr\/wp-content\/uploads\/2025\/12\/Torse-dapprentissage-de-lauscultation.png\",\"datePublished\":\"2025-12-05T10:25:49+00:00\",\"description\":\"Realistischer Auskultationssimulator mit Herz-, Lungen- und Darmger\u00e4uschen, Bluetooth-Verbindung und Webportal f\u00fcr interaktives Training.\",\"breadcrumb\":{\"@id\":\"https:\/\/lifesupportdistribution.fr\/de\/produkt\/auskultations-lern-torso\/#breadcrumb\"},\"inLanguage\":\"de\",\"potentialAction\":[{\"@type\":\"ReadAction\",\"target\":[\"https:\/\/lifesupportdistribution.fr\/de\/produkt\/auskultations-lern-torso\/\"]}]},{\"@type\":\"ImageObject\",\"inLanguage\":\"de\",\"@id\":\"https:\/\/lifesupportdistribution.fr\/de\/produkt\/auskultations-lern-torso\/#primaryimage\",\"url\":\"https:\/\/lifesupportdistribution.fr\/wp-content\/uploads\/2025\/12\/Torse-dapprentissage-de-lauscultation.png\",\"contentUrl\":\"https:\/\/lifesupportdistribution.fr\/wp-content\/uploads\/2025\/12\/Torse-dapprentissage-de-lauscultation.png\",\"width\":603,\"height\":532},{\"@type\":\"BreadcrumbList\",\"@id\":\"https:\/\/lifesupportdistribution.fr\/de\/produkt\/auskultations-lern-torso\/#breadcrumb\",\"itemListElement\":[{\"@type\":\"ListItem\",\"position\":1,\"name\":\"Accueil\",\"item\":\"https:\/\/lifesupportdistribution.fr\/de\/startseite\/\"},{\"@type\":\"ListItem\",\"position\":2,\"name\":\"Shop\",\"item\":\"https:\/\/lifesupportdistribution.fr\/de\/shop\/\"},{\"@type\":\"ListItem\",\"position\":3,\"name\":\"Auskultations-Lern-Torso\"}]},{\"@type\":\"WebSite\",\"@id\":\"https:\/\/lifesupportdistribution.fr\/de\/#website\",\"url\":\"https:\/\/lifesupportdistribution.fr\/de\/\",\"name\":\"Life Support Distribution\",\"description\":\"Solutions en simulation m\u00e9dicale\",\"publisher\":{\"@id\":\"https:\/\/lifesupportdistribution.fr\/de\/#organization\"},\"potentialAction\":[{\"@type\":\"SearchAction\",\"target\":{\"@type\":\"EntryPoint\",\"urlTemplate\":\"https:\/\/lifesupportdistribution.fr\/de\/?s={search_term_string}\"},\"query-input\":{\"@type\":\"PropertyValueSpecification\",\"valueRequired\":true,\"valueName\":\"search_term_string\"}}],\"inLanguage\":\"de\"},{\"@type\":\"Organization\",\"@id\":\"https:\/\/lifesupportdistribution.fr\/de\/#organization\",\"name\":\"Life Support Distribution\",\"url\":\"https:\/\/lifesupportdistribution.fr\/de\/\",\"logo\":{\"@type\":\"ImageObject\",\"inLanguage\":\"de\",\"@id\":\"https:\/\/lifesupportdistribution.fr\/de\/#\/schema\/logo\/image\/\",\"url\":\"https:\/\/lifesupportdistribution.fr\/wp-content\/uploads\/2025\/10\/logo-life-support-distribution.svg\",\"contentUrl\":\"https:\/\/lifesupportdistribution.fr\/wp-content\/uploads\/2025\/10\/logo-life-support-distribution.svg\",\"width\":698,\"height\":223,\"caption\":\"Life Support Distribution\"},\"image\":{\"@id\":\"https:\/\/lifesupportdistribution.fr\/de\/#\/schema\/logo\/image\/\"},\"sameAs\":[\"https:\/\/www.linkedin.com\/company\/life-support-distribution\/\"]}]}<\/script>\n<!-- \/ Yoast SEO plugin. -->","yoast_head_json":{"title":"BT-CECS \u2013 Realistischer Simulator f\u00fcr die klinische Auskultation","description":"Realistischer Auskultationssimulator mit Herz-, Lungen- und Darmger\u00e4uschen, Bluetooth-Verbindung und Webportal f\u00fcr interaktives Training.","robots":{"index":"index","follow":"follow","max-snippet":"max-snippet:-1","max-image-preview":"max-image-preview:large","max-video-preview":"max-video-preview:-1"},"canonical":"https:\/\/lifesupportdistribution.fr\/de\/produkt\/auskultations-lern-torso\/","og_locale":"de_DE","og_type":"article","og_title":"BT-CECS \u2013 Realistischer Simulator f\u00fcr die klinische Auskultation","og_description":"Realistischer Auskultationssimulator mit Herz-, Lungen- und Darmger\u00e4uschen, Bluetooth-Verbindung und Webportal f\u00fcr interaktives Training.","og_url":"https:\/\/lifesupportdistribution.fr\/de\/produkt\/auskultations-lern-torso\/","og_site_name":"Life Support Distribution","og_image":[{"width":603,"height":532,"url":"https:\/\/lifesupportdistribution.fr\/wp-content\/uploads\/2025\/12\/Torse-dapprentissage-de-lauscultation.png","type":"image\/png"}],"twitter_card":"summary_large_image","twitter_misc":{"Gesch\u00e4tzte Lesezeit":"1\u00a0Minute"},"schema":{"@context":"https:\/\/schema.org","@graph":[{"@type":"WebPage","@id":"https:\/\/lifesupportdistribution.fr\/de\/produkt\/auskultations-lern-torso\/","url":"https:\/\/lifesupportdistribution.fr\/de\/produkt\/auskultations-lern-torso\/","name":"BT-CECS \u2013 Realistischer Simulator f\u00fcr die klinische Auskultation","isPartOf":{"@id":"https:\/\/lifesupportdistribution.fr\/de\/#website"},"primaryImageOfPage":{"@id":"https:\/\/lifesupportdistribution.fr\/de\/produkt\/auskultations-lern-torso\/#primaryimage"},"image":{"@id":"https:\/\/lifesupportdistribution.fr\/de\/produkt\/auskultations-lern-torso\/#primaryimage"},"thumbnailUrl":"https:\/\/lifesupportdistribution.fr\/wp-content\/uploads\/2025\/12\/Torse-dapprentissage-de-lauscultation.png","datePublished":"2025-12-05T10:25:49+00:00","description":"Realistischer Auskultationssimulator mit Herz-, Lungen- und Darmger\u00e4uschen, Bluetooth-Verbindung und Webportal f\u00fcr interaktives Training.","breadcrumb":{"@id":"https:\/\/lifesupportdistribution.fr\/de\/produkt\/auskultations-lern-torso\/#breadcrumb"},"inLanguage":"de","potentialAction":[{"@type":"ReadAction","target":["https:\/\/lifesupportdistribution.fr\/de\/produkt\/auskultations-lern-torso\/"]}]},{"@type":"ImageObject","inLanguage":"de","@id":"https:\/\/lifesupportdistribution.fr\/de\/produkt\/auskultations-lern-torso\/#primaryimage","url":"https:\/\/lifesupportdistribution.fr\/wp-content\/uploads\/2025\/12\/Torse-dapprentissage-de-lauscultation.png","contentUrl":"https:\/\/lifesupportdistribution.fr\/wp-content\/uploads\/2025\/12\/Torse-dapprentissage-de-lauscultation.png","width":603,"height":532},{"@type":"BreadcrumbList","@id":"https:\/\/lifesupportdistribution.fr\/de\/produkt\/auskultations-lern-torso\/#breadcrumb","itemListElement":[{"@type":"ListItem","position":1,"name":"Accueil","item":"https:\/\/lifesupportdistribution.fr\/de\/startseite\/"},{"@type":"ListItem","position":2,"name":"Shop","item":"https:\/\/lifesupportdistribution.fr\/de\/shop\/"},{"@type":"ListItem","position":3,"name":"Auskultations-Lern-Torso"}]},{"@type":"WebSite","@id":"https:\/\/lifesupportdistribution.fr\/de\/#website","url":"https:\/\/lifesupportdistribution.fr\/de\/","name":"Life Support Distribution","description":"Solutions en simulation m\u00e9dicale","publisher":{"@id":"https:\/\/lifesupportdistribution.fr\/de\/#organization"},"potentialAction":[{"@type":"SearchAction","target":{"@type":"EntryPoint","urlTemplate":"https:\/\/lifesupportdistribution.fr\/de\/?s={search_term_string}"},"query-input":{"@type":"PropertyValueSpecification","valueRequired":true,"valueName":"search_term_string"}}],"inLanguage":"de"},{"@type":"Organization","@id":"https:\/\/lifesupportdistribution.fr\/de\/#organization","name":"Life Support Distribution","url":"https:\/\/lifesupportdistribution.fr\/de\/","logo":{"@type":"ImageObject","inLanguage":"de","@id":"https:\/\/lifesupportdistribution.fr\/de\/#\/schema\/logo\/image\/","url":"https:\/\/lifesupportdistribution.fr\/wp-content\/uploads\/2025\/10\/logo-life-support-distribution.svg","contentUrl":"https:\/\/lifesupportdistribution.fr\/wp-content\/uploads\/2025\/10\/logo-life-support-distribution.svg","width":698,"height":223,"caption":"Life Support Distribution"},"image":{"@id":"https:\/\/lifesupportdistribution.fr\/de\/#\/schema\/logo\/image\/"},"sameAs":["https:\/\/www.linkedin.com\/company\/life-support-distribution\/"]}]}},"_links":{"self":[{"href":"https:\/\/lifesupportdistribution.fr\/de\/wp-json\/wp\/v2\/product\/5403","targetHints":{"allow":["GET"]}}],"collection":[{"href":"https:\/\/lifesupportdistribution.fr\/de\/wp-json\/wp\/v2\/product"}],"about":[{"href":"https:\/\/lifesupportdistribution.fr\/de\/wp-json\/wp\/v2\/types\/product"}],"wp:featuredmedia":[{"embeddable":true,"href":"https:\/\/lifesupportdistribution.fr\/de\/wp-json\/wp\/v2\/media\/2878"}],"wp:attachment":[{"href":"https:\/\/lifesupportdistribution.fr\/de\/wp-json\/wp\/v2\/media?parent=5403"}],"wp:term":[{"taxonomy":"product_brand","embeddable":true,"href":"https:\/\/lifesupportdistribution.fr\/de\/wp-json\/wp\/v2\/product_brand?post=5403"},{"taxonomy":"product_cat","embeddable":true,"href":"https:\/\/lifesupportdistribution.fr\/de\/wp-json\/wp\/v2\/product_cat?post=5403"},{"taxonomy":"product_tag","embeddable":true,"href":"https:\/\/lifesupportdistribution.fr\/de\/wp-json\/wp\/v2\/product_tag?post=5403"}],"curies":[{"name":"wp","href":"https:\/\/api.w.org\/{rel}","templated":true}]}}