{"id":5415,"date":"2025-12-05T11:32:26","date_gmt":"2025-12-05T10:32:26","guid":{"rendered":"https:\/\/lifesupportdistribution.fr\/produits\/intradermales-injektionspad\/"},"modified":"2025-12-05T11:32:26","modified_gmt":"2025-12-05T10:32:26","slug":"intradermales-injektionspad","status":"publish","type":"product","link":"https:\/\/lifesupportdistribution.fr\/de\/produkt\/intradermales-injektionspad\/","title":{"rendered":"Intradermales Injektionspad"},"content":{"rendered":"<p>Das intradermale Injektionspad BT-CSID von BT Inc. bietet ein immersives und sicheres Trainingserlebnis, ideal zum \u00dcben der Intradermalreaktion (IDR) und der Tuberkulinisierung.<br \/>\nDank seines mehrschichtigen Aufbaus reproduziert es den nat\u00fcrlichen Hautwiderstand und das charakteristische Spannungsgef\u00fchl bei der intradermalen Injektion. <\/p>\n<p>Kompakt, leicht und einfach zu installieren, kann dieses Pad an einem St\u00e4nder, einem Mannequin oder dem Arm eines standardisierten Patienten befestigt werden, was eine Vielzahl von Lehrszenarien erm\u00f6glicht.<br \/>\nLanglebig und wiederverwendbar, ist es ein unverzichtbares Werkzeug f\u00fcr Ausbildungen in Krankenpflege, Allgemeinmedizin und Simulationslaboren.<\/p>\n<p>Dank des mitgelieferten Befestigungsbandes ist das BT-CSID sofort einsatzbereit und kann in alle klinischen Trainingskonfigurationen integriert werden, von der Klassendemonstration bis zur individuellen Bewertung.<\/p>\n","protected":false},"excerpt":{"rendered":"<p>Das BT-CSID ist ein realistisches Trainingspad, das f\u00fcr das Erlernen intradermaler Injektionen und diagnostischer Hauttests entwickelt wurde. Seine Textur reproduziert naturgetreu den Widerstand und das Gef\u00fchl menschlicher Haut, sodass Lernende ihre Technik mit pr\u00e4zisem und authentischem taktilem Feedback perfektionieren k\u00f6nnen. <\/p>\n","protected":false},"featured_media":2874,"template":"","meta":[],"product_brand":[189],"product_cat":[222,220],"product_tag":[230,254,251,236],"class_list":{"0":"post-5415","1":"product","2":"type-product","3":"status-publish","4":"has-post-thumbnail","6":"product_brand-bt-inc","7":"product_cat-simulatoren-fur-medizinische-versorgung","8":"product_cat-simulierte-patienten","9":"product_tag-allgemeinmedizin","10":"product_tag-dermatologie","11":"product_tag-krankenpflege","12":"product_tag-notfallmedizin","14":"first","15":"instock","16":"shipping-taxable","17":"purchasable","18":"product-type-simple"},"yoast_head":"<!-- This site is optimized with the Yoast SEO plugin v26.8 - https:\/\/yoast.com\/product\/yoast-seo-wordpress\/ -->\n<title>BT-CSID \u2013 Realistisches Pad f\u00fcr intradermale Injektionen<\/title>\n<meta name=\"description\" content=\"Realistisches Pad f\u00fcr das Training intradermaler Injektionen, mit haut\u00e4hnlichem Widerstand und einfacher Installation f\u00fcr alle klinischen Szenarien.\" \/>\n<meta name=\"robots\" content=\"index, follow, max-snippet:-1, max-image-preview:large, max-video-preview:-1\" \/>\n<link rel=\"canonical\" href=\"https:\/\/lifesupportdistribution.fr\/de\/produkt\/intradermales-injektionspad\/\" \/>\n<meta property=\"og:locale\" content=\"de_DE\" \/>\n<meta property=\"og:type\" content=\"article\" \/>\n<meta property=\"og:title\" content=\"BT-CSID \u2013 Realistisches Pad f\u00fcr intradermale Injektionen\" \/>\n<meta property=\"og:description\" content=\"Realistisches Pad f\u00fcr das Training intradermaler Injektionen, mit haut\u00e4hnlichem Widerstand und einfacher Installation f\u00fcr alle klinischen Szenarien.\" \/>\n<meta property=\"og:url\" content=\"https:\/\/lifesupportdistribution.fr\/de\/produkt\/intradermales-injektionspad\/\" \/>\n<meta property=\"og:site_name\" content=\"Life Support Distribution\" \/>\n<meta property=\"og:image\" content=\"https:\/\/lifesupportdistribution.fr\/wp-content\/uploads\/2025\/12\/Pad-dinjection-intradermique.jpg\" \/>\n\t<meta property=\"og:image:width\" content=\"1000\" \/>\n\t<meta property=\"og:image:height\" content=\"1000\" \/>\n\t<meta property=\"og:image:type\" content=\"image\/jpeg\" \/>\n<meta name=\"twitter:card\" content=\"summary_large_image\" \/>\n<meta name=\"twitter:label1\" content=\"Gesch\u00e4tzte Lesezeit\" \/>\n\t<meta name=\"twitter:data1\" content=\"1\u00a0Minute\" \/>\n<script type=\"application\/ld+json\" class=\"yoast-schema-graph\">{\"@context\":\"https:\/\/schema.org\",\"@graph\":[{\"@type\":\"WebPage\",\"@id\":\"https:\/\/lifesupportdistribution.fr\/de\/produkt\/intradermales-injektionspad\/\",\"url\":\"https:\/\/lifesupportdistribution.fr\/de\/produkt\/intradermales-injektionspad\/\",\"name\":\"BT-CSID \u2013 Realistisches Pad f\u00fcr intradermale Injektionen\",\"isPartOf\":{\"@id\":\"https:\/\/lifesupportdistribution.fr\/de\/#website\"},\"primaryImageOfPage\":{\"@id\":\"https:\/\/lifesupportdistribution.fr\/de\/produkt\/intradermales-injektionspad\/#primaryimage\"},\"image\":{\"@id\":\"https:\/\/lifesupportdistribution.fr\/de\/produkt\/intradermales-injektionspad\/#primaryimage\"},\"thumbnailUrl\":\"https:\/\/lifesupportdistribution.fr\/wp-content\/uploads\/2025\/12\/Pad-dinjection-intradermique.jpg\",\"datePublished\":\"2025-12-05T10:32:26+00:00\",\"description\":\"Realistisches Pad f\u00fcr das Training intradermaler Injektionen, mit haut\u00e4hnlichem Widerstand und einfacher Installation f\u00fcr alle klinischen Szenarien.\",\"breadcrumb\":{\"@id\":\"https:\/\/lifesupportdistribution.fr\/de\/produkt\/intradermales-injektionspad\/#breadcrumb\"},\"inLanguage\":\"de\",\"potentialAction\":[{\"@type\":\"ReadAction\",\"target\":[\"https:\/\/lifesupportdistribution.fr\/de\/produkt\/intradermales-injektionspad\/\"]}]},{\"@type\":\"ImageObject\",\"inLanguage\":\"de\",\"@id\":\"https:\/\/lifesupportdistribution.fr\/de\/produkt\/intradermales-injektionspad\/#primaryimage\",\"url\":\"https:\/\/lifesupportdistribution.fr\/wp-content\/uploads\/2025\/12\/Pad-dinjection-intradermique.jpg\",\"contentUrl\":\"https:\/\/lifesupportdistribution.fr\/wp-content\/uploads\/2025\/12\/Pad-dinjection-intradermique.jpg\",\"width\":1000,\"height\":1000},{\"@type\":\"BreadcrumbList\",\"@id\":\"https:\/\/lifesupportdistribution.fr\/de\/produkt\/intradermales-injektionspad\/#breadcrumb\",\"itemListElement\":[{\"@type\":\"ListItem\",\"position\":1,\"name\":\"Accueil\",\"item\":\"https:\/\/lifesupportdistribution.fr\/de\/startseite\/\"},{\"@type\":\"ListItem\",\"position\":2,\"name\":\"Shop\",\"item\":\"https:\/\/lifesupportdistribution.fr\/de\/shop\/\"},{\"@type\":\"ListItem\",\"position\":3,\"name\":\"Intradermales Injektionspad\"}]},{\"@type\":\"WebSite\",\"@id\":\"https:\/\/lifesupportdistribution.fr\/de\/#website\",\"url\":\"https:\/\/lifesupportdistribution.fr\/de\/\",\"name\":\"Life Support Distribution\",\"description\":\"Solutions en simulation m\u00e9dicale\",\"publisher\":{\"@id\":\"https:\/\/lifesupportdistribution.fr\/de\/#organization\"},\"potentialAction\":[{\"@type\":\"SearchAction\",\"target\":{\"@type\":\"EntryPoint\",\"urlTemplate\":\"https:\/\/lifesupportdistribution.fr\/de\/?s={search_term_string}\"},\"query-input\":{\"@type\":\"PropertyValueSpecification\",\"valueRequired\":true,\"valueName\":\"search_term_string\"}}],\"inLanguage\":\"de\"},{\"@type\":\"Organization\",\"@id\":\"https:\/\/lifesupportdistribution.fr\/de\/#organization\",\"name\":\"Life Support Distribution\",\"url\":\"https:\/\/lifesupportdistribution.fr\/de\/\",\"logo\":{\"@type\":\"ImageObject\",\"inLanguage\":\"de\",\"@id\":\"https:\/\/lifesupportdistribution.fr\/de\/#\/schema\/logo\/image\/\",\"url\":\"https:\/\/lifesupportdistribution.fr\/wp-content\/uploads\/2025\/10\/logo-life-support-distribution.svg\",\"contentUrl\":\"https:\/\/lifesupportdistribution.fr\/wp-content\/uploads\/2025\/10\/logo-life-support-distribution.svg\",\"width\":698,\"height\":223,\"caption\":\"Life Support Distribution\"},\"image\":{\"@id\":\"https:\/\/lifesupportdistribution.fr\/de\/#\/schema\/logo\/image\/\"},\"sameAs\":[\"https:\/\/www.linkedin.com\/company\/life-support-distribution\/\"]}]}<\/script>\n<!-- \/ Yoast SEO plugin. -->","yoast_head_json":{"title":"BT-CSID \u2013 Realistisches Pad f\u00fcr intradermale Injektionen","description":"Realistisches Pad f\u00fcr das Training intradermaler Injektionen, mit haut\u00e4hnlichem Widerstand und einfacher Installation f\u00fcr alle klinischen Szenarien.","robots":{"index":"index","follow":"follow","max-snippet":"max-snippet:-1","max-image-preview":"max-image-preview:large","max-video-preview":"max-video-preview:-1"},"canonical":"https:\/\/lifesupportdistribution.fr\/de\/produkt\/intradermales-injektionspad\/","og_locale":"de_DE","og_type":"article","og_title":"BT-CSID \u2013 Realistisches Pad f\u00fcr intradermale Injektionen","og_description":"Realistisches Pad f\u00fcr das Training intradermaler Injektionen, mit haut\u00e4hnlichem Widerstand und einfacher Installation f\u00fcr alle klinischen Szenarien.","og_url":"https:\/\/lifesupportdistribution.fr\/de\/produkt\/intradermales-injektionspad\/","og_site_name":"Life Support Distribution","og_image":[{"width":1000,"height":1000,"url":"https:\/\/lifesupportdistribution.fr\/wp-content\/uploads\/2025\/12\/Pad-dinjection-intradermique.jpg","type":"image\/jpeg"}],"twitter_card":"summary_large_image","twitter_misc":{"Gesch\u00e4tzte Lesezeit":"1\u00a0Minute"},"schema":{"@context":"https:\/\/schema.org","@graph":[{"@type":"WebPage","@id":"https:\/\/lifesupportdistribution.fr\/de\/produkt\/intradermales-injektionspad\/","url":"https:\/\/lifesupportdistribution.fr\/de\/produkt\/intradermales-injektionspad\/","name":"BT-CSID \u2013 Realistisches Pad f\u00fcr intradermale Injektionen","isPartOf":{"@id":"https:\/\/lifesupportdistribution.fr\/de\/#website"},"primaryImageOfPage":{"@id":"https:\/\/lifesupportdistribution.fr\/de\/produkt\/intradermales-injektionspad\/#primaryimage"},"image":{"@id":"https:\/\/lifesupportdistribution.fr\/de\/produkt\/intradermales-injektionspad\/#primaryimage"},"thumbnailUrl":"https:\/\/lifesupportdistribution.fr\/wp-content\/uploads\/2025\/12\/Pad-dinjection-intradermique.jpg","datePublished":"2025-12-05T10:32:26+00:00","description":"Realistisches Pad f\u00fcr das Training intradermaler Injektionen, mit haut\u00e4hnlichem Widerstand und einfacher Installation f\u00fcr alle klinischen Szenarien.","breadcrumb":{"@id":"https:\/\/lifesupportdistribution.fr\/de\/produkt\/intradermales-injektionspad\/#breadcrumb"},"inLanguage":"de","potentialAction":[{"@type":"ReadAction","target":["https:\/\/lifesupportdistribution.fr\/de\/produkt\/intradermales-injektionspad\/"]}]},{"@type":"ImageObject","inLanguage":"de","@id":"https:\/\/lifesupportdistribution.fr\/de\/produkt\/intradermales-injektionspad\/#primaryimage","url":"https:\/\/lifesupportdistribution.fr\/wp-content\/uploads\/2025\/12\/Pad-dinjection-intradermique.jpg","contentUrl":"https:\/\/lifesupportdistribution.fr\/wp-content\/uploads\/2025\/12\/Pad-dinjection-intradermique.jpg","width":1000,"height":1000},{"@type":"BreadcrumbList","@id":"https:\/\/lifesupportdistribution.fr\/de\/produkt\/intradermales-injektionspad\/#breadcrumb","itemListElement":[{"@type":"ListItem","position":1,"name":"Accueil","item":"https:\/\/lifesupportdistribution.fr\/de\/startseite\/"},{"@type":"ListItem","position":2,"name":"Shop","item":"https:\/\/lifesupportdistribution.fr\/de\/shop\/"},{"@type":"ListItem","position":3,"name":"Intradermales Injektionspad"}]},{"@type":"WebSite","@id":"https:\/\/lifesupportdistribution.fr\/de\/#website","url":"https:\/\/lifesupportdistribution.fr\/de\/","name":"Life Support Distribution","description":"Solutions en simulation m\u00e9dicale","publisher":{"@id":"https:\/\/lifesupportdistribution.fr\/de\/#organization"},"potentialAction":[{"@type":"SearchAction","target":{"@type":"EntryPoint","urlTemplate":"https:\/\/lifesupportdistribution.fr\/de\/?s={search_term_string}"},"query-input":{"@type":"PropertyValueSpecification","valueRequired":true,"valueName":"search_term_string"}}],"inLanguage":"de"},{"@type":"Organization","@id":"https:\/\/lifesupportdistribution.fr\/de\/#organization","name":"Life Support Distribution","url":"https:\/\/lifesupportdistribution.fr\/de\/","logo":{"@type":"ImageObject","inLanguage":"de","@id":"https:\/\/lifesupportdistribution.fr\/de\/#\/schema\/logo\/image\/","url":"https:\/\/lifesupportdistribution.fr\/wp-content\/uploads\/2025\/10\/logo-life-support-distribution.svg","contentUrl":"https:\/\/lifesupportdistribution.fr\/wp-content\/uploads\/2025\/10\/logo-life-support-distribution.svg","width":698,"height":223,"caption":"Life Support Distribution"},"image":{"@id":"https:\/\/lifesupportdistribution.fr\/de\/#\/schema\/logo\/image\/"},"sameAs":["https:\/\/www.linkedin.com\/company\/life-support-distribution\/"]}]}},"_links":{"self":[{"href":"https:\/\/lifesupportdistribution.fr\/de\/wp-json\/wp\/v2\/product\/5415","targetHints":{"allow":["GET"]}}],"collection":[{"href":"https:\/\/lifesupportdistribution.fr\/de\/wp-json\/wp\/v2\/product"}],"about":[{"href":"https:\/\/lifesupportdistribution.fr\/de\/wp-json\/wp\/v2\/types\/product"}],"wp:featuredmedia":[{"embeddable":true,"href":"https:\/\/lifesupportdistribution.fr\/de\/wp-json\/wp\/v2\/media\/2874"}],"wp:attachment":[{"href":"https:\/\/lifesupportdistribution.fr\/de\/wp-json\/wp\/v2\/media?parent=5415"}],"wp:term":[{"taxonomy":"product_brand","embeddable":true,"href":"https:\/\/lifesupportdistribution.fr\/de\/wp-json\/wp\/v2\/product_brand?post=5415"},{"taxonomy":"product_cat","embeddable":true,"href":"https:\/\/lifesupportdistribution.fr\/de\/wp-json\/wp\/v2\/product_cat?post=5415"},{"taxonomy":"product_tag","embeddable":true,"href":"https:\/\/lifesupportdistribution.fr\/de\/wp-json\/wp\/v2\/product_tag?post=5415"}],"curies":[{"name":"wp","href":"https:\/\/api.w.org\/{rel}","templated":true}]}}