{"id":5419,"date":"2025-12-05T11:34:11","date_gmt":"2025-12-05T10:34:11","guid":{"rendered":"https:\/\/lifesupportdistribution.fr\/produits\/subkutanes-injektions-pad\/"},"modified":"2025-12-05T11:34:11","modified_gmt":"2025-12-05T10:34:11","slug":"subkutanes-injektions-pad","status":"publish","type":"product","link":"https:\/\/lifesupportdistribution.fr\/de\/produkt\/subkutanes-injektions-pad\/","title":{"rendered":"Subkutanes Injektions-Pad"},"content":{"rendered":"<p>Das subkutane Injektions-Pad BT-CSIC von BT Inc. simuliert authentisch die Dicke, Textur und den Widerstand der menschlichen Haut. Es erm\u00f6glicht Lernenden, die Technik der subkutanen Injektion zu beherrschen, insbesondere im Rahmen von Impfungen, der Verabreichung von Insulin oder Antikoagulanzien.  <\/p>\n<p>Dank seines ergonomischen Designs und seines Befestigungsbandes kann das Pad an einer Trainingspuppe oder am Arm eines standardisierten Patienten getragen werden und bietet so ein vollst\u00e4ndiges Eintauchen in Simulationsszenarien.<br \/>\nEinfach zu installieren und zu reinigen, ist es perfekt f\u00fcr den wiederholten Einsatz im p\u00e4dagogischen Umfeld. Seine Kompatibilit\u00e4t mit anderen BT Inc. Modulen macht es zu einem erg\u00e4nzenden Werkzeug in Schulungen f\u00fcr pflegerische Techniken.  <\/p>\n<p>Kompakt, langlebig und realistisch ist das BT-CSIC eine unverzichtbare Wahl f\u00fcr Einrichtungen, die ihre Lernenden in sicheren, pr\u00e4zisen und standardisierten Handgriffen schulen m\u00f6chten.<\/p>\n","protected":false},"excerpt":{"rendered":"<p>Das BT-CSIC ist ein Trainings-Pad f\u00fcr subkutane Injektionen, das entwickelt wurde, um den Widerstand und das Gef\u00fchl menschlicher Haut zu reproduzieren. Es erm\u00f6glicht das sichere \u00dcben pr\u00e4ventiver Impfungen und Injektionsverfahren unter realit\u00e4tsnahen Bedingungen. Ideal f\u00fcr Pflegestudenten, Gesundheitsschulen und Simulationszentren, gew\u00e4hrleistet es eine technische, pr\u00e4zise und risikofreie Ausbildung.  <\/p>\n","protected":false},"featured_media":2873,"template":"","meta":[],"product_brand":[189],"product_cat":[222,220],"product_tag":[230,249,251],"class_list":{"0":"post-5419","1":"product","2":"type-product","3":"status-publish","4":"has-post-thumbnail","6":"product_brand-bt-inc","7":"product_cat-simulatoren-fur-medizinische-versorgung","8":"product_cat-simulierte-patienten","9":"product_tag-allgemeinmedizin","10":"product_tag-innere-medizin","11":"product_tag-krankenpflege","13":"first","14":"instock","15":"shipping-taxable","16":"purchasable","17":"product-type-simple"},"yoast_head":"<!-- This site is optimized with the Yoast SEO plugin v26.8 - https:\/\/yoast.com\/product\/yoast-seo-wordpress\/ -->\n<title>BT-CSIC \u2013 Realistisches Pad f\u00fcr subkutane Injektionen<\/title>\n<meta name=\"description\" content=\"Realistisches Pad f\u00fcr das Training subkutaner Injektionen und Impfungen, mit realistischem Hautwiderstand und einfacher Installation.\" \/>\n<meta name=\"robots\" content=\"index, follow, max-snippet:-1, max-image-preview:large, max-video-preview:-1\" \/>\n<link rel=\"canonical\" href=\"https:\/\/lifesupportdistribution.fr\/de\/produkt\/subkutanes-injektions-pad\/\" \/>\n<meta property=\"og:locale\" content=\"de_DE\" \/>\n<meta property=\"og:type\" content=\"article\" \/>\n<meta property=\"og:title\" content=\"BT-CSIC \u2013 Realistisches Pad f\u00fcr subkutane Injektionen\" \/>\n<meta property=\"og:description\" content=\"Realistisches Pad f\u00fcr das Training subkutaner Injektionen und Impfungen, mit realistischem Hautwiderstand und einfacher Installation.\" \/>\n<meta property=\"og:url\" content=\"https:\/\/lifesupportdistribution.fr\/de\/produkt\/subkutanes-injektions-pad\/\" \/>\n<meta property=\"og:site_name\" content=\"Life Support Distribution\" \/>\n<meta property=\"og:image\" content=\"https:\/\/lifesupportdistribution.fr\/wp-content\/uploads\/2025\/12\/Pad-dinjection-sous-cutanee.jpg\" \/>\n\t<meta property=\"og:image:width\" content=\"1000\" \/>\n\t<meta property=\"og:image:height\" content=\"1000\" \/>\n\t<meta property=\"og:image:type\" content=\"image\/jpeg\" \/>\n<meta name=\"twitter:card\" content=\"summary_large_image\" \/>\n<meta name=\"twitter:label1\" content=\"Gesch\u00e4tzte Lesezeit\" \/>\n\t<meta name=\"twitter:data1\" content=\"1\u00a0Minute\" \/>\n<script type=\"application\/ld+json\" class=\"yoast-schema-graph\">{\"@context\":\"https:\/\/schema.org\",\"@graph\":[{\"@type\":\"WebPage\",\"@id\":\"https:\/\/lifesupportdistribution.fr\/de\/produkt\/subkutanes-injektions-pad\/\",\"url\":\"https:\/\/lifesupportdistribution.fr\/de\/produkt\/subkutanes-injektions-pad\/\",\"name\":\"BT-CSIC \u2013 Realistisches Pad f\u00fcr subkutane Injektionen\",\"isPartOf\":{\"@id\":\"https:\/\/lifesupportdistribution.fr\/de\/#website\"},\"primaryImageOfPage\":{\"@id\":\"https:\/\/lifesupportdistribution.fr\/de\/produkt\/subkutanes-injektions-pad\/#primaryimage\"},\"image\":{\"@id\":\"https:\/\/lifesupportdistribution.fr\/de\/produkt\/subkutanes-injektions-pad\/#primaryimage\"},\"thumbnailUrl\":\"https:\/\/lifesupportdistribution.fr\/wp-content\/uploads\/2025\/12\/Pad-dinjection-sous-cutanee.jpg\",\"datePublished\":\"2025-12-05T10:34:11+00:00\",\"description\":\"Realistisches Pad f\u00fcr das Training subkutaner Injektionen und Impfungen, mit realistischem Hautwiderstand und einfacher Installation.\",\"breadcrumb\":{\"@id\":\"https:\/\/lifesupportdistribution.fr\/de\/produkt\/subkutanes-injektions-pad\/#breadcrumb\"},\"inLanguage\":\"de\",\"potentialAction\":[{\"@type\":\"ReadAction\",\"target\":[\"https:\/\/lifesupportdistribution.fr\/de\/produkt\/subkutanes-injektions-pad\/\"]}]},{\"@type\":\"ImageObject\",\"inLanguage\":\"de\",\"@id\":\"https:\/\/lifesupportdistribution.fr\/de\/produkt\/subkutanes-injektions-pad\/#primaryimage\",\"url\":\"https:\/\/lifesupportdistribution.fr\/wp-content\/uploads\/2025\/12\/Pad-dinjection-sous-cutanee.jpg\",\"contentUrl\":\"https:\/\/lifesupportdistribution.fr\/wp-content\/uploads\/2025\/12\/Pad-dinjection-sous-cutanee.jpg\",\"width\":1000,\"height\":1000},{\"@type\":\"BreadcrumbList\",\"@id\":\"https:\/\/lifesupportdistribution.fr\/de\/produkt\/subkutanes-injektions-pad\/#breadcrumb\",\"itemListElement\":[{\"@type\":\"ListItem\",\"position\":1,\"name\":\"Accueil\",\"item\":\"https:\/\/lifesupportdistribution.fr\/de\/startseite\/\"},{\"@type\":\"ListItem\",\"position\":2,\"name\":\"Shop\",\"item\":\"https:\/\/lifesupportdistribution.fr\/de\/shop\/\"},{\"@type\":\"ListItem\",\"position\":3,\"name\":\"Subkutanes Injektions-Pad\"}]},{\"@type\":\"WebSite\",\"@id\":\"https:\/\/lifesupportdistribution.fr\/de\/#website\",\"url\":\"https:\/\/lifesupportdistribution.fr\/de\/\",\"name\":\"Life Support Distribution\",\"description\":\"Solutions en simulation m\u00e9dicale\",\"publisher\":{\"@id\":\"https:\/\/lifesupportdistribution.fr\/de\/#organization\"},\"potentialAction\":[{\"@type\":\"SearchAction\",\"target\":{\"@type\":\"EntryPoint\",\"urlTemplate\":\"https:\/\/lifesupportdistribution.fr\/de\/?s={search_term_string}\"},\"query-input\":{\"@type\":\"PropertyValueSpecification\",\"valueRequired\":true,\"valueName\":\"search_term_string\"}}],\"inLanguage\":\"de\"},{\"@type\":\"Organization\",\"@id\":\"https:\/\/lifesupportdistribution.fr\/de\/#organization\",\"name\":\"Life Support Distribution\",\"url\":\"https:\/\/lifesupportdistribution.fr\/de\/\",\"logo\":{\"@type\":\"ImageObject\",\"inLanguage\":\"de\",\"@id\":\"https:\/\/lifesupportdistribution.fr\/de\/#\/schema\/logo\/image\/\",\"url\":\"https:\/\/lifesupportdistribution.fr\/wp-content\/uploads\/2025\/10\/logo-life-support-distribution.svg\",\"contentUrl\":\"https:\/\/lifesupportdistribution.fr\/wp-content\/uploads\/2025\/10\/logo-life-support-distribution.svg\",\"width\":698,\"height\":223,\"caption\":\"Life Support Distribution\"},\"image\":{\"@id\":\"https:\/\/lifesupportdistribution.fr\/de\/#\/schema\/logo\/image\/\"},\"sameAs\":[\"https:\/\/www.linkedin.com\/company\/life-support-distribution\/\"]}]}<\/script>\n<!-- \/ Yoast SEO plugin. -->","yoast_head_json":{"title":"BT-CSIC \u2013 Realistisches Pad f\u00fcr subkutane Injektionen","description":"Realistisches Pad f\u00fcr das Training subkutaner Injektionen und Impfungen, mit realistischem Hautwiderstand und einfacher Installation.","robots":{"index":"index","follow":"follow","max-snippet":"max-snippet:-1","max-image-preview":"max-image-preview:large","max-video-preview":"max-video-preview:-1"},"canonical":"https:\/\/lifesupportdistribution.fr\/de\/produkt\/subkutanes-injektions-pad\/","og_locale":"de_DE","og_type":"article","og_title":"BT-CSIC \u2013 Realistisches Pad f\u00fcr subkutane Injektionen","og_description":"Realistisches Pad f\u00fcr das Training subkutaner Injektionen und Impfungen, mit realistischem Hautwiderstand und einfacher Installation.","og_url":"https:\/\/lifesupportdistribution.fr\/de\/produkt\/subkutanes-injektions-pad\/","og_site_name":"Life Support Distribution","og_image":[{"width":1000,"height":1000,"url":"https:\/\/lifesupportdistribution.fr\/wp-content\/uploads\/2025\/12\/Pad-dinjection-sous-cutanee.jpg","type":"image\/jpeg"}],"twitter_card":"summary_large_image","twitter_misc":{"Gesch\u00e4tzte Lesezeit":"1\u00a0Minute"},"schema":{"@context":"https:\/\/schema.org","@graph":[{"@type":"WebPage","@id":"https:\/\/lifesupportdistribution.fr\/de\/produkt\/subkutanes-injektions-pad\/","url":"https:\/\/lifesupportdistribution.fr\/de\/produkt\/subkutanes-injektions-pad\/","name":"BT-CSIC \u2013 Realistisches Pad f\u00fcr subkutane Injektionen","isPartOf":{"@id":"https:\/\/lifesupportdistribution.fr\/de\/#website"},"primaryImageOfPage":{"@id":"https:\/\/lifesupportdistribution.fr\/de\/produkt\/subkutanes-injektions-pad\/#primaryimage"},"image":{"@id":"https:\/\/lifesupportdistribution.fr\/de\/produkt\/subkutanes-injektions-pad\/#primaryimage"},"thumbnailUrl":"https:\/\/lifesupportdistribution.fr\/wp-content\/uploads\/2025\/12\/Pad-dinjection-sous-cutanee.jpg","datePublished":"2025-12-05T10:34:11+00:00","description":"Realistisches Pad f\u00fcr das Training subkutaner Injektionen und Impfungen, mit realistischem Hautwiderstand und einfacher Installation.","breadcrumb":{"@id":"https:\/\/lifesupportdistribution.fr\/de\/produkt\/subkutanes-injektions-pad\/#breadcrumb"},"inLanguage":"de","potentialAction":[{"@type":"ReadAction","target":["https:\/\/lifesupportdistribution.fr\/de\/produkt\/subkutanes-injektions-pad\/"]}]},{"@type":"ImageObject","inLanguage":"de","@id":"https:\/\/lifesupportdistribution.fr\/de\/produkt\/subkutanes-injektions-pad\/#primaryimage","url":"https:\/\/lifesupportdistribution.fr\/wp-content\/uploads\/2025\/12\/Pad-dinjection-sous-cutanee.jpg","contentUrl":"https:\/\/lifesupportdistribution.fr\/wp-content\/uploads\/2025\/12\/Pad-dinjection-sous-cutanee.jpg","width":1000,"height":1000},{"@type":"BreadcrumbList","@id":"https:\/\/lifesupportdistribution.fr\/de\/produkt\/subkutanes-injektions-pad\/#breadcrumb","itemListElement":[{"@type":"ListItem","position":1,"name":"Accueil","item":"https:\/\/lifesupportdistribution.fr\/de\/startseite\/"},{"@type":"ListItem","position":2,"name":"Shop","item":"https:\/\/lifesupportdistribution.fr\/de\/shop\/"},{"@type":"ListItem","position":3,"name":"Subkutanes Injektions-Pad"}]},{"@type":"WebSite","@id":"https:\/\/lifesupportdistribution.fr\/de\/#website","url":"https:\/\/lifesupportdistribution.fr\/de\/","name":"Life Support Distribution","description":"Solutions en simulation m\u00e9dicale","publisher":{"@id":"https:\/\/lifesupportdistribution.fr\/de\/#organization"},"potentialAction":[{"@type":"SearchAction","target":{"@type":"EntryPoint","urlTemplate":"https:\/\/lifesupportdistribution.fr\/de\/?s={search_term_string}"},"query-input":{"@type":"PropertyValueSpecification","valueRequired":true,"valueName":"search_term_string"}}],"inLanguage":"de"},{"@type":"Organization","@id":"https:\/\/lifesupportdistribution.fr\/de\/#organization","name":"Life Support Distribution","url":"https:\/\/lifesupportdistribution.fr\/de\/","logo":{"@type":"ImageObject","inLanguage":"de","@id":"https:\/\/lifesupportdistribution.fr\/de\/#\/schema\/logo\/image\/","url":"https:\/\/lifesupportdistribution.fr\/wp-content\/uploads\/2025\/10\/logo-life-support-distribution.svg","contentUrl":"https:\/\/lifesupportdistribution.fr\/wp-content\/uploads\/2025\/10\/logo-life-support-distribution.svg","width":698,"height":223,"caption":"Life Support Distribution"},"image":{"@id":"https:\/\/lifesupportdistribution.fr\/de\/#\/schema\/logo\/image\/"},"sameAs":["https:\/\/www.linkedin.com\/company\/life-support-distribution\/"]}]}},"_links":{"self":[{"href":"https:\/\/lifesupportdistribution.fr\/de\/wp-json\/wp\/v2\/product\/5419","targetHints":{"allow":["GET"]}}],"collection":[{"href":"https:\/\/lifesupportdistribution.fr\/de\/wp-json\/wp\/v2\/product"}],"about":[{"href":"https:\/\/lifesupportdistribution.fr\/de\/wp-json\/wp\/v2\/types\/product"}],"wp:featuredmedia":[{"embeddable":true,"href":"https:\/\/lifesupportdistribution.fr\/de\/wp-json\/wp\/v2\/media\/2873"}],"wp:attachment":[{"href":"https:\/\/lifesupportdistribution.fr\/de\/wp-json\/wp\/v2\/media?parent=5419"}],"wp:term":[{"taxonomy":"product_brand","embeddable":true,"href":"https:\/\/lifesupportdistribution.fr\/de\/wp-json\/wp\/v2\/product_brand?post=5419"},{"taxonomy":"product_cat","embeddable":true,"href":"https:\/\/lifesupportdistribution.fr\/de\/wp-json\/wp\/v2\/product_cat?post=5419"},{"taxonomy":"product_tag","embeddable":true,"href":"https:\/\/lifesupportdistribution.fr\/de\/wp-json\/wp\/v2\/product_tag?post=5419"}],"curies":[{"name":"wp","href":"https:\/\/api.w.org\/{rel}","templated":true}]}}