{"id":5423,"date":"2025-12-02T15:12:58","date_gmt":"2025-12-02T14:12:58","guid":{"rendered":"https:\/\/lifesupportdistribution.fr\/produits\/ganzkoerper-roentgenphantom\/"},"modified":"2025-12-02T15:12:58","modified_gmt":"2025-12-02T14:12:58","slug":"ganzkoerper-roentgenphantom","status":"publish","type":"product","link":"https:\/\/lifesupportdistribution.fr\/de\/produkt\/ganzkoerper-roentgenphantom\/","title":{"rendered":"Ganzk\u00f6rper-R\u00f6ntgenphantom"},"content":{"rendered":"<p>Jedes Phantom ist handgefertigt und enth\u00e4lt ein echtes menschliches Skelett, was einen unvergleichlichen anatomischen Realismus garantiert.<br \/>\nDie Konturen von Kehlkopf, Lunge, Herz und Nieren sind auf dem R\u00f6ntgenbild sichtbar und erzeugen eine naturgetreue Schattierung der inneren Strukturen eines Patienten.<br \/>\nDank seiner beweglichen Gelenke kann es in allen normalen R\u00f6ntgenpositionen f\u00fcr Knochen-, Thorax- und Abdomenuntersuchungen positioniert werden.<\/p>\n<p>Die Arme sind nach oben beweglich, was auch die Verwendung im Scanner (CT) erm\u00f6glicht.<br \/>\nJedes Phantom kann anatomische oder pathologische Variationen aufweisen und bietet eine Vielfalt an Fallstudien f\u00fcr die Ausbildung.<br \/>\nDieses Modell ist weltweit als Referenzausr\u00fcstung in Studieng\u00e4ngen der medizinischen Bildgebung anerkannt.<\/p>\n","protected":false},"excerpt":{"rendered":"<p>Das Ganzk\u00f6rper-R\u00f6ntgenphantom 7200 von Erler Zimmer ist ein au\u00dfergew\u00f6hnliches Modell, das entwickelt wurde, um eine praktische und realistische Ausbildung in Positionierungs-, Ausrichtungs- und Projektionsr\u00f6ntgentechniken zu bieten.<br \/>\nMit einem echten menschlichen Skelett und simulierten inneren Organen erm\u00f6glicht es die Erstellung echter R\u00f6ntgenbilder wie bei einem Patienten.<br \/>\nDieses Phantom ist eine weltweite Referenz f\u00fcr Radiologieschulen, Ausbildungsinstitute f\u00fcr medizinische Bildgebung und Krankenh\u00e4user.<\/p>\n","protected":false},"featured_media":2791,"template":"","meta":[],"product_brand":[193],"product_cat":[218],"product_tag":[230,236,248],"class_list":{"0":"post-5423","1":"product","2":"type-product","3":"status-publish","4":"has-post-thumbnail","6":"product_brand-erler-zimmer","7":"product_cat-simulationspuppen","8":"product_tag-allgemeinmedizin","9":"product_tag-notfallmedizin","10":"product_tag-radiologie","12":"first","13":"instock","14":"shipping-taxable","15":"purchasable","16":"product-type-simple"},"yoast_head":"<!-- This site is optimized with the Yoast SEO plugin v26.8 - https:\/\/yoast.com\/product\/yoast-seo-wordpress\/ -->\n<title>R\u00f6ntgenphantom 7200 \u2013 Ganzk\u00f6rper<\/title>\n<meta name=\"description\" content=\"Ganzk\u00f6rper-R\u00f6ntgenphantom mit echtem Skelett, ideal zur Schulung in Positionierung, R\u00f6ntgenprojektionen und CT-Untersuchungen.\" \/>\n<meta name=\"robots\" content=\"index, follow, max-snippet:-1, max-image-preview:large, max-video-preview:-1\" \/>\n<link rel=\"canonical\" href=\"https:\/\/lifesupportdistribution.fr\/de\/produkt\/ganzkoerper-roentgenphantom\/\" \/>\n<meta property=\"og:locale\" content=\"de_DE\" \/>\n<meta property=\"og:type\" content=\"article\" \/>\n<meta property=\"og:title\" content=\"R\u00f6ntgenphantom 7200 \u2013 Ganzk\u00f6rper\" \/>\n<meta property=\"og:description\" content=\"Ganzk\u00f6rper-R\u00f6ntgenphantom mit echtem Skelett, ideal zur Schulung in Positionierung, R\u00f6ntgenprojektionen und CT-Untersuchungen.\" \/>\n<meta property=\"og:url\" content=\"https:\/\/lifesupportdistribution.fr\/de\/produkt\/ganzkoerper-roentgenphantom\/\" \/>\n<meta property=\"og:site_name\" content=\"Life Support Distribution\" \/>\n<meta property=\"og:image\" content=\"https:\/\/lifesupportdistribution.fr\/wp-content\/uploads\/2025\/12\/Mannequin-de-radiographie-corps-entier.webp\" \/>\n\t<meta property=\"og:image:width\" content=\"800\" \/>\n\t<meta property=\"og:image:height\" content=\"557\" \/>\n\t<meta property=\"og:image:type\" content=\"image\/webp\" \/>\n<meta name=\"twitter:card\" content=\"summary_large_image\" \/>\n<meta name=\"twitter:label1\" content=\"Gesch\u00e4tzte Lesezeit\" \/>\n\t<meta name=\"twitter:data1\" content=\"1\u00a0Minute\" \/>\n<script type=\"application\/ld+json\" class=\"yoast-schema-graph\">{\"@context\":\"https:\/\/schema.org\",\"@graph\":[{\"@type\":\"WebPage\",\"@id\":\"https:\/\/lifesupportdistribution.fr\/de\/produkt\/ganzkoerper-roentgenphantom\/\",\"url\":\"https:\/\/lifesupportdistribution.fr\/de\/produkt\/ganzkoerper-roentgenphantom\/\",\"name\":\"R\u00f6ntgenphantom 7200 \u2013 Ganzk\u00f6rper\",\"isPartOf\":{\"@id\":\"https:\/\/lifesupportdistribution.fr\/de\/#website\"},\"primaryImageOfPage\":{\"@id\":\"https:\/\/lifesupportdistribution.fr\/de\/produkt\/ganzkoerper-roentgenphantom\/#primaryimage\"},\"image\":{\"@id\":\"https:\/\/lifesupportdistribution.fr\/de\/produkt\/ganzkoerper-roentgenphantom\/#primaryimage\"},\"thumbnailUrl\":\"https:\/\/lifesupportdistribution.fr\/wp-content\/uploads\/2025\/12\/Mannequin-de-radiographie-corps-entier.webp\",\"datePublished\":\"2025-12-02T14:12:58+00:00\",\"description\":\"Ganzk\u00f6rper-R\u00f6ntgenphantom mit echtem Skelett, ideal zur Schulung in Positionierung, R\u00f6ntgenprojektionen und CT-Untersuchungen.\",\"breadcrumb\":{\"@id\":\"https:\/\/lifesupportdistribution.fr\/de\/produkt\/ganzkoerper-roentgenphantom\/#breadcrumb\"},\"inLanguage\":\"de\",\"potentialAction\":[{\"@type\":\"ReadAction\",\"target\":[\"https:\/\/lifesupportdistribution.fr\/de\/produkt\/ganzkoerper-roentgenphantom\/\"]}]},{\"@type\":\"ImageObject\",\"inLanguage\":\"de\",\"@id\":\"https:\/\/lifesupportdistribution.fr\/de\/produkt\/ganzkoerper-roentgenphantom\/#primaryimage\",\"url\":\"https:\/\/lifesupportdistribution.fr\/wp-content\/uploads\/2025\/12\/Mannequin-de-radiographie-corps-entier.webp\",\"contentUrl\":\"https:\/\/lifesupportdistribution.fr\/wp-content\/uploads\/2025\/12\/Mannequin-de-radiographie-corps-entier.webp\",\"width\":800,\"height\":557},{\"@type\":\"BreadcrumbList\",\"@id\":\"https:\/\/lifesupportdistribution.fr\/de\/produkt\/ganzkoerper-roentgenphantom\/#breadcrumb\",\"itemListElement\":[{\"@type\":\"ListItem\",\"position\":1,\"name\":\"Accueil\",\"item\":\"https:\/\/lifesupportdistribution.fr\/de\/startseite\/\"},{\"@type\":\"ListItem\",\"position\":2,\"name\":\"Shop\",\"item\":\"https:\/\/lifesupportdistribution.fr\/de\/shop\/\"},{\"@type\":\"ListItem\",\"position\":3,\"name\":\"Ganzk\u00f6rper-R\u00f6ntgenphantom\"}]},{\"@type\":\"WebSite\",\"@id\":\"https:\/\/lifesupportdistribution.fr\/de\/#website\",\"url\":\"https:\/\/lifesupportdistribution.fr\/de\/\",\"name\":\"Life Support Distribution\",\"description\":\"Solutions en simulation m\u00e9dicale\",\"publisher\":{\"@id\":\"https:\/\/lifesupportdistribution.fr\/de\/#organization\"},\"potentialAction\":[{\"@type\":\"SearchAction\",\"target\":{\"@type\":\"EntryPoint\",\"urlTemplate\":\"https:\/\/lifesupportdistribution.fr\/de\/?s={search_term_string}\"},\"query-input\":{\"@type\":\"PropertyValueSpecification\",\"valueRequired\":true,\"valueName\":\"search_term_string\"}}],\"inLanguage\":\"de\"},{\"@type\":\"Organization\",\"@id\":\"https:\/\/lifesupportdistribution.fr\/de\/#organization\",\"name\":\"Life Support Distribution\",\"url\":\"https:\/\/lifesupportdistribution.fr\/de\/\",\"logo\":{\"@type\":\"ImageObject\",\"inLanguage\":\"de\",\"@id\":\"https:\/\/lifesupportdistribution.fr\/de\/#\/schema\/logo\/image\/\",\"url\":\"https:\/\/lifesupportdistribution.fr\/wp-content\/uploads\/2025\/10\/logo-life-support-distribution.svg\",\"contentUrl\":\"https:\/\/lifesupportdistribution.fr\/wp-content\/uploads\/2025\/10\/logo-life-support-distribution.svg\",\"width\":698,\"height\":223,\"caption\":\"Life Support Distribution\"},\"image\":{\"@id\":\"https:\/\/lifesupportdistribution.fr\/de\/#\/schema\/logo\/image\/\"},\"sameAs\":[\"https:\/\/www.linkedin.com\/company\/life-support-distribution\/\"]}]}<\/script>\n<!-- \/ Yoast SEO plugin. -->","yoast_head_json":{"title":"R\u00f6ntgenphantom 7200 \u2013 Ganzk\u00f6rper","description":"Ganzk\u00f6rper-R\u00f6ntgenphantom mit echtem Skelett, ideal zur Schulung in Positionierung, R\u00f6ntgenprojektionen und CT-Untersuchungen.","robots":{"index":"index","follow":"follow","max-snippet":"max-snippet:-1","max-image-preview":"max-image-preview:large","max-video-preview":"max-video-preview:-1"},"canonical":"https:\/\/lifesupportdistribution.fr\/de\/produkt\/ganzkoerper-roentgenphantom\/","og_locale":"de_DE","og_type":"article","og_title":"R\u00f6ntgenphantom 7200 \u2013 Ganzk\u00f6rper","og_description":"Ganzk\u00f6rper-R\u00f6ntgenphantom mit echtem Skelett, ideal zur Schulung in Positionierung, R\u00f6ntgenprojektionen und CT-Untersuchungen.","og_url":"https:\/\/lifesupportdistribution.fr\/de\/produkt\/ganzkoerper-roentgenphantom\/","og_site_name":"Life Support Distribution","og_image":[{"width":800,"height":557,"url":"https:\/\/lifesupportdistribution.fr\/wp-content\/uploads\/2025\/12\/Mannequin-de-radiographie-corps-entier.webp","type":"image\/webp"}],"twitter_card":"summary_large_image","twitter_misc":{"Gesch\u00e4tzte Lesezeit":"1\u00a0Minute"},"schema":{"@context":"https:\/\/schema.org","@graph":[{"@type":"WebPage","@id":"https:\/\/lifesupportdistribution.fr\/de\/produkt\/ganzkoerper-roentgenphantom\/","url":"https:\/\/lifesupportdistribution.fr\/de\/produkt\/ganzkoerper-roentgenphantom\/","name":"R\u00f6ntgenphantom 7200 \u2013 Ganzk\u00f6rper","isPartOf":{"@id":"https:\/\/lifesupportdistribution.fr\/de\/#website"},"primaryImageOfPage":{"@id":"https:\/\/lifesupportdistribution.fr\/de\/produkt\/ganzkoerper-roentgenphantom\/#primaryimage"},"image":{"@id":"https:\/\/lifesupportdistribution.fr\/de\/produkt\/ganzkoerper-roentgenphantom\/#primaryimage"},"thumbnailUrl":"https:\/\/lifesupportdistribution.fr\/wp-content\/uploads\/2025\/12\/Mannequin-de-radiographie-corps-entier.webp","datePublished":"2025-12-02T14:12:58+00:00","description":"Ganzk\u00f6rper-R\u00f6ntgenphantom mit echtem Skelett, ideal zur Schulung in Positionierung, R\u00f6ntgenprojektionen und CT-Untersuchungen.","breadcrumb":{"@id":"https:\/\/lifesupportdistribution.fr\/de\/produkt\/ganzkoerper-roentgenphantom\/#breadcrumb"},"inLanguage":"de","potentialAction":[{"@type":"ReadAction","target":["https:\/\/lifesupportdistribution.fr\/de\/produkt\/ganzkoerper-roentgenphantom\/"]}]},{"@type":"ImageObject","inLanguage":"de","@id":"https:\/\/lifesupportdistribution.fr\/de\/produkt\/ganzkoerper-roentgenphantom\/#primaryimage","url":"https:\/\/lifesupportdistribution.fr\/wp-content\/uploads\/2025\/12\/Mannequin-de-radiographie-corps-entier.webp","contentUrl":"https:\/\/lifesupportdistribution.fr\/wp-content\/uploads\/2025\/12\/Mannequin-de-radiographie-corps-entier.webp","width":800,"height":557},{"@type":"BreadcrumbList","@id":"https:\/\/lifesupportdistribution.fr\/de\/produkt\/ganzkoerper-roentgenphantom\/#breadcrumb","itemListElement":[{"@type":"ListItem","position":1,"name":"Accueil","item":"https:\/\/lifesupportdistribution.fr\/de\/startseite\/"},{"@type":"ListItem","position":2,"name":"Shop","item":"https:\/\/lifesupportdistribution.fr\/de\/shop\/"},{"@type":"ListItem","position":3,"name":"Ganzk\u00f6rper-R\u00f6ntgenphantom"}]},{"@type":"WebSite","@id":"https:\/\/lifesupportdistribution.fr\/de\/#website","url":"https:\/\/lifesupportdistribution.fr\/de\/","name":"Life Support Distribution","description":"Solutions en simulation m\u00e9dicale","publisher":{"@id":"https:\/\/lifesupportdistribution.fr\/de\/#organization"},"potentialAction":[{"@type":"SearchAction","target":{"@type":"EntryPoint","urlTemplate":"https:\/\/lifesupportdistribution.fr\/de\/?s={search_term_string}"},"query-input":{"@type":"PropertyValueSpecification","valueRequired":true,"valueName":"search_term_string"}}],"inLanguage":"de"},{"@type":"Organization","@id":"https:\/\/lifesupportdistribution.fr\/de\/#organization","name":"Life Support Distribution","url":"https:\/\/lifesupportdistribution.fr\/de\/","logo":{"@type":"ImageObject","inLanguage":"de","@id":"https:\/\/lifesupportdistribution.fr\/de\/#\/schema\/logo\/image\/","url":"https:\/\/lifesupportdistribution.fr\/wp-content\/uploads\/2025\/10\/logo-life-support-distribution.svg","contentUrl":"https:\/\/lifesupportdistribution.fr\/wp-content\/uploads\/2025\/10\/logo-life-support-distribution.svg","width":698,"height":223,"caption":"Life Support Distribution"},"image":{"@id":"https:\/\/lifesupportdistribution.fr\/de\/#\/schema\/logo\/image\/"},"sameAs":["https:\/\/www.linkedin.com\/company\/life-support-distribution\/"]}]}},"_links":{"self":[{"href":"https:\/\/lifesupportdistribution.fr\/de\/wp-json\/wp\/v2\/product\/5423","targetHints":{"allow":["GET"]}}],"collection":[{"href":"https:\/\/lifesupportdistribution.fr\/de\/wp-json\/wp\/v2\/product"}],"about":[{"href":"https:\/\/lifesupportdistribution.fr\/de\/wp-json\/wp\/v2\/types\/product"}],"wp:featuredmedia":[{"embeddable":true,"href":"https:\/\/lifesupportdistribution.fr\/de\/wp-json\/wp\/v2\/media\/2791"}],"wp:attachment":[{"href":"https:\/\/lifesupportdistribution.fr\/de\/wp-json\/wp\/v2\/media?parent=5423"}],"wp:term":[{"taxonomy":"product_brand","embeddable":true,"href":"https:\/\/lifesupportdistribution.fr\/de\/wp-json\/wp\/v2\/product_brand?post=5423"},{"taxonomy":"product_cat","embeddable":true,"href":"https:\/\/lifesupportdistribution.fr\/de\/wp-json\/wp\/v2\/product_cat?post=5423"},{"taxonomy":"product_tag","embeddable":true,"href":"https:\/\/lifesupportdistribution.fr\/de\/wp-json\/wp\/v2\/product_tag?post=5423"}],"curies":[{"name":"wp","href":"https:\/\/api.w.org\/{rel}","templated":true}]}}