{"id":5427,"date":"2025-12-02T15:17:12","date_gmt":"2025-12-02T14:17:12","guid":{"rendered":"https:\/\/lifesupportdistribution.fr\/produits\/echo-eddie-fortgeschrittener-simulator-fuer-ultraschalluntersuchungen\/"},"modified":"2025-12-02T15:17:12","modified_gmt":"2025-12-02T14:17:12","slug":"echo-eddie-fortgeschrittener-simulator-fuer-ultraschalluntersuchungen","status":"publish","type":"product","link":"https:\/\/lifesupportdistribution.fr\/de\/produkt\/echo-eddie-fortgeschrittener-simulator-fuer-ultraschalluntersuchungen\/","title":{"rendered":"Echo Eddie \u2013 Fortgeschrittener Simulator f\u00fcr Ultraschalluntersuchungen"},"content":{"rendered":"<p>Der Echo Eddie Torso verf\u00fcgt \u00fcber eine vollst\u00e4ndige interne Anatomie, einschlie\u00dflich eines 3D-gedruckten Skeletts, eines Brustkorbs, realistischer Organe und innerer Hohlr\u00e4ume, die die Bedingungen einer echten Ultraschalluntersuchung nachbilden.<br \/>\nDie Strukturen sind mit allen Standard-Ultraschallsystemen kompatibel und gew\u00e4hrleisten eine klare Visualisierung von Geweben und Organen w\u00e4hrend FAST-Untersuchungen.<\/p>\n<p>Dank seines Materials mit simulierter Gewebedichte bietet das Modell eine originalgetreue Ultraschallr\u00fcckmeldung, die es erm\u00f6glicht, solide Organe und pathologische Hohlr\u00e4ume zu unterscheiden.<br \/>\nDer Simulator enth\u00e4lt auch mehrere integrierte Pathologien \u2013 darunter interne Blutungen und Aneurysmen, die das Training umfassend und abwechslungsreich gestalten.<\/p>\n","protected":false},"excerpt":{"rendered":"<p>Der Echo Eddie Simulator (Art.-Nr. 9100) von Erler Zimmer ist ein hyperrealistischer Erwachsenen-Torso, der f\u00fcr das Erlernen und die Beherrschung des FAST-Protokolls (Focused Assessment with Sonography in Trauma) entwickelt wurde.<br \/>\nEr bildet die internen anatomischen Strukturen des Thorax und Abdomens originalgetreu ab und erm\u00f6glicht es Praktikern und Medizinstudenten, ihre diagnostischen F\u00e4higkeiten in der Notfall-Ultraschalluntersuchung zu entwickeln.<br \/>\nSpeziell f\u00fcr die Traumafortbildung konzipiert, bietet dieser Simulator eine immersive und interaktive Erfahrung, die die schnelle Identifizierung von L\u00e4sionen und internen Blutungen erleichtert.<\/p>\n","protected":false},"featured_media":2793,"template":"","meta":[],"product_brand":[193],"product_cat":[222],"product_tag":[230,236,248],"class_list":{"0":"post-5427","1":"product","2":"type-product","3":"status-publish","4":"has-post-thumbnail","6":"product_brand-erler-zimmer","7":"product_cat-simulatoren-fur-medizinische-versorgung","8":"product_tag-allgemeinmedizin","9":"product_tag-notfallmedizin","10":"product_tag-radiologie","12":"first","13":"instock","14":"shipping-taxable","15":"purchasable","16":"product-type-simple"},"yoast_head":"<!-- This site is optimized with the Yoast SEO plugin v26.8 - https:\/\/yoast.com\/product\/yoast-seo-wordpress\/ -->\n<title>Echo Eddie \u2013 FAST-Ultraschallsimulator<\/title>\n<meta name=\"description\" content=\"Echo Eddie Simulator zur Beherrschung des FAST-Protokolls: realistische Anatomie, integrierte Pathologien und Kompatibilit\u00e4t mit allen Ultraschallger\u00e4ten.\" \/>\n<meta name=\"robots\" content=\"index, follow, max-snippet:-1, max-image-preview:large, max-video-preview:-1\" \/>\n<link rel=\"canonical\" href=\"https:\/\/lifesupportdistribution.fr\/de\/produkt\/echo-eddie-fortgeschrittener-simulator-fuer-ultraschalluntersuchungen\/\" \/>\n<meta property=\"og:locale\" content=\"de_DE\" \/>\n<meta property=\"og:type\" content=\"article\" \/>\n<meta property=\"og:title\" content=\"Echo Eddie \u2013 FAST-Ultraschallsimulator\" \/>\n<meta property=\"og:description\" content=\"Echo Eddie Simulator zur Beherrschung des FAST-Protokolls: realistische Anatomie, integrierte Pathologien und Kompatibilit\u00e4t mit allen Ultraschallger\u00e4ten.\" \/>\n<meta property=\"og:url\" content=\"https:\/\/lifesupportdistribution.fr\/de\/produkt\/echo-eddie-fortgeschrittener-simulator-fuer-ultraschalluntersuchungen\/\" \/>\n<meta property=\"og:site_name\" content=\"Life Support Distribution\" \/>\n<meta property=\"og:image\" content=\"https:\/\/lifesupportdistribution.fr\/wp-content\/uploads\/2025\/12\/Echo-Eddie-\u2013-Simulateur-avance-a-lexamen-par-echographie.jpeg\" \/>\n\t<meta property=\"og:image:width\" content=\"1920\" \/>\n\t<meta property=\"og:image:height\" content=\"1280\" \/>\n\t<meta property=\"og:image:type\" content=\"image\/jpeg\" \/>\n<meta name=\"twitter:card\" content=\"summary_large_image\" \/>\n<script type=\"application\/ld+json\" class=\"yoast-schema-graph\">{\"@context\":\"https:\/\/schema.org\",\"@graph\":[{\"@type\":\"WebPage\",\"@id\":\"https:\/\/lifesupportdistribution.fr\/de\/produkt\/echo-eddie-fortgeschrittener-simulator-fuer-ultraschalluntersuchungen\/\",\"url\":\"https:\/\/lifesupportdistribution.fr\/de\/produkt\/echo-eddie-fortgeschrittener-simulator-fuer-ultraschalluntersuchungen\/\",\"name\":\"Echo Eddie \u2013 FAST-Ultraschallsimulator\",\"isPartOf\":{\"@id\":\"https:\/\/lifesupportdistribution.fr\/de\/#website\"},\"primaryImageOfPage\":{\"@id\":\"https:\/\/lifesupportdistribution.fr\/de\/produkt\/echo-eddie-fortgeschrittener-simulator-fuer-ultraschalluntersuchungen\/#primaryimage\"},\"image\":{\"@id\":\"https:\/\/lifesupportdistribution.fr\/de\/produkt\/echo-eddie-fortgeschrittener-simulator-fuer-ultraschalluntersuchungen\/#primaryimage\"},\"thumbnailUrl\":\"https:\/\/lifesupportdistribution.fr\/wp-content\/uploads\/2025\/12\/Echo-Eddie-\u2013-Simulateur-avance-a-lexamen-par-echographie.jpeg\",\"datePublished\":\"2025-12-02T14:17:12+00:00\",\"description\":\"Echo Eddie Simulator zur Beherrschung des FAST-Protokolls: realistische Anatomie, integrierte Pathologien und Kompatibilit\u00e4t mit allen Ultraschallger\u00e4ten.\",\"breadcrumb\":{\"@id\":\"https:\/\/lifesupportdistribution.fr\/de\/produkt\/echo-eddie-fortgeschrittener-simulator-fuer-ultraschalluntersuchungen\/#breadcrumb\"},\"inLanguage\":\"de\",\"potentialAction\":[{\"@type\":\"ReadAction\",\"target\":[\"https:\/\/lifesupportdistribution.fr\/de\/produkt\/echo-eddie-fortgeschrittener-simulator-fuer-ultraschalluntersuchungen\/\"]}]},{\"@type\":\"ImageObject\",\"inLanguage\":\"de\",\"@id\":\"https:\/\/lifesupportdistribution.fr\/de\/produkt\/echo-eddie-fortgeschrittener-simulator-fuer-ultraschalluntersuchungen\/#primaryimage\",\"url\":\"https:\/\/lifesupportdistribution.fr\/wp-content\/uploads\/2025\/12\/Echo-Eddie-\u2013-Simulateur-avance-a-lexamen-par-echographie.jpeg\",\"contentUrl\":\"https:\/\/lifesupportdistribution.fr\/wp-content\/uploads\/2025\/12\/Echo-Eddie-\u2013-Simulateur-avance-a-lexamen-par-echographie.jpeg\",\"width\":1920,\"height\":1280},{\"@type\":\"BreadcrumbList\",\"@id\":\"https:\/\/lifesupportdistribution.fr\/de\/produkt\/echo-eddie-fortgeschrittener-simulator-fuer-ultraschalluntersuchungen\/#breadcrumb\",\"itemListElement\":[{\"@type\":\"ListItem\",\"position\":1,\"name\":\"Accueil\",\"item\":\"https:\/\/lifesupportdistribution.fr\/de\/startseite\/\"},{\"@type\":\"ListItem\",\"position\":2,\"name\":\"Shop\",\"item\":\"https:\/\/lifesupportdistribution.fr\/de\/shop\/\"},{\"@type\":\"ListItem\",\"position\":3,\"name\":\"Echo Eddie \u2013 Fortgeschrittener Simulator f\u00fcr Ultraschalluntersuchungen\"}]},{\"@type\":\"WebSite\",\"@id\":\"https:\/\/lifesupportdistribution.fr\/de\/#website\",\"url\":\"https:\/\/lifesupportdistribution.fr\/de\/\",\"name\":\"Life Support Distribution\",\"description\":\"Solutions en simulation m\u00e9dicale\",\"publisher\":{\"@id\":\"https:\/\/lifesupportdistribution.fr\/de\/#organization\"},\"potentialAction\":[{\"@type\":\"SearchAction\",\"target\":{\"@type\":\"EntryPoint\",\"urlTemplate\":\"https:\/\/lifesupportdistribution.fr\/de\/?s={search_term_string}\"},\"query-input\":{\"@type\":\"PropertyValueSpecification\",\"valueRequired\":true,\"valueName\":\"search_term_string\"}}],\"inLanguage\":\"de\"},{\"@type\":\"Organization\",\"@id\":\"https:\/\/lifesupportdistribution.fr\/de\/#organization\",\"name\":\"Life Support Distribution\",\"url\":\"https:\/\/lifesupportdistribution.fr\/de\/\",\"logo\":{\"@type\":\"ImageObject\",\"inLanguage\":\"de\",\"@id\":\"https:\/\/lifesupportdistribution.fr\/de\/#\/schema\/logo\/image\/\",\"url\":\"https:\/\/lifesupportdistribution.fr\/wp-content\/uploads\/2025\/10\/logo-life-support-distribution.svg\",\"contentUrl\":\"https:\/\/lifesupportdistribution.fr\/wp-content\/uploads\/2025\/10\/logo-life-support-distribution.svg\",\"width\":698,\"height\":223,\"caption\":\"Life Support Distribution\"},\"image\":{\"@id\":\"https:\/\/lifesupportdistribution.fr\/de\/#\/schema\/logo\/image\/\"},\"sameAs\":[\"https:\/\/www.linkedin.com\/company\/life-support-distribution\/\"]}]}<\/script>\n<!-- \/ Yoast SEO plugin. -->","yoast_head_json":{"title":"Echo Eddie \u2013 FAST-Ultraschallsimulator","description":"Echo Eddie Simulator zur Beherrschung des FAST-Protokolls: realistische Anatomie, integrierte Pathologien und Kompatibilit\u00e4t mit allen Ultraschallger\u00e4ten.","robots":{"index":"index","follow":"follow","max-snippet":"max-snippet:-1","max-image-preview":"max-image-preview:large","max-video-preview":"max-video-preview:-1"},"canonical":"https:\/\/lifesupportdistribution.fr\/de\/produkt\/echo-eddie-fortgeschrittener-simulator-fuer-ultraschalluntersuchungen\/","og_locale":"de_DE","og_type":"article","og_title":"Echo Eddie \u2013 FAST-Ultraschallsimulator","og_description":"Echo Eddie Simulator zur Beherrschung des FAST-Protokolls: realistische Anatomie, integrierte Pathologien und Kompatibilit\u00e4t mit allen Ultraschallger\u00e4ten.","og_url":"https:\/\/lifesupportdistribution.fr\/de\/produkt\/echo-eddie-fortgeschrittener-simulator-fuer-ultraschalluntersuchungen\/","og_site_name":"Life Support Distribution","og_image":[{"width":1920,"height":1280,"url":"https:\/\/lifesupportdistribution.fr\/wp-content\/uploads\/2025\/12\/Echo-Eddie-\u2013-Simulateur-avance-a-lexamen-par-echographie.jpeg","type":"image\/jpeg"}],"twitter_card":"summary_large_image","schema":{"@context":"https:\/\/schema.org","@graph":[{"@type":"WebPage","@id":"https:\/\/lifesupportdistribution.fr\/de\/produkt\/echo-eddie-fortgeschrittener-simulator-fuer-ultraschalluntersuchungen\/","url":"https:\/\/lifesupportdistribution.fr\/de\/produkt\/echo-eddie-fortgeschrittener-simulator-fuer-ultraschalluntersuchungen\/","name":"Echo Eddie \u2013 FAST-Ultraschallsimulator","isPartOf":{"@id":"https:\/\/lifesupportdistribution.fr\/de\/#website"},"primaryImageOfPage":{"@id":"https:\/\/lifesupportdistribution.fr\/de\/produkt\/echo-eddie-fortgeschrittener-simulator-fuer-ultraschalluntersuchungen\/#primaryimage"},"image":{"@id":"https:\/\/lifesupportdistribution.fr\/de\/produkt\/echo-eddie-fortgeschrittener-simulator-fuer-ultraschalluntersuchungen\/#primaryimage"},"thumbnailUrl":"https:\/\/lifesupportdistribution.fr\/wp-content\/uploads\/2025\/12\/Echo-Eddie-\u2013-Simulateur-avance-a-lexamen-par-echographie.jpeg","datePublished":"2025-12-02T14:17:12+00:00","description":"Echo Eddie Simulator zur Beherrschung des FAST-Protokolls: realistische Anatomie, integrierte Pathologien und Kompatibilit\u00e4t mit allen Ultraschallger\u00e4ten.","breadcrumb":{"@id":"https:\/\/lifesupportdistribution.fr\/de\/produkt\/echo-eddie-fortgeschrittener-simulator-fuer-ultraschalluntersuchungen\/#breadcrumb"},"inLanguage":"de","potentialAction":[{"@type":"ReadAction","target":["https:\/\/lifesupportdistribution.fr\/de\/produkt\/echo-eddie-fortgeschrittener-simulator-fuer-ultraschalluntersuchungen\/"]}]},{"@type":"ImageObject","inLanguage":"de","@id":"https:\/\/lifesupportdistribution.fr\/de\/produkt\/echo-eddie-fortgeschrittener-simulator-fuer-ultraschalluntersuchungen\/#primaryimage","url":"https:\/\/lifesupportdistribution.fr\/wp-content\/uploads\/2025\/12\/Echo-Eddie-\u2013-Simulateur-avance-a-lexamen-par-echographie.jpeg","contentUrl":"https:\/\/lifesupportdistribution.fr\/wp-content\/uploads\/2025\/12\/Echo-Eddie-\u2013-Simulateur-avance-a-lexamen-par-echographie.jpeg","width":1920,"height":1280},{"@type":"BreadcrumbList","@id":"https:\/\/lifesupportdistribution.fr\/de\/produkt\/echo-eddie-fortgeschrittener-simulator-fuer-ultraschalluntersuchungen\/#breadcrumb","itemListElement":[{"@type":"ListItem","position":1,"name":"Accueil","item":"https:\/\/lifesupportdistribution.fr\/de\/startseite\/"},{"@type":"ListItem","position":2,"name":"Shop","item":"https:\/\/lifesupportdistribution.fr\/de\/shop\/"},{"@type":"ListItem","position":3,"name":"Echo Eddie \u2013 Fortgeschrittener Simulator f\u00fcr Ultraschalluntersuchungen"}]},{"@type":"WebSite","@id":"https:\/\/lifesupportdistribution.fr\/de\/#website","url":"https:\/\/lifesupportdistribution.fr\/de\/","name":"Life Support Distribution","description":"Solutions en simulation m\u00e9dicale","publisher":{"@id":"https:\/\/lifesupportdistribution.fr\/de\/#organization"},"potentialAction":[{"@type":"SearchAction","target":{"@type":"EntryPoint","urlTemplate":"https:\/\/lifesupportdistribution.fr\/de\/?s={search_term_string}"},"query-input":{"@type":"PropertyValueSpecification","valueRequired":true,"valueName":"search_term_string"}}],"inLanguage":"de"},{"@type":"Organization","@id":"https:\/\/lifesupportdistribution.fr\/de\/#organization","name":"Life Support Distribution","url":"https:\/\/lifesupportdistribution.fr\/de\/","logo":{"@type":"ImageObject","inLanguage":"de","@id":"https:\/\/lifesupportdistribution.fr\/de\/#\/schema\/logo\/image\/","url":"https:\/\/lifesupportdistribution.fr\/wp-content\/uploads\/2025\/10\/logo-life-support-distribution.svg","contentUrl":"https:\/\/lifesupportdistribution.fr\/wp-content\/uploads\/2025\/10\/logo-life-support-distribution.svg","width":698,"height":223,"caption":"Life Support Distribution"},"image":{"@id":"https:\/\/lifesupportdistribution.fr\/de\/#\/schema\/logo\/image\/"},"sameAs":["https:\/\/www.linkedin.com\/company\/life-support-distribution\/"]}]}},"_links":{"self":[{"href":"https:\/\/lifesupportdistribution.fr\/de\/wp-json\/wp\/v2\/product\/5427","targetHints":{"allow":["GET"]}}],"collection":[{"href":"https:\/\/lifesupportdistribution.fr\/de\/wp-json\/wp\/v2\/product"}],"about":[{"href":"https:\/\/lifesupportdistribution.fr\/de\/wp-json\/wp\/v2\/types\/product"}],"wp:featuredmedia":[{"embeddable":true,"href":"https:\/\/lifesupportdistribution.fr\/de\/wp-json\/wp\/v2\/media\/2793"}],"wp:attachment":[{"href":"https:\/\/lifesupportdistribution.fr\/de\/wp-json\/wp\/v2\/media?parent=5427"}],"wp:term":[{"taxonomy":"product_brand","embeddable":true,"href":"https:\/\/lifesupportdistribution.fr\/de\/wp-json\/wp\/v2\/product_brand?post=5427"},{"taxonomy":"product_cat","embeddable":true,"href":"https:\/\/lifesupportdistribution.fr\/de\/wp-json\/wp\/v2\/product_cat?post=5427"},{"taxonomy":"product_tag","embeddable":true,"href":"https:\/\/lifesupportdistribution.fr\/de\/wp-json\/wp\/v2\/product_tag?post=5427"}],"curies":[{"name":"wp","href":"https:\/\/api.w.org\/{rel}","templated":true}]}}