{"id":5430,"date":"2025-12-02T15:19:02","date_gmt":"2025-12-02T14:19:02","guid":{"rendered":"https:\/\/lifesupportdistribution.fr\/produits\/simulatoren-fuer-die-dilatation-und-das-effacement-des-gebaermutterhalses\/"},"modified":"2025-12-02T15:19:02","modified_gmt":"2025-12-02T14:19:02","slug":"simulatoren-fuer-die-dilatation-und-das-effacement-des-gebaermutterhalses","status":"publish","type":"product","link":"https:\/\/lifesupportdistribution.fr\/de\/produkt\/simulatoren-fuer-die-dilatation-und-das-effacement-des-gebaermutterhalses\/","title":{"rendered":"Simulatoren f\u00fcr die Dilatation und das Effacement des Geb\u00e4rmutterhalses"},"content":{"rendered":"<p>Jeder Beckenblock weist eine identische \u00e4u\u00dfere Morphologie auf, um das Lernen auf die interne Palpation und klinische Beurteilung zu konzentrieren.<br \/>\nDie Variationen der Dilatation (0 bis 9 cm) und des Effacements erm\u00f6glichen es, die f\u00fcr die Beurteilung der Geburt notwendigen F\u00e4higkeiten schrittweise zu vermitteln.<br \/>\nHergestellt aus ultraweichem Silikonmaterial, bieten diese Modelle ein realistisches Tastgef\u00fchl, das den Widerstand und die Geschmeidigkeit des Geb\u00e4rmutterhalses am Ende der Schwangerschaft naturgetreu wiedergibt.<br \/>\nGeliefert in einem stabilen Transportkoffer mit Acrylsockel, sind die 6 Modelle einzeln gekennzeichnet, was die Durchf\u00fchrung von p\u00e4dagogischen Workshops, OSCEs oder standardisierten praktischen Pr\u00fcfungen erm\u00f6glicht.<\/p>\n","protected":false},"excerpt":{"rendered":"<p>Das Set von Erler Zimmer Simulatoren f\u00fcr die Dilatation und das Effacement des Geb\u00e4rmutterhalses erm\u00f6glicht es, medizinisches Fachpersonal in der klinischen Beurteilung des Geb\u00e4rmutterhalses am Ende der Schwangerschaft zu schulen.<br \/>\nEntwickelt, um ein ultrarealistisches taktiles und visuelles Gef\u00fchl zu bieten, bilden diese Beckenbl\u00f6cke die Textur und Gewebedichte des Geb\u00e4rmutterhalses in verschiedenen Stadien der Dilatation und des Effacements naturgetreu nach.<br \/>\nSie sind ein unverzichtbares Lehrmittel f\u00fcr Ausbildungen in Geburtshilfe, Hebammenkunde und perinataler Versorgung.<\/p>\n","protected":false},"featured_media":2794,"template":"","meta":[],"product_brand":[193],"product_cat":[222],"product_tag":[233],"class_list":{"0":"post-5430","1":"product","2":"type-product","3":"status-publish","4":"has-post-thumbnail","6":"product_brand-erler-zimmer","7":"product_cat-simulatoren-fur-medizinische-versorgung","8":"product_tag-geburtshilfe-gynakologie","10":"first","11":"instock","12":"shipping-taxable","13":"purchasable","14":"product-type-simple"},"yoast_head":"<!-- This site is optimized with the Yoast SEO plugin v26.8 - https:\/\/yoast.com\/product\/yoast-seo-wordpress\/ -->\n<title>Geb\u00e4rmutterhals-Dilatationssimulatoren \u2013 Geburtshilfliches Set<\/title>\n<meta name=\"description\" content=\"Set mit 6 Geb\u00e4rmutterhals-Dilatationssimulatoren: realistische Haptik, Stadien von 0 bis 9 cm, ideal f\u00fcr die Ausbildung in Geburtshilfe und Hebammenkunde.\" \/>\n<meta name=\"robots\" content=\"index, follow, max-snippet:-1, max-image-preview:large, max-video-preview:-1\" \/>\n<link rel=\"canonical\" href=\"https:\/\/lifesupportdistribution.fr\/de\/produkt\/simulatoren-fuer-die-dilatation-und-das-effacement-des-gebaermutterhalses\/\" \/>\n<meta property=\"og:locale\" content=\"de_DE\" \/>\n<meta property=\"og:type\" content=\"article\" \/>\n<meta property=\"og:title\" content=\"Geb\u00e4rmutterhals-Dilatationssimulatoren \u2013 Geburtshilfliches Set\" \/>\n<meta property=\"og:description\" content=\"Set mit 6 Geb\u00e4rmutterhals-Dilatationssimulatoren: realistische Haptik, Stadien von 0 bis 9 cm, ideal f\u00fcr die Ausbildung in Geburtshilfe und Hebammenkunde.\" \/>\n<meta property=\"og:url\" content=\"https:\/\/lifesupportdistribution.fr\/de\/produkt\/simulatoren-fuer-die-dilatation-und-das-effacement-des-gebaermutterhalses\/\" \/>\n<meta property=\"og:site_name\" content=\"Life Support Distribution\" \/>\n<meta property=\"og:image\" content=\"https:\/\/lifesupportdistribution.fr\/wp-content\/uploads\/2025\/12\/Simulateurs-de-dilatation-et-deffacement-du-col-de-luterus.jpeg\" \/>\n\t<meta property=\"og:image:width\" content=\"1920\" \/>\n\t<meta property=\"og:image:height\" content=\"1280\" \/>\n\t<meta property=\"og:image:type\" content=\"image\/jpeg\" \/>\n<meta name=\"twitter:card\" content=\"summary_large_image\" \/>\n<meta name=\"twitter:label1\" content=\"Gesch\u00e4tzte Lesezeit\" \/>\n\t<meta name=\"twitter:data1\" content=\"1\u00a0Minute\" \/>\n<script type=\"application\/ld+json\" class=\"yoast-schema-graph\">{\"@context\":\"https:\/\/schema.org\",\"@graph\":[{\"@type\":\"WebPage\",\"@id\":\"https:\/\/lifesupportdistribution.fr\/de\/produkt\/simulatoren-fuer-die-dilatation-und-das-effacement-des-gebaermutterhalses\/\",\"url\":\"https:\/\/lifesupportdistribution.fr\/de\/produkt\/simulatoren-fuer-die-dilatation-und-das-effacement-des-gebaermutterhalses\/\",\"name\":\"Geb\u00e4rmutterhals-Dilatationssimulatoren \u2013 Geburtshilfliches Set\",\"isPartOf\":{\"@id\":\"https:\/\/lifesupportdistribution.fr\/de\/#website\"},\"primaryImageOfPage\":{\"@id\":\"https:\/\/lifesupportdistribution.fr\/de\/produkt\/simulatoren-fuer-die-dilatation-und-das-effacement-des-gebaermutterhalses\/#primaryimage\"},\"image\":{\"@id\":\"https:\/\/lifesupportdistribution.fr\/de\/produkt\/simulatoren-fuer-die-dilatation-und-das-effacement-des-gebaermutterhalses\/#primaryimage\"},\"thumbnailUrl\":\"https:\/\/lifesupportdistribution.fr\/wp-content\/uploads\/2025\/12\/Simulateurs-de-dilatation-et-deffacement-du-col-de-luterus.jpeg\",\"datePublished\":\"2025-12-02T14:19:02+00:00\",\"description\":\"Set mit 6 Geb\u00e4rmutterhals-Dilatationssimulatoren: realistische Haptik, Stadien von 0 bis 9 cm, ideal f\u00fcr die Ausbildung in Geburtshilfe und Hebammenkunde.\",\"breadcrumb\":{\"@id\":\"https:\/\/lifesupportdistribution.fr\/de\/produkt\/simulatoren-fuer-die-dilatation-und-das-effacement-des-gebaermutterhalses\/#breadcrumb\"},\"inLanguage\":\"de\",\"potentialAction\":[{\"@type\":\"ReadAction\",\"target\":[\"https:\/\/lifesupportdistribution.fr\/de\/produkt\/simulatoren-fuer-die-dilatation-und-das-effacement-des-gebaermutterhalses\/\"]}]},{\"@type\":\"ImageObject\",\"inLanguage\":\"de\",\"@id\":\"https:\/\/lifesupportdistribution.fr\/de\/produkt\/simulatoren-fuer-die-dilatation-und-das-effacement-des-gebaermutterhalses\/#primaryimage\",\"url\":\"https:\/\/lifesupportdistribution.fr\/wp-content\/uploads\/2025\/12\/Simulateurs-de-dilatation-et-deffacement-du-col-de-luterus.jpeg\",\"contentUrl\":\"https:\/\/lifesupportdistribution.fr\/wp-content\/uploads\/2025\/12\/Simulateurs-de-dilatation-et-deffacement-du-col-de-luterus.jpeg\",\"width\":1920,\"height\":1280},{\"@type\":\"BreadcrumbList\",\"@id\":\"https:\/\/lifesupportdistribution.fr\/de\/produkt\/simulatoren-fuer-die-dilatation-und-das-effacement-des-gebaermutterhalses\/#breadcrumb\",\"itemListElement\":[{\"@type\":\"ListItem\",\"position\":1,\"name\":\"Accueil\",\"item\":\"https:\/\/lifesupportdistribution.fr\/de\/startseite\/\"},{\"@type\":\"ListItem\",\"position\":2,\"name\":\"Shop\",\"item\":\"https:\/\/lifesupportdistribution.fr\/de\/shop\/\"},{\"@type\":\"ListItem\",\"position\":3,\"name\":\"Simulatoren f\u00fcr die Dilatation und das Effacement des Geb\u00e4rmutterhalses\"}]},{\"@type\":\"WebSite\",\"@id\":\"https:\/\/lifesupportdistribution.fr\/de\/#website\",\"url\":\"https:\/\/lifesupportdistribution.fr\/de\/\",\"name\":\"Life Support Distribution\",\"description\":\"Solutions en simulation m\u00e9dicale\",\"publisher\":{\"@id\":\"https:\/\/lifesupportdistribution.fr\/de\/#organization\"},\"potentialAction\":[{\"@type\":\"SearchAction\",\"target\":{\"@type\":\"EntryPoint\",\"urlTemplate\":\"https:\/\/lifesupportdistribution.fr\/de\/?s={search_term_string}\"},\"query-input\":{\"@type\":\"PropertyValueSpecification\",\"valueRequired\":true,\"valueName\":\"search_term_string\"}}],\"inLanguage\":\"de\"},{\"@type\":\"Organization\",\"@id\":\"https:\/\/lifesupportdistribution.fr\/de\/#organization\",\"name\":\"Life Support Distribution\",\"url\":\"https:\/\/lifesupportdistribution.fr\/de\/\",\"logo\":{\"@type\":\"ImageObject\",\"inLanguage\":\"de\",\"@id\":\"https:\/\/lifesupportdistribution.fr\/de\/#\/schema\/logo\/image\/\",\"url\":\"https:\/\/lifesupportdistribution.fr\/wp-content\/uploads\/2025\/10\/logo-life-support-distribution.svg\",\"contentUrl\":\"https:\/\/lifesupportdistribution.fr\/wp-content\/uploads\/2025\/10\/logo-life-support-distribution.svg\",\"width\":698,\"height\":223,\"caption\":\"Life Support Distribution\"},\"image\":{\"@id\":\"https:\/\/lifesupportdistribution.fr\/de\/#\/schema\/logo\/image\/\"},\"sameAs\":[\"https:\/\/www.linkedin.com\/company\/life-support-distribution\/\"]}]}<\/script>\n<!-- \/ Yoast SEO plugin. -->","yoast_head_json":{"title":"Geb\u00e4rmutterhals-Dilatationssimulatoren \u2013 Geburtshilfliches Set","description":"Set mit 6 Geb\u00e4rmutterhals-Dilatationssimulatoren: realistische Haptik, Stadien von 0 bis 9 cm, ideal f\u00fcr die Ausbildung in Geburtshilfe und Hebammenkunde.","robots":{"index":"index","follow":"follow","max-snippet":"max-snippet:-1","max-image-preview":"max-image-preview:large","max-video-preview":"max-video-preview:-1"},"canonical":"https:\/\/lifesupportdistribution.fr\/de\/produkt\/simulatoren-fuer-die-dilatation-und-das-effacement-des-gebaermutterhalses\/","og_locale":"de_DE","og_type":"article","og_title":"Geb\u00e4rmutterhals-Dilatationssimulatoren \u2013 Geburtshilfliches Set","og_description":"Set mit 6 Geb\u00e4rmutterhals-Dilatationssimulatoren: realistische Haptik, Stadien von 0 bis 9 cm, ideal f\u00fcr die Ausbildung in Geburtshilfe und Hebammenkunde.","og_url":"https:\/\/lifesupportdistribution.fr\/de\/produkt\/simulatoren-fuer-die-dilatation-und-das-effacement-des-gebaermutterhalses\/","og_site_name":"Life Support Distribution","og_image":[{"width":1920,"height":1280,"url":"https:\/\/lifesupportdistribution.fr\/wp-content\/uploads\/2025\/12\/Simulateurs-de-dilatation-et-deffacement-du-col-de-luterus.jpeg","type":"image\/jpeg"}],"twitter_card":"summary_large_image","twitter_misc":{"Gesch\u00e4tzte Lesezeit":"1\u00a0Minute"},"schema":{"@context":"https:\/\/schema.org","@graph":[{"@type":"WebPage","@id":"https:\/\/lifesupportdistribution.fr\/de\/produkt\/simulatoren-fuer-die-dilatation-und-das-effacement-des-gebaermutterhalses\/","url":"https:\/\/lifesupportdistribution.fr\/de\/produkt\/simulatoren-fuer-die-dilatation-und-das-effacement-des-gebaermutterhalses\/","name":"Geb\u00e4rmutterhals-Dilatationssimulatoren \u2013 Geburtshilfliches Set","isPartOf":{"@id":"https:\/\/lifesupportdistribution.fr\/de\/#website"},"primaryImageOfPage":{"@id":"https:\/\/lifesupportdistribution.fr\/de\/produkt\/simulatoren-fuer-die-dilatation-und-das-effacement-des-gebaermutterhalses\/#primaryimage"},"image":{"@id":"https:\/\/lifesupportdistribution.fr\/de\/produkt\/simulatoren-fuer-die-dilatation-und-das-effacement-des-gebaermutterhalses\/#primaryimage"},"thumbnailUrl":"https:\/\/lifesupportdistribution.fr\/wp-content\/uploads\/2025\/12\/Simulateurs-de-dilatation-et-deffacement-du-col-de-luterus.jpeg","datePublished":"2025-12-02T14:19:02+00:00","description":"Set mit 6 Geb\u00e4rmutterhals-Dilatationssimulatoren: realistische Haptik, Stadien von 0 bis 9 cm, ideal f\u00fcr die Ausbildung in Geburtshilfe und Hebammenkunde.","breadcrumb":{"@id":"https:\/\/lifesupportdistribution.fr\/de\/produkt\/simulatoren-fuer-die-dilatation-und-das-effacement-des-gebaermutterhalses\/#breadcrumb"},"inLanguage":"de","potentialAction":[{"@type":"ReadAction","target":["https:\/\/lifesupportdistribution.fr\/de\/produkt\/simulatoren-fuer-die-dilatation-und-das-effacement-des-gebaermutterhalses\/"]}]},{"@type":"ImageObject","inLanguage":"de","@id":"https:\/\/lifesupportdistribution.fr\/de\/produkt\/simulatoren-fuer-die-dilatation-und-das-effacement-des-gebaermutterhalses\/#primaryimage","url":"https:\/\/lifesupportdistribution.fr\/wp-content\/uploads\/2025\/12\/Simulateurs-de-dilatation-et-deffacement-du-col-de-luterus.jpeg","contentUrl":"https:\/\/lifesupportdistribution.fr\/wp-content\/uploads\/2025\/12\/Simulateurs-de-dilatation-et-deffacement-du-col-de-luterus.jpeg","width":1920,"height":1280},{"@type":"BreadcrumbList","@id":"https:\/\/lifesupportdistribution.fr\/de\/produkt\/simulatoren-fuer-die-dilatation-und-das-effacement-des-gebaermutterhalses\/#breadcrumb","itemListElement":[{"@type":"ListItem","position":1,"name":"Accueil","item":"https:\/\/lifesupportdistribution.fr\/de\/startseite\/"},{"@type":"ListItem","position":2,"name":"Shop","item":"https:\/\/lifesupportdistribution.fr\/de\/shop\/"},{"@type":"ListItem","position":3,"name":"Simulatoren f\u00fcr die Dilatation und das Effacement des Geb\u00e4rmutterhalses"}]},{"@type":"WebSite","@id":"https:\/\/lifesupportdistribution.fr\/de\/#website","url":"https:\/\/lifesupportdistribution.fr\/de\/","name":"Life Support Distribution","description":"Solutions en simulation m\u00e9dicale","publisher":{"@id":"https:\/\/lifesupportdistribution.fr\/de\/#organization"},"potentialAction":[{"@type":"SearchAction","target":{"@type":"EntryPoint","urlTemplate":"https:\/\/lifesupportdistribution.fr\/de\/?s={search_term_string}"},"query-input":{"@type":"PropertyValueSpecification","valueRequired":true,"valueName":"search_term_string"}}],"inLanguage":"de"},{"@type":"Organization","@id":"https:\/\/lifesupportdistribution.fr\/de\/#organization","name":"Life Support Distribution","url":"https:\/\/lifesupportdistribution.fr\/de\/","logo":{"@type":"ImageObject","inLanguage":"de","@id":"https:\/\/lifesupportdistribution.fr\/de\/#\/schema\/logo\/image\/","url":"https:\/\/lifesupportdistribution.fr\/wp-content\/uploads\/2025\/10\/logo-life-support-distribution.svg","contentUrl":"https:\/\/lifesupportdistribution.fr\/wp-content\/uploads\/2025\/10\/logo-life-support-distribution.svg","width":698,"height":223,"caption":"Life Support Distribution"},"image":{"@id":"https:\/\/lifesupportdistribution.fr\/de\/#\/schema\/logo\/image\/"},"sameAs":["https:\/\/www.linkedin.com\/company\/life-support-distribution\/"]}]}},"_links":{"self":[{"href":"https:\/\/lifesupportdistribution.fr\/de\/wp-json\/wp\/v2\/product\/5430","targetHints":{"allow":["GET"]}}],"collection":[{"href":"https:\/\/lifesupportdistribution.fr\/de\/wp-json\/wp\/v2\/product"}],"about":[{"href":"https:\/\/lifesupportdistribution.fr\/de\/wp-json\/wp\/v2\/types\/product"}],"wp:featuredmedia":[{"embeddable":true,"href":"https:\/\/lifesupportdistribution.fr\/de\/wp-json\/wp\/v2\/media\/2794"}],"wp:attachment":[{"href":"https:\/\/lifesupportdistribution.fr\/de\/wp-json\/wp\/v2\/media?parent=5430"}],"wp:term":[{"taxonomy":"product_brand","embeddable":true,"href":"https:\/\/lifesupportdistribution.fr\/de\/wp-json\/wp\/v2\/product_brand?post=5430"},{"taxonomy":"product_cat","embeddable":true,"href":"https:\/\/lifesupportdistribution.fr\/de\/wp-json\/wp\/v2\/product_cat?post=5430"},{"taxonomy":"product_tag","embeddable":true,"href":"https:\/\/lifesupportdistribution.fr\/de\/wp-json\/wp\/v2\/product_tag?post=5430"}],"curies":[{"name":"wp","href":"https:\/\/api.w.org\/{rel}","templated":true}]}}