{"id":5439,"date":"2025-12-05T11:18:09","date_gmt":"2025-12-05T10:18:09","guid":{"rendered":"https:\/\/lifesupportdistribution.fr\/produits\/airsim-difficult-airway-simulator-fuer-schwieriges-atemwegsmanagement\/"},"modified":"2025-12-05T11:18:09","modified_gmt":"2025-12-05T10:18:09","slug":"airsim-difficult-airway-simulator-fuer-schwieriges-atemwegsmanagement","status":"publish","type":"product","link":"https:\/\/lifesupportdistribution.fr\/de\/produkt\/airsim-difficult-airway-simulator-fuer-schwieriges-atemwegsmanagement\/","title":{"rendered":"AirSim Difficult Airway \u2013 Simulator f\u00fcr schwieriges Atemwegsmanagement"},"content":{"rendered":"<p>Entwickelt, um die Beherrschung der Atemwege in kritischen Situationen zu f\u00f6rdern, bietet der AirSim Difficult Airway eine originalgetreue Reproduktion der anatomischen Strukturen von Hals und oberen Atemwegen. Seine realistische Textur und Gewebewiderstand erm\u00f6glichen das \u00dcben der Intubation unter verschiedenen Bedingungen, einschlie\u00dflich F\u00e4llen von unm\u00f6glicher Beatmung oder teilweiser Obstruktion. Das Modell erm\u00f6glicht auch die Praxis des Notfall-Halszugangs (FONA) gem\u00e4\u00df den DAS-Protokollen. Sein modulares und langlebiges Design gew\u00e4hrleistet einen intensiven Einsatz in klinischen Simulationsprogrammen und OSCE-Schulungen.   <\/p>\n","protected":false},"excerpt":{"rendered":"<p>Der AirSim Difficult Airway wurde entwickelt, um verschiedene Szenarien schwieriger Atemwege gem\u00e4\u00df den offiziellen Empfehlungen der Difficult Airway Society (DAS) zu simulieren. Dieser High-Fidelity-Simulator erm\u00f6glicht die Praxis von Notfall-Halszugangstechniken (FONA), sei es die chirurgische oder Nadel-Krikothyreotomie. Er integriert mehrere fortschrittliche anatomische Merkmale und bietet eine immersive, realistische und sichere Trainingserfahrung f\u00fcr medizinisches Fachpersonal, das mit komplexen Intubationssituationen konfrontiert ist.  <\/p>\n","protected":false},"featured_media":2905,"template":"","meta":[],"product_brand":[212],"product_cat":[222],"product_tag":[237,239,252,236],"class_list":{"0":"post-5439","1":"product","2":"type-product","3":"status-publish","4":"has-post-thumbnail","6":"product_brand-trucorp","7":"product_cat-simulatoren-fur-medizinische-versorgung","8":"product_tag-anasthesie","9":"product_tag-herz-lungen","10":"product_tag-intensivmedizin","11":"product_tag-notfallmedizin","13":"first","14":"instock","15":"shipping-taxable","16":"purchasable","17":"product-type-simple"},"yoast_head":"<!-- This site is optimized with the Yoast SEO plugin v26.8 - https:\/\/yoast.com\/product\/yoast-seo-wordpress\/ -->\n<title>AirSim Difficult Airway \u2013 Management schwieriger Atemwege<\/title>\n<meta name=\"description\" content=\"AirSim Difficult Airway von TruCorp zum Erlernen des Managements schwieriger Atemwege. Realistisches Modell f\u00fcr optimal sicheres Training.\" \/>\n<meta name=\"robots\" content=\"index, follow, max-snippet:-1, max-image-preview:large, max-video-preview:-1\" \/>\n<link rel=\"canonical\" href=\"https:\/\/lifesupportdistribution.fr\/de\/produkt\/airsim-difficult-airway-simulator-fuer-schwieriges-atemwegsmanagement\/\" \/>\n<meta property=\"og:locale\" content=\"de_DE\" \/>\n<meta property=\"og:type\" content=\"article\" \/>\n<meta property=\"og:title\" content=\"AirSim Difficult Airway \u2013 Management schwieriger Atemwege\" \/>\n<meta property=\"og:description\" content=\"AirSim Difficult Airway von TruCorp zum Erlernen des Managements schwieriger Atemwege. Realistisches Modell f\u00fcr optimal sicheres Training.\" \/>\n<meta property=\"og:url\" content=\"https:\/\/lifesupportdistribution.fr\/de\/produkt\/airsim-difficult-airway-simulator-fuer-schwieriges-atemwegsmanagement\/\" \/>\n<meta property=\"og:site_name\" content=\"Life Support Distribution\" \/>\n<meta property=\"og:image\" content=\"https:\/\/lifesupportdistribution.fr\/wp-content\/uploads\/2025\/12\/Photo-AirSim\u00ae-Difficult-Airway-1.png\" \/>\n\t<meta property=\"og:image:width\" content=\"1402\" \/>\n\t<meta property=\"og:image:height\" content=\"724\" \/>\n\t<meta property=\"og:image:type\" content=\"image\/png\" \/>\n<meta name=\"twitter:card\" content=\"summary_large_image\" \/>\n<script type=\"application\/ld+json\" class=\"yoast-schema-graph\">{\"@context\":\"https:\/\/schema.org\",\"@graph\":[{\"@type\":\"WebPage\",\"@id\":\"https:\/\/lifesupportdistribution.fr\/de\/produkt\/airsim-difficult-airway-simulator-fuer-schwieriges-atemwegsmanagement\/\",\"url\":\"https:\/\/lifesupportdistribution.fr\/de\/produkt\/airsim-difficult-airway-simulator-fuer-schwieriges-atemwegsmanagement\/\",\"name\":\"AirSim Difficult Airway \u2013 Management schwieriger Atemwege\",\"isPartOf\":{\"@id\":\"https:\/\/lifesupportdistribution.fr\/de\/#website\"},\"primaryImageOfPage\":{\"@id\":\"https:\/\/lifesupportdistribution.fr\/de\/produkt\/airsim-difficult-airway-simulator-fuer-schwieriges-atemwegsmanagement\/#primaryimage\"},\"image\":{\"@id\":\"https:\/\/lifesupportdistribution.fr\/de\/produkt\/airsim-difficult-airway-simulator-fuer-schwieriges-atemwegsmanagement\/#primaryimage\"},\"thumbnailUrl\":\"https:\/\/lifesupportdistribution.fr\/wp-content\/uploads\/2025\/12\/Photo-AirSim\u00ae-Difficult-Airway-1.png\",\"datePublished\":\"2025-12-05T10:18:09+00:00\",\"description\":\"AirSim Difficult Airway von TruCorp zum Erlernen des Managements schwieriger Atemwege. Realistisches Modell f\u00fcr optimal sicheres Training.\",\"breadcrumb\":{\"@id\":\"https:\/\/lifesupportdistribution.fr\/de\/produkt\/airsim-difficult-airway-simulator-fuer-schwieriges-atemwegsmanagement\/#breadcrumb\"},\"inLanguage\":\"de\",\"potentialAction\":[{\"@type\":\"ReadAction\",\"target\":[\"https:\/\/lifesupportdistribution.fr\/de\/produkt\/airsim-difficult-airway-simulator-fuer-schwieriges-atemwegsmanagement\/\"]}]},{\"@type\":\"ImageObject\",\"inLanguage\":\"de\",\"@id\":\"https:\/\/lifesupportdistribution.fr\/de\/produkt\/airsim-difficult-airway-simulator-fuer-schwieriges-atemwegsmanagement\/#primaryimage\",\"url\":\"https:\/\/lifesupportdistribution.fr\/wp-content\/uploads\/2025\/12\/Photo-AirSim\u00ae-Difficult-Airway-1.png\",\"contentUrl\":\"https:\/\/lifesupportdistribution.fr\/wp-content\/uploads\/2025\/12\/Photo-AirSim\u00ae-Difficult-Airway-1.png\",\"width\":1402,\"height\":724},{\"@type\":\"BreadcrumbList\",\"@id\":\"https:\/\/lifesupportdistribution.fr\/de\/produkt\/airsim-difficult-airway-simulator-fuer-schwieriges-atemwegsmanagement\/#breadcrumb\",\"itemListElement\":[{\"@type\":\"ListItem\",\"position\":1,\"name\":\"Accueil\",\"item\":\"https:\/\/lifesupportdistribution.fr\/de\/startseite\/\"},{\"@type\":\"ListItem\",\"position\":2,\"name\":\"Shop\",\"item\":\"https:\/\/lifesupportdistribution.fr\/de\/shop\/\"},{\"@type\":\"ListItem\",\"position\":3,\"name\":\"AirSim Difficult Airway \u2013 Simulator f\u00fcr schwieriges Atemwegsmanagement\"}]},{\"@type\":\"WebSite\",\"@id\":\"https:\/\/lifesupportdistribution.fr\/de\/#website\",\"url\":\"https:\/\/lifesupportdistribution.fr\/de\/\",\"name\":\"Life Support Distribution\",\"description\":\"Solutions en simulation m\u00e9dicale\",\"publisher\":{\"@id\":\"https:\/\/lifesupportdistribution.fr\/de\/#organization\"},\"potentialAction\":[{\"@type\":\"SearchAction\",\"target\":{\"@type\":\"EntryPoint\",\"urlTemplate\":\"https:\/\/lifesupportdistribution.fr\/de\/?s={search_term_string}\"},\"query-input\":{\"@type\":\"PropertyValueSpecification\",\"valueRequired\":true,\"valueName\":\"search_term_string\"}}],\"inLanguage\":\"de\"},{\"@type\":\"Organization\",\"@id\":\"https:\/\/lifesupportdistribution.fr\/de\/#organization\",\"name\":\"Life Support Distribution\",\"url\":\"https:\/\/lifesupportdistribution.fr\/de\/\",\"logo\":{\"@type\":\"ImageObject\",\"inLanguage\":\"de\",\"@id\":\"https:\/\/lifesupportdistribution.fr\/de\/#\/schema\/logo\/image\/\",\"url\":\"https:\/\/lifesupportdistribution.fr\/wp-content\/uploads\/2025\/10\/logo-life-support-distribution.svg\",\"contentUrl\":\"https:\/\/lifesupportdistribution.fr\/wp-content\/uploads\/2025\/10\/logo-life-support-distribution.svg\",\"width\":698,\"height\":223,\"caption\":\"Life Support Distribution\"},\"image\":{\"@id\":\"https:\/\/lifesupportdistribution.fr\/de\/#\/schema\/logo\/image\/\"},\"sameAs\":[\"https:\/\/www.linkedin.com\/company\/life-support-distribution\/\"]}]}<\/script>\n<!-- \/ Yoast SEO plugin. -->","yoast_head_json":{"title":"AirSim Difficult Airway \u2013 Management schwieriger Atemwege","description":"AirSim Difficult Airway von TruCorp zum Erlernen des Managements schwieriger Atemwege. Realistisches Modell f\u00fcr optimal sicheres Training.","robots":{"index":"index","follow":"follow","max-snippet":"max-snippet:-1","max-image-preview":"max-image-preview:large","max-video-preview":"max-video-preview:-1"},"canonical":"https:\/\/lifesupportdistribution.fr\/de\/produkt\/airsim-difficult-airway-simulator-fuer-schwieriges-atemwegsmanagement\/","og_locale":"de_DE","og_type":"article","og_title":"AirSim Difficult Airway \u2013 Management schwieriger Atemwege","og_description":"AirSim Difficult Airway von TruCorp zum Erlernen des Managements schwieriger Atemwege. Realistisches Modell f\u00fcr optimal sicheres Training.","og_url":"https:\/\/lifesupportdistribution.fr\/de\/produkt\/airsim-difficult-airway-simulator-fuer-schwieriges-atemwegsmanagement\/","og_site_name":"Life Support Distribution","og_image":[{"width":1402,"height":724,"url":"https:\/\/lifesupportdistribution.fr\/wp-content\/uploads\/2025\/12\/Photo-AirSim\u00ae-Difficult-Airway-1.png","type":"image\/png"}],"twitter_card":"summary_large_image","schema":{"@context":"https:\/\/schema.org","@graph":[{"@type":"WebPage","@id":"https:\/\/lifesupportdistribution.fr\/de\/produkt\/airsim-difficult-airway-simulator-fuer-schwieriges-atemwegsmanagement\/","url":"https:\/\/lifesupportdistribution.fr\/de\/produkt\/airsim-difficult-airway-simulator-fuer-schwieriges-atemwegsmanagement\/","name":"AirSim Difficult Airway \u2013 Management schwieriger Atemwege","isPartOf":{"@id":"https:\/\/lifesupportdistribution.fr\/de\/#website"},"primaryImageOfPage":{"@id":"https:\/\/lifesupportdistribution.fr\/de\/produkt\/airsim-difficult-airway-simulator-fuer-schwieriges-atemwegsmanagement\/#primaryimage"},"image":{"@id":"https:\/\/lifesupportdistribution.fr\/de\/produkt\/airsim-difficult-airway-simulator-fuer-schwieriges-atemwegsmanagement\/#primaryimage"},"thumbnailUrl":"https:\/\/lifesupportdistribution.fr\/wp-content\/uploads\/2025\/12\/Photo-AirSim\u00ae-Difficult-Airway-1.png","datePublished":"2025-12-05T10:18:09+00:00","description":"AirSim Difficult Airway von TruCorp zum Erlernen des Managements schwieriger Atemwege. Realistisches Modell f\u00fcr optimal sicheres Training.","breadcrumb":{"@id":"https:\/\/lifesupportdistribution.fr\/de\/produkt\/airsim-difficult-airway-simulator-fuer-schwieriges-atemwegsmanagement\/#breadcrumb"},"inLanguage":"de","potentialAction":[{"@type":"ReadAction","target":["https:\/\/lifesupportdistribution.fr\/de\/produkt\/airsim-difficult-airway-simulator-fuer-schwieriges-atemwegsmanagement\/"]}]},{"@type":"ImageObject","inLanguage":"de","@id":"https:\/\/lifesupportdistribution.fr\/de\/produkt\/airsim-difficult-airway-simulator-fuer-schwieriges-atemwegsmanagement\/#primaryimage","url":"https:\/\/lifesupportdistribution.fr\/wp-content\/uploads\/2025\/12\/Photo-AirSim\u00ae-Difficult-Airway-1.png","contentUrl":"https:\/\/lifesupportdistribution.fr\/wp-content\/uploads\/2025\/12\/Photo-AirSim\u00ae-Difficult-Airway-1.png","width":1402,"height":724},{"@type":"BreadcrumbList","@id":"https:\/\/lifesupportdistribution.fr\/de\/produkt\/airsim-difficult-airway-simulator-fuer-schwieriges-atemwegsmanagement\/#breadcrumb","itemListElement":[{"@type":"ListItem","position":1,"name":"Accueil","item":"https:\/\/lifesupportdistribution.fr\/de\/startseite\/"},{"@type":"ListItem","position":2,"name":"Shop","item":"https:\/\/lifesupportdistribution.fr\/de\/shop\/"},{"@type":"ListItem","position":3,"name":"AirSim Difficult Airway \u2013 Simulator f\u00fcr schwieriges Atemwegsmanagement"}]},{"@type":"WebSite","@id":"https:\/\/lifesupportdistribution.fr\/de\/#website","url":"https:\/\/lifesupportdistribution.fr\/de\/","name":"Life Support Distribution","description":"Solutions en simulation m\u00e9dicale","publisher":{"@id":"https:\/\/lifesupportdistribution.fr\/de\/#organization"},"potentialAction":[{"@type":"SearchAction","target":{"@type":"EntryPoint","urlTemplate":"https:\/\/lifesupportdistribution.fr\/de\/?s={search_term_string}"},"query-input":{"@type":"PropertyValueSpecification","valueRequired":true,"valueName":"search_term_string"}}],"inLanguage":"de"},{"@type":"Organization","@id":"https:\/\/lifesupportdistribution.fr\/de\/#organization","name":"Life Support Distribution","url":"https:\/\/lifesupportdistribution.fr\/de\/","logo":{"@type":"ImageObject","inLanguage":"de","@id":"https:\/\/lifesupportdistribution.fr\/de\/#\/schema\/logo\/image\/","url":"https:\/\/lifesupportdistribution.fr\/wp-content\/uploads\/2025\/10\/logo-life-support-distribution.svg","contentUrl":"https:\/\/lifesupportdistribution.fr\/wp-content\/uploads\/2025\/10\/logo-life-support-distribution.svg","width":698,"height":223,"caption":"Life Support Distribution"},"image":{"@id":"https:\/\/lifesupportdistribution.fr\/de\/#\/schema\/logo\/image\/"},"sameAs":["https:\/\/www.linkedin.com\/company\/life-support-distribution\/"]}]}},"_links":{"self":[{"href":"https:\/\/lifesupportdistribution.fr\/de\/wp-json\/wp\/v2\/product\/5439","targetHints":{"allow":["GET"]}}],"collection":[{"href":"https:\/\/lifesupportdistribution.fr\/de\/wp-json\/wp\/v2\/product"}],"about":[{"href":"https:\/\/lifesupportdistribution.fr\/de\/wp-json\/wp\/v2\/types\/product"}],"wp:featuredmedia":[{"embeddable":true,"href":"https:\/\/lifesupportdistribution.fr\/de\/wp-json\/wp\/v2\/media\/2905"}],"wp:attachment":[{"href":"https:\/\/lifesupportdistribution.fr\/de\/wp-json\/wp\/v2\/media?parent=5439"}],"wp:term":[{"taxonomy":"product_brand","embeddable":true,"href":"https:\/\/lifesupportdistribution.fr\/de\/wp-json\/wp\/v2\/product_brand?post=5439"},{"taxonomy":"product_cat","embeddable":true,"href":"https:\/\/lifesupportdistribution.fr\/de\/wp-json\/wp\/v2\/product_cat?post=5439"},{"taxonomy":"product_tag","embeddable":true,"href":"https:\/\/lifesupportdistribution.fr\/de\/wp-json\/wp\/v2\/product_tag?post=5439"}],"curies":[{"name":"wp","href":"https:\/\/api.w.org\/{rel}","templated":true}]}}