{"id":5450,"date":"2025-12-15T12:18:01","date_gmt":"2025-12-15T11:18:01","guid":{"rendered":"https:\/\/lifesupportdistribution.fr\/produits\/clearbone-l4-sacrum-mit-basis-creaplast\/"},"modified":"2025-12-15T12:18:01","modified_gmt":"2025-12-15T11:18:01","slug":"clearbone-l4-sacrum-mit-basis-creaplast","status":"publish","type":"product","link":"https:\/\/lifesupportdistribution.fr\/de\/produkt\/clearbone-l4-sacrum-mit-basis-creaplast\/","title":{"rendered":"ClearBone L4\u2013Sacrum mit Basis \u2013 Creaplast"},"content":{"rendered":"<p>Dieses ClearBone-Modell veranschaulicht kontinuierlich und detailliert die Strukturen von L4 bis zum Sacrum, ein Schl\u00fcsselabschnitt bei lumbalen Pathologien, Instabilit\u00e4ten, Frakturen und komplexen chirurgischen Stabilisierungen.<br \/>\nDie Transparenz des Materials hebt die internen Volumina, Gelenkfl\u00e4chen, Pedikel, Laminae, den Wirbelkanal, die Sakralforamina und die vollst\u00e4ndige Morphologie der Sakralfl\u00fcgel hervor.<br \/>\nDie integrierte starre Basis gew\u00e4hrleistet eine stabile Pr\u00e4sentation, perfekt f\u00fcr industrielle Demonstrationen, chirurgische Workshops, Vorlesungen oder die klinische Kommunikation.<br \/>\nDieses in Frankreich von Creaplast hergestellte Modell zeichnet sich durch seine Robustheit, anatomische Genauigkeit und hervorragende p\u00e4dagogische Lesbarkeit aus.<\/p>\n","protected":false},"excerpt":{"rendered":"<p>Das ClearBone L4\u2013Sacrum mit Basis ist ein transparentes anatomisches Modell, das die lumbosakrale Verbindung darstellt, einschlie\u00dflich L4, L5 und des Sacrums, montiert auf einem starren St\u00e4nder f\u00fcr optimale Stabilit\u00e4t. Es ist ideal f\u00fcr Schulungen, chirurgische Planung und Demonstrationen von lumbosakralen Implantaten. <\/p>\n","protected":false},"featured_media":3712,"template":"","meta":[],"product_brand":[191],"product_cat":[221],"product_tag":[241],"class_list":{"0":"post-5450","1":"product","2":"type-product","3":"status-publish","4":"has-post-thumbnail","6":"product_brand-creaplast","7":"product_cat-anatomische-tafeln-und-modelle","8":"product_tag-anatomietraining","10":"first","11":"instock","12":"shipping-taxable","13":"purchasable","14":"product-type-simple"},"yoast_head":"<!-- This site is optimized with the Yoast SEO plugin v26.8 - https:\/\/yoast.com\/product\/yoast-seo-wordpress\/ -->\n<title>ClearBone L4\u2013Sacrum mit Basis \u2013 Creaplast<\/title>\n<meta name=\"description\" content=\"Transparentes L4\u2013Sacrum-Modell auf stabiler Basis f\u00fcr Demonstrationen, Schulungen und die Pr\u00e4sentation von lumbalen Implantaten.\" \/>\n<meta name=\"robots\" content=\"index, follow, max-snippet:-1, max-image-preview:large, max-video-preview:-1\" \/>\n<link rel=\"canonical\" href=\"https:\/\/lifesupportdistribution.fr\/de\/produkt\/clearbone-l4-sacrum-mit-basis-creaplast\/\" \/>\n<meta property=\"og:locale\" content=\"de_DE\" \/>\n<meta property=\"og:type\" content=\"article\" \/>\n<meta property=\"og:title\" content=\"ClearBone L4\u2013Sacrum mit Basis \u2013 Creaplast\" \/>\n<meta property=\"og:description\" content=\"Transparentes L4\u2013Sacrum-Modell auf stabiler Basis f\u00fcr Demonstrationen, Schulungen und die Pr\u00e4sentation von lumbalen Implantaten.\" \/>\n<meta property=\"og:url\" content=\"https:\/\/lifesupportdistribution.fr\/de\/produkt\/clearbone-l4-sacrum-mit-basis-creaplast\/\" \/>\n<meta property=\"og:site_name\" content=\"Life Support Distribution\" \/>\n<meta property=\"og:image\" content=\"https:\/\/lifesupportdistribution.fr\/wp-content\/uploads\/2025\/12\/clearbone-l4sacrum-avec-base.jpg\" \/>\n\t<meta property=\"og:image:width\" content=\"600\" \/>\n\t<meta property=\"og:image:height\" content=\"400\" \/>\n\t<meta property=\"og:image:type\" content=\"image\/jpeg\" \/>\n<meta name=\"twitter:card\" content=\"summary_large_image\" \/>\n<script type=\"application\/ld+json\" class=\"yoast-schema-graph\">{\"@context\":\"https:\/\/schema.org\",\"@graph\":[{\"@type\":\"WebPage\",\"@id\":\"https:\/\/lifesupportdistribution.fr\/de\/produkt\/clearbone-l4-sacrum-mit-basis-creaplast\/\",\"url\":\"https:\/\/lifesupportdistribution.fr\/de\/produkt\/clearbone-l4-sacrum-mit-basis-creaplast\/\",\"name\":\"ClearBone L4\u2013Sacrum mit Basis \u2013 Creaplast\",\"isPartOf\":{\"@id\":\"https:\/\/lifesupportdistribution.fr\/de\/#website\"},\"primaryImageOfPage\":{\"@id\":\"https:\/\/lifesupportdistribution.fr\/de\/produkt\/clearbone-l4-sacrum-mit-basis-creaplast\/#primaryimage\"},\"image\":{\"@id\":\"https:\/\/lifesupportdistribution.fr\/de\/produkt\/clearbone-l4-sacrum-mit-basis-creaplast\/#primaryimage\"},\"thumbnailUrl\":\"https:\/\/lifesupportdistribution.fr\/wp-content\/uploads\/2025\/12\/clearbone-l4sacrum-avec-base.jpg\",\"datePublished\":\"2025-12-15T11:18:01+00:00\",\"description\":\"Transparentes L4\u2013Sacrum-Modell auf stabiler Basis f\u00fcr Demonstrationen, Schulungen und die Pr\u00e4sentation von lumbalen Implantaten.\",\"breadcrumb\":{\"@id\":\"https:\/\/lifesupportdistribution.fr\/de\/produkt\/clearbone-l4-sacrum-mit-basis-creaplast\/#breadcrumb\"},\"inLanguage\":\"de\",\"potentialAction\":[{\"@type\":\"ReadAction\",\"target\":[\"https:\/\/lifesupportdistribution.fr\/de\/produkt\/clearbone-l4-sacrum-mit-basis-creaplast\/\"]}]},{\"@type\":\"ImageObject\",\"inLanguage\":\"de\",\"@id\":\"https:\/\/lifesupportdistribution.fr\/de\/produkt\/clearbone-l4-sacrum-mit-basis-creaplast\/#primaryimage\",\"url\":\"https:\/\/lifesupportdistribution.fr\/wp-content\/uploads\/2025\/12\/clearbone-l4sacrum-avec-base.jpg\",\"contentUrl\":\"https:\/\/lifesupportdistribution.fr\/wp-content\/uploads\/2025\/12\/clearbone-l4sacrum-avec-base.jpg\",\"width\":600,\"height\":400},{\"@type\":\"BreadcrumbList\",\"@id\":\"https:\/\/lifesupportdistribution.fr\/de\/produkt\/clearbone-l4-sacrum-mit-basis-creaplast\/#breadcrumb\",\"itemListElement\":[{\"@type\":\"ListItem\",\"position\":1,\"name\":\"Accueil\",\"item\":\"https:\/\/lifesupportdistribution.fr\/de\/startseite\/\"},{\"@type\":\"ListItem\",\"position\":2,\"name\":\"Shop\",\"item\":\"https:\/\/lifesupportdistribution.fr\/de\/shop\/\"},{\"@type\":\"ListItem\",\"position\":3,\"name\":\"ClearBone L4\u2013Sacrum mit Basis \u2013 Creaplast\"}]},{\"@type\":\"WebSite\",\"@id\":\"https:\/\/lifesupportdistribution.fr\/de\/#website\",\"url\":\"https:\/\/lifesupportdistribution.fr\/de\/\",\"name\":\"Life Support Distribution\",\"description\":\"Solutions en simulation m\u00e9dicale\",\"publisher\":{\"@id\":\"https:\/\/lifesupportdistribution.fr\/de\/#organization\"},\"potentialAction\":[{\"@type\":\"SearchAction\",\"target\":{\"@type\":\"EntryPoint\",\"urlTemplate\":\"https:\/\/lifesupportdistribution.fr\/de\/?s={search_term_string}\"},\"query-input\":{\"@type\":\"PropertyValueSpecification\",\"valueRequired\":true,\"valueName\":\"search_term_string\"}}],\"inLanguage\":\"de\"},{\"@type\":\"Organization\",\"@id\":\"https:\/\/lifesupportdistribution.fr\/de\/#organization\",\"name\":\"Life Support Distribution\",\"url\":\"https:\/\/lifesupportdistribution.fr\/de\/\",\"logo\":{\"@type\":\"ImageObject\",\"inLanguage\":\"de\",\"@id\":\"https:\/\/lifesupportdistribution.fr\/de\/#\/schema\/logo\/image\/\",\"url\":\"https:\/\/lifesupportdistribution.fr\/wp-content\/uploads\/2025\/10\/logo-life-support-distribution.svg\",\"contentUrl\":\"https:\/\/lifesupportdistribution.fr\/wp-content\/uploads\/2025\/10\/logo-life-support-distribution.svg\",\"width\":698,\"height\":223,\"caption\":\"Life Support Distribution\"},\"image\":{\"@id\":\"https:\/\/lifesupportdistribution.fr\/de\/#\/schema\/logo\/image\/\"},\"sameAs\":[\"https:\/\/www.linkedin.com\/company\/life-support-distribution\/\"]}]}<\/script>\n<!-- \/ Yoast SEO plugin. -->","yoast_head_json":{"title":"ClearBone L4\u2013Sacrum mit Basis \u2013 Creaplast","description":"Transparentes L4\u2013Sacrum-Modell auf stabiler Basis f\u00fcr Demonstrationen, Schulungen und die Pr\u00e4sentation von lumbalen Implantaten.","robots":{"index":"index","follow":"follow","max-snippet":"max-snippet:-1","max-image-preview":"max-image-preview:large","max-video-preview":"max-video-preview:-1"},"canonical":"https:\/\/lifesupportdistribution.fr\/de\/produkt\/clearbone-l4-sacrum-mit-basis-creaplast\/","og_locale":"de_DE","og_type":"article","og_title":"ClearBone L4\u2013Sacrum mit Basis \u2013 Creaplast","og_description":"Transparentes L4\u2013Sacrum-Modell auf stabiler Basis f\u00fcr Demonstrationen, Schulungen und die Pr\u00e4sentation von lumbalen Implantaten.","og_url":"https:\/\/lifesupportdistribution.fr\/de\/produkt\/clearbone-l4-sacrum-mit-basis-creaplast\/","og_site_name":"Life Support Distribution","og_image":[{"width":600,"height":400,"url":"https:\/\/lifesupportdistribution.fr\/wp-content\/uploads\/2025\/12\/clearbone-l4sacrum-avec-base.jpg","type":"image\/jpeg"}],"twitter_card":"summary_large_image","schema":{"@context":"https:\/\/schema.org","@graph":[{"@type":"WebPage","@id":"https:\/\/lifesupportdistribution.fr\/de\/produkt\/clearbone-l4-sacrum-mit-basis-creaplast\/","url":"https:\/\/lifesupportdistribution.fr\/de\/produkt\/clearbone-l4-sacrum-mit-basis-creaplast\/","name":"ClearBone L4\u2013Sacrum mit Basis \u2013 Creaplast","isPartOf":{"@id":"https:\/\/lifesupportdistribution.fr\/de\/#website"},"primaryImageOfPage":{"@id":"https:\/\/lifesupportdistribution.fr\/de\/produkt\/clearbone-l4-sacrum-mit-basis-creaplast\/#primaryimage"},"image":{"@id":"https:\/\/lifesupportdistribution.fr\/de\/produkt\/clearbone-l4-sacrum-mit-basis-creaplast\/#primaryimage"},"thumbnailUrl":"https:\/\/lifesupportdistribution.fr\/wp-content\/uploads\/2025\/12\/clearbone-l4sacrum-avec-base.jpg","datePublished":"2025-12-15T11:18:01+00:00","description":"Transparentes L4\u2013Sacrum-Modell auf stabiler Basis f\u00fcr Demonstrationen, Schulungen und die Pr\u00e4sentation von lumbalen Implantaten.","breadcrumb":{"@id":"https:\/\/lifesupportdistribution.fr\/de\/produkt\/clearbone-l4-sacrum-mit-basis-creaplast\/#breadcrumb"},"inLanguage":"de","potentialAction":[{"@type":"ReadAction","target":["https:\/\/lifesupportdistribution.fr\/de\/produkt\/clearbone-l4-sacrum-mit-basis-creaplast\/"]}]},{"@type":"ImageObject","inLanguage":"de","@id":"https:\/\/lifesupportdistribution.fr\/de\/produkt\/clearbone-l4-sacrum-mit-basis-creaplast\/#primaryimage","url":"https:\/\/lifesupportdistribution.fr\/wp-content\/uploads\/2025\/12\/clearbone-l4sacrum-avec-base.jpg","contentUrl":"https:\/\/lifesupportdistribution.fr\/wp-content\/uploads\/2025\/12\/clearbone-l4sacrum-avec-base.jpg","width":600,"height":400},{"@type":"BreadcrumbList","@id":"https:\/\/lifesupportdistribution.fr\/de\/produkt\/clearbone-l4-sacrum-mit-basis-creaplast\/#breadcrumb","itemListElement":[{"@type":"ListItem","position":1,"name":"Accueil","item":"https:\/\/lifesupportdistribution.fr\/de\/startseite\/"},{"@type":"ListItem","position":2,"name":"Shop","item":"https:\/\/lifesupportdistribution.fr\/de\/shop\/"},{"@type":"ListItem","position":3,"name":"ClearBone L4\u2013Sacrum mit Basis \u2013 Creaplast"}]},{"@type":"WebSite","@id":"https:\/\/lifesupportdistribution.fr\/de\/#website","url":"https:\/\/lifesupportdistribution.fr\/de\/","name":"Life Support Distribution","description":"Solutions en simulation m\u00e9dicale","publisher":{"@id":"https:\/\/lifesupportdistribution.fr\/de\/#organization"},"potentialAction":[{"@type":"SearchAction","target":{"@type":"EntryPoint","urlTemplate":"https:\/\/lifesupportdistribution.fr\/de\/?s={search_term_string}"},"query-input":{"@type":"PropertyValueSpecification","valueRequired":true,"valueName":"search_term_string"}}],"inLanguage":"de"},{"@type":"Organization","@id":"https:\/\/lifesupportdistribution.fr\/de\/#organization","name":"Life Support Distribution","url":"https:\/\/lifesupportdistribution.fr\/de\/","logo":{"@type":"ImageObject","inLanguage":"de","@id":"https:\/\/lifesupportdistribution.fr\/de\/#\/schema\/logo\/image\/","url":"https:\/\/lifesupportdistribution.fr\/wp-content\/uploads\/2025\/10\/logo-life-support-distribution.svg","contentUrl":"https:\/\/lifesupportdistribution.fr\/wp-content\/uploads\/2025\/10\/logo-life-support-distribution.svg","width":698,"height":223,"caption":"Life Support Distribution"},"image":{"@id":"https:\/\/lifesupportdistribution.fr\/de\/#\/schema\/logo\/image\/"},"sameAs":["https:\/\/www.linkedin.com\/company\/life-support-distribution\/"]}]}},"_links":{"self":[{"href":"https:\/\/lifesupportdistribution.fr\/de\/wp-json\/wp\/v2\/product\/5450","targetHints":{"allow":["GET"]}}],"collection":[{"href":"https:\/\/lifesupportdistribution.fr\/de\/wp-json\/wp\/v2\/product"}],"about":[{"href":"https:\/\/lifesupportdistribution.fr\/de\/wp-json\/wp\/v2\/types\/product"}],"wp:featuredmedia":[{"embeddable":true,"href":"https:\/\/lifesupportdistribution.fr\/de\/wp-json\/wp\/v2\/media\/3712"}],"wp:attachment":[{"href":"https:\/\/lifesupportdistribution.fr\/de\/wp-json\/wp\/v2\/media?parent=5450"}],"wp:term":[{"taxonomy":"product_brand","embeddable":true,"href":"https:\/\/lifesupportdistribution.fr\/de\/wp-json\/wp\/v2\/product_brand?post=5450"},{"taxonomy":"product_cat","embeddable":true,"href":"https:\/\/lifesupportdistribution.fr\/de\/wp-json\/wp\/v2\/product_cat?post=5450"},{"taxonomy":"product_tag","embeddable":true,"href":"https:\/\/lifesupportdistribution.fr\/de\/wp-json\/wp\/v2\/product_tag?post=5450"}],"curies":[{"name":"wp","href":"https:\/\/api.w.org\/{rel}","templated":true}]}}