{"id":5465,"date":"2025-11-25T16:55:59","date_gmt":"2025-11-25T15:55:59","guid":{"rendered":"https:\/\/lifesupportdistribution.fr\/produits\/gluco-iii-innov2learn-2\/"},"modified":"2025-11-25T16:55:59","modified_gmt":"2025-11-25T15:55:59","slug":"gluco-iii-innov2learn-2","status":"publish","type":"product","link":"https:\/\/lifesupportdistribution.fr\/de\/produkt\/gluco-iii-innov2learn-2\/","title":{"rendered":"Gluco III+ \u2013 Innov2Learn"},"content":{"rendered":"<p>Der Gluco-III + Simulator wurde entwickelt, um \u00fcber das Modell Gluco-III hinauszugehen und ein noch immersiveres Lernerlebnis zu bieten. Er reproduziert originalgetreu die Handgriffe der kapillaren Blutzuckermessung mit einem klassischen Messger\u00e4t und erm\u00f6glicht die Simulation einer breiten Palette von Blutzuckerwerten: Hypoglyk\u00e4mie, Normoglyk\u00e4mie, Hyperglyk\u00e4mie. <\/p>\n<p>Dieses Tool ist besonders n\u00fctzlich, um Lernende f\u00fcr das Diabetesmanagement und die Bedeutung der pr\u00e4zisen Ergebnisinterpretation zu sensibilisieren. Es erm\u00f6glicht die Integration vielf\u00e4ltiger Szenarien in Lehrpl\u00e4ne der Krankenpflege, Medizin und Weiterbildung. <\/p>\n<p>Tragbar, robust und einfach zu bedienen, passt sich der Gluco-III + an verschiedene Lernumgebungen an, sei es in theoretischen Kursen, praktischen Workshops oder Simulationssitzungen. Sein Design erm\u00f6glicht eine intensive und wiederholte Nutzung ohne Verbrauchsmaterialien, was Kosten senkt und nachhaltiges Lernen f\u00f6rdert. <\/p>\n","protected":false},"excerpt":{"rendered":"<p>Der Gluco-III + von Innov2Learn ist ein p\u00e4dagogischer Simulator der neuen Generation zum Erlernen des kapillaren Blutzuckertests. Umfassender und interaktiver erm\u00f6glicht er Studierenden und Gesundheitsfachkr\u00e4ften, die Blutzuckermessung und -interpretation in verschiedenen klinischen Situationen zu \u00fcben. Kompakt, zuverl\u00e4ssig und wirtschaftlich, etabliert er sich als unverzichtbares Werkzeug f\u00fcr die Ausbildung in Diabetologie und Krankenpflege.  <\/p>\n","protected":false},"featured_media":1914,"template":"","meta":[],"product_brand":[199],"product_cat":[222],"product_tag":[230,249,251,236],"class_list":{"0":"post-5465","1":"product","2":"type-product","3":"status-publish","4":"has-post-thumbnail","6":"product_brand-innov2learn","7":"product_cat-simulatoren-fur-medizinische-versorgung","8":"product_tag-allgemeinmedizin","9":"product_tag-innere-medizin","10":"product_tag-krankenpflege","11":"product_tag-notfallmedizin","13":"first","14":"instock","15":"shipping-taxable","16":"purchasable","17":"product-type-simple"},"yoast_head":"<!-- This site is optimized with the Yoast SEO plugin v26.8 - https:\/\/yoast.com\/product\/yoast-seo-wordpress\/ -->\n<title>Gluco-III + Innov2Learn \u2013 Fortgeschrittener Blutzuckersimulator<\/title>\n<meta name=\"description\" content=\"Gluco-III + Innov2Learn: Fortgeschrittener Simulator zur Beherrschung der kapillaren Blutzuckermessung, Interpretation und bew\u00e4hrten Pflegepraktiken.\" \/>\n<meta name=\"robots\" content=\"index, follow, max-snippet:-1, max-image-preview:large, max-video-preview:-1\" \/>\n<link rel=\"canonical\" href=\"https:\/\/lifesupportdistribution.fr\/de\/produkt\/gluco-iii-innov2learn-2\/\" \/>\n<meta property=\"og:locale\" content=\"de_DE\" \/>\n<meta property=\"og:type\" content=\"article\" \/>\n<meta property=\"og:title\" content=\"Gluco-III + Innov2Learn \u2013 Fortgeschrittener Blutzuckersimulator\" \/>\n<meta property=\"og:description\" content=\"Gluco-III + Innov2Learn: Fortgeschrittener Simulator zur Beherrschung der kapillaren Blutzuckermessung, Interpretation und bew\u00e4hrten Pflegepraktiken.\" \/>\n<meta property=\"og:url\" content=\"https:\/\/lifesupportdistribution.fr\/de\/produkt\/gluco-iii-innov2learn-2\/\" \/>\n<meta property=\"og:site_name\" content=\"Life Support Distribution\" \/>\n<meta property=\"og:image\" content=\"https:\/\/lifesupportdistribution.fr\/wp-content\/uploads\/2025\/11\/Photo-Gluco-III-1.jpg\" \/>\n\t<meta property=\"og:image:width\" content=\"1536\" \/>\n\t<meta property=\"og:image:height\" content=\"1024\" \/>\n\t<meta property=\"og:image:type\" content=\"image\/jpeg\" \/>\n<meta name=\"twitter:card\" content=\"summary_large_image\" \/>\n<meta name=\"twitter:label1\" content=\"Gesch\u00e4tzte Lesezeit\" \/>\n\t<meta name=\"twitter:data1\" content=\"1\u00a0Minute\" \/>\n<script type=\"application\/ld+json\" class=\"yoast-schema-graph\">{\"@context\":\"https:\/\/schema.org\",\"@graph\":[{\"@type\":\"WebPage\",\"@id\":\"https:\/\/lifesupportdistribution.fr\/de\/produkt\/gluco-iii-innov2learn-2\/\",\"url\":\"https:\/\/lifesupportdistribution.fr\/de\/produkt\/gluco-iii-innov2learn-2\/\",\"name\":\"Gluco-III + Innov2Learn \u2013 Fortgeschrittener Blutzuckersimulator\",\"isPartOf\":{\"@id\":\"https:\/\/lifesupportdistribution.fr\/de\/#website\"},\"primaryImageOfPage\":{\"@id\":\"https:\/\/lifesupportdistribution.fr\/de\/produkt\/gluco-iii-innov2learn-2\/#primaryimage\"},\"image\":{\"@id\":\"https:\/\/lifesupportdistribution.fr\/de\/produkt\/gluco-iii-innov2learn-2\/#primaryimage\"},\"thumbnailUrl\":\"https:\/\/lifesupportdistribution.fr\/wp-content\/uploads\/2025\/11\/Photo-Gluco-III-1.jpg\",\"datePublished\":\"2025-11-25T15:55:59+00:00\",\"description\":\"Gluco-III + Innov2Learn: Fortgeschrittener Simulator zur Beherrschung der kapillaren Blutzuckermessung, Interpretation und bew\u00e4hrten Pflegepraktiken.\",\"breadcrumb\":{\"@id\":\"https:\/\/lifesupportdistribution.fr\/de\/produkt\/gluco-iii-innov2learn-2\/#breadcrumb\"},\"inLanguage\":\"de\",\"potentialAction\":[{\"@type\":\"ReadAction\",\"target\":[\"https:\/\/lifesupportdistribution.fr\/de\/produkt\/gluco-iii-innov2learn-2\/\"]}]},{\"@type\":\"ImageObject\",\"inLanguage\":\"de\",\"@id\":\"https:\/\/lifesupportdistribution.fr\/de\/produkt\/gluco-iii-innov2learn-2\/#primaryimage\",\"url\":\"https:\/\/lifesupportdistribution.fr\/wp-content\/uploads\/2025\/11\/Photo-Gluco-III-1.jpg\",\"contentUrl\":\"https:\/\/lifesupportdistribution.fr\/wp-content\/uploads\/2025\/11\/Photo-Gluco-III-1.jpg\",\"width\":1536,\"height\":1024},{\"@type\":\"BreadcrumbList\",\"@id\":\"https:\/\/lifesupportdistribution.fr\/de\/produkt\/gluco-iii-innov2learn-2\/#breadcrumb\",\"itemListElement\":[{\"@type\":\"ListItem\",\"position\":1,\"name\":\"Accueil\",\"item\":\"https:\/\/lifesupportdistribution.fr\/de\/startseite\/\"},{\"@type\":\"ListItem\",\"position\":2,\"name\":\"Shop\",\"item\":\"https:\/\/lifesupportdistribution.fr\/de\/shop\/\"},{\"@type\":\"ListItem\",\"position\":3,\"name\":\"Gluco III+ \u2013 Innov2Learn\"}]},{\"@type\":\"WebSite\",\"@id\":\"https:\/\/lifesupportdistribution.fr\/de\/#website\",\"url\":\"https:\/\/lifesupportdistribution.fr\/de\/\",\"name\":\"Life Support Distribution\",\"description\":\"Solutions en simulation m\u00e9dicale\",\"publisher\":{\"@id\":\"https:\/\/lifesupportdistribution.fr\/de\/#organization\"},\"potentialAction\":[{\"@type\":\"SearchAction\",\"target\":{\"@type\":\"EntryPoint\",\"urlTemplate\":\"https:\/\/lifesupportdistribution.fr\/de\/?s={search_term_string}\"},\"query-input\":{\"@type\":\"PropertyValueSpecification\",\"valueRequired\":true,\"valueName\":\"search_term_string\"}}],\"inLanguage\":\"de\"},{\"@type\":\"Organization\",\"@id\":\"https:\/\/lifesupportdistribution.fr\/de\/#organization\",\"name\":\"Life Support Distribution\",\"url\":\"https:\/\/lifesupportdistribution.fr\/de\/\",\"logo\":{\"@type\":\"ImageObject\",\"inLanguage\":\"de\",\"@id\":\"https:\/\/lifesupportdistribution.fr\/de\/#\/schema\/logo\/image\/\",\"url\":\"https:\/\/lifesupportdistribution.fr\/wp-content\/uploads\/2025\/10\/logo-life-support-distribution.svg\",\"contentUrl\":\"https:\/\/lifesupportdistribution.fr\/wp-content\/uploads\/2025\/10\/logo-life-support-distribution.svg\",\"width\":698,\"height\":223,\"caption\":\"Life Support Distribution\"},\"image\":{\"@id\":\"https:\/\/lifesupportdistribution.fr\/de\/#\/schema\/logo\/image\/\"},\"sameAs\":[\"https:\/\/www.linkedin.com\/company\/life-support-distribution\/\"]}]}<\/script>\n<!-- \/ Yoast SEO plugin. -->","yoast_head_json":{"title":"Gluco-III + Innov2Learn \u2013 Fortgeschrittener Blutzuckersimulator","description":"Gluco-III + Innov2Learn: Fortgeschrittener Simulator zur Beherrschung der kapillaren Blutzuckermessung, Interpretation und bew\u00e4hrten Pflegepraktiken.","robots":{"index":"index","follow":"follow","max-snippet":"max-snippet:-1","max-image-preview":"max-image-preview:large","max-video-preview":"max-video-preview:-1"},"canonical":"https:\/\/lifesupportdistribution.fr\/de\/produkt\/gluco-iii-innov2learn-2\/","og_locale":"de_DE","og_type":"article","og_title":"Gluco-III + Innov2Learn \u2013 Fortgeschrittener Blutzuckersimulator","og_description":"Gluco-III + Innov2Learn: Fortgeschrittener Simulator zur Beherrschung der kapillaren Blutzuckermessung, Interpretation und bew\u00e4hrten Pflegepraktiken.","og_url":"https:\/\/lifesupportdistribution.fr\/de\/produkt\/gluco-iii-innov2learn-2\/","og_site_name":"Life Support Distribution","og_image":[{"width":1536,"height":1024,"url":"https:\/\/lifesupportdistribution.fr\/wp-content\/uploads\/2025\/11\/Photo-Gluco-III-1.jpg","type":"image\/jpeg"}],"twitter_card":"summary_large_image","twitter_misc":{"Gesch\u00e4tzte Lesezeit":"1\u00a0Minute"},"schema":{"@context":"https:\/\/schema.org","@graph":[{"@type":"WebPage","@id":"https:\/\/lifesupportdistribution.fr\/de\/produkt\/gluco-iii-innov2learn-2\/","url":"https:\/\/lifesupportdistribution.fr\/de\/produkt\/gluco-iii-innov2learn-2\/","name":"Gluco-III + Innov2Learn \u2013 Fortgeschrittener Blutzuckersimulator","isPartOf":{"@id":"https:\/\/lifesupportdistribution.fr\/de\/#website"},"primaryImageOfPage":{"@id":"https:\/\/lifesupportdistribution.fr\/de\/produkt\/gluco-iii-innov2learn-2\/#primaryimage"},"image":{"@id":"https:\/\/lifesupportdistribution.fr\/de\/produkt\/gluco-iii-innov2learn-2\/#primaryimage"},"thumbnailUrl":"https:\/\/lifesupportdistribution.fr\/wp-content\/uploads\/2025\/11\/Photo-Gluco-III-1.jpg","datePublished":"2025-11-25T15:55:59+00:00","description":"Gluco-III + Innov2Learn: Fortgeschrittener Simulator zur Beherrschung der kapillaren Blutzuckermessung, Interpretation und bew\u00e4hrten Pflegepraktiken.","breadcrumb":{"@id":"https:\/\/lifesupportdistribution.fr\/de\/produkt\/gluco-iii-innov2learn-2\/#breadcrumb"},"inLanguage":"de","potentialAction":[{"@type":"ReadAction","target":["https:\/\/lifesupportdistribution.fr\/de\/produkt\/gluco-iii-innov2learn-2\/"]}]},{"@type":"ImageObject","inLanguage":"de","@id":"https:\/\/lifesupportdistribution.fr\/de\/produkt\/gluco-iii-innov2learn-2\/#primaryimage","url":"https:\/\/lifesupportdistribution.fr\/wp-content\/uploads\/2025\/11\/Photo-Gluco-III-1.jpg","contentUrl":"https:\/\/lifesupportdistribution.fr\/wp-content\/uploads\/2025\/11\/Photo-Gluco-III-1.jpg","width":1536,"height":1024},{"@type":"BreadcrumbList","@id":"https:\/\/lifesupportdistribution.fr\/de\/produkt\/gluco-iii-innov2learn-2\/#breadcrumb","itemListElement":[{"@type":"ListItem","position":1,"name":"Accueil","item":"https:\/\/lifesupportdistribution.fr\/de\/startseite\/"},{"@type":"ListItem","position":2,"name":"Shop","item":"https:\/\/lifesupportdistribution.fr\/de\/shop\/"},{"@type":"ListItem","position":3,"name":"Gluco III+ \u2013 Innov2Learn"}]},{"@type":"WebSite","@id":"https:\/\/lifesupportdistribution.fr\/de\/#website","url":"https:\/\/lifesupportdistribution.fr\/de\/","name":"Life Support Distribution","description":"Solutions en simulation m\u00e9dicale","publisher":{"@id":"https:\/\/lifesupportdistribution.fr\/de\/#organization"},"potentialAction":[{"@type":"SearchAction","target":{"@type":"EntryPoint","urlTemplate":"https:\/\/lifesupportdistribution.fr\/de\/?s={search_term_string}"},"query-input":{"@type":"PropertyValueSpecification","valueRequired":true,"valueName":"search_term_string"}}],"inLanguage":"de"},{"@type":"Organization","@id":"https:\/\/lifesupportdistribution.fr\/de\/#organization","name":"Life Support Distribution","url":"https:\/\/lifesupportdistribution.fr\/de\/","logo":{"@type":"ImageObject","inLanguage":"de","@id":"https:\/\/lifesupportdistribution.fr\/de\/#\/schema\/logo\/image\/","url":"https:\/\/lifesupportdistribution.fr\/wp-content\/uploads\/2025\/10\/logo-life-support-distribution.svg","contentUrl":"https:\/\/lifesupportdistribution.fr\/wp-content\/uploads\/2025\/10\/logo-life-support-distribution.svg","width":698,"height":223,"caption":"Life Support Distribution"},"image":{"@id":"https:\/\/lifesupportdistribution.fr\/de\/#\/schema\/logo\/image\/"},"sameAs":["https:\/\/www.linkedin.com\/company\/life-support-distribution\/"]}]}},"_links":{"self":[{"href":"https:\/\/lifesupportdistribution.fr\/de\/wp-json\/wp\/v2\/product\/5465","targetHints":{"allow":["GET"]}}],"collection":[{"href":"https:\/\/lifesupportdistribution.fr\/de\/wp-json\/wp\/v2\/product"}],"about":[{"href":"https:\/\/lifesupportdistribution.fr\/de\/wp-json\/wp\/v2\/types\/product"}],"wp:featuredmedia":[{"embeddable":true,"href":"https:\/\/lifesupportdistribution.fr\/de\/wp-json\/wp\/v2\/media\/1914"}],"wp:attachment":[{"href":"https:\/\/lifesupportdistribution.fr\/de\/wp-json\/wp\/v2\/media?parent=5465"}],"wp:term":[{"taxonomy":"product_brand","embeddable":true,"href":"https:\/\/lifesupportdistribution.fr\/de\/wp-json\/wp\/v2\/product_brand?post=5465"},{"taxonomy":"product_cat","embeddable":true,"href":"https:\/\/lifesupportdistribution.fr\/de\/wp-json\/wp\/v2\/product_cat?post=5465"},{"taxonomy":"product_tag","embeddable":true,"href":"https:\/\/lifesupportdistribution.fr\/de\/wp-json\/wp\/v2\/product_tag?post=5465"}],"curies":[{"name":"wp","href":"https:\/\/api.w.org\/{rel}","templated":true}]}}