{"id":5479,"date":"2025-11-25T16:33:52","date_gmt":"2025-11-25T15:33:52","guid":{"rendered":"https:\/\/lifesupportdistribution.fr\/produits\/forehead-t-innov2learn\/"},"modified":"2025-11-25T16:33:52","modified_gmt":"2025-11-25T15:33:52","slug":"forehead-t-innov2learn","status":"publish","type":"product","link":"https:\/\/lifesupportdistribution.fr\/de\/produkt\/forehead-t-innov2learn\/","title":{"rendered":"Forehead-T \u2013 Innov2Learn"},"content":{"rendered":"<p data-start=\"0\" data-end=\"466\">Der <strong data-start=\"3\" data-end=\"26\">Simulate Forehead-T<\/strong> ist ein <strong data-start=\"34\" data-end=\"71\">Stirn-Simulationsthermometer<\/strong>, das entwickelt wurde, um die Stirntemperaturmessung durch Scannen der Stirn, wie sie in der klinischen Praxis durchgef\u00fchrt wird, einfach und realistisch nachzubilden. Es erm\u00f6glicht den Lernenden, die <strong data-start=\"263\" data-end=\"278\">richtigen Handgriffe<\/strong> (Positionierung, Abstand, Trajektorie, Einhaltung der Messzeit) zu \u00fcben und die <strong data-start=\"365\" data-end=\"395\">guten Hygienepraktiken<\/strong> sowie die Kontaminationspr\u00e4vention bei einer Temperaturkontrolle zu verinnerlichen. <\/p>\n<p data-start=\"468\" data-end=\"857\" data-is-last-node=\"\" data-is-only-node=\"\">Robust und einfach zu handhaben, ist dieses p\u00e4dagogische Werkzeug ideal, um die Konzepte der <strong data-start=\"568\" data-end=\"606\">\u00dcberwachung vitaler Parameter<\/strong> einzuf\u00fchren und die Zuverl\u00e4ssigkeit einer Messung zu trainieren (Durchf\u00fchrungsbedingungen, Grenzen und Wachsamkeitspunkte). Sein kompaktes Format macht es perfekt geeignet f\u00fcr den Einsatz im <strong data-start=\"776\" data-end=\"794\">Klassenzimmer<\/strong>, in einem <strong data-start=\"799\" data-end=\"823\">Simulationszentrum<\/strong> oder bei <strong data-start=\"834\" data-end=\"856\">praktischen Workshops<\/strong>. <\/p>\n","protected":false},"excerpt":{"rendered":"<p>Der Forehead-T von Innov2Learn ist ein Simulator, der f\u00fcr das Erlernen und Trainieren der Sauerstoffs\u00e4ttigungsmessung mittels Stirnsensor entwickelt wurde. Kompakt, praktisch und einfach zu bedienen, erm\u00f6glicht er Studenten und medizinischem Fachpersonal, sich in einem sicheren und realistischen p\u00e4dagogischen Umfeld mit der nicht-invasiven Oxymetrie vertraut zu machen. <\/p>\n","protected":false},"featured_media":1908,"template":"","meta":[],"product_brand":[199],"product_cat":[222],"product_tag":[230,249,251,236],"class_list":{"0":"post-5479","1":"product","2":"type-product","3":"status-publish","4":"has-post-thumbnail","6":"product_brand-innov2learn","7":"product_cat-simulatoren-fur-medizinische-versorgung","8":"product_tag-allgemeinmedizin","9":"product_tag-innere-medizin","10":"product_tag-krankenpflege","11":"product_tag-notfallmedizin","13":"first","14":"instock","15":"shipping-taxable","16":"purchasable","17":"product-type-simple"},"yoast_head":"<!-- This site is optimized with the Yoast SEO plugin v26.8 - https:\/\/yoast.com\/product\/yoast-seo-wordpress\/ -->\n<title>Forehead-T Innov2Learn \u2013 Stirntemperatur-Simulator<\/title>\n<meta name=\"description\" content=\"Forehead-T Innov2Learn: p\u00e4dagogischer Simulator zum realistischen und pr\u00e4zisen \u00dcben der Stirntemperaturmessung.\" \/>\n<meta name=\"robots\" content=\"index, follow, max-snippet:-1, max-image-preview:large, max-video-preview:-1\" \/>\n<link rel=\"canonical\" href=\"https:\/\/lifesupportdistribution.fr\/de\/produkt\/forehead-t-innov2learn\/\" \/>\n<meta property=\"og:locale\" content=\"de_DE\" \/>\n<meta property=\"og:type\" content=\"article\" \/>\n<meta property=\"og:title\" content=\"Forehead-T Innov2Learn \u2013 Stirntemperatur-Simulator\" \/>\n<meta property=\"og:description\" content=\"Forehead-T Innov2Learn: p\u00e4dagogischer Simulator zum realistischen und pr\u00e4zisen \u00dcben der Stirntemperaturmessung.\" \/>\n<meta property=\"og:url\" content=\"https:\/\/lifesupportdistribution.fr\/de\/produkt\/forehead-t-innov2learn\/\" \/>\n<meta property=\"og:site_name\" content=\"Life Support Distribution\" \/>\n<meta property=\"og:image\" content=\"https:\/\/lifesupportdistribution.fr\/wp-content\/uploads\/2025\/11\/Photo-Front-t-1.jpg\" \/>\n\t<meta property=\"og:image:width\" content=\"1536\" \/>\n\t<meta property=\"og:image:height\" content=\"1024\" \/>\n\t<meta property=\"og:image:type\" content=\"image\/jpeg\" \/>\n<meta name=\"twitter:card\" content=\"summary_large_image\" \/>\n<meta name=\"twitter:label1\" content=\"Gesch\u00e4tzte Lesezeit\" \/>\n\t<meta name=\"twitter:data1\" content=\"1\u00a0Minute\" \/>\n<script type=\"application\/ld+json\" class=\"yoast-schema-graph\">{\"@context\":\"https:\/\/schema.org\",\"@graph\":[{\"@type\":\"WebPage\",\"@id\":\"https:\/\/lifesupportdistribution.fr\/de\/produkt\/forehead-t-innov2learn\/\",\"url\":\"https:\/\/lifesupportdistribution.fr\/de\/produkt\/forehead-t-innov2learn\/\",\"name\":\"Forehead-T Innov2Learn \u2013 Stirntemperatur-Simulator\",\"isPartOf\":{\"@id\":\"https:\/\/lifesupportdistribution.fr\/de\/#website\"},\"primaryImageOfPage\":{\"@id\":\"https:\/\/lifesupportdistribution.fr\/de\/produkt\/forehead-t-innov2learn\/#primaryimage\"},\"image\":{\"@id\":\"https:\/\/lifesupportdistribution.fr\/de\/produkt\/forehead-t-innov2learn\/#primaryimage\"},\"thumbnailUrl\":\"https:\/\/lifesupportdistribution.fr\/wp-content\/uploads\/2025\/11\/Photo-Front-t-1.jpg\",\"datePublished\":\"2025-11-25T15:33:52+00:00\",\"description\":\"Forehead-T Innov2Learn: p\u00e4dagogischer Simulator zum realistischen und pr\u00e4zisen \u00dcben der Stirntemperaturmessung.\",\"breadcrumb\":{\"@id\":\"https:\/\/lifesupportdistribution.fr\/de\/produkt\/forehead-t-innov2learn\/#breadcrumb\"},\"inLanguage\":\"de\",\"potentialAction\":[{\"@type\":\"ReadAction\",\"target\":[\"https:\/\/lifesupportdistribution.fr\/de\/produkt\/forehead-t-innov2learn\/\"]}]},{\"@type\":\"ImageObject\",\"inLanguage\":\"de\",\"@id\":\"https:\/\/lifesupportdistribution.fr\/de\/produkt\/forehead-t-innov2learn\/#primaryimage\",\"url\":\"https:\/\/lifesupportdistribution.fr\/wp-content\/uploads\/2025\/11\/Photo-Front-t-1.jpg\",\"contentUrl\":\"https:\/\/lifesupportdistribution.fr\/wp-content\/uploads\/2025\/11\/Photo-Front-t-1.jpg\",\"width\":1536,\"height\":1024},{\"@type\":\"BreadcrumbList\",\"@id\":\"https:\/\/lifesupportdistribution.fr\/de\/produkt\/forehead-t-innov2learn\/#breadcrumb\",\"itemListElement\":[{\"@type\":\"ListItem\",\"position\":1,\"name\":\"Accueil\",\"item\":\"https:\/\/lifesupportdistribution.fr\/de\/startseite\/\"},{\"@type\":\"ListItem\",\"position\":2,\"name\":\"Shop\",\"item\":\"https:\/\/lifesupportdistribution.fr\/de\/shop\/\"},{\"@type\":\"ListItem\",\"position\":3,\"name\":\"Forehead-T \u2013 Innov2Learn\"}]},{\"@type\":\"WebSite\",\"@id\":\"https:\/\/lifesupportdistribution.fr\/de\/#website\",\"url\":\"https:\/\/lifesupportdistribution.fr\/de\/\",\"name\":\"Life Support Distribution\",\"description\":\"Solutions en simulation m\u00e9dicale\",\"publisher\":{\"@id\":\"https:\/\/lifesupportdistribution.fr\/de\/#organization\"},\"potentialAction\":[{\"@type\":\"SearchAction\",\"target\":{\"@type\":\"EntryPoint\",\"urlTemplate\":\"https:\/\/lifesupportdistribution.fr\/de\/?s={search_term_string}\"},\"query-input\":{\"@type\":\"PropertyValueSpecification\",\"valueRequired\":true,\"valueName\":\"search_term_string\"}}],\"inLanguage\":\"de\"},{\"@type\":\"Organization\",\"@id\":\"https:\/\/lifesupportdistribution.fr\/de\/#organization\",\"name\":\"Life Support Distribution\",\"url\":\"https:\/\/lifesupportdistribution.fr\/de\/\",\"logo\":{\"@type\":\"ImageObject\",\"inLanguage\":\"de\",\"@id\":\"https:\/\/lifesupportdistribution.fr\/de\/#\/schema\/logo\/image\/\",\"url\":\"https:\/\/lifesupportdistribution.fr\/wp-content\/uploads\/2025\/10\/logo-life-support-distribution.svg\",\"contentUrl\":\"https:\/\/lifesupportdistribution.fr\/wp-content\/uploads\/2025\/10\/logo-life-support-distribution.svg\",\"width\":698,\"height\":223,\"caption\":\"Life Support Distribution\"},\"image\":{\"@id\":\"https:\/\/lifesupportdistribution.fr\/de\/#\/schema\/logo\/image\/\"},\"sameAs\":[\"https:\/\/www.linkedin.com\/company\/life-support-distribution\/\"]}]}<\/script>\n<!-- \/ Yoast SEO plugin. -->","yoast_head_json":{"title":"Forehead-T Innov2Learn \u2013 Stirntemperatur-Simulator","description":"Forehead-T Innov2Learn: p\u00e4dagogischer Simulator zum realistischen und pr\u00e4zisen \u00dcben der Stirntemperaturmessung.","robots":{"index":"index","follow":"follow","max-snippet":"max-snippet:-1","max-image-preview":"max-image-preview:large","max-video-preview":"max-video-preview:-1"},"canonical":"https:\/\/lifesupportdistribution.fr\/de\/produkt\/forehead-t-innov2learn\/","og_locale":"de_DE","og_type":"article","og_title":"Forehead-T Innov2Learn \u2013 Stirntemperatur-Simulator","og_description":"Forehead-T Innov2Learn: p\u00e4dagogischer Simulator zum realistischen und pr\u00e4zisen \u00dcben der Stirntemperaturmessung.","og_url":"https:\/\/lifesupportdistribution.fr\/de\/produkt\/forehead-t-innov2learn\/","og_site_name":"Life Support Distribution","og_image":[{"width":1536,"height":1024,"url":"https:\/\/lifesupportdistribution.fr\/wp-content\/uploads\/2025\/11\/Photo-Front-t-1.jpg","type":"image\/jpeg"}],"twitter_card":"summary_large_image","twitter_misc":{"Gesch\u00e4tzte Lesezeit":"1\u00a0Minute"},"schema":{"@context":"https:\/\/schema.org","@graph":[{"@type":"WebPage","@id":"https:\/\/lifesupportdistribution.fr\/de\/produkt\/forehead-t-innov2learn\/","url":"https:\/\/lifesupportdistribution.fr\/de\/produkt\/forehead-t-innov2learn\/","name":"Forehead-T Innov2Learn \u2013 Stirntemperatur-Simulator","isPartOf":{"@id":"https:\/\/lifesupportdistribution.fr\/de\/#website"},"primaryImageOfPage":{"@id":"https:\/\/lifesupportdistribution.fr\/de\/produkt\/forehead-t-innov2learn\/#primaryimage"},"image":{"@id":"https:\/\/lifesupportdistribution.fr\/de\/produkt\/forehead-t-innov2learn\/#primaryimage"},"thumbnailUrl":"https:\/\/lifesupportdistribution.fr\/wp-content\/uploads\/2025\/11\/Photo-Front-t-1.jpg","datePublished":"2025-11-25T15:33:52+00:00","description":"Forehead-T Innov2Learn: p\u00e4dagogischer Simulator zum realistischen und pr\u00e4zisen \u00dcben der Stirntemperaturmessung.","breadcrumb":{"@id":"https:\/\/lifesupportdistribution.fr\/de\/produkt\/forehead-t-innov2learn\/#breadcrumb"},"inLanguage":"de","potentialAction":[{"@type":"ReadAction","target":["https:\/\/lifesupportdistribution.fr\/de\/produkt\/forehead-t-innov2learn\/"]}]},{"@type":"ImageObject","inLanguage":"de","@id":"https:\/\/lifesupportdistribution.fr\/de\/produkt\/forehead-t-innov2learn\/#primaryimage","url":"https:\/\/lifesupportdistribution.fr\/wp-content\/uploads\/2025\/11\/Photo-Front-t-1.jpg","contentUrl":"https:\/\/lifesupportdistribution.fr\/wp-content\/uploads\/2025\/11\/Photo-Front-t-1.jpg","width":1536,"height":1024},{"@type":"BreadcrumbList","@id":"https:\/\/lifesupportdistribution.fr\/de\/produkt\/forehead-t-innov2learn\/#breadcrumb","itemListElement":[{"@type":"ListItem","position":1,"name":"Accueil","item":"https:\/\/lifesupportdistribution.fr\/de\/startseite\/"},{"@type":"ListItem","position":2,"name":"Shop","item":"https:\/\/lifesupportdistribution.fr\/de\/shop\/"},{"@type":"ListItem","position":3,"name":"Forehead-T \u2013 Innov2Learn"}]},{"@type":"WebSite","@id":"https:\/\/lifesupportdistribution.fr\/de\/#website","url":"https:\/\/lifesupportdistribution.fr\/de\/","name":"Life Support Distribution","description":"Solutions en simulation m\u00e9dicale","publisher":{"@id":"https:\/\/lifesupportdistribution.fr\/de\/#organization"},"potentialAction":[{"@type":"SearchAction","target":{"@type":"EntryPoint","urlTemplate":"https:\/\/lifesupportdistribution.fr\/de\/?s={search_term_string}"},"query-input":{"@type":"PropertyValueSpecification","valueRequired":true,"valueName":"search_term_string"}}],"inLanguage":"de"},{"@type":"Organization","@id":"https:\/\/lifesupportdistribution.fr\/de\/#organization","name":"Life Support Distribution","url":"https:\/\/lifesupportdistribution.fr\/de\/","logo":{"@type":"ImageObject","inLanguage":"de","@id":"https:\/\/lifesupportdistribution.fr\/de\/#\/schema\/logo\/image\/","url":"https:\/\/lifesupportdistribution.fr\/wp-content\/uploads\/2025\/10\/logo-life-support-distribution.svg","contentUrl":"https:\/\/lifesupportdistribution.fr\/wp-content\/uploads\/2025\/10\/logo-life-support-distribution.svg","width":698,"height":223,"caption":"Life Support Distribution"},"image":{"@id":"https:\/\/lifesupportdistribution.fr\/de\/#\/schema\/logo\/image\/"},"sameAs":["https:\/\/www.linkedin.com\/company\/life-support-distribution\/"]}]}},"_links":{"self":[{"href":"https:\/\/lifesupportdistribution.fr\/de\/wp-json\/wp\/v2\/product\/5479","targetHints":{"allow":["GET"]}}],"collection":[{"href":"https:\/\/lifesupportdistribution.fr\/de\/wp-json\/wp\/v2\/product"}],"about":[{"href":"https:\/\/lifesupportdistribution.fr\/de\/wp-json\/wp\/v2\/types\/product"}],"wp:featuredmedia":[{"embeddable":true,"href":"https:\/\/lifesupportdistribution.fr\/de\/wp-json\/wp\/v2\/media\/1908"}],"wp:attachment":[{"href":"https:\/\/lifesupportdistribution.fr\/de\/wp-json\/wp\/v2\/media?parent=5479"}],"wp:term":[{"taxonomy":"product_brand","embeddable":true,"href":"https:\/\/lifesupportdistribution.fr\/de\/wp-json\/wp\/v2\/product_brand?post=5479"},{"taxonomy":"product_cat","embeddable":true,"href":"https:\/\/lifesupportdistribution.fr\/de\/wp-json\/wp\/v2\/product_cat?post=5479"},{"taxonomy":"product_tag","embeddable":true,"href":"https:\/\/lifesupportdistribution.fr\/de\/wp-json\/wp\/v2\/product_tag?post=5479"}],"curies":[{"name":"wp","href":"https:\/\/api.w.org\/{rel}","templated":true}]}}