{"id":5485,"date":"2025-11-25T16:04:39","date_gmt":"2025-11-25T15:04:39","guid":{"rendered":"https:\/\/lifesupportdistribution.fr\/produits\/kolorimetrischer-co%e2%82%82-detektionssimulator-innov2learn\/"},"modified":"2025-11-25T16:04:39","modified_gmt":"2025-11-25T15:04:39","slug":"kolorimetrischer-co%e2%82%82-detektionssimulator-innov2learn","status":"publish","type":"product","link":"https:\/\/lifesupportdistribution.fr\/de\/produkt\/kolorimetrischer-co%e2%82%82-detektionssimulator-innov2learn\/","title":{"rendered":"Kolorimetrischer CO\u2082-Detektionssimulator \u2013 Innov2Learn"},"content":{"rendered":"<p>Die Detektion von Kohlendioxid ist ein wesentlicher Schritt beim Atemwegsmanagement. Dieser innovative Simulator erm\u00f6glicht risikofreies \u00dcben beim Ablesen und Interpretieren der kolorimetrischen Ver\u00e4nderungen, die die korrekte Position des Endotrachealtubus anzeigen. <\/p>\n<p>Sowohl in der Erstausbildung als auch in der Weiterbildung eingesetzt, stellt er eine wertvolle Ressource dar, um die Sicherheit klinischer Praktiken zu erh\u00f6hen. Lernende k\u00f6nnen trainieren, visuelle Signale zu erkennen, die einer korrekten oder inkorrekten Beatmung entsprechen, wodurch ihre Reaktionsf\u00e4higkeit in realen Situationen verbessert wird. <\/p>\n<p>Dank seines robusten und kompakten Designs l\u00e4sst sich der Simulator leicht in praktische Workshops, High-Fidelity-Simulationssitzungen oder Kleingruppenkurse integrieren. Er erm\u00f6glicht es, Handgriffe so oft wie n\u00f6tig zu wiederholen, um Vertrauen und Kompetenz in einem sicheren Umfeld zu erlangen. <\/p>\n","protected":false},"excerpt":{"rendered":"<p>Der kolorimetrische CO\u2082-Detektionssimulator von Innov2Learn schult medizinisches Fachpersonal in der Best\u00e4tigung der Trachealintubation. Realistisch und einfach zu bedienen, bildet er die Farbvariation ab, die mit der Kohlendioxid-Detektion verbunden ist. Kompakt und robust, passt er sich allen p\u00e4dagogischen Umgebungen an, einschlie\u00dflich Simulationen in schwierigen Situationen wie au\u00dfergew\u00f6hnlichen Gesundheitslagen oder Dekontaminationsketten.  <\/p>\n","protected":false},"featured_media":1901,"template":"","meta":[],"product_brand":[199],"product_cat":[222],"product_tag":[237,238,252,245,236],"class_list":{"0":"post-5485","1":"product","2":"type-product","3":"status-publish","4":"has-post-thumbnail","6":"product_brand-innov2learn","7":"product_cat-simulatoren-fur-medizinische-versorgung","8":"product_tag-anasthesie","9":"product_tag-erste-hilfe","10":"product_tag-intensivmedizin","11":"product_tag-intensivpflege","12":"product_tag-notfallmedizin","14":"first","15":"instock","16":"shipping-taxable","17":"purchasable","18":"product-type-simple"},"yoast_head":"<!-- This site is optimized with the Yoast SEO plugin v26.8 - https:\/\/yoast.com\/product\/yoast-seo-wordpress\/ -->\n<title>CO\u2082-Trainer Innov2Learn \u2013 Kolorimetrischer Simulator<\/title>\n<meta name=\"description\" content=\"CO\u2082-Simulator Innov2Learn: Training der Intubationskontrolle mittels kolorimetrischer CO\u2082-Detektion, einfach und lehrreich.\" \/>\n<meta name=\"robots\" content=\"index, follow, max-snippet:-1, max-image-preview:large, max-video-preview:-1\" \/>\n<link rel=\"canonical\" href=\"https:\/\/lifesupportdistribution.fr\/de\/produkt\/kolorimetrischer-co%e2%82%82-detektionssimulator-innov2learn\/\" \/>\n<meta property=\"og:locale\" content=\"de_DE\" \/>\n<meta property=\"og:type\" content=\"article\" \/>\n<meta property=\"og:title\" content=\"CO\u2082-Trainer Innov2Learn \u2013 Kolorimetrischer Simulator\" \/>\n<meta property=\"og:description\" content=\"CO\u2082-Simulator Innov2Learn: Training der Intubationskontrolle mittels kolorimetrischer CO\u2082-Detektion, einfach und lehrreich.\" \/>\n<meta property=\"og:url\" content=\"https:\/\/lifesupportdistribution.fr\/de\/produkt\/kolorimetrischer-co%e2%82%82-detektionssimulator-innov2learn\/\" \/>\n<meta property=\"og:site_name\" content=\"Life Support Distribution\" \/>\n<meta property=\"og:image\" content=\"https:\/\/lifesupportdistribution.fr\/wp-content\/uploads\/2025\/11\/Photo-detecteur-CO2-1.jpg\" \/>\n\t<meta property=\"og:image:width\" content=\"1536\" \/>\n\t<meta property=\"og:image:height\" content=\"1024\" \/>\n\t<meta property=\"og:image:type\" content=\"image\/jpeg\" \/>\n<meta name=\"twitter:card\" content=\"summary_large_image\" \/>\n<meta name=\"twitter:label1\" content=\"Gesch\u00e4tzte Lesezeit\" \/>\n\t<meta name=\"twitter:data1\" content=\"1\u00a0Minute\" \/>\n<script type=\"application\/ld+json\" class=\"yoast-schema-graph\">{\"@context\":\"https:\/\/schema.org\",\"@graph\":[{\"@type\":\"WebPage\",\"@id\":\"https:\/\/lifesupportdistribution.fr\/de\/produkt\/kolorimetrischer-co%e2%82%82-detektionssimulator-innov2learn\/\",\"url\":\"https:\/\/lifesupportdistribution.fr\/de\/produkt\/kolorimetrischer-co%e2%82%82-detektionssimulator-innov2learn\/\",\"name\":\"CO\u2082-Trainer Innov2Learn \u2013 Kolorimetrischer Simulator\",\"isPartOf\":{\"@id\":\"https:\/\/lifesupportdistribution.fr\/de\/#website\"},\"primaryImageOfPage\":{\"@id\":\"https:\/\/lifesupportdistribution.fr\/de\/produkt\/kolorimetrischer-co%e2%82%82-detektionssimulator-innov2learn\/#primaryimage\"},\"image\":{\"@id\":\"https:\/\/lifesupportdistribution.fr\/de\/produkt\/kolorimetrischer-co%e2%82%82-detektionssimulator-innov2learn\/#primaryimage\"},\"thumbnailUrl\":\"https:\/\/lifesupportdistribution.fr\/wp-content\/uploads\/2025\/11\/Photo-detecteur-CO2-1.jpg\",\"datePublished\":\"2025-11-25T15:04:39+00:00\",\"description\":\"CO\u2082-Simulator Innov2Learn: Training der Intubationskontrolle mittels kolorimetrischer CO\u2082-Detektion, einfach und lehrreich.\",\"breadcrumb\":{\"@id\":\"https:\/\/lifesupportdistribution.fr\/de\/produkt\/kolorimetrischer-co%e2%82%82-detektionssimulator-innov2learn\/#breadcrumb\"},\"inLanguage\":\"de\",\"potentialAction\":[{\"@type\":\"ReadAction\",\"target\":[\"https:\/\/lifesupportdistribution.fr\/de\/produkt\/kolorimetrischer-co%e2%82%82-detektionssimulator-innov2learn\/\"]}]},{\"@type\":\"ImageObject\",\"inLanguage\":\"de\",\"@id\":\"https:\/\/lifesupportdistribution.fr\/de\/produkt\/kolorimetrischer-co%e2%82%82-detektionssimulator-innov2learn\/#primaryimage\",\"url\":\"https:\/\/lifesupportdistribution.fr\/wp-content\/uploads\/2025\/11\/Photo-detecteur-CO2-1.jpg\",\"contentUrl\":\"https:\/\/lifesupportdistribution.fr\/wp-content\/uploads\/2025\/11\/Photo-detecteur-CO2-1.jpg\",\"width\":1536,\"height\":1024},{\"@type\":\"BreadcrumbList\",\"@id\":\"https:\/\/lifesupportdistribution.fr\/de\/produkt\/kolorimetrischer-co%e2%82%82-detektionssimulator-innov2learn\/#breadcrumb\",\"itemListElement\":[{\"@type\":\"ListItem\",\"position\":1,\"name\":\"Accueil\",\"item\":\"https:\/\/lifesupportdistribution.fr\/de\/startseite\/\"},{\"@type\":\"ListItem\",\"position\":2,\"name\":\"Shop\",\"item\":\"https:\/\/lifesupportdistribution.fr\/de\/shop\/\"},{\"@type\":\"ListItem\",\"position\":3,\"name\":\"Kolorimetrischer CO\u2082-Detektionssimulator \u2013 Innov2Learn\"}]},{\"@type\":\"WebSite\",\"@id\":\"https:\/\/lifesupportdistribution.fr\/de\/#website\",\"url\":\"https:\/\/lifesupportdistribution.fr\/de\/\",\"name\":\"Life Support Distribution\",\"description\":\"Solutions en simulation m\u00e9dicale\",\"publisher\":{\"@id\":\"https:\/\/lifesupportdistribution.fr\/de\/#organization\"},\"potentialAction\":[{\"@type\":\"SearchAction\",\"target\":{\"@type\":\"EntryPoint\",\"urlTemplate\":\"https:\/\/lifesupportdistribution.fr\/de\/?s={search_term_string}\"},\"query-input\":{\"@type\":\"PropertyValueSpecification\",\"valueRequired\":true,\"valueName\":\"search_term_string\"}}],\"inLanguage\":\"de\"},{\"@type\":\"Organization\",\"@id\":\"https:\/\/lifesupportdistribution.fr\/de\/#organization\",\"name\":\"Life Support Distribution\",\"url\":\"https:\/\/lifesupportdistribution.fr\/de\/\",\"logo\":{\"@type\":\"ImageObject\",\"inLanguage\":\"de\",\"@id\":\"https:\/\/lifesupportdistribution.fr\/de\/#\/schema\/logo\/image\/\",\"url\":\"https:\/\/lifesupportdistribution.fr\/wp-content\/uploads\/2025\/10\/logo-life-support-distribution.svg\",\"contentUrl\":\"https:\/\/lifesupportdistribution.fr\/wp-content\/uploads\/2025\/10\/logo-life-support-distribution.svg\",\"width\":698,\"height\":223,\"caption\":\"Life Support Distribution\"},\"image\":{\"@id\":\"https:\/\/lifesupportdistribution.fr\/de\/#\/schema\/logo\/image\/\"},\"sameAs\":[\"https:\/\/www.linkedin.com\/company\/life-support-distribution\/\"]}]}<\/script>\n<!-- \/ Yoast SEO plugin. -->","yoast_head_json":{"title":"CO\u2082-Trainer Innov2Learn \u2013 Kolorimetrischer Simulator","description":"CO\u2082-Simulator Innov2Learn: Training der Intubationskontrolle mittels kolorimetrischer CO\u2082-Detektion, einfach und lehrreich.","robots":{"index":"index","follow":"follow","max-snippet":"max-snippet:-1","max-image-preview":"max-image-preview:large","max-video-preview":"max-video-preview:-1"},"canonical":"https:\/\/lifesupportdistribution.fr\/de\/produkt\/kolorimetrischer-co%e2%82%82-detektionssimulator-innov2learn\/","og_locale":"de_DE","og_type":"article","og_title":"CO\u2082-Trainer Innov2Learn \u2013 Kolorimetrischer Simulator","og_description":"CO\u2082-Simulator Innov2Learn: Training der Intubationskontrolle mittels kolorimetrischer CO\u2082-Detektion, einfach und lehrreich.","og_url":"https:\/\/lifesupportdistribution.fr\/de\/produkt\/kolorimetrischer-co%e2%82%82-detektionssimulator-innov2learn\/","og_site_name":"Life Support Distribution","og_image":[{"width":1536,"height":1024,"url":"https:\/\/lifesupportdistribution.fr\/wp-content\/uploads\/2025\/11\/Photo-detecteur-CO2-1.jpg","type":"image\/jpeg"}],"twitter_card":"summary_large_image","twitter_misc":{"Gesch\u00e4tzte Lesezeit":"1\u00a0Minute"},"schema":{"@context":"https:\/\/schema.org","@graph":[{"@type":"WebPage","@id":"https:\/\/lifesupportdistribution.fr\/de\/produkt\/kolorimetrischer-co%e2%82%82-detektionssimulator-innov2learn\/","url":"https:\/\/lifesupportdistribution.fr\/de\/produkt\/kolorimetrischer-co%e2%82%82-detektionssimulator-innov2learn\/","name":"CO\u2082-Trainer Innov2Learn \u2013 Kolorimetrischer Simulator","isPartOf":{"@id":"https:\/\/lifesupportdistribution.fr\/de\/#website"},"primaryImageOfPage":{"@id":"https:\/\/lifesupportdistribution.fr\/de\/produkt\/kolorimetrischer-co%e2%82%82-detektionssimulator-innov2learn\/#primaryimage"},"image":{"@id":"https:\/\/lifesupportdistribution.fr\/de\/produkt\/kolorimetrischer-co%e2%82%82-detektionssimulator-innov2learn\/#primaryimage"},"thumbnailUrl":"https:\/\/lifesupportdistribution.fr\/wp-content\/uploads\/2025\/11\/Photo-detecteur-CO2-1.jpg","datePublished":"2025-11-25T15:04:39+00:00","description":"CO\u2082-Simulator Innov2Learn: Training der Intubationskontrolle mittels kolorimetrischer CO\u2082-Detektion, einfach und lehrreich.","breadcrumb":{"@id":"https:\/\/lifesupportdistribution.fr\/de\/produkt\/kolorimetrischer-co%e2%82%82-detektionssimulator-innov2learn\/#breadcrumb"},"inLanguage":"de","potentialAction":[{"@type":"ReadAction","target":["https:\/\/lifesupportdistribution.fr\/de\/produkt\/kolorimetrischer-co%e2%82%82-detektionssimulator-innov2learn\/"]}]},{"@type":"ImageObject","inLanguage":"de","@id":"https:\/\/lifesupportdistribution.fr\/de\/produkt\/kolorimetrischer-co%e2%82%82-detektionssimulator-innov2learn\/#primaryimage","url":"https:\/\/lifesupportdistribution.fr\/wp-content\/uploads\/2025\/11\/Photo-detecteur-CO2-1.jpg","contentUrl":"https:\/\/lifesupportdistribution.fr\/wp-content\/uploads\/2025\/11\/Photo-detecteur-CO2-1.jpg","width":1536,"height":1024},{"@type":"BreadcrumbList","@id":"https:\/\/lifesupportdistribution.fr\/de\/produkt\/kolorimetrischer-co%e2%82%82-detektionssimulator-innov2learn\/#breadcrumb","itemListElement":[{"@type":"ListItem","position":1,"name":"Accueil","item":"https:\/\/lifesupportdistribution.fr\/de\/startseite\/"},{"@type":"ListItem","position":2,"name":"Shop","item":"https:\/\/lifesupportdistribution.fr\/de\/shop\/"},{"@type":"ListItem","position":3,"name":"Kolorimetrischer CO\u2082-Detektionssimulator \u2013 Innov2Learn"}]},{"@type":"WebSite","@id":"https:\/\/lifesupportdistribution.fr\/de\/#website","url":"https:\/\/lifesupportdistribution.fr\/de\/","name":"Life Support Distribution","description":"Solutions en simulation m\u00e9dicale","publisher":{"@id":"https:\/\/lifesupportdistribution.fr\/de\/#organization"},"potentialAction":[{"@type":"SearchAction","target":{"@type":"EntryPoint","urlTemplate":"https:\/\/lifesupportdistribution.fr\/de\/?s={search_term_string}"},"query-input":{"@type":"PropertyValueSpecification","valueRequired":true,"valueName":"search_term_string"}}],"inLanguage":"de"},{"@type":"Organization","@id":"https:\/\/lifesupportdistribution.fr\/de\/#organization","name":"Life Support Distribution","url":"https:\/\/lifesupportdistribution.fr\/de\/","logo":{"@type":"ImageObject","inLanguage":"de","@id":"https:\/\/lifesupportdistribution.fr\/de\/#\/schema\/logo\/image\/","url":"https:\/\/lifesupportdistribution.fr\/wp-content\/uploads\/2025\/10\/logo-life-support-distribution.svg","contentUrl":"https:\/\/lifesupportdistribution.fr\/wp-content\/uploads\/2025\/10\/logo-life-support-distribution.svg","width":698,"height":223,"caption":"Life Support Distribution"},"image":{"@id":"https:\/\/lifesupportdistribution.fr\/de\/#\/schema\/logo\/image\/"},"sameAs":["https:\/\/www.linkedin.com\/company\/life-support-distribution\/"]}]}},"_links":{"self":[{"href":"https:\/\/lifesupportdistribution.fr\/de\/wp-json\/wp\/v2\/product\/5485","targetHints":{"allow":["GET"]}}],"collection":[{"href":"https:\/\/lifesupportdistribution.fr\/de\/wp-json\/wp\/v2\/product"}],"about":[{"href":"https:\/\/lifesupportdistribution.fr\/de\/wp-json\/wp\/v2\/types\/product"}],"wp:featuredmedia":[{"embeddable":true,"href":"https:\/\/lifesupportdistribution.fr\/de\/wp-json\/wp\/v2\/media\/1901"}],"wp:attachment":[{"href":"https:\/\/lifesupportdistribution.fr\/de\/wp-json\/wp\/v2\/media?parent=5485"}],"wp:term":[{"taxonomy":"product_brand","embeddable":true,"href":"https:\/\/lifesupportdistribution.fr\/de\/wp-json\/wp\/v2\/product_brand?post=5485"},{"taxonomy":"product_cat","embeddable":true,"href":"https:\/\/lifesupportdistribution.fr\/de\/wp-json\/wp\/v2\/product_cat?post=5485"},{"taxonomy":"product_tag","embeddable":true,"href":"https:\/\/lifesupportdistribution.fr\/de\/wp-json\/wp\/v2\/product_tag?post=5485"}],"curies":[{"name":"wp","href":"https:\/\/api.w.org\/{rel}","templated":true}]}}