{"id":5488,"date":"2025-11-25T22:05:12","date_gmt":"2025-11-25T21:05:12","guid":{"rendered":"https:\/\/lifesupportdistribution.fr\/produits\/oxi-innov2learn\/"},"modified":"2025-11-25T22:05:12","modified_gmt":"2025-11-25T21:05:12","slug":"oxi-innov2learn","status":"publish","type":"product","link":"https:\/\/lifesupportdistribution.fr\/de\/produkt\/oxi-innov2learn\/","title":{"rendered":"OXI \u2013 Innov2Learn"},"content":{"rendered":"<p>Der OXI von Innov2Learn ist speziell entwickelt, um die Verwendung eines Pulsoximeters in einem p\u00e4dagogischen Kontext zu simulieren. Er erm\u00f6glicht die Reproduktion verschiedener SpO\u2082- und Herzfrequenzwerte, wodurch das Training in der Interpretation vitaler Parameter und der klinischen Entscheidungsfindung erm\u00f6glicht wird. <\/p>\n<p>Dieses Tool f\u00f6rdert den Erwerb wesentlicher Reflexe in der Krankenpflege, Medizin, An\u00e4sthesie und Notfallmedizin. Lernende k\u00f6nnen so die physiologische \u00dcberwachung sicher und wiederholt trainieren. <\/p>\n<p>Kompakt, leicht und einfach zu transportieren, passt sich der OXI-Simulator perfekt an verschiedene Ausbildungsumgebungen an: H\u00f6rs\u00e4le, praktische Workshops, Simulationszentren. Seine Robustheit und Zuverl\u00e4ssigkeit erm\u00f6glichen einen intensiven Einsatz und gew\u00e4hrleisten ein nachhaltiges und effektives Lernen. <\/p>\n","protected":false},"excerpt":{"rendered":"<p>Der OXI von Innov2Learn ist ein p\u00e4dagogischer Simulator, der zum Erlernen der Messung von Sauerstoffs\u00e4ttigung und Herzfrequenz mittels Pulsoximeter entwickelt wurde. Einfach, robust und realistisch, erm\u00f6glicht er Studierenden und medizinischem Fachpersonal, die Anwendung der Oxymetrie in einem praktischen und sicheren Umfeld ohne reale Patienten zu \u00fcben. <\/p>\n","protected":false},"featured_media":6685,"template":"","meta":[],"product_brand":[199],"product_cat":[222],"product_tag":[230,237,252,245,251,236],"class_list":{"0":"post-5488","1":"product","2":"type-product","3":"status-publish","4":"has-post-thumbnail","6":"product_brand-innov2learn","7":"product_cat-simulatoren-fur-medizinische-versorgung","8":"product_tag-allgemeinmedizin","9":"product_tag-anasthesie","10":"product_tag-intensivmedizin","11":"product_tag-intensivpflege","12":"product_tag-krankenpflege","13":"product_tag-notfallmedizin","15":"first","16":"instock","17":"shipping-taxable","18":"purchasable","19":"product-type-simple"},"yoast_head":"<!-- This site is optimized with the Yoast SEO plugin v26.8 - https:\/\/yoast.com\/product\/yoast-seo-wordpress\/ -->\n<title>OXI Innov2Learn \u2013 Pulsoximetrie-Simulator<\/title>\n<meta name=\"description\" content=\"OXI Innov2Learn: P\u00e4dagogischer Simulator zum Erlernen der Sauerstoffs\u00e4ttigungsmessung und der Ablesung von Oxymetrie-Parametern.\" \/>\n<meta name=\"robots\" content=\"index, follow, max-snippet:-1, max-image-preview:large, max-video-preview:-1\" \/>\n<link rel=\"canonical\" href=\"https:\/\/lifesupportdistribution.fr\/de\/produkt\/oxi-innov2learn\/\" \/>\n<meta property=\"og:locale\" content=\"de_DE\" \/>\n<meta property=\"og:type\" content=\"article\" \/>\n<meta property=\"og:title\" content=\"OXI Innov2Learn \u2013 Pulsoximetrie-Simulator\" \/>\n<meta property=\"og:description\" content=\"OXI Innov2Learn: P\u00e4dagogischer Simulator zum Erlernen der Sauerstoffs\u00e4ttigungsmessung und der Ablesung von Oxymetrie-Parametern.\" \/>\n<meta property=\"og:url\" content=\"https:\/\/lifesupportdistribution.fr\/de\/produkt\/oxi-innov2learn\/\" \/>\n<meta property=\"og:site_name\" content=\"Life Support Distribution\" \/>\n<meta property=\"og:image\" content=\"https:\/\/lifesupportdistribution.fr\/wp-content\/uploads\/2025\/11\/Photo-Oxy-1.jpg\" \/>\n\t<meta property=\"og:image:width\" content=\"1536\" \/>\n\t<meta property=\"og:image:height\" content=\"1024\" \/>\n\t<meta property=\"og:image:type\" content=\"image\/jpeg\" \/>\n<meta name=\"twitter:card\" content=\"summary_large_image\" \/>\n<meta name=\"twitter:label1\" content=\"Gesch\u00e4tzte Lesezeit\" \/>\n\t<meta name=\"twitter:data1\" content=\"1\u00a0Minute\" \/>\n<script type=\"application\/ld+json\" class=\"yoast-schema-graph\">{\"@context\":\"https:\/\/schema.org\",\"@graph\":[{\"@type\":\"WebPage\",\"@id\":\"https:\/\/lifesupportdistribution.fr\/de\/produkt\/oxi-innov2learn\/\",\"url\":\"https:\/\/lifesupportdistribution.fr\/de\/produkt\/oxi-innov2learn\/\",\"name\":\"OXI Innov2Learn \u2013 Pulsoximetrie-Simulator\",\"isPartOf\":{\"@id\":\"https:\/\/lifesupportdistribution.fr\/de\/#website\"},\"primaryImageOfPage\":{\"@id\":\"https:\/\/lifesupportdistribution.fr\/de\/produkt\/oxi-innov2learn\/#primaryimage\"},\"image\":{\"@id\":\"https:\/\/lifesupportdistribution.fr\/de\/produkt\/oxi-innov2learn\/#primaryimage\"},\"thumbnailUrl\":\"https:\/\/lifesupportdistribution.fr\/wp-content\/uploads\/2025\/11\/Image-Oxi-1--scaled.jpg\",\"datePublished\":\"2025-11-25T21:05:12+00:00\",\"description\":\"OXI Innov2Learn: P\u00e4dagogischer Simulator zum Erlernen der Sauerstoffs\u00e4ttigungsmessung und der Ablesung von Oxymetrie-Parametern.\",\"breadcrumb\":{\"@id\":\"https:\/\/lifesupportdistribution.fr\/de\/produkt\/oxi-innov2learn\/#breadcrumb\"},\"inLanguage\":\"de\",\"potentialAction\":[{\"@type\":\"ReadAction\",\"target\":[\"https:\/\/lifesupportdistribution.fr\/de\/produkt\/oxi-innov2learn\/\"]}]},{\"@type\":\"ImageObject\",\"inLanguage\":\"de\",\"@id\":\"https:\/\/lifesupportdistribution.fr\/de\/produkt\/oxi-innov2learn\/#primaryimage\",\"url\":\"https:\/\/lifesupportdistribution.fr\/wp-content\/uploads\/2025\/11\/Image-Oxi-1--scaled.jpg\",\"contentUrl\":\"https:\/\/lifesupportdistribution.fr\/wp-content\/uploads\/2025\/11\/Image-Oxi-1--scaled.jpg\",\"width\":2560,\"height\":1706},{\"@type\":\"BreadcrumbList\",\"@id\":\"https:\/\/lifesupportdistribution.fr\/de\/produkt\/oxi-innov2learn\/#breadcrumb\",\"itemListElement\":[{\"@type\":\"ListItem\",\"position\":1,\"name\":\"Accueil\",\"item\":\"https:\/\/lifesupportdistribution.fr\/de\/startseite\/\"},{\"@type\":\"ListItem\",\"position\":2,\"name\":\"Shop\",\"item\":\"https:\/\/lifesupportdistribution.fr\/de\/shop\/\"},{\"@type\":\"ListItem\",\"position\":3,\"name\":\"OXI \u2013 Innov2Learn\"}]},{\"@type\":\"WebSite\",\"@id\":\"https:\/\/lifesupportdistribution.fr\/de\/#website\",\"url\":\"https:\/\/lifesupportdistribution.fr\/de\/\",\"name\":\"Life Support Distribution\",\"description\":\"Solutions en simulation m\u00e9dicale\",\"publisher\":{\"@id\":\"https:\/\/lifesupportdistribution.fr\/de\/#organization\"},\"potentialAction\":[{\"@type\":\"SearchAction\",\"target\":{\"@type\":\"EntryPoint\",\"urlTemplate\":\"https:\/\/lifesupportdistribution.fr\/de\/?s={search_term_string}\"},\"query-input\":{\"@type\":\"PropertyValueSpecification\",\"valueRequired\":true,\"valueName\":\"search_term_string\"}}],\"inLanguage\":\"de\"},{\"@type\":\"Organization\",\"@id\":\"https:\/\/lifesupportdistribution.fr\/de\/#organization\",\"name\":\"Life Support Distribution\",\"url\":\"https:\/\/lifesupportdistribution.fr\/de\/\",\"logo\":{\"@type\":\"ImageObject\",\"inLanguage\":\"de\",\"@id\":\"https:\/\/lifesupportdistribution.fr\/de\/#\/schema\/logo\/image\/\",\"url\":\"https:\/\/lifesupportdistribution.fr\/wp-content\/uploads\/2025\/10\/logo-life-support-distribution.svg\",\"contentUrl\":\"https:\/\/lifesupportdistribution.fr\/wp-content\/uploads\/2025\/10\/logo-life-support-distribution.svg\",\"width\":698,\"height\":223,\"caption\":\"Life Support Distribution\"},\"image\":{\"@id\":\"https:\/\/lifesupportdistribution.fr\/de\/#\/schema\/logo\/image\/\"},\"sameAs\":[\"https:\/\/www.linkedin.com\/company\/life-support-distribution\/\"]}]}<\/script>\n<!-- \/ Yoast SEO plugin. -->","yoast_head_json":{"title":"OXI Innov2Learn \u2013 Pulsoximetrie-Simulator","description":"OXI Innov2Learn: P\u00e4dagogischer Simulator zum Erlernen der Sauerstoffs\u00e4ttigungsmessung und der Ablesung von Oxymetrie-Parametern.","robots":{"index":"index","follow":"follow","max-snippet":"max-snippet:-1","max-image-preview":"max-image-preview:large","max-video-preview":"max-video-preview:-1"},"canonical":"https:\/\/lifesupportdistribution.fr\/de\/produkt\/oxi-innov2learn\/","og_locale":"de_DE","og_type":"article","og_title":"OXI Innov2Learn \u2013 Pulsoximetrie-Simulator","og_description":"OXI Innov2Learn: P\u00e4dagogischer Simulator zum Erlernen der Sauerstoffs\u00e4ttigungsmessung und der Ablesung von Oxymetrie-Parametern.","og_url":"https:\/\/lifesupportdistribution.fr\/de\/produkt\/oxi-innov2learn\/","og_site_name":"Life Support Distribution","og_image":[{"width":1536,"height":1024,"url":"https:\/\/lifesupportdistribution.fr\/wp-content\/uploads\/2025\/11\/Photo-Oxy-1.jpg","type":"image\/jpeg"}],"twitter_card":"summary_large_image","twitter_misc":{"Gesch\u00e4tzte Lesezeit":"1\u00a0Minute"},"schema":{"@context":"https:\/\/schema.org","@graph":[{"@type":"WebPage","@id":"https:\/\/lifesupportdistribution.fr\/de\/produkt\/oxi-innov2learn\/","url":"https:\/\/lifesupportdistribution.fr\/de\/produkt\/oxi-innov2learn\/","name":"OXI Innov2Learn \u2013 Pulsoximetrie-Simulator","isPartOf":{"@id":"https:\/\/lifesupportdistribution.fr\/de\/#website"},"primaryImageOfPage":{"@id":"https:\/\/lifesupportdistribution.fr\/de\/produkt\/oxi-innov2learn\/#primaryimage"},"image":{"@id":"https:\/\/lifesupportdistribution.fr\/de\/produkt\/oxi-innov2learn\/#primaryimage"},"thumbnailUrl":"https:\/\/lifesupportdistribution.fr\/wp-content\/uploads\/2025\/11\/Image-Oxi-1--scaled.jpg","datePublished":"2025-11-25T21:05:12+00:00","description":"OXI Innov2Learn: P\u00e4dagogischer Simulator zum Erlernen der Sauerstoffs\u00e4ttigungsmessung und der Ablesung von Oxymetrie-Parametern.","breadcrumb":{"@id":"https:\/\/lifesupportdistribution.fr\/de\/produkt\/oxi-innov2learn\/#breadcrumb"},"inLanguage":"de","potentialAction":[{"@type":"ReadAction","target":["https:\/\/lifesupportdistribution.fr\/de\/produkt\/oxi-innov2learn\/"]}]},{"@type":"ImageObject","inLanguage":"de","@id":"https:\/\/lifesupportdistribution.fr\/de\/produkt\/oxi-innov2learn\/#primaryimage","url":"https:\/\/lifesupportdistribution.fr\/wp-content\/uploads\/2025\/11\/Image-Oxi-1--scaled.jpg","contentUrl":"https:\/\/lifesupportdistribution.fr\/wp-content\/uploads\/2025\/11\/Image-Oxi-1--scaled.jpg","width":2560,"height":1706},{"@type":"BreadcrumbList","@id":"https:\/\/lifesupportdistribution.fr\/de\/produkt\/oxi-innov2learn\/#breadcrumb","itemListElement":[{"@type":"ListItem","position":1,"name":"Accueil","item":"https:\/\/lifesupportdistribution.fr\/de\/startseite\/"},{"@type":"ListItem","position":2,"name":"Shop","item":"https:\/\/lifesupportdistribution.fr\/de\/shop\/"},{"@type":"ListItem","position":3,"name":"OXI \u2013 Innov2Learn"}]},{"@type":"WebSite","@id":"https:\/\/lifesupportdistribution.fr\/de\/#website","url":"https:\/\/lifesupportdistribution.fr\/de\/","name":"Life Support Distribution","description":"Solutions en simulation m\u00e9dicale","publisher":{"@id":"https:\/\/lifesupportdistribution.fr\/de\/#organization"},"potentialAction":[{"@type":"SearchAction","target":{"@type":"EntryPoint","urlTemplate":"https:\/\/lifesupportdistribution.fr\/de\/?s={search_term_string}"},"query-input":{"@type":"PropertyValueSpecification","valueRequired":true,"valueName":"search_term_string"}}],"inLanguage":"de"},{"@type":"Organization","@id":"https:\/\/lifesupportdistribution.fr\/de\/#organization","name":"Life Support Distribution","url":"https:\/\/lifesupportdistribution.fr\/de\/","logo":{"@type":"ImageObject","inLanguage":"de","@id":"https:\/\/lifesupportdistribution.fr\/de\/#\/schema\/logo\/image\/","url":"https:\/\/lifesupportdistribution.fr\/wp-content\/uploads\/2025\/10\/logo-life-support-distribution.svg","contentUrl":"https:\/\/lifesupportdistribution.fr\/wp-content\/uploads\/2025\/10\/logo-life-support-distribution.svg","width":698,"height":223,"caption":"Life Support Distribution"},"image":{"@id":"https:\/\/lifesupportdistribution.fr\/de\/#\/schema\/logo\/image\/"},"sameAs":["https:\/\/www.linkedin.com\/company\/life-support-distribution\/"]}]}},"_links":{"self":[{"href":"https:\/\/lifesupportdistribution.fr\/de\/wp-json\/wp\/v2\/product\/5488","targetHints":{"allow":["GET"]}}],"collection":[{"href":"https:\/\/lifesupportdistribution.fr\/de\/wp-json\/wp\/v2\/product"}],"about":[{"href":"https:\/\/lifesupportdistribution.fr\/de\/wp-json\/wp\/v2\/types\/product"}],"wp:featuredmedia":[{"embeddable":true,"href":"https:\/\/lifesupportdistribution.fr\/de\/wp-json\/wp\/v2\/media\/6685"}],"wp:attachment":[{"href":"https:\/\/lifesupportdistribution.fr\/de\/wp-json\/wp\/v2\/media?parent=5488"}],"wp:term":[{"taxonomy":"product_brand","embeddable":true,"href":"https:\/\/lifesupportdistribution.fr\/de\/wp-json\/wp\/v2\/product_brand?post=5488"},{"taxonomy":"product_cat","embeddable":true,"href":"https:\/\/lifesupportdistribution.fr\/de\/wp-json\/wp\/v2\/product_cat?post=5488"},{"taxonomy":"product_tag","embeddable":true,"href":"https:\/\/lifesupportdistribution.fr\/de\/wp-json\/wp\/v2\/product_tag?post=5488"}],"curies":[{"name":"wp","href":"https:\/\/api.w.org\/{rel}","templated":true}]}}